{"id":11594,"date":"2024-02-06T17:05:54","date_gmt":"2024-02-06T16:05:54","guid":{"rendered":"https:\/\/interkultur.fr\/?post_type=product&#038;p=11594"},"modified":"2025-02-06T00:20:05","modified_gmt":"2025-02-05T23:20:05","slug":"jewish-marais","status":"publish","type":"product","link":"https:\/\/interkultur.fr\/en\/produit\/jewish-marais\/","title":{"rendered":"Jewish Marais"},"content":{"rendered":"<h3>Jewish Marais<\/h3>\n<p>Practical Informations<br \/>\n\u2022 Meeting Point: M\u00e9tro Saint Paul (line 1)<br \/>\n\u2022 Duration : 2h<br \/>\n\u2022 Walk<br \/>\n\u2022 <strong>Private tour<\/strong> at any date (300\u20ac\/group)<br \/>\n\u2022 <strong>Synagogue entry fee: 6\u20ac\/person<\/strong><\/p>\n<p>&nbsp;<\/p>\n<p style=\"text-align: justify;\">The Marais maintains a vibrant, although shrinking, Jewish presence. Known for its Sunday shopping, narrow cobble-stone streets, fallafel and Middle Eastern restaurants and pastry shops, the Marais is a <strong>unique<\/strong> neighborhood that celebrates its diversity.<\/p>\n<p><a href=\"https:\/\/interkultur.fr\/wp-content\/uploads\/2025\/02\/Synagogue-facade-scaled.jpg\" rel=\"attachment wp-att-11599\"><img decoding=\"async\" class=\"alignleft wp-image-11599 size-thumbnail\" src=\"https:\/\/interkultur.fr\/wp-content\/uploads\/2025\/02\/Synagogue-facade-150x150.jpg\" alt=\"\" width=\"150\" height=\"150\" srcset=\"https:\/\/interkultur.fr\/wp-content\/uploads\/2025\/02\/Synagogue-facade-66x66.jpg 66w, https:\/\/interkultur.fr\/wp-content\/uploads\/2025\/02\/Synagogue-facade-150x150.jpg 150w, https:\/\/interkultur.fr\/wp-content\/uploads\/2025\/02\/Synagogue-facade-200x200.jpg 200w, https:\/\/interkultur.fr\/wp-content\/uploads\/2025\/02\/Synagogue-facade-500x500.jpg 500w\" sizes=\"(max-width: 150px) 100vw, 150px\" \/><\/a>One needs only to walk the streets of Rue des Rosier and Rue Pav\u00e9e (famous as the first paved road in Paris) to experience the <strong>active Jewish community<\/strong>. Even though many Jews now live in other parts of Paris, the Jewish Marais is still at the center of the community.<br \/>\nJewish history in France stretches back more than 2,000 years. Between exactions and mere tolerance throughout Medieval times, the Jews were exiled at the end of the 14th century.<\/p>\n<p><strong>The French Revolution<\/strong> is a turning point, giving the Jews for the first time in the world, full citizenship and rights. The nineteenth century is a century of <strong>expansion<\/strong> for the community with a <strong>Jewish elite<\/strong> emerging. &#8220;Happy like a Jew in France&#8221; becomes a common saying.<br \/>\nDespite tragedies the Jewish community of France remains the<strong> third largest in the world<\/strong>.<\/p>\n<p style=\"text-align: justify;\"><strong><a href=\"https:\/\/interkultur.fr\/wp-content\/uploads\/2023\/12\/visite-marais-juif-3.jpg\"><img decoding=\"async\" class=\"alignleft wp-image-4081 size-thumbnail\" src=\"https:\/\/interkultur.fr\/wp-content\/uploads\/2023\/12\/visite-marais-juif-3-150x150.jpg\" alt=\"\" width=\"150\" height=\"150\" srcset=\"https:\/\/interkultur.fr\/wp-content\/uploads\/2023\/12\/visite-marais-juif-3-66x66.jpg 66w, https:\/\/interkultur.fr\/wp-content\/uploads\/2023\/12\/visite-marais-juif-3-150x150.jpg 150w, https:\/\/interkultur.fr\/wp-content\/uploads\/2023\/12\/visite-marais-juif-3-200x200.jpg 200w, https:\/\/interkultur.fr\/wp-content\/uploads\/2023\/12\/visite-marais-juif-3.jpg 300w\" sizes=\"(max-width: 150px) 100vw, 150px\" \/><\/a>Gentrification<\/strong> and rising rents in the Marais have had a significant impact. During the past 2 years, a number of &#8220;mom and pop&#8221; Jewish grocery stores, religious shops and delicatessens have been converted to <strong>high-fashion boutiques<\/strong>, bars and restaurants. Although inevitable, it has resulted in local tension and changed the complexion of the neighborhood.<br \/>\nFortunately, the City of Paris keeps an eye and refrains from drastic and unmitigated commercialism.<\/p>\n<p>New<strong> Jewish restaurants<\/strong> have opened in recent years. The tour will show other places, a bit hidden from the tourist eye. Many symbols of a vibrant community.<br \/>\nHence, the Jewish traditions continue to prosper and evolve.<\/p>\n","protected":false},"excerpt":{"rendered":"<p>The <strong>historic Jewish quarter<\/strong> is found in the charming preserved district of the Marais especially around the rue des Rosiers. The walk brings to life the <strong>fascinating history<\/strong> of the Jewish population that has lived in France for more than 2000 years. In between persecutions and forced exiles, there have been periods that have consecrated the Jewish community as one of the most important and active in culture, politics, and business.<br \/>\nThe tour presents places that often go unrecognized, from <strong>large synagogues<\/strong> to small <strong>hidden oratories<\/strong>, <strong>private mansions<\/strong>, <strong>typical streets<\/strong> and, of course, <strong>places of remembrance<\/strong>, followed by a reflection on the <strong>current status<\/strong> of the French Jewish community.<\/p>\n","protected":false},"featured_media":4091,"template":"","meta":{"_price":"","_stock":"","_tribe_ticket_header":"","_tribe_default_ticket_provider":"","_tribe_ticket_capacity":"0","_ticket_start_date":"","_ticket_end_date":"","_tribe_ticket_show_description":"","_tribe_ticket_show_not_going":false,"_tribe_ticket_use_global_stock":"","_tribe_ticket_global_stock_level":"","_global_stock_mode":"","_global_stock_cap":"","_tribe_rsvp_for_event":"","_tribe_ticket_going_count":"","_tribe_ticket_not_going_count":"","_tribe_tickets_list":"[]","_tribe_ticket_has_attendee_info_fields":false,"_tec_slr_enabled":"","_tec_slr_layout":""},"product_brand":[],"product_cat":[143],"product_tag":[],"class_list":{"0":"post-11594","1":"product","2":"type-product","3":"status-publish","4":"has-post-thumbnail","6":"product_cat-visit-paris","8":"first","9":"instock","10":"featured","11":"virtual","12":"product-type-simple"},"yoast_head":"<!-- This site is optimized with the Yoast SEO plugin v27.4 - https:\/\/yoast.com\/product\/yoast-seo-wordpress\/ -->\n<title>Jewish Marais - Interkultur<\/title>\n<meta name=\"description\" content=\"The Jewish Marais is the traditional district were Jews have first settled in Paris with shops, restaurants, synagogues and traditions\" \/>\n<meta name=\"robots\" content=\"index, follow, max-snippet:-1, max-image-preview:large, max-video-preview:-1\" \/>\n<link rel=\"canonical\" href=\"https:\/\/interkultur.fr\/en\/produit\/jewish-marais\/\" \/>\n<meta property=\"og:locale\" content=\"en_US\" \/>\n<meta property=\"og:type\" content=\"article\" \/>\n<meta property=\"og:title\" content=\"Jewish Marais - Interkultur\" \/>\n<meta property=\"og:description\" content=\"The Jewish Marais is the traditional district were Jews have first settled in Paris with shops, restaurants, synagogues and traditions\" \/>\n<meta property=\"og:url\" content=\"https:\/\/interkultur.fr\/en\/produit\/jewish-marais\/\" \/>\n<meta property=\"og:site_name\" content=\"Interkultur\" \/>\n<meta property=\"article:modified_time\" content=\"2025-02-05T23:20:05+00:00\" \/>\n<meta property=\"og:image\" content=\"https:\/\/interkultur.fr\/wp-content\/uploads\/2024\/02\/Jewish-Marais-scaled.jpg\" \/>\n\t<meta property=\"og:image:width\" content=\"1920\" \/>\n\t<meta property=\"og:image:height\" content=\"2560\" \/>\n\t<meta property=\"og:image:type\" content=\"image\/jpeg\" \/>\n<meta name=\"twitter:card\" content=\"summary_large_image\" \/>\n<script type=\"application\/ld+json\" class=\"yoast-schema-graph\">{\"@context\":\"https:\\\/\\\/schema.org\",\"@graph\":[{\"@type\":\"WebPage\",\"@id\":\"https:\\\/\\\/interkultur.fr\\\/en\\\/produit\\\/jewish-marais\\\/\",\"url\":\"https:\\\/\\\/interkultur.fr\\\/en\\\/produit\\\/jewish-marais\\\/\",\"name\":\"Jewish Marais - Interkultur\",\"isPartOf\":{\"@id\":\"https:\\\/\\\/interkultur.fr\\\/en\\\/#website\"},\"primaryImageOfPage\":{\"@id\":\"https:\\\/\\\/interkultur.fr\\\/en\\\/produit\\\/jewish-marais\\\/#primaryimage\"},\"image\":{\"@id\":\"https:\\\/\\\/interkultur.fr\\\/en\\\/produit\\\/jewish-marais\\\/#primaryimage\"},\"thumbnailUrl\":\"https:\\\/\\\/interkultur.fr\\\/wp-content\\\/uploads\\\/2023\\\/12\\\/oratoire-Fleichman.webp\",\"datePublished\":\"2024-02-06T16:05:54+00:00\",\"dateModified\":\"2025-02-05T23:20:05+00:00\",\"description\":\"The Jewish Marais is the traditional district were Jews have first settled in Paris with shops, restaurants, synagogues and traditions\",\"breadcrumb\":{\"@id\":\"https:\\\/\\\/interkultur.fr\\\/en\\\/produit\\\/jewish-marais\\\/#breadcrumb\"},\"inLanguage\":\"en-US\",\"potentialAction\":[{\"@type\":\"ReadAction\",\"target\":[\"https:\\\/\\\/interkultur.fr\\\/en\\\/produit\\\/jewish-marais\\\/\"]}]},{\"@type\":\"ImageObject\",\"inLanguage\":\"en-US\",\"@id\":\"https:\\\/\\\/interkultur.fr\\\/en\\\/produit\\\/jewish-marais\\\/#primaryimage\",\"url\":\"https:\\\/\\\/interkultur.fr\\\/wp-content\\\/uploads\\\/2023\\\/12\\\/oratoire-Fleichman.webp\",\"contentUrl\":\"https:\\\/\\\/interkultur.fr\\\/wp-content\\\/uploads\\\/2023\\\/12\\\/oratoire-Fleichman.webp\",\"width\":750,\"height\":497},{\"@type\":\"BreadcrumbList\",\"@id\":\"https:\\\/\\\/interkultur.fr\\\/en\\\/produit\\\/jewish-marais\\\/#breadcrumb\",\"itemListElement\":[{\"@type\":\"ListItem\",\"position\":1,\"name\":\"Accueil\",\"item\":\"https:\\\/\\\/interkultur.fr\\\/en\\\/\"},{\"@type\":\"ListItem\",\"position\":2,\"name\":\"Shop\",\"item\":\"https:\\\/\\\/interkultur.fr\\\/en\\\/shop\\\/\"},{\"@type\":\"ListItem\",\"position\":3,\"name\":\"Jewish Marais\"}]},{\"@type\":\"WebSite\",\"@id\":\"https:\\\/\\\/interkultur.fr\\\/en\\\/#website\",\"url\":\"https:\\\/\\\/interkultur.fr\\\/en\\\/\",\"name\":\"Interkultur\",\"description\":\"Visites et \u00e9v\u00e9nements culturels dans le Paris secret li\u00e9s \u00e0 l\u2019Histoire, l\u2019art, et la valorisation du patrimoine et des savoirs faire.\",\"potentialAction\":[{\"@type\":\"SearchAction\",\"target\":{\"@type\":\"EntryPoint\",\"urlTemplate\":\"https:\\\/\\\/interkultur.fr\\\/en\\\/?s={search_term_string}\"},\"query-input\":{\"@type\":\"PropertyValueSpecification\",\"valueRequired\":true,\"valueName\":\"search_term_string\"}}],\"inLanguage\":\"en-US\"}]}<\/script>\n<!-- \/ Yoast SEO plugin. -->","yoast_head_json":{"title":"Jewish Marais - Interkultur","description":"The Jewish Marais is the traditional district were Jews have first settled in Paris with shops, restaurants, synagogues and traditions","robots":{"index":"index","follow":"follow","max-snippet":"max-snippet:-1","max-image-preview":"max-image-preview:large","max-video-preview":"max-video-preview:-1"},"canonical":"https:\/\/interkultur.fr\/en\/produit\/jewish-marais\/","og_locale":"en_US","og_type":"article","og_title":"Jewish Marais - Interkultur","og_description":"The Jewish Marais is the traditional district were Jews have first settled in Paris with shops, restaurants, synagogues and traditions","og_url":"https:\/\/interkultur.fr\/en\/produit\/jewish-marais\/","og_site_name":"Interkultur","article_modified_time":"2025-02-05T23:20:05+00:00","og_image":[{"width":1920,"height":2560,"url":"https:\/\/interkultur.fr\/wp-content\/uploads\/2024\/02\/Jewish-Marais-scaled.jpg","type":"image\/jpeg"}],"twitter_card":"summary_large_image","schema":{"@context":"https:\/\/schema.org","@graph":[{"@type":"WebPage","@id":"https:\/\/interkultur.fr\/en\/produit\/jewish-marais\/","url":"https:\/\/interkultur.fr\/en\/produit\/jewish-marais\/","name":"Jewish Marais - Interkultur","isPartOf":{"@id":"https:\/\/interkultur.fr\/en\/#website"},"primaryImageOfPage":{"@id":"https:\/\/interkultur.fr\/en\/produit\/jewish-marais\/#primaryimage"},"image":{"@id":"https:\/\/interkultur.fr\/en\/produit\/jewish-marais\/#primaryimage"},"thumbnailUrl":"https:\/\/interkultur.fr\/wp-content\/uploads\/2023\/12\/oratoire-Fleichman.webp","datePublished":"2024-02-06T16:05:54+00:00","dateModified":"2025-02-05T23:20:05+00:00","description":"The Jewish Marais is the traditional district were Jews have first settled in Paris with shops, restaurants, synagogues and traditions","breadcrumb":{"@id":"https:\/\/interkultur.fr\/en\/produit\/jewish-marais\/#breadcrumb"},"inLanguage":"en-US","potentialAction":[{"@type":"ReadAction","target":["https:\/\/interkultur.fr\/en\/produit\/jewish-marais\/"]}]},{"@type":"ImageObject","inLanguage":"en-US","@id":"https:\/\/interkultur.fr\/en\/produit\/jewish-marais\/#primaryimage","url":"https:\/\/interkultur.fr\/wp-content\/uploads\/2023\/12\/oratoire-Fleichman.webp","contentUrl":"https:\/\/interkultur.fr\/wp-content\/uploads\/2023\/12\/oratoire-Fleichman.webp","width":750,"height":497},{"@type":"BreadcrumbList","@id":"https:\/\/interkultur.fr\/en\/produit\/jewish-marais\/#breadcrumb","itemListElement":[{"@type":"ListItem","position":1,"name":"Accueil","item":"https:\/\/interkultur.fr\/en\/"},{"@type":"ListItem","position":2,"name":"Shop","item":"https:\/\/interkultur.fr\/en\/shop\/"},{"@type":"ListItem","position":3,"name":"Jewish Marais"}]},{"@type":"WebSite","@id":"https:\/\/interkultur.fr\/en\/#website","url":"https:\/\/interkultur.fr\/en\/","name":"Interkultur","description":"Visites et \u00e9v\u00e9nements culturels dans le Paris secret li\u00e9s \u00e0 l\u2019Histoire, l\u2019art, et la valorisation du patrimoine et des savoirs faire.","potentialAction":[{"@type":"SearchAction","target":{"@type":"EntryPoint","urlTemplate":"https:\/\/interkultur.fr\/en\/?s={search_term_string}"},"query-input":{"@type":"PropertyValueSpecification","valueRequired":true,"valueName":"search_term_string"}}],"inLanguage":"en-US"}]}},"_links":{"self":[{"href":"https:\/\/interkultur.fr\/en\/wp-json\/wp\/v2\/product\/11594","targetHints":{"allow":["GET"]}}],"collection":[{"href":"https:\/\/interkultur.fr\/en\/wp-json\/wp\/v2\/product"}],"about":[{"href":"https:\/\/interkultur.fr\/en\/wp-json\/wp\/v2\/types\/product"}],"wp:featuredmedia":[{"embeddable":true,"href":"https:\/\/interkultur.fr\/en\/wp-json\/wp\/v2\/media\/4091"}],"wp:attachment":[{"href":"https:\/\/interkultur.fr\/en\/wp-json\/wp\/v2\/media?parent=11594"}],"wp:term":[{"taxonomy":"product_brand","embeddable":true,"href":"https:\/\/interkultur.fr\/en\/wp-json\/wp\/v2\/product_brand?post=11594"},{"taxonomy":"product_cat","embeddable":true,"href":"https:\/\/interkultur.fr\/en\/wp-json\/wp\/v2\/product_cat?post=11594"},{"taxonomy":"product_tag","embeddable":true,"href":"https:\/\/interkultur.fr\/en\/wp-json\/wp\/v2\/product_tag?post=11594"}],"curies":[{"name":"wp","href":"https:\/\/api.w.org\/{rel}","templated":true}]}}