{"id":3871,"date":"2024-02-15T11:49:26","date_gmt":"2024-02-15T10:49:26","guid":{"rendered":"https:\/\/brocoli-agency.fr\/interkultur\/?post_type=product&#038;p=3871"},"modified":"2024-02-14T23:55:49","modified_gmt":"2024-02-14T22:55:49","slug":"exemple-10-excursion-en-france-en-2","status":"publish","type":"product","link":"https:\/\/interkultur.fr\/en\/produit\/exemple-10-excursion-en-france-en-2\/","title":{"rendered":"Chantilly"},"content":{"rendered":"<h3>Chantilly castle, stables and park<\/h3>\n<p><strong>Practical informations:<\/strong><br \/>\n\u2022 Collection point:\u00a0to be confirmed<br \/>\n\u2022 Duration: 06h<br \/>\n\u2022\u00a0 Train \/ walking (For private transport, special quote required)<br \/>\n\u2022 From\u00a080\u20ac per person (min: 2 people \/ max: 10)<br \/>\n\u2022 Transportation and all sites tickets included.<br \/>\n\u2022 Option\u00a0<strong>electric car<\/strong>\u00a0in the park: 70\u20ac (2h, 3 people max.)<br \/>\n\u2022 Option\u00a0<strong>private apartments<\/strong>\u00a0visit: 15\u20ac\/pers.<\/p>\n<p>&nbsp;<\/p>\n<p>With many well being retreats equipped with thermal baths, and several horse-riding clubs, the Chantilly region has a lot going for it. At the heart of the town, the Chantilly chateau, extensively rebuilt after the Revolution by the\u00a0<strong>Duke of Aumale<\/strong>, son of King Louis Philippe, is home to the\u00a0<strong>largest collection of paintings in France<\/strong>, after the Louvre. As well as the sumptuous halls of the main castle that house famous paintings, the Duke\u2019s personal effects, antique masterpieces, lavish furniture and a library of\u00a0<strong>precious rare books<\/strong>. The Duke and Duchess\u2019\u00a0<strong>private suites<\/strong>, rarely seen and nicely kept with luxury furniture and decor, are also an option to the visit, if required, with a local guide.<\/p>\n<p>The grounds are full of\u00a0<strong>surprises<\/strong>\u00a0and we will discover their size, complexity and secrets (optional electric car). The charming<strong>\u00a0rustic houses<\/strong>\u00a0that date from the 18th century are a lovely spot for lunch and to taste the famous\u00a0<strong>Chantilly cream<\/strong>\u00a0(whipped cream). This little collection of houses and farms complete with windmill was built under the orders of the Prince of Cond\u00e9, and\u00a0<strong>Queen Marie-Antoinette<\/strong>\u00a0loved it so much that she decided to build her own \u2018hamlet\u2019 in the same style, which is still visible at Versailles.<\/p>\n<p>After lunch we will visit the\u00a0<strong>great stables<\/strong>, built in the 18th century and considered to be some of the\u00a0<strong>most magnificent in the world<\/strong>. They are located at the edge of the world renowned\u00a0<strong>race course<\/strong>. You can admire many horses and ponies of different breeds before entering the\u00a0<strong>impressive domed performance ring<\/strong>, at the centre of the stables. In addition visiting to the Museum of the Horse, located in the outbuildings, you will also see an\u00a0<strong>equestrian show<\/strong>. Several original, ornate carriages from the 18th and 19th centuries can be found, hidden at the end of the stables.<\/p>\n<p>You also enjoy a stroll through the charming town and admire the cosy houses around, before returning to the train station.<\/p>\n","protected":false},"excerpt":{"rendered":"<p>Take a day trip by private minibus or train to the\u00a0<strong>glitzy Chantilly estate<\/strong>, with collection from and drop off at your hotel.<br \/>\nFirst, you will visit the\u00a0<strong>magnificent castle\u00a0<\/strong>with your expert guide, its treasures and extensive collections. The private apartments of the Duke and Duchess of Aumale can also be shown on request. Then, we will cross the extensive grounds, (<strong>electric car<\/strong>\u00a0on option) and have lunch in the\u00a0<strong>charming restaurant<\/strong>\u00a0housed in the 18th century mill. Next, we will visit the\u00a0<strong>Museum of the Horse<\/strong>, located in the Prince de Cond\u00e9\u2019s\u00a0<strong>beautiful stables<\/strong>, before watching an equestrian show.<\/p>\n","protected":false},"featured_media":7343,"template":"","meta":{"_price":"","_stock":"","_tribe_ticket_header":"","_tribe_default_ticket_provider":"","_tribe_ticket_capacity":"0","_ticket_start_date":"","_ticket_end_date":"","_tribe_ticket_show_description":"","_tribe_ticket_show_not_going":false,"_tribe_ticket_use_global_stock":"","_tribe_ticket_global_stock_level":"","_global_stock_mode":"","_global_stock_cap":"","_tribe_rsvp_for_event":"","_tribe_ticket_going_count":"","_tribe_ticket_not_going_count":"","_tribe_tickets_list":"[]","_tribe_ticket_has_attendee_info_fields":false,"_tec_slr_enabled":"","_tec_slr_layout":""},"product_brand":[],"product_cat":[142],"product_tag":[],"class_list":{"0":"post-3871","1":"product","2":"type-product","3":"status-publish","4":"has-post-thumbnail","6":"product_cat-tours-france","8":"first","9":"instock","10":"featured","11":"virtual","12":"product-type-simple"},"yoast_head":"<!-- This site is optimized with the Yoast SEO plugin v27.5 - https:\/\/yoast.com\/product\/yoast-seo-wordpress\/ -->\n<title>Chantilly - Interkultur<\/title>\n<meta name=\"robots\" content=\"index, follow, max-snippet:-1, max-image-preview:large, max-video-preview:-1\" \/>\n<link rel=\"canonical\" href=\"https:\/\/interkultur.fr\/en\/produit\/exemple-10-excursion-en-france-en-2\/\" \/>\n<meta property=\"og:locale\" content=\"en_US\" \/>\n<meta property=\"og:type\" content=\"article\" \/>\n<meta property=\"og:title\" content=\"Chantilly - Interkultur\" \/>\n<meta property=\"og:description\" content=\"Take a day trip by private minibus or train to the\u00a0glitzy Chantilly estate, with collection from and drop off at your hotel. First, you will visit the\u00a0magnificent castle\u00a0with your expert guide, its treasures and extensive collections. The private apartments of the Duke and Duchess of Aumale can also be shown on request. Then, we will cross the extensive grounds, (electric car\u00a0on option) and have lunch in the\u00a0charming restaurant\u00a0housed in the 18th century mill. Next, we will visit the\u00a0Museum of the Horse, located in the Prince de Cond\u00e9\u2019s\u00a0beautiful stables, before watching an equestrian show.\" \/>\n<meta property=\"og:url\" content=\"https:\/\/interkultur.fr\/en\/produit\/exemple-10-excursion-en-france-en-2\/\" \/>\n<meta property=\"og:site_name\" content=\"Interkultur\" \/>\n<meta property=\"og:image\" content=\"https:\/\/interkultur.fr\/wp-content\/uploads\/2023\/04\/141-e1442414447966-2.webp\" \/>\n\t<meta property=\"og:image:width\" content=\"900\" \/>\n\t<meta property=\"og:image:height\" content=\"675\" \/>\n\t<meta property=\"og:image:type\" content=\"image\/webp\" \/>\n<meta name=\"twitter:card\" content=\"summary_large_image\" \/>\n<script type=\"application\/ld+json\" class=\"yoast-schema-graph\">{\"@context\":\"https:\\\/\\\/schema.org\",\"@graph\":[{\"@type\":\"WebPage\",\"@id\":\"https:\\\/\\\/interkultur.fr\\\/en\\\/produit\\\/exemple-10-excursion-en-france-en-2\\\/\",\"url\":\"https:\\\/\\\/interkultur.fr\\\/en\\\/produit\\\/exemple-10-excursion-en-france-en-2\\\/\",\"name\":\"Chantilly - Interkultur\",\"isPartOf\":{\"@id\":\"https:\\\/\\\/interkultur.fr\\\/en\\\/#website\"},\"primaryImageOfPage\":{\"@id\":\"https:\\\/\\\/interkultur.fr\\\/en\\\/produit\\\/exemple-10-excursion-en-france-en-2\\\/#primaryimage\"},\"image\":{\"@id\":\"https:\\\/\\\/interkultur.fr\\\/en\\\/produit\\\/exemple-10-excursion-en-france-en-2\\\/#primaryimage\"},\"thumbnailUrl\":\"https:\\\/\\\/interkultur.fr\\\/wp-content\\\/uploads\\\/2024\\\/02\\\/Chateau-Chantilly-scaled.jpg\",\"datePublished\":\"2024-02-15T10:49:26+00:00\",\"breadcrumb\":{\"@id\":\"https:\\\/\\\/interkultur.fr\\\/en\\\/produit\\\/exemple-10-excursion-en-france-en-2\\\/#breadcrumb\"},\"inLanguage\":\"en-US\",\"potentialAction\":[{\"@type\":\"ReadAction\",\"target\":[\"https:\\\/\\\/interkultur.fr\\\/en\\\/produit\\\/exemple-10-excursion-en-france-en-2\\\/\"]}]},{\"@type\":\"ImageObject\",\"inLanguage\":\"en-US\",\"@id\":\"https:\\\/\\\/interkultur.fr\\\/en\\\/produit\\\/exemple-10-excursion-en-france-en-2\\\/#primaryimage\",\"url\":\"https:\\\/\\\/interkultur.fr\\\/wp-content\\\/uploads\\\/2024\\\/02\\\/Chateau-Chantilly-scaled.jpg\",\"contentUrl\":\"https:\\\/\\\/interkultur.fr\\\/wp-content\\\/uploads\\\/2024\\\/02\\\/Chateau-Chantilly-scaled.jpg\",\"width\":2560,\"height\":1648},{\"@type\":\"BreadcrumbList\",\"@id\":\"https:\\\/\\\/interkultur.fr\\\/en\\\/produit\\\/exemple-10-excursion-en-france-en-2\\\/#breadcrumb\",\"itemListElement\":[{\"@type\":\"ListItem\",\"position\":1,\"name\":\"Accueil\",\"item\":\"https:\\\/\\\/interkultur.fr\\\/en\\\/\"},{\"@type\":\"ListItem\",\"position\":2,\"name\":\"Shop\",\"item\":\"https:\\\/\\\/interkultur.fr\\\/en\\\/shop\\\/\"},{\"@type\":\"ListItem\",\"position\":3,\"name\":\"Chantilly\"}]},{\"@type\":\"WebSite\",\"@id\":\"https:\\\/\\\/interkultur.fr\\\/en\\\/#website\",\"url\":\"https:\\\/\\\/interkultur.fr\\\/en\\\/\",\"name\":\"Interkultur\",\"description\":\"Visites et \u00e9v\u00e9nements culturels dans le Paris secret li\u00e9s \u00e0 l\u2019Histoire, l\u2019art, et la valorisation du patrimoine et des savoirs faire.\",\"potentialAction\":[{\"@type\":\"SearchAction\",\"target\":{\"@type\":\"EntryPoint\",\"urlTemplate\":\"https:\\\/\\\/interkultur.fr\\\/en\\\/?s={search_term_string}\"},\"query-input\":{\"@type\":\"PropertyValueSpecification\",\"valueRequired\":true,\"valueName\":\"search_term_string\"}}],\"inLanguage\":\"en-US\"}]}<\/script>\n<!-- \/ Yoast SEO plugin. -->","yoast_head_json":{"title":"Chantilly - Interkultur","robots":{"index":"index","follow":"follow","max-snippet":"max-snippet:-1","max-image-preview":"max-image-preview:large","max-video-preview":"max-video-preview:-1"},"canonical":"https:\/\/interkultur.fr\/en\/produit\/exemple-10-excursion-en-france-en-2\/","og_locale":"en_US","og_type":"article","og_title":"Chantilly - Interkultur","og_description":"Take a day trip by private minibus or train to the\u00a0glitzy Chantilly estate, with collection from and drop off at your hotel. First, you will visit the\u00a0magnificent castle\u00a0with your expert guide, its treasures and extensive collections. The private apartments of the Duke and Duchess of Aumale can also be shown on request. Then, we will cross the extensive grounds, (electric car\u00a0on option) and have lunch in the\u00a0charming restaurant\u00a0housed in the 18th century mill. Next, we will visit the\u00a0Museum of the Horse, located in the Prince de Cond\u00e9\u2019s\u00a0beautiful stables, before watching an equestrian show.","og_url":"https:\/\/interkultur.fr\/en\/produit\/exemple-10-excursion-en-france-en-2\/","og_site_name":"Interkultur","og_image":[{"width":900,"height":675,"url":"https:\/\/interkultur.fr\/wp-content\/uploads\/2023\/04\/141-e1442414447966-2.webp","type":"image\/webp"}],"twitter_card":"summary_large_image","schema":{"@context":"https:\/\/schema.org","@graph":[{"@type":"WebPage","@id":"https:\/\/interkultur.fr\/en\/produit\/exemple-10-excursion-en-france-en-2\/","url":"https:\/\/interkultur.fr\/en\/produit\/exemple-10-excursion-en-france-en-2\/","name":"Chantilly - Interkultur","isPartOf":{"@id":"https:\/\/interkultur.fr\/en\/#website"},"primaryImageOfPage":{"@id":"https:\/\/interkultur.fr\/en\/produit\/exemple-10-excursion-en-france-en-2\/#primaryimage"},"image":{"@id":"https:\/\/interkultur.fr\/en\/produit\/exemple-10-excursion-en-france-en-2\/#primaryimage"},"thumbnailUrl":"https:\/\/interkultur.fr\/wp-content\/uploads\/2024\/02\/Chateau-Chantilly-scaled.jpg","datePublished":"2024-02-15T10:49:26+00:00","breadcrumb":{"@id":"https:\/\/interkultur.fr\/en\/produit\/exemple-10-excursion-en-france-en-2\/#breadcrumb"},"inLanguage":"en-US","potentialAction":[{"@type":"ReadAction","target":["https:\/\/interkultur.fr\/en\/produit\/exemple-10-excursion-en-france-en-2\/"]}]},{"@type":"ImageObject","inLanguage":"en-US","@id":"https:\/\/interkultur.fr\/en\/produit\/exemple-10-excursion-en-france-en-2\/#primaryimage","url":"https:\/\/interkultur.fr\/wp-content\/uploads\/2024\/02\/Chateau-Chantilly-scaled.jpg","contentUrl":"https:\/\/interkultur.fr\/wp-content\/uploads\/2024\/02\/Chateau-Chantilly-scaled.jpg","width":2560,"height":1648},{"@type":"BreadcrumbList","@id":"https:\/\/interkultur.fr\/en\/produit\/exemple-10-excursion-en-france-en-2\/#breadcrumb","itemListElement":[{"@type":"ListItem","position":1,"name":"Accueil","item":"https:\/\/interkultur.fr\/en\/"},{"@type":"ListItem","position":2,"name":"Shop","item":"https:\/\/interkultur.fr\/en\/shop\/"},{"@type":"ListItem","position":3,"name":"Chantilly"}]},{"@type":"WebSite","@id":"https:\/\/interkultur.fr\/en\/#website","url":"https:\/\/interkultur.fr\/en\/","name":"Interkultur","description":"Visites et \u00e9v\u00e9nements culturels dans le Paris secret li\u00e9s \u00e0 l\u2019Histoire, l\u2019art, et la valorisation du patrimoine et des savoirs faire.","potentialAction":[{"@type":"SearchAction","target":{"@type":"EntryPoint","urlTemplate":"https:\/\/interkultur.fr\/en\/?s={search_term_string}"},"query-input":{"@type":"PropertyValueSpecification","valueRequired":true,"valueName":"search_term_string"}}],"inLanguage":"en-US"}]}},"_links":{"self":[{"href":"https:\/\/interkultur.fr\/en\/wp-json\/wp\/v2\/product\/3871","targetHints":{"allow":["GET"]}}],"collection":[{"href":"https:\/\/interkultur.fr\/en\/wp-json\/wp\/v2\/product"}],"about":[{"href":"https:\/\/interkultur.fr\/en\/wp-json\/wp\/v2\/types\/product"}],"wp:featuredmedia":[{"embeddable":true,"href":"https:\/\/interkultur.fr\/en\/wp-json\/wp\/v2\/media\/7343"}],"wp:attachment":[{"href":"https:\/\/interkultur.fr\/en\/wp-json\/wp\/v2\/media?parent=3871"}],"wp:term":[{"taxonomy":"product_brand","embeddable":true,"href":"https:\/\/interkultur.fr\/en\/wp-json\/wp\/v2\/product_brand?post=3871"},{"taxonomy":"product_cat","embeddable":true,"href":"https:\/\/interkultur.fr\/en\/wp-json\/wp\/v2\/product_cat?post=3871"},{"taxonomy":"product_tag","embeddable":true,"href":"https:\/\/interkultur.fr\/en\/wp-json\/wp\/v2\/product_tag?post=3871"}],"curies":[{"name":"wp","href":"https:\/\/api.w.org\/{rel}","templated":true}]}}