{"id":3872,"date":"2023-12-04T15:57:34","date_gmt":"2023-12-04T14:57:34","guid":{"rendered":"https:\/\/brocoli-agency.fr\/interkultur\/?post_type=product&#038;p=3872"},"modified":"2024-02-22T00:24:02","modified_gmt":"2024-02-21T23:24:02","slug":"exemple-11-excursion-en-france-en","status":"publish","type":"product","link":"https:\/\/interkultur.fr\/en\/produit\/exemple-11-excursion-en-france-en\/","title":{"rendered":"The Alabaster coast in Normandy"},"content":{"rendered":"<h3>Normandy: the Alabaster Coast<\/h3>\n<p><strong>Practical informations:<\/strong><br \/>\n\u2022 Meeting point:\u00a0to be confirmed<br \/>\n\u2022 Duration: 11h<br \/>\n\u2022 Private transport<br \/>\n\u2022 From 190\u20ac per person (min: 2 people \/ max: 8)<br \/>\n\u2022 More than 8 people: <a href=\"https:\/\/www.interkultur.fr\/contact-us\/\"><strong>contact us<\/strong><\/a><br \/>\n\u2022 Transportation and all sites tickets included.<\/p>\n<p>&nbsp;<\/p>\n<p>On this tour by the sea you will discover the unique sites and beautiful scenery found all along\u00a0<strong>Eastern Normandy\u2019s Alabaster Coast<\/strong>.<\/p>\n<p>Often painted by many artists and used as inspiration for French Literature, the cliffs of the Alabaster Coast in Upper Normandy offer a\u00a0<strong>spectacular panoramic view<\/strong>\u00a0of the sea, but are relatively unknown. Discover this magnificent area through a\u00a0<strong>scenic cliff walk<\/strong>, uncovering the secrets and legends of its unique setting. After a stroll through the\u00a0<strong>idyllic and typical streets<\/strong>\u00a0of the small towns, drive to a local restaurant for a delicious lunch.<\/p>\n<p>The next stop will be a visit to the palace where\u00a0<strong>Benedictine<\/strong>\u00a0is produced, the famous liquor of F\u00e9camp that is often used as a secret ingredient of many cocktails and cakes.<\/p>\n<p>Your journey continues along the Alabaster Coast to admire the many sites and stop in a charming seaside resort where\u00a0<strong>Victor Hugo<\/strong>\u00a0was frequently a guest. Finish the day with a long break in the last small town along the Alabaster Coast, considered a\u00a0<strong>real jewel<\/strong>\u00a0among the coastlines\u2019s many treasures because of its combination of exceptional location, architecture, and\u00a0<strong>unique monuments.<\/strong><\/p>\n<p>See its Mid-Romanesque and Mid-Gothic Church\u2014known in France for its unique pillars, its maritime cemetery that beautifully overlooks the sea and is the final resting place of\u00a0<strong>one of the most famous painters<\/strong>\u00a0in the world, and finish the tour with a visit to a\u00a0<strong>stunning manor house<\/strong>, admired and visited for its grandeur, strangeness, and mystery. The beautiful park contains\u00a0<strong>rare species of both flora and fauna in France<\/strong>, with gigantic plants and flowers that extend all the way to the cliff face. It will be a walk full of richness that will leave an impression you will not soon forget.<\/p>\n<p>The drive back to Paris will take a little bit more than 2 hours.<\/p>\n","protected":false},"excerpt":{"rendered":"<p>Join us for a <strong>magnificent promenade<\/strong>\u00a0full of unexpected charms along the Alabaster Coast. Depart your hotel at 8.30 am in your private minibus, and along the way discover the\u00a0<strong>different villages, monuments, and unique landscapes<\/strong>. The tour includes transportation from Paris and along the coast, entrance to the sites, (lunch and drinks not included), fully guided tours and transfers, with a drop-off in front of your hotel around 8 pm that evening.<\/p>\n","protected":false},"featured_media":3736,"template":"","meta":{"_price":"","_stock":"","_tribe_ticket_header":"","_tribe_default_ticket_provider":"","_tribe_ticket_capacity":"0","_ticket_start_date":"","_ticket_end_date":"","_tribe_ticket_show_description":"","_tribe_ticket_show_not_going":false,"_tribe_ticket_use_global_stock":"","_tribe_ticket_global_stock_level":"","_global_stock_mode":"","_global_stock_cap":"","_tribe_rsvp_for_event":"","_tribe_ticket_going_count":"","_tribe_ticket_not_going_count":"","_tribe_tickets_list":"[]","_tribe_ticket_has_attendee_info_fields":false,"_tec_slr_enabled":"","_tec_slr_layout":""},"product_brand":[],"product_cat":[142],"product_tag":[],"class_list":{"0":"post-3872","1":"product","2":"type-product","3":"status-publish","4":"has-post-thumbnail","6":"product_cat-tours-france","8":"first","9":"instock","10":"featured","11":"shipping-taxable","12":"product-type-simple"},"yoast_head":"<!-- This site is optimized with the Yoast SEO plugin v27.5 - https:\/\/yoast.com\/product\/yoast-seo-wordpress\/ -->\n<title>The Alabaster coast in Normandy - Interkultur<\/title>\n<meta name=\"robots\" content=\"index, follow, max-snippet:-1, max-image-preview:large, max-video-preview:-1\" \/>\n<link rel=\"canonical\" href=\"https:\/\/interkultur.fr\/en\/produit\/exemple-11-excursion-en-france-en\/\" \/>\n<meta property=\"og:locale\" content=\"en_US\" \/>\n<meta property=\"og:type\" content=\"article\" \/>\n<meta property=\"og:title\" content=\"The Alabaster coast in Normandy - Interkultur\" \/>\n<meta property=\"og:description\" content=\"Join us for a magnificent promenade\u00a0full of unexpected charms along the Alabaster Coast. Depart your hotel at 8.30 am in your private minibus, and along the way discover the\u00a0different villages, monuments, and unique landscapes. The tour includes transportation from Paris and along the coast, entrance to the sites, (lunch and drinks not included), fully guided tours and transfers, with a drop-off in front of your hotel around 8 pm that evening.\" \/>\n<meta property=\"og:url\" content=\"https:\/\/interkultur.fr\/en\/produit\/exemple-11-excursion-en-france-en\/\" \/>\n<meta property=\"og:site_name\" content=\"Interkultur\" \/>\n<meta property=\"article:modified_time\" content=\"2024-02-21T23:24:02+00:00\" \/>\n<meta property=\"og:image\" content=\"https:\/\/interkultur.fr\/wp-content\/uploads\/2023\/06\/visitealademande-excursionenfrance_normandy_interkultur-paris_3slide.jpg\" \/>\n\t<meta property=\"og:image:width\" content=\"1800\" \/>\n\t<meta property=\"og:image:height\" content=\"1213\" \/>\n\t<meta property=\"og:image:type\" content=\"image\/jpeg\" \/>\n<meta name=\"twitter:card\" content=\"summary_large_image\" \/>\n<script type=\"application\/ld+json\" class=\"yoast-schema-graph\">{\"@context\":\"https:\\\/\\\/schema.org\",\"@graph\":[{\"@type\":\"WebPage\",\"@id\":\"https:\\\/\\\/interkultur.fr\\\/en\\\/produit\\\/exemple-11-excursion-en-france-en\\\/\",\"url\":\"https:\\\/\\\/interkultur.fr\\\/en\\\/produit\\\/exemple-11-excursion-en-france-en\\\/\",\"name\":\"The Alabaster coast in Normandy - Interkultur\",\"isPartOf\":{\"@id\":\"https:\\\/\\\/interkultur.fr\\\/en\\\/#website\"},\"primaryImageOfPage\":{\"@id\":\"https:\\\/\\\/interkultur.fr\\\/en\\\/produit\\\/exemple-11-excursion-en-france-en\\\/#primaryimage\"},\"image\":{\"@id\":\"https:\\\/\\\/interkultur.fr\\\/en\\\/produit\\\/exemple-11-excursion-en-france-en\\\/#primaryimage\"},\"thumbnailUrl\":\"https:\\\/\\\/interkultur.fr\\\/wp-content\\\/uploads\\\/2023\\\/06\\\/visitealademande-excursionenfrance_normandy_interkultur-paris_3slide.jpg\",\"datePublished\":\"2023-12-04T14:57:34+00:00\",\"dateModified\":\"2024-02-21T23:24:02+00:00\",\"breadcrumb\":{\"@id\":\"https:\\\/\\\/interkultur.fr\\\/en\\\/produit\\\/exemple-11-excursion-en-france-en\\\/#breadcrumb\"},\"inLanguage\":\"en-US\",\"potentialAction\":[{\"@type\":\"ReadAction\",\"target\":[\"https:\\\/\\\/interkultur.fr\\\/en\\\/produit\\\/exemple-11-excursion-en-france-en\\\/\"]}]},{\"@type\":\"ImageObject\",\"inLanguage\":\"en-US\",\"@id\":\"https:\\\/\\\/interkultur.fr\\\/en\\\/produit\\\/exemple-11-excursion-en-france-en\\\/#primaryimage\",\"url\":\"https:\\\/\\\/interkultur.fr\\\/wp-content\\\/uploads\\\/2023\\\/06\\\/visitealademande-excursionenfrance_normandy_interkultur-paris_3slide.jpg\",\"contentUrl\":\"https:\\\/\\\/interkultur.fr\\\/wp-content\\\/uploads\\\/2023\\\/06\\\/visitealademande-excursionenfrance_normandy_interkultur-paris_3slide.jpg\",\"width\":1800,\"height\":1213},{\"@type\":\"BreadcrumbList\",\"@id\":\"https:\\\/\\\/interkultur.fr\\\/en\\\/produit\\\/exemple-11-excursion-en-france-en\\\/#breadcrumb\",\"itemListElement\":[{\"@type\":\"ListItem\",\"position\":1,\"name\":\"Accueil\",\"item\":\"https:\\\/\\\/interkultur.fr\\\/en\\\/\"},{\"@type\":\"ListItem\",\"position\":2,\"name\":\"Shop\",\"item\":\"https:\\\/\\\/interkultur.fr\\\/en\\\/shop\\\/\"},{\"@type\":\"ListItem\",\"position\":3,\"name\":\"The Alabaster coast in Normandy\"}]},{\"@type\":\"WebSite\",\"@id\":\"https:\\\/\\\/interkultur.fr\\\/en\\\/#website\",\"url\":\"https:\\\/\\\/interkultur.fr\\\/en\\\/\",\"name\":\"Interkultur\",\"description\":\"Visites et \u00e9v\u00e9nements culturels dans le Paris secret li\u00e9s \u00e0 l\u2019Histoire, l\u2019art, et la valorisation du patrimoine et des savoirs faire.\",\"potentialAction\":[{\"@type\":\"SearchAction\",\"target\":{\"@type\":\"EntryPoint\",\"urlTemplate\":\"https:\\\/\\\/interkultur.fr\\\/en\\\/?s={search_term_string}\"},\"query-input\":{\"@type\":\"PropertyValueSpecification\",\"valueRequired\":true,\"valueName\":\"search_term_string\"}}],\"inLanguage\":\"en-US\"}]}<\/script>\n<!-- \/ Yoast SEO plugin. -->","yoast_head_json":{"title":"The Alabaster coast in Normandy - Interkultur","robots":{"index":"index","follow":"follow","max-snippet":"max-snippet:-1","max-image-preview":"max-image-preview:large","max-video-preview":"max-video-preview:-1"},"canonical":"https:\/\/interkultur.fr\/en\/produit\/exemple-11-excursion-en-france-en\/","og_locale":"en_US","og_type":"article","og_title":"The Alabaster coast in Normandy - Interkultur","og_description":"Join us for a magnificent promenade\u00a0full of unexpected charms along the Alabaster Coast. Depart your hotel at 8.30 am in your private minibus, and along the way discover the\u00a0different villages, monuments, and unique landscapes. The tour includes transportation from Paris and along the coast, entrance to the sites, (lunch and drinks not included), fully guided tours and transfers, with a drop-off in front of your hotel around 8 pm that evening.","og_url":"https:\/\/interkultur.fr\/en\/produit\/exemple-11-excursion-en-france-en\/","og_site_name":"Interkultur","article_modified_time":"2024-02-21T23:24:02+00:00","og_image":[{"width":1800,"height":1213,"url":"https:\/\/interkultur.fr\/wp-content\/uploads\/2023\/06\/visitealademande-excursionenfrance_normandy_interkultur-paris_3slide.jpg","type":"image\/jpeg"}],"twitter_card":"summary_large_image","schema":{"@context":"https:\/\/schema.org","@graph":[{"@type":"WebPage","@id":"https:\/\/interkultur.fr\/en\/produit\/exemple-11-excursion-en-france-en\/","url":"https:\/\/interkultur.fr\/en\/produit\/exemple-11-excursion-en-france-en\/","name":"The Alabaster coast in Normandy - Interkultur","isPartOf":{"@id":"https:\/\/interkultur.fr\/en\/#website"},"primaryImageOfPage":{"@id":"https:\/\/interkultur.fr\/en\/produit\/exemple-11-excursion-en-france-en\/#primaryimage"},"image":{"@id":"https:\/\/interkultur.fr\/en\/produit\/exemple-11-excursion-en-france-en\/#primaryimage"},"thumbnailUrl":"https:\/\/interkultur.fr\/wp-content\/uploads\/2023\/06\/visitealademande-excursionenfrance_normandy_interkultur-paris_3slide.jpg","datePublished":"2023-12-04T14:57:34+00:00","dateModified":"2024-02-21T23:24:02+00:00","breadcrumb":{"@id":"https:\/\/interkultur.fr\/en\/produit\/exemple-11-excursion-en-france-en\/#breadcrumb"},"inLanguage":"en-US","potentialAction":[{"@type":"ReadAction","target":["https:\/\/interkultur.fr\/en\/produit\/exemple-11-excursion-en-france-en\/"]}]},{"@type":"ImageObject","inLanguage":"en-US","@id":"https:\/\/interkultur.fr\/en\/produit\/exemple-11-excursion-en-france-en\/#primaryimage","url":"https:\/\/interkultur.fr\/wp-content\/uploads\/2023\/06\/visitealademande-excursionenfrance_normandy_interkultur-paris_3slide.jpg","contentUrl":"https:\/\/interkultur.fr\/wp-content\/uploads\/2023\/06\/visitealademande-excursionenfrance_normandy_interkultur-paris_3slide.jpg","width":1800,"height":1213},{"@type":"BreadcrumbList","@id":"https:\/\/interkultur.fr\/en\/produit\/exemple-11-excursion-en-france-en\/#breadcrumb","itemListElement":[{"@type":"ListItem","position":1,"name":"Accueil","item":"https:\/\/interkultur.fr\/en\/"},{"@type":"ListItem","position":2,"name":"Shop","item":"https:\/\/interkultur.fr\/en\/shop\/"},{"@type":"ListItem","position":3,"name":"The Alabaster coast in Normandy"}]},{"@type":"WebSite","@id":"https:\/\/interkultur.fr\/en\/#website","url":"https:\/\/interkultur.fr\/en\/","name":"Interkultur","description":"Visites et \u00e9v\u00e9nements culturels dans le Paris secret li\u00e9s \u00e0 l\u2019Histoire, l\u2019art, et la valorisation du patrimoine et des savoirs faire.","potentialAction":[{"@type":"SearchAction","target":{"@type":"EntryPoint","urlTemplate":"https:\/\/interkultur.fr\/en\/?s={search_term_string}"},"query-input":{"@type":"PropertyValueSpecification","valueRequired":true,"valueName":"search_term_string"}}],"inLanguage":"en-US"}]}},"_links":{"self":[{"href":"https:\/\/interkultur.fr\/en\/wp-json\/wp\/v2\/product\/3872","targetHints":{"allow":["GET"]}}],"collection":[{"href":"https:\/\/interkultur.fr\/en\/wp-json\/wp\/v2\/product"}],"about":[{"href":"https:\/\/interkultur.fr\/en\/wp-json\/wp\/v2\/types\/product"}],"wp:featuredmedia":[{"embeddable":true,"href":"https:\/\/interkultur.fr\/en\/wp-json\/wp\/v2\/media\/3736"}],"wp:attachment":[{"href":"https:\/\/interkultur.fr\/en\/wp-json\/wp\/v2\/media?parent=3872"}],"wp:term":[{"taxonomy":"product_brand","embeddable":true,"href":"https:\/\/interkultur.fr\/en\/wp-json\/wp\/v2\/product_brand?post=3872"},{"taxonomy":"product_cat","embeddable":true,"href":"https:\/\/interkultur.fr\/en\/wp-json\/wp\/v2\/product_cat?post=3872"},{"taxonomy":"product_tag","embeddable":true,"href":"https:\/\/interkultur.fr\/en\/wp-json\/wp\/v2\/product_tag?post=3872"}],"curies":[{"name":"wp","href":"https:\/\/api.w.org\/{rel}","templated":true}]}}