{"id":5735,"date":"2024-02-06T16:05:50","date_gmt":"2024-02-06T15:05:50","guid":{"rendered":"https:\/\/interkultur.fr\/?post_type=product&#038;p=5735"},"modified":"2024-06-25T14:56:56","modified_gmt":"2024-06-25T12:56:56","slug":"immigration-and-other-faces-of-paris","status":"publish","type":"product","link":"https:\/\/interkultur.fr\/en\/produit\/immigration-and-other-faces-of-paris\/","title":{"rendered":"Immigration and other faces of Paris"},"content":{"rendered":"<h3>Immigration and other faces of Paris<\/h3>\n<h3><strong>Practical informations<\/strong><\/h3>\n<ul>\n<li style=\"list-style-type: none;\">\n<ul>\n<li>Meeting point : St Paul church 90, Bd Barb\u00e8s<\/li>\n<li>Location: M\u00e9tro Ch\u00e2teau Rouge or Marcadet-Poissonniers (line 4)<\/li>\n<li>Duration : 3.5 h<\/li>\n<li>walk and m\u00e9tro<\/li>\n<li><strong>Private tour<\/strong> at any date<\/li>\n<\/ul>\n<\/li>\n<\/ul>\n<p style=\"text-align: justify;\">This tour will take a look at the <strong>social and neighborhood changes<\/strong> in the outskirts of Paris, where Immigrants usually settle throughout history.<br \/>\nWe&#8217;ll first start at Ch\u00e2teau Rouge m\u00e9tro station, where the <strong>African community<\/strong> is prominent since the 1980&#8217;s. With a stroll through the African market, we&#8217;ll have a look at <strong>products found nowhere else<\/strong> in Paris and see the changes in the neighborhood in fifty years.<\/p>\n<p style=\"text-align: justify;\">At the end of the market starts the <strong>Goutte d&#8217;Or<\/strong> neighborhood, home to the <strong>oldest North African area<\/strong> in Paris. Its name comes from the vine leaves growing there in the 18 century. The quarter undergoes massive changes with a <strong>gentrification<\/strong> and newcomers of migrant origins, new city urban plans, <strong>new mosques<\/strong> and <strong>cultural centres<\/strong>, but also facing difficulties like crime or unemployment as well as rough protests against Israeli Policy in the middle east. We&#8217;ll see that both African and North African neighborhoods witness other changes with <strong>immigration still rising<\/strong> but not only from ancient French speaking colonies.<br \/>\nAfter a short walk, we&#8217;ll go through another area, at la Chapelle, now the core of the <strong>sub-Indian continent immigration<\/strong>. For just over 15 years, the quarter is now filled with <strong>Indian<\/strong>, <strong>Sri Lankan<\/strong> or <strong>Pakistani shops<\/strong> and <strong>restaurants<\/strong>.<\/p>\n<p style=\"text-align: justify;\">After a metro break (line 2 over ground leaving an interesting view), we&#8217;ll stop at Belleville to discover one of the most <strong>fascinating area<\/strong> in Paris. The quarter hosts different communities, from the <strong>old South European<\/strong> before the second world war, to the <strong>second biggest Jewish neighborhood<\/strong> in the 1950&#8217;s as well as more recent African and North African settlements to the more <strong>recent Asian<\/strong> one, second biggest in Paris. The area is also popular with Young people from all over Paris and France, searching for cheaper rents and <strong>active nightlife<\/strong>. The mix of communities gives an <strong>interesting blend<\/strong> not seen elsewhere in Paris.<br \/>\nAfter another metro break to Austerlitz station, we&#8217;ll end up the tour at <strong>the Great Mosque<\/strong>, fascinating structure housing also gardens, luxury hot baths, restaurants, shops and a bar where we&#8217;ll enjoy a <strong>typical warm mint tea<\/strong>.<br \/>\nIt was built in 1937 as a gesture towards all Muslim fighting for France during the First World War. <strong>Material<\/strong> and <strong>craftsmen<\/strong> from all the French empire where then involved to come up with the <strong>most beautiful construction<\/strong>.<br \/>\nThis last stop will provide an opportunity to <strong>discuss many issues<\/strong>, most notably the change in French social structure following the past and more recent immigration, antisemitic acts growing as well as the rise of the National Front, the nationalist party, hostile to all immigration.<\/p>\n<p style=\"text-align: justify;\">A walk through The colorful <strong>Barb\u00e8s<\/strong> or <strong>Belleville market<\/strong> will also be included, depending on the day of the tour.<\/p>\n<p style=\"text-align: justify;\">TOUR AVAILABLE ON REQUEST ONLY<\/p>\n","protected":false},"excerpt":{"rendered":"<p>Immigration and multi cultural Paris : From the <strong>first migrant workers<\/strong> who came as a result of the Industrial Revolution in the 1840\u2019s to <strong>massive immigration<\/strong> in the 1960\u2019s, explore <strong>different faces<\/strong> of Paris through <strong>various districts<\/strong> in the North and East of the city, a colourful market and a mint tea at the <strong>superb Paris Great Mosque<\/strong> where today&#8217;s situation as well as related topics and <strong>overall immigration questions<\/strong> will be <strong>debated<\/strong>.<\/p>\n","protected":false},"featured_media":5736,"template":"","meta":{"_price":"","_stock":"","_tribe_ticket_header":"","_tribe_default_ticket_provider":"","_tribe_ticket_capacity":"0","_ticket_start_date":"","_ticket_end_date":"","_tribe_ticket_show_description":"","_tribe_ticket_show_not_going":false,"_tribe_ticket_use_global_stock":"","_tribe_ticket_global_stock_level":"","_global_stock_mode":"","_global_stock_cap":"","_tribe_rsvp_for_event":"","_tribe_ticket_going_count":"","_tribe_ticket_not_going_count":"","_tribe_tickets_list":"[]","_tribe_ticket_has_attendee_info_fields":false,"_tec_slr_enabled":"","_tec_slr_layout":""},"product_brand":[],"product_cat":[143],"product_tag":[],"class_list":{"0":"post-5735","1":"product","2":"type-product","3":"status-publish","4":"has-post-thumbnail","6":"product_cat-visit-paris","8":"first","9":"instock","10":"featured","11":"virtual","12":"product-type-simple"},"yoast_head":"<!-- This site is optimized with the Yoast SEO plugin v27.4 - https:\/\/yoast.com\/product\/yoast-seo-wordpress\/ -->\n<title>Immigration and other faces of Paris - Interkultur<\/title>\n<meta name=\"robots\" content=\"index, follow, max-snippet:-1, max-image-preview:large, max-video-preview:-1\" \/>\n<link rel=\"canonical\" href=\"https:\/\/interkultur.fr\/en\/produit\/immigration-and-other-faces-of-paris\/\" \/>\n<meta property=\"og:locale\" content=\"en_US\" \/>\n<meta property=\"og:type\" content=\"article\" \/>\n<meta property=\"og:title\" content=\"Immigration and other faces of Paris - Interkultur\" \/>\n<meta property=\"og:description\" content=\"Immigration and multi cultural Paris : From the first migrant workers who came as a result of the Industrial Revolution in the 1840\u2019s to massive immigration in the 1960\u2019s, explore different faces of Paris through various districts in the North and East of the city, a colourful market and a mint tea at the superb Paris Great Mosque where today&#039;s situation as well as related topics and overall immigration questions will be debated.\" \/>\n<meta property=\"og:url\" content=\"https:\/\/interkultur.fr\/en\/produit\/immigration-and-other-faces-of-paris\/\" \/>\n<meta property=\"og:site_name\" content=\"Interkultur\" \/>\n<meta property=\"article:modified_time\" content=\"2024-06-25T12:56:56+00:00\" \/>\n<meta property=\"og:image\" content=\"https:\/\/interkultur.fr\/wp-content\/uploads\/2024\/02\/Mosque.jpg\" \/>\n\t<meta property=\"og:image:width\" content=\"800\" \/>\n\t<meta property=\"og:image:height\" content=\"600\" \/>\n\t<meta property=\"og:image:type\" content=\"image\/jpeg\" \/>\n<meta name=\"twitter:card\" content=\"summary_large_image\" \/>\n<script type=\"application\/ld+json\" class=\"yoast-schema-graph\">{\"@context\":\"https:\\\/\\\/schema.org\",\"@graph\":[{\"@type\":\"WebPage\",\"@id\":\"https:\\\/\\\/interkultur.fr\\\/en\\\/produit\\\/immigration-and-other-faces-of-paris\\\/\",\"url\":\"https:\\\/\\\/interkultur.fr\\\/en\\\/produit\\\/immigration-and-other-faces-of-paris\\\/\",\"name\":\"Immigration and other faces of Paris - Interkultur\",\"isPartOf\":{\"@id\":\"https:\\\/\\\/interkultur.fr\\\/en\\\/#website\"},\"primaryImageOfPage\":{\"@id\":\"https:\\\/\\\/interkultur.fr\\\/en\\\/produit\\\/immigration-and-other-faces-of-paris\\\/#primaryimage\"},\"image\":{\"@id\":\"https:\\\/\\\/interkultur.fr\\\/en\\\/produit\\\/immigration-and-other-faces-of-paris\\\/#primaryimage\"},\"thumbnailUrl\":\"https:\\\/\\\/interkultur.fr\\\/wp-content\\\/uploads\\\/2024\\\/02\\\/Mosque.jpg\",\"datePublished\":\"2024-02-06T15:05:50+00:00\",\"dateModified\":\"2024-06-25T12:56:56+00:00\",\"breadcrumb\":{\"@id\":\"https:\\\/\\\/interkultur.fr\\\/en\\\/produit\\\/immigration-and-other-faces-of-paris\\\/#breadcrumb\"},\"inLanguage\":\"en-US\",\"potentialAction\":[{\"@type\":\"ReadAction\",\"target\":[\"https:\\\/\\\/interkultur.fr\\\/en\\\/produit\\\/immigration-and-other-faces-of-paris\\\/\"]}]},{\"@type\":\"ImageObject\",\"inLanguage\":\"en-US\",\"@id\":\"https:\\\/\\\/interkultur.fr\\\/en\\\/produit\\\/immigration-and-other-faces-of-paris\\\/#primaryimage\",\"url\":\"https:\\\/\\\/interkultur.fr\\\/wp-content\\\/uploads\\\/2024\\\/02\\\/Mosque.jpg\",\"contentUrl\":\"https:\\\/\\\/interkultur.fr\\\/wp-content\\\/uploads\\\/2024\\\/02\\\/Mosque.jpg\",\"width\":800,\"height\":600},{\"@type\":\"BreadcrumbList\",\"@id\":\"https:\\\/\\\/interkultur.fr\\\/en\\\/produit\\\/immigration-and-other-faces-of-paris\\\/#breadcrumb\",\"itemListElement\":[{\"@type\":\"ListItem\",\"position\":1,\"name\":\"Accueil\",\"item\":\"https:\\\/\\\/interkultur.fr\\\/en\\\/\"},{\"@type\":\"ListItem\",\"position\":2,\"name\":\"Shop\",\"item\":\"https:\\\/\\\/interkultur.fr\\\/en\\\/shop\\\/\"},{\"@type\":\"ListItem\",\"position\":3,\"name\":\"Immigration and other faces of Paris\"}]},{\"@type\":\"WebSite\",\"@id\":\"https:\\\/\\\/interkultur.fr\\\/en\\\/#website\",\"url\":\"https:\\\/\\\/interkultur.fr\\\/en\\\/\",\"name\":\"Interkultur\",\"description\":\"Visites et \u00e9v\u00e9nements culturels dans le Paris secret li\u00e9s \u00e0 l\u2019Histoire, l\u2019art, et la valorisation du patrimoine et des savoirs faire.\",\"potentialAction\":[{\"@type\":\"SearchAction\",\"target\":{\"@type\":\"EntryPoint\",\"urlTemplate\":\"https:\\\/\\\/interkultur.fr\\\/en\\\/?s={search_term_string}\"},\"query-input\":{\"@type\":\"PropertyValueSpecification\",\"valueRequired\":true,\"valueName\":\"search_term_string\"}}],\"inLanguage\":\"en-US\"}]}<\/script>\n<!-- \/ Yoast SEO plugin. -->","yoast_head_json":{"title":"Immigration and other faces of Paris - Interkultur","robots":{"index":"index","follow":"follow","max-snippet":"max-snippet:-1","max-image-preview":"max-image-preview:large","max-video-preview":"max-video-preview:-1"},"canonical":"https:\/\/interkultur.fr\/en\/produit\/immigration-and-other-faces-of-paris\/","og_locale":"en_US","og_type":"article","og_title":"Immigration and other faces of Paris - Interkultur","og_description":"Immigration and multi cultural Paris : From the first migrant workers who came as a result of the Industrial Revolution in the 1840\u2019s to massive immigration in the 1960\u2019s, explore different faces of Paris through various districts in the North and East of the city, a colourful market and a mint tea at the superb Paris Great Mosque where today's situation as well as related topics and overall immigration questions will be debated.","og_url":"https:\/\/interkultur.fr\/en\/produit\/immigration-and-other-faces-of-paris\/","og_site_name":"Interkultur","article_modified_time":"2024-06-25T12:56:56+00:00","og_image":[{"width":800,"height":600,"url":"https:\/\/interkultur.fr\/wp-content\/uploads\/2024\/02\/Mosque.jpg","type":"image\/jpeg"}],"twitter_card":"summary_large_image","schema":{"@context":"https:\/\/schema.org","@graph":[{"@type":"WebPage","@id":"https:\/\/interkultur.fr\/en\/produit\/immigration-and-other-faces-of-paris\/","url":"https:\/\/interkultur.fr\/en\/produit\/immigration-and-other-faces-of-paris\/","name":"Immigration and other faces of Paris - Interkultur","isPartOf":{"@id":"https:\/\/interkultur.fr\/en\/#website"},"primaryImageOfPage":{"@id":"https:\/\/interkultur.fr\/en\/produit\/immigration-and-other-faces-of-paris\/#primaryimage"},"image":{"@id":"https:\/\/interkultur.fr\/en\/produit\/immigration-and-other-faces-of-paris\/#primaryimage"},"thumbnailUrl":"https:\/\/interkultur.fr\/wp-content\/uploads\/2024\/02\/Mosque.jpg","datePublished":"2024-02-06T15:05:50+00:00","dateModified":"2024-06-25T12:56:56+00:00","breadcrumb":{"@id":"https:\/\/interkultur.fr\/en\/produit\/immigration-and-other-faces-of-paris\/#breadcrumb"},"inLanguage":"en-US","potentialAction":[{"@type":"ReadAction","target":["https:\/\/interkultur.fr\/en\/produit\/immigration-and-other-faces-of-paris\/"]}]},{"@type":"ImageObject","inLanguage":"en-US","@id":"https:\/\/interkultur.fr\/en\/produit\/immigration-and-other-faces-of-paris\/#primaryimage","url":"https:\/\/interkultur.fr\/wp-content\/uploads\/2024\/02\/Mosque.jpg","contentUrl":"https:\/\/interkultur.fr\/wp-content\/uploads\/2024\/02\/Mosque.jpg","width":800,"height":600},{"@type":"BreadcrumbList","@id":"https:\/\/interkultur.fr\/en\/produit\/immigration-and-other-faces-of-paris\/#breadcrumb","itemListElement":[{"@type":"ListItem","position":1,"name":"Accueil","item":"https:\/\/interkultur.fr\/en\/"},{"@type":"ListItem","position":2,"name":"Shop","item":"https:\/\/interkultur.fr\/en\/shop\/"},{"@type":"ListItem","position":3,"name":"Immigration and other faces of Paris"}]},{"@type":"WebSite","@id":"https:\/\/interkultur.fr\/en\/#website","url":"https:\/\/interkultur.fr\/en\/","name":"Interkultur","description":"Visites et \u00e9v\u00e9nements culturels dans le Paris secret li\u00e9s \u00e0 l\u2019Histoire, l\u2019art, et la valorisation du patrimoine et des savoirs faire.","potentialAction":[{"@type":"SearchAction","target":{"@type":"EntryPoint","urlTemplate":"https:\/\/interkultur.fr\/en\/?s={search_term_string}"},"query-input":{"@type":"PropertyValueSpecification","valueRequired":true,"valueName":"search_term_string"}}],"inLanguage":"en-US"}]}},"_links":{"self":[{"href":"https:\/\/interkultur.fr\/en\/wp-json\/wp\/v2\/product\/5735","targetHints":{"allow":["GET"]}}],"collection":[{"href":"https:\/\/interkultur.fr\/en\/wp-json\/wp\/v2\/product"}],"about":[{"href":"https:\/\/interkultur.fr\/en\/wp-json\/wp\/v2\/types\/product"}],"wp:featuredmedia":[{"embeddable":true,"href":"https:\/\/interkultur.fr\/en\/wp-json\/wp\/v2\/media\/5736"}],"wp:attachment":[{"href":"https:\/\/interkultur.fr\/en\/wp-json\/wp\/v2\/media?parent=5735"}],"wp:term":[{"taxonomy":"product_brand","embeddable":true,"href":"https:\/\/interkultur.fr\/en\/wp-json\/wp\/v2\/product_brand?post=5735"},{"taxonomy":"product_cat","embeddable":true,"href":"https:\/\/interkultur.fr\/en\/wp-json\/wp\/v2\/product_cat?post=5735"},{"taxonomy":"product_tag","embeddable":true,"href":"https:\/\/interkultur.fr\/en\/wp-json\/wp\/v2\/product_tag?post=5735"}],"curies":[{"name":"wp","href":"https:\/\/api.w.org\/{rel}","templated":true}]}}