{"id":5849,"date":"2024-02-06T15:40:28","date_gmt":"2024-02-06T14:40:28","guid":{"rendered":"https:\/\/interkultur.fr\/?post_type=product&#038;p=5849"},"modified":"2024-02-06T17:27:08","modified_gmt":"2024-02-06T16:27:08","slug":"gestapo-and-repression-in-paris-16th-district","status":"publish","type":"product","link":"https:\/\/interkultur.fr\/en\/produit\/gestapo-and-repression-in-paris-16th-district\/","title":{"rendered":"Gestapo and repression in Paris 16th district"},"content":{"rendered":"<h2>Torture and Collaboration during the Occupation of Paris<\/h2>\n<p style=\"text-align: justify;\"><strong>Practical informations<\/strong><\/p>\n<ul style=\"text-align: justify;\">\n<li>Location : outside Petite Marquise bakery, 3, place Victor Hugo<\/li>\n<li>Duration : 2 hrs<\/li>\n<li>Walking tour<\/li>\n<li>25\u20ac pp for a group up to 20 people.<\/li>\n<li>Private tour: 300\u20ac (1 to 11 people)<\/li>\n<\/ul>\n<p>&nbsp;<\/p>\n<p style=\"text-align: justify;\">The visit will highlight several buildings occupied by different services of the German army, including those dedicated to the police, security as well as the <strong>French and German Gestapo<\/strong>.<\/p>\n<p style=\"text-align: justify;\">Many buildings are located on either side of Avenue Foch. These are mansions, standings, residences or even embassies. One of the most beautiful luxury hotels in Paris today was, during the four years of Occupation, the <strong>headquarters of the German troops<\/strong> for the whole of occupied France. It will be taken back in an incredible way on August 25, 1944 during the <strong>Liberation of Paris<\/strong>.<\/p>\n<p style=\"text-align: justify;\">The tour will also show the headquarters of one of the <strong>French Gestapo&#8217;s offices<\/strong>, the best known of these armed bands, which have supported the Occupier for missions of looting, extortion or the most cruel repression. Some of the characters introduced, from the underworld, the police or the world of sport, are still controversial today.<\/p>\n<p style=\"text-align: justify;\">If several places have disappeared, the former buildings and the characters linked to them will be revealed through <strong>photos<\/strong> from the period. Many other mansions or residential houses are still there to describe the different services related to <strong>security, propaganda<\/strong>, the Gestapo as well as the different administrative and police categories located there during the four years of Occupation. This <strong>formidable organization<\/strong> aimed to <strong>plunder and control France<\/strong> in the most efficient way, politically as well as economically.<\/p>\n","protected":false},"excerpt":{"rendered":"<p>This route through the 16th arrondissement aims to explore the places and history linked to the German Occupation through the formidable security and police services as well as their French auxiliaries. The tour will also reveal the roles of several characters, French or German, notoriously known for their activities during these events.<\/p>\n","protected":false},"featured_media":4769,"template":"","meta":{"_price":"","_stock":"","_tribe_ticket_header":"","_tribe_default_ticket_provider":"","_tribe_ticket_capacity":"0","_ticket_start_date":"","_ticket_end_date":"","_tribe_ticket_show_description":"","_tribe_ticket_show_not_going":false,"_tribe_ticket_use_global_stock":"","_tribe_ticket_global_stock_level":"","_global_stock_mode":"","_global_stock_cap":"","_tribe_rsvp_for_event":"","_tribe_ticket_going_count":"","_tribe_ticket_not_going_count":"","_tribe_tickets_list":"[]","_tribe_ticket_has_attendee_info_fields":false,"_tec_slr_enabled":"","_tec_slr_layout":""},"product_brand":[],"product_cat":[143],"product_tag":[],"class_list":{"0":"post-5849","1":"product","2":"type-product","3":"status-publish","4":"has-post-thumbnail","6":"product_cat-visit-paris","8":"first","9":"instock","10":"featured","11":"virtual","12":"product-type-simple"},"yoast_head":"<!-- This site is optimized with the Yoast SEO plugin v27.5 - https:\/\/yoast.com\/product\/yoast-seo-wordpress\/ -->\n<title>Gestapo and repression in Paris 16th district - Interkultur<\/title>\n<meta name=\"robots\" content=\"index, follow, max-snippet:-1, max-image-preview:large, max-video-preview:-1\" \/>\n<link rel=\"canonical\" href=\"https:\/\/interkultur.fr\/en\/produit\/gestapo-and-repression-in-paris-16th-district\/\" \/>\n<meta property=\"og:locale\" content=\"en_US\" \/>\n<meta property=\"og:type\" content=\"article\" \/>\n<meta property=\"og:title\" content=\"Gestapo and repression in Paris 16th district - Interkultur\" \/>\n<meta property=\"og:description\" content=\"This route through the 16th arrondissement aims to explore the places and history linked to the German Occupation through the formidable security and police services as well as their French auxiliaries. The tour will also reveal the roles of several characters, French or German, notoriously known for their activities during these events.\" \/>\n<meta property=\"og:url\" content=\"https:\/\/interkultur.fr\/en\/produit\/gestapo-and-repression-in-paris-16th-district\/\" \/>\n<meta property=\"og:site_name\" content=\"Interkultur\" \/>\n<meta property=\"article:modified_time\" content=\"2024-02-06T16:27:08+00:00\" \/>\n<meta property=\"og:image\" content=\"https:\/\/interkultur.fr\/wp-content\/uploads\/2023\/12\/Hotel-Majestic-600x450-1.webp\" \/>\n\t<meta property=\"og:image:width\" content=\"600\" \/>\n\t<meta property=\"og:image:height\" content=\"450\" \/>\n\t<meta property=\"og:image:type\" content=\"image\/webp\" \/>\n<meta name=\"twitter:card\" content=\"summary_large_image\" \/>\n<script type=\"application\/ld+json\" class=\"yoast-schema-graph\">{\"@context\":\"https:\\\/\\\/schema.org\",\"@graph\":[{\"@type\":\"WebPage\",\"@id\":\"https:\\\/\\\/interkultur.fr\\\/en\\\/produit\\\/gestapo-and-repression-in-paris-16th-district\\\/\",\"url\":\"https:\\\/\\\/interkultur.fr\\\/en\\\/produit\\\/gestapo-and-repression-in-paris-16th-district\\\/\",\"name\":\"Gestapo and repression in Paris 16th district - Interkultur\",\"isPartOf\":{\"@id\":\"https:\\\/\\\/interkultur.fr\\\/en\\\/#website\"},\"primaryImageOfPage\":{\"@id\":\"https:\\\/\\\/interkultur.fr\\\/en\\\/produit\\\/gestapo-and-repression-in-paris-16th-district\\\/#primaryimage\"},\"image\":{\"@id\":\"https:\\\/\\\/interkultur.fr\\\/en\\\/produit\\\/gestapo-and-repression-in-paris-16th-district\\\/#primaryimage\"},\"thumbnailUrl\":\"https:\\\/\\\/interkultur.fr\\\/wp-content\\\/uploads\\\/2023\\\/12\\\/Hotel-Majestic-600x450-1.webp\",\"datePublished\":\"2024-02-06T14:40:28+00:00\",\"dateModified\":\"2024-02-06T16:27:08+00:00\",\"breadcrumb\":{\"@id\":\"https:\\\/\\\/interkultur.fr\\\/en\\\/produit\\\/gestapo-and-repression-in-paris-16th-district\\\/#breadcrumb\"},\"inLanguage\":\"en-US\",\"potentialAction\":[{\"@type\":\"ReadAction\",\"target\":[\"https:\\\/\\\/interkultur.fr\\\/en\\\/produit\\\/gestapo-and-repression-in-paris-16th-district\\\/\"]}]},{\"@type\":\"ImageObject\",\"inLanguage\":\"en-US\",\"@id\":\"https:\\\/\\\/interkultur.fr\\\/en\\\/produit\\\/gestapo-and-repression-in-paris-16th-district\\\/#primaryimage\",\"url\":\"https:\\\/\\\/interkultur.fr\\\/wp-content\\\/uploads\\\/2023\\\/12\\\/Hotel-Majestic-600x450-1.webp\",\"contentUrl\":\"https:\\\/\\\/interkultur.fr\\\/wp-content\\\/uploads\\\/2023\\\/12\\\/Hotel-Majestic-600x450-1.webp\",\"width\":600,\"height\":450},{\"@type\":\"BreadcrumbList\",\"@id\":\"https:\\\/\\\/interkultur.fr\\\/en\\\/produit\\\/gestapo-and-repression-in-paris-16th-district\\\/#breadcrumb\",\"itemListElement\":[{\"@type\":\"ListItem\",\"position\":1,\"name\":\"Accueil\",\"item\":\"https:\\\/\\\/interkultur.fr\\\/en\\\/\"},{\"@type\":\"ListItem\",\"position\":2,\"name\":\"Shop\",\"item\":\"https:\\\/\\\/interkultur.fr\\\/en\\\/shop\\\/\"},{\"@type\":\"ListItem\",\"position\":3,\"name\":\"Gestapo and repression in Paris 16th district\"}]},{\"@type\":\"WebSite\",\"@id\":\"https:\\\/\\\/interkultur.fr\\\/en\\\/#website\",\"url\":\"https:\\\/\\\/interkultur.fr\\\/en\\\/\",\"name\":\"Interkultur\",\"description\":\"Visites et \u00e9v\u00e9nements culturels dans le Paris secret li\u00e9s \u00e0 l\u2019Histoire, l\u2019art, et la valorisation du patrimoine et des savoirs faire.\",\"potentialAction\":[{\"@type\":\"SearchAction\",\"target\":{\"@type\":\"EntryPoint\",\"urlTemplate\":\"https:\\\/\\\/interkultur.fr\\\/en\\\/?s={search_term_string}\"},\"query-input\":{\"@type\":\"PropertyValueSpecification\",\"valueRequired\":true,\"valueName\":\"search_term_string\"}}],\"inLanguage\":\"en-US\"}]}<\/script>\n<!-- \/ Yoast SEO plugin. -->","yoast_head_json":{"title":"Gestapo and repression in Paris 16th district - Interkultur","robots":{"index":"index","follow":"follow","max-snippet":"max-snippet:-1","max-image-preview":"max-image-preview:large","max-video-preview":"max-video-preview:-1"},"canonical":"https:\/\/interkultur.fr\/en\/produit\/gestapo-and-repression-in-paris-16th-district\/","og_locale":"en_US","og_type":"article","og_title":"Gestapo and repression in Paris 16th district - Interkultur","og_description":"This route through the 16th arrondissement aims to explore the places and history linked to the German Occupation through the formidable security and police services as well as their French auxiliaries. The tour will also reveal the roles of several characters, French or German, notoriously known for their activities during these events.","og_url":"https:\/\/interkultur.fr\/en\/produit\/gestapo-and-repression-in-paris-16th-district\/","og_site_name":"Interkultur","article_modified_time":"2024-02-06T16:27:08+00:00","og_image":[{"width":600,"height":450,"url":"https:\/\/interkultur.fr\/wp-content\/uploads\/2023\/12\/Hotel-Majestic-600x450-1.webp","type":"image\/webp"}],"twitter_card":"summary_large_image","schema":{"@context":"https:\/\/schema.org","@graph":[{"@type":"WebPage","@id":"https:\/\/interkultur.fr\/en\/produit\/gestapo-and-repression-in-paris-16th-district\/","url":"https:\/\/interkultur.fr\/en\/produit\/gestapo-and-repression-in-paris-16th-district\/","name":"Gestapo and repression in Paris 16th district - Interkultur","isPartOf":{"@id":"https:\/\/interkultur.fr\/en\/#website"},"primaryImageOfPage":{"@id":"https:\/\/interkultur.fr\/en\/produit\/gestapo-and-repression-in-paris-16th-district\/#primaryimage"},"image":{"@id":"https:\/\/interkultur.fr\/en\/produit\/gestapo-and-repression-in-paris-16th-district\/#primaryimage"},"thumbnailUrl":"https:\/\/interkultur.fr\/wp-content\/uploads\/2023\/12\/Hotel-Majestic-600x450-1.webp","datePublished":"2024-02-06T14:40:28+00:00","dateModified":"2024-02-06T16:27:08+00:00","breadcrumb":{"@id":"https:\/\/interkultur.fr\/en\/produit\/gestapo-and-repression-in-paris-16th-district\/#breadcrumb"},"inLanguage":"en-US","potentialAction":[{"@type":"ReadAction","target":["https:\/\/interkultur.fr\/en\/produit\/gestapo-and-repression-in-paris-16th-district\/"]}]},{"@type":"ImageObject","inLanguage":"en-US","@id":"https:\/\/interkultur.fr\/en\/produit\/gestapo-and-repression-in-paris-16th-district\/#primaryimage","url":"https:\/\/interkultur.fr\/wp-content\/uploads\/2023\/12\/Hotel-Majestic-600x450-1.webp","contentUrl":"https:\/\/interkultur.fr\/wp-content\/uploads\/2023\/12\/Hotel-Majestic-600x450-1.webp","width":600,"height":450},{"@type":"BreadcrumbList","@id":"https:\/\/interkultur.fr\/en\/produit\/gestapo-and-repression-in-paris-16th-district\/#breadcrumb","itemListElement":[{"@type":"ListItem","position":1,"name":"Accueil","item":"https:\/\/interkultur.fr\/en\/"},{"@type":"ListItem","position":2,"name":"Shop","item":"https:\/\/interkultur.fr\/en\/shop\/"},{"@type":"ListItem","position":3,"name":"Gestapo and repression in Paris 16th district"}]},{"@type":"WebSite","@id":"https:\/\/interkultur.fr\/en\/#website","url":"https:\/\/interkultur.fr\/en\/","name":"Interkultur","description":"Visites et \u00e9v\u00e9nements culturels dans le Paris secret li\u00e9s \u00e0 l\u2019Histoire, l\u2019art, et la valorisation du patrimoine et des savoirs faire.","potentialAction":[{"@type":"SearchAction","target":{"@type":"EntryPoint","urlTemplate":"https:\/\/interkultur.fr\/en\/?s={search_term_string}"},"query-input":{"@type":"PropertyValueSpecification","valueRequired":true,"valueName":"search_term_string"}}],"inLanguage":"en-US"}]}},"_links":{"self":[{"href":"https:\/\/interkultur.fr\/en\/wp-json\/wp\/v2\/product\/5849","targetHints":{"allow":["GET"]}}],"collection":[{"href":"https:\/\/interkultur.fr\/en\/wp-json\/wp\/v2\/product"}],"about":[{"href":"https:\/\/interkultur.fr\/en\/wp-json\/wp\/v2\/types\/product"}],"wp:featuredmedia":[{"embeddable":true,"href":"https:\/\/interkultur.fr\/en\/wp-json\/wp\/v2\/media\/4769"}],"wp:attachment":[{"href":"https:\/\/interkultur.fr\/en\/wp-json\/wp\/v2\/media?parent=5849"}],"wp:term":[{"taxonomy":"product_brand","embeddable":true,"href":"https:\/\/interkultur.fr\/en\/wp-json\/wp\/v2\/product_brand?post=5849"},{"taxonomy":"product_cat","embeddable":true,"href":"https:\/\/interkultur.fr\/en\/wp-json\/wp\/v2\/product_cat?post=5849"},{"taxonomy":"product_tag","embeddable":true,"href":"https:\/\/interkultur.fr\/en\/wp-json\/wp\/v2\/product_tag?post=5849"}],"curies":[{"name":"wp","href":"https:\/\/api.w.org\/{rel}","templated":true}]}}