{"id":6070,"date":"2024-02-07T11:30:19","date_gmt":"2024-02-07T10:30:19","guid":{"rendered":"https:\/\/interkultur.fr\/?post_type=product&#038;p=6070"},"modified":"2024-02-12T23:25:24","modified_gmt":"2024-02-12T22:25:24","slug":"les-batignolles","status":"publish","type":"product","link":"https:\/\/interkultur.fr\/en\/produit\/les-batignolles\/","title":{"rendered":"Les Batignolles"},"content":{"rendered":"<h2>Les Batignolles<\/h2>\n<p><strong>Practical informations<\/strong><\/p>\n<ul>\n<li>Location : M\u00e9tro Rome (line 2)<\/li>\n<li>Duration : 2h15<\/li>\n<li>Walk<\/li>\n<li><strong>Private group tour<\/strong> at any date (270\u20ac)<\/li>\n<\/ul>\n<p>&nbsp;<\/p>\n<p style=\"text-align: justify;\">After having explored the area, we will cross the railway lines and enter the ancient <strong>village of Batignolles<\/strong>. The battles of 1871 destroyed a big part of the buildings in this area, and the architecture is therefore less luxurious here, with modern apartment blocks and small two-storey houses. The difference between the two villages is especially noteworthy in this regard.<br \/>\nIn the poorest part of Batignolles the population has gotten younger and more dynamic, which the neighborhood has benefited from. Near the main street, the church and the 19th century square, there are many caf\u00e9s, restaurants and trendy shops have appeared in the past few years. The numerous art studios and galleries contribute to the <strong>bobo charm<\/strong> of the neighborhood.<br \/>\nToday, the area north of Batignolles which is close to the city limits, has been <strong>considerably restructured<\/strong>; there is a big park surrounded by buildings in glass and steel, made by some of the biggest names in <strong>contemporary architecture<\/strong>.<br \/>\nOne of them, the new courthouse is over 150m high. With the brand new police headquarters, they fly high in a former disused area of Paris.<br \/>\nWith a metro station coming out off the ground, the area symbolizes the future of Paris.<\/p>\n","protected":false},"excerpt":{"rendered":"<p>Stroll the 17th arrondissement of Paris and discover <strong>the unsung Batignolles quarter<\/strong>, with its <strong>flowery<\/strong> and discreet streets and <strong>designer shops<\/strong>. Beyond the traditional park lies the recently built <strong>eco-neighborhood<\/strong> around the Park Martin Luther King, as well as the brand new <strong>courthouse<\/strong> designed by the architect of the famous Centre Pompidou museum, Renzo Piano.<\/p>\n","protected":false},"featured_media":6217,"template":"","meta":{"_price":"","_stock":"","_tribe_ticket_header":"","_tribe_default_ticket_provider":"","_tribe_ticket_capacity":"0","_ticket_start_date":"","_ticket_end_date":"","_tribe_ticket_show_description":"","_tribe_ticket_show_not_going":false,"_tribe_ticket_use_global_stock":"","_tribe_ticket_global_stock_level":"","_global_stock_mode":"","_global_stock_cap":"","_tribe_rsvp_for_event":"","_tribe_ticket_going_count":"","_tribe_ticket_not_going_count":"","_tribe_tickets_list":"[]","_tribe_ticket_has_attendee_info_fields":false,"_tec_slr_enabled":"","_tec_slr_layout":""},"product_brand":[],"product_cat":[143],"product_tag":[],"class_list":{"0":"post-6070","1":"product","2":"type-product","3":"status-publish","4":"has-post-thumbnail","6":"product_cat-visit-paris","8":"first","9":"instock","10":"featured","11":"virtual","12":"product-type-simple"},"yoast_head":"<!-- This site is optimized with the Yoast SEO plugin v27.5 - https:\/\/yoast.com\/product\/yoast-seo-wordpress\/ -->\n<title>Les Batignolles - Interkultur<\/title>\n<meta name=\"robots\" content=\"index, follow, max-snippet:-1, max-image-preview:large, max-video-preview:-1\" \/>\n<link rel=\"canonical\" href=\"https:\/\/interkultur.fr\/en\/produit\/les-batignolles\/\" \/>\n<meta property=\"og:locale\" content=\"en_US\" \/>\n<meta property=\"og:type\" content=\"article\" \/>\n<meta property=\"og:title\" content=\"Les Batignolles - Interkultur\" \/>\n<meta property=\"og:description\" content=\"Stroll the 17th arrondissement of Paris and discover the unsung Batignolles quarter, with its flowery and discreet streets and designer shops. Beyond the traditional park lies the recently built eco-neighborhood around the Park Martin Luther King, as well as the brand new courthouse designed by the architect of the famous Centre Pompidou museum, Renzo Piano.\" \/>\n<meta property=\"og:url\" content=\"https:\/\/interkultur.fr\/en\/produit\/les-batignolles\/\" \/>\n<meta property=\"og:site_name\" content=\"Interkultur\" \/>\n<meta property=\"article:modified_time\" content=\"2024-02-12T22:25:24+00:00\" \/>\n<meta property=\"og:image\" content=\"https:\/\/interkultur.fr\/wp-content\/uploads\/2024\/02\/Cite-des-fleurs.jpg\" \/>\n\t<meta property=\"og:image:width\" content=\"510\" \/>\n\t<meta property=\"og:image:height\" content=\"680\" \/>\n\t<meta property=\"og:image:type\" content=\"image\/jpeg\" \/>\n<meta name=\"twitter:card\" content=\"summary_large_image\" \/>\n<script type=\"application\/ld+json\" class=\"yoast-schema-graph\">{\"@context\":\"https:\\\/\\\/schema.org\",\"@graph\":[{\"@type\":\"WebPage\",\"@id\":\"https:\\\/\\\/interkultur.fr\\\/en\\\/produit\\\/les-batignolles\\\/\",\"url\":\"https:\\\/\\\/interkultur.fr\\\/en\\\/produit\\\/les-batignolles\\\/\",\"name\":\"Les Batignolles - Interkultur\",\"isPartOf\":{\"@id\":\"https:\\\/\\\/interkultur.fr\\\/en\\\/#website\"},\"primaryImageOfPage\":{\"@id\":\"https:\\\/\\\/interkultur.fr\\\/en\\\/produit\\\/les-batignolles\\\/#primaryimage\"},\"image\":{\"@id\":\"https:\\\/\\\/interkultur.fr\\\/en\\\/produit\\\/les-batignolles\\\/#primaryimage\"},\"thumbnailUrl\":\"https:\\\/\\\/interkultur.fr\\\/wp-content\\\/uploads\\\/2024\\\/02\\\/Cite-des-fleurs.jpg\",\"datePublished\":\"2024-02-07T10:30:19+00:00\",\"dateModified\":\"2024-02-12T22:25:24+00:00\",\"breadcrumb\":{\"@id\":\"https:\\\/\\\/interkultur.fr\\\/en\\\/produit\\\/les-batignolles\\\/#breadcrumb\"},\"inLanguage\":\"en-US\",\"potentialAction\":[{\"@type\":\"ReadAction\",\"target\":[\"https:\\\/\\\/interkultur.fr\\\/en\\\/produit\\\/les-batignolles\\\/\"]}]},{\"@type\":\"ImageObject\",\"inLanguage\":\"en-US\",\"@id\":\"https:\\\/\\\/interkultur.fr\\\/en\\\/produit\\\/les-batignolles\\\/#primaryimage\",\"url\":\"https:\\\/\\\/interkultur.fr\\\/wp-content\\\/uploads\\\/2024\\\/02\\\/Cite-des-fleurs.jpg\",\"contentUrl\":\"https:\\\/\\\/interkultur.fr\\\/wp-content\\\/uploads\\\/2024\\\/02\\\/Cite-des-fleurs.jpg\",\"width\":510,\"height\":680},{\"@type\":\"BreadcrumbList\",\"@id\":\"https:\\\/\\\/interkultur.fr\\\/en\\\/produit\\\/les-batignolles\\\/#breadcrumb\",\"itemListElement\":[{\"@type\":\"ListItem\",\"position\":1,\"name\":\"Accueil\",\"item\":\"https:\\\/\\\/interkultur.fr\\\/en\\\/\"},{\"@type\":\"ListItem\",\"position\":2,\"name\":\"Shop\",\"item\":\"https:\\\/\\\/interkultur.fr\\\/en\\\/shop\\\/\"},{\"@type\":\"ListItem\",\"position\":3,\"name\":\"Les Batignolles\"}]},{\"@type\":\"WebSite\",\"@id\":\"https:\\\/\\\/interkultur.fr\\\/en\\\/#website\",\"url\":\"https:\\\/\\\/interkultur.fr\\\/en\\\/\",\"name\":\"Interkultur\",\"description\":\"Visites et \u00e9v\u00e9nements culturels dans le Paris secret li\u00e9s \u00e0 l\u2019Histoire, l\u2019art, et la valorisation du patrimoine et des savoirs faire.\",\"potentialAction\":[{\"@type\":\"SearchAction\",\"target\":{\"@type\":\"EntryPoint\",\"urlTemplate\":\"https:\\\/\\\/interkultur.fr\\\/en\\\/?s={search_term_string}\"},\"query-input\":{\"@type\":\"PropertyValueSpecification\",\"valueRequired\":true,\"valueName\":\"search_term_string\"}}],\"inLanguage\":\"en-US\"}]}<\/script>\n<!-- \/ Yoast SEO plugin. -->","yoast_head_json":{"title":"Les Batignolles - Interkultur","robots":{"index":"index","follow":"follow","max-snippet":"max-snippet:-1","max-image-preview":"max-image-preview:large","max-video-preview":"max-video-preview:-1"},"canonical":"https:\/\/interkultur.fr\/en\/produit\/les-batignolles\/","og_locale":"en_US","og_type":"article","og_title":"Les Batignolles - Interkultur","og_description":"Stroll the 17th arrondissement of Paris and discover the unsung Batignolles quarter, with its flowery and discreet streets and designer shops. Beyond the traditional park lies the recently built eco-neighborhood around the Park Martin Luther King, as well as the brand new courthouse designed by the architect of the famous Centre Pompidou museum, Renzo Piano.","og_url":"https:\/\/interkultur.fr\/en\/produit\/les-batignolles\/","og_site_name":"Interkultur","article_modified_time":"2024-02-12T22:25:24+00:00","og_image":[{"width":510,"height":680,"url":"https:\/\/interkultur.fr\/wp-content\/uploads\/2024\/02\/Cite-des-fleurs.jpg","type":"image\/jpeg"}],"twitter_card":"summary_large_image","schema":{"@context":"https:\/\/schema.org","@graph":[{"@type":"WebPage","@id":"https:\/\/interkultur.fr\/en\/produit\/les-batignolles\/","url":"https:\/\/interkultur.fr\/en\/produit\/les-batignolles\/","name":"Les Batignolles - Interkultur","isPartOf":{"@id":"https:\/\/interkultur.fr\/en\/#website"},"primaryImageOfPage":{"@id":"https:\/\/interkultur.fr\/en\/produit\/les-batignolles\/#primaryimage"},"image":{"@id":"https:\/\/interkultur.fr\/en\/produit\/les-batignolles\/#primaryimage"},"thumbnailUrl":"https:\/\/interkultur.fr\/wp-content\/uploads\/2024\/02\/Cite-des-fleurs.jpg","datePublished":"2024-02-07T10:30:19+00:00","dateModified":"2024-02-12T22:25:24+00:00","breadcrumb":{"@id":"https:\/\/interkultur.fr\/en\/produit\/les-batignolles\/#breadcrumb"},"inLanguage":"en-US","potentialAction":[{"@type":"ReadAction","target":["https:\/\/interkultur.fr\/en\/produit\/les-batignolles\/"]}]},{"@type":"ImageObject","inLanguage":"en-US","@id":"https:\/\/interkultur.fr\/en\/produit\/les-batignolles\/#primaryimage","url":"https:\/\/interkultur.fr\/wp-content\/uploads\/2024\/02\/Cite-des-fleurs.jpg","contentUrl":"https:\/\/interkultur.fr\/wp-content\/uploads\/2024\/02\/Cite-des-fleurs.jpg","width":510,"height":680},{"@type":"BreadcrumbList","@id":"https:\/\/interkultur.fr\/en\/produit\/les-batignolles\/#breadcrumb","itemListElement":[{"@type":"ListItem","position":1,"name":"Accueil","item":"https:\/\/interkultur.fr\/en\/"},{"@type":"ListItem","position":2,"name":"Shop","item":"https:\/\/interkultur.fr\/en\/shop\/"},{"@type":"ListItem","position":3,"name":"Les Batignolles"}]},{"@type":"WebSite","@id":"https:\/\/interkultur.fr\/en\/#website","url":"https:\/\/interkultur.fr\/en\/","name":"Interkultur","description":"Visites et \u00e9v\u00e9nements culturels dans le Paris secret li\u00e9s \u00e0 l\u2019Histoire, l\u2019art, et la valorisation du patrimoine et des savoirs faire.","potentialAction":[{"@type":"SearchAction","target":{"@type":"EntryPoint","urlTemplate":"https:\/\/interkultur.fr\/en\/?s={search_term_string}"},"query-input":{"@type":"PropertyValueSpecification","valueRequired":true,"valueName":"search_term_string"}}],"inLanguage":"en-US"}]}},"_links":{"self":[{"href":"https:\/\/interkultur.fr\/en\/wp-json\/wp\/v2\/product\/6070","targetHints":{"allow":["GET"]}}],"collection":[{"href":"https:\/\/interkultur.fr\/en\/wp-json\/wp\/v2\/product"}],"about":[{"href":"https:\/\/interkultur.fr\/en\/wp-json\/wp\/v2\/types\/product"}],"wp:featuredmedia":[{"embeddable":true,"href":"https:\/\/interkultur.fr\/en\/wp-json\/wp\/v2\/media\/6217"}],"wp:attachment":[{"href":"https:\/\/interkultur.fr\/en\/wp-json\/wp\/v2\/media?parent=6070"}],"wp:term":[{"taxonomy":"product_brand","embeddable":true,"href":"https:\/\/interkultur.fr\/en\/wp-json\/wp\/v2\/product_brand?post=6070"},{"taxonomy":"product_cat","embeddable":true,"href":"https:\/\/interkultur.fr\/en\/wp-json\/wp\/v2\/product_cat?post=6070"},{"taxonomy":"product_tag","embeddable":true,"href":"https:\/\/interkultur.fr\/en\/wp-json\/wp\/v2\/product_tag?post=6070"}],"curies":[{"name":"wp","href":"https:\/\/api.w.org\/{rel}","templated":true}]}}