{"id":6073,"date":"2024-02-07T11:39:14","date_gmt":"2024-02-07T10:39:14","guid":{"rendered":"https:\/\/interkultur.fr\/?post_type=product&#038;p=6073"},"modified":"2024-02-07T22:14:45","modified_gmt":"2024-02-07T21:14:45","slug":"butte-aux-cailles","status":"publish","type":"product","link":"https:\/\/interkultur.fr\/en\/produit\/butte-aux-cailles\/","title":{"rendered":"Butte aux Cailles"},"content":{"rendered":"<h2>The Butte aux Cailles<\/h2>\n<p><strong>Practical informations<\/strong><\/p>\n<ul>\n<li>Location : M\u00e9tro Corvisart (line 6)<\/li>\n<li>Duration : 2h15<\/li>\n<li>Walk<\/li>\n<li><strong>Private tour<\/strong> at any date (270\u20ac)<\/li>\n<\/ul>\n<p style=\"text-align: justify;\">Close to Place d&#8217;Italie, behind some new apartment blocks, you will find one of the rare parts of Paris that still feels <strong>like a village<\/strong>. Quite isolated and therefore well preserved, the streets are paved with <strong>cobblestones<\/strong>. It was only urbanised recently, at the start of the 20th century, with <strong>detached houses<\/strong> and low buildings, due to the weakness of the ground.<\/p>\n<p style=\"text-align: justify;\">The<strong> animated streets<\/strong>, lined with numerous bars, restaurants and shops, have a social, party atmosphere, and are home to a <strong>vast open-air gallery<\/strong> of works of graffiti, some by Miss Tick, a famous local street artist.<br \/>\nCharming back streets take the stroller into the past on the tracks of the &#8220;<strong>little Alsace<\/strong>&#8221; with residential homes built like typical ones in the eastern province, or the &#8220;<strong>little Russia<\/strong>&#8220;, with houses built to shelter taxi drivers emigrated to Paris after the Russian revolution.<\/p>\n<p style=\"text-align: justify;\">Other <strong>beautiful back-alleys<\/strong> with terraced houses and gardens lead back to the hill where old houses mix with other peculiarities, including one of Paris\u2019 last remaining <strong>natural wells<\/strong>, where locals are used to coming to drink fresh water or fill containers.<br \/>\nThe tour will also show other charming parts of the neighborhood with <strong>colored houses<\/strong> and <strong>isolated pedestrian streets<\/strong>, built for quarry workers, but now sought by the highest bidders.<\/p>\n","protected":false},"excerpt":{"rendered":"<p>An unforgettable experience is guaranteed as you wander through <strong>la Butte aux Cailles<\/strong>, anti-establishment Parisian party district, with it\u2019s restaurants and detached houses that provide an <strong>unrivaled Left Bank atmosphere<\/strong>. One of Paris&#8217;s favorite playgrounds for street artists, the area also boasts of <strong>hidden gems<\/strong> and many other peculiarities.<\/p>\n","protected":false},"featured_media":6239,"template":"","meta":{"_price":"","_stock":"","_tribe_ticket_header":"","_tribe_default_ticket_provider":"","_tribe_ticket_capacity":"0","_ticket_start_date":"","_ticket_end_date":"","_tribe_ticket_show_description":"","_tribe_ticket_show_not_going":false,"_tribe_ticket_use_global_stock":"","_tribe_ticket_global_stock_level":"","_global_stock_mode":"","_global_stock_cap":"","_tribe_rsvp_for_event":"","_tribe_ticket_going_count":"","_tribe_ticket_not_going_count":"","_tribe_tickets_list":"[]","_tribe_ticket_has_attendee_info_fields":false,"_tec_slr_enabled":"","_tec_slr_layout":""},"product_brand":[],"product_cat":[143],"product_tag":[],"class_list":{"0":"post-6073","1":"product","2":"type-product","3":"status-publish","4":"has-post-thumbnail","6":"product_cat-visit-paris","8":"first","9":"instock","10":"featured","11":"virtual","12":"product-type-simple"},"yoast_head":"<!-- This site is optimized with the Yoast SEO plugin v27.4 - https:\/\/yoast.com\/product\/yoast-seo-wordpress\/ -->\n<title>Butte aux Cailles - Interkultur<\/title>\n<meta name=\"robots\" content=\"index, follow, max-snippet:-1, max-image-preview:large, max-video-preview:-1\" \/>\n<link rel=\"canonical\" href=\"https:\/\/interkultur.fr\/en\/produit\/butte-aux-cailles\/\" \/>\n<meta property=\"og:locale\" content=\"en_US\" \/>\n<meta property=\"og:type\" content=\"article\" \/>\n<meta property=\"og:title\" content=\"Butte aux Cailles - Interkultur\" \/>\n<meta property=\"og:description\" content=\"An unforgettable experience is guaranteed as you wander through la Butte aux Cailles, anti-establishment Parisian party district, with it\u2019s restaurants and detached houses that provide an unrivaled Left Bank atmosphere. One of Paris&#039;s favorite playgrounds for street artists, the area also boasts of hidden gems and many other peculiarities.\" \/>\n<meta property=\"og:url\" content=\"https:\/\/interkultur.fr\/en\/produit\/butte-aux-cailles\/\" \/>\n<meta property=\"og:site_name\" content=\"Interkultur\" \/>\n<meta property=\"article:modified_time\" content=\"2024-02-07T21:14:45+00:00\" \/>\n<meta property=\"og:image\" content=\"https:\/\/interkultur.fr\/wp-content\/uploads\/2024\/02\/Butte-aux-Cailles-street-scaled.jpg\" \/>\n\t<meta property=\"og:image:width\" content=\"2560\" \/>\n\t<meta property=\"og:image:height\" content=\"1920\" \/>\n\t<meta property=\"og:image:type\" content=\"image\/jpeg\" \/>\n<meta name=\"twitter:card\" content=\"summary_large_image\" \/>\n<script type=\"application\/ld+json\" class=\"yoast-schema-graph\">{\"@context\":\"https:\\\/\\\/schema.org\",\"@graph\":[{\"@type\":\"WebPage\",\"@id\":\"https:\\\/\\\/interkultur.fr\\\/en\\\/produit\\\/butte-aux-cailles\\\/\",\"url\":\"https:\\\/\\\/interkultur.fr\\\/en\\\/produit\\\/butte-aux-cailles\\\/\",\"name\":\"Butte aux Cailles - Interkultur\",\"isPartOf\":{\"@id\":\"https:\\\/\\\/interkultur.fr\\\/en\\\/#website\"},\"primaryImageOfPage\":{\"@id\":\"https:\\\/\\\/interkultur.fr\\\/en\\\/produit\\\/butte-aux-cailles\\\/#primaryimage\"},\"image\":{\"@id\":\"https:\\\/\\\/interkultur.fr\\\/en\\\/produit\\\/butte-aux-cailles\\\/#primaryimage\"},\"thumbnailUrl\":\"https:\\\/\\\/interkultur.fr\\\/wp-content\\\/uploads\\\/2024\\\/02\\\/Butte-aux-Cailles-street-scaled.jpg\",\"datePublished\":\"2024-02-07T10:39:14+00:00\",\"dateModified\":\"2024-02-07T21:14:45+00:00\",\"breadcrumb\":{\"@id\":\"https:\\\/\\\/interkultur.fr\\\/en\\\/produit\\\/butte-aux-cailles\\\/#breadcrumb\"},\"inLanguage\":\"en-US\",\"potentialAction\":[{\"@type\":\"ReadAction\",\"target\":[\"https:\\\/\\\/interkultur.fr\\\/en\\\/produit\\\/butte-aux-cailles\\\/\"]}]},{\"@type\":\"ImageObject\",\"inLanguage\":\"en-US\",\"@id\":\"https:\\\/\\\/interkultur.fr\\\/en\\\/produit\\\/butte-aux-cailles\\\/#primaryimage\",\"url\":\"https:\\\/\\\/interkultur.fr\\\/wp-content\\\/uploads\\\/2024\\\/02\\\/Butte-aux-Cailles-street-scaled.jpg\",\"contentUrl\":\"https:\\\/\\\/interkultur.fr\\\/wp-content\\\/uploads\\\/2024\\\/02\\\/Butte-aux-Cailles-street-scaled.jpg\",\"width\":2560,\"height\":1920},{\"@type\":\"BreadcrumbList\",\"@id\":\"https:\\\/\\\/interkultur.fr\\\/en\\\/produit\\\/butte-aux-cailles\\\/#breadcrumb\",\"itemListElement\":[{\"@type\":\"ListItem\",\"position\":1,\"name\":\"Accueil\",\"item\":\"https:\\\/\\\/interkultur.fr\\\/en\\\/\"},{\"@type\":\"ListItem\",\"position\":2,\"name\":\"Shop\",\"item\":\"https:\\\/\\\/interkultur.fr\\\/en\\\/shop\\\/\"},{\"@type\":\"ListItem\",\"position\":3,\"name\":\"Butte aux Cailles\"}]},{\"@type\":\"WebSite\",\"@id\":\"https:\\\/\\\/interkultur.fr\\\/en\\\/#website\",\"url\":\"https:\\\/\\\/interkultur.fr\\\/en\\\/\",\"name\":\"Interkultur\",\"description\":\"Visites et \u00e9v\u00e9nements culturels dans le Paris secret li\u00e9s \u00e0 l\u2019Histoire, l\u2019art, et la valorisation du patrimoine et des savoirs faire.\",\"potentialAction\":[{\"@type\":\"SearchAction\",\"target\":{\"@type\":\"EntryPoint\",\"urlTemplate\":\"https:\\\/\\\/interkultur.fr\\\/en\\\/?s={search_term_string}\"},\"query-input\":{\"@type\":\"PropertyValueSpecification\",\"valueRequired\":true,\"valueName\":\"search_term_string\"}}],\"inLanguage\":\"en-US\"}]}<\/script>\n<!-- \/ Yoast SEO plugin. -->","yoast_head_json":{"title":"Butte aux Cailles - Interkultur","robots":{"index":"index","follow":"follow","max-snippet":"max-snippet:-1","max-image-preview":"max-image-preview:large","max-video-preview":"max-video-preview:-1"},"canonical":"https:\/\/interkultur.fr\/en\/produit\/butte-aux-cailles\/","og_locale":"en_US","og_type":"article","og_title":"Butte aux Cailles - Interkultur","og_description":"An unforgettable experience is guaranteed as you wander through la Butte aux Cailles, anti-establishment Parisian party district, with it\u2019s restaurants and detached houses that provide an unrivaled Left Bank atmosphere. One of Paris's favorite playgrounds for street artists, the area also boasts of hidden gems and many other peculiarities.","og_url":"https:\/\/interkultur.fr\/en\/produit\/butte-aux-cailles\/","og_site_name":"Interkultur","article_modified_time":"2024-02-07T21:14:45+00:00","og_image":[{"width":2560,"height":1920,"url":"https:\/\/interkultur.fr\/wp-content\/uploads\/2024\/02\/Butte-aux-Cailles-street-scaled.jpg","type":"image\/jpeg"}],"twitter_card":"summary_large_image","schema":{"@context":"https:\/\/schema.org","@graph":[{"@type":"WebPage","@id":"https:\/\/interkultur.fr\/en\/produit\/butte-aux-cailles\/","url":"https:\/\/interkultur.fr\/en\/produit\/butte-aux-cailles\/","name":"Butte aux Cailles - Interkultur","isPartOf":{"@id":"https:\/\/interkultur.fr\/en\/#website"},"primaryImageOfPage":{"@id":"https:\/\/interkultur.fr\/en\/produit\/butte-aux-cailles\/#primaryimage"},"image":{"@id":"https:\/\/interkultur.fr\/en\/produit\/butte-aux-cailles\/#primaryimage"},"thumbnailUrl":"https:\/\/interkultur.fr\/wp-content\/uploads\/2024\/02\/Butte-aux-Cailles-street-scaled.jpg","datePublished":"2024-02-07T10:39:14+00:00","dateModified":"2024-02-07T21:14:45+00:00","breadcrumb":{"@id":"https:\/\/interkultur.fr\/en\/produit\/butte-aux-cailles\/#breadcrumb"},"inLanguage":"en-US","potentialAction":[{"@type":"ReadAction","target":["https:\/\/interkultur.fr\/en\/produit\/butte-aux-cailles\/"]}]},{"@type":"ImageObject","inLanguage":"en-US","@id":"https:\/\/interkultur.fr\/en\/produit\/butte-aux-cailles\/#primaryimage","url":"https:\/\/interkultur.fr\/wp-content\/uploads\/2024\/02\/Butte-aux-Cailles-street-scaled.jpg","contentUrl":"https:\/\/interkultur.fr\/wp-content\/uploads\/2024\/02\/Butte-aux-Cailles-street-scaled.jpg","width":2560,"height":1920},{"@type":"BreadcrumbList","@id":"https:\/\/interkultur.fr\/en\/produit\/butte-aux-cailles\/#breadcrumb","itemListElement":[{"@type":"ListItem","position":1,"name":"Accueil","item":"https:\/\/interkultur.fr\/en\/"},{"@type":"ListItem","position":2,"name":"Shop","item":"https:\/\/interkultur.fr\/en\/shop\/"},{"@type":"ListItem","position":3,"name":"Butte aux Cailles"}]},{"@type":"WebSite","@id":"https:\/\/interkultur.fr\/en\/#website","url":"https:\/\/interkultur.fr\/en\/","name":"Interkultur","description":"Visites et \u00e9v\u00e9nements culturels dans le Paris secret li\u00e9s \u00e0 l\u2019Histoire, l\u2019art, et la valorisation du patrimoine et des savoirs faire.","potentialAction":[{"@type":"SearchAction","target":{"@type":"EntryPoint","urlTemplate":"https:\/\/interkultur.fr\/en\/?s={search_term_string}"},"query-input":{"@type":"PropertyValueSpecification","valueRequired":true,"valueName":"search_term_string"}}],"inLanguage":"en-US"}]}},"_links":{"self":[{"href":"https:\/\/interkultur.fr\/en\/wp-json\/wp\/v2\/product\/6073","targetHints":{"allow":["GET"]}}],"collection":[{"href":"https:\/\/interkultur.fr\/en\/wp-json\/wp\/v2\/product"}],"about":[{"href":"https:\/\/interkultur.fr\/en\/wp-json\/wp\/v2\/types\/product"}],"wp:featuredmedia":[{"embeddable":true,"href":"https:\/\/interkultur.fr\/en\/wp-json\/wp\/v2\/media\/6239"}],"wp:attachment":[{"href":"https:\/\/interkultur.fr\/en\/wp-json\/wp\/v2\/media?parent=6073"}],"wp:term":[{"taxonomy":"product_brand","embeddable":true,"href":"https:\/\/interkultur.fr\/en\/wp-json\/wp\/v2\/product_brand?post=6073"},{"taxonomy":"product_cat","embeddable":true,"href":"https:\/\/interkultur.fr\/en\/wp-json\/wp\/v2\/product_cat?post=6073"},{"taxonomy":"product_tag","embeddable":true,"href":"https:\/\/interkultur.fr\/en\/wp-json\/wp\/v2\/product_tag?post=6073"}],"curies":[{"name":"wp","href":"https:\/\/api.w.org\/{rel}","templated":true}]}}