{"id":6075,"date":"2024-02-07T11:43:36","date_gmt":"2024-02-07T10:43:36","guid":{"rendered":"https:\/\/interkultur.fr\/?post_type=product&#038;p=6075"},"modified":"2024-04-22T19:18:14","modified_gmt":"2024-04-22T17:18:14","slug":"saint-germain-des-pres","status":"publish","type":"product","link":"https:\/\/interkultur.fr\/en\/produit\/saint-germain-des-pres\/","title":{"rendered":"Saint Germain des Pr\u00e9s"},"content":{"rendered":"<h3>Stroll around Saint Germain des Pr\u00e9s !<\/h3>\n<p><strong>Practical Informations<\/strong><br \/>\n\u2022 Meeting Point: M\u00e9tro Saint Germain des Pr\u00e9s (line 4)<br \/>\n\u2022 Duration : 2h15<br \/>\n\u2022 Walking tour<br \/>\n\u2022 <strong>Private tour<\/strong> at any date (270\u20ac\/group)<\/p>\n<p>&nbsp;<\/p>\n<p>We will start the tour with the <strong>oldest church in the city,<\/strong> belonging to the old abbey of Saint-Germain-des-Pr\u00e9s. Construction started in the 6th century, the goal being to house the relics of Saint-Vincent. Saint-Germain-des-Pr\u00e9s quickly became a place of pilgrimage with an <strong>impressive collection of relics<\/strong> as well as a sizeable library inside the monastery. This church was hence open until 1792, when it would be closed for 11 years following the French Revolution.<\/p>\n<p>The abbey\u2019s holdings, as shown in the Polyptych or the general ledger of the monastery, were extended over a huge territory. With a big part of the land situated west of Boulevard Saint-Michel. Together we will study the combination of <strong>romanesque and gothic styles<\/strong>. But also look at the different architectural styles introduced during the restorations of the church, especially in the 19th century.<br \/>\nThe neighborhood was considerably changed by Haussmann\u2019s transformations of Paris. Three <strong>vast caf\u00e9s<\/strong> near the church, which appeared in the second half of the 19th century, have been frequented by a great deal of <strong>personalities<\/strong> from all over the world. Saint Germain des Pr\u00e9s has been a meeting-place for French nationalists as well as philosophers and famous authors. It has\u00a0 also been known to be the <strong>cradle of jazz in Paris<\/strong>. Saint-Germain-des-Pr\u00e9s has thus established itself as the neighborhood of the <strong>\u201cRive Gauche\u201d<\/strong> (Left Bank) atmosphere, particularly after World War II.<\/p>\n<p>Even though this tour is filled with French heritage and history, we will not forget to tell you <strong>anecdotes<\/strong> and <strong>secrets<\/strong> about the area. We will also talk about the <strong>changes in the neighborhood<\/strong>. Such as the disappearance of traditional landmarks, the inevitable gentrification, as well as the appearance of more luxury shops.<\/p>\n","protected":false},"excerpt":{"rendered":"<p>The name of this neighborhood comes from the <strong>ancient abbey of Saint Germain<\/strong>, one of the richest and most prestigious in Europe. Only the church remains today, and it is the most ancient in Paris with its <strong>oldest part dating from the 11th century<\/strong>. This area was also the <strong>meeting place<\/strong> of the <strong>intelligentsia<\/strong> and international artists before World War II, as well as for postwar philosophers. It is celebrated as the <strong>birthplace of jazz<\/strong> in Paris, and is famous for it nightly revelry and crazy parties.<br \/>\nThis walk will explore all of these fascinating aspects, as well as the <strong>superb Luxembourg Palace and Gardens<\/strong>. You will see why Saint Germain guards the literary <strong>soul of the left bank<\/strong> and boasts \u2018<strong>chic Paris<\/strong>\u2019, typical of the 6th arrondissement.<\/p>\n","protected":false},"featured_media":6213,"template":"","meta":{"_price":"","_stock":"","_tribe_ticket_header":"","_tribe_default_ticket_provider":"","_tribe_ticket_capacity":"0","_ticket_start_date":"","_ticket_end_date":"","_tribe_ticket_show_description":"","_tribe_ticket_show_not_going":false,"_tribe_ticket_use_global_stock":"","_tribe_ticket_global_stock_level":"","_global_stock_mode":"","_global_stock_cap":"","_tribe_rsvp_for_event":"","_tribe_ticket_going_count":"","_tribe_ticket_not_going_count":"","_tribe_tickets_list":"[]","_tribe_ticket_has_attendee_info_fields":false,"_tec_slr_enabled":"","_tec_slr_layout":""},"product_brand":[],"product_cat":[143],"product_tag":[],"class_list":{"0":"post-6075","1":"product","2":"type-product","3":"status-publish","4":"has-post-thumbnail","6":"product_cat-visit-paris","8":"first","9":"instock","10":"featured","11":"virtual","12":"product-type-simple"},"yoast_head":"<!-- This site is optimized with the Yoast SEO plugin v27.4 - https:\/\/yoast.com\/product\/yoast-seo-wordpress\/ -->\n<title>Saint Germain des Pr\u00e9s - Interkultur<\/title>\n<meta name=\"robots\" content=\"index, follow, max-snippet:-1, max-image-preview:large, max-video-preview:-1\" \/>\n<link rel=\"canonical\" href=\"https:\/\/interkultur.fr\/en\/produit\/saint-germain-des-pres\/\" \/>\n<meta property=\"og:locale\" content=\"en_US\" \/>\n<meta property=\"og:type\" content=\"article\" \/>\n<meta property=\"og:title\" content=\"Saint Germain des Pr\u00e9s - Interkultur\" \/>\n<meta property=\"og:description\" content=\"The name of this neighborhood comes from the ancient abbey of Saint Germain, one of the richest and most prestigious in Europe. Only the church remains today, and it is the most ancient in Paris with its oldest part dating from the 11th century. This area was also the meeting place of the intelligentsia and international artists before World War II, as well as for postwar philosophers. It is celebrated as the birthplace of jazz in Paris, and is famous for it nightly revelry and crazy parties. This walk will explore all of these fascinating aspects, as well as the superb Luxembourg Palace and Gardens. You will see why Saint Germain guards the literary soul of the left bank and boasts \u2018chic Paris\u2019, typical of the 6th arrondissement.\" \/>\n<meta property=\"og:url\" content=\"https:\/\/interkultur.fr\/en\/produit\/saint-germain-des-pres\/\" \/>\n<meta property=\"og:site_name\" content=\"Interkultur\" \/>\n<meta property=\"article:modified_time\" content=\"2024-04-22T17:18:14+00:00\" \/>\n<meta property=\"og:image\" content=\"https:\/\/interkultur.fr\/wp-content\/uploads\/2024\/02\/St-Germain.jpg\" \/>\n\t<meta property=\"og:image:width\" content=\"960\" \/>\n\t<meta property=\"og:image:height\" content=\"1280\" \/>\n\t<meta property=\"og:image:type\" content=\"image\/jpeg\" \/>\n<meta name=\"twitter:card\" content=\"summary_large_image\" \/>\n<script type=\"application\/ld+json\" class=\"yoast-schema-graph\">{\"@context\":\"https:\\\/\\\/schema.org\",\"@graph\":[{\"@type\":\"WebPage\",\"@id\":\"https:\\\/\\\/interkultur.fr\\\/en\\\/produit\\\/saint-germain-des-pres\\\/\",\"url\":\"https:\\\/\\\/interkultur.fr\\\/en\\\/produit\\\/saint-germain-des-pres\\\/\",\"name\":\"Saint Germain des Pr\u00e9s - Interkultur\",\"isPartOf\":{\"@id\":\"https:\\\/\\\/interkultur.fr\\\/en\\\/#website\"},\"primaryImageOfPage\":{\"@id\":\"https:\\\/\\\/interkultur.fr\\\/en\\\/produit\\\/saint-germain-des-pres\\\/#primaryimage\"},\"image\":{\"@id\":\"https:\\\/\\\/interkultur.fr\\\/en\\\/produit\\\/saint-germain-des-pres\\\/#primaryimage\"},\"thumbnailUrl\":\"https:\\\/\\\/interkultur.fr\\\/wp-content\\\/uploads\\\/2024\\\/02\\\/St-Germain.jpg\",\"datePublished\":\"2024-02-07T10:43:36+00:00\",\"dateModified\":\"2024-04-22T17:18:14+00:00\",\"breadcrumb\":{\"@id\":\"https:\\\/\\\/interkultur.fr\\\/en\\\/produit\\\/saint-germain-des-pres\\\/#breadcrumb\"},\"inLanguage\":\"en-US\",\"potentialAction\":[{\"@type\":\"ReadAction\",\"target\":[\"https:\\\/\\\/interkultur.fr\\\/en\\\/produit\\\/saint-germain-des-pres\\\/\"]}]},{\"@type\":\"ImageObject\",\"inLanguage\":\"en-US\",\"@id\":\"https:\\\/\\\/interkultur.fr\\\/en\\\/produit\\\/saint-germain-des-pres\\\/#primaryimage\",\"url\":\"https:\\\/\\\/interkultur.fr\\\/wp-content\\\/uploads\\\/2024\\\/02\\\/St-Germain.jpg\",\"contentUrl\":\"https:\\\/\\\/interkultur.fr\\\/wp-content\\\/uploads\\\/2024\\\/02\\\/St-Germain.jpg\",\"width\":960,\"height\":1280},{\"@type\":\"BreadcrumbList\",\"@id\":\"https:\\\/\\\/interkultur.fr\\\/en\\\/produit\\\/saint-germain-des-pres\\\/#breadcrumb\",\"itemListElement\":[{\"@type\":\"ListItem\",\"position\":1,\"name\":\"Accueil\",\"item\":\"https:\\\/\\\/interkultur.fr\\\/en\\\/\"},{\"@type\":\"ListItem\",\"position\":2,\"name\":\"Shop\",\"item\":\"https:\\\/\\\/interkultur.fr\\\/en\\\/shop\\\/\"},{\"@type\":\"ListItem\",\"position\":3,\"name\":\"Saint Germain des Pr\u00e9s\"}]},{\"@type\":\"WebSite\",\"@id\":\"https:\\\/\\\/interkultur.fr\\\/en\\\/#website\",\"url\":\"https:\\\/\\\/interkultur.fr\\\/en\\\/\",\"name\":\"Interkultur\",\"description\":\"Visites et \u00e9v\u00e9nements culturels dans le Paris secret li\u00e9s \u00e0 l\u2019Histoire, l\u2019art, et la valorisation du patrimoine et des savoirs faire.\",\"potentialAction\":[{\"@type\":\"SearchAction\",\"target\":{\"@type\":\"EntryPoint\",\"urlTemplate\":\"https:\\\/\\\/interkultur.fr\\\/en\\\/?s={search_term_string}\"},\"query-input\":{\"@type\":\"PropertyValueSpecification\",\"valueRequired\":true,\"valueName\":\"search_term_string\"}}],\"inLanguage\":\"en-US\"}]}<\/script>\n<!-- \/ Yoast SEO plugin. -->","yoast_head_json":{"title":"Saint Germain des Pr\u00e9s - Interkultur","robots":{"index":"index","follow":"follow","max-snippet":"max-snippet:-1","max-image-preview":"max-image-preview:large","max-video-preview":"max-video-preview:-1"},"canonical":"https:\/\/interkultur.fr\/en\/produit\/saint-germain-des-pres\/","og_locale":"en_US","og_type":"article","og_title":"Saint Germain des Pr\u00e9s - Interkultur","og_description":"The name of this neighborhood comes from the ancient abbey of Saint Germain, one of the richest and most prestigious in Europe. Only the church remains today, and it is the most ancient in Paris with its oldest part dating from the 11th century. This area was also the meeting place of the intelligentsia and international artists before World War II, as well as for postwar philosophers. It is celebrated as the birthplace of jazz in Paris, and is famous for it nightly revelry and crazy parties. This walk will explore all of these fascinating aspects, as well as the superb Luxembourg Palace and Gardens. You will see why Saint Germain guards the literary soul of the left bank and boasts \u2018chic Paris\u2019, typical of the 6th arrondissement.","og_url":"https:\/\/interkultur.fr\/en\/produit\/saint-germain-des-pres\/","og_site_name":"Interkultur","article_modified_time":"2024-04-22T17:18:14+00:00","og_image":[{"width":960,"height":1280,"url":"https:\/\/interkultur.fr\/wp-content\/uploads\/2024\/02\/St-Germain.jpg","type":"image\/jpeg"}],"twitter_card":"summary_large_image","schema":{"@context":"https:\/\/schema.org","@graph":[{"@type":"WebPage","@id":"https:\/\/interkultur.fr\/en\/produit\/saint-germain-des-pres\/","url":"https:\/\/interkultur.fr\/en\/produit\/saint-germain-des-pres\/","name":"Saint Germain des Pr\u00e9s - Interkultur","isPartOf":{"@id":"https:\/\/interkultur.fr\/en\/#website"},"primaryImageOfPage":{"@id":"https:\/\/interkultur.fr\/en\/produit\/saint-germain-des-pres\/#primaryimage"},"image":{"@id":"https:\/\/interkultur.fr\/en\/produit\/saint-germain-des-pres\/#primaryimage"},"thumbnailUrl":"https:\/\/interkultur.fr\/wp-content\/uploads\/2024\/02\/St-Germain.jpg","datePublished":"2024-02-07T10:43:36+00:00","dateModified":"2024-04-22T17:18:14+00:00","breadcrumb":{"@id":"https:\/\/interkultur.fr\/en\/produit\/saint-germain-des-pres\/#breadcrumb"},"inLanguage":"en-US","potentialAction":[{"@type":"ReadAction","target":["https:\/\/interkultur.fr\/en\/produit\/saint-germain-des-pres\/"]}]},{"@type":"ImageObject","inLanguage":"en-US","@id":"https:\/\/interkultur.fr\/en\/produit\/saint-germain-des-pres\/#primaryimage","url":"https:\/\/interkultur.fr\/wp-content\/uploads\/2024\/02\/St-Germain.jpg","contentUrl":"https:\/\/interkultur.fr\/wp-content\/uploads\/2024\/02\/St-Germain.jpg","width":960,"height":1280},{"@type":"BreadcrumbList","@id":"https:\/\/interkultur.fr\/en\/produit\/saint-germain-des-pres\/#breadcrumb","itemListElement":[{"@type":"ListItem","position":1,"name":"Accueil","item":"https:\/\/interkultur.fr\/en\/"},{"@type":"ListItem","position":2,"name":"Shop","item":"https:\/\/interkultur.fr\/en\/shop\/"},{"@type":"ListItem","position":3,"name":"Saint Germain des Pr\u00e9s"}]},{"@type":"WebSite","@id":"https:\/\/interkultur.fr\/en\/#website","url":"https:\/\/interkultur.fr\/en\/","name":"Interkultur","description":"Visites et \u00e9v\u00e9nements culturels dans le Paris secret li\u00e9s \u00e0 l\u2019Histoire, l\u2019art, et la valorisation du patrimoine et des savoirs faire.","potentialAction":[{"@type":"SearchAction","target":{"@type":"EntryPoint","urlTemplate":"https:\/\/interkultur.fr\/en\/?s={search_term_string}"},"query-input":{"@type":"PropertyValueSpecification","valueRequired":true,"valueName":"search_term_string"}}],"inLanguage":"en-US"}]}},"_links":{"self":[{"href":"https:\/\/interkultur.fr\/en\/wp-json\/wp\/v2\/product\/6075","targetHints":{"allow":["GET"]}}],"collection":[{"href":"https:\/\/interkultur.fr\/en\/wp-json\/wp\/v2\/product"}],"about":[{"href":"https:\/\/interkultur.fr\/en\/wp-json\/wp\/v2\/types\/product"}],"wp:featuredmedia":[{"embeddable":true,"href":"https:\/\/interkultur.fr\/en\/wp-json\/wp\/v2\/media\/6213"}],"wp:attachment":[{"href":"https:\/\/interkultur.fr\/en\/wp-json\/wp\/v2\/media?parent=6075"}],"wp:term":[{"taxonomy":"product_brand","embeddable":true,"href":"https:\/\/interkultur.fr\/en\/wp-json\/wp\/v2\/product_brand?post=6075"},{"taxonomy":"product_cat","embeddable":true,"href":"https:\/\/interkultur.fr\/en\/wp-json\/wp\/v2\/product_cat?post=6075"},{"taxonomy":"product_tag","embeddable":true,"href":"https:\/\/interkultur.fr\/en\/wp-json\/wp\/v2\/product_tag?post=6075"}],"curies":[{"name":"wp","href":"https:\/\/api.w.org\/{rel}","templated":true}]}}