{"id":6079,"date":"2024-02-07T12:00:04","date_gmt":"2024-02-07T11:00:04","guid":{"rendered":"https:\/\/interkultur.fr\/?post_type=product&#038;p=6079"},"modified":"2024-02-07T21:44:45","modified_gmt":"2024-02-07T20:44:45","slug":"pere-lachaise-and-revolutionary-paris","status":"publish","type":"product","link":"https:\/\/interkultur.fr\/en\/produit\/pere-lachaise-and-revolutionary-paris\/","title":{"rendered":"P\u00e8re Lachaise and Revolutionary Paris"},"content":{"rendered":"<h3><strong>P\u00e8re Lachaise cemetery and revolutionary Paris<\/strong><\/h3>\n<p><strong>Practical informations<\/strong><\/p>\n<ul>\n<li>Location : M\u00e9tro P\u00e8re Lachaise (line 2 and 3)<\/li>\n<li>Duration : 3h<\/li>\n<li>Walk<\/li>\n<li><strong>Private tour<\/strong> at any date (270\u20ac)<\/li>\n<\/ul>\n<p>&nbsp;<\/p>\n<p style=\"text-align: justify;\">The <strong>P\u00e8re Lachaise and Revolutionary Paris<\/strong> walk will take you in the east of Paris, far from touristic areas and famous landmarks. The most well known cemetery in Paris is amazing not only for <strong>unique architecture display<\/strong> or the famous people buried there, but also for its <strong>diversity<\/strong> and <strong>incomparable charm<\/strong>.<\/p>\n<p style=\"text-align: justify;\">The design of the cemetery combines English park and Shrine. All styles of funerary art are represented: Gothic tombs, Haussmannian vaults, antique style mausoleum &#8230;<\/p>\n<p style=\"text-align: justify;\">With a <strong>bucolic stroll<\/strong> in a very green environment full of charm, a paradise for cats, the walk will look beyond the famous men and women, at <strong>other aspects<\/strong> of the cemetery. P\u00e8re Lachaise is indeed a multiple place where one crosses the striking memorials of people deported during World War II, leaders and great names of French communism in the 20th century, and tributes to air disasters.<\/p>\n<p style=\"text-align: justify;\">Finally, the cemetery will also be an opportunity to discuss the <strong>Paris Commune<\/strong> as the latest fighting in the <strong>bloody week<\/strong> (21 to 28 May, 1871) took place here. While many of the protagonists of this dark period are buried, the <strong>famous wall of the Federated<\/strong>, north-east of the cemetery is the most famous track.<\/p>\n<p style=\"text-align: justify;\">After a final walk through the neighborhood of <strong>Napoleon&#8217;s marshals<\/strong>, the tour will lead participants outside the cemetery, a backdoor and most charming exit, to a natural area, where the city of Paris invites visitors to discover an enclosed area where <strong>flore and faune are left to grow<\/strong> without any human intervention.<\/p>\n","protected":false},"excerpt":{"rendered":"<p>P\u00e8re Lachaise cemetery is the <strong>most prestigious<\/strong> and visited in Paris. Located in the 20th arrondissement, it extends over 44 acres of <strong>outstanding scenery<\/strong> and contains about <strong>70,000 graves<\/strong>. In the largest green space in Paris are the graves of<strong> many celebrities<\/strong>: Balzac, Chopin, Colette, Champollion, Moli\u00e8re, Yves Montand and Simone Signoret, Jim Morrison, Alfred de Musset, Edith Piaf, Pissarro, Oscar Wilde, Modigliani and many others.<br \/>\nThe cemetery is also well known because the Commune of Paris, a socialist Revolution ended right there in 1871 in horrid <strong>fightings<\/strong>.<\/p>\n","protected":false},"featured_media":6192,"template":"","meta":{"_price":"","_stock":"","_tribe_ticket_header":"","_tribe_default_ticket_provider":"","_tribe_ticket_capacity":"0","_ticket_start_date":"","_ticket_end_date":"","_tribe_ticket_show_description":"","_tribe_ticket_show_not_going":false,"_tribe_ticket_use_global_stock":"","_tribe_ticket_global_stock_level":"","_global_stock_mode":"","_global_stock_cap":"","_tribe_rsvp_for_event":"","_tribe_ticket_going_count":"","_tribe_ticket_not_going_count":"","_tribe_tickets_list":"[]","_tribe_ticket_has_attendee_info_fields":false,"_tec_slr_enabled":"","_tec_slr_layout":""},"product_brand":[],"product_cat":[143],"product_tag":[],"class_list":{"0":"post-6079","1":"product","2":"type-product","3":"status-publish","4":"has-post-thumbnail","6":"product_cat-visit-paris","8":"first","9":"instock","10":"featured","11":"virtual","12":"product-type-simple"},"yoast_head":"<!-- This site is optimized with the Yoast SEO plugin v27.5 - https:\/\/yoast.com\/product\/yoast-seo-wordpress\/ -->\n<title>P\u00e8re Lachaise and Revolutionary Paris - Interkultur<\/title>\n<meta name=\"robots\" content=\"index, follow, max-snippet:-1, max-image-preview:large, max-video-preview:-1\" \/>\n<link rel=\"canonical\" href=\"https:\/\/interkultur.fr\/en\/produit\/pere-lachaise-and-revolutionary-paris\/\" \/>\n<meta property=\"og:locale\" content=\"en_US\" \/>\n<meta property=\"og:type\" content=\"article\" \/>\n<meta property=\"og:title\" content=\"P\u00e8re Lachaise and Revolutionary Paris - Interkultur\" \/>\n<meta property=\"og:description\" content=\"P\u00e8re Lachaise cemetery is the most prestigious and visited in Paris. Located in the 20th arrondissement, it extends over 44 acres of outstanding scenery and contains about 70,000 graves. In the largest green space in Paris are the graves of many celebrities: Balzac, Chopin, Colette, Champollion, Moli\u00e8re, Yves Montand and Simone Signoret, Jim Morrison, Alfred de Musset, Edith Piaf, Pissarro, Oscar Wilde, Modigliani and many others. The cemetery is also well known because the Commune of Paris, a socialist Revolution ended right there in 1871 in horrid fightings.\" \/>\n<meta property=\"og:url\" content=\"https:\/\/interkultur.fr\/en\/produit\/pere-lachaise-and-revolutionary-paris\/\" \/>\n<meta property=\"og:site_name\" content=\"Interkultur\" \/>\n<meta property=\"article:modified_time\" content=\"2024-02-07T20:44:45+00:00\" \/>\n<meta property=\"og:image\" content=\"https:\/\/interkultur.fr\/wp-content\/uploads\/2024\/02\/Mur-des-federes-1-scaled.jpg\" \/>\n\t<meta property=\"og:image:width\" content=\"2560\" \/>\n\t<meta property=\"og:image:height\" content=\"1920\" \/>\n\t<meta property=\"og:image:type\" content=\"image\/jpeg\" \/>\n<meta name=\"twitter:card\" content=\"summary_large_image\" \/>\n<script type=\"application\/ld+json\" class=\"yoast-schema-graph\">{\"@context\":\"https:\\\/\\\/schema.org\",\"@graph\":[{\"@type\":\"WebPage\",\"@id\":\"https:\\\/\\\/interkultur.fr\\\/en\\\/produit\\\/pere-lachaise-and-revolutionary-paris\\\/\",\"url\":\"https:\\\/\\\/interkultur.fr\\\/en\\\/produit\\\/pere-lachaise-and-revolutionary-paris\\\/\",\"name\":\"P\u00e8re Lachaise and Revolutionary Paris - Interkultur\",\"isPartOf\":{\"@id\":\"https:\\\/\\\/interkultur.fr\\\/en\\\/#website\"},\"primaryImageOfPage\":{\"@id\":\"https:\\\/\\\/interkultur.fr\\\/en\\\/produit\\\/pere-lachaise-and-revolutionary-paris\\\/#primaryimage\"},\"image\":{\"@id\":\"https:\\\/\\\/interkultur.fr\\\/en\\\/produit\\\/pere-lachaise-and-revolutionary-paris\\\/#primaryimage\"},\"thumbnailUrl\":\"https:\\\/\\\/interkultur.fr\\\/wp-content\\\/uploads\\\/2024\\\/02\\\/Mur-des-federes-1-scaled.jpg\",\"datePublished\":\"2024-02-07T11:00:04+00:00\",\"dateModified\":\"2024-02-07T20:44:45+00:00\",\"breadcrumb\":{\"@id\":\"https:\\\/\\\/interkultur.fr\\\/en\\\/produit\\\/pere-lachaise-and-revolutionary-paris\\\/#breadcrumb\"},\"inLanguage\":\"en-US\",\"potentialAction\":[{\"@type\":\"ReadAction\",\"target\":[\"https:\\\/\\\/interkultur.fr\\\/en\\\/produit\\\/pere-lachaise-and-revolutionary-paris\\\/\"]}]},{\"@type\":\"ImageObject\",\"inLanguage\":\"en-US\",\"@id\":\"https:\\\/\\\/interkultur.fr\\\/en\\\/produit\\\/pere-lachaise-and-revolutionary-paris\\\/#primaryimage\",\"url\":\"https:\\\/\\\/interkultur.fr\\\/wp-content\\\/uploads\\\/2024\\\/02\\\/Mur-des-federes-1-scaled.jpg\",\"contentUrl\":\"https:\\\/\\\/interkultur.fr\\\/wp-content\\\/uploads\\\/2024\\\/02\\\/Mur-des-federes-1-scaled.jpg\",\"width\":2560,\"height\":1920},{\"@type\":\"BreadcrumbList\",\"@id\":\"https:\\\/\\\/interkultur.fr\\\/en\\\/produit\\\/pere-lachaise-and-revolutionary-paris\\\/#breadcrumb\",\"itemListElement\":[{\"@type\":\"ListItem\",\"position\":1,\"name\":\"Accueil\",\"item\":\"https:\\\/\\\/interkultur.fr\\\/en\\\/\"},{\"@type\":\"ListItem\",\"position\":2,\"name\":\"Shop\",\"item\":\"https:\\\/\\\/interkultur.fr\\\/en\\\/shop\\\/\"},{\"@type\":\"ListItem\",\"position\":3,\"name\":\"P\u00e8re Lachaise and Revolutionary Paris\"}]},{\"@type\":\"WebSite\",\"@id\":\"https:\\\/\\\/interkultur.fr\\\/en\\\/#website\",\"url\":\"https:\\\/\\\/interkultur.fr\\\/en\\\/\",\"name\":\"Interkultur\",\"description\":\"Visites et \u00e9v\u00e9nements culturels dans le Paris secret li\u00e9s \u00e0 l\u2019Histoire, l\u2019art, et la valorisation du patrimoine et des savoirs faire.\",\"potentialAction\":[{\"@type\":\"SearchAction\",\"target\":{\"@type\":\"EntryPoint\",\"urlTemplate\":\"https:\\\/\\\/interkultur.fr\\\/en\\\/?s={search_term_string}\"},\"query-input\":{\"@type\":\"PropertyValueSpecification\",\"valueRequired\":true,\"valueName\":\"search_term_string\"}}],\"inLanguage\":\"en-US\"}]}<\/script>\n<!-- \/ Yoast SEO plugin. -->","yoast_head_json":{"title":"P\u00e8re Lachaise and Revolutionary Paris - Interkultur","robots":{"index":"index","follow":"follow","max-snippet":"max-snippet:-1","max-image-preview":"max-image-preview:large","max-video-preview":"max-video-preview:-1"},"canonical":"https:\/\/interkultur.fr\/en\/produit\/pere-lachaise-and-revolutionary-paris\/","og_locale":"en_US","og_type":"article","og_title":"P\u00e8re Lachaise and Revolutionary Paris - Interkultur","og_description":"P\u00e8re Lachaise cemetery is the most prestigious and visited in Paris. Located in the 20th arrondissement, it extends over 44 acres of outstanding scenery and contains about 70,000 graves. In the largest green space in Paris are the graves of many celebrities: Balzac, Chopin, Colette, Champollion, Moli\u00e8re, Yves Montand and Simone Signoret, Jim Morrison, Alfred de Musset, Edith Piaf, Pissarro, Oscar Wilde, Modigliani and many others. The cemetery is also well known because the Commune of Paris, a socialist Revolution ended right there in 1871 in horrid fightings.","og_url":"https:\/\/interkultur.fr\/en\/produit\/pere-lachaise-and-revolutionary-paris\/","og_site_name":"Interkultur","article_modified_time":"2024-02-07T20:44:45+00:00","og_image":[{"width":2560,"height":1920,"url":"https:\/\/interkultur.fr\/wp-content\/uploads\/2024\/02\/Mur-des-federes-1-scaled.jpg","type":"image\/jpeg"}],"twitter_card":"summary_large_image","schema":{"@context":"https:\/\/schema.org","@graph":[{"@type":"WebPage","@id":"https:\/\/interkultur.fr\/en\/produit\/pere-lachaise-and-revolutionary-paris\/","url":"https:\/\/interkultur.fr\/en\/produit\/pere-lachaise-and-revolutionary-paris\/","name":"P\u00e8re Lachaise and Revolutionary Paris - Interkultur","isPartOf":{"@id":"https:\/\/interkultur.fr\/en\/#website"},"primaryImageOfPage":{"@id":"https:\/\/interkultur.fr\/en\/produit\/pere-lachaise-and-revolutionary-paris\/#primaryimage"},"image":{"@id":"https:\/\/interkultur.fr\/en\/produit\/pere-lachaise-and-revolutionary-paris\/#primaryimage"},"thumbnailUrl":"https:\/\/interkultur.fr\/wp-content\/uploads\/2024\/02\/Mur-des-federes-1-scaled.jpg","datePublished":"2024-02-07T11:00:04+00:00","dateModified":"2024-02-07T20:44:45+00:00","breadcrumb":{"@id":"https:\/\/interkultur.fr\/en\/produit\/pere-lachaise-and-revolutionary-paris\/#breadcrumb"},"inLanguage":"en-US","potentialAction":[{"@type":"ReadAction","target":["https:\/\/interkultur.fr\/en\/produit\/pere-lachaise-and-revolutionary-paris\/"]}]},{"@type":"ImageObject","inLanguage":"en-US","@id":"https:\/\/interkultur.fr\/en\/produit\/pere-lachaise-and-revolutionary-paris\/#primaryimage","url":"https:\/\/interkultur.fr\/wp-content\/uploads\/2024\/02\/Mur-des-federes-1-scaled.jpg","contentUrl":"https:\/\/interkultur.fr\/wp-content\/uploads\/2024\/02\/Mur-des-federes-1-scaled.jpg","width":2560,"height":1920},{"@type":"BreadcrumbList","@id":"https:\/\/interkultur.fr\/en\/produit\/pere-lachaise-and-revolutionary-paris\/#breadcrumb","itemListElement":[{"@type":"ListItem","position":1,"name":"Accueil","item":"https:\/\/interkultur.fr\/en\/"},{"@type":"ListItem","position":2,"name":"Shop","item":"https:\/\/interkultur.fr\/en\/shop\/"},{"@type":"ListItem","position":3,"name":"P\u00e8re Lachaise and Revolutionary Paris"}]},{"@type":"WebSite","@id":"https:\/\/interkultur.fr\/en\/#website","url":"https:\/\/interkultur.fr\/en\/","name":"Interkultur","description":"Visites et \u00e9v\u00e9nements culturels dans le Paris secret li\u00e9s \u00e0 l\u2019Histoire, l\u2019art, et la valorisation du patrimoine et des savoirs faire.","potentialAction":[{"@type":"SearchAction","target":{"@type":"EntryPoint","urlTemplate":"https:\/\/interkultur.fr\/en\/?s={search_term_string}"},"query-input":{"@type":"PropertyValueSpecification","valueRequired":true,"valueName":"search_term_string"}}],"inLanguage":"en-US"}]}},"_links":{"self":[{"href":"https:\/\/interkultur.fr\/en\/wp-json\/wp\/v2\/product\/6079","targetHints":{"allow":["GET"]}}],"collection":[{"href":"https:\/\/interkultur.fr\/en\/wp-json\/wp\/v2\/product"}],"about":[{"href":"https:\/\/interkultur.fr\/en\/wp-json\/wp\/v2\/types\/product"}],"wp:featuredmedia":[{"embeddable":true,"href":"https:\/\/interkultur.fr\/en\/wp-json\/wp\/v2\/media\/6192"}],"wp:attachment":[{"href":"https:\/\/interkultur.fr\/en\/wp-json\/wp\/v2\/media?parent=6079"}],"wp:term":[{"taxonomy":"product_brand","embeddable":true,"href":"https:\/\/interkultur.fr\/en\/wp-json\/wp\/v2\/product_brand?post=6079"},{"taxonomy":"product_cat","embeddable":true,"href":"https:\/\/interkultur.fr\/en\/wp-json\/wp\/v2\/product_cat?post=6079"},{"taxonomy":"product_tag","embeddable":true,"href":"https:\/\/interkultur.fr\/en\/wp-json\/wp\/v2\/product_tag?post=6079"}],"curies":[{"name":"wp","href":"https:\/\/api.w.org\/{rel}","templated":true}]}}