{"id":6081,"date":"2024-02-06T17:27:44","date_gmt":"2024-02-06T16:27:44","guid":{"rendered":"https:\/\/interkultur.fr\/?post_type=product&#038;p=6081"},"modified":"2024-02-08T00:20:51","modified_gmt":"2024-02-07T23:20:51","slug":"russian-paris","status":"publish","type":"product","link":"https:\/\/interkultur.fr\/en\/produit\/russian-paris\/","title":{"rendered":"Russian Paris"},"content":{"rendered":"<h3>Explore Russian Paris !<\/h3>\n<p><strong>Practical Informations<\/strong><br \/>\n\u2022 Meeting Point: M\u00e9tro Ourcq (line 5)<br \/>\n\u2022 Duration : 3h30<br \/>\n\u2022 Walk and m\u00e9tro (private transportation available)<br \/>\n\u2022 <strong>Private group tour<\/strong> at any date (300\u20ac\/group) + church entrance ticket<\/p>\n<p style=\"text-align: justify;\">The Russian Paris walk, is a guided tour that enables you to understand the Russian presence in Paris, between the massive influx of the 1920&#8217;s, postwar renewal and contemporary period.<br \/>\nIn the 1920s, the Russians were thousands to flee the Revolution and the Civil War: the number of Russian immigrants reached in 1923, <strong>863,000 people<\/strong>.<br \/>\nThe Russian diaspora was then essentially consisting of a small circle where everyone knew one another: aristocrats, officers of the White Russian Army, artists&#8230; This little world, although very heterogeneous, kept a common dream: to one day return to Russia. Various shops, restaurants, taverns, churches, schools and even higher education establishments flourished in the <strong>16th district<\/strong>, privileged by aristocrats, the 15th or Boulogne, where landed the <strong>officers of the White Russian Army<\/strong> who worked at Citro\u00ebn and Renault, but also in the close suburbs, with affordable prices back then.<br \/>\nRussian immigrants, often already familiar with the culture and the French language had recreated a <strong>miniature Russia<\/strong> while integrating into French society. An intellectual elite cut off from its origins and Russian cultural milieu had no choice but to start from scratch in creating associations, theaters and other cultural structures.<\/p>\n<p style=\"text-align: justify;\">If we woke up one morning of May 2, 1930, lazing in bed, we could consider: what shall we do tonight? Shall we go to the conference by <strong>Vladimir Iljine<\/strong> &#8220;Creation and destruction of the world&#8221; at the Academy of Religious Philosophy, 10 Boulevard Montparnasse? to the party of writer <strong>Remizov<\/strong> at the Hotel Lutetia? Or the literary and artistic spectacle of <strong>Turgenev<\/strong> Association with players of the Khudozhestvenny Teatr Moscow?<\/p>\n<p style=\"text-align: justify;\">This intense period is now over. Descendants of the original immigrants have long been assimilated and the Russian community was widely amputated by the battles of the Second World War.<br \/>\nIf &#8220;<strong>Little Russia<\/strong>&#8221; of the past is long gone, the current Russian presence is expanding in Paris, in different areas. The community is stronger than 40 000 people and our walk will show how it reveals today very active culturally.<\/p>\n","protected":false},"excerpt":{"rendered":"<p style=\"text-align: justify;\">With the <strong>Russian Paris tour<\/strong> you will discover Russian culture throughout its history, all around the French capital, and above all <strong>religious institutions<\/strong>, well known and sometimes <strong>hidden<\/strong>, one of which <strong>containing two trees growing inside!<\/strong><\/p>\n<p style=\"text-align: justify;\">You&#8217;ll get to see <strong>amazing nineteen century typical wooden Russian houses in a back alley usually closed to the public<\/strong> and learn about the lives in Paris of famous Russian representatives, such as Turgenev, Bunin, Pushkin or Chagall as well as a rather more contemporary Russian presence, through nightlife and gastronomy.<br \/>\nTour also available with a <strong>private VIP car.<\/strong><\/p>\n","protected":false},"featured_media":6108,"template":"","meta":{"_price":"","_stock":"","_tribe_ticket_header":"","_tribe_default_ticket_provider":"","_tribe_ticket_capacity":"0","_ticket_start_date":"","_ticket_end_date":"","_tribe_ticket_show_description":"","_tribe_ticket_show_not_going":false,"_tribe_ticket_use_global_stock":"","_tribe_ticket_global_stock_level":"","_global_stock_mode":"","_global_stock_cap":"","_tribe_rsvp_for_event":"","_tribe_ticket_going_count":"","_tribe_ticket_not_going_count":"","_tribe_tickets_list":"[]","_tribe_ticket_has_attendee_info_fields":false,"_tec_slr_enabled":"","_tec_slr_layout":""},"product_brand":[],"product_cat":[143],"product_tag":[],"class_list":{"0":"post-6081","1":"product","2":"type-product","3":"status-publish","4":"has-post-thumbnail","6":"product_cat-visit-paris","8":"first","9":"instock","10":"featured","11":"virtual","12":"product-type-simple"},"yoast_head":"<!-- This site is optimized with the Yoast SEO plugin v27.4 - https:\/\/yoast.com\/product\/yoast-seo-wordpress\/ -->\n<title>Russian Paris - Interkultur<\/title>\n<meta name=\"robots\" content=\"index, follow, max-snippet:-1, max-image-preview:large, max-video-preview:-1\" \/>\n<link rel=\"canonical\" href=\"https:\/\/interkultur.fr\/en\/produit\/russian-paris\/\" \/>\n<meta property=\"og:locale\" content=\"en_US\" \/>\n<meta property=\"og:type\" content=\"article\" \/>\n<meta property=\"og:title\" content=\"Russian Paris - Interkultur\" \/>\n<meta property=\"og:description\" content=\"With the Russian Paris tour you will discover Russian culture throughout its history, all around the French capital, and above all religious institutions, well known and sometimes hidden, one of which containing two trees growing inside! You&#039;ll get to see amazing nineteen century typical wooden Russian houses in a back alley usually closed to the public and learn about the lives in Paris of famous Russian representatives, such as Turgenev, Bunin, Pushkin or Chagall as well as a rather more contemporary Russian presence, through nightlife and gastronomy. Tour also available with a private VIP car.\" \/>\n<meta property=\"og:url\" content=\"https:\/\/interkultur.fr\/en\/produit\/russian-paris\/\" \/>\n<meta property=\"og:site_name\" content=\"Interkultur\" \/>\n<meta property=\"article:modified_time\" content=\"2024-02-07T23:20:51+00:00\" \/>\n<meta property=\"og:image\" content=\"https:\/\/interkultur.fr\/wp-content\/uploads\/2024\/02\/Saint-Serge-church.jpg\" \/>\n\t<meta property=\"og:image:width\" content=\"510\" \/>\n\t<meta property=\"og:image:height\" content=\"680\" \/>\n\t<meta property=\"og:image:type\" content=\"image\/jpeg\" \/>\n<meta name=\"twitter:card\" content=\"summary_large_image\" \/>\n<script type=\"application\/ld+json\" class=\"yoast-schema-graph\">{\"@context\":\"https:\\\/\\\/schema.org\",\"@graph\":[{\"@type\":\"WebPage\",\"@id\":\"https:\\\/\\\/interkultur.fr\\\/en\\\/produit\\\/russian-paris\\\/\",\"url\":\"https:\\\/\\\/interkultur.fr\\\/en\\\/produit\\\/russian-paris\\\/\",\"name\":\"Russian Paris - Interkultur\",\"isPartOf\":{\"@id\":\"https:\\\/\\\/interkultur.fr\\\/en\\\/#website\"},\"primaryImageOfPage\":{\"@id\":\"https:\\\/\\\/interkultur.fr\\\/en\\\/produit\\\/russian-paris\\\/#primaryimage\"},\"image\":{\"@id\":\"https:\\\/\\\/interkultur.fr\\\/en\\\/produit\\\/russian-paris\\\/#primaryimage\"},\"thumbnailUrl\":\"https:\\\/\\\/interkultur.fr\\\/wp-content\\\/uploads\\\/2024\\\/02\\\/Sainte-Trinite-russe.jpeg\",\"datePublished\":\"2024-02-06T16:27:44+00:00\",\"dateModified\":\"2024-02-07T23:20:51+00:00\",\"breadcrumb\":{\"@id\":\"https:\\\/\\\/interkultur.fr\\\/en\\\/produit\\\/russian-paris\\\/#breadcrumb\"},\"inLanguage\":\"en-US\",\"potentialAction\":[{\"@type\":\"ReadAction\",\"target\":[\"https:\\\/\\\/interkultur.fr\\\/en\\\/produit\\\/russian-paris\\\/\"]}]},{\"@type\":\"ImageObject\",\"inLanguage\":\"en-US\",\"@id\":\"https:\\\/\\\/interkultur.fr\\\/en\\\/produit\\\/russian-paris\\\/#primaryimage\",\"url\":\"https:\\\/\\\/interkultur.fr\\\/wp-content\\\/uploads\\\/2024\\\/02\\\/Sainte-Trinite-russe.jpeg\",\"contentUrl\":\"https:\\\/\\\/interkultur.fr\\\/wp-content\\\/uploads\\\/2024\\\/02\\\/Sainte-Trinite-russe.jpeg\",\"width\":1536,\"height\":2048},{\"@type\":\"BreadcrumbList\",\"@id\":\"https:\\\/\\\/interkultur.fr\\\/en\\\/produit\\\/russian-paris\\\/#breadcrumb\",\"itemListElement\":[{\"@type\":\"ListItem\",\"position\":1,\"name\":\"Accueil\",\"item\":\"https:\\\/\\\/interkultur.fr\\\/en\\\/\"},{\"@type\":\"ListItem\",\"position\":2,\"name\":\"Shop\",\"item\":\"https:\\\/\\\/interkultur.fr\\\/en\\\/shop\\\/\"},{\"@type\":\"ListItem\",\"position\":3,\"name\":\"Russian Paris\"}]},{\"@type\":\"WebSite\",\"@id\":\"https:\\\/\\\/interkultur.fr\\\/en\\\/#website\",\"url\":\"https:\\\/\\\/interkultur.fr\\\/en\\\/\",\"name\":\"Interkultur\",\"description\":\"Visites et \u00e9v\u00e9nements culturels dans le Paris secret li\u00e9s \u00e0 l\u2019Histoire, l\u2019art, et la valorisation du patrimoine et des savoirs faire.\",\"potentialAction\":[{\"@type\":\"SearchAction\",\"target\":{\"@type\":\"EntryPoint\",\"urlTemplate\":\"https:\\\/\\\/interkultur.fr\\\/en\\\/?s={search_term_string}\"},\"query-input\":{\"@type\":\"PropertyValueSpecification\",\"valueRequired\":true,\"valueName\":\"search_term_string\"}}],\"inLanguage\":\"en-US\"}]}<\/script>\n<!-- \/ Yoast SEO plugin. -->","yoast_head_json":{"title":"Russian Paris - Interkultur","robots":{"index":"index","follow":"follow","max-snippet":"max-snippet:-1","max-image-preview":"max-image-preview:large","max-video-preview":"max-video-preview:-1"},"canonical":"https:\/\/interkultur.fr\/en\/produit\/russian-paris\/","og_locale":"en_US","og_type":"article","og_title":"Russian Paris - Interkultur","og_description":"With the Russian Paris tour you will discover Russian culture throughout its history, all around the French capital, and above all religious institutions, well known and sometimes hidden, one of which containing two trees growing inside! You'll get to see amazing nineteen century typical wooden Russian houses in a back alley usually closed to the public and learn about the lives in Paris of famous Russian representatives, such as Turgenev, Bunin, Pushkin or Chagall as well as a rather more contemporary Russian presence, through nightlife and gastronomy. Tour also available with a private VIP car.","og_url":"https:\/\/interkultur.fr\/en\/produit\/russian-paris\/","og_site_name":"Interkultur","article_modified_time":"2024-02-07T23:20:51+00:00","og_image":[{"width":510,"height":680,"url":"https:\/\/interkultur.fr\/wp-content\/uploads\/2024\/02\/Saint-Serge-church.jpg","type":"image\/jpeg"}],"twitter_card":"summary_large_image","schema":{"@context":"https:\/\/schema.org","@graph":[{"@type":"WebPage","@id":"https:\/\/interkultur.fr\/en\/produit\/russian-paris\/","url":"https:\/\/interkultur.fr\/en\/produit\/russian-paris\/","name":"Russian Paris - Interkultur","isPartOf":{"@id":"https:\/\/interkultur.fr\/en\/#website"},"primaryImageOfPage":{"@id":"https:\/\/interkultur.fr\/en\/produit\/russian-paris\/#primaryimage"},"image":{"@id":"https:\/\/interkultur.fr\/en\/produit\/russian-paris\/#primaryimage"},"thumbnailUrl":"https:\/\/interkultur.fr\/wp-content\/uploads\/2024\/02\/Sainte-Trinite-russe.jpeg","datePublished":"2024-02-06T16:27:44+00:00","dateModified":"2024-02-07T23:20:51+00:00","breadcrumb":{"@id":"https:\/\/interkultur.fr\/en\/produit\/russian-paris\/#breadcrumb"},"inLanguage":"en-US","potentialAction":[{"@type":"ReadAction","target":["https:\/\/interkultur.fr\/en\/produit\/russian-paris\/"]}]},{"@type":"ImageObject","inLanguage":"en-US","@id":"https:\/\/interkultur.fr\/en\/produit\/russian-paris\/#primaryimage","url":"https:\/\/interkultur.fr\/wp-content\/uploads\/2024\/02\/Sainte-Trinite-russe.jpeg","contentUrl":"https:\/\/interkultur.fr\/wp-content\/uploads\/2024\/02\/Sainte-Trinite-russe.jpeg","width":1536,"height":2048},{"@type":"BreadcrumbList","@id":"https:\/\/interkultur.fr\/en\/produit\/russian-paris\/#breadcrumb","itemListElement":[{"@type":"ListItem","position":1,"name":"Accueil","item":"https:\/\/interkultur.fr\/en\/"},{"@type":"ListItem","position":2,"name":"Shop","item":"https:\/\/interkultur.fr\/en\/shop\/"},{"@type":"ListItem","position":3,"name":"Russian Paris"}]},{"@type":"WebSite","@id":"https:\/\/interkultur.fr\/en\/#website","url":"https:\/\/interkultur.fr\/en\/","name":"Interkultur","description":"Visites et \u00e9v\u00e9nements culturels dans le Paris secret li\u00e9s \u00e0 l\u2019Histoire, l\u2019art, et la valorisation du patrimoine et des savoirs faire.","potentialAction":[{"@type":"SearchAction","target":{"@type":"EntryPoint","urlTemplate":"https:\/\/interkultur.fr\/en\/?s={search_term_string}"},"query-input":{"@type":"PropertyValueSpecification","valueRequired":true,"valueName":"search_term_string"}}],"inLanguage":"en-US"}]}},"_links":{"self":[{"href":"https:\/\/interkultur.fr\/en\/wp-json\/wp\/v2\/product\/6081","targetHints":{"allow":["GET"]}}],"collection":[{"href":"https:\/\/interkultur.fr\/en\/wp-json\/wp\/v2\/product"}],"about":[{"href":"https:\/\/interkultur.fr\/en\/wp-json\/wp\/v2\/types\/product"}],"wp:featuredmedia":[{"embeddable":true,"href":"https:\/\/interkultur.fr\/en\/wp-json\/wp\/v2\/media\/6108"}],"wp:attachment":[{"href":"https:\/\/interkultur.fr\/en\/wp-json\/wp\/v2\/media?parent=6081"}],"wp:term":[{"taxonomy":"product_brand","embeddable":true,"href":"https:\/\/interkultur.fr\/en\/wp-json\/wp\/v2\/product_brand?post=6081"},{"taxonomy":"product_cat","embeddable":true,"href":"https:\/\/interkultur.fr\/en\/wp-json\/wp\/v2\/product_cat?post=6081"},{"taxonomy":"product_tag","embeddable":true,"href":"https:\/\/interkultur.fr\/en\/wp-json\/wp\/v2\/product_tag?post=6081"}],"curies":[{"name":"wp","href":"https:\/\/api.w.org\/{rel}","templated":true}]}}