{"id":6084,"date":"2024-02-07T12:10:40","date_gmt":"2024-02-07T11:10:40","guid":{"rendered":"https:\/\/interkultur.fr\/?post_type=product&#038;p=6084"},"modified":"2024-09-15T16:35:50","modified_gmt":"2024-09-15T14:35:50","slug":"art-deco","status":"publish","type":"product","link":"https:\/\/interkultur.fr\/en\/produit\/art-deco\/","title":{"rendered":"Art Deco"},"content":{"rendered":"<h2>Art Deco in Paris<\/h2>\n<p><strong>Practical information<\/strong><\/p>\n<ul>\n<li>Location : M\u00e9tro Ranelagh (line 9)<\/li>\n<li>Duration : 2h<\/li>\n<li>Walk and m\u00e9tro<\/li>\n<li>Special dates only<\/li>\n<li><strong>Private group tour<\/strong> at any date with booking in advance (270\u20ac)<\/li>\n<li>Includes a tour of a sculptor&#8217;s workshop (summer only)<\/li>\n<li>Visit a villa by Le Corbusier (10\u20ac pp) at other times<\/li>\n<\/ul>\n<p style=\"text-align: justify;\">Paris 1925: an exhibition will change architecture and design in a lasting way, in France as in many foreign countries: <strong>the International Exhibition of Modern Decorative and Industrial Arts<\/strong>, illustration of a newfound glory and illusion of universal peace.<br \/>\n<img decoding=\"async\" class=\"alignleft size-thumbnail wp-image-9659\" src=\"https:\/\/interkultur.fr\/wp-content\/uploads\/2024\/09\/Art-Deco-building-150x150.jpg\" alt=\"\" width=\"150\" height=\"150\" srcset=\"https:\/\/interkultur.fr\/wp-content\/uploads\/2024\/09\/Art-Deco-building-66x66.jpg 66w, https:\/\/interkultur.fr\/wp-content\/uploads\/2024\/09\/Art-Deco-building-150x150.jpg 150w, https:\/\/interkultur.fr\/wp-content\/uploads\/2024\/09\/Art-Deco-building-200x200.jpg 200w, https:\/\/interkultur.fr\/wp-content\/uploads\/2024\/09\/Art-Deco-building-500x500.jpg 500w\" sizes=\"(max-width: 150px) 100vw, 150px\" \/>In 1900, the World Exhibition consecrated Art Nouveau and showed France&#8217;s technical and industrial mastering. However, French designers were overwhelmed and dominated by the industrial reproduction of old famous classical styles. That is why the <strong>Society of Decorative Artists<\/strong> is created, whose objective is innovation and not copy.<br \/>\nAfter the First World War, society has changed: one must be modern: mechanization, civil aviation, democratization of the automobile, development of tourism induce new construction: garages, airports, among others.<br \/>\nThe <strong>architecture is renewed<\/strong> with right angles, plain surfaces and sharp edges. Architect and decorator Robert Mallet Stevens inaugurates the first &#8220;modern&#8221; street in Paris. His style is characterized by the absence of symmetry and the straight line is back as a central feature.<br \/>\n<img decoding=\"async\" class=\"alignleft size-thumbnail wp-image-9663\" src=\"https:\/\/interkultur.fr\/wp-content\/uploads\/2024\/09\/collectionneur-detail-150x150.jpg\" alt=\"\" width=\"150\" height=\"150\" srcset=\"https:\/\/interkultur.fr\/wp-content\/uploads\/2024\/09\/collectionneur-detail-66x66.jpg 66w, https:\/\/interkultur.fr\/wp-content\/uploads\/2024\/09\/collectionneur-detail-150x150.jpg 150w, https:\/\/interkultur.fr\/wp-content\/uploads\/2024\/09\/collectionneur-detail-200x200.jpg 200w, https:\/\/interkultur.fr\/wp-content\/uploads\/2024\/09\/collectionneur-detail-500x500.jpg 500w\" sizes=\"(max-width: 150px) 100vw, 150px\" \/>Unlike Art Nouveau, Art D\u00e9co sees creations by architects, surrounded by all kind of fine crafts: master glassmakers, ironworkers, sculptors&#8230; Great signatures that have left the style an <strong>elitist and luxury image<\/strong>. Yet art D\u00e9co has oriented creations of popular furniture as much as social housing.<br \/>\nArt Deco was probably the first truly international style with various developments and creations in many countries in Europe and Africa, from Japan to Brazil and of course in the United States. After being inspired by the French architects and the essential teaching of the <strong>Ecole des Beaux-Arts<\/strong>, American Art Deco high rise buildings will be in turn copied and will expand all around the world.<br \/>\nIn July and August, the tour includes the visit of the <strong>Martel brothers pristine sculptor&#8217;s workshop<\/strong>, with furniture and interior design from the Art D\u00e9co period. At other times, <strong>Villa La Roche<\/strong>, a masterpiece by <strong>Le Corbusier<\/strong> is on the agenda.<br \/>\nThe tour ends in the most perfect example of Art D\u00e9co building, today, a 5 stars hotel.<\/p>\n","protected":false},"excerpt":{"rendered":"<p>This tour is meant for architecture and interior decoration lovers.<br \/>\nA first stretch in Western Paris will recall <strong>Art D\u00e9co<\/strong>&#8216;s origins and diffusion, highlighted with several houses built in the same street by key architects. One of these houses will be <strong>exceptionally open<\/strong> for a visit of the vast workshop on the ground floor.<br \/>\nJust a block away, another amazing place, built by leading 1930&#8217;s architect <strong>Le Corbusier<\/strong>, gives another orientation to modernist style.<br \/>\nAfter a short metro trip, a stop has been arranged in <strong>one of the most beautiful and typical restaurants<\/strong> in Paris, rich with anecdotes. Across the street, is another example of Art Deco buildings, directly inspired by <strong>American high rise<\/strong>.<br \/>\nThe end of the tour will take place in a fantastic hotel built as a tribute to <strong>the great 1925 Art D\u00e9co exhibition<\/strong>, filled with the most refined furniture, frescoes, and decors.<\/p>\n","protected":false},"featured_media":6149,"template":"","meta":{"_price":"","_stock":"","_tribe_ticket_header":"","_tribe_default_ticket_provider":"","_tribe_ticket_capacity":"0","_ticket_start_date":"","_ticket_end_date":"","_tribe_ticket_show_description":"","_tribe_ticket_show_not_going":false,"_tribe_ticket_use_global_stock":"","_tribe_ticket_global_stock_level":"","_global_stock_mode":"","_global_stock_cap":"","_tribe_rsvp_for_event":"","_tribe_ticket_going_count":"","_tribe_ticket_not_going_count":"","_tribe_tickets_list":"[]","_tribe_ticket_has_attendee_info_fields":false,"_tec_slr_enabled":"","_tec_slr_layout":""},"product_brand":[],"product_cat":[143],"product_tag":[],"class_list":{"0":"post-6084","1":"product","2":"type-product","3":"status-publish","4":"has-post-thumbnail","6":"product_cat-visit-paris","8":"first","9":"instock","10":"featured","11":"virtual","12":"product-type-simple"},"yoast_head":"<!-- This site is optimized with the Yoast SEO plugin v27.4 - https:\/\/yoast.com\/product\/yoast-seo-wordpress\/ -->\n<title>Art Deco - Interkultur<\/title>\n<meta name=\"robots\" content=\"index, follow, max-snippet:-1, max-image-preview:large, max-video-preview:-1\" \/>\n<link rel=\"canonical\" href=\"https:\/\/interkultur.fr\/en\/produit\/art-deco\/\" \/>\n<meta property=\"og:locale\" content=\"en_US\" \/>\n<meta property=\"og:type\" content=\"article\" \/>\n<meta property=\"og:title\" content=\"Art Deco - Interkultur\" \/>\n<meta property=\"og:description\" content=\"This tour is meant for architecture and interior decoration lovers. A first stretch in Western Paris will recall Art D\u00e9co&#039;s origins and diffusion, highlighted with several houses built in the same street by key architects. One of these houses will be exceptionally open for a visit of the vast workshop on the ground floor. Just a block away, another amazing place, built by leading 1930&#039;s architect Le Corbusier, gives another orientation to modernist style. After a short metro trip, a stop has been arranged in one of the most beautiful and typical restaurants in Paris, rich with anecdotes. Across the street, is another example of Art Deco buildings, directly inspired by American high rise. The end of the tour will take place in a fantastic hotel built as a tribute to the great 1925 Art D\u00e9co exhibition, filled with the most refined furniture, frescoes, and decors.\" \/>\n<meta property=\"og:url\" content=\"https:\/\/interkultur.fr\/en\/produit\/art-deco\/\" \/>\n<meta property=\"og:site_name\" content=\"Interkultur\" \/>\n<meta property=\"article:modified_time\" content=\"2024-09-15T14:35:50+00:00\" \/>\n<meta property=\"og:image\" content=\"https:\/\/interkultur.fr\/wp-content\/uploads\/2024\/02\/Art-Deco-scaled.jpg\" \/>\n\t<meta property=\"og:image:width\" content=\"1920\" \/>\n\t<meta property=\"og:image:height\" content=\"2560\" \/>\n\t<meta property=\"og:image:type\" content=\"image\/jpeg\" \/>\n<meta name=\"twitter:card\" content=\"summary_large_image\" \/>\n<script type=\"application\/ld+json\" class=\"yoast-schema-graph\">{\"@context\":\"https:\\\/\\\/schema.org\",\"@graph\":[{\"@type\":\"WebPage\",\"@id\":\"https:\\\/\\\/interkultur.fr\\\/en\\\/produit\\\/art-deco\\\/\",\"url\":\"https:\\\/\\\/interkultur.fr\\\/en\\\/produit\\\/art-deco\\\/\",\"name\":\"Art Deco - Interkultur\",\"isPartOf\":{\"@id\":\"https:\\\/\\\/interkultur.fr\\\/en\\\/#website\"},\"primaryImageOfPage\":{\"@id\":\"https:\\\/\\\/interkultur.fr\\\/en\\\/produit\\\/art-deco\\\/#primaryimage\"},\"image\":{\"@id\":\"https:\\\/\\\/interkultur.fr\\\/en\\\/produit\\\/art-deco\\\/#primaryimage\"},\"thumbnailUrl\":\"https:\\\/\\\/interkultur.fr\\\/wp-content\\\/uploads\\\/2024\\\/02\\\/Art-Deco-scaled.jpg\",\"datePublished\":\"2024-02-07T11:10:40+00:00\",\"dateModified\":\"2024-09-15T14:35:50+00:00\",\"breadcrumb\":{\"@id\":\"https:\\\/\\\/interkultur.fr\\\/en\\\/produit\\\/art-deco\\\/#breadcrumb\"},\"inLanguage\":\"en-US\",\"potentialAction\":[{\"@type\":\"ReadAction\",\"target\":[\"https:\\\/\\\/interkultur.fr\\\/en\\\/produit\\\/art-deco\\\/\"]}]},{\"@type\":\"ImageObject\",\"inLanguage\":\"en-US\",\"@id\":\"https:\\\/\\\/interkultur.fr\\\/en\\\/produit\\\/art-deco\\\/#primaryimage\",\"url\":\"https:\\\/\\\/interkultur.fr\\\/wp-content\\\/uploads\\\/2024\\\/02\\\/Art-Deco-scaled.jpg\",\"contentUrl\":\"https:\\\/\\\/interkultur.fr\\\/wp-content\\\/uploads\\\/2024\\\/02\\\/Art-Deco-scaled.jpg\",\"width\":1920,\"height\":2560},{\"@type\":\"BreadcrumbList\",\"@id\":\"https:\\\/\\\/interkultur.fr\\\/en\\\/produit\\\/art-deco\\\/#breadcrumb\",\"itemListElement\":[{\"@type\":\"ListItem\",\"position\":1,\"name\":\"Accueil\",\"item\":\"https:\\\/\\\/interkultur.fr\\\/en\\\/\"},{\"@type\":\"ListItem\",\"position\":2,\"name\":\"Shop\",\"item\":\"https:\\\/\\\/interkultur.fr\\\/en\\\/shop\\\/\"},{\"@type\":\"ListItem\",\"position\":3,\"name\":\"Art Deco\"}]},{\"@type\":\"WebSite\",\"@id\":\"https:\\\/\\\/interkultur.fr\\\/en\\\/#website\",\"url\":\"https:\\\/\\\/interkultur.fr\\\/en\\\/\",\"name\":\"Interkultur\",\"description\":\"Visites et \u00e9v\u00e9nements culturels dans le Paris secret li\u00e9s \u00e0 l\u2019Histoire, l\u2019art, et la valorisation du patrimoine et des savoirs faire.\",\"potentialAction\":[{\"@type\":\"SearchAction\",\"target\":{\"@type\":\"EntryPoint\",\"urlTemplate\":\"https:\\\/\\\/interkultur.fr\\\/en\\\/?s={search_term_string}\"},\"query-input\":{\"@type\":\"PropertyValueSpecification\",\"valueRequired\":true,\"valueName\":\"search_term_string\"}}],\"inLanguage\":\"en-US\"}]}<\/script>\n<!-- \/ Yoast SEO plugin. -->","yoast_head_json":{"title":"Art Deco - Interkultur","robots":{"index":"index","follow":"follow","max-snippet":"max-snippet:-1","max-image-preview":"max-image-preview:large","max-video-preview":"max-video-preview:-1"},"canonical":"https:\/\/interkultur.fr\/en\/produit\/art-deco\/","og_locale":"en_US","og_type":"article","og_title":"Art Deco - Interkultur","og_description":"This tour is meant for architecture and interior decoration lovers. A first stretch in Western Paris will recall Art D\u00e9co's origins and diffusion, highlighted with several houses built in the same street by key architects. One of these houses will be exceptionally open for a visit of the vast workshop on the ground floor. Just a block away, another amazing place, built by leading 1930's architect Le Corbusier, gives another orientation to modernist style. After a short metro trip, a stop has been arranged in one of the most beautiful and typical restaurants in Paris, rich with anecdotes. Across the street, is another example of Art Deco buildings, directly inspired by American high rise. The end of the tour will take place in a fantastic hotel built as a tribute to the great 1925 Art D\u00e9co exhibition, filled with the most refined furniture, frescoes, and decors.","og_url":"https:\/\/interkultur.fr\/en\/produit\/art-deco\/","og_site_name":"Interkultur","article_modified_time":"2024-09-15T14:35:50+00:00","og_image":[{"width":1920,"height":2560,"url":"https:\/\/interkultur.fr\/wp-content\/uploads\/2024\/02\/Art-Deco-scaled.jpg","type":"image\/jpeg"}],"twitter_card":"summary_large_image","schema":{"@context":"https:\/\/schema.org","@graph":[{"@type":"WebPage","@id":"https:\/\/interkultur.fr\/en\/produit\/art-deco\/","url":"https:\/\/interkultur.fr\/en\/produit\/art-deco\/","name":"Art Deco - Interkultur","isPartOf":{"@id":"https:\/\/interkultur.fr\/en\/#website"},"primaryImageOfPage":{"@id":"https:\/\/interkultur.fr\/en\/produit\/art-deco\/#primaryimage"},"image":{"@id":"https:\/\/interkultur.fr\/en\/produit\/art-deco\/#primaryimage"},"thumbnailUrl":"https:\/\/interkultur.fr\/wp-content\/uploads\/2024\/02\/Art-Deco-scaled.jpg","datePublished":"2024-02-07T11:10:40+00:00","dateModified":"2024-09-15T14:35:50+00:00","breadcrumb":{"@id":"https:\/\/interkultur.fr\/en\/produit\/art-deco\/#breadcrumb"},"inLanguage":"en-US","potentialAction":[{"@type":"ReadAction","target":["https:\/\/interkultur.fr\/en\/produit\/art-deco\/"]}]},{"@type":"ImageObject","inLanguage":"en-US","@id":"https:\/\/interkultur.fr\/en\/produit\/art-deco\/#primaryimage","url":"https:\/\/interkultur.fr\/wp-content\/uploads\/2024\/02\/Art-Deco-scaled.jpg","contentUrl":"https:\/\/interkultur.fr\/wp-content\/uploads\/2024\/02\/Art-Deco-scaled.jpg","width":1920,"height":2560},{"@type":"BreadcrumbList","@id":"https:\/\/interkultur.fr\/en\/produit\/art-deco\/#breadcrumb","itemListElement":[{"@type":"ListItem","position":1,"name":"Accueil","item":"https:\/\/interkultur.fr\/en\/"},{"@type":"ListItem","position":2,"name":"Shop","item":"https:\/\/interkultur.fr\/en\/shop\/"},{"@type":"ListItem","position":3,"name":"Art Deco"}]},{"@type":"WebSite","@id":"https:\/\/interkultur.fr\/en\/#website","url":"https:\/\/interkultur.fr\/en\/","name":"Interkultur","description":"Visites et \u00e9v\u00e9nements culturels dans le Paris secret li\u00e9s \u00e0 l\u2019Histoire, l\u2019art, et la valorisation du patrimoine et des savoirs faire.","potentialAction":[{"@type":"SearchAction","target":{"@type":"EntryPoint","urlTemplate":"https:\/\/interkultur.fr\/en\/?s={search_term_string}"},"query-input":{"@type":"PropertyValueSpecification","valueRequired":true,"valueName":"search_term_string"}}],"inLanguage":"en-US"}]}},"_links":{"self":[{"href":"https:\/\/interkultur.fr\/en\/wp-json\/wp\/v2\/product\/6084","targetHints":{"allow":["GET"]}}],"collection":[{"href":"https:\/\/interkultur.fr\/en\/wp-json\/wp\/v2\/product"}],"about":[{"href":"https:\/\/interkultur.fr\/en\/wp-json\/wp\/v2\/types\/product"}],"wp:featuredmedia":[{"embeddable":true,"href":"https:\/\/interkultur.fr\/en\/wp-json\/wp\/v2\/media\/6149"}],"wp:attachment":[{"href":"https:\/\/interkultur.fr\/en\/wp-json\/wp\/v2\/media?parent=6084"}],"wp:term":[{"taxonomy":"product_brand","embeddable":true,"href":"https:\/\/interkultur.fr\/en\/wp-json\/wp\/v2\/product_brand?post=6084"},{"taxonomy":"product_cat","embeddable":true,"href":"https:\/\/interkultur.fr\/en\/wp-json\/wp\/v2\/product_cat?post=6084"},{"taxonomy":"product_tag","embeddable":true,"href":"https:\/\/interkultur.fr\/en\/wp-json\/wp\/v2\/product_tag?post=6084"}],"curies":[{"name":"wp","href":"https:\/\/api.w.org\/{rel}","templated":true}]}}