{"id":6085,"date":"2024-02-06T13:22:37","date_gmt":"2024-02-06T12:22:37","guid":{"rendered":"https:\/\/interkultur.fr\/?post_type=product&#038;p=6085"},"modified":"2024-02-08T00:46:35","modified_gmt":"2024-02-07T23:46:35","slug":"the-pathe-cinema-foundation","status":"publish","type":"product","link":"https:\/\/interkultur.fr\/en\/produit\/the-pathe-cinema-foundation\/","title":{"rendered":"The Path\u00e9 Cinema Foundation"},"content":{"rendered":"<h3>Path\u00e9 cinema Foundation<\/h3>\n<p><strong>Practical information<\/strong><\/p>\n<ul>\n<li style=\"list-style-type: none;\">\n<ul>\n<li>Location : 277, avenue des Gobelins (M\u00e9tro Place d&#8217;Italie line 5)<\/li>\n<li>Duration : 2h30<\/li>\n<li>Walking<\/li>\n<li>Private group tour (250\u20ac + museum tickets)<\/li>\n<\/ul>\n<\/li>\n<\/ul>\n<p style=\"text-align: justify;\">The tour aims at discovering <strong>the J\u00e9r\u00f4me Seydoux Path\u00e9 cinema Foundation<\/strong>, the oldest cinema company in the world, founded in 1896! The Foundation was designed for housing all the non film collection of the Path\u00e9 film company. Granted with State acknowledgement in 2006, its purpose is to get together, keep and open to researchers <strong>all of Path\u00e9 company&#8217;s historical heritage<\/strong>.<\/p>\n<p style=\"text-align: justify;\">A very impressive brand new building designed by the <strong>famous architect Renzo Piano<\/strong> (Pompidou centre, Shard Tower in London&#8230;) has come up in the Thirteen district of Paris well hidden behind the narrow front fa\u00e7ade <strong>sculpted by Rodin<\/strong> himself!<br \/>\nInside the building, the tour will show and explain an <strong>outstanding collection<\/strong> of cameras since cinema was invented. We also find two floors for archives, a <strong>library<\/strong> and a research center for teachers, students or anyone interested in cinema. The foundation helps promoting the history of cinema through Path\u00e9&#8217;s own history.<br \/>\nThe archive collection boasts of rich iconography, prints, movie accessories and advertising material, objects and a library. It also houses a catalogue of <strong>10 000 films<\/strong>, out of which 9000 silent movies.<br \/>\nAfter a tour of the temporary exhibition, the visit will end in the theater, where a silent movie is shown, with live piano playing throughout.<\/p>\n<p>&nbsp;<\/p>\n","protected":false},"excerpt":{"rendered":"<p><strong>The J\u00e9r\u00f4me Seydoux Path\u00e9 cinema foundation<\/strong> is an amazing place, housed in a <strong>beautiful building<\/strong> created by the famous architect <strong>Renzo Piano<\/strong>. On top of the building itself, the tour will allow access to research and archive rooms, a temporary exhibition of 1900&#8217;s posters, and the permanent collection of movie camera through the ages. At the end, experience a <strong>silent movie<\/strong> with live piano in the superb Charles Path\u00e9 movie theater!<\/p>\n","protected":false},"featured_media":5927,"template":"","meta":{"_price":"","_stock":"","_tribe_ticket_header":"","_tribe_default_ticket_provider":"","_tribe_ticket_capacity":"0","_ticket_start_date":"","_ticket_end_date":"","_tribe_ticket_show_description":"","_tribe_ticket_show_not_going":false,"_tribe_ticket_use_global_stock":"","_tribe_ticket_global_stock_level":"","_global_stock_mode":"","_global_stock_cap":"","_tribe_rsvp_for_event":"","_tribe_ticket_going_count":"","_tribe_ticket_not_going_count":"","_tribe_tickets_list":"[]","_tribe_ticket_has_attendee_info_fields":false,"_tec_slr_enabled":"","_tec_slr_layout":""},"product_brand":[],"product_cat":[143],"product_tag":[],"class_list":{"0":"post-6085","1":"product","2":"type-product","3":"status-publish","4":"has-post-thumbnail","6":"product_cat-visit-paris","8":"first","9":"instock","10":"featured","11":"virtual","12":"product-type-simple"},"yoast_head":"<!-- This site is optimized with the Yoast SEO plugin v27.5 - https:\/\/yoast.com\/product\/yoast-seo-wordpress\/ -->\n<title>The Path\u00e9 Cinema Foundation - Interkultur<\/title>\n<meta name=\"robots\" content=\"index, follow, max-snippet:-1, max-image-preview:large, max-video-preview:-1\" \/>\n<link rel=\"canonical\" href=\"https:\/\/interkultur.fr\/en\/produit\/the-pathe-cinema-foundation\/\" \/>\n<meta property=\"og:locale\" content=\"en_US\" \/>\n<meta property=\"og:type\" content=\"article\" \/>\n<meta property=\"og:title\" content=\"The Path\u00e9 Cinema Foundation - Interkultur\" \/>\n<meta property=\"og:description\" content=\"The J\u00e9r\u00f4me Seydoux Path\u00e9 cinema foundation is an amazing place, housed in a beautiful building created by the famous architect Renzo Piano. On top of the building itself, the tour will allow access to research and archive rooms, a temporary exhibition of 1900&#039;s posters, and the permanent collection of movie camera through the ages. At the end, experience a silent movie with live piano in the superb Charles Path\u00e9 movie theater!\" \/>\n<meta property=\"og:url\" content=\"https:\/\/interkultur.fr\/en\/produit\/the-pathe-cinema-foundation\/\" \/>\n<meta property=\"og:site_name\" content=\"Interkultur\" \/>\n<meta property=\"article:modified_time\" content=\"2024-02-07T23:46:35+00:00\" \/>\n<meta property=\"og:image\" content=\"https:\/\/interkultur.fr\/wp-content\/uploads\/2024\/02\/Pathe-back-view.jpg\" \/>\n\t<meta property=\"og:image:width\" content=\"600\" \/>\n\t<meta property=\"og:image:height\" content=\"450\" \/>\n\t<meta property=\"og:image:type\" content=\"image\/jpeg\" \/>\n<meta name=\"twitter:card\" content=\"summary_large_image\" \/>\n<script type=\"application\/ld+json\" class=\"yoast-schema-graph\">{\"@context\":\"https:\\\/\\\/schema.org\",\"@graph\":[{\"@type\":\"WebPage\",\"@id\":\"https:\\\/\\\/interkultur.fr\\\/en\\\/produit\\\/the-pathe-cinema-foundation\\\/\",\"url\":\"https:\\\/\\\/interkultur.fr\\\/en\\\/produit\\\/the-pathe-cinema-foundation\\\/\",\"name\":\"The Path\u00e9 Cinema Foundation - Interkultur\",\"isPartOf\":{\"@id\":\"https:\\\/\\\/interkultur.fr\\\/en\\\/#website\"},\"primaryImageOfPage\":{\"@id\":\"https:\\\/\\\/interkultur.fr\\\/en\\\/produit\\\/the-pathe-cinema-foundation\\\/#primaryimage\"},\"image\":{\"@id\":\"https:\\\/\\\/interkultur.fr\\\/en\\\/produit\\\/the-pathe-cinema-foundation\\\/#primaryimage\"},\"thumbnailUrl\":\"https:\\\/\\\/interkultur.fr\\\/wp-content\\\/uploads\\\/2024\\\/02\\\/Pathe-Rodin-facade.jpg\",\"datePublished\":\"2024-02-06T12:22:37+00:00\",\"dateModified\":\"2024-02-07T23:46:35+00:00\",\"breadcrumb\":{\"@id\":\"https:\\\/\\\/interkultur.fr\\\/en\\\/produit\\\/the-pathe-cinema-foundation\\\/#breadcrumb\"},\"inLanguage\":\"en-US\",\"potentialAction\":[{\"@type\":\"ReadAction\",\"target\":[\"https:\\\/\\\/interkultur.fr\\\/en\\\/produit\\\/the-pathe-cinema-foundation\\\/\"]}]},{\"@type\":\"ImageObject\",\"inLanguage\":\"en-US\",\"@id\":\"https:\\\/\\\/interkultur.fr\\\/en\\\/produit\\\/the-pathe-cinema-foundation\\\/#primaryimage\",\"url\":\"https:\\\/\\\/interkultur.fr\\\/wp-content\\\/uploads\\\/2024\\\/02\\\/Pathe-Rodin-facade.jpg\",\"contentUrl\":\"https:\\\/\\\/interkultur.fr\\\/wp-content\\\/uploads\\\/2024\\\/02\\\/Pathe-Rodin-facade.jpg\",\"width\":510,\"height\":680},{\"@type\":\"BreadcrumbList\",\"@id\":\"https:\\\/\\\/interkultur.fr\\\/en\\\/produit\\\/the-pathe-cinema-foundation\\\/#breadcrumb\",\"itemListElement\":[{\"@type\":\"ListItem\",\"position\":1,\"name\":\"Accueil\",\"item\":\"https:\\\/\\\/interkultur.fr\\\/en\\\/\"},{\"@type\":\"ListItem\",\"position\":2,\"name\":\"Shop\",\"item\":\"https:\\\/\\\/interkultur.fr\\\/en\\\/shop\\\/\"},{\"@type\":\"ListItem\",\"position\":3,\"name\":\"The Path\u00e9 Cinema Foundation\"}]},{\"@type\":\"WebSite\",\"@id\":\"https:\\\/\\\/interkultur.fr\\\/en\\\/#website\",\"url\":\"https:\\\/\\\/interkultur.fr\\\/en\\\/\",\"name\":\"Interkultur\",\"description\":\"Visites et \u00e9v\u00e9nements culturels dans le Paris secret li\u00e9s \u00e0 l\u2019Histoire, l\u2019art, et la valorisation du patrimoine et des savoirs faire.\",\"potentialAction\":[{\"@type\":\"SearchAction\",\"target\":{\"@type\":\"EntryPoint\",\"urlTemplate\":\"https:\\\/\\\/interkultur.fr\\\/en\\\/?s={search_term_string}\"},\"query-input\":{\"@type\":\"PropertyValueSpecification\",\"valueRequired\":true,\"valueName\":\"search_term_string\"}}],\"inLanguage\":\"en-US\"}]}<\/script>\n<!-- \/ Yoast SEO plugin. -->","yoast_head_json":{"title":"The Path\u00e9 Cinema Foundation - Interkultur","robots":{"index":"index","follow":"follow","max-snippet":"max-snippet:-1","max-image-preview":"max-image-preview:large","max-video-preview":"max-video-preview:-1"},"canonical":"https:\/\/interkultur.fr\/en\/produit\/the-pathe-cinema-foundation\/","og_locale":"en_US","og_type":"article","og_title":"The Path\u00e9 Cinema Foundation - Interkultur","og_description":"The J\u00e9r\u00f4me Seydoux Path\u00e9 cinema foundation is an amazing place, housed in a beautiful building created by the famous architect Renzo Piano. On top of the building itself, the tour will allow access to research and archive rooms, a temporary exhibition of 1900's posters, and the permanent collection of movie camera through the ages. At the end, experience a silent movie with live piano in the superb Charles Path\u00e9 movie theater!","og_url":"https:\/\/interkultur.fr\/en\/produit\/the-pathe-cinema-foundation\/","og_site_name":"Interkultur","article_modified_time":"2024-02-07T23:46:35+00:00","og_image":[{"width":600,"height":450,"url":"https:\/\/interkultur.fr\/wp-content\/uploads\/2024\/02\/Pathe-back-view.jpg","type":"image\/jpeg"}],"twitter_card":"summary_large_image","schema":{"@context":"https:\/\/schema.org","@graph":[{"@type":"WebPage","@id":"https:\/\/interkultur.fr\/en\/produit\/the-pathe-cinema-foundation\/","url":"https:\/\/interkultur.fr\/en\/produit\/the-pathe-cinema-foundation\/","name":"The Path\u00e9 Cinema Foundation - Interkultur","isPartOf":{"@id":"https:\/\/interkultur.fr\/en\/#website"},"primaryImageOfPage":{"@id":"https:\/\/interkultur.fr\/en\/produit\/the-pathe-cinema-foundation\/#primaryimage"},"image":{"@id":"https:\/\/interkultur.fr\/en\/produit\/the-pathe-cinema-foundation\/#primaryimage"},"thumbnailUrl":"https:\/\/interkultur.fr\/wp-content\/uploads\/2024\/02\/Pathe-Rodin-facade.jpg","datePublished":"2024-02-06T12:22:37+00:00","dateModified":"2024-02-07T23:46:35+00:00","breadcrumb":{"@id":"https:\/\/interkultur.fr\/en\/produit\/the-pathe-cinema-foundation\/#breadcrumb"},"inLanguage":"en-US","potentialAction":[{"@type":"ReadAction","target":["https:\/\/interkultur.fr\/en\/produit\/the-pathe-cinema-foundation\/"]}]},{"@type":"ImageObject","inLanguage":"en-US","@id":"https:\/\/interkultur.fr\/en\/produit\/the-pathe-cinema-foundation\/#primaryimage","url":"https:\/\/interkultur.fr\/wp-content\/uploads\/2024\/02\/Pathe-Rodin-facade.jpg","contentUrl":"https:\/\/interkultur.fr\/wp-content\/uploads\/2024\/02\/Pathe-Rodin-facade.jpg","width":510,"height":680},{"@type":"BreadcrumbList","@id":"https:\/\/interkultur.fr\/en\/produit\/the-pathe-cinema-foundation\/#breadcrumb","itemListElement":[{"@type":"ListItem","position":1,"name":"Accueil","item":"https:\/\/interkultur.fr\/en\/"},{"@type":"ListItem","position":2,"name":"Shop","item":"https:\/\/interkultur.fr\/en\/shop\/"},{"@type":"ListItem","position":3,"name":"The Path\u00e9 Cinema Foundation"}]},{"@type":"WebSite","@id":"https:\/\/interkultur.fr\/en\/#website","url":"https:\/\/interkultur.fr\/en\/","name":"Interkultur","description":"Visites et \u00e9v\u00e9nements culturels dans le Paris secret li\u00e9s \u00e0 l\u2019Histoire, l\u2019art, et la valorisation du patrimoine et des savoirs faire.","potentialAction":[{"@type":"SearchAction","target":{"@type":"EntryPoint","urlTemplate":"https:\/\/interkultur.fr\/en\/?s={search_term_string}"},"query-input":{"@type":"PropertyValueSpecification","valueRequired":true,"valueName":"search_term_string"}}],"inLanguage":"en-US"}]}},"_links":{"self":[{"href":"https:\/\/interkultur.fr\/en\/wp-json\/wp\/v2\/product\/6085","targetHints":{"allow":["GET"]}}],"collection":[{"href":"https:\/\/interkultur.fr\/en\/wp-json\/wp\/v2\/product"}],"about":[{"href":"https:\/\/interkultur.fr\/en\/wp-json\/wp\/v2\/types\/product"}],"wp:featuredmedia":[{"embeddable":true,"href":"https:\/\/interkultur.fr\/en\/wp-json\/wp\/v2\/media\/5927"}],"wp:attachment":[{"href":"https:\/\/interkultur.fr\/en\/wp-json\/wp\/v2\/media?parent=6085"}],"wp:term":[{"taxonomy":"product_brand","embeddable":true,"href":"https:\/\/interkultur.fr\/en\/wp-json\/wp\/v2\/product_brand?post=6085"},{"taxonomy":"product_cat","embeddable":true,"href":"https:\/\/interkultur.fr\/en\/wp-json\/wp\/v2\/product_cat?post=6085"},{"taxonomy":"product_tag","embeddable":true,"href":"https:\/\/interkultur.fr\/en\/wp-json\/wp\/v2\/product_tag?post=6085"}],"curies":[{"name":"wp","href":"https:\/\/api.w.org\/{rel}","templated":true}]}}