{"id":6086,"date":"2024-02-06T16:38:10","date_gmt":"2024-02-06T15:38:10","guid":{"rendered":"https:\/\/interkultur.fr\/?post_type=product&#038;p=6086"},"modified":"2024-02-11T18:11:22","modified_gmt":"2024-02-11T17:11:22","slug":"the-colonial-exhibition-and-tropical-gardens","status":"publish","type":"product","link":"https:\/\/interkultur.fr\/en\/produit\/the-colonial-exhibition-and-tropical-gardens\/","title":{"rendered":"The colonial exhibition and tropical gardens"},"content":{"rendered":"<h2>The colonial exhibition and tropical gardens<\/h2>\n<p><strong>Practical informations<\/strong><\/p>\n<ul>\n<li>Location :\u00a0Nogent Sur Marne (RER A)<\/li>\n<li>Duration : 2h<\/li>\n<li>Walking tour<\/li>\n<li>Small group (up to 8 people) 50-80\u20ac pp<\/li>\n<li>Private group tour (270\u20ac\/group)<\/li>\n<\/ul>\n<p style=\"text-align: justify;\"><strong>The agronomic tropical garden<\/strong>, located on the edge of the Bois de Vincennes, offers an exotic and bucolic walk in an area known by few and walked by even less. The tour will uncover this garden&#8217;s <strong>very unique history<\/strong>. Indeed, when it opened at the end of the 19th century, it was, with over 5 hectares of land represented <strong>a synthesis of the French Empire<\/strong>. All the cultures of the former French colonial empire were represented in this space.<\/p>\n<p style=\"text-align: justify;\">In addition to the rich and varied vegetation, the remains of the <strong>colonial exhibition of 1907<\/strong> are scattered around the garden. A set of pavilions symbolize the various components of the French Empire. While some are derelict, others have been <strong>beautifully restored<\/strong> and all in the lush green setting, denote a <strong>quaint charm<\/strong>.<br \/>\nAn overview of the French colonial past is planned throughout the walk to put the 1907 exhibition in context and will be extended to other monuments dedicated to the dead soldiers from various parts of the Empire during the First World War. It includes <strong>the only remaining pre-war tribute to Black soldiers<\/strong> who died for France.<\/p>\n<p style=\"text-align: justify;\">Beyond the vestiges of the colonial exhibition, at the edge of the park, the tropical agronomy garden is a living and cultural area which people can wander around and relax on the grass. Some buildings are used by a local association, which demonstrates to visitors its <strong>permaculture<\/strong> production techniques of <strong>organically produced fruits and vegetables<\/strong> in surrounding greenhouses. All of the products are for sale (on Sundays only) and others are even made into tarts or soups, which are also available for visitors to<strong> taste<\/strong> there and then!<\/p>\n<p>&nbsp;<\/p>\n","protected":false},"excerpt":{"rendered":"<p>The<strong>\u00a0tropical garden <\/strong>visit with the remains of the <strong>1907 colonial exhibition<\/strong> is like journeying in totally different worlds, from Indochina with temples and lush vegetation to North Africa with various pavilions from Tunisia or Morocco, through Congo, Madagascar and many more. This tour takes the visitor to an <strong>exotic trip<\/strong> in the footsteps of the former French Empire&#8217;s different cultures!<br \/>\nA break is also planned at the vast greenhouses where an association of enthusiasts present and sell their locally grown fruits and vegetables produced by <strong>permaculture<\/strong>.<\/p>\n","protected":false},"featured_media":4802,"template":"","meta":{"_price":"","_stock":"","_tribe_ticket_header":"","_tribe_default_ticket_provider":"","_tribe_ticket_capacity":"0","_ticket_start_date":"","_ticket_end_date":"","_tribe_ticket_show_description":"","_tribe_ticket_show_not_going":false,"_tribe_ticket_use_global_stock":"","_tribe_ticket_global_stock_level":"","_global_stock_mode":"","_global_stock_cap":"","_tribe_rsvp_for_event":"","_tribe_ticket_going_count":"","_tribe_ticket_not_going_count":"","_tribe_tickets_list":"[]","_tribe_ticket_has_attendee_info_fields":false,"_tec_slr_enabled":"","_tec_slr_layout":""},"product_brand":[],"product_cat":[143],"product_tag":[],"class_list":{"0":"post-6086","1":"product","2":"type-product","3":"status-publish","4":"has-post-thumbnail","6":"product_cat-visit-paris","8":"first","9":"instock","10":"featured","11":"virtual","12":"product-type-simple"},"yoast_head":"<!-- This site is optimized with the Yoast SEO plugin v27.5 - https:\/\/yoast.com\/product\/yoast-seo-wordpress\/ -->\n<title>The colonial exhibition and tropical gardens - Interkultur<\/title>\n<meta name=\"robots\" content=\"index, follow, max-snippet:-1, max-image-preview:large, max-video-preview:-1\" \/>\n<link rel=\"canonical\" href=\"https:\/\/interkultur.fr\/en\/produit\/the-colonial-exhibition-and-tropical-gardens\/\" \/>\n<meta property=\"og:locale\" content=\"en_US\" \/>\n<meta property=\"og:type\" content=\"article\" \/>\n<meta property=\"og:title\" content=\"The colonial exhibition and tropical gardens - Interkultur\" \/>\n<meta property=\"og:description\" content=\"The\u00a0tropical garden visit with the remains of the 1907 colonial exhibition is like journeying in totally different worlds, from Indochina with temples and lush vegetation to North Africa with various pavilions from Tunisia or Morocco, through Congo, Madagascar and many more. This tour takes the visitor to an exotic trip in the footsteps of the former French Empire&#039;s different cultures! A break is also planned at the vast greenhouses where an association of enthusiasts present and sell their locally grown fruits and vegetables produced by permaculture.\" \/>\n<meta property=\"og:url\" content=\"https:\/\/interkultur.fr\/en\/produit\/the-colonial-exhibition-and-tropical-gardens\/\" \/>\n<meta property=\"og:site_name\" content=\"Interkultur\" \/>\n<meta property=\"article:modified_time\" content=\"2024-02-11T17:11:22+00:00\" \/>\n<meta property=\"og:image\" content=\"https:\/\/interkultur.fr\/wp-content\/uploads\/2023\/12\/Dinh-3.webp\" \/>\n\t<meta property=\"og:image:width\" content=\"510\" \/>\n\t<meta property=\"og:image:height\" content=\"680\" \/>\n\t<meta property=\"og:image:type\" content=\"image\/webp\" \/>\n<meta name=\"twitter:card\" content=\"summary_large_image\" \/>\n<script type=\"application\/ld+json\" class=\"yoast-schema-graph\">{\"@context\":\"https:\\\/\\\/schema.org\",\"@graph\":[{\"@type\":\"WebPage\",\"@id\":\"https:\\\/\\\/interkultur.fr\\\/en\\\/produit\\\/the-colonial-exhibition-and-tropical-gardens\\\/\",\"url\":\"https:\\\/\\\/interkultur.fr\\\/en\\\/produit\\\/the-colonial-exhibition-and-tropical-gardens\\\/\",\"name\":\"The colonial exhibition and tropical gardens - Interkultur\",\"isPartOf\":{\"@id\":\"https:\\\/\\\/interkultur.fr\\\/en\\\/#website\"},\"primaryImageOfPage\":{\"@id\":\"https:\\\/\\\/interkultur.fr\\\/en\\\/produit\\\/the-colonial-exhibition-and-tropical-gardens\\\/#primaryimage\"},\"image\":{\"@id\":\"https:\\\/\\\/interkultur.fr\\\/en\\\/produit\\\/the-colonial-exhibition-and-tropical-gardens\\\/#primaryimage\"},\"thumbnailUrl\":\"https:\\\/\\\/interkultur.fr\\\/wp-content\\\/uploads\\\/2023\\\/12\\\/Dinh-3.webp\",\"datePublished\":\"2024-02-06T15:38:10+00:00\",\"dateModified\":\"2024-02-11T17:11:22+00:00\",\"breadcrumb\":{\"@id\":\"https:\\\/\\\/interkultur.fr\\\/en\\\/produit\\\/the-colonial-exhibition-and-tropical-gardens\\\/#breadcrumb\"},\"inLanguage\":\"en-US\",\"potentialAction\":[{\"@type\":\"ReadAction\",\"target\":[\"https:\\\/\\\/interkultur.fr\\\/en\\\/produit\\\/the-colonial-exhibition-and-tropical-gardens\\\/\"]}]},{\"@type\":\"ImageObject\",\"inLanguage\":\"en-US\",\"@id\":\"https:\\\/\\\/interkultur.fr\\\/en\\\/produit\\\/the-colonial-exhibition-and-tropical-gardens\\\/#primaryimage\",\"url\":\"https:\\\/\\\/interkultur.fr\\\/wp-content\\\/uploads\\\/2023\\\/12\\\/Dinh-3.webp\",\"contentUrl\":\"https:\\\/\\\/interkultur.fr\\\/wp-content\\\/uploads\\\/2023\\\/12\\\/Dinh-3.webp\",\"width\":510,\"height\":680},{\"@type\":\"BreadcrumbList\",\"@id\":\"https:\\\/\\\/interkultur.fr\\\/en\\\/produit\\\/the-colonial-exhibition-and-tropical-gardens\\\/#breadcrumb\",\"itemListElement\":[{\"@type\":\"ListItem\",\"position\":1,\"name\":\"Accueil\",\"item\":\"https:\\\/\\\/interkultur.fr\\\/en\\\/\"},{\"@type\":\"ListItem\",\"position\":2,\"name\":\"Shop\",\"item\":\"https:\\\/\\\/interkultur.fr\\\/en\\\/shop\\\/\"},{\"@type\":\"ListItem\",\"position\":3,\"name\":\"The colonial exhibition and tropical gardens\"}]},{\"@type\":\"WebSite\",\"@id\":\"https:\\\/\\\/interkultur.fr\\\/en\\\/#website\",\"url\":\"https:\\\/\\\/interkultur.fr\\\/en\\\/\",\"name\":\"Interkultur\",\"description\":\"Visites et \u00e9v\u00e9nements culturels dans le Paris secret li\u00e9s \u00e0 l\u2019Histoire, l\u2019art, et la valorisation du patrimoine et des savoirs faire.\",\"potentialAction\":[{\"@type\":\"SearchAction\",\"target\":{\"@type\":\"EntryPoint\",\"urlTemplate\":\"https:\\\/\\\/interkultur.fr\\\/en\\\/?s={search_term_string}\"},\"query-input\":{\"@type\":\"PropertyValueSpecification\",\"valueRequired\":true,\"valueName\":\"search_term_string\"}}],\"inLanguage\":\"en-US\"}]}<\/script>\n<!-- \/ Yoast SEO plugin. -->","yoast_head_json":{"title":"The colonial exhibition and tropical gardens - Interkultur","robots":{"index":"index","follow":"follow","max-snippet":"max-snippet:-1","max-image-preview":"max-image-preview:large","max-video-preview":"max-video-preview:-1"},"canonical":"https:\/\/interkultur.fr\/en\/produit\/the-colonial-exhibition-and-tropical-gardens\/","og_locale":"en_US","og_type":"article","og_title":"The colonial exhibition and tropical gardens - Interkultur","og_description":"The\u00a0tropical garden visit with the remains of the 1907 colonial exhibition is like journeying in totally different worlds, from Indochina with temples and lush vegetation to North Africa with various pavilions from Tunisia or Morocco, through Congo, Madagascar and many more. This tour takes the visitor to an exotic trip in the footsteps of the former French Empire's different cultures! A break is also planned at the vast greenhouses where an association of enthusiasts present and sell their locally grown fruits and vegetables produced by permaculture.","og_url":"https:\/\/interkultur.fr\/en\/produit\/the-colonial-exhibition-and-tropical-gardens\/","og_site_name":"Interkultur","article_modified_time":"2024-02-11T17:11:22+00:00","og_image":[{"width":510,"height":680,"url":"https:\/\/interkultur.fr\/wp-content\/uploads\/2023\/12\/Dinh-3.webp","type":"image\/webp"}],"twitter_card":"summary_large_image","schema":{"@context":"https:\/\/schema.org","@graph":[{"@type":"WebPage","@id":"https:\/\/interkultur.fr\/en\/produit\/the-colonial-exhibition-and-tropical-gardens\/","url":"https:\/\/interkultur.fr\/en\/produit\/the-colonial-exhibition-and-tropical-gardens\/","name":"The colonial exhibition and tropical gardens - Interkultur","isPartOf":{"@id":"https:\/\/interkultur.fr\/en\/#website"},"primaryImageOfPage":{"@id":"https:\/\/interkultur.fr\/en\/produit\/the-colonial-exhibition-and-tropical-gardens\/#primaryimage"},"image":{"@id":"https:\/\/interkultur.fr\/en\/produit\/the-colonial-exhibition-and-tropical-gardens\/#primaryimage"},"thumbnailUrl":"https:\/\/interkultur.fr\/wp-content\/uploads\/2023\/12\/Dinh-3.webp","datePublished":"2024-02-06T15:38:10+00:00","dateModified":"2024-02-11T17:11:22+00:00","breadcrumb":{"@id":"https:\/\/interkultur.fr\/en\/produit\/the-colonial-exhibition-and-tropical-gardens\/#breadcrumb"},"inLanguage":"en-US","potentialAction":[{"@type":"ReadAction","target":["https:\/\/interkultur.fr\/en\/produit\/the-colonial-exhibition-and-tropical-gardens\/"]}]},{"@type":"ImageObject","inLanguage":"en-US","@id":"https:\/\/interkultur.fr\/en\/produit\/the-colonial-exhibition-and-tropical-gardens\/#primaryimage","url":"https:\/\/interkultur.fr\/wp-content\/uploads\/2023\/12\/Dinh-3.webp","contentUrl":"https:\/\/interkultur.fr\/wp-content\/uploads\/2023\/12\/Dinh-3.webp","width":510,"height":680},{"@type":"BreadcrumbList","@id":"https:\/\/interkultur.fr\/en\/produit\/the-colonial-exhibition-and-tropical-gardens\/#breadcrumb","itemListElement":[{"@type":"ListItem","position":1,"name":"Accueil","item":"https:\/\/interkultur.fr\/en\/"},{"@type":"ListItem","position":2,"name":"Shop","item":"https:\/\/interkultur.fr\/en\/shop\/"},{"@type":"ListItem","position":3,"name":"The colonial exhibition and tropical gardens"}]},{"@type":"WebSite","@id":"https:\/\/interkultur.fr\/en\/#website","url":"https:\/\/interkultur.fr\/en\/","name":"Interkultur","description":"Visites et \u00e9v\u00e9nements culturels dans le Paris secret li\u00e9s \u00e0 l\u2019Histoire, l\u2019art, et la valorisation du patrimoine et des savoirs faire.","potentialAction":[{"@type":"SearchAction","target":{"@type":"EntryPoint","urlTemplate":"https:\/\/interkultur.fr\/en\/?s={search_term_string}"},"query-input":{"@type":"PropertyValueSpecification","valueRequired":true,"valueName":"search_term_string"}}],"inLanguage":"en-US"}]}},"_links":{"self":[{"href":"https:\/\/interkultur.fr\/en\/wp-json\/wp\/v2\/product\/6086","targetHints":{"allow":["GET"]}}],"collection":[{"href":"https:\/\/interkultur.fr\/en\/wp-json\/wp\/v2\/product"}],"about":[{"href":"https:\/\/interkultur.fr\/en\/wp-json\/wp\/v2\/types\/product"}],"wp:featuredmedia":[{"embeddable":true,"href":"https:\/\/interkultur.fr\/en\/wp-json\/wp\/v2\/media\/4802"}],"wp:attachment":[{"href":"https:\/\/interkultur.fr\/en\/wp-json\/wp\/v2\/media?parent=6086"}],"wp:term":[{"taxonomy":"product_brand","embeddable":true,"href":"https:\/\/interkultur.fr\/en\/wp-json\/wp\/v2\/product_brand?post=6086"},{"taxonomy":"product_cat","embeddable":true,"href":"https:\/\/interkultur.fr\/en\/wp-json\/wp\/v2\/product_cat?post=6086"},{"taxonomy":"product_tag","embeddable":true,"href":"https:\/\/interkultur.fr\/en\/wp-json\/wp\/v2\/product_tag?post=6086"}],"curies":[{"name":"wp","href":"https:\/\/api.w.org\/{rel}","templated":true}]}}