{"id":6087,"date":"2024-02-07T12:21:35","date_gmt":"2024-02-07T11:21:35","guid":{"rendered":"https:\/\/interkultur.fr\/?post_type=product&#038;p=6087"},"modified":"2024-02-08T17:49:22","modified_gmt":"2024-02-08T16:49:22","slug":"the-napoleons-rooms","status":"publish","type":"product","link":"https:\/\/interkultur.fr\/en\/produit\/the-napoleons-rooms\/","title":{"rendered":"The Napoleon&#8217;s rooms"},"content":{"rendered":"<h2>The Napoleon&#8217;s rooms<\/h2>\n<p style=\"text-align: justify;\"><strong>Practical informations<\/strong><\/p>\n<ul style=\"text-align: justify;\">\n<li>Location : Metro Grands Boulevards<\/li>\n<li>Duration : 1:30 mins<\/li>\n<li>Walking<\/li>\n<li>Visits with special events only<\/li>\n<\/ul>\n<p>&nbsp;<\/p>\n<p style=\"text-align: justify;\"><strong>The Napoleon&#8217;s rooms experience<\/strong> will allow you to discover the biggest private collection from the Napoleonic era in the world, with direct access and no barriers!<\/p>\n<p style=\"text-align: justify;\"><strong>Built in 1706<\/strong>, at the end of the reign of the Sun King, the Palace is sold a few years later to the noble family of Montmorency and became one of the most beautiful mansions in Paris.<br \/>\nFragmented after the French Revolution with the creation of a Theater on the right and a passageway on the left, it regained all its glory from 1830 onward, becoming the property of <strong>the Duke of Orleans<\/strong>. The latter installs its own circle and receives all the great intellectuals and artists of the time such as <strong>Victor Hugo, Flaubert<\/strong>&#8230;<br \/>\nAt the end of the 19th century, the Palais knew a new effervescence with the acquisition of Rodolphe Julian. He founded the first center of <strong>the Julian Painting Academy<\/strong>, which remained famous for the number and quality of the works that came out of it and the birth of some avant-garde painters.<\/p>\n<p style=\"text-align: justify;\">Passionate since childhood by the first empire with nearly 2,000 rare objects from this period, today&#8217;s owner is one of <strong>the greatest collectors<\/strong> in the world of the Napoleonic era. He bought the premises in 2015 and endeavored to take the Palais back to its former glory.<br \/>\nThe <strong>7 sumptuous salons<\/strong> host walls decorated with gold leaf and authentic moldings.<br \/>\nThe tour aims to show the most important pieces of furniture and paintings as well as shedding light on the rarely seen objects gathered in the <strong>cabinet of curiosities<\/strong>.<br \/>\nThe host&#8217;s main wish is to offer a truly special and intimate experience to the visitor and will allow to stroll the collections with<strong> a glass of special premium champagne!<\/strong><\/p>\n<p>Receptions and dinners can also be organized in the Palais.<\/p>\n","protected":false},"excerpt":{"rendered":"<p>Visit this <strong>authentic palace<\/strong> hidden in the heart of Paris where a enthusiast has spent all his life gathering<strong> the biggest private collection of Napoleon&#8217;s objects in the world<\/strong>!<br \/>\nAccess the beautiful and gilded rooms where portraits, sculptures and pieces of furniture are exposed at an arm&#8217;s reach in an apartment manner, <strong>without anyone around<\/strong>!<br \/>\nThe end of the tour will see the <strong>secret cabinet of curiosities<\/strong> open, where the visitor can marvel at some <strong>unique pieces<\/strong> of the collection belonging to the Emperor Napoleon and his family.<br \/>\nTreat yourself: stroll the collection with a glass of premium <strong>champagne<\/strong>!<\/p>\n","protected":false},"featured_media":6422,"template":"","meta":{"_price":"","_stock":"","_tribe_ticket_header":"","_tribe_default_ticket_provider":"","_tribe_ticket_capacity":"0","_ticket_start_date":"","_ticket_end_date":"","_tribe_ticket_show_description":"","_tribe_ticket_show_not_going":false,"_tribe_ticket_use_global_stock":"","_tribe_ticket_global_stock_level":"","_global_stock_mode":"","_global_stock_cap":"","_tribe_rsvp_for_event":"","_tribe_ticket_going_count":"","_tribe_ticket_not_going_count":"","_tribe_tickets_list":"[]","_tribe_ticket_has_attendee_info_fields":false,"_tec_slr_enabled":"","_tec_slr_layout":""},"product_brand":[],"product_cat":[143],"product_tag":[],"class_list":{"0":"post-6087","1":"product","2":"type-product","3":"status-publish","4":"has-post-thumbnail","6":"product_cat-visit-paris","8":"first","9":"instock","10":"featured","11":"virtual","12":"product-type-simple"},"yoast_head":"<!-- This site is optimized with the Yoast SEO plugin v27.5 - https:\/\/yoast.com\/product\/yoast-seo-wordpress\/ -->\n<title>The Napoleon&#039;s rooms - Interkultur<\/title>\n<meta name=\"robots\" content=\"index, follow, max-snippet:-1, max-image-preview:large, max-video-preview:-1\" \/>\n<link rel=\"canonical\" href=\"https:\/\/interkultur.fr\/en\/produit\/the-napoleons-rooms\/\" \/>\n<meta property=\"og:locale\" content=\"en_US\" \/>\n<meta property=\"og:type\" content=\"article\" \/>\n<meta property=\"og:title\" content=\"The Napoleon&#039;s rooms - Interkultur\" \/>\n<meta property=\"og:description\" content=\"Visit this authentic palace hidden in the heart of Paris where a enthusiast has spent all his life gathering the biggest private collection of Napoleon&#039;s objects in the world! Access the beautiful and gilded rooms where portraits, sculptures and pieces of furniture are exposed at an arm&#039;s reach in an apartment manner, without anyone around! The end of the tour will see the secret cabinet of curiosities open, where the visitor can marvel at some unique pieces of the collection belonging to the Emperor Napoleon and his family. Treat yourself: stroll the collection with a glass of premium champagne!\" \/>\n<meta property=\"og:url\" content=\"https:\/\/interkultur.fr\/en\/produit\/the-napoleons-rooms\/\" \/>\n<meta property=\"og:site_name\" content=\"Interkultur\" \/>\n<meta property=\"article:modified_time\" content=\"2024-02-08T16:49:22+00:00\" \/>\n<meta property=\"og:image\" content=\"https:\/\/interkultur.fr\/wp-content\/uploads\/2024\/02\/IMG_5878.jpeg\" \/>\n\t<meta property=\"og:image:width\" content=\"1536\" \/>\n\t<meta property=\"og:image:height\" content=\"2048\" \/>\n\t<meta property=\"og:image:type\" content=\"image\/jpeg\" \/>\n<meta name=\"twitter:card\" content=\"summary_large_image\" \/>\n<script type=\"application\/ld+json\" class=\"yoast-schema-graph\">{\"@context\":\"https:\\\/\\\/schema.org\",\"@graph\":[{\"@type\":\"WebPage\",\"@id\":\"https:\\\/\\\/interkultur.fr\\\/en\\\/produit\\\/the-napoleons-rooms\\\/\",\"url\":\"https:\\\/\\\/interkultur.fr\\\/en\\\/produit\\\/the-napoleons-rooms\\\/\",\"name\":\"The Napoleon's rooms - Interkultur\",\"isPartOf\":{\"@id\":\"https:\\\/\\\/interkultur.fr\\\/en\\\/#website\"},\"primaryImageOfPage\":{\"@id\":\"https:\\\/\\\/interkultur.fr\\\/en\\\/produit\\\/the-napoleons-rooms\\\/#primaryimage\"},\"image\":{\"@id\":\"https:\\\/\\\/interkultur.fr\\\/en\\\/produit\\\/the-napoleons-rooms\\\/#primaryimage\"},\"thumbnailUrl\":\"https:\\\/\\\/interkultur.fr\\\/wp-content\\\/uploads\\\/2024\\\/02\\\/IMG_5878.jpeg\",\"datePublished\":\"2024-02-07T11:21:35+00:00\",\"dateModified\":\"2024-02-08T16:49:22+00:00\",\"breadcrumb\":{\"@id\":\"https:\\\/\\\/interkultur.fr\\\/en\\\/produit\\\/the-napoleons-rooms\\\/#breadcrumb\"},\"inLanguage\":\"en-US\",\"potentialAction\":[{\"@type\":\"ReadAction\",\"target\":[\"https:\\\/\\\/interkultur.fr\\\/en\\\/produit\\\/the-napoleons-rooms\\\/\"]}]},{\"@type\":\"ImageObject\",\"inLanguage\":\"en-US\",\"@id\":\"https:\\\/\\\/interkultur.fr\\\/en\\\/produit\\\/the-napoleons-rooms\\\/#primaryimage\",\"url\":\"https:\\\/\\\/interkultur.fr\\\/wp-content\\\/uploads\\\/2024\\\/02\\\/IMG_5878.jpeg\",\"contentUrl\":\"https:\\\/\\\/interkultur.fr\\\/wp-content\\\/uploads\\\/2024\\\/02\\\/IMG_5878.jpeg\",\"width\":1536,\"height\":2048},{\"@type\":\"BreadcrumbList\",\"@id\":\"https:\\\/\\\/interkultur.fr\\\/en\\\/produit\\\/the-napoleons-rooms\\\/#breadcrumb\",\"itemListElement\":[{\"@type\":\"ListItem\",\"position\":1,\"name\":\"Accueil\",\"item\":\"https:\\\/\\\/interkultur.fr\\\/en\\\/\"},{\"@type\":\"ListItem\",\"position\":2,\"name\":\"Shop\",\"item\":\"https:\\\/\\\/interkultur.fr\\\/en\\\/shop\\\/\"},{\"@type\":\"ListItem\",\"position\":3,\"name\":\"The Napoleon&rsquo;s rooms\"}]},{\"@type\":\"WebSite\",\"@id\":\"https:\\\/\\\/interkultur.fr\\\/en\\\/#website\",\"url\":\"https:\\\/\\\/interkultur.fr\\\/en\\\/\",\"name\":\"Interkultur\",\"description\":\"Visites et \u00e9v\u00e9nements culturels dans le Paris secret li\u00e9s \u00e0 l\u2019Histoire, l\u2019art, et la valorisation du patrimoine et des savoirs faire.\",\"potentialAction\":[{\"@type\":\"SearchAction\",\"target\":{\"@type\":\"EntryPoint\",\"urlTemplate\":\"https:\\\/\\\/interkultur.fr\\\/en\\\/?s={search_term_string}\"},\"query-input\":{\"@type\":\"PropertyValueSpecification\",\"valueRequired\":true,\"valueName\":\"search_term_string\"}}],\"inLanguage\":\"en-US\"}]}<\/script>\n<!-- \/ Yoast SEO plugin. -->","yoast_head_json":{"title":"The Napoleon's rooms - Interkultur","robots":{"index":"index","follow":"follow","max-snippet":"max-snippet:-1","max-image-preview":"max-image-preview:large","max-video-preview":"max-video-preview:-1"},"canonical":"https:\/\/interkultur.fr\/en\/produit\/the-napoleons-rooms\/","og_locale":"en_US","og_type":"article","og_title":"The Napoleon's rooms - Interkultur","og_description":"Visit this authentic palace hidden in the heart of Paris where a enthusiast has spent all his life gathering the biggest private collection of Napoleon's objects in the world! Access the beautiful and gilded rooms where portraits, sculptures and pieces of furniture are exposed at an arm's reach in an apartment manner, without anyone around! The end of the tour will see the secret cabinet of curiosities open, where the visitor can marvel at some unique pieces of the collection belonging to the Emperor Napoleon and his family. Treat yourself: stroll the collection with a glass of premium champagne!","og_url":"https:\/\/interkultur.fr\/en\/produit\/the-napoleons-rooms\/","og_site_name":"Interkultur","article_modified_time":"2024-02-08T16:49:22+00:00","og_image":[{"width":1536,"height":2048,"url":"https:\/\/interkultur.fr\/wp-content\/uploads\/2024\/02\/IMG_5878.jpeg","type":"image\/jpeg"}],"twitter_card":"summary_large_image","schema":{"@context":"https:\/\/schema.org","@graph":[{"@type":"WebPage","@id":"https:\/\/interkultur.fr\/en\/produit\/the-napoleons-rooms\/","url":"https:\/\/interkultur.fr\/en\/produit\/the-napoleons-rooms\/","name":"The Napoleon's rooms - Interkultur","isPartOf":{"@id":"https:\/\/interkultur.fr\/en\/#website"},"primaryImageOfPage":{"@id":"https:\/\/interkultur.fr\/en\/produit\/the-napoleons-rooms\/#primaryimage"},"image":{"@id":"https:\/\/interkultur.fr\/en\/produit\/the-napoleons-rooms\/#primaryimage"},"thumbnailUrl":"https:\/\/interkultur.fr\/wp-content\/uploads\/2024\/02\/IMG_5878.jpeg","datePublished":"2024-02-07T11:21:35+00:00","dateModified":"2024-02-08T16:49:22+00:00","breadcrumb":{"@id":"https:\/\/interkultur.fr\/en\/produit\/the-napoleons-rooms\/#breadcrumb"},"inLanguage":"en-US","potentialAction":[{"@type":"ReadAction","target":["https:\/\/interkultur.fr\/en\/produit\/the-napoleons-rooms\/"]}]},{"@type":"ImageObject","inLanguage":"en-US","@id":"https:\/\/interkultur.fr\/en\/produit\/the-napoleons-rooms\/#primaryimage","url":"https:\/\/interkultur.fr\/wp-content\/uploads\/2024\/02\/IMG_5878.jpeg","contentUrl":"https:\/\/interkultur.fr\/wp-content\/uploads\/2024\/02\/IMG_5878.jpeg","width":1536,"height":2048},{"@type":"BreadcrumbList","@id":"https:\/\/interkultur.fr\/en\/produit\/the-napoleons-rooms\/#breadcrumb","itemListElement":[{"@type":"ListItem","position":1,"name":"Accueil","item":"https:\/\/interkultur.fr\/en\/"},{"@type":"ListItem","position":2,"name":"Shop","item":"https:\/\/interkultur.fr\/en\/shop\/"},{"@type":"ListItem","position":3,"name":"The Napoleon&rsquo;s rooms"}]},{"@type":"WebSite","@id":"https:\/\/interkultur.fr\/en\/#website","url":"https:\/\/interkultur.fr\/en\/","name":"Interkultur","description":"Visites et \u00e9v\u00e9nements culturels dans le Paris secret li\u00e9s \u00e0 l\u2019Histoire, l\u2019art, et la valorisation du patrimoine et des savoirs faire.","potentialAction":[{"@type":"SearchAction","target":{"@type":"EntryPoint","urlTemplate":"https:\/\/interkultur.fr\/en\/?s={search_term_string}"},"query-input":{"@type":"PropertyValueSpecification","valueRequired":true,"valueName":"search_term_string"}}],"inLanguage":"en-US"}]}},"_links":{"self":[{"href":"https:\/\/interkultur.fr\/en\/wp-json\/wp\/v2\/product\/6087","targetHints":{"allow":["GET"]}}],"collection":[{"href":"https:\/\/interkultur.fr\/en\/wp-json\/wp\/v2\/product"}],"about":[{"href":"https:\/\/interkultur.fr\/en\/wp-json\/wp\/v2\/types\/product"}],"wp:featuredmedia":[{"embeddable":true,"href":"https:\/\/interkultur.fr\/en\/wp-json\/wp\/v2\/media\/6422"}],"wp:attachment":[{"href":"https:\/\/interkultur.fr\/en\/wp-json\/wp\/v2\/media?parent=6087"}],"wp:term":[{"taxonomy":"product_brand","embeddable":true,"href":"https:\/\/interkultur.fr\/en\/wp-json\/wp\/v2\/product_brand?post=6087"},{"taxonomy":"product_cat","embeddable":true,"href":"https:\/\/interkultur.fr\/en\/wp-json\/wp\/v2\/product_cat?post=6087"},{"taxonomy":"product_tag","embeddable":true,"href":"https:\/\/interkultur.fr\/en\/wp-json\/wp\/v2\/product_tag?post=6087"}],"curies":[{"name":"wp","href":"https:\/\/api.w.org\/{rel}","templated":true}]}}