{"id":6092,"date":"2024-02-07T12:34:53","date_gmt":"2024-02-07T11:34:53","guid":{"rendered":"https:\/\/interkultur.fr\/?post_type=product&#038;p=6092"},"modified":"2025-10-02T18:47:07","modified_gmt":"2025-10-02T16:47:07","slug":"opera-garnier","status":"publish","type":"product","link":"https:\/\/interkultur.fr\/en\/produit\/opera-garnier\/","title":{"rendered":"Opera Garnier"},"content":{"rendered":"<h3>,Opera Garnier<\/h3>\n<p><strong>Practical information<\/strong><\/p>\n<ul>\n<li>Location : Place de l&#8217;Op\u00e9ra<\/li>\n<li>Duration : 2h<\/li>\n<li>Walking tour<\/li>\n<li>60\u20ac pp (up to 7 people) + entrance ticket 130\u20ac<\/li>\n<li>Min. 4 people, max. 7 people<\/li>\n<li>More then 8 people: contact us<\/li>\n<\/ul>\n<p style=\"text-align: justify;\">Commissioned by Napoleon III as part of his major <strong>renovation of Paris<\/strong>, the Op\u00e9ra Garnier remains <strong>Europe&#8217;s largest opera house. <\/strong>\u00a0It is therefore a stunning example of Second Empire art and architecture. The site has inspired numerous novels over the years, the most famous of which is undoubtedly Gaston Leroux&#8217;s <strong>Phantom of the Opera<\/strong> \u2013 during your tour you&#8217;ll experience its powerful atmosphere, both dramatic and mysterious.<\/p>\n<p style=\"text-align: justify;\">The tour starts at the <strong>subscriber&#8217;s rotunda<\/strong>, built as a direct access for the most frequent visitors, usually the elite of Paris. It leads to the bottom of the stairs, where the <strong>enigmatic Pythia sculpture<\/strong> is located.<br \/>\nThe sweeping staircase is one of the <strong>most impressive<\/strong> features of the Opera. The opulence of the architecture and design is overwhelming, as it incorporates blends of <strong>luxurious marble<\/strong> from Italy, Sweden and France. The staircase also boasts of precious stones, is flanked by <strong>30 marble column<\/strong>s and illuminated with <strong>freat candelabras<\/strong>.<\/p>\n<p style=\"text-align: justify;\"><strong>Charles Garnier<\/strong> pioneered the use of <strong>Mosaics<\/strong> as a decorative method in France. He <strong>embellished<\/strong> the vaults leading to the stunning <strong>Grand Foyer<\/strong>. Impressively long, the <strong>guilded decor<\/strong> is outstanding as well as the two fireplaces and <strong>detailed fresco<\/strong> stretching across the ceiling.<br \/>\nAlong with other exhibition rooms, archive galleries and secondary reception rooms, the tour will of course highlight the <strong>auditorium.<\/strong> With its impressive stage and theater space, it can sit 2000 people and used to be the <strong>biggest in the world<\/strong>. The 7 tons <strong>chandelier<\/strong> of pure bronze and crystal is world famous.<br \/>\n<strong>The ceiling<\/strong>, painted pompously in the 1870&#8217;s was covered in the 1960&#8217;s upon the command of Culture minister Malraux with a brand new work by <strong>Marc Chagall<\/strong>.<\/p>\n<p>The tour also includes the small &lt;strong&gt;museum, showing paintings and books related to the Opera Garnier.<\/p>\n","protected":false},"excerpt":{"rendered":"<p><strong>The Opera Garnier<\/strong> is undoubtedly one of the most dazzling monuments in Paris. The tour will go through the history and context of the construction with a first <strong>outdoor description<\/strong>.<br \/>\nThe visit of the building will start with a vast space formerly used as a waiting room, before ascending <strong>the Great Staircase<\/strong> which leads to the auditorium as well as the various reception rooms and <strong>the famous grand foyer<\/strong>. It opens onto a balcony offering a stunning panorama stretching over to the Louvre. Some areas also exhibit <strong>costumes<\/strong> from famous plays, an archive gallery and <strong>temporary exhibitions<\/strong>.<\/p>\n","protected":false},"featured_media":6372,"template":"","meta":{"_price":"","_stock":"","_tribe_ticket_header":"","_tribe_default_ticket_provider":"","_tribe_ticket_capacity":"0","_ticket_start_date":"","_ticket_end_date":"","_tribe_ticket_show_description":"","_tribe_ticket_show_not_going":false,"_tribe_ticket_use_global_stock":"","_tribe_ticket_global_stock_level":"","_global_stock_mode":"","_global_stock_cap":"","_tribe_rsvp_for_event":"","_tribe_ticket_going_count":"","_tribe_ticket_not_going_count":"","_tribe_tickets_list":"[]","_tribe_ticket_has_attendee_info_fields":false,"_tec_slr_enabled":"","_tec_slr_layout":""},"product_brand":[],"product_cat":[143],"product_tag":[],"class_list":{"0":"post-6092","1":"product","2":"type-product","3":"status-publish","4":"has-post-thumbnail","6":"product_cat-visit-paris","8":"first","9":"instock","10":"featured","11":"virtual","12":"product-type-simple"},"yoast_head":"<!-- This site is optimized with the Yoast SEO plugin v27.4 - https:\/\/yoast.com\/product\/yoast-seo-wordpress\/ -->\n<title>Opera Garnier - Interkultur<\/title>\n<meta name=\"robots\" content=\"index, follow, max-snippet:-1, max-image-preview:large, max-video-preview:-1\" \/>\n<link rel=\"canonical\" href=\"https:\/\/interkultur.fr\/en\/produit\/opera-garnier\/\" \/>\n<meta property=\"og:locale\" content=\"en_US\" \/>\n<meta property=\"og:type\" content=\"article\" \/>\n<meta property=\"og:title\" content=\"Opera Garnier - Interkultur\" \/>\n<meta property=\"og:description\" content=\"The Opera Garnier is undoubtedly one of the most dazzling monuments in Paris. The tour will go through the history and context of the construction with a first outdoor description. The visit of the building will start with a vast space formerly used as a waiting room, before ascending the Great Staircase which leads to the auditorium as well as the various reception rooms and the famous grand foyer. It opens onto a balcony offering a stunning panorama stretching over to the Louvre. Some areas also exhibit costumes from famous plays, an archive gallery and temporary exhibitions.\" \/>\n<meta property=\"og:url\" content=\"https:\/\/interkultur.fr\/en\/produit\/opera-garnier\/\" \/>\n<meta property=\"og:site_name\" content=\"Interkultur\" \/>\n<meta property=\"article:modified_time\" content=\"2025-10-02T16:47:07+00:00\" \/>\n<meta property=\"og:image\" content=\"https:\/\/interkultur.fr\/wp-content\/uploads\/2024\/02\/Foyer-opera.jpg\" \/>\n\t<meta property=\"og:image:width\" content=\"680\" \/>\n\t<meta property=\"og:image:height\" content=\"680\" \/>\n\t<meta property=\"og:image:type\" content=\"image\/jpeg\" \/>\n<meta name=\"twitter:card\" content=\"summary_large_image\" \/>\n<script type=\"application\/ld+json\" class=\"yoast-schema-graph\">{\"@context\":\"https:\\\/\\\/schema.org\",\"@graph\":[{\"@type\":\"WebPage\",\"@id\":\"https:\\\/\\\/interkultur.fr\\\/en\\\/produit\\\/opera-garnier\\\/\",\"url\":\"https:\\\/\\\/interkultur.fr\\\/en\\\/produit\\\/opera-garnier\\\/\",\"name\":\"Opera Garnier - Interkultur\",\"isPartOf\":{\"@id\":\"https:\\\/\\\/interkultur.fr\\\/en\\\/#website\"},\"primaryImageOfPage\":{\"@id\":\"https:\\\/\\\/interkultur.fr\\\/en\\\/produit\\\/opera-garnier\\\/#primaryimage\"},\"image\":{\"@id\":\"https:\\\/\\\/interkultur.fr\\\/en\\\/produit\\\/opera-garnier\\\/#primaryimage\"},\"thumbnailUrl\":\"https:\\\/\\\/interkultur.fr\\\/wp-content\\\/uploads\\\/2024\\\/02\\\/Foyer-opera.jpg\",\"datePublished\":\"2024-02-07T11:34:53+00:00\",\"dateModified\":\"2025-10-02T16:47:07+00:00\",\"breadcrumb\":{\"@id\":\"https:\\\/\\\/interkultur.fr\\\/en\\\/produit\\\/opera-garnier\\\/#breadcrumb\"},\"inLanguage\":\"en-US\",\"potentialAction\":[{\"@type\":\"ReadAction\",\"target\":[\"https:\\\/\\\/interkultur.fr\\\/en\\\/produit\\\/opera-garnier\\\/\"]}]},{\"@type\":\"ImageObject\",\"inLanguage\":\"en-US\",\"@id\":\"https:\\\/\\\/interkultur.fr\\\/en\\\/produit\\\/opera-garnier\\\/#primaryimage\",\"url\":\"https:\\\/\\\/interkultur.fr\\\/wp-content\\\/uploads\\\/2024\\\/02\\\/Foyer-opera.jpg\",\"contentUrl\":\"https:\\\/\\\/interkultur.fr\\\/wp-content\\\/uploads\\\/2024\\\/02\\\/Foyer-opera.jpg\",\"width\":680,\"height\":680},{\"@type\":\"BreadcrumbList\",\"@id\":\"https:\\\/\\\/interkultur.fr\\\/en\\\/produit\\\/opera-garnier\\\/#breadcrumb\",\"itemListElement\":[{\"@type\":\"ListItem\",\"position\":1,\"name\":\"Accueil\",\"item\":\"https:\\\/\\\/interkultur.fr\\\/en\\\/\"},{\"@type\":\"ListItem\",\"position\":2,\"name\":\"Shop\",\"item\":\"https:\\\/\\\/interkultur.fr\\\/en\\\/shop\\\/\"},{\"@type\":\"ListItem\",\"position\":3,\"name\":\"Opera Garnier\"}]},{\"@type\":\"WebSite\",\"@id\":\"https:\\\/\\\/interkultur.fr\\\/en\\\/#website\",\"url\":\"https:\\\/\\\/interkultur.fr\\\/en\\\/\",\"name\":\"Interkultur\",\"description\":\"Visites et \u00e9v\u00e9nements culturels dans le Paris secret li\u00e9s \u00e0 l\u2019Histoire, l\u2019art, et la valorisation du patrimoine et des savoirs faire.\",\"potentialAction\":[{\"@type\":\"SearchAction\",\"target\":{\"@type\":\"EntryPoint\",\"urlTemplate\":\"https:\\\/\\\/interkultur.fr\\\/en\\\/?s={search_term_string}\"},\"query-input\":{\"@type\":\"PropertyValueSpecification\",\"valueRequired\":true,\"valueName\":\"search_term_string\"}}],\"inLanguage\":\"en-US\"}]}<\/script>\n<!-- \/ Yoast SEO plugin. -->","yoast_head_json":{"title":"Opera Garnier - Interkultur","robots":{"index":"index","follow":"follow","max-snippet":"max-snippet:-1","max-image-preview":"max-image-preview:large","max-video-preview":"max-video-preview:-1"},"canonical":"https:\/\/interkultur.fr\/en\/produit\/opera-garnier\/","og_locale":"en_US","og_type":"article","og_title":"Opera Garnier - Interkultur","og_description":"The Opera Garnier is undoubtedly one of the most dazzling monuments in Paris. The tour will go through the history and context of the construction with a first outdoor description. The visit of the building will start with a vast space formerly used as a waiting room, before ascending the Great Staircase which leads to the auditorium as well as the various reception rooms and the famous grand foyer. It opens onto a balcony offering a stunning panorama stretching over to the Louvre. Some areas also exhibit costumes from famous plays, an archive gallery and temporary exhibitions.","og_url":"https:\/\/interkultur.fr\/en\/produit\/opera-garnier\/","og_site_name":"Interkultur","article_modified_time":"2025-10-02T16:47:07+00:00","og_image":[{"width":680,"height":680,"url":"https:\/\/interkultur.fr\/wp-content\/uploads\/2024\/02\/Foyer-opera.jpg","type":"image\/jpeg"}],"twitter_card":"summary_large_image","schema":{"@context":"https:\/\/schema.org","@graph":[{"@type":"WebPage","@id":"https:\/\/interkultur.fr\/en\/produit\/opera-garnier\/","url":"https:\/\/interkultur.fr\/en\/produit\/opera-garnier\/","name":"Opera Garnier - Interkultur","isPartOf":{"@id":"https:\/\/interkultur.fr\/en\/#website"},"primaryImageOfPage":{"@id":"https:\/\/interkultur.fr\/en\/produit\/opera-garnier\/#primaryimage"},"image":{"@id":"https:\/\/interkultur.fr\/en\/produit\/opera-garnier\/#primaryimage"},"thumbnailUrl":"https:\/\/interkultur.fr\/wp-content\/uploads\/2024\/02\/Foyer-opera.jpg","datePublished":"2024-02-07T11:34:53+00:00","dateModified":"2025-10-02T16:47:07+00:00","breadcrumb":{"@id":"https:\/\/interkultur.fr\/en\/produit\/opera-garnier\/#breadcrumb"},"inLanguage":"en-US","potentialAction":[{"@type":"ReadAction","target":["https:\/\/interkultur.fr\/en\/produit\/opera-garnier\/"]}]},{"@type":"ImageObject","inLanguage":"en-US","@id":"https:\/\/interkultur.fr\/en\/produit\/opera-garnier\/#primaryimage","url":"https:\/\/interkultur.fr\/wp-content\/uploads\/2024\/02\/Foyer-opera.jpg","contentUrl":"https:\/\/interkultur.fr\/wp-content\/uploads\/2024\/02\/Foyer-opera.jpg","width":680,"height":680},{"@type":"BreadcrumbList","@id":"https:\/\/interkultur.fr\/en\/produit\/opera-garnier\/#breadcrumb","itemListElement":[{"@type":"ListItem","position":1,"name":"Accueil","item":"https:\/\/interkultur.fr\/en\/"},{"@type":"ListItem","position":2,"name":"Shop","item":"https:\/\/interkultur.fr\/en\/shop\/"},{"@type":"ListItem","position":3,"name":"Opera Garnier"}]},{"@type":"WebSite","@id":"https:\/\/interkultur.fr\/en\/#website","url":"https:\/\/interkultur.fr\/en\/","name":"Interkultur","description":"Visites et \u00e9v\u00e9nements culturels dans le Paris secret li\u00e9s \u00e0 l\u2019Histoire, l\u2019art, et la valorisation du patrimoine et des savoirs faire.","potentialAction":[{"@type":"SearchAction","target":{"@type":"EntryPoint","urlTemplate":"https:\/\/interkultur.fr\/en\/?s={search_term_string}"},"query-input":{"@type":"PropertyValueSpecification","valueRequired":true,"valueName":"search_term_string"}}],"inLanguage":"en-US"}]}},"_links":{"self":[{"href":"https:\/\/interkultur.fr\/en\/wp-json\/wp\/v2\/product\/6092","targetHints":{"allow":["GET"]}}],"collection":[{"href":"https:\/\/interkultur.fr\/en\/wp-json\/wp\/v2\/product"}],"about":[{"href":"https:\/\/interkultur.fr\/en\/wp-json\/wp\/v2\/types\/product"}],"wp:featuredmedia":[{"embeddable":true,"href":"https:\/\/interkultur.fr\/en\/wp-json\/wp\/v2\/media\/6372"}],"wp:attachment":[{"href":"https:\/\/interkultur.fr\/en\/wp-json\/wp\/v2\/media?parent=6092"}],"wp:term":[{"taxonomy":"product_brand","embeddable":true,"href":"https:\/\/interkultur.fr\/en\/wp-json\/wp\/v2\/product_brand?post=6092"},{"taxonomy":"product_cat","embeddable":true,"href":"https:\/\/interkultur.fr\/en\/wp-json\/wp\/v2\/product_cat?post=6092"},{"taxonomy":"product_tag","embeddable":true,"href":"https:\/\/interkultur.fr\/en\/wp-json\/wp\/v2\/product_tag?post=6092"}],"curies":[{"name":"wp","href":"https:\/\/api.w.org\/{rel}","templated":true}]}}