{"id":6094,"date":"2024-02-07T12:49:51","date_gmt":"2024-02-07T11:49:51","guid":{"rendered":"https:\/\/interkultur.fr\/?post_type=product&#038;p=6094"},"modified":"2024-02-11T20:39:18","modified_gmt":"2024-02-11T19:39:18","slug":"art-deco-houses-and-sculptors-workshop","status":"publish","type":"product","link":"https:\/\/interkultur.fr\/en\/produit\/art-deco-houses-and-sculptors-workshop\/","title":{"rendered":"Art d\u00e9co houses and sculptor&#8217;s workshop"},"content":{"rendered":"<h2>Art d\u00e9co houses and sculptor&#8217;s workshop<\/h2>\n<p><strong>Practical information<\/strong><\/p>\n<ul>\n<li>Location : Cit\u00e9 Universitaire station (RER B)<\/li>\n<li>Duration : 2h15<\/li>\n<li>Walking tour<\/li>\n<li>Small group (up to 8 people) 50-80\u20ac pp + tickets on top<\/li>\n<li>Private group tour\u00a0at any date (270\u20ac\/group) + tickets on top<\/li>\n<li>Sculptor&#8217;s house entrance ticket : 10\u20ac pp<\/li>\n<\/ul>\n<p style=\"text-align: justify;\">This walk will uncover the beautiful <strong>art D\u00e9co houses<\/strong> and sculptor&#8217;s workshop close to the <strong>Park Montsouris<\/strong>.<br \/>\nThis area south of Paris was fully urbanized in the last years of the 19th century. Next to the beautiful Montsouris park, Many artists such as the painters<strong> Foujita<\/strong>,<strong> Derain<\/strong> and <strong>Georges Braque<\/strong>, as well as sculptors or architects, chose this neighborhood, cheaper than Montparnasse, to build their houses as well as their workshop asking the most recent architects to come up with the most recent techniques and decors.<br \/>\nSome of the alleyways are still very <strong>charming<\/strong>. They house beautiful and discreet villas, including some creations by the most <strong>brillant architects<\/strong> of those days: <strong>Le Corbusier<\/strong>, <strong>Auguste Perret<\/strong> or <strong>Andr\u00e9 Lur\u00e7at<\/strong>, to name a few.<br \/>\nA bit further away, an impasse saw many <strong>famous artists<\/strong> have their beautiful houses built by non less famous architects. The tour will uncover stories and people behind the closed curtains of what used to be one of the most vibrant street in French culture during most of the twentieth century. The visit of the <strong>impressive house-atelier<\/strong> built by Auguste Perret is on the program. It has been kept in its original state and is still full of the works of art of a <strong>well known Russian sculptor<\/strong>, who has died in the 1980&#8217;s.<\/p>\n","protected":false},"excerpt":{"rendered":"<p>Stroll a few small streets and alleyways around Montsouris park and experience <strong>the charm of a neighborhood<\/strong> where one really feel away and far from Paris. Some of the <strong>beautiful houses<\/strong> were built for famous artists. Some villas were also used as experimenting new <strong>art d\u00e9co<\/strong> techniques and materials.<br \/>\nIn a close-by passage, we&#8217;ll visit the <strong>grand house atelier of a sculptor<\/strong>, now turned into a museum after her death (10\u20ac pp).<\/p>\n","protected":false},"featured_media":6908,"template":"","meta":{"_price":"","_stock":"","_tribe_ticket_header":"","_tribe_default_ticket_provider":"","_tribe_ticket_capacity":"0","_ticket_start_date":"","_ticket_end_date":"","_tribe_ticket_show_description":"","_tribe_ticket_show_not_going":false,"_tribe_ticket_use_global_stock":"","_tribe_ticket_global_stock_level":"","_global_stock_mode":"","_global_stock_cap":"","_tribe_rsvp_for_event":"","_tribe_ticket_going_count":"","_tribe_ticket_not_going_count":"","_tribe_tickets_list":"[]","_tribe_ticket_has_attendee_info_fields":false,"_tec_slr_enabled":"","_tec_slr_layout":""},"product_brand":[],"product_cat":[143],"product_tag":[],"class_list":{"0":"post-6094","1":"product","2":"type-product","3":"status-publish","4":"has-post-thumbnail","6":"product_cat-visit-paris","8":"first","9":"instock","10":"featured","11":"virtual","12":"product-type-simple"},"yoast_head":"<!-- This site is optimized with the Yoast SEO plugin v27.5 - https:\/\/yoast.com\/product\/yoast-seo-wordpress\/ -->\n<title>Art d\u00e9co houses and sculptor&#039;s workshop - Interkultur<\/title>\n<meta name=\"robots\" content=\"index, follow, max-snippet:-1, max-image-preview:large, max-video-preview:-1\" \/>\n<link rel=\"canonical\" href=\"https:\/\/interkultur.fr\/en\/produit\/art-deco-houses-and-sculptors-workshop\/\" \/>\n<meta property=\"og:locale\" content=\"en_US\" \/>\n<meta property=\"og:type\" content=\"article\" \/>\n<meta property=\"og:title\" content=\"Art d\u00e9co houses and sculptor&#039;s workshop - Interkultur\" \/>\n<meta property=\"og:description\" content=\"Stroll a few small streets and alleyways around Montsouris park and experience the charm of a neighborhood where one really feel away and far from Paris. Some of the beautiful houses were built for famous artists. Some villas were also used as experimenting new art d\u00e9co techniques and materials. In a close-by passage, we&#039;ll visit the grand house atelier of a sculptor, now turned into a museum after her death (10\u20ac pp).\" \/>\n<meta property=\"og:url\" content=\"https:\/\/interkultur.fr\/en\/produit\/art-deco-houses-and-sculptors-workshop\/\" \/>\n<meta property=\"og:site_name\" content=\"Interkultur\" \/>\n<meta property=\"article:modified_time\" content=\"2024-02-11T19:39:18+00:00\" \/>\n<meta property=\"og:image\" content=\"https:\/\/interkultur.fr\/wp-content\/uploads\/2024\/02\/Atelier-Orloff-4.jpg\" \/>\n\t<meta property=\"og:image:width\" content=\"1200\" \/>\n\t<meta property=\"og:image:height\" content=\"1600\" \/>\n\t<meta property=\"og:image:type\" content=\"image\/jpeg\" \/>\n<meta name=\"twitter:card\" content=\"summary_large_image\" \/>\n<script type=\"application\/ld+json\" class=\"yoast-schema-graph\">{\"@context\":\"https:\\\/\\\/schema.org\",\"@graph\":[{\"@type\":\"WebPage\",\"@id\":\"https:\\\/\\\/interkultur.fr\\\/en\\\/produit\\\/art-deco-houses-and-sculptors-workshop\\\/\",\"url\":\"https:\\\/\\\/interkultur.fr\\\/en\\\/produit\\\/art-deco-houses-and-sculptors-workshop\\\/\",\"name\":\"Art d\u00e9co houses and sculptor's workshop - Interkultur\",\"isPartOf\":{\"@id\":\"https:\\\/\\\/interkultur.fr\\\/en\\\/#website\"},\"primaryImageOfPage\":{\"@id\":\"https:\\\/\\\/interkultur.fr\\\/en\\\/produit\\\/art-deco-houses-and-sculptors-workshop\\\/#primaryimage\"},\"image\":{\"@id\":\"https:\\\/\\\/interkultur.fr\\\/en\\\/produit\\\/art-deco-houses-and-sculptors-workshop\\\/#primaryimage\"},\"thumbnailUrl\":\"https:\\\/\\\/interkultur.fr\\\/wp-content\\\/uploads\\\/2024\\\/02\\\/Atelier-Orloff-4.jpg\",\"datePublished\":\"2024-02-07T11:49:51+00:00\",\"dateModified\":\"2024-02-11T19:39:18+00:00\",\"breadcrumb\":{\"@id\":\"https:\\\/\\\/interkultur.fr\\\/en\\\/produit\\\/art-deco-houses-and-sculptors-workshop\\\/#breadcrumb\"},\"inLanguage\":\"en-US\",\"potentialAction\":[{\"@type\":\"ReadAction\",\"target\":[\"https:\\\/\\\/interkultur.fr\\\/en\\\/produit\\\/art-deco-houses-and-sculptors-workshop\\\/\"]}]},{\"@type\":\"ImageObject\",\"inLanguage\":\"en-US\",\"@id\":\"https:\\\/\\\/interkultur.fr\\\/en\\\/produit\\\/art-deco-houses-and-sculptors-workshop\\\/#primaryimage\",\"url\":\"https:\\\/\\\/interkultur.fr\\\/wp-content\\\/uploads\\\/2024\\\/02\\\/Atelier-Orloff-4.jpg\",\"contentUrl\":\"https:\\\/\\\/interkultur.fr\\\/wp-content\\\/uploads\\\/2024\\\/02\\\/Atelier-Orloff-4.jpg\",\"width\":1200,\"height\":1600},{\"@type\":\"BreadcrumbList\",\"@id\":\"https:\\\/\\\/interkultur.fr\\\/en\\\/produit\\\/art-deco-houses-and-sculptors-workshop\\\/#breadcrumb\",\"itemListElement\":[{\"@type\":\"ListItem\",\"position\":1,\"name\":\"Accueil\",\"item\":\"https:\\\/\\\/interkultur.fr\\\/en\\\/\"},{\"@type\":\"ListItem\",\"position\":2,\"name\":\"Shop\",\"item\":\"https:\\\/\\\/interkultur.fr\\\/en\\\/shop\\\/\"},{\"@type\":\"ListItem\",\"position\":3,\"name\":\"Art d\u00e9co houses and sculptor&rsquo;s workshop\"}]},{\"@type\":\"WebSite\",\"@id\":\"https:\\\/\\\/interkultur.fr\\\/en\\\/#website\",\"url\":\"https:\\\/\\\/interkultur.fr\\\/en\\\/\",\"name\":\"Interkultur\",\"description\":\"Visites et \u00e9v\u00e9nements culturels dans le Paris secret li\u00e9s \u00e0 l\u2019Histoire, l\u2019art, et la valorisation du patrimoine et des savoirs faire.\",\"potentialAction\":[{\"@type\":\"SearchAction\",\"target\":{\"@type\":\"EntryPoint\",\"urlTemplate\":\"https:\\\/\\\/interkultur.fr\\\/en\\\/?s={search_term_string}\"},\"query-input\":{\"@type\":\"PropertyValueSpecification\",\"valueRequired\":true,\"valueName\":\"search_term_string\"}}],\"inLanguage\":\"en-US\"}]}<\/script>\n<!-- \/ Yoast SEO plugin. -->","yoast_head_json":{"title":"Art d\u00e9co houses and sculptor's workshop - Interkultur","robots":{"index":"index","follow":"follow","max-snippet":"max-snippet:-1","max-image-preview":"max-image-preview:large","max-video-preview":"max-video-preview:-1"},"canonical":"https:\/\/interkultur.fr\/en\/produit\/art-deco-houses-and-sculptors-workshop\/","og_locale":"en_US","og_type":"article","og_title":"Art d\u00e9co houses and sculptor's workshop - Interkultur","og_description":"Stroll a few small streets and alleyways around Montsouris park and experience the charm of a neighborhood where one really feel away and far from Paris. Some of the beautiful houses were built for famous artists. Some villas were also used as experimenting new art d\u00e9co techniques and materials. In a close-by passage, we'll visit the grand house atelier of a sculptor, now turned into a museum after her death (10\u20ac pp).","og_url":"https:\/\/interkultur.fr\/en\/produit\/art-deco-houses-and-sculptors-workshop\/","og_site_name":"Interkultur","article_modified_time":"2024-02-11T19:39:18+00:00","og_image":[{"width":1200,"height":1600,"url":"https:\/\/interkultur.fr\/wp-content\/uploads\/2024\/02\/Atelier-Orloff-4.jpg","type":"image\/jpeg"}],"twitter_card":"summary_large_image","schema":{"@context":"https:\/\/schema.org","@graph":[{"@type":"WebPage","@id":"https:\/\/interkultur.fr\/en\/produit\/art-deco-houses-and-sculptors-workshop\/","url":"https:\/\/interkultur.fr\/en\/produit\/art-deco-houses-and-sculptors-workshop\/","name":"Art d\u00e9co houses and sculptor's workshop - Interkultur","isPartOf":{"@id":"https:\/\/interkultur.fr\/en\/#website"},"primaryImageOfPage":{"@id":"https:\/\/interkultur.fr\/en\/produit\/art-deco-houses-and-sculptors-workshop\/#primaryimage"},"image":{"@id":"https:\/\/interkultur.fr\/en\/produit\/art-deco-houses-and-sculptors-workshop\/#primaryimage"},"thumbnailUrl":"https:\/\/interkultur.fr\/wp-content\/uploads\/2024\/02\/Atelier-Orloff-4.jpg","datePublished":"2024-02-07T11:49:51+00:00","dateModified":"2024-02-11T19:39:18+00:00","breadcrumb":{"@id":"https:\/\/interkultur.fr\/en\/produit\/art-deco-houses-and-sculptors-workshop\/#breadcrumb"},"inLanguage":"en-US","potentialAction":[{"@type":"ReadAction","target":["https:\/\/interkultur.fr\/en\/produit\/art-deco-houses-and-sculptors-workshop\/"]}]},{"@type":"ImageObject","inLanguage":"en-US","@id":"https:\/\/interkultur.fr\/en\/produit\/art-deco-houses-and-sculptors-workshop\/#primaryimage","url":"https:\/\/interkultur.fr\/wp-content\/uploads\/2024\/02\/Atelier-Orloff-4.jpg","contentUrl":"https:\/\/interkultur.fr\/wp-content\/uploads\/2024\/02\/Atelier-Orloff-4.jpg","width":1200,"height":1600},{"@type":"BreadcrumbList","@id":"https:\/\/interkultur.fr\/en\/produit\/art-deco-houses-and-sculptors-workshop\/#breadcrumb","itemListElement":[{"@type":"ListItem","position":1,"name":"Accueil","item":"https:\/\/interkultur.fr\/en\/"},{"@type":"ListItem","position":2,"name":"Shop","item":"https:\/\/interkultur.fr\/en\/shop\/"},{"@type":"ListItem","position":3,"name":"Art d\u00e9co houses and sculptor&rsquo;s workshop"}]},{"@type":"WebSite","@id":"https:\/\/interkultur.fr\/en\/#website","url":"https:\/\/interkultur.fr\/en\/","name":"Interkultur","description":"Visites et \u00e9v\u00e9nements culturels dans le Paris secret li\u00e9s \u00e0 l\u2019Histoire, l\u2019art, et la valorisation du patrimoine et des savoirs faire.","potentialAction":[{"@type":"SearchAction","target":{"@type":"EntryPoint","urlTemplate":"https:\/\/interkultur.fr\/en\/?s={search_term_string}"},"query-input":{"@type":"PropertyValueSpecification","valueRequired":true,"valueName":"search_term_string"}}],"inLanguage":"en-US"}]}},"_links":{"self":[{"href":"https:\/\/interkultur.fr\/en\/wp-json\/wp\/v2\/product\/6094","targetHints":{"allow":["GET"]}}],"collection":[{"href":"https:\/\/interkultur.fr\/en\/wp-json\/wp\/v2\/product"}],"about":[{"href":"https:\/\/interkultur.fr\/en\/wp-json\/wp\/v2\/types\/product"}],"wp:featuredmedia":[{"embeddable":true,"href":"https:\/\/interkultur.fr\/en\/wp-json\/wp\/v2\/media\/6908"}],"wp:attachment":[{"href":"https:\/\/interkultur.fr\/en\/wp-json\/wp\/v2\/media?parent=6094"}],"wp:term":[{"taxonomy":"product_brand","embeddable":true,"href":"https:\/\/interkultur.fr\/en\/wp-json\/wp\/v2\/product_brand?post=6094"},{"taxonomy":"product_cat","embeddable":true,"href":"https:\/\/interkultur.fr\/en\/wp-json\/wp\/v2\/product_cat?post=6094"},{"taxonomy":"product_tag","embeddable":true,"href":"https:\/\/interkultur.fr\/en\/wp-json\/wp\/v2\/product_tag?post=6094"}],"curies":[{"name":"wp","href":"https:\/\/api.w.org\/{rel}","templated":true}]}}