{"id":6097,"date":"2024-02-07T12:58:37","date_gmt":"2024-02-07T11:58:37","guid":{"rendered":"https:\/\/interkultur.fr\/?post_type=product&#038;p=6097"},"modified":"2024-02-08T15:31:49","modified_gmt":"2024-02-08T14:31:49","slug":"hotel-de-lauzun","status":"publish","type":"product","link":"https:\/\/interkultur.fr\/en\/produit\/hotel-de-lauzun\/","title":{"rendered":"Hotel de Lauzun"},"content":{"rendered":"<h2>Hotel de Lauzun<\/h2>\n<p style=\"text-align: justify;\"><strong>Practical informations<\/strong><\/p>\n<ul style=\"text-align: justify;\">\n<li>Location : 17, Quai d\u2019Anjou (M\u00e9tro Sully-Morland line 7)<\/li>\n<li>Duration : 1h30<\/li>\n<li>Walking tour<\/li>\n<li>Visit only possible during a private event<\/li>\n<\/ul>\n<p style=\"text-align: justify;\">The Hotel de Lauzun is much more than yet another aristocratic mansion in Paris. <strong>Ravishingly luxurious<\/strong> with outstanding painted and gilded interiors, the house is the last example of a seventeenth century <strong>Grand si\u00e8cle<\/strong> building one can visit on the<strong> \u00eele Saint Louis.<\/strong><\/p>\n<p style=\"text-align: justify;\">The tour will recount the building&#8217;s long and <strong>fascinating history<\/strong> as well as architectural features and decors. Indeed, the mansion was first built by an important family of Louis the 14th era, but soon after, it was quickly bought by the <strong>Duc de Lauzun<\/strong>, a prominent and rich member of the king&#8217;s court. The place is then famous for housing numerous parties and orgies.<\/p>\n<p style=\"text-align: justify;\">In the nineteenth century the mansion is heavily transformed and parted in many <strong>different apartments<\/strong>.<br \/>\nOne of the most illustrious tenants was <strong>Charles Baudelaire<\/strong>. The well known author would write in there many of his poems and host his famous club of artificial paradise.<\/p>\n<p style=\"text-align: justify;\">The hotel de Lauzun now has belonged to the city of Paris since the start of the 20th century. After serious <strong>renovation<\/strong>, it shows some the most beautiful rooms with original d\u00e9cor coupled with 19th century transformation. The main part of the hotel has now become a kind of <strong>Villa Medicis<\/strong> for researchers from around the world.<\/p>\n<p>Since the Covid period, Hotel de Lauzun is only accessible during private events (3 weeks in advance booking). Renting can be at daytime or in the evening, for 1, 2 hours or more.<\/p>\n","protected":false},"excerpt":{"rendered":"<p style=\"text-align: justify;\">Magnificent <strong>H\u00f4tel de Lauzun<\/strong> is one of the very few hotels particuliers (private mansions) that retain their rich carved, painted, mirrored and gilded interiors from the time of Louis XIV.<br \/>\nThe mansion is a 17th century interior and exterior <strong>architectural jewel<\/strong>. It is the only private mansion on Ile St Louis that can be visited. It has been recently restored while being preserved as its last private owner left it at the end of the 19th century, with the <strong>gold detailing<\/strong> and ceilings of the 17th century, combined with the <strong>exuberance<\/strong> of the 19th century.<\/p>\n<p>Hotel de Lauzun can only be visited every day but during private events only<\/p>\n","protected":false},"featured_media":6029,"template":"","meta":{"_price":"","_stock":"","_tribe_ticket_header":"","_tribe_default_ticket_provider":"","_tribe_ticket_capacity":"0","_ticket_start_date":"","_ticket_end_date":"","_tribe_ticket_show_description":"","_tribe_ticket_show_not_going":false,"_tribe_ticket_use_global_stock":"","_tribe_ticket_global_stock_level":"","_global_stock_mode":"","_global_stock_cap":"","_tribe_rsvp_for_event":"","_tribe_ticket_going_count":"","_tribe_ticket_not_going_count":"","_tribe_tickets_list":"[]","_tribe_ticket_has_attendee_info_fields":false,"_tec_slr_enabled":"","_tec_slr_layout":""},"product_brand":[],"product_cat":[143],"product_tag":[],"class_list":{"0":"post-6097","1":"product","2":"type-product","3":"status-publish","4":"has-post-thumbnail","6":"product_cat-visit-paris","8":"first","9":"instock","10":"featured","11":"virtual","12":"product-type-simple"},"yoast_head":"<!-- This site is optimized with the Yoast SEO plugin v27.4 - https:\/\/yoast.com\/product\/yoast-seo-wordpress\/ -->\n<title>Hotel de Lauzun - Interkultur<\/title>\n<meta name=\"robots\" content=\"index, follow, max-snippet:-1, max-image-preview:large, max-video-preview:-1\" \/>\n<link rel=\"canonical\" href=\"https:\/\/interkultur.fr\/en\/produit\/hotel-de-lauzun\/\" \/>\n<meta property=\"og:locale\" content=\"en_US\" \/>\n<meta property=\"og:type\" content=\"article\" \/>\n<meta property=\"og:title\" content=\"Hotel de Lauzun - Interkultur\" \/>\n<meta property=\"og:description\" content=\"Magnificent H\u00f4tel de Lauzun is one of the very few hotels particuliers (private mansions) that retain their rich carved, painted, mirrored and gilded interiors from the time of Louis XIV. The mansion is a 17th century interior and exterior architectural jewel. It is the only private mansion on Ile St Louis that can be visited. It has been recently restored while being preserved as its last private owner left it at the end of the 19th century, with the gold detailing and ceilings of the 17th century, combined with the exuberance of the 19th century. Hotel de Lauzun can only be visited every day but during private events only\" \/>\n<meta property=\"og:url\" content=\"https:\/\/interkultur.fr\/en\/produit\/hotel-de-lauzun\/\" \/>\n<meta property=\"og:site_name\" content=\"Interkultur\" \/>\n<meta property=\"article:modified_time\" content=\"2024-02-08T14:31:49+00:00\" \/>\n<meta property=\"og:image\" content=\"https:\/\/interkultur.fr\/wp-content\/uploads\/2024\/02\/lauzun-2.jpg\" \/>\n\t<meta property=\"og:image:width\" content=\"1200\" \/>\n\t<meta property=\"og:image:height\" content=\"803\" \/>\n\t<meta property=\"og:image:type\" content=\"image\/jpeg\" \/>\n<meta name=\"twitter:card\" content=\"summary_large_image\" \/>\n<script type=\"application\/ld+json\" class=\"yoast-schema-graph\">{\"@context\":\"https:\\\/\\\/schema.org\",\"@graph\":[{\"@type\":\"WebPage\",\"@id\":\"https:\\\/\\\/interkultur.fr\\\/en\\\/produit\\\/hotel-de-lauzun\\\/\",\"url\":\"https:\\\/\\\/interkultur.fr\\\/en\\\/produit\\\/hotel-de-lauzun\\\/\",\"name\":\"Hotel de Lauzun - Interkultur\",\"isPartOf\":{\"@id\":\"https:\\\/\\\/interkultur.fr\\\/en\\\/#website\"},\"primaryImageOfPage\":{\"@id\":\"https:\\\/\\\/interkultur.fr\\\/en\\\/produit\\\/hotel-de-lauzun\\\/#primaryimage\"},\"image\":{\"@id\":\"https:\\\/\\\/interkultur.fr\\\/en\\\/produit\\\/hotel-de-lauzun\\\/#primaryimage\"},\"thumbnailUrl\":\"https:\\\/\\\/interkultur.fr\\\/wp-content\\\/uploads\\\/2024\\\/02\\\/lauzun-2.jpg\",\"datePublished\":\"2024-02-07T11:58:37+00:00\",\"dateModified\":\"2024-02-08T14:31:49+00:00\",\"breadcrumb\":{\"@id\":\"https:\\\/\\\/interkultur.fr\\\/en\\\/produit\\\/hotel-de-lauzun\\\/#breadcrumb\"},\"inLanguage\":\"en-US\",\"potentialAction\":[{\"@type\":\"ReadAction\",\"target\":[\"https:\\\/\\\/interkultur.fr\\\/en\\\/produit\\\/hotel-de-lauzun\\\/\"]}]},{\"@type\":\"ImageObject\",\"inLanguage\":\"en-US\",\"@id\":\"https:\\\/\\\/interkultur.fr\\\/en\\\/produit\\\/hotel-de-lauzun\\\/#primaryimage\",\"url\":\"https:\\\/\\\/interkultur.fr\\\/wp-content\\\/uploads\\\/2024\\\/02\\\/lauzun-2.jpg\",\"contentUrl\":\"https:\\\/\\\/interkultur.fr\\\/wp-content\\\/uploads\\\/2024\\\/02\\\/lauzun-2.jpg\",\"width\":1200,\"height\":803},{\"@type\":\"BreadcrumbList\",\"@id\":\"https:\\\/\\\/interkultur.fr\\\/en\\\/produit\\\/hotel-de-lauzun\\\/#breadcrumb\",\"itemListElement\":[{\"@type\":\"ListItem\",\"position\":1,\"name\":\"Accueil\",\"item\":\"https:\\\/\\\/interkultur.fr\\\/en\\\/\"},{\"@type\":\"ListItem\",\"position\":2,\"name\":\"Shop\",\"item\":\"https:\\\/\\\/interkultur.fr\\\/en\\\/shop\\\/\"},{\"@type\":\"ListItem\",\"position\":3,\"name\":\"Hotel de Lauzun\"}]},{\"@type\":\"WebSite\",\"@id\":\"https:\\\/\\\/interkultur.fr\\\/en\\\/#website\",\"url\":\"https:\\\/\\\/interkultur.fr\\\/en\\\/\",\"name\":\"Interkultur\",\"description\":\"Visites et \u00e9v\u00e9nements culturels dans le Paris secret li\u00e9s \u00e0 l\u2019Histoire, l\u2019art, et la valorisation du patrimoine et des savoirs faire.\",\"potentialAction\":[{\"@type\":\"SearchAction\",\"target\":{\"@type\":\"EntryPoint\",\"urlTemplate\":\"https:\\\/\\\/interkultur.fr\\\/en\\\/?s={search_term_string}\"},\"query-input\":{\"@type\":\"PropertyValueSpecification\",\"valueRequired\":true,\"valueName\":\"search_term_string\"}}],\"inLanguage\":\"en-US\"}]}<\/script>\n<!-- \/ Yoast SEO plugin. -->","yoast_head_json":{"title":"Hotel de Lauzun - Interkultur","robots":{"index":"index","follow":"follow","max-snippet":"max-snippet:-1","max-image-preview":"max-image-preview:large","max-video-preview":"max-video-preview:-1"},"canonical":"https:\/\/interkultur.fr\/en\/produit\/hotel-de-lauzun\/","og_locale":"en_US","og_type":"article","og_title":"Hotel de Lauzun - Interkultur","og_description":"Magnificent H\u00f4tel de Lauzun is one of the very few hotels particuliers (private mansions) that retain their rich carved, painted, mirrored and gilded interiors from the time of Louis XIV. The mansion is a 17th century interior and exterior architectural jewel. It is the only private mansion on Ile St Louis that can be visited. It has been recently restored while being preserved as its last private owner left it at the end of the 19th century, with the gold detailing and ceilings of the 17th century, combined with the exuberance of the 19th century. Hotel de Lauzun can only be visited every day but during private events only","og_url":"https:\/\/interkultur.fr\/en\/produit\/hotel-de-lauzun\/","og_site_name":"Interkultur","article_modified_time":"2024-02-08T14:31:49+00:00","og_image":[{"width":1200,"height":803,"url":"https:\/\/interkultur.fr\/wp-content\/uploads\/2024\/02\/lauzun-2.jpg","type":"image\/jpeg"}],"twitter_card":"summary_large_image","schema":{"@context":"https:\/\/schema.org","@graph":[{"@type":"WebPage","@id":"https:\/\/interkultur.fr\/en\/produit\/hotel-de-lauzun\/","url":"https:\/\/interkultur.fr\/en\/produit\/hotel-de-lauzun\/","name":"Hotel de Lauzun - Interkultur","isPartOf":{"@id":"https:\/\/interkultur.fr\/en\/#website"},"primaryImageOfPage":{"@id":"https:\/\/interkultur.fr\/en\/produit\/hotel-de-lauzun\/#primaryimage"},"image":{"@id":"https:\/\/interkultur.fr\/en\/produit\/hotel-de-lauzun\/#primaryimage"},"thumbnailUrl":"https:\/\/interkultur.fr\/wp-content\/uploads\/2024\/02\/lauzun-2.jpg","datePublished":"2024-02-07T11:58:37+00:00","dateModified":"2024-02-08T14:31:49+00:00","breadcrumb":{"@id":"https:\/\/interkultur.fr\/en\/produit\/hotel-de-lauzun\/#breadcrumb"},"inLanguage":"en-US","potentialAction":[{"@type":"ReadAction","target":["https:\/\/interkultur.fr\/en\/produit\/hotel-de-lauzun\/"]}]},{"@type":"ImageObject","inLanguage":"en-US","@id":"https:\/\/interkultur.fr\/en\/produit\/hotel-de-lauzun\/#primaryimage","url":"https:\/\/interkultur.fr\/wp-content\/uploads\/2024\/02\/lauzun-2.jpg","contentUrl":"https:\/\/interkultur.fr\/wp-content\/uploads\/2024\/02\/lauzun-2.jpg","width":1200,"height":803},{"@type":"BreadcrumbList","@id":"https:\/\/interkultur.fr\/en\/produit\/hotel-de-lauzun\/#breadcrumb","itemListElement":[{"@type":"ListItem","position":1,"name":"Accueil","item":"https:\/\/interkultur.fr\/en\/"},{"@type":"ListItem","position":2,"name":"Shop","item":"https:\/\/interkultur.fr\/en\/shop\/"},{"@type":"ListItem","position":3,"name":"Hotel de Lauzun"}]},{"@type":"WebSite","@id":"https:\/\/interkultur.fr\/en\/#website","url":"https:\/\/interkultur.fr\/en\/","name":"Interkultur","description":"Visites et \u00e9v\u00e9nements culturels dans le Paris secret li\u00e9s \u00e0 l\u2019Histoire, l\u2019art, et la valorisation du patrimoine et des savoirs faire.","potentialAction":[{"@type":"SearchAction","target":{"@type":"EntryPoint","urlTemplate":"https:\/\/interkultur.fr\/en\/?s={search_term_string}"},"query-input":{"@type":"PropertyValueSpecification","valueRequired":true,"valueName":"search_term_string"}}],"inLanguage":"en-US"}]}},"_links":{"self":[{"href":"https:\/\/interkultur.fr\/en\/wp-json\/wp\/v2\/product\/6097","targetHints":{"allow":["GET"]}}],"collection":[{"href":"https:\/\/interkultur.fr\/en\/wp-json\/wp\/v2\/product"}],"about":[{"href":"https:\/\/interkultur.fr\/en\/wp-json\/wp\/v2\/types\/product"}],"wp:featuredmedia":[{"embeddable":true,"href":"https:\/\/interkultur.fr\/en\/wp-json\/wp\/v2\/media\/6029"}],"wp:attachment":[{"href":"https:\/\/interkultur.fr\/en\/wp-json\/wp\/v2\/media?parent=6097"}],"wp:term":[{"taxonomy":"product_brand","embeddable":true,"href":"https:\/\/interkultur.fr\/en\/wp-json\/wp\/v2\/product_brand?post=6097"},{"taxonomy":"product_cat","embeddable":true,"href":"https:\/\/interkultur.fr\/en\/wp-json\/wp\/v2\/product_cat?post=6097"},{"taxonomy":"product_tag","embeddable":true,"href":"https:\/\/interkultur.fr\/en\/wp-json\/wp\/v2\/product_tag?post=6097"}],"curies":[{"name":"wp","href":"https:\/\/api.w.org\/{rel}","templated":true}]}}