{"id":6101,"date":"2024-02-06T16:06:04","date_gmt":"2024-02-06T15:06:04","guid":{"rendered":"https:\/\/interkultur.fr\/?post_type=product&#038;p=6101"},"modified":"2024-02-08T18:11:05","modified_gmt":"2024-02-08T17:11:05","slug":"cabarets-of-montmartre","status":"publish","type":"product","link":"https:\/\/interkultur.fr\/en\/produit\/cabarets-of-montmartre\/","title":{"rendered":"Cabarets of Montmartre"},"content":{"rendered":"<h3>Cabarets of Montmartre<\/h3>\n<p><strong>Practical Informations<\/strong><br \/>\n\u2022 Meeting Point: Metro Blanche line 2)<br \/>\n\u2022 Duration : 2h<br \/>\n\u2022 Walking tour<br \/>\n\u2022 Small group (2 to 8 people) 40-70\u20ac pp + 5\u20ac pp Museum entrance<br \/>\n\u2022 Private group tour at any date (270\u20ac) + 5\u20ac pp Museum entrance<\/p>\n<p style=\"text-align: justify;\">\nThe tour will highlight the <strong>famous places<\/strong> where many artists and songwriters have performed. While many music halls and concert halls remain, anecdotes and photos will make it possible to <strong>revive<\/strong> the disappeared cabarets.<br \/>\nThe heights of Montmartre shelter the residences, past or present, of numerous artists, as many witnesses of the district very special particularity. Indeed in addition to the charm, Montmartre has long been a <strong>must for party goers and night owls<\/strong> in search of thrills.<br \/>\nStarting with world famous <strong>Moulin Rouge<\/strong>, first building lit up with electricity in Paris, the walk will tell you many secrets behind the success story.<br \/>\nAlong the stroll, you&#8217;ll discover how insignificant or modern buildings once staged <strong>world famous venues<\/strong> with amazing architectural features and sumptuous or wild interior decor!<br \/>\nUntil the first world war, artists from all over the world would assemble on the heights of Montmartre in search of inspiration and emulation. Cabarets on the boulevards were used by both artists and regular Parisian costumers. Singing, dancing, acting and general entertaining were attracting people from all sides of the city, soon to be joined by foreigners, eager to take part of the <strong>pleasures<\/strong> and <strong>risqu\u00e9 shows<\/strong> given by the city of lights. Indeed, prostitution and gambling were mixing with refined locations and sheer creativity.<\/p>\n<p style=\"text-align: justify;\">Place <strong>Pigalle<\/strong> is on the way. Once at the center of one of the world&#8217;s most famous <strong>red light district<\/strong>, it is now a quiet square, but very different at night! Most buildings around have housed either a night club, a strip joint, a dancing or more. Many <strong>crime stories<\/strong> will also be told along the way.<br \/>\nEventually, you&#8217;ll discover many cabarets and concert venues still exist to this day, with very different kind of shows, thus maintaining high <strong>Montmartre&#8217;s reputation of entertainment<\/strong>.<\/p>\n","protected":false},"excerpt":{"rendered":"<p>Go back to <strong>Montmartre heydays<\/strong>, when dozens of cabarets were lining the Boulevards and people from all over the world flocking there for <strong>entertainment<\/strong>! Pictures and music will give you a bright idea of long gone buildings and different type of shows usually on.<br \/>\nThe tour starts with the small and <strong>unusual museum<\/strong> of recorded sound where amazing &#8220;talking machines&#8221; are showcased, reminding how Montmartre benefited this invention with caf\u00e9s, dancing halls and <strong>cabarets<\/strong>.<br \/>\nLearn also how <strong>Pigalle<\/strong> became the world famous <strong>red light district<\/strong> synonym of entertainment, crime and sex.<\/p>\n","protected":false},"featured_media":4723,"template":"","meta":{"_price":"","_stock":"","_tribe_ticket_header":"","_tribe_default_ticket_provider":"","_tribe_ticket_capacity":"0","_ticket_start_date":"","_ticket_end_date":"","_tribe_ticket_show_description":"","_tribe_ticket_show_not_going":false,"_tribe_ticket_use_global_stock":"","_tribe_ticket_global_stock_level":"","_global_stock_mode":"","_global_stock_cap":"","_tribe_rsvp_for_event":"","_tribe_ticket_going_count":"","_tribe_ticket_not_going_count":"","_tribe_tickets_list":"[]","_tribe_ticket_has_attendee_info_fields":false,"_tec_slr_enabled":"","_tec_slr_layout":""},"product_brand":[],"product_cat":[143],"product_tag":[],"class_list":{"0":"post-6101","1":"product","2":"type-product","3":"status-publish","4":"has-post-thumbnail","6":"product_cat-visit-paris","8":"first","9":"instock","10":"featured","11":"virtual","12":"product-type-simple"},"yoast_head":"<!-- This site is optimized with the Yoast SEO plugin v27.5 - https:\/\/yoast.com\/product\/yoast-seo-wordpress\/ -->\n<title>Cabarets of Montmartre - Interkultur<\/title>\n<meta name=\"robots\" content=\"index, follow, max-snippet:-1, max-image-preview:large, max-video-preview:-1\" \/>\n<link rel=\"canonical\" href=\"https:\/\/interkultur.fr\/en\/produit\/cabarets-of-montmartre\/\" \/>\n<meta property=\"og:locale\" content=\"en_US\" \/>\n<meta property=\"og:type\" content=\"article\" \/>\n<meta property=\"og:title\" content=\"Cabarets of Montmartre - Interkultur\" \/>\n<meta property=\"og:description\" content=\"Go back to Montmartre heydays, when dozens of cabarets were lining the Boulevards and people from all over the world flocking there for entertainment! Pictures and music will give you a bright idea of long gone buildings and different type of shows usually on. The tour starts with the small and unusual museum of recorded sound where amazing &quot;talking machines&quot; are showcased, reminding how Montmartre benefited this invention with caf\u00e9s, dancing halls and cabarets. Learn also how Pigalle became the world famous red light district synonym of entertainment, crime and sex.\" \/>\n<meta property=\"og:url\" content=\"https:\/\/interkultur.fr\/en\/produit\/cabarets-of-montmartre\/\" \/>\n<meta property=\"og:site_name\" content=\"Interkultur\" \/>\n<meta property=\"article:modified_time\" content=\"2024-02-08T17:11:05+00:00\" \/>\n<meta property=\"og:image\" content=\"https:\/\/interkultur.fr\/wp-content\/uploads\/2023\/12\/Moulin-rouge-1900.webp\" \/>\n\t<meta property=\"og:image:width\" content=\"872\" \/>\n\t<meta property=\"og:image:height\" content=\"1199\" \/>\n\t<meta property=\"og:image:type\" content=\"image\/webp\" \/>\n<meta name=\"twitter:card\" content=\"summary_large_image\" \/>\n<script type=\"application\/ld+json\" class=\"yoast-schema-graph\">{\"@context\":\"https:\\\/\\\/schema.org\",\"@graph\":[{\"@type\":\"WebPage\",\"@id\":\"https:\\\/\\\/interkultur.fr\\\/en\\\/produit\\\/cabarets-of-montmartre\\\/\",\"url\":\"https:\\\/\\\/interkultur.fr\\\/en\\\/produit\\\/cabarets-of-montmartre\\\/\",\"name\":\"Cabarets of Montmartre - Interkultur\",\"isPartOf\":{\"@id\":\"https:\\\/\\\/interkultur.fr\\\/en\\\/#website\"},\"primaryImageOfPage\":{\"@id\":\"https:\\\/\\\/interkultur.fr\\\/en\\\/produit\\\/cabarets-of-montmartre\\\/#primaryimage\"},\"image\":{\"@id\":\"https:\\\/\\\/interkultur.fr\\\/en\\\/produit\\\/cabarets-of-montmartre\\\/#primaryimage\"},\"thumbnailUrl\":\"https:\\\/\\\/interkultur.fr\\\/wp-content\\\/uploads\\\/2023\\\/12\\\/Moulin-rouge-1900.webp\",\"datePublished\":\"2024-02-06T15:06:04+00:00\",\"dateModified\":\"2024-02-08T17:11:05+00:00\",\"breadcrumb\":{\"@id\":\"https:\\\/\\\/interkultur.fr\\\/en\\\/produit\\\/cabarets-of-montmartre\\\/#breadcrumb\"},\"inLanguage\":\"en-US\",\"potentialAction\":[{\"@type\":\"ReadAction\",\"target\":[\"https:\\\/\\\/interkultur.fr\\\/en\\\/produit\\\/cabarets-of-montmartre\\\/\"]}]},{\"@type\":\"ImageObject\",\"inLanguage\":\"en-US\",\"@id\":\"https:\\\/\\\/interkultur.fr\\\/en\\\/produit\\\/cabarets-of-montmartre\\\/#primaryimage\",\"url\":\"https:\\\/\\\/interkultur.fr\\\/wp-content\\\/uploads\\\/2023\\\/12\\\/Moulin-rouge-1900.webp\",\"contentUrl\":\"https:\\\/\\\/interkultur.fr\\\/wp-content\\\/uploads\\\/2023\\\/12\\\/Moulin-rouge-1900.webp\",\"width\":872,\"height\":1199},{\"@type\":\"BreadcrumbList\",\"@id\":\"https:\\\/\\\/interkultur.fr\\\/en\\\/produit\\\/cabarets-of-montmartre\\\/#breadcrumb\",\"itemListElement\":[{\"@type\":\"ListItem\",\"position\":1,\"name\":\"Accueil\",\"item\":\"https:\\\/\\\/interkultur.fr\\\/en\\\/\"},{\"@type\":\"ListItem\",\"position\":2,\"name\":\"Shop\",\"item\":\"https:\\\/\\\/interkultur.fr\\\/en\\\/shop\\\/\"},{\"@type\":\"ListItem\",\"position\":3,\"name\":\"Cabarets of Montmartre\"}]},{\"@type\":\"WebSite\",\"@id\":\"https:\\\/\\\/interkultur.fr\\\/en\\\/#website\",\"url\":\"https:\\\/\\\/interkultur.fr\\\/en\\\/\",\"name\":\"Interkultur\",\"description\":\"Visites et \u00e9v\u00e9nements culturels dans le Paris secret li\u00e9s \u00e0 l\u2019Histoire, l\u2019art, et la valorisation du patrimoine et des savoirs faire.\",\"potentialAction\":[{\"@type\":\"SearchAction\",\"target\":{\"@type\":\"EntryPoint\",\"urlTemplate\":\"https:\\\/\\\/interkultur.fr\\\/en\\\/?s={search_term_string}\"},\"query-input\":{\"@type\":\"PropertyValueSpecification\",\"valueRequired\":true,\"valueName\":\"search_term_string\"}}],\"inLanguage\":\"en-US\"}]}<\/script>\n<!-- \/ Yoast SEO plugin. -->","yoast_head_json":{"title":"Cabarets of Montmartre - Interkultur","robots":{"index":"index","follow":"follow","max-snippet":"max-snippet:-1","max-image-preview":"max-image-preview:large","max-video-preview":"max-video-preview:-1"},"canonical":"https:\/\/interkultur.fr\/en\/produit\/cabarets-of-montmartre\/","og_locale":"en_US","og_type":"article","og_title":"Cabarets of Montmartre - Interkultur","og_description":"Go back to Montmartre heydays, when dozens of cabarets were lining the Boulevards and people from all over the world flocking there for entertainment! Pictures and music will give you a bright idea of long gone buildings and different type of shows usually on. The tour starts with the small and unusual museum of recorded sound where amazing \"talking machines\" are showcased, reminding how Montmartre benefited this invention with caf\u00e9s, dancing halls and cabarets. Learn also how Pigalle became the world famous red light district synonym of entertainment, crime and sex.","og_url":"https:\/\/interkultur.fr\/en\/produit\/cabarets-of-montmartre\/","og_site_name":"Interkultur","article_modified_time":"2024-02-08T17:11:05+00:00","og_image":[{"width":872,"height":1199,"url":"https:\/\/interkultur.fr\/wp-content\/uploads\/2023\/12\/Moulin-rouge-1900.webp","type":"image\/webp"}],"twitter_card":"summary_large_image","schema":{"@context":"https:\/\/schema.org","@graph":[{"@type":"WebPage","@id":"https:\/\/interkultur.fr\/en\/produit\/cabarets-of-montmartre\/","url":"https:\/\/interkultur.fr\/en\/produit\/cabarets-of-montmartre\/","name":"Cabarets of Montmartre - Interkultur","isPartOf":{"@id":"https:\/\/interkultur.fr\/en\/#website"},"primaryImageOfPage":{"@id":"https:\/\/interkultur.fr\/en\/produit\/cabarets-of-montmartre\/#primaryimage"},"image":{"@id":"https:\/\/interkultur.fr\/en\/produit\/cabarets-of-montmartre\/#primaryimage"},"thumbnailUrl":"https:\/\/interkultur.fr\/wp-content\/uploads\/2023\/12\/Moulin-rouge-1900.webp","datePublished":"2024-02-06T15:06:04+00:00","dateModified":"2024-02-08T17:11:05+00:00","breadcrumb":{"@id":"https:\/\/interkultur.fr\/en\/produit\/cabarets-of-montmartre\/#breadcrumb"},"inLanguage":"en-US","potentialAction":[{"@type":"ReadAction","target":["https:\/\/interkultur.fr\/en\/produit\/cabarets-of-montmartre\/"]}]},{"@type":"ImageObject","inLanguage":"en-US","@id":"https:\/\/interkultur.fr\/en\/produit\/cabarets-of-montmartre\/#primaryimage","url":"https:\/\/interkultur.fr\/wp-content\/uploads\/2023\/12\/Moulin-rouge-1900.webp","contentUrl":"https:\/\/interkultur.fr\/wp-content\/uploads\/2023\/12\/Moulin-rouge-1900.webp","width":872,"height":1199},{"@type":"BreadcrumbList","@id":"https:\/\/interkultur.fr\/en\/produit\/cabarets-of-montmartre\/#breadcrumb","itemListElement":[{"@type":"ListItem","position":1,"name":"Accueil","item":"https:\/\/interkultur.fr\/en\/"},{"@type":"ListItem","position":2,"name":"Shop","item":"https:\/\/interkultur.fr\/en\/shop\/"},{"@type":"ListItem","position":3,"name":"Cabarets of Montmartre"}]},{"@type":"WebSite","@id":"https:\/\/interkultur.fr\/en\/#website","url":"https:\/\/interkultur.fr\/en\/","name":"Interkultur","description":"Visites et \u00e9v\u00e9nements culturels dans le Paris secret li\u00e9s \u00e0 l\u2019Histoire, l\u2019art, et la valorisation du patrimoine et des savoirs faire.","potentialAction":[{"@type":"SearchAction","target":{"@type":"EntryPoint","urlTemplate":"https:\/\/interkultur.fr\/en\/?s={search_term_string}"},"query-input":{"@type":"PropertyValueSpecification","valueRequired":true,"valueName":"search_term_string"}}],"inLanguage":"en-US"}]}},"_links":{"self":[{"href":"https:\/\/interkultur.fr\/en\/wp-json\/wp\/v2\/product\/6101","targetHints":{"allow":["GET"]}}],"collection":[{"href":"https:\/\/interkultur.fr\/en\/wp-json\/wp\/v2\/product"}],"about":[{"href":"https:\/\/interkultur.fr\/en\/wp-json\/wp\/v2\/types\/product"}],"wp:featuredmedia":[{"embeddable":true,"href":"https:\/\/interkultur.fr\/en\/wp-json\/wp\/v2\/media\/4723"}],"wp:attachment":[{"href":"https:\/\/interkultur.fr\/en\/wp-json\/wp\/v2\/media?parent=6101"}],"wp:term":[{"taxonomy":"product_brand","embeddable":true,"href":"https:\/\/interkultur.fr\/en\/wp-json\/wp\/v2\/product_brand?post=6101"},{"taxonomy":"product_cat","embeddable":true,"href":"https:\/\/interkultur.fr\/en\/wp-json\/wp\/v2\/product_cat?post=6101"},{"taxonomy":"product_tag","embeddable":true,"href":"https:\/\/interkultur.fr\/en\/wp-json\/wp\/v2\/product_tag?post=6101"}],"curies":[{"name":"wp","href":"https:\/\/api.w.org\/{rel}","templated":true}]}}