{"id":6103,"date":"2024-02-07T13:11:44","date_gmt":"2024-02-07T12:11:44","guid":{"rendered":"https:\/\/interkultur.fr\/?post_type=product&#038;p=6103"},"modified":"2026-03-28T15:16:25","modified_gmt":"2026-03-28T14:16:25","slug":"louvre-museum-highlights-and-history","status":"publish","type":"product","link":"https:\/\/interkultur.fr\/en\/produit\/louvre-museum-highlights-and-history\/","title":{"rendered":"Louvre museum highlights and history"},"content":{"rendered":"<h2>Louvre museum highlights and history<\/h2>\n<p><strong>Practical information<\/strong><\/p>\n<ul>\n<li>Location : To be confirmed<\/li>\n<li>Duration : 3 hours<\/li>\n<li>Walking tour<\/li>\n<li>Individuals: Min. 2, max 6 . 60\u20ac-100\u20ac pp + 32\u20ac entrance ticket pp<\/li>\n<li><strong>Private tour<\/strong> at any date (360\u20ac) providing entrance tickets are available (32\u20ac pp)<\/li>\n<\/ul>\n<p style=\"text-align: justify;\">The visit will first show the foundations of the <strong>early medieval castle<\/strong>, a fortress built for the defense of Paris in the 12th century.<br \/>\nAfter visiting the only medieval room remaining in the museum, we will go upstairs by the <strong>prestigious Henri II staircase.\u00a0<\/strong> This is the getaway into the collections spaces set up in the superb <strong>room of the Caryatids<\/strong>.<\/p>\n<p>We will discover several Greek and Roman sculptures. This includes <strong>world famous masterpieces<\/strong> such as the Venus of Milo or the Borghese Gladiator. A little further, other great sculptures of the 16th and 17th will be presented.<\/p>\n<p>Arrived in the rooms of the <strong>French paintings<\/strong>, the most famous 19th century ones will leave way to Italian masterpieces including Mona Lisa or the Wedding of Cana by Veronese.<br \/>\nThe <strong>Grande Galerie<\/strong>, with <strong>Italian masters<\/strong>, is close by.\u00a0On display, little known Caravaggio, Mantegna, Leonardo da Vinci or Botticelli among others.<\/p>\n<p>After the victory of Samothrace, situated for a century and a half ago at the top of the staircase, the tour will arrive at the gallery of Apollo where the <strong>treasures of Louis XIV<\/strong> are exhibited.<br \/>\nThis room has been closed since the daring theft of Jewels of the Crown.<\/p>\n<p>Later, we will discover historical, <strong>rare and precious objects<\/strong> used for centuries by the Kings of France.<br \/>\nWe will then arrive at the superb <strong>Napoleon III rooms<\/strong>, showing Imperial style of the 1870&#8217;s. Some furniture and attributes of the coronation of the First Empire will also be presented.<\/p>\n<p><strong>A week in advance minimum booking required due to entrance tickets shortage.<\/strong><\/p>\n<p>From 2026, an additional 20\u20ac reservation fee applies for groups (1 to 6 people)<\/p>\n","protected":false},"excerpt":{"rendered":"<p><strong>The Louvre<\/strong>, largest museum in the world, has a long and complex history that begins much earlier than the buildings of the 16th century would suggest. The tour proposes to reconsider the different stages of construction of the Kings of France&#8217;s main castle in Paris by presenting <strong>the most fundamental pieces<\/strong>, <strong>famous or less known<\/strong>, which are exhibited in different parts of the museum.<br \/>\nThe visit will also go through the <strong>grand historical rooms<\/strong>, such as the Henri II salons, the private apartments of Napoleon III or Louis XIV&#8217;s bedroom.<\/p>\n","protected":false},"featured_media":6288,"template":"","meta":{"_price":"","_stock":"","_tribe_ticket_header":"","_tribe_default_ticket_provider":"","_tribe_ticket_capacity":"0","_ticket_start_date":"","_ticket_end_date":"","_tribe_ticket_show_description":"","_tribe_ticket_show_not_going":false,"_tribe_ticket_use_global_stock":"","_tribe_ticket_global_stock_level":"","_global_stock_mode":"","_global_stock_cap":"","_tribe_rsvp_for_event":"","_tribe_ticket_going_count":"","_tribe_ticket_not_going_count":"","_tribe_tickets_list":"[]","_tribe_ticket_has_attendee_info_fields":false,"_tec_slr_enabled":"","_tec_slr_layout":""},"product_brand":[],"product_cat":[143],"product_tag":[],"class_list":{"0":"post-6103","1":"product","2":"type-product","3":"status-publish","4":"has-post-thumbnail","6":"product_cat-visit-paris","8":"first","9":"instock","10":"featured","11":"virtual","12":"product-type-simple"},"yoast_head":"<!-- This site is optimized with the Yoast SEO plugin v27.5 - https:\/\/yoast.com\/product\/yoast-seo-wordpress\/ -->\n<title>Louvre museum highlights and history - Interkultur<\/title>\n<meta name=\"description\" content=\"The best Louvre guided tour with Mona Lisa and all the most well known highlights and a tour of the Royal Palace beautiful rooms\" \/>\n<meta name=\"robots\" content=\"index, follow, max-snippet:-1, max-image-preview:large, max-video-preview:-1\" \/>\n<link rel=\"canonical\" href=\"https:\/\/interkultur.fr\/en\/produit\/louvre-museum-highlights-and-history\/\" \/>\n<meta property=\"og:locale\" content=\"en_US\" \/>\n<meta property=\"og:type\" content=\"article\" \/>\n<meta property=\"og:title\" content=\"Louvre museum highlights and history - Interkultur\" \/>\n<meta property=\"og:description\" content=\"The best Louvre guided tour with Mona Lisa and all the most well known highlights and a tour of the Royal Palace beautiful rooms\" \/>\n<meta property=\"og:url\" content=\"https:\/\/interkultur.fr\/en\/produit\/louvre-museum-highlights-and-history\/\" \/>\n<meta property=\"og:site_name\" content=\"Interkultur\" \/>\n<meta property=\"article:modified_time\" content=\"2026-03-28T14:16:25+00:00\" \/>\n<meta property=\"og:image\" content=\"https:\/\/interkultur.fr\/wp-content\/uploads\/2024\/02\/Samothrace.jpg\" \/>\n\t<meta property=\"og:image:width\" content=\"480\" \/>\n\t<meta property=\"og:image:height\" content=\"640\" \/>\n\t<meta property=\"og:image:type\" content=\"image\/jpeg\" \/>\n<meta name=\"twitter:card\" content=\"summary_large_image\" \/>\n<script type=\"application\/ld+json\" class=\"yoast-schema-graph\">{\"@context\":\"https:\\\/\\\/schema.org\",\"@graph\":[{\"@type\":\"WebPage\",\"@id\":\"https:\\\/\\\/interkultur.fr\\\/en\\\/produit\\\/louvre-museum-highlights-and-history\\\/\",\"url\":\"https:\\\/\\\/interkultur.fr\\\/en\\\/produit\\\/louvre-museum-highlights-and-history\\\/\",\"name\":\"Louvre museum highlights and history - Interkultur\",\"isPartOf\":{\"@id\":\"https:\\\/\\\/interkultur.fr\\\/en\\\/#website\"},\"primaryImageOfPage\":{\"@id\":\"https:\\\/\\\/interkultur.fr\\\/en\\\/produit\\\/louvre-museum-highlights-and-history\\\/#primaryimage\"},\"image\":{\"@id\":\"https:\\\/\\\/interkultur.fr\\\/en\\\/produit\\\/louvre-museum-highlights-and-history\\\/#primaryimage\"},\"thumbnailUrl\":\"https:\\\/\\\/interkultur.fr\\\/wp-content\\\/uploads\\\/2024\\\/02\\\/Samothrace.jpg\",\"datePublished\":\"2024-02-07T12:11:44+00:00\",\"dateModified\":\"2026-03-28T14:16:25+00:00\",\"description\":\"The best Louvre guided tour with Mona Lisa and all the most well known highlights and a tour of the Royal Palace beautiful rooms\",\"breadcrumb\":{\"@id\":\"https:\\\/\\\/interkultur.fr\\\/en\\\/produit\\\/louvre-museum-highlights-and-history\\\/#breadcrumb\"},\"inLanguage\":\"en-US\",\"potentialAction\":[{\"@type\":\"ReadAction\",\"target\":[\"https:\\\/\\\/interkultur.fr\\\/en\\\/produit\\\/louvre-museum-highlights-and-history\\\/\"]}]},{\"@type\":\"ImageObject\",\"inLanguage\":\"en-US\",\"@id\":\"https:\\\/\\\/interkultur.fr\\\/en\\\/produit\\\/louvre-museum-highlights-and-history\\\/#primaryimage\",\"url\":\"https:\\\/\\\/interkultur.fr\\\/wp-content\\\/uploads\\\/2024\\\/02\\\/Samothrace.jpg\",\"contentUrl\":\"https:\\\/\\\/interkultur.fr\\\/wp-content\\\/uploads\\\/2024\\\/02\\\/Samothrace.jpg\",\"width\":480,\"height\":640},{\"@type\":\"BreadcrumbList\",\"@id\":\"https:\\\/\\\/interkultur.fr\\\/en\\\/produit\\\/louvre-museum-highlights-and-history\\\/#breadcrumb\",\"itemListElement\":[{\"@type\":\"ListItem\",\"position\":1,\"name\":\"Accueil\",\"item\":\"https:\\\/\\\/interkultur.fr\\\/en\\\/\"},{\"@type\":\"ListItem\",\"position\":2,\"name\":\"Shop\",\"item\":\"https:\\\/\\\/interkultur.fr\\\/en\\\/shop\\\/\"},{\"@type\":\"ListItem\",\"position\":3,\"name\":\"Louvre museum highlights and history\"}]},{\"@type\":\"WebSite\",\"@id\":\"https:\\\/\\\/interkultur.fr\\\/en\\\/#website\",\"url\":\"https:\\\/\\\/interkultur.fr\\\/en\\\/\",\"name\":\"Interkultur\",\"description\":\"Visites et \u00e9v\u00e9nements culturels dans le Paris secret li\u00e9s \u00e0 l\u2019Histoire, l\u2019art, et la valorisation du patrimoine et des savoirs faire.\",\"potentialAction\":[{\"@type\":\"SearchAction\",\"target\":{\"@type\":\"EntryPoint\",\"urlTemplate\":\"https:\\\/\\\/interkultur.fr\\\/en\\\/?s={search_term_string}\"},\"query-input\":{\"@type\":\"PropertyValueSpecification\",\"valueRequired\":true,\"valueName\":\"search_term_string\"}}],\"inLanguage\":\"en-US\"}]}<\/script>\n<!-- \/ Yoast SEO plugin. -->","yoast_head_json":{"title":"Louvre museum highlights and history - Interkultur","description":"The best Louvre guided tour with Mona Lisa and all the most well known highlights and a tour of the Royal Palace beautiful rooms","robots":{"index":"index","follow":"follow","max-snippet":"max-snippet:-1","max-image-preview":"max-image-preview:large","max-video-preview":"max-video-preview:-1"},"canonical":"https:\/\/interkultur.fr\/en\/produit\/louvre-museum-highlights-and-history\/","og_locale":"en_US","og_type":"article","og_title":"Louvre museum highlights and history - Interkultur","og_description":"The best Louvre guided tour with Mona Lisa and all the most well known highlights and a tour of the Royal Palace beautiful rooms","og_url":"https:\/\/interkultur.fr\/en\/produit\/louvre-museum-highlights-and-history\/","og_site_name":"Interkultur","article_modified_time":"2026-03-28T14:16:25+00:00","og_image":[{"width":480,"height":640,"url":"https:\/\/interkultur.fr\/wp-content\/uploads\/2024\/02\/Samothrace.jpg","type":"image\/jpeg"}],"twitter_card":"summary_large_image","schema":{"@context":"https:\/\/schema.org","@graph":[{"@type":"WebPage","@id":"https:\/\/interkultur.fr\/en\/produit\/louvre-museum-highlights-and-history\/","url":"https:\/\/interkultur.fr\/en\/produit\/louvre-museum-highlights-and-history\/","name":"Louvre museum highlights and history - Interkultur","isPartOf":{"@id":"https:\/\/interkultur.fr\/en\/#website"},"primaryImageOfPage":{"@id":"https:\/\/interkultur.fr\/en\/produit\/louvre-museum-highlights-and-history\/#primaryimage"},"image":{"@id":"https:\/\/interkultur.fr\/en\/produit\/louvre-museum-highlights-and-history\/#primaryimage"},"thumbnailUrl":"https:\/\/interkultur.fr\/wp-content\/uploads\/2024\/02\/Samothrace.jpg","datePublished":"2024-02-07T12:11:44+00:00","dateModified":"2026-03-28T14:16:25+00:00","description":"The best Louvre guided tour with Mona Lisa and all the most well known highlights and a tour of the Royal Palace beautiful rooms","breadcrumb":{"@id":"https:\/\/interkultur.fr\/en\/produit\/louvre-museum-highlights-and-history\/#breadcrumb"},"inLanguage":"en-US","potentialAction":[{"@type":"ReadAction","target":["https:\/\/interkultur.fr\/en\/produit\/louvre-museum-highlights-and-history\/"]}]},{"@type":"ImageObject","inLanguage":"en-US","@id":"https:\/\/interkultur.fr\/en\/produit\/louvre-museum-highlights-and-history\/#primaryimage","url":"https:\/\/interkultur.fr\/wp-content\/uploads\/2024\/02\/Samothrace.jpg","contentUrl":"https:\/\/interkultur.fr\/wp-content\/uploads\/2024\/02\/Samothrace.jpg","width":480,"height":640},{"@type":"BreadcrumbList","@id":"https:\/\/interkultur.fr\/en\/produit\/louvre-museum-highlights-and-history\/#breadcrumb","itemListElement":[{"@type":"ListItem","position":1,"name":"Accueil","item":"https:\/\/interkultur.fr\/en\/"},{"@type":"ListItem","position":2,"name":"Shop","item":"https:\/\/interkultur.fr\/en\/shop\/"},{"@type":"ListItem","position":3,"name":"Louvre museum highlights and history"}]},{"@type":"WebSite","@id":"https:\/\/interkultur.fr\/en\/#website","url":"https:\/\/interkultur.fr\/en\/","name":"Interkultur","description":"Visites et \u00e9v\u00e9nements culturels dans le Paris secret li\u00e9s \u00e0 l\u2019Histoire, l\u2019art, et la valorisation du patrimoine et des savoirs faire.","potentialAction":[{"@type":"SearchAction","target":{"@type":"EntryPoint","urlTemplate":"https:\/\/interkultur.fr\/en\/?s={search_term_string}"},"query-input":{"@type":"PropertyValueSpecification","valueRequired":true,"valueName":"search_term_string"}}],"inLanguage":"en-US"}]}},"_links":{"self":[{"href":"https:\/\/interkultur.fr\/en\/wp-json\/wp\/v2\/product\/6103","targetHints":{"allow":["GET"]}}],"collection":[{"href":"https:\/\/interkultur.fr\/en\/wp-json\/wp\/v2\/product"}],"about":[{"href":"https:\/\/interkultur.fr\/en\/wp-json\/wp\/v2\/types\/product"}],"wp:featuredmedia":[{"embeddable":true,"href":"https:\/\/interkultur.fr\/en\/wp-json\/wp\/v2\/media\/6288"}],"wp:attachment":[{"href":"https:\/\/interkultur.fr\/en\/wp-json\/wp\/v2\/media?parent=6103"}],"wp:term":[{"taxonomy":"product_brand","embeddable":true,"href":"https:\/\/interkultur.fr\/en\/wp-json\/wp\/v2\/product_brand?post=6103"},{"taxonomy":"product_cat","embeddable":true,"href":"https:\/\/interkultur.fr\/en\/wp-json\/wp\/v2\/product_cat?post=6103"},{"taxonomy":"product_tag","embeddable":true,"href":"https:\/\/interkultur.fr\/en\/wp-json\/wp\/v2\/product_tag?post=6103"}],"curies":[{"name":"wp","href":"https:\/\/api.w.org\/{rel}","templated":true}]}}