{"id":6109,"date":"2024-02-06T16:58:31","date_gmt":"2024-02-06T15:58:31","guid":{"rendered":"https:\/\/interkultur.fr\/?post_type=product&#038;p=6109"},"modified":"2025-10-02T19:06:53","modified_gmt":"2025-10-02T17:06:53","slug":"royal-saint-denis","status":"publish","type":"product","link":"https:\/\/interkultur.fr\/en\/produit\/royal-saint-denis\/","title":{"rendered":"Royal Saint Denis"},"content":{"rendered":"<h3>Royal Saint Denis<\/h3>\n<p><strong>Practical Information<\/strong><br \/>\n\u2022 Meeting Point: M\u00e9tro Basilique de Saint Denis (line 13)<br \/>\n\u2022 Duration: 2h30-3hrs<br \/>\n\u2022 Walking tour<br \/>\n\u2022 <strong>Private group tour<\/strong> at any date (300\u20ac\/group) + entrance ticket 7\u20ac<\/p>\n<p style=\"text-align: justify;\"><img decoding=\"async\" class=\"alignleft size-thumbnail wp-image-6337\" src=\"https:\/\/interkultur.fr\/wp-content\/uploads\/2024\/02\/basilique-saint-denis-150x150.jpg\" alt=\"\" width=\"150\" height=\"150\" srcset=\"https:\/\/interkultur.fr\/wp-content\/uploads\/2024\/02\/basilique-saint-denis-66x66.jpg 66w, https:\/\/interkultur.fr\/wp-content\/uploads\/2024\/02\/basilique-saint-denis-150x150.jpg 150w, https:\/\/interkultur.fr\/wp-content\/uploads\/2024\/02\/basilique-saint-denis-200x200.jpg 200w\" sizes=\"(max-width: 150px) 100vw, 150px\" \/>The <strong>Royal Saint Denis tour<\/strong> starts at the <strong>market<\/strong>, one of the country\u2019s largest. Located right in the town center, around a covered area, the market is a great place to take in the diversity of the town, home to <strong>over 140 different nationalities<\/strong>. The walk through the stands ends at the long pedestrian street that opens out onto a wide esplanade, where <strong>Saint Denis Cathedral<\/strong> stands. The cathedral is all that remains of the <strong>powerful Abbey<\/strong> built from the 6th century.<br \/>\n<strong>Abbot Suger<\/strong> had the current structure build in the 12th century, with the first gothic ornaments. A very prestigious place, the abbey quickly became the <strong>burial place for the kings of France<\/strong>. In the 13th century, <strong>King <\/strong><strong>Saint Louis<\/strong> had recumbent statues of many ancestors sculpted, and had their bodies brought from all over France. During the Revolution, all the tombs were emptied and the church was damaged. In 1815, restoration began, and all of the tombs were moved and housed in the current structure. The remains of the kings and queens were assembled <strong>in the crypt<\/strong> behind two plaques that list their names.<\/p>\n<p style=\"text-align: justify;\"><img decoding=\"async\" class=\"alignleft size-thumbnail wp-image-6331\" src=\"https:\/\/interkultur.fr\/wp-content\/uploads\/2024\/02\/Saint-Denis-Carmel-150x150.jpg\" alt=\"\" width=\"150\" height=\"150\" srcset=\"https:\/\/interkultur.fr\/wp-content\/uploads\/2024\/02\/Saint-Denis-Carmel-66x66.jpg 66w, https:\/\/interkultur.fr\/wp-content\/uploads\/2024\/02\/Saint-Denis-Carmel-150x150.jpg 150w, https:\/\/interkultur.fr\/wp-content\/uploads\/2024\/02\/Saint-Denis-Carmel-200x200.jpg 200w, https:\/\/interkultur.fr\/wp-content\/uploads\/2024\/02\/Saint-Denis-Carmel-500x500.jpg 500w\" sizes=\"(max-width: 150px) 100vw, 150px\" \/>The tour continues through the town, along the <strong>L\u00e9gion d\u2019honneur school<\/strong>, former convent buildings belonging to the Saint Denis Abbey, today reserved for educating the nation\u2019s elite. The roads that follow remind visitors of the town\u2019s artisan and medieval past, before leading to the beautiful <strong>former Carmel monastery<\/strong>, now the excellent Saint Denis art and history museum.<br \/>\nNot far away is the pleasant L\u00e9gion d\u2019honneur park, which not only boasts a <strong>wonderful green space<\/strong> in the heart of the town, but also fantastic views of both the former abbey and the back of the Basilica. The tour ends at the edge of the town center, in an area that is being modernized; the new face of Saint Denis. The vast <strong>Stade de France<\/strong> (football stadium), surrounded by a brand new <strong>financial district<\/strong> is located at the heart of this renovation, and marks the transition from a royal past and the city of Paris just beyond.<\/p>\n","protected":false},"excerpt":{"rendered":"<p>The tour begins at <strong>Saint Denis<\/strong>, where we will visit the sprawling, lively market. The stalls lead to the pedestrian street, the town\u2019s central artery. At the end of this road, a large open square offers a fantastic view of the <strong>majestic Basilica<\/strong>. The visit includes <strong>the tombs of the kings and queens of France<\/strong>, the crypt and its treasures, and the central part of the cathedral.<br \/>\nYou will also have the opportunity to admire other remarkable features of the town, like former buildings of the <strong>Saint Denis Abbey<\/strong>, the former <strong>Carmel monastery<\/strong>, and the pretty <strong>L\u00e9gion d\u2019honneur<\/strong> park. The walk ends near the metro and tram stops in the newer area of Saint Denis.<\/p>\n","protected":false},"featured_media":6323,"template":"","meta":{"_price":"","_stock":"","_tribe_ticket_header":"","_tribe_default_ticket_provider":"","_tribe_ticket_capacity":"0","_ticket_start_date":"","_ticket_end_date":"","_tribe_ticket_show_description":"","_tribe_ticket_show_not_going":false,"_tribe_ticket_use_global_stock":"","_tribe_ticket_global_stock_level":"","_global_stock_mode":"","_global_stock_cap":"","_tribe_rsvp_for_event":"","_tribe_ticket_going_count":"","_tribe_ticket_not_going_count":"","_tribe_tickets_list":"[]","_tribe_ticket_has_attendee_info_fields":false,"_tec_slr_enabled":"","_tec_slr_layout":""},"product_brand":[],"product_cat":[143],"product_tag":[],"class_list":{"0":"post-6109","1":"product","2":"type-product","3":"status-publish","4":"has-post-thumbnail","6":"product_cat-visit-paris","8":"first","9":"instock","10":"featured","11":"virtual","12":"product-type-simple"},"yoast_head":"<!-- This site is optimized with the Yoast SEO plugin v27.5 - https:\/\/yoast.com\/product\/yoast-seo-wordpress\/ -->\n<title>Royal Saint Denis - Interkultur<\/title>\n<meta name=\"robots\" content=\"index, follow, max-snippet:-1, max-image-preview:large, max-video-preview:-1\" \/>\n<link rel=\"canonical\" href=\"https:\/\/interkultur.fr\/en\/produit\/royal-saint-denis\/\" \/>\n<meta property=\"og:locale\" content=\"en_US\" \/>\n<meta property=\"og:type\" content=\"article\" \/>\n<meta property=\"og:title\" content=\"Royal Saint Denis - Interkultur\" \/>\n<meta property=\"og:description\" content=\"The tour begins at Saint Denis, where we will visit the sprawling, lively market. The stalls lead to the pedestrian street, the town\u2019s central artery. At the end of this road, a large open square offers a fantastic view of the majestic Basilica. The visit includes the tombs of the kings and queens of France, the crypt and its treasures, and the central part of the cathedral. You will also have the opportunity to admire other remarkable features of the town, like former buildings of the Saint Denis Abbey, the former Carmel monastery, and the pretty L\u00e9gion d\u2019honneur park. The walk ends near the metro and tram stops in the newer area of Saint Denis.\" \/>\n<meta property=\"og:url\" content=\"https:\/\/interkultur.fr\/en\/produit\/royal-saint-denis\/\" \/>\n<meta property=\"og:site_name\" content=\"Interkultur\" \/>\n<meta property=\"article:modified_time\" content=\"2025-10-02T17:06:53+00:00\" \/>\n<meta property=\"og:image\" content=\"https:\/\/interkultur.fr\/wp-content\/uploads\/2024\/02\/Francois-premier-scaled.jpg\" \/>\n\t<meta property=\"og:image:width\" content=\"1920\" \/>\n\t<meta property=\"og:image:height\" content=\"2560\" \/>\n\t<meta property=\"og:image:type\" content=\"image\/jpeg\" \/>\n<meta name=\"twitter:card\" content=\"summary_large_image\" \/>\n<script type=\"application\/ld+json\" class=\"yoast-schema-graph\">{\"@context\":\"https:\\\/\\\/schema.org\",\"@graph\":[{\"@type\":\"WebPage\",\"@id\":\"https:\\\/\\\/interkultur.fr\\\/en\\\/produit\\\/royal-saint-denis\\\/\",\"url\":\"https:\\\/\\\/interkultur.fr\\\/en\\\/produit\\\/royal-saint-denis\\\/\",\"name\":\"Royal Saint Denis - Interkultur\",\"isPartOf\":{\"@id\":\"https:\\\/\\\/interkultur.fr\\\/en\\\/#website\"},\"primaryImageOfPage\":{\"@id\":\"https:\\\/\\\/interkultur.fr\\\/en\\\/produit\\\/royal-saint-denis\\\/#primaryimage\"},\"image\":{\"@id\":\"https:\\\/\\\/interkultur.fr\\\/en\\\/produit\\\/royal-saint-denis\\\/#primaryimage\"},\"thumbnailUrl\":\"https:\\\/\\\/interkultur.fr\\\/wp-content\\\/uploads\\\/2024\\\/02\\\/Louis-XII-scaled.jpg\",\"datePublished\":\"2024-02-06T15:58:31+00:00\",\"dateModified\":\"2025-10-02T17:06:53+00:00\",\"breadcrumb\":{\"@id\":\"https:\\\/\\\/interkultur.fr\\\/en\\\/produit\\\/royal-saint-denis\\\/#breadcrumb\"},\"inLanguage\":\"en-US\",\"potentialAction\":[{\"@type\":\"ReadAction\",\"target\":[\"https:\\\/\\\/interkultur.fr\\\/en\\\/produit\\\/royal-saint-denis\\\/\"]}]},{\"@type\":\"ImageObject\",\"inLanguage\":\"en-US\",\"@id\":\"https:\\\/\\\/interkultur.fr\\\/en\\\/produit\\\/royal-saint-denis\\\/#primaryimage\",\"url\":\"https:\\\/\\\/interkultur.fr\\\/wp-content\\\/uploads\\\/2024\\\/02\\\/Louis-XII-scaled.jpg\",\"contentUrl\":\"https:\\\/\\\/interkultur.fr\\\/wp-content\\\/uploads\\\/2024\\\/02\\\/Louis-XII-scaled.jpg\",\"width\":2560,\"height\":1920},{\"@type\":\"BreadcrumbList\",\"@id\":\"https:\\\/\\\/interkultur.fr\\\/en\\\/produit\\\/royal-saint-denis\\\/#breadcrumb\",\"itemListElement\":[{\"@type\":\"ListItem\",\"position\":1,\"name\":\"Accueil\",\"item\":\"https:\\\/\\\/interkultur.fr\\\/en\\\/\"},{\"@type\":\"ListItem\",\"position\":2,\"name\":\"Shop\",\"item\":\"https:\\\/\\\/interkultur.fr\\\/en\\\/shop\\\/\"},{\"@type\":\"ListItem\",\"position\":3,\"name\":\"Royal Saint Denis\"}]},{\"@type\":\"WebSite\",\"@id\":\"https:\\\/\\\/interkultur.fr\\\/en\\\/#website\",\"url\":\"https:\\\/\\\/interkultur.fr\\\/en\\\/\",\"name\":\"Interkultur\",\"description\":\"Visites et \u00e9v\u00e9nements culturels dans le Paris secret li\u00e9s \u00e0 l\u2019Histoire, l\u2019art, et la valorisation du patrimoine et des savoirs faire.\",\"potentialAction\":[{\"@type\":\"SearchAction\",\"target\":{\"@type\":\"EntryPoint\",\"urlTemplate\":\"https:\\\/\\\/interkultur.fr\\\/en\\\/?s={search_term_string}\"},\"query-input\":{\"@type\":\"PropertyValueSpecification\",\"valueRequired\":true,\"valueName\":\"search_term_string\"}}],\"inLanguage\":\"en-US\"}]}<\/script>\n<!-- \/ Yoast SEO plugin. -->","yoast_head_json":{"title":"Royal Saint Denis - Interkultur","robots":{"index":"index","follow":"follow","max-snippet":"max-snippet:-1","max-image-preview":"max-image-preview:large","max-video-preview":"max-video-preview:-1"},"canonical":"https:\/\/interkultur.fr\/en\/produit\/royal-saint-denis\/","og_locale":"en_US","og_type":"article","og_title":"Royal Saint Denis - Interkultur","og_description":"The tour begins at Saint Denis, where we will visit the sprawling, lively market. The stalls lead to the pedestrian street, the town\u2019s central artery. At the end of this road, a large open square offers a fantastic view of the majestic Basilica. The visit includes the tombs of the kings and queens of France, the crypt and its treasures, and the central part of the cathedral. You will also have the opportunity to admire other remarkable features of the town, like former buildings of the Saint Denis Abbey, the former Carmel monastery, and the pretty L\u00e9gion d\u2019honneur park. The walk ends near the metro and tram stops in the newer area of Saint Denis.","og_url":"https:\/\/interkultur.fr\/en\/produit\/royal-saint-denis\/","og_site_name":"Interkultur","article_modified_time":"2025-10-02T17:06:53+00:00","og_image":[{"width":1920,"height":2560,"url":"https:\/\/interkultur.fr\/wp-content\/uploads\/2024\/02\/Francois-premier-scaled.jpg","type":"image\/jpeg"}],"twitter_card":"summary_large_image","schema":{"@context":"https:\/\/schema.org","@graph":[{"@type":"WebPage","@id":"https:\/\/interkultur.fr\/en\/produit\/royal-saint-denis\/","url":"https:\/\/interkultur.fr\/en\/produit\/royal-saint-denis\/","name":"Royal Saint Denis - Interkultur","isPartOf":{"@id":"https:\/\/interkultur.fr\/en\/#website"},"primaryImageOfPage":{"@id":"https:\/\/interkultur.fr\/en\/produit\/royal-saint-denis\/#primaryimage"},"image":{"@id":"https:\/\/interkultur.fr\/en\/produit\/royal-saint-denis\/#primaryimage"},"thumbnailUrl":"https:\/\/interkultur.fr\/wp-content\/uploads\/2024\/02\/Louis-XII-scaled.jpg","datePublished":"2024-02-06T15:58:31+00:00","dateModified":"2025-10-02T17:06:53+00:00","breadcrumb":{"@id":"https:\/\/interkultur.fr\/en\/produit\/royal-saint-denis\/#breadcrumb"},"inLanguage":"en-US","potentialAction":[{"@type":"ReadAction","target":["https:\/\/interkultur.fr\/en\/produit\/royal-saint-denis\/"]}]},{"@type":"ImageObject","inLanguage":"en-US","@id":"https:\/\/interkultur.fr\/en\/produit\/royal-saint-denis\/#primaryimage","url":"https:\/\/interkultur.fr\/wp-content\/uploads\/2024\/02\/Louis-XII-scaled.jpg","contentUrl":"https:\/\/interkultur.fr\/wp-content\/uploads\/2024\/02\/Louis-XII-scaled.jpg","width":2560,"height":1920},{"@type":"BreadcrumbList","@id":"https:\/\/interkultur.fr\/en\/produit\/royal-saint-denis\/#breadcrumb","itemListElement":[{"@type":"ListItem","position":1,"name":"Accueil","item":"https:\/\/interkultur.fr\/en\/"},{"@type":"ListItem","position":2,"name":"Shop","item":"https:\/\/interkultur.fr\/en\/shop\/"},{"@type":"ListItem","position":3,"name":"Royal Saint Denis"}]},{"@type":"WebSite","@id":"https:\/\/interkultur.fr\/en\/#website","url":"https:\/\/interkultur.fr\/en\/","name":"Interkultur","description":"Visites et \u00e9v\u00e9nements culturels dans le Paris secret li\u00e9s \u00e0 l\u2019Histoire, l\u2019art, et la valorisation du patrimoine et des savoirs faire.","potentialAction":[{"@type":"SearchAction","target":{"@type":"EntryPoint","urlTemplate":"https:\/\/interkultur.fr\/en\/?s={search_term_string}"},"query-input":{"@type":"PropertyValueSpecification","valueRequired":true,"valueName":"search_term_string"}}],"inLanguage":"en-US"}]}},"_links":{"self":[{"href":"https:\/\/interkultur.fr\/en\/wp-json\/wp\/v2\/product\/6109","targetHints":{"allow":["GET"]}}],"collection":[{"href":"https:\/\/interkultur.fr\/en\/wp-json\/wp\/v2\/product"}],"about":[{"href":"https:\/\/interkultur.fr\/en\/wp-json\/wp\/v2\/types\/product"}],"wp:featuredmedia":[{"embeddable":true,"href":"https:\/\/interkultur.fr\/en\/wp-json\/wp\/v2\/media\/6323"}],"wp:attachment":[{"href":"https:\/\/interkultur.fr\/en\/wp-json\/wp\/v2\/media?parent=6109"}],"wp:term":[{"taxonomy":"product_brand","embeddable":true,"href":"https:\/\/interkultur.fr\/en\/wp-json\/wp\/v2\/product_brand?post=6109"},{"taxonomy":"product_cat","embeddable":true,"href":"https:\/\/interkultur.fr\/en\/wp-json\/wp\/v2\/product_cat?post=6109"},{"taxonomy":"product_tag","embeddable":true,"href":"https:\/\/interkultur.fr\/en\/wp-json\/wp\/v2\/product_tag?post=6109"}],"curies":[{"name":"wp","href":"https:\/\/api.w.org\/{rel}","templated":true}]}}