{"id":6110,"date":"2024-02-07T13:17:17","date_gmt":"2024-02-07T12:17:17","guid":{"rendered":"https:\/\/interkultur.fr\/?post_type=product&#038;p=6110"},"modified":"2024-11-25T18:49:18","modified_gmt":"2024-11-25T17:49:18","slug":"chinatown-paris","status":"publish","type":"product","link":"https:\/\/interkultur.fr\/en\/produit\/chinatown-paris\/","title":{"rendered":"Chinatown Paris"},"content":{"rendered":"<h2>Visit Chinatown Paris<\/h2>\n<p><strong>Practical informations<\/strong><\/p>\n<ul>\n<li>Location : M\u00e9tro Maison Blanche (line 7)<\/li>\n<li>Duration : 2h15<\/li>\n<li>Walking tour<\/li>\n<li><strong>Private group tour<\/strong> at any date: 350\u20ac TTC (up to 22 people)<\/li>\n<\/ul>\n<p>&nbsp;<\/p>\n<p style=\"text-align: justify;\">the tour will highlight <strong>the largest Chinatown in Europe<\/strong>, where, around shopping centres and several super stores, Asian people come for good bargains from the whole Paris region, and often further away in France and even from abroad.<\/p>\n<p>In the \u201870s, Boat-People, refugees from Vietnam, Cambodia and Laos began moving into new buildings that Parisians did not want to inhabit. The commercial area of <strong>Olympiades<\/strong> became a meeting place for Asian people in Paris. Many Asian shops and associations can be found there amid the <strong>hustle and bustle<\/strong>, alongside amazing <strong>small temples<\/strong> that are not easy to spot. Visitors are welcome to attend there ans look at the many offerings surrounding worshipers.<\/p>\n<p>The walk continues through the surrounding streets, where <strong>Cambodian and Vietnamese shops<\/strong> and restaurants contribute to the feeling of being in South East Asia. Goods are being shopped both in the streets, with local, <strong>colorful street vendors<\/strong>, as well as in the countless stores around.<br \/>\nThe tour finishes not far from there with the last of these <strong>Asian Paris delights\u00a0<\/strong>among which huge and busy supermarkets, exotic products and Chinese Christian churches.<\/p>\n","protected":false},"excerpt":{"rendered":"<p>Step into Wenzou, via Hanoi, Pnom-phen or Vientiane at the nearby Choisy triangle, <strong>the largest of the four Asian districts of Paris<\/strong>. Many expatriates from former French colonies in Asia own businesses around the commercial area of <strong>Olympiades<\/strong>, the heart of the area that has now become <strong>the largest Chinatown in Europe<\/strong>.<\/p>\n","protected":false},"featured_media":6276,"template":"","meta":{"_price":"","_stock":"","_tribe_ticket_header":"","_tribe_default_ticket_provider":"","_tribe_ticket_capacity":"0","_ticket_start_date":"","_ticket_end_date":"","_tribe_ticket_show_description":"","_tribe_ticket_show_not_going":false,"_tribe_ticket_use_global_stock":"","_tribe_ticket_global_stock_level":"","_global_stock_mode":"","_global_stock_cap":"","_tribe_rsvp_for_event":"","_tribe_ticket_going_count":"","_tribe_ticket_not_going_count":"","_tribe_tickets_list":"[]","_tribe_ticket_has_attendee_info_fields":false,"_tec_slr_enabled":"","_tec_slr_layout":""},"product_brand":[],"product_cat":[143],"product_tag":[],"class_list":{"0":"post-6110","1":"product","2":"type-product","3":"status-publish","4":"has-post-thumbnail","6":"product_cat-visit-paris","8":"first","9":"instock","10":"featured","11":"virtual","12":"product-type-simple"},"yoast_head":"<!-- This site is optimized with the Yoast SEO plugin v27.5 - https:\/\/yoast.com\/product\/yoast-seo-wordpress\/ -->\n<title>Chinatown Paris - Interkultur<\/title>\n<meta name=\"robots\" content=\"index, follow, max-snippet:-1, max-image-preview:large, max-video-preview:-1\" \/>\n<link rel=\"canonical\" href=\"https:\/\/interkultur.fr\/en\/produit\/chinatown-paris\/\" \/>\n<meta property=\"og:locale\" content=\"en_US\" \/>\n<meta property=\"og:type\" content=\"article\" \/>\n<meta property=\"og:title\" content=\"Chinatown Paris - Interkultur\" \/>\n<meta property=\"og:description\" content=\"Step into Wenzou, via Hanoi, Pnom-phen or Vientiane at the nearby Choisy triangle, the largest of the four Asian districts of Paris. Many expatriates from former French colonies in Asia own businesses around the commercial area of Olympiades, the heart of the area that has now become the largest Chinatown in Europe.\" \/>\n<meta property=\"og:url\" content=\"https:\/\/interkultur.fr\/en\/produit\/chinatown-paris\/\" \/>\n<meta property=\"og:site_name\" content=\"Interkultur\" \/>\n<meta property=\"article:modified_time\" content=\"2024-11-25T17:49:18+00:00\" \/>\n<meta property=\"og:image\" content=\"https:\/\/interkultur.fr\/wp-content\/uploads\/2024\/02\/Nouvel-an-chinois.jpg\" \/>\n\t<meta property=\"og:image:width\" content=\"640\" \/>\n\t<meta property=\"og:image:height\" content=\"425\" \/>\n\t<meta property=\"og:image:type\" content=\"image\/jpeg\" \/>\n<meta name=\"twitter:card\" content=\"summary_large_image\" \/>\n<script type=\"application\/ld+json\" class=\"yoast-schema-graph\">{\"@context\":\"https:\\\/\\\/schema.org\",\"@graph\":[{\"@type\":\"WebPage\",\"@id\":\"https:\\\/\\\/interkultur.fr\\\/en\\\/produit\\\/chinatown-paris\\\/\",\"url\":\"https:\\\/\\\/interkultur.fr\\\/en\\\/produit\\\/chinatown-paris\\\/\",\"name\":\"Chinatown Paris - Interkultur\",\"isPartOf\":{\"@id\":\"https:\\\/\\\/interkultur.fr\\\/en\\\/#website\"},\"primaryImageOfPage\":{\"@id\":\"https:\\\/\\\/interkultur.fr\\\/en\\\/produit\\\/chinatown-paris\\\/#primaryimage\"},\"image\":{\"@id\":\"https:\\\/\\\/interkultur.fr\\\/en\\\/produit\\\/chinatown-paris\\\/#primaryimage\"},\"thumbnailUrl\":\"https:\\\/\\\/interkultur.fr\\\/wp-content\\\/uploads\\\/2024\\\/02\\\/Nouvel-an-chinois.jpg\",\"datePublished\":\"2024-02-07T12:17:17+00:00\",\"dateModified\":\"2024-11-25T17:49:18+00:00\",\"breadcrumb\":{\"@id\":\"https:\\\/\\\/interkultur.fr\\\/en\\\/produit\\\/chinatown-paris\\\/#breadcrumb\"},\"inLanguage\":\"en-US\",\"potentialAction\":[{\"@type\":\"ReadAction\",\"target\":[\"https:\\\/\\\/interkultur.fr\\\/en\\\/produit\\\/chinatown-paris\\\/\"]}]},{\"@type\":\"ImageObject\",\"inLanguage\":\"en-US\",\"@id\":\"https:\\\/\\\/interkultur.fr\\\/en\\\/produit\\\/chinatown-paris\\\/#primaryimage\",\"url\":\"https:\\\/\\\/interkultur.fr\\\/wp-content\\\/uploads\\\/2024\\\/02\\\/Nouvel-an-chinois.jpg\",\"contentUrl\":\"https:\\\/\\\/interkultur.fr\\\/wp-content\\\/uploads\\\/2024\\\/02\\\/Nouvel-an-chinois.jpg\",\"width\":640,\"height\":425},{\"@type\":\"BreadcrumbList\",\"@id\":\"https:\\\/\\\/interkultur.fr\\\/en\\\/produit\\\/chinatown-paris\\\/#breadcrumb\",\"itemListElement\":[{\"@type\":\"ListItem\",\"position\":1,\"name\":\"Accueil\",\"item\":\"https:\\\/\\\/interkultur.fr\\\/en\\\/\"},{\"@type\":\"ListItem\",\"position\":2,\"name\":\"Shop\",\"item\":\"https:\\\/\\\/interkultur.fr\\\/en\\\/shop\\\/\"},{\"@type\":\"ListItem\",\"position\":3,\"name\":\"Chinatown Paris\"}]},{\"@type\":\"WebSite\",\"@id\":\"https:\\\/\\\/interkultur.fr\\\/en\\\/#website\",\"url\":\"https:\\\/\\\/interkultur.fr\\\/en\\\/\",\"name\":\"Interkultur\",\"description\":\"Visites et \u00e9v\u00e9nements culturels dans le Paris secret li\u00e9s \u00e0 l\u2019Histoire, l\u2019art, et la valorisation du patrimoine et des savoirs faire.\",\"potentialAction\":[{\"@type\":\"SearchAction\",\"target\":{\"@type\":\"EntryPoint\",\"urlTemplate\":\"https:\\\/\\\/interkultur.fr\\\/en\\\/?s={search_term_string}\"},\"query-input\":{\"@type\":\"PropertyValueSpecification\",\"valueRequired\":true,\"valueName\":\"search_term_string\"}}],\"inLanguage\":\"en-US\"}]}<\/script>\n<!-- \/ Yoast SEO plugin. -->","yoast_head_json":{"title":"Chinatown Paris - Interkultur","robots":{"index":"index","follow":"follow","max-snippet":"max-snippet:-1","max-image-preview":"max-image-preview:large","max-video-preview":"max-video-preview:-1"},"canonical":"https:\/\/interkultur.fr\/en\/produit\/chinatown-paris\/","og_locale":"en_US","og_type":"article","og_title":"Chinatown Paris - Interkultur","og_description":"Step into Wenzou, via Hanoi, Pnom-phen or Vientiane at the nearby Choisy triangle, the largest of the four Asian districts of Paris. Many expatriates from former French colonies in Asia own businesses around the commercial area of Olympiades, the heart of the area that has now become the largest Chinatown in Europe.","og_url":"https:\/\/interkultur.fr\/en\/produit\/chinatown-paris\/","og_site_name":"Interkultur","article_modified_time":"2024-11-25T17:49:18+00:00","og_image":[{"width":640,"height":425,"url":"https:\/\/interkultur.fr\/wp-content\/uploads\/2024\/02\/Nouvel-an-chinois.jpg","type":"image\/jpeg"}],"twitter_card":"summary_large_image","schema":{"@context":"https:\/\/schema.org","@graph":[{"@type":"WebPage","@id":"https:\/\/interkultur.fr\/en\/produit\/chinatown-paris\/","url":"https:\/\/interkultur.fr\/en\/produit\/chinatown-paris\/","name":"Chinatown Paris - Interkultur","isPartOf":{"@id":"https:\/\/interkultur.fr\/en\/#website"},"primaryImageOfPage":{"@id":"https:\/\/interkultur.fr\/en\/produit\/chinatown-paris\/#primaryimage"},"image":{"@id":"https:\/\/interkultur.fr\/en\/produit\/chinatown-paris\/#primaryimage"},"thumbnailUrl":"https:\/\/interkultur.fr\/wp-content\/uploads\/2024\/02\/Nouvel-an-chinois.jpg","datePublished":"2024-02-07T12:17:17+00:00","dateModified":"2024-11-25T17:49:18+00:00","breadcrumb":{"@id":"https:\/\/interkultur.fr\/en\/produit\/chinatown-paris\/#breadcrumb"},"inLanguage":"en-US","potentialAction":[{"@type":"ReadAction","target":["https:\/\/interkultur.fr\/en\/produit\/chinatown-paris\/"]}]},{"@type":"ImageObject","inLanguage":"en-US","@id":"https:\/\/interkultur.fr\/en\/produit\/chinatown-paris\/#primaryimage","url":"https:\/\/interkultur.fr\/wp-content\/uploads\/2024\/02\/Nouvel-an-chinois.jpg","contentUrl":"https:\/\/interkultur.fr\/wp-content\/uploads\/2024\/02\/Nouvel-an-chinois.jpg","width":640,"height":425},{"@type":"BreadcrumbList","@id":"https:\/\/interkultur.fr\/en\/produit\/chinatown-paris\/#breadcrumb","itemListElement":[{"@type":"ListItem","position":1,"name":"Accueil","item":"https:\/\/interkultur.fr\/en\/"},{"@type":"ListItem","position":2,"name":"Shop","item":"https:\/\/interkultur.fr\/en\/shop\/"},{"@type":"ListItem","position":3,"name":"Chinatown Paris"}]},{"@type":"WebSite","@id":"https:\/\/interkultur.fr\/en\/#website","url":"https:\/\/interkultur.fr\/en\/","name":"Interkultur","description":"Visites et \u00e9v\u00e9nements culturels dans le Paris secret li\u00e9s \u00e0 l\u2019Histoire, l\u2019art, et la valorisation du patrimoine et des savoirs faire.","potentialAction":[{"@type":"SearchAction","target":{"@type":"EntryPoint","urlTemplate":"https:\/\/interkultur.fr\/en\/?s={search_term_string}"},"query-input":{"@type":"PropertyValueSpecification","valueRequired":true,"valueName":"search_term_string"}}],"inLanguage":"en-US"}]}},"_links":{"self":[{"href":"https:\/\/interkultur.fr\/en\/wp-json\/wp\/v2\/product\/6110","targetHints":{"allow":["GET"]}}],"collection":[{"href":"https:\/\/interkultur.fr\/en\/wp-json\/wp\/v2\/product"}],"about":[{"href":"https:\/\/interkultur.fr\/en\/wp-json\/wp\/v2\/types\/product"}],"wp:featuredmedia":[{"embeddable":true,"href":"https:\/\/interkultur.fr\/en\/wp-json\/wp\/v2\/media\/6276"}],"wp:attachment":[{"href":"https:\/\/interkultur.fr\/en\/wp-json\/wp\/v2\/media?parent=6110"}],"wp:term":[{"taxonomy":"product_brand","embeddable":true,"href":"https:\/\/interkultur.fr\/en\/wp-json\/wp\/v2\/product_brand?post=6110"},{"taxonomy":"product_cat","embeddable":true,"href":"https:\/\/interkultur.fr\/en\/wp-json\/wp\/v2\/product_cat?post=6110"},{"taxonomy":"product_tag","embeddable":true,"href":"https:\/\/interkultur.fr\/en\/wp-json\/wp\/v2\/product_tag?post=6110"}],"curies":[{"name":"wp","href":"https:\/\/api.w.org\/{rel}","templated":true}]}}