{"id":6119,"date":"2024-02-07T13:21:36","date_gmt":"2024-02-07T12:21:36","guid":{"rendered":"https:\/\/interkultur.fr\/?post_type=product&#038;p=6119"},"modified":"2024-02-08T15:25:30","modified_gmt":"2024-02-08T14:25:30","slug":"the-french-revolution","status":"publish","type":"product","link":"https:\/\/interkultur.fr\/en\/produit\/the-french-revolution\/","title":{"rendered":"The French Revolution"},"content":{"rendered":"<h3>The French Revolution<\/h3>\n<p>2 routes: <strong>the Marais<\/strong> and <strong>the Palais Royal<\/strong><\/p>\n<p><strong>Practical Informations<\/strong><br \/>\n\u2022 Meeting Point: M\u00e9tro Bastille (line 1,5,8) or Concorde (1,8,12)<br \/>\n\u2022 Duration : 2h15<br \/>\n\u2022 Walking tour<br \/>\n\u2022 <strong>Private group tour<\/strong> at any date (270\u20ac)<\/p>\n<p style=\"text-align: justify;\">On this tour you will learn about the events of the <strong>French Revolution<\/strong> that took place in the area of Le Marais, situated between the Bastille prison and the H\u00f4tel de Ville. We will start by giving you a brief introduction to the events leading up to the Revolution, such as the <strong>historical and economic circumstances<\/strong> which forced the king to summon the States General. This was an <strong>assembly of the three estates of France<\/strong>; the clergy, the nobility, and the third estate which comprised the rest of the French population. In the early summer of 1789, deputies representing the three estates met to find a solution to the moral and economic crisis of the country. Even though the assembly was held in Versailles, it was in the area around the <strong>Bastille prison<\/strong> that the most important events of the Revolution took place. Today, the area still carries some some traces of the past. Walking down rue Saint-Antoine, a street bursting with history, we will discover buildings and remains from the time of the French Revolution such as the <strong>first exclusively female political club<\/strong>, which was held in a magnificent 16th century church.<\/p>\n<p style=\"text-align: justify;\">We will also stop by the <strong>Place des Vosges<\/strong> on our way to the center of Le Marais, where we will find <strong>numerous traces of the past<\/strong>, such as the houses of Robespierre and Barras, as well as a theater built with stone from the Bastille prison.<\/p>\n<p style=\"text-align: justify;\">Next, we will discover a section of a wall remaining from the <strong>prison de La Force<\/strong>, in which the terrible massacre of September 1792 took place. Then, after a short metro ride, we will finish the tour in front of the H\u00f4tel de Ville, which was a meeting place for the <strong>radical \u00absans-culottes\u00bb<\/strong> during the French Revolution, and where numerous gatherings and riots took place.<\/p>\n<p style=\"text-align: justify;\">The <strong>second route<\/strong> will start at Concorde square, where the people of Paris often rallied and where <strong>the guillotine<\/strong> stood for a couple of years.<\/p>\n","protected":false},"excerpt":{"rendered":"<p>This tour will take you back to the <strong>fascinating era of the French Revolution<\/strong>, and make you relive the events of the past. Despite the fact that most of the buildings from that period in history have disappeared, we still find numerous traces on our <strong>first route in Le Marais<\/strong>, especially in the area between the Place de la Bastille and the H\u00f4tel de Ville, around rue Saint-Antoine.<br \/>\nThe <strong>other route<\/strong> takes us from <strong>historic Concorde square<\/strong>, along the rue Sainte Honor\u00e9 towards the Palais Royal, where it all began!<\/p>\n","protected":false},"featured_media":5427,"template":"","meta":{"_price":"","_stock":"","_tribe_ticket_header":"","_tribe_default_ticket_provider":"","_tribe_ticket_capacity":"0","_ticket_start_date":"","_ticket_end_date":"","_tribe_ticket_show_description":"","_tribe_ticket_show_not_going":false,"_tribe_ticket_use_global_stock":"","_tribe_ticket_global_stock_level":"","_global_stock_mode":"","_global_stock_cap":"","_tribe_rsvp_for_event":"","_tribe_ticket_going_count":"","_tribe_ticket_not_going_count":"","_tribe_tickets_list":"[]","_tribe_ticket_has_attendee_info_fields":false,"_tec_slr_enabled":"","_tec_slr_layout":""},"product_brand":[],"product_cat":[143],"product_tag":[],"class_list":{"0":"post-6119","1":"product","2":"type-product","3":"status-publish","4":"has-post-thumbnail","6":"product_cat-visit-paris","8":"first","9":"instock","10":"featured","11":"shipping-taxable","12":"product-type-simple"},"yoast_head":"<!-- This site is optimized with the Yoast SEO plugin v27.4 - https:\/\/yoast.com\/product\/yoast-seo-wordpress\/ -->\n<title>The French Revolution - Interkultur<\/title>\n<meta name=\"robots\" content=\"index, follow, max-snippet:-1, max-image-preview:large, max-video-preview:-1\" \/>\n<link rel=\"canonical\" href=\"https:\/\/interkultur.fr\/en\/produit\/the-french-revolution\/\" \/>\n<meta property=\"og:locale\" content=\"en_US\" \/>\n<meta property=\"og:type\" content=\"article\" \/>\n<meta property=\"og:title\" content=\"The French Revolution - Interkultur\" \/>\n<meta property=\"og:description\" content=\"This tour will take you back to the fascinating era of the French Revolution, and make you relive the events of the past. Despite the fact that most of the buildings from that period in history have disappeared, we still find numerous traces on our first route in Le Marais, especially in the area between the Place de la Bastille and the H\u00f4tel de Ville, around rue Saint-Antoine. The other route takes us from historic Concorde square, along the rue Sainte Honor\u00e9 towards the Palais Royal, where it all began!\" \/>\n<meta property=\"og:url\" content=\"https:\/\/interkultur.fr\/en\/produit\/the-french-revolution\/\" \/>\n<meta property=\"og:site_name\" content=\"Interkultur\" \/>\n<meta property=\"article:modified_time\" content=\"2024-02-08T14:25:30+00:00\" \/>\n<meta property=\"og:image\" content=\"https:\/\/interkultur.fr\/wp-content\/uploads\/2024\/01\/guillotine.jpg\" \/>\n\t<meta property=\"og:image:width\" content=\"1094\" \/>\n\t<meta property=\"og:image:height\" content=\"1600\" \/>\n\t<meta property=\"og:image:type\" content=\"image\/jpeg\" \/>\n<meta name=\"twitter:card\" content=\"summary_large_image\" \/>\n<script type=\"application\/ld+json\" class=\"yoast-schema-graph\">{\"@context\":\"https:\\\/\\\/schema.org\",\"@graph\":[{\"@type\":\"WebPage\",\"@id\":\"https:\\\/\\\/interkultur.fr\\\/en\\\/produit\\\/the-french-revolution\\\/\",\"url\":\"https:\\\/\\\/interkultur.fr\\\/en\\\/produit\\\/the-french-revolution\\\/\",\"name\":\"The French Revolution - Interkultur\",\"isPartOf\":{\"@id\":\"https:\\\/\\\/interkultur.fr\\\/en\\\/#website\"},\"primaryImageOfPage\":{\"@id\":\"https:\\\/\\\/interkultur.fr\\\/en\\\/produit\\\/the-french-revolution\\\/#primaryimage\"},\"image\":{\"@id\":\"https:\\\/\\\/interkultur.fr\\\/en\\\/produit\\\/the-french-revolution\\\/#primaryimage\"},\"thumbnailUrl\":\"https:\\\/\\\/interkultur.fr\\\/wp-content\\\/uploads\\\/2024\\\/01\\\/guillotine.jpg\",\"datePublished\":\"2024-02-07T12:21:36+00:00\",\"dateModified\":\"2024-02-08T14:25:30+00:00\",\"breadcrumb\":{\"@id\":\"https:\\\/\\\/interkultur.fr\\\/en\\\/produit\\\/the-french-revolution\\\/#breadcrumb\"},\"inLanguage\":\"en-US\",\"potentialAction\":[{\"@type\":\"ReadAction\",\"target\":[\"https:\\\/\\\/interkultur.fr\\\/en\\\/produit\\\/the-french-revolution\\\/\"]}]},{\"@type\":\"ImageObject\",\"inLanguage\":\"en-US\",\"@id\":\"https:\\\/\\\/interkultur.fr\\\/en\\\/produit\\\/the-french-revolution\\\/#primaryimage\",\"url\":\"https:\\\/\\\/interkultur.fr\\\/wp-content\\\/uploads\\\/2024\\\/01\\\/guillotine.jpg\",\"contentUrl\":\"https:\\\/\\\/interkultur.fr\\\/wp-content\\\/uploads\\\/2024\\\/01\\\/guillotine.jpg\",\"width\":1094,\"height\":1600},{\"@type\":\"BreadcrumbList\",\"@id\":\"https:\\\/\\\/interkultur.fr\\\/en\\\/produit\\\/the-french-revolution\\\/#breadcrumb\",\"itemListElement\":[{\"@type\":\"ListItem\",\"position\":1,\"name\":\"Accueil\",\"item\":\"https:\\\/\\\/interkultur.fr\\\/en\\\/\"},{\"@type\":\"ListItem\",\"position\":2,\"name\":\"Shop\",\"item\":\"https:\\\/\\\/interkultur.fr\\\/en\\\/shop\\\/\"},{\"@type\":\"ListItem\",\"position\":3,\"name\":\"The French Revolution\"}]},{\"@type\":\"WebSite\",\"@id\":\"https:\\\/\\\/interkultur.fr\\\/en\\\/#website\",\"url\":\"https:\\\/\\\/interkultur.fr\\\/en\\\/\",\"name\":\"Interkultur\",\"description\":\"Visites et \u00e9v\u00e9nements culturels dans le Paris secret li\u00e9s \u00e0 l\u2019Histoire, l\u2019art, et la valorisation du patrimoine et des savoirs faire.\",\"potentialAction\":[{\"@type\":\"SearchAction\",\"target\":{\"@type\":\"EntryPoint\",\"urlTemplate\":\"https:\\\/\\\/interkultur.fr\\\/en\\\/?s={search_term_string}\"},\"query-input\":{\"@type\":\"PropertyValueSpecification\",\"valueRequired\":true,\"valueName\":\"search_term_string\"}}],\"inLanguage\":\"en-US\"}]}<\/script>\n<!-- \/ Yoast SEO plugin. -->","yoast_head_json":{"title":"The French Revolution - Interkultur","robots":{"index":"index","follow":"follow","max-snippet":"max-snippet:-1","max-image-preview":"max-image-preview:large","max-video-preview":"max-video-preview:-1"},"canonical":"https:\/\/interkultur.fr\/en\/produit\/the-french-revolution\/","og_locale":"en_US","og_type":"article","og_title":"The French Revolution - Interkultur","og_description":"This tour will take you back to the fascinating era of the French Revolution, and make you relive the events of the past. Despite the fact that most of the buildings from that period in history have disappeared, we still find numerous traces on our first route in Le Marais, especially in the area between the Place de la Bastille and the H\u00f4tel de Ville, around rue Saint-Antoine. The other route takes us from historic Concorde square, along the rue Sainte Honor\u00e9 towards the Palais Royal, where it all began!","og_url":"https:\/\/interkultur.fr\/en\/produit\/the-french-revolution\/","og_site_name":"Interkultur","article_modified_time":"2024-02-08T14:25:30+00:00","og_image":[{"width":1094,"height":1600,"url":"https:\/\/interkultur.fr\/wp-content\/uploads\/2024\/01\/guillotine.jpg","type":"image\/jpeg"}],"twitter_card":"summary_large_image","schema":{"@context":"https:\/\/schema.org","@graph":[{"@type":"WebPage","@id":"https:\/\/interkultur.fr\/en\/produit\/the-french-revolution\/","url":"https:\/\/interkultur.fr\/en\/produit\/the-french-revolution\/","name":"The French Revolution - Interkultur","isPartOf":{"@id":"https:\/\/interkultur.fr\/en\/#website"},"primaryImageOfPage":{"@id":"https:\/\/interkultur.fr\/en\/produit\/the-french-revolution\/#primaryimage"},"image":{"@id":"https:\/\/interkultur.fr\/en\/produit\/the-french-revolution\/#primaryimage"},"thumbnailUrl":"https:\/\/interkultur.fr\/wp-content\/uploads\/2024\/01\/guillotine.jpg","datePublished":"2024-02-07T12:21:36+00:00","dateModified":"2024-02-08T14:25:30+00:00","breadcrumb":{"@id":"https:\/\/interkultur.fr\/en\/produit\/the-french-revolution\/#breadcrumb"},"inLanguage":"en-US","potentialAction":[{"@type":"ReadAction","target":["https:\/\/interkultur.fr\/en\/produit\/the-french-revolution\/"]}]},{"@type":"ImageObject","inLanguage":"en-US","@id":"https:\/\/interkultur.fr\/en\/produit\/the-french-revolution\/#primaryimage","url":"https:\/\/interkultur.fr\/wp-content\/uploads\/2024\/01\/guillotine.jpg","contentUrl":"https:\/\/interkultur.fr\/wp-content\/uploads\/2024\/01\/guillotine.jpg","width":1094,"height":1600},{"@type":"BreadcrumbList","@id":"https:\/\/interkultur.fr\/en\/produit\/the-french-revolution\/#breadcrumb","itemListElement":[{"@type":"ListItem","position":1,"name":"Accueil","item":"https:\/\/interkultur.fr\/en\/"},{"@type":"ListItem","position":2,"name":"Shop","item":"https:\/\/interkultur.fr\/en\/shop\/"},{"@type":"ListItem","position":3,"name":"The French Revolution"}]},{"@type":"WebSite","@id":"https:\/\/interkultur.fr\/en\/#website","url":"https:\/\/interkultur.fr\/en\/","name":"Interkultur","description":"Visites et \u00e9v\u00e9nements culturels dans le Paris secret li\u00e9s \u00e0 l\u2019Histoire, l\u2019art, et la valorisation du patrimoine et des savoirs faire.","potentialAction":[{"@type":"SearchAction","target":{"@type":"EntryPoint","urlTemplate":"https:\/\/interkultur.fr\/en\/?s={search_term_string}"},"query-input":{"@type":"PropertyValueSpecification","valueRequired":true,"valueName":"search_term_string"}}],"inLanguage":"en-US"}]}},"_links":{"self":[{"href":"https:\/\/interkultur.fr\/en\/wp-json\/wp\/v2\/product\/6119","targetHints":{"allow":["GET"]}}],"collection":[{"href":"https:\/\/interkultur.fr\/en\/wp-json\/wp\/v2\/product"}],"about":[{"href":"https:\/\/interkultur.fr\/en\/wp-json\/wp\/v2\/types\/product"}],"wp:featuredmedia":[{"embeddable":true,"href":"https:\/\/interkultur.fr\/en\/wp-json\/wp\/v2\/media\/5427"}],"wp:attachment":[{"href":"https:\/\/interkultur.fr\/en\/wp-json\/wp\/v2\/media?parent=6119"}],"wp:term":[{"taxonomy":"product_brand","embeddable":true,"href":"https:\/\/interkultur.fr\/en\/wp-json\/wp\/v2\/product_brand?post=6119"},{"taxonomy":"product_cat","embeddable":true,"href":"https:\/\/interkultur.fr\/en\/wp-json\/wp\/v2\/product_cat?post=6119"},{"taxonomy":"product_tag","embeddable":true,"href":"https:\/\/interkultur.fr\/en\/wp-json\/wp\/v2\/product_tag?post=6119"}],"curies":[{"name":"wp","href":"https:\/\/api.w.org\/{rel}","templated":true}]}}