{"id":6407,"date":"2024-02-06T17:15:23","date_gmt":"2024-02-06T16:15:23","guid":{"rendered":"https:\/\/interkultur.fr\/?post_type=product&#038;p=6407"},"modified":"2024-02-11T17:09:11","modified_gmt":"2024-02-11T16:09:11","slug":"around-the-buttes-chaumont","status":"publish","type":"product","link":"https:\/\/interkultur.fr\/en\/produit\/around-the-buttes-chaumont\/","title":{"rendered":"Around the Buttes Chaumont"},"content":{"rendered":"<h3>Stroll around the Buttes Chaumont !<\/h3>\n<p><strong>Practical Informations<\/strong><br \/>\n\u2022 Meeting Point: M\u00e9tro Colonel Fabien (line 2)<br \/>\n\u2022 Duration : 2h15<br \/>\n\u2022 Walking tour<br \/>\n\u2022 Small group (up to 8 people) 50-80\u20ac pp<br \/>\n\u2022 Private group tour at any date (270\u20ac\/group)<\/p>\n<p style=\"text-align: justify;\">This tour, which takes place in the heart of the 19th arrondissement, will show you <strong>hidden green areas<\/strong> in the north eastern part of Paris, near the Buttes Chaumont. While strolling along a winding path, you will learn about the industrial and <strong>historical past<\/strong> of the Buttes Chaumont. One example is the <strong>gypsum quarries<\/strong> which have left their mark on the identity and the topography of the area, and supplied construction sites both in Paris and abroad.<br \/>\nWe will start the tour by exploring some little known architectural treasures of the 19th arrondissement, while making our way to a <strong>charming hillock<\/strong> with an astonishing history, hidden by tall buildings that were constructed in the 60\u2019s. A long staircase will lead you to an <strong>extraordinary view<\/strong> of northern Paris.<br \/>\nAnother staircase, which is more like a secret passage, will lead you to the <strong>splendid Parc des Buttes Chaumont<\/strong>. It was <strong>Napoleon III<\/strong> who decided to improve this area that had been infamous since the middle ages for its gallows, dumping grounds and shelters for criminals and homeless people. He transformed parts of the old quarry into a huge and <strong>romantic park<\/strong> with technical inventions, which is still impressing in many ways. During the tour we will discover the <strong>secrets and little known stories<\/strong> about the park.<br \/>\nClose by is the<strong> Mouza\u00efa<\/strong> area, also built on top of underground quarries, where we find several <strong>small and charming pavilions<\/strong> surrounded by high towers from the 1970\u2019s. We will end our tour in a lovely little square, close to the city limits of Paris. Here we will be able to discuss the identity of the neighborhood, its evolution as well as its future.<\/p>\n","protected":false},"excerpt":{"rendered":"<p>This walk will uncover <strong>a unique place<\/strong>: a small village bordered only with Parisian villas, pedestrian and paved walkways bordered by pretty houses. The whole area surrounded by parks and small gardens. The tour will also take you in one of the <strong>last Parisian village<\/strong>, little known to Parisian and hidden in the 19th arrondissement. Nearby, <strong>the park of the Buttes Chaumont<\/strong>, created in the 19th century, is considered as the most charming and typically Parisian of all the capital&#8217;s parks.<\/p>\n","protected":false},"featured_media":6447,"template":"","meta":{"_price":"","_stock":"","_tribe_ticket_header":"","_tribe_default_ticket_provider":"","_tribe_ticket_capacity":"0","_ticket_start_date":"","_ticket_end_date":"","_tribe_ticket_show_description":"","_tribe_ticket_show_not_going":false,"_tribe_ticket_use_global_stock":"","_tribe_ticket_global_stock_level":"","_global_stock_mode":"","_global_stock_cap":"","_tribe_rsvp_for_event":"","_tribe_ticket_going_count":"","_tribe_ticket_not_going_count":"","_tribe_tickets_list":"[]","_tribe_ticket_has_attendee_info_fields":false,"_tec_slr_enabled":"","_tec_slr_layout":""},"product_brand":[],"product_cat":[143],"product_tag":[],"class_list":{"0":"post-6407","1":"product","2":"type-product","3":"status-publish","4":"has-post-thumbnail","6":"product_cat-visit-paris","8":"first","9":"instock","10":"featured","11":"virtual","12":"product-type-simple"},"yoast_head":"<!-- This site is optimized with the Yoast SEO plugin v27.5 - https:\/\/yoast.com\/product\/yoast-seo-wordpress\/ -->\n<title>Around the Buttes Chaumont - Interkultur<\/title>\n<meta name=\"robots\" content=\"index, follow, max-snippet:-1, max-image-preview:large, max-video-preview:-1\" \/>\n<link rel=\"canonical\" href=\"https:\/\/interkultur.fr\/en\/produit\/around-the-buttes-chaumont\/\" \/>\n<meta property=\"og:locale\" content=\"en_US\" \/>\n<meta property=\"og:type\" content=\"article\" \/>\n<meta property=\"og:title\" content=\"Around the Buttes Chaumont - Interkultur\" \/>\n<meta property=\"og:description\" content=\"This walk will uncover a unique place: a small village bordered only with Parisian villas, pedestrian and paved walkways bordered by pretty houses. The whole area surrounded by parks and small gardens. The tour will also take you in one of the last Parisian village, little known to Parisian and hidden in the 19th arrondissement. Nearby, the park of the Buttes Chaumont, created in the 19th century, is considered as the most charming and typically Parisian of all the capital&#039;s parks.\" \/>\n<meta property=\"og:url\" content=\"https:\/\/interkultur.fr\/en\/produit\/around-the-buttes-chaumont\/\" \/>\n<meta property=\"og:site_name\" content=\"Interkultur\" \/>\n<meta property=\"article:modified_time\" content=\"2024-02-11T16:09:11+00:00\" \/>\n<meta property=\"og:image\" content=\"https:\/\/interkultur.fr\/wp-content\/uploads\/2024\/02\/Sculpture-BC.jpg\" \/>\n\t<meta property=\"og:image:width\" content=\"425\" \/>\n\t<meta property=\"og:image:height\" content=\"640\" \/>\n\t<meta property=\"og:image:type\" content=\"image\/jpeg\" \/>\n<meta name=\"twitter:card\" content=\"summary_large_image\" \/>\n<script type=\"application\/ld+json\" class=\"yoast-schema-graph\">{\"@context\":\"https:\\\/\\\/schema.org\",\"@graph\":[{\"@type\":\"WebPage\",\"@id\":\"https:\\\/\\\/interkultur.fr\\\/en\\\/produit\\\/around-the-buttes-chaumont\\\/\",\"url\":\"https:\\\/\\\/interkultur.fr\\\/en\\\/produit\\\/around-the-buttes-chaumont\\\/\",\"name\":\"Around the Buttes Chaumont - Interkultur\",\"isPartOf\":{\"@id\":\"https:\\\/\\\/interkultur.fr\\\/en\\\/#website\"},\"primaryImageOfPage\":{\"@id\":\"https:\\\/\\\/interkultur.fr\\\/en\\\/produit\\\/around-the-buttes-chaumont\\\/#primaryimage\"},\"image\":{\"@id\":\"https:\\\/\\\/interkultur.fr\\\/en\\\/produit\\\/around-the-buttes-chaumont\\\/#primaryimage\"},\"thumbnailUrl\":\"https:\\\/\\\/interkultur.fr\\\/wp-content\\\/uploads\\\/2024\\\/02\\\/Pavillon-mouzaia.jpg\",\"datePublished\":\"2024-02-06T16:15:23+00:00\",\"dateModified\":\"2024-02-11T16:09:11+00:00\",\"breadcrumb\":{\"@id\":\"https:\\\/\\\/interkultur.fr\\\/en\\\/produit\\\/around-the-buttes-chaumont\\\/#breadcrumb\"},\"inLanguage\":\"en-US\",\"potentialAction\":[{\"@type\":\"ReadAction\",\"target\":[\"https:\\\/\\\/interkultur.fr\\\/en\\\/produit\\\/around-the-buttes-chaumont\\\/\"]}]},{\"@type\":\"ImageObject\",\"inLanguage\":\"en-US\",\"@id\":\"https:\\\/\\\/interkultur.fr\\\/en\\\/produit\\\/around-the-buttes-chaumont\\\/#primaryimage\",\"url\":\"https:\\\/\\\/interkultur.fr\\\/wp-content\\\/uploads\\\/2024\\\/02\\\/Pavillon-mouzaia.jpg\",\"contentUrl\":\"https:\\\/\\\/interkultur.fr\\\/wp-content\\\/uploads\\\/2024\\\/02\\\/Pavillon-mouzaia.jpg\",\"width\":680,\"height\":510},{\"@type\":\"BreadcrumbList\",\"@id\":\"https:\\\/\\\/interkultur.fr\\\/en\\\/produit\\\/around-the-buttes-chaumont\\\/#breadcrumb\",\"itemListElement\":[{\"@type\":\"ListItem\",\"position\":1,\"name\":\"Accueil\",\"item\":\"https:\\\/\\\/interkultur.fr\\\/en\\\/\"},{\"@type\":\"ListItem\",\"position\":2,\"name\":\"Shop\",\"item\":\"https:\\\/\\\/interkultur.fr\\\/en\\\/shop\\\/\"},{\"@type\":\"ListItem\",\"position\":3,\"name\":\"Around the Buttes Chaumont\"}]},{\"@type\":\"WebSite\",\"@id\":\"https:\\\/\\\/interkultur.fr\\\/en\\\/#website\",\"url\":\"https:\\\/\\\/interkultur.fr\\\/en\\\/\",\"name\":\"Interkultur\",\"description\":\"Visites et \u00e9v\u00e9nements culturels dans le Paris secret li\u00e9s \u00e0 l\u2019Histoire, l\u2019art, et la valorisation du patrimoine et des savoirs faire.\",\"potentialAction\":[{\"@type\":\"SearchAction\",\"target\":{\"@type\":\"EntryPoint\",\"urlTemplate\":\"https:\\\/\\\/interkultur.fr\\\/en\\\/?s={search_term_string}\"},\"query-input\":{\"@type\":\"PropertyValueSpecification\",\"valueRequired\":true,\"valueName\":\"search_term_string\"}}],\"inLanguage\":\"en-US\"}]}<\/script>\n<!-- \/ Yoast SEO plugin. -->","yoast_head_json":{"title":"Around the Buttes Chaumont - Interkultur","robots":{"index":"index","follow":"follow","max-snippet":"max-snippet:-1","max-image-preview":"max-image-preview:large","max-video-preview":"max-video-preview:-1"},"canonical":"https:\/\/interkultur.fr\/en\/produit\/around-the-buttes-chaumont\/","og_locale":"en_US","og_type":"article","og_title":"Around the Buttes Chaumont - Interkultur","og_description":"This walk will uncover a unique place: a small village bordered only with Parisian villas, pedestrian and paved walkways bordered by pretty houses. The whole area surrounded by parks and small gardens. The tour will also take you in one of the last Parisian village, little known to Parisian and hidden in the 19th arrondissement. Nearby, the park of the Buttes Chaumont, created in the 19th century, is considered as the most charming and typically Parisian of all the capital's parks.","og_url":"https:\/\/interkultur.fr\/en\/produit\/around-the-buttes-chaumont\/","og_site_name":"Interkultur","article_modified_time":"2024-02-11T16:09:11+00:00","og_image":[{"width":425,"height":640,"url":"https:\/\/interkultur.fr\/wp-content\/uploads\/2024\/02\/Sculpture-BC.jpg","type":"image\/jpeg"}],"twitter_card":"summary_large_image","schema":{"@context":"https:\/\/schema.org","@graph":[{"@type":"WebPage","@id":"https:\/\/interkultur.fr\/en\/produit\/around-the-buttes-chaumont\/","url":"https:\/\/interkultur.fr\/en\/produit\/around-the-buttes-chaumont\/","name":"Around the Buttes Chaumont - Interkultur","isPartOf":{"@id":"https:\/\/interkultur.fr\/en\/#website"},"primaryImageOfPage":{"@id":"https:\/\/interkultur.fr\/en\/produit\/around-the-buttes-chaumont\/#primaryimage"},"image":{"@id":"https:\/\/interkultur.fr\/en\/produit\/around-the-buttes-chaumont\/#primaryimage"},"thumbnailUrl":"https:\/\/interkultur.fr\/wp-content\/uploads\/2024\/02\/Pavillon-mouzaia.jpg","datePublished":"2024-02-06T16:15:23+00:00","dateModified":"2024-02-11T16:09:11+00:00","breadcrumb":{"@id":"https:\/\/interkultur.fr\/en\/produit\/around-the-buttes-chaumont\/#breadcrumb"},"inLanguage":"en-US","potentialAction":[{"@type":"ReadAction","target":["https:\/\/interkultur.fr\/en\/produit\/around-the-buttes-chaumont\/"]}]},{"@type":"ImageObject","inLanguage":"en-US","@id":"https:\/\/interkultur.fr\/en\/produit\/around-the-buttes-chaumont\/#primaryimage","url":"https:\/\/interkultur.fr\/wp-content\/uploads\/2024\/02\/Pavillon-mouzaia.jpg","contentUrl":"https:\/\/interkultur.fr\/wp-content\/uploads\/2024\/02\/Pavillon-mouzaia.jpg","width":680,"height":510},{"@type":"BreadcrumbList","@id":"https:\/\/interkultur.fr\/en\/produit\/around-the-buttes-chaumont\/#breadcrumb","itemListElement":[{"@type":"ListItem","position":1,"name":"Accueil","item":"https:\/\/interkultur.fr\/en\/"},{"@type":"ListItem","position":2,"name":"Shop","item":"https:\/\/interkultur.fr\/en\/shop\/"},{"@type":"ListItem","position":3,"name":"Around the Buttes Chaumont"}]},{"@type":"WebSite","@id":"https:\/\/interkultur.fr\/en\/#website","url":"https:\/\/interkultur.fr\/en\/","name":"Interkultur","description":"Visites et \u00e9v\u00e9nements culturels dans le Paris secret li\u00e9s \u00e0 l\u2019Histoire, l\u2019art, et la valorisation du patrimoine et des savoirs faire.","potentialAction":[{"@type":"SearchAction","target":{"@type":"EntryPoint","urlTemplate":"https:\/\/interkultur.fr\/en\/?s={search_term_string}"},"query-input":{"@type":"PropertyValueSpecification","valueRequired":true,"valueName":"search_term_string"}}],"inLanguage":"en-US"}]}},"_links":{"self":[{"href":"https:\/\/interkultur.fr\/en\/wp-json\/wp\/v2\/product\/6407","targetHints":{"allow":["GET"]}}],"collection":[{"href":"https:\/\/interkultur.fr\/en\/wp-json\/wp\/v2\/product"}],"about":[{"href":"https:\/\/interkultur.fr\/en\/wp-json\/wp\/v2\/types\/product"}],"wp:featuredmedia":[{"embeddable":true,"href":"https:\/\/interkultur.fr\/en\/wp-json\/wp\/v2\/media\/6447"}],"wp:attachment":[{"href":"https:\/\/interkultur.fr\/en\/wp-json\/wp\/v2\/media?parent=6407"}],"wp:term":[{"taxonomy":"product_brand","embeddable":true,"href":"https:\/\/interkultur.fr\/en\/wp-json\/wp\/v2\/product_brand?post=6407"},{"taxonomy":"product_cat","embeddable":true,"href":"https:\/\/interkultur.fr\/en\/wp-json\/wp\/v2\/product_cat?post=6407"},{"taxonomy":"product_tag","embeddable":true,"href":"https:\/\/interkultur.fr\/en\/wp-json\/wp\/v2\/product_tag?post=6407"}],"curies":[{"name":"wp","href":"https:\/\/api.w.org\/{rel}","templated":true}]}}