{"id":6408,"date":"2024-02-08T17:29:36","date_gmt":"2024-02-08T16:29:36","guid":{"rendered":"https:\/\/interkultur.fr\/?post_type=product&#038;p=6408"},"modified":"2024-02-11T18:51:30","modified_gmt":"2024-02-11T17:51:30","slug":"paris-food-tour","status":"publish","type":"product","link":"https:\/\/interkultur.fr\/en\/produit\/paris-food-tour\/","title":{"rendered":"Paris food tour"},"content":{"rendered":"<h2>Paris food tour<\/h2>\n<p style=\"text-align: justify;\"><strong>Practical informations<\/strong><\/p>\n<ul style=\"text-align: justify;\">\n<li>Location : Faubourg Saint Germain. Alternative route: Montmartre<\/li>\n<li>Duration : 3h<\/li>\n<li>Walking tour<\/li>\n<li><strong>At least 4 tastings included<\/strong><\/li>\n<li>From 2 to 8 people (65\u20ac-135\u20ac)<\/li>\n<\/ul>\n<p style=\"text-align: justify;\">Get the best of Paris&#8217;s most famous passion: food! The Paris food tour will take you around one of the most famous and beautiful districts of Paris: Saint Germain des Pr\u00e9s (or Montmartre). This literary area is unique for the cafes, fashion or luxury boutiques, bookstores and of course all food related stores.<br \/>\nSome <strong>amazing bakeries<\/strong> and pastries offer a wide choice of typical <strong>Parisian savouries<\/strong>, either sweet or salty. Your guide will take you through French habits and explain all particularities.<br \/>\nAlong some <strong>historical<\/strong> facts or <strong>architectural<\/strong> beauties, find out more on French food with either a <strong>cheese monger<\/strong>, a world famous <strong>de luxe pastry<\/strong> shop or a &#8220;<strong>house of Macarons<\/strong>&#8220;.<br \/>\nIn the small streets of Saint Germain, close to Man Ray&#8217;s workshop and Scott Fitzgerald&#8217;s Parisian homestay, you&#8217;ll be taken to a wonderful <strong>chocolate tasting<\/strong>, where house made original <strong>ice cream<\/strong> can also be sampled.<br \/>\nJust after a visit at the amazing Saint Germain church, with a 11th century tower, the oldest of Paris, you&#8217;ll get to discover more beautiful streets and unique sites, before going into an <strong>indoor market<\/strong> showing extensive stalls of refined food, from <strong>meat, fish, cheese, wines<\/strong> and countless other delicacies.<br \/>\nOn the south side of\u00a0busy\u00a0boulevard Saint Germain, close to the 3 &#8220;<strong>star caf\u00e9s<\/strong>&#8221; of the neighborhood: the <em>Brasserie Lipp<\/em>, the <em>Caf\u00e9 de Flore<\/em> and <em>Les Deux Magots<\/em>, the district opens onto a more intimate \u00a0and literary area with many bookstores and refined shops.<br \/>\n<span style=\"line-height: 1.4em;\">Find out where The Doors lead singer <strong>Jim Morrisson<\/strong> died and where popular movie directors\u00a0stay when in Paris before ending\u00a0<\/span><span style=\"line-height: 1.4em;\">the tour at <strong>special caf\u00e9<\/strong>, for the last food samples including wine, cheese and typical processed meat food (charcuteries): ham and pat\u00e9.<\/span><\/p>\n<p>Tour also available in the Marias or Montmartre<\/p>\n","protected":false},"excerpt":{"rendered":"<p>Sample a wide variety of French food while exploring the <strong>chic Saint-Germain-des-Pr\u00e9s<\/strong> district on this walking tour.<br \/>\nTaste everything <strong>from the most exquisite chocolate to freshly-baked patisseries<\/strong>. Make your own choices in a beautiful boulangerie (bakery) where your guide will help you understand the wide range of salty or sweet delicacies. In the end, finish the tour enjoying wine and cheese in a typical Parisian caf\u00e9 talking about the implications of <strong>art, socializing and food<\/strong> in daily French life!<\/p>\n<p>Tour also available in the Marias or Montmartre<\/p>\n","protected":false},"featured_media":6868,"template":"","meta":{"_price":"","_stock":"","_tribe_ticket_header":"","_tribe_default_ticket_provider":"","_tribe_ticket_capacity":"0","_ticket_start_date":"","_ticket_end_date":"","_tribe_ticket_show_description":"","_tribe_ticket_show_not_going":false,"_tribe_ticket_use_global_stock":"","_tribe_ticket_global_stock_level":"","_global_stock_mode":"","_global_stock_cap":"","_tribe_rsvp_for_event":"","_tribe_ticket_going_count":"","_tribe_ticket_not_going_count":"","_tribe_tickets_list":"[]","_tribe_ticket_has_attendee_info_fields":false,"_tec_slr_enabled":"","_tec_slr_layout":""},"product_brand":[],"product_cat":[143],"product_tag":[],"class_list":{"0":"post-6408","1":"product","2":"type-product","3":"status-publish","4":"has-post-thumbnail","6":"product_cat-visit-paris","8":"first","9":"instock","10":"featured","11":"virtual","12":"product-type-simple"},"yoast_head":"<!-- This site is optimized with the Yoast SEO plugin v27.5 - https:\/\/yoast.com\/product\/yoast-seo-wordpress\/ -->\n<title>Paris food tour - Interkultur<\/title>\n<meta name=\"robots\" content=\"index, follow, max-snippet:-1, max-image-preview:large, max-video-preview:-1\" \/>\n<link rel=\"canonical\" href=\"https:\/\/interkultur.fr\/en\/produit\/paris-food-tour\/\" \/>\n<meta property=\"og:locale\" content=\"en_US\" \/>\n<meta property=\"og:type\" content=\"article\" \/>\n<meta property=\"og:title\" content=\"Paris food tour - Interkultur\" \/>\n<meta property=\"og:description\" content=\"Sample a wide variety of French food while exploring the chic Saint-Germain-des-Pr\u00e9s district on this walking tour. Taste everything from the most exquisite chocolate to freshly-baked patisseries. Make your own choices in a beautiful boulangerie (bakery) where your guide will help you understand the wide range of salty or sweet delicacies. In the end, finish the tour enjoying wine and cheese in a typical Parisian caf\u00e9 talking about the implications of art, socializing and food in daily French life!  Tour also available in the Marias or Montmartre\" \/>\n<meta property=\"og:url\" content=\"https:\/\/interkultur.fr\/en\/produit\/paris-food-tour\/\" \/>\n<meta property=\"og:site_name\" content=\"Interkultur\" \/>\n<meta property=\"article:modified_time\" content=\"2024-02-11T17:51:30+00:00\" \/>\n<meta property=\"og:image\" content=\"https:\/\/interkultur.fr\/wp-content\/uploads\/2024\/02\/Chocolate.jpg\" \/>\n\t<meta property=\"og:image:width\" content=\"680\" \/>\n\t<meta property=\"og:image:height\" content=\"510\" \/>\n\t<meta property=\"og:image:type\" content=\"image\/jpeg\" \/>\n<meta name=\"twitter:card\" content=\"summary_large_image\" \/>\n<script type=\"application\/ld+json\" class=\"yoast-schema-graph\">{\"@context\":\"https:\\\/\\\/schema.org\",\"@graph\":[{\"@type\":\"WebPage\",\"@id\":\"https:\\\/\\\/interkultur.fr\\\/en\\\/produit\\\/paris-food-tour\\\/\",\"url\":\"https:\\\/\\\/interkultur.fr\\\/en\\\/produit\\\/paris-food-tour\\\/\",\"name\":\"Paris food tour - Interkultur\",\"isPartOf\":{\"@id\":\"https:\\\/\\\/interkultur.fr\\\/en\\\/#website\"},\"primaryImageOfPage\":{\"@id\":\"https:\\\/\\\/interkultur.fr\\\/en\\\/produit\\\/paris-food-tour\\\/#primaryimage\"},\"image\":{\"@id\":\"https:\\\/\\\/interkultur.fr\\\/en\\\/produit\\\/paris-food-tour\\\/#primaryimage\"},\"thumbnailUrl\":\"https:\\\/\\\/interkultur.fr\\\/wp-content\\\/uploads\\\/2024\\\/02\\\/Chocolate.jpg\",\"datePublished\":\"2024-02-08T16:29:36+00:00\",\"dateModified\":\"2024-02-11T17:51:30+00:00\",\"breadcrumb\":{\"@id\":\"https:\\\/\\\/interkultur.fr\\\/en\\\/produit\\\/paris-food-tour\\\/#breadcrumb\"},\"inLanguage\":\"en-US\",\"potentialAction\":[{\"@type\":\"ReadAction\",\"target\":[\"https:\\\/\\\/interkultur.fr\\\/en\\\/produit\\\/paris-food-tour\\\/\"]}]},{\"@type\":\"ImageObject\",\"inLanguage\":\"en-US\",\"@id\":\"https:\\\/\\\/interkultur.fr\\\/en\\\/produit\\\/paris-food-tour\\\/#primaryimage\",\"url\":\"https:\\\/\\\/interkultur.fr\\\/wp-content\\\/uploads\\\/2024\\\/02\\\/Chocolate.jpg\",\"contentUrl\":\"https:\\\/\\\/interkultur.fr\\\/wp-content\\\/uploads\\\/2024\\\/02\\\/Chocolate.jpg\",\"width\":680,\"height\":510},{\"@type\":\"BreadcrumbList\",\"@id\":\"https:\\\/\\\/interkultur.fr\\\/en\\\/produit\\\/paris-food-tour\\\/#breadcrumb\",\"itemListElement\":[{\"@type\":\"ListItem\",\"position\":1,\"name\":\"Accueil\",\"item\":\"https:\\\/\\\/interkultur.fr\\\/en\\\/\"},{\"@type\":\"ListItem\",\"position\":2,\"name\":\"Shop\",\"item\":\"https:\\\/\\\/interkultur.fr\\\/en\\\/shop\\\/\"},{\"@type\":\"ListItem\",\"position\":3,\"name\":\"Paris food tour\"}]},{\"@type\":\"WebSite\",\"@id\":\"https:\\\/\\\/interkultur.fr\\\/en\\\/#website\",\"url\":\"https:\\\/\\\/interkultur.fr\\\/en\\\/\",\"name\":\"Interkultur\",\"description\":\"Visites et \u00e9v\u00e9nements culturels dans le Paris secret li\u00e9s \u00e0 l\u2019Histoire, l\u2019art, et la valorisation du patrimoine et des savoirs faire.\",\"potentialAction\":[{\"@type\":\"SearchAction\",\"target\":{\"@type\":\"EntryPoint\",\"urlTemplate\":\"https:\\\/\\\/interkultur.fr\\\/en\\\/?s={search_term_string}\"},\"query-input\":{\"@type\":\"PropertyValueSpecification\",\"valueRequired\":true,\"valueName\":\"search_term_string\"}}],\"inLanguage\":\"en-US\"}]}<\/script>\n<!-- \/ Yoast SEO plugin. -->","yoast_head_json":{"title":"Paris food tour - Interkultur","robots":{"index":"index","follow":"follow","max-snippet":"max-snippet:-1","max-image-preview":"max-image-preview:large","max-video-preview":"max-video-preview:-1"},"canonical":"https:\/\/interkultur.fr\/en\/produit\/paris-food-tour\/","og_locale":"en_US","og_type":"article","og_title":"Paris food tour - Interkultur","og_description":"Sample a wide variety of French food while exploring the chic Saint-Germain-des-Pr\u00e9s district on this walking tour. Taste everything from the most exquisite chocolate to freshly-baked patisseries. Make your own choices in a beautiful boulangerie (bakery) where your guide will help you understand the wide range of salty or sweet delicacies. In the end, finish the tour enjoying wine and cheese in a typical Parisian caf\u00e9 talking about the implications of art, socializing and food in daily French life!  Tour also available in the Marias or Montmartre","og_url":"https:\/\/interkultur.fr\/en\/produit\/paris-food-tour\/","og_site_name":"Interkultur","article_modified_time":"2024-02-11T17:51:30+00:00","og_image":[{"width":680,"height":510,"url":"https:\/\/interkultur.fr\/wp-content\/uploads\/2024\/02\/Chocolate.jpg","type":"image\/jpeg"}],"twitter_card":"summary_large_image","schema":{"@context":"https:\/\/schema.org","@graph":[{"@type":"WebPage","@id":"https:\/\/interkultur.fr\/en\/produit\/paris-food-tour\/","url":"https:\/\/interkultur.fr\/en\/produit\/paris-food-tour\/","name":"Paris food tour - Interkultur","isPartOf":{"@id":"https:\/\/interkultur.fr\/en\/#website"},"primaryImageOfPage":{"@id":"https:\/\/interkultur.fr\/en\/produit\/paris-food-tour\/#primaryimage"},"image":{"@id":"https:\/\/interkultur.fr\/en\/produit\/paris-food-tour\/#primaryimage"},"thumbnailUrl":"https:\/\/interkultur.fr\/wp-content\/uploads\/2024\/02\/Chocolate.jpg","datePublished":"2024-02-08T16:29:36+00:00","dateModified":"2024-02-11T17:51:30+00:00","breadcrumb":{"@id":"https:\/\/interkultur.fr\/en\/produit\/paris-food-tour\/#breadcrumb"},"inLanguage":"en-US","potentialAction":[{"@type":"ReadAction","target":["https:\/\/interkultur.fr\/en\/produit\/paris-food-tour\/"]}]},{"@type":"ImageObject","inLanguage":"en-US","@id":"https:\/\/interkultur.fr\/en\/produit\/paris-food-tour\/#primaryimage","url":"https:\/\/interkultur.fr\/wp-content\/uploads\/2024\/02\/Chocolate.jpg","contentUrl":"https:\/\/interkultur.fr\/wp-content\/uploads\/2024\/02\/Chocolate.jpg","width":680,"height":510},{"@type":"BreadcrumbList","@id":"https:\/\/interkultur.fr\/en\/produit\/paris-food-tour\/#breadcrumb","itemListElement":[{"@type":"ListItem","position":1,"name":"Accueil","item":"https:\/\/interkultur.fr\/en\/"},{"@type":"ListItem","position":2,"name":"Shop","item":"https:\/\/interkultur.fr\/en\/shop\/"},{"@type":"ListItem","position":3,"name":"Paris food tour"}]},{"@type":"WebSite","@id":"https:\/\/interkultur.fr\/en\/#website","url":"https:\/\/interkultur.fr\/en\/","name":"Interkultur","description":"Visites et \u00e9v\u00e9nements culturels dans le Paris secret li\u00e9s \u00e0 l\u2019Histoire, l\u2019art, et la valorisation du patrimoine et des savoirs faire.","potentialAction":[{"@type":"SearchAction","target":{"@type":"EntryPoint","urlTemplate":"https:\/\/interkultur.fr\/en\/?s={search_term_string}"},"query-input":{"@type":"PropertyValueSpecification","valueRequired":true,"valueName":"search_term_string"}}],"inLanguage":"en-US"}]}},"_links":{"self":[{"href":"https:\/\/interkultur.fr\/en\/wp-json\/wp\/v2\/product\/6408","targetHints":{"allow":["GET"]}}],"collection":[{"href":"https:\/\/interkultur.fr\/en\/wp-json\/wp\/v2\/product"}],"about":[{"href":"https:\/\/interkultur.fr\/en\/wp-json\/wp\/v2\/types\/product"}],"wp:featuredmedia":[{"embeddable":true,"href":"https:\/\/interkultur.fr\/en\/wp-json\/wp\/v2\/media\/6868"}],"wp:attachment":[{"href":"https:\/\/interkultur.fr\/en\/wp-json\/wp\/v2\/media?parent=6408"}],"wp:term":[{"taxonomy":"product_brand","embeddable":true,"href":"https:\/\/interkultur.fr\/en\/wp-json\/wp\/v2\/product_brand?post=6408"},{"taxonomy":"product_cat","embeddable":true,"href":"https:\/\/interkultur.fr\/en\/wp-json\/wp\/v2\/product_cat?post=6408"},{"taxonomy":"product_tag","embeddable":true,"href":"https:\/\/interkultur.fr\/en\/wp-json\/wp\/v2\/product_tag?post=6408"}],"curies":[{"name":"wp","href":"https:\/\/api.w.org\/{rel}","templated":true}]}}