{"id":6409,"date":"2024-02-08T17:31:32","date_gmt":"2024-02-08T16:31:32","guid":{"rendered":"https:\/\/interkultur.fr\/?post_type=product&#038;p=6409"},"modified":"2025-11-19T13:38:27","modified_gmt":"2025-11-19T12:38:27","slug":"highlights-of-paris-vip-custom-tour","status":"publish","type":"product","link":"https:\/\/interkultur.fr\/en\/produit\/highlights-of-paris-vip-custom-tour\/","title":{"rendered":"Highlights of Paris VIP custom tour"},"content":{"rendered":"<h2>Highlights of Paris custom VIP tour<\/h2>\n<p style=\"text-align: justify;\"><strong>Practical information<\/strong><\/p>\n<ul style=\"text-align: justify;\">\n<li>Location : on demand<\/li>\n<li>Duration : at will (6 to 8hrs)<\/li>\n<li>From 1 to 6 people<\/li>\n<li>Private car<\/li>\n<li>Options: Louvre museum, Eiffel Tower and Seine cruise tickets<\/li>\n<li><strong>Eiffel Tower tickets require a two-month notice\u00a0<\/strong><\/li>\n<li>250\u20ac-500\u20acpp + entrance tickets<\/li>\n<\/ul>\n<p>&nbsp;<\/p>\n<p style=\"text-align: justify;\"><a href=\"https:\/\/interkultur.fr\/en\/?attachment_id=14091\" rel=\"attachment wp-att-14091\"><img decoding=\"async\" class=\"alignleft size-thumbnail wp-image-14091\" src=\"https:\/\/interkultur.fr\/wp-content\/uploads\/2024\/02\/Notre-Dame-150x150.jpg\" alt=\"\" width=\"150\" height=\"150\" srcset=\"https:\/\/interkultur.fr\/wp-content\/uploads\/2024\/02\/Notre-Dame-66x66.jpg 66w, https:\/\/interkultur.fr\/wp-content\/uploads\/2024\/02\/Notre-Dame-150x150.jpg 150w, https:\/\/interkultur.fr\/wp-content\/uploads\/2024\/02\/Notre-Dame-200x200.jpg 200w, https:\/\/interkultur.fr\/wp-content\/uploads\/2024\/02\/Notre-Dame-500x500.jpg 500w\" sizes=\"(max-width: 150px) 100vw, 150px\" \/><\/a>Get the best of the city with this <strong>highlights of Paris VIP custom tour<\/strong> starting with a pick up at your hotel, organised with the guide and a private car. As decided beforehand, you&#8217;ll be taken around the French capital in order to discover its most famous landmarks.<\/p>\n<p>The car will leave the group for <strong>walking strips<\/strong> at the most interesting areas such as <strong>\u00eele de la Cit\u00e9<\/strong> (the main island) with <strong>Notre Dame cathedral<\/strong> and many other gems related to French history. Across the ancient palace of the king, the oldest bridge in Paris, the <strong>pont Neuf<\/strong> (the new bridge) provides one of the most beautiful panorama over the Seine river towards both sides of the city.<\/p>\n<p>On the other side of the bridge, the right bank offers immediately great sights, such as the <strong>Palais Royal gardens<\/strong> and of course, the vast <strong>Louvre museum<\/strong> complex, where a visit of the essential must sees will be proposed (alternative option: the Eiffel Tower), with skip the line tickets, during just under two hours.<\/p>\n<p><a href=\"https:\/\/interkultur.fr\/en\/?attachment_id=14093\" rel=\"attachment wp-att-14093\"><img decoding=\"async\" class=\"alignleft size-thumbnail wp-image-14093\" src=\"https:\/\/interkultur.fr\/wp-content\/uploads\/2024\/02\/Lunch-150x150.jpg\" alt=\"\" width=\"150\" height=\"150\" srcset=\"https:\/\/interkultur.fr\/wp-content\/uploads\/2024\/02\/Lunch-66x66.jpg 66w, https:\/\/interkultur.fr\/wp-content\/uploads\/2024\/02\/Lunch-150x150.jpg 150w, https:\/\/interkultur.fr\/wp-content\/uploads\/2024\/02\/Lunch-200x200.jpg 200w, https:\/\/interkultur.fr\/wp-content\/uploads\/2024\/02\/Lunch-500x500.jpg 500w\" sizes=\"(max-width: 150px) 100vw, 150px\" \/><\/a>Lunch can be arranged on site or in a different neighborhood with the car remaining available throughout the day.<br \/>\nOther great neighborhoods include <strong>the Marais<\/strong>, with amazing aristocratic mansions turned into foundations or museums, the Jewish district and many art galleries or countless fashion boutiques. <strong>Montmartre<\/strong> is the other essential district, with unique views, the Sacr\u00e9 Coeur church, and the &#8220;Boh\u00e8me&#8221;, artistic life at the start of the 20th century, not mentioning the typical caf\u00e9s and restaurants.<\/p>\n<p>A <strong>cruise on the Seine<\/strong> is also available (tickets will be pre-purchased) in order to admire nearly all of Paris landmarks located on both sides of the river, listed on <strong>UNESCO<\/strong> heritage.<\/p>\n<p><a href=\"https:\/\/interkultur.fr\/en\/?attachment_id=14089\" rel=\"attachment wp-att-14089\"><img decoding=\"async\" class=\"alignleft size-thumbnail wp-image-14089\" src=\"https:\/\/interkultur.fr\/wp-content\/uploads\/2024\/02\/Couple-croisiere-1-150x150.jpg\" alt=\"\" width=\"150\" height=\"150\" srcset=\"https:\/\/interkultur.fr\/wp-content\/uploads\/2024\/02\/Couple-croisiere-1-66x66.jpg 66w, https:\/\/interkultur.fr\/wp-content\/uploads\/2024\/02\/Couple-croisiere-1-150x150.jpg 150w, https:\/\/interkultur.fr\/wp-content\/uploads\/2024\/02\/Couple-croisiere-1-200x200.jpg 200w, https:\/\/interkultur.fr\/wp-content\/uploads\/2024\/02\/Couple-croisiere-1-500x500.jpg 500w\" sizes=\"(max-width: 150px) 100vw, 150px\" \/><\/a><br \/>\nThe <strong>Eiffel Tower<\/strong> can be reached, either with the boat or by car. The visit takes two hours, including security checks (alternative option: Louvre museum). Note that convenient tickets need two months notice pre-purchase. You&#8217;ll be also taken to the other side of the river, where, facing the tower, the <strong>Trocadero square<\/strong> offers an interesting architectural insight into Art Deco Paris, as well as the best view to the Eiffel Tower.<\/p>\n<p style=\"text-align: justify;\">At the end of the day, your driver will take you back to your hotel.<\/p>\n<p>&nbsp;<\/p>\n<p>&nbsp;<\/p>\n","protected":false},"excerpt":{"rendered":"<p style=\"text-align: justify;\"><strong>Custom your day tour!<\/strong><br \/>\nThe best of Paris is on the agenda with the <strong>most famous monuments<\/strong>, <strong>neighborhoods and museums<\/strong>, as well as breaks for lunch or a drink whenever needed!<br \/>\nThis tour is especially designed for newcomers or all those who want to refresh their old memories with facts, anecdotes and <strong>amazing views!<\/strong><br \/>\nFrom Notre Dame cathedral on the Cit\u00e9 Island, the Latin Quarter, Montmartre, the Eiffel Tower and the Champs Elys\u00e9es&#8230; to Louvre museum and a cruise on the Seine river, you will get the best of the city enjoying the comfort of a <strong>private transportation<\/strong>.<br \/>\n<strong>Make your choice in the options and custom your day!<\/strong><\/p>\n<p><span style=\"color: #ff0000;\"><strong>Warning:<\/strong><\/span> Please note the Eiffel Tower requires a two month advance booking.<\/p>\n","protected":false},"featured_media":14095,"template":"","meta":{"_price":"","_stock":"","_tribe_ticket_header":"","_tribe_default_ticket_provider":"","_tribe_ticket_capacity":"0","_ticket_start_date":"","_ticket_end_date":"","_tribe_ticket_show_description":"","_tribe_ticket_show_not_going":false,"_tribe_ticket_use_global_stock":"","_tribe_ticket_global_stock_level":"","_global_stock_mode":"","_global_stock_cap":"","_tribe_rsvp_for_event":"","_tribe_ticket_going_count":"","_tribe_ticket_not_going_count":"","_tribe_tickets_list":"[]","_tribe_ticket_has_attendee_info_fields":false,"_tec_slr_enabled":"","_tec_slr_layout":""},"product_brand":[],"product_cat":[143],"product_tag":[],"class_list":{"0":"post-6409","1":"product","2":"type-product","3":"status-publish","4":"has-post-thumbnail","6":"product_cat-visit-paris","8":"first","9":"instock","10":"featured","11":"virtual","12":"product-type-simple"},"yoast_head":"<!-- This site is optimized with the Yoast SEO plugin v27.5 - https:\/\/yoast.com\/product\/yoast-seo-wordpress\/ -->\n<title>Highlights of Paris VIP custom tour - Interkultur<\/title>\n<meta name=\"description\" content=\"Custom your day tour with the highlights of Paris with a guide and private transportation all day. See the best attractions with Interkultur Paris\" \/>\n<meta name=\"robots\" content=\"index, follow, max-snippet:-1, max-image-preview:large, max-video-preview:-1\" \/>\n<link rel=\"canonical\" href=\"https:\/\/interkultur.fr\/en\/produit\/highlights-of-paris-vip-custom-tour\/\" \/>\n<meta property=\"og:locale\" content=\"en_US\" \/>\n<meta property=\"og:type\" content=\"article\" \/>\n<meta property=\"og:title\" content=\"Highlights of Paris VIP custom tour - Interkultur\" \/>\n<meta property=\"og:description\" content=\"Custom your day tour with the highlights of Paris with a guide and private transportation all day. See the best attractions with Interkultur Paris\" \/>\n<meta property=\"og:url\" content=\"https:\/\/interkultur.fr\/en\/produit\/highlights-of-paris-vip-custom-tour\/\" \/>\n<meta property=\"og:site_name\" content=\"Interkultur\" \/>\n<meta property=\"article:modified_time\" content=\"2025-11-19T12:38:27+00:00\" \/>\n<meta property=\"og:image\" content=\"https:\/\/interkultur.fr\/wp-content\/uploads\/2024\/02\/Luxury-shopping.jpg\" \/>\n\t<meta property=\"og:image:width\" content=\"510\" \/>\n\t<meta property=\"og:image:height\" content=\"680\" \/>\n\t<meta property=\"og:image:type\" content=\"image\/jpeg\" \/>\n<meta name=\"twitter:card\" content=\"summary_large_image\" \/>\n<script type=\"application\/ld+json\" class=\"yoast-schema-graph\">{\"@context\":\"https:\\\/\\\/schema.org\",\"@graph\":[{\"@type\":\"WebPage\",\"@id\":\"https:\\\/\\\/interkultur.fr\\\/en\\\/produit\\\/highlights-of-paris-vip-custom-tour\\\/\",\"url\":\"https:\\\/\\\/interkultur.fr\\\/en\\\/produit\\\/highlights-of-paris-vip-custom-tour\\\/\",\"name\":\"Highlights of Paris VIP custom tour - Interkultur\",\"isPartOf\":{\"@id\":\"https:\\\/\\\/interkultur.fr\\\/en\\\/#website\"},\"primaryImageOfPage\":{\"@id\":\"https:\\\/\\\/interkultur.fr\\\/en\\\/produit\\\/highlights-of-paris-vip-custom-tour\\\/#primaryimage\"},\"image\":{\"@id\":\"https:\\\/\\\/interkultur.fr\\\/en\\\/produit\\\/highlights-of-paris-vip-custom-tour\\\/#primaryimage\"},\"thumbnailUrl\":\"https:\\\/\\\/interkultur.fr\\\/wp-content\\\/uploads\\\/2024\\\/02\\\/Luxury-shopping.jpg\",\"datePublished\":\"2024-02-08T16:31:32+00:00\",\"dateModified\":\"2025-11-19T12:38:27+00:00\",\"description\":\"Custom your day tour with the highlights of Paris with a guide and private transportation all day. See the best attractions with Interkultur Paris\",\"breadcrumb\":{\"@id\":\"https:\\\/\\\/interkultur.fr\\\/en\\\/produit\\\/highlights-of-paris-vip-custom-tour\\\/#breadcrumb\"},\"inLanguage\":\"en-US\",\"potentialAction\":[{\"@type\":\"ReadAction\",\"target\":[\"https:\\\/\\\/interkultur.fr\\\/en\\\/produit\\\/highlights-of-paris-vip-custom-tour\\\/\"]}]},{\"@type\":\"ImageObject\",\"inLanguage\":\"en-US\",\"@id\":\"https:\\\/\\\/interkultur.fr\\\/en\\\/produit\\\/highlights-of-paris-vip-custom-tour\\\/#primaryimage\",\"url\":\"https:\\\/\\\/interkultur.fr\\\/wp-content\\\/uploads\\\/2024\\\/02\\\/Luxury-shopping.jpg\",\"contentUrl\":\"https:\\\/\\\/interkultur.fr\\\/wp-content\\\/uploads\\\/2024\\\/02\\\/Luxury-shopping.jpg\",\"width\":510,\"height\":680},{\"@type\":\"BreadcrumbList\",\"@id\":\"https:\\\/\\\/interkultur.fr\\\/en\\\/produit\\\/highlights-of-paris-vip-custom-tour\\\/#breadcrumb\",\"itemListElement\":[{\"@type\":\"ListItem\",\"position\":1,\"name\":\"Accueil\",\"item\":\"https:\\\/\\\/interkultur.fr\\\/en\\\/\"},{\"@type\":\"ListItem\",\"position\":2,\"name\":\"Shop\",\"item\":\"https:\\\/\\\/interkultur.fr\\\/en\\\/shop\\\/\"},{\"@type\":\"ListItem\",\"position\":3,\"name\":\"Highlights of Paris VIP custom tour\"}]},{\"@type\":\"WebSite\",\"@id\":\"https:\\\/\\\/interkultur.fr\\\/en\\\/#website\",\"url\":\"https:\\\/\\\/interkultur.fr\\\/en\\\/\",\"name\":\"Interkultur\",\"description\":\"Visites et \u00e9v\u00e9nements culturels dans le Paris secret li\u00e9s \u00e0 l\u2019Histoire, l\u2019art, et la valorisation du patrimoine et des savoirs faire.\",\"potentialAction\":[{\"@type\":\"SearchAction\",\"target\":{\"@type\":\"EntryPoint\",\"urlTemplate\":\"https:\\\/\\\/interkultur.fr\\\/en\\\/?s={search_term_string}\"},\"query-input\":{\"@type\":\"PropertyValueSpecification\",\"valueRequired\":true,\"valueName\":\"search_term_string\"}}],\"inLanguage\":\"en-US\"}]}<\/script>\n<!-- \/ Yoast SEO plugin. -->","yoast_head_json":{"title":"Highlights of Paris VIP custom tour - Interkultur","description":"Custom your day tour with the highlights of Paris with a guide and private transportation all day. See the best attractions with Interkultur Paris","robots":{"index":"index","follow":"follow","max-snippet":"max-snippet:-1","max-image-preview":"max-image-preview:large","max-video-preview":"max-video-preview:-1"},"canonical":"https:\/\/interkultur.fr\/en\/produit\/highlights-of-paris-vip-custom-tour\/","og_locale":"en_US","og_type":"article","og_title":"Highlights of Paris VIP custom tour - Interkultur","og_description":"Custom your day tour with the highlights of Paris with a guide and private transportation all day. See the best attractions with Interkultur Paris","og_url":"https:\/\/interkultur.fr\/en\/produit\/highlights-of-paris-vip-custom-tour\/","og_site_name":"Interkultur","article_modified_time":"2025-11-19T12:38:27+00:00","og_image":[{"width":510,"height":680,"url":"https:\/\/interkultur.fr\/wp-content\/uploads\/2024\/02\/Luxury-shopping.jpg","type":"image\/jpeg"}],"twitter_card":"summary_large_image","schema":{"@context":"https:\/\/schema.org","@graph":[{"@type":"WebPage","@id":"https:\/\/interkultur.fr\/en\/produit\/highlights-of-paris-vip-custom-tour\/","url":"https:\/\/interkultur.fr\/en\/produit\/highlights-of-paris-vip-custom-tour\/","name":"Highlights of Paris VIP custom tour - Interkultur","isPartOf":{"@id":"https:\/\/interkultur.fr\/en\/#website"},"primaryImageOfPage":{"@id":"https:\/\/interkultur.fr\/en\/produit\/highlights-of-paris-vip-custom-tour\/#primaryimage"},"image":{"@id":"https:\/\/interkultur.fr\/en\/produit\/highlights-of-paris-vip-custom-tour\/#primaryimage"},"thumbnailUrl":"https:\/\/interkultur.fr\/wp-content\/uploads\/2024\/02\/Luxury-shopping.jpg","datePublished":"2024-02-08T16:31:32+00:00","dateModified":"2025-11-19T12:38:27+00:00","description":"Custom your day tour with the highlights of Paris with a guide and private transportation all day. See the best attractions with Interkultur Paris","breadcrumb":{"@id":"https:\/\/interkultur.fr\/en\/produit\/highlights-of-paris-vip-custom-tour\/#breadcrumb"},"inLanguage":"en-US","potentialAction":[{"@type":"ReadAction","target":["https:\/\/interkultur.fr\/en\/produit\/highlights-of-paris-vip-custom-tour\/"]}]},{"@type":"ImageObject","inLanguage":"en-US","@id":"https:\/\/interkultur.fr\/en\/produit\/highlights-of-paris-vip-custom-tour\/#primaryimage","url":"https:\/\/interkultur.fr\/wp-content\/uploads\/2024\/02\/Luxury-shopping.jpg","contentUrl":"https:\/\/interkultur.fr\/wp-content\/uploads\/2024\/02\/Luxury-shopping.jpg","width":510,"height":680},{"@type":"BreadcrumbList","@id":"https:\/\/interkultur.fr\/en\/produit\/highlights-of-paris-vip-custom-tour\/#breadcrumb","itemListElement":[{"@type":"ListItem","position":1,"name":"Accueil","item":"https:\/\/interkultur.fr\/en\/"},{"@type":"ListItem","position":2,"name":"Shop","item":"https:\/\/interkultur.fr\/en\/shop\/"},{"@type":"ListItem","position":3,"name":"Highlights of Paris VIP custom tour"}]},{"@type":"WebSite","@id":"https:\/\/interkultur.fr\/en\/#website","url":"https:\/\/interkultur.fr\/en\/","name":"Interkultur","description":"Visites et \u00e9v\u00e9nements culturels dans le Paris secret li\u00e9s \u00e0 l\u2019Histoire, l\u2019art, et la valorisation du patrimoine et des savoirs faire.","potentialAction":[{"@type":"SearchAction","target":{"@type":"EntryPoint","urlTemplate":"https:\/\/interkultur.fr\/en\/?s={search_term_string}"},"query-input":{"@type":"PropertyValueSpecification","valueRequired":true,"valueName":"search_term_string"}}],"inLanguage":"en-US"}]}},"_links":{"self":[{"href":"https:\/\/interkultur.fr\/en\/wp-json\/wp\/v2\/product\/6409","targetHints":{"allow":["GET"]}}],"collection":[{"href":"https:\/\/interkultur.fr\/en\/wp-json\/wp\/v2\/product"}],"about":[{"href":"https:\/\/interkultur.fr\/en\/wp-json\/wp\/v2\/types\/product"}],"wp:featuredmedia":[{"embeddable":true,"href":"https:\/\/interkultur.fr\/en\/wp-json\/wp\/v2\/media\/14095"}],"wp:attachment":[{"href":"https:\/\/interkultur.fr\/en\/wp-json\/wp\/v2\/media?parent=6409"}],"wp:term":[{"taxonomy":"product_brand","embeddable":true,"href":"https:\/\/interkultur.fr\/en\/wp-json\/wp\/v2\/product_brand?post=6409"},{"taxonomy":"product_cat","embeddable":true,"href":"https:\/\/interkultur.fr\/en\/wp-json\/wp\/v2\/product_cat?post=6409"},{"taxonomy":"product_tag","embeddable":true,"href":"https:\/\/interkultur.fr\/en\/wp-json\/wp\/v2\/product_tag?post=6409"}],"curies":[{"name":"wp","href":"https:\/\/api.w.org\/{rel}","templated":true}]}}