{"id":6429,"date":"2024-02-08T17:45:39","date_gmt":"2024-02-08T16:45:39","guid":{"rendered":"https:\/\/interkultur.fr\/?post_type=product&#038;p=6429"},"modified":"2024-02-11T01:09:12","modified_gmt":"2024-02-11T00:09:12","slug":"ancient-paris","status":"publish","type":"product","link":"https:\/\/interkultur.fr\/en\/produit\/ancient-paris\/","title":{"rendered":"Ancient Paris"},"content":{"rendered":"<h3>Follow the tracks of\u00a0the ancient Paris !<\/h3>\n<p><strong>Practical Informations<\/strong><br \/>\n\u2022 Meeting Point: M\u00e9tro Cit\u00e9 (line 4)<br \/>\n\u2022 Duration : 3h<br \/>\n\u2022 Walking tour (city bus ride if requested)<br \/>\n\u2022 Small group (up to 8 people) 50-80\u20ac pp + Museum ticket 9\u20acpp<br \/>\n\u2022 <strong>Private group tour<\/strong> at any date with booking in advance (270\u20ac)<br \/>\n\u2022 Incidentals: The archeological crypt of Notre Dame: 9\u20ac pp<br \/>\n\u2022 Option:\u00a0 mus\u00e9e de Cluny for Medieval History: 7\u20ac pp<\/p>\n<p style=\"text-align: justify;\">Paris is much older than the monuments of Louis XIV or the transformations of Haussmann may suggest. On the tracks of Ancient Paris, we&#8217;ll discover unsuspected elements of Parisian architecture.<\/p>\n<p style=\"text-align: justify;\">First, thanks to the visit of the <strong> crypt of Notre Dame<\/strong>, the primal defensive wall built in the 3rd century Paris will be revealed. The Cit\u00e9 island is shown, as in the time of the Gallic presence, the only territory occupied by Parisians, protected by the river and the walls hastily built.<\/p>\n<p style=\"text-align: justify;\">Impressive remains of houses, baths, streets, as well as the ancient port of Paris from Roman times are also visible.<br \/>\n<span style=\"line-height: 1.4em;\"> After a short walk towards the south of the city, we will discover, in the basement of a magnificent fifteenth century manor now home to the National Museum of the Middle Ages, the remains of the <strong>biggest baths<\/strong> built in Paris.<\/span><br \/>\nCovering an area of 6000 m\u00b2, they were so large they were used, despite their destruction as the first palace of the early franks kings in the fifth and sixth centuries. the main room, the frigidarium (cold water bath) is impressive. Several objects and statues, including the famous <strong> Boatmen&#8217;s pillar<\/strong>, are presented.<\/p>\n<p style=\"text-align: justify;\">A little further away, heading still towards the south, other tracks can be observed, including several pieces from the twelfth century ramparts, part of the <strong> Roman forum<\/strong>, or a huge slab the <strong> Roman road<\/strong> linking Lutetia (Paris) to Rome.<\/p>\n<p style=\"text-align: justify;\"><span style=\"line-height: 1.4em;\"> At the end of the tour, we will see the oldest visible site built in place: <strong>the Lutece Arenas<\/strong> erected in the first century and now hidden behind nineteen century blocks. Where some are now playing football and others practice bolca, Gladiators, sacrificed christians and wild beast were put on show on the sand at the center of the arena. Vivid traces can still be seen to picture these moments.<\/span><\/p>\n","protected":false},"excerpt":{"rendered":"<p>Paris is much older than one might at first think, at least twice as old as Notre Dame. Before the year 1000, there was, in this order: a Gallic settlement, a <strong>Roman city<\/strong>, and a Frankish royal capital\u2014visited by people such as <strong>Julius Caesar<\/strong>, Julian the Apostate, and Clovis the King of the Franks. Many vestiges of this ancient history are buried today beneath the streets of visible, modern part of town. From the \u00eele de la Cit\u00e9 to the ramparts of the 12th arrondissment, we will pass through the Roman Forum and baths before completing the tour at the famous <strong>Arenes de Lutece<\/strong> (Lutetia&#8217;s arenas).<\/p>\n","protected":false},"featured_media":6525,"template":"","meta":{"_price":"","_stock":"","_tribe_ticket_header":"","_tribe_default_ticket_provider":"","_tribe_ticket_capacity":"0","_ticket_start_date":"","_ticket_end_date":"","_tribe_ticket_show_description":"","_tribe_ticket_show_not_going":false,"_tribe_ticket_use_global_stock":"","_tribe_ticket_global_stock_level":"","_global_stock_mode":"","_global_stock_cap":"","_tribe_rsvp_for_event":"","_tribe_ticket_going_count":"","_tribe_ticket_not_going_count":"","_tribe_tickets_list":"[]","_tribe_ticket_has_attendee_info_fields":false,"_tec_slr_enabled":"","_tec_slr_layout":""},"product_brand":[],"product_cat":[143],"product_tag":[],"class_list":{"0":"post-6429","1":"product","2":"type-product","3":"status-publish","4":"has-post-thumbnail","6":"product_cat-visit-paris","8":"first","9":"instock","10":"featured","11":"virtual","12":"product-type-simple"},"yoast_head":"<!-- This site is optimized with the Yoast SEO plugin v27.5 - https:\/\/yoast.com\/product\/yoast-seo-wordpress\/ -->\n<title>Ancient Paris - Interkultur<\/title>\n<meta name=\"robots\" content=\"index, follow, max-snippet:-1, max-image-preview:large, max-video-preview:-1\" \/>\n<link rel=\"canonical\" href=\"https:\/\/interkultur.fr\/en\/produit\/ancient-paris\/\" \/>\n<meta property=\"og:locale\" content=\"en_US\" \/>\n<meta property=\"og:type\" content=\"article\" \/>\n<meta property=\"og:title\" content=\"Ancient Paris - Interkultur\" \/>\n<meta property=\"og:description\" content=\"Paris is much older than one might at first think, at least twice as old as Notre Dame. Before the year 1000, there was, in this order: a Gallic settlement, a Roman city, and a Frankish royal capital\u2014visited by people such as Julius Caesar, Julian the Apostate, and Clovis the King of the Franks. Many vestiges of this ancient history are buried today beneath the streets of visible, modern part of town. From the \u00eele de la Cit\u00e9 to the ramparts of the 12th arrondissment, we will pass through the Roman Forum and baths before completing the tour at the famous Arenes de Lutece (Lutetia&#039;s arenas).\" \/>\n<meta property=\"og:url\" content=\"https:\/\/interkultur.fr\/en\/produit\/ancient-paris\/\" \/>\n<meta property=\"og:site_name\" content=\"Interkultur\" \/>\n<meta property=\"article:modified_time\" content=\"2024-02-11T00:09:12+00:00\" \/>\n<meta property=\"og:image\" content=\"https:\/\/interkultur.fr\/wp-content\/uploads\/2024\/02\/Le-Pilier-des-Nautes.jpg\" \/>\n\t<meta property=\"og:image:width\" content=\"1284\" \/>\n\t<meta property=\"og:image:height\" content=\"1439\" \/>\n\t<meta property=\"og:image:type\" content=\"image\/jpeg\" \/>\n<meta name=\"twitter:card\" content=\"summary_large_image\" \/>\n<script type=\"application\/ld+json\" class=\"yoast-schema-graph\">{\"@context\":\"https:\\\/\\\/schema.org\",\"@graph\":[{\"@type\":\"WebPage\",\"@id\":\"https:\\\/\\\/interkultur.fr\\\/en\\\/produit\\\/ancient-paris\\\/\",\"url\":\"https:\\\/\\\/interkultur.fr\\\/en\\\/produit\\\/ancient-paris\\\/\",\"name\":\"Ancient Paris - Interkultur\",\"isPartOf\":{\"@id\":\"https:\\\/\\\/interkultur.fr\\\/en\\\/#website\"},\"primaryImageOfPage\":{\"@id\":\"https:\\\/\\\/interkultur.fr\\\/en\\\/produit\\\/ancient-paris\\\/#primaryimage\"},\"image\":{\"@id\":\"https:\\\/\\\/interkultur.fr\\\/en\\\/produit\\\/ancient-paris\\\/#primaryimage\"},\"thumbnailUrl\":\"https:\\\/\\\/interkultur.fr\\\/wp-content\\\/uploads\\\/2024\\\/02\\\/Le-Pilier-des-Nautes.jpg\",\"datePublished\":\"2024-02-08T16:45:39+00:00\",\"dateModified\":\"2024-02-11T00:09:12+00:00\",\"breadcrumb\":{\"@id\":\"https:\\\/\\\/interkultur.fr\\\/en\\\/produit\\\/ancient-paris\\\/#breadcrumb\"},\"inLanguage\":\"en-US\",\"potentialAction\":[{\"@type\":\"ReadAction\",\"target\":[\"https:\\\/\\\/interkultur.fr\\\/en\\\/produit\\\/ancient-paris\\\/\"]}]},{\"@type\":\"ImageObject\",\"inLanguage\":\"en-US\",\"@id\":\"https:\\\/\\\/interkultur.fr\\\/en\\\/produit\\\/ancient-paris\\\/#primaryimage\",\"url\":\"https:\\\/\\\/interkultur.fr\\\/wp-content\\\/uploads\\\/2024\\\/02\\\/Le-Pilier-des-Nautes.jpg\",\"contentUrl\":\"https:\\\/\\\/interkultur.fr\\\/wp-content\\\/uploads\\\/2024\\\/02\\\/Le-Pilier-des-Nautes.jpg\",\"width\":1284,\"height\":1439},{\"@type\":\"BreadcrumbList\",\"@id\":\"https:\\\/\\\/interkultur.fr\\\/en\\\/produit\\\/ancient-paris\\\/#breadcrumb\",\"itemListElement\":[{\"@type\":\"ListItem\",\"position\":1,\"name\":\"Accueil\",\"item\":\"https:\\\/\\\/interkultur.fr\\\/en\\\/\"},{\"@type\":\"ListItem\",\"position\":2,\"name\":\"Shop\",\"item\":\"https:\\\/\\\/interkultur.fr\\\/en\\\/shop\\\/\"},{\"@type\":\"ListItem\",\"position\":3,\"name\":\"Ancient Paris\"}]},{\"@type\":\"WebSite\",\"@id\":\"https:\\\/\\\/interkultur.fr\\\/en\\\/#website\",\"url\":\"https:\\\/\\\/interkultur.fr\\\/en\\\/\",\"name\":\"Interkultur\",\"description\":\"Visites et \u00e9v\u00e9nements culturels dans le Paris secret li\u00e9s \u00e0 l\u2019Histoire, l\u2019art, et la valorisation du patrimoine et des savoirs faire.\",\"potentialAction\":[{\"@type\":\"SearchAction\",\"target\":{\"@type\":\"EntryPoint\",\"urlTemplate\":\"https:\\\/\\\/interkultur.fr\\\/en\\\/?s={search_term_string}\"},\"query-input\":{\"@type\":\"PropertyValueSpecification\",\"valueRequired\":true,\"valueName\":\"search_term_string\"}}],\"inLanguage\":\"en-US\"}]}<\/script>\n<!-- \/ Yoast SEO plugin. -->","yoast_head_json":{"title":"Ancient Paris - Interkultur","robots":{"index":"index","follow":"follow","max-snippet":"max-snippet:-1","max-image-preview":"max-image-preview:large","max-video-preview":"max-video-preview:-1"},"canonical":"https:\/\/interkultur.fr\/en\/produit\/ancient-paris\/","og_locale":"en_US","og_type":"article","og_title":"Ancient Paris - Interkultur","og_description":"Paris is much older than one might at first think, at least twice as old as Notre Dame. Before the year 1000, there was, in this order: a Gallic settlement, a Roman city, and a Frankish royal capital\u2014visited by people such as Julius Caesar, Julian the Apostate, and Clovis the King of the Franks. Many vestiges of this ancient history are buried today beneath the streets of visible, modern part of town. From the \u00eele de la Cit\u00e9 to the ramparts of the 12th arrondissment, we will pass through the Roman Forum and baths before completing the tour at the famous Arenes de Lutece (Lutetia's arenas).","og_url":"https:\/\/interkultur.fr\/en\/produit\/ancient-paris\/","og_site_name":"Interkultur","article_modified_time":"2024-02-11T00:09:12+00:00","og_image":[{"width":1284,"height":1439,"url":"https:\/\/interkultur.fr\/wp-content\/uploads\/2024\/02\/Le-Pilier-des-Nautes.jpg","type":"image\/jpeg"}],"twitter_card":"summary_large_image","schema":{"@context":"https:\/\/schema.org","@graph":[{"@type":"WebPage","@id":"https:\/\/interkultur.fr\/en\/produit\/ancient-paris\/","url":"https:\/\/interkultur.fr\/en\/produit\/ancient-paris\/","name":"Ancient Paris - Interkultur","isPartOf":{"@id":"https:\/\/interkultur.fr\/en\/#website"},"primaryImageOfPage":{"@id":"https:\/\/interkultur.fr\/en\/produit\/ancient-paris\/#primaryimage"},"image":{"@id":"https:\/\/interkultur.fr\/en\/produit\/ancient-paris\/#primaryimage"},"thumbnailUrl":"https:\/\/interkultur.fr\/wp-content\/uploads\/2024\/02\/Le-Pilier-des-Nautes.jpg","datePublished":"2024-02-08T16:45:39+00:00","dateModified":"2024-02-11T00:09:12+00:00","breadcrumb":{"@id":"https:\/\/interkultur.fr\/en\/produit\/ancient-paris\/#breadcrumb"},"inLanguage":"en-US","potentialAction":[{"@type":"ReadAction","target":["https:\/\/interkultur.fr\/en\/produit\/ancient-paris\/"]}]},{"@type":"ImageObject","inLanguage":"en-US","@id":"https:\/\/interkultur.fr\/en\/produit\/ancient-paris\/#primaryimage","url":"https:\/\/interkultur.fr\/wp-content\/uploads\/2024\/02\/Le-Pilier-des-Nautes.jpg","contentUrl":"https:\/\/interkultur.fr\/wp-content\/uploads\/2024\/02\/Le-Pilier-des-Nautes.jpg","width":1284,"height":1439},{"@type":"BreadcrumbList","@id":"https:\/\/interkultur.fr\/en\/produit\/ancient-paris\/#breadcrumb","itemListElement":[{"@type":"ListItem","position":1,"name":"Accueil","item":"https:\/\/interkultur.fr\/en\/"},{"@type":"ListItem","position":2,"name":"Shop","item":"https:\/\/interkultur.fr\/en\/shop\/"},{"@type":"ListItem","position":3,"name":"Ancient Paris"}]},{"@type":"WebSite","@id":"https:\/\/interkultur.fr\/en\/#website","url":"https:\/\/interkultur.fr\/en\/","name":"Interkultur","description":"Visites et \u00e9v\u00e9nements culturels dans le Paris secret li\u00e9s \u00e0 l\u2019Histoire, l\u2019art, et la valorisation du patrimoine et des savoirs faire.","potentialAction":[{"@type":"SearchAction","target":{"@type":"EntryPoint","urlTemplate":"https:\/\/interkultur.fr\/en\/?s={search_term_string}"},"query-input":{"@type":"PropertyValueSpecification","valueRequired":true,"valueName":"search_term_string"}}],"inLanguage":"en-US"}]}},"_links":{"self":[{"href":"https:\/\/interkultur.fr\/en\/wp-json\/wp\/v2\/product\/6429","targetHints":{"allow":["GET"]}}],"collection":[{"href":"https:\/\/interkultur.fr\/en\/wp-json\/wp\/v2\/product"}],"about":[{"href":"https:\/\/interkultur.fr\/en\/wp-json\/wp\/v2\/types\/product"}],"wp:featuredmedia":[{"embeddable":true,"href":"https:\/\/interkultur.fr\/en\/wp-json\/wp\/v2\/media\/6525"}],"wp:attachment":[{"href":"https:\/\/interkultur.fr\/en\/wp-json\/wp\/v2\/media?parent=6429"}],"wp:term":[{"taxonomy":"product_brand","embeddable":true,"href":"https:\/\/interkultur.fr\/en\/wp-json\/wp\/v2\/product_brand?post=6429"},{"taxonomy":"product_cat","embeddable":true,"href":"https:\/\/interkultur.fr\/en\/wp-json\/wp\/v2\/product_cat?post=6429"},{"taxonomy":"product_tag","embeddable":true,"href":"https:\/\/interkultur.fr\/en\/wp-json\/wp\/v2\/product_tag?post=6429"}],"curies":[{"name":"wp","href":"https:\/\/api.w.org\/{rel}","templated":true}]}}