{"id":6430,"date":"2024-02-08T17:49:22","date_gmt":"2024-02-08T16:49:22","guid":{"rendered":"https:\/\/interkultur.fr\/?post_type=product&#038;p=6430"},"modified":"2024-02-11T19:05:16","modified_gmt":"2024-02-11T18:05:16","slug":"paris-prestige","status":"publish","type":"product","link":"https:\/\/interkultur.fr\/en\/produit\/paris-prestige\/","title":{"rendered":"Paris Prestige"},"content":{"rendered":"<h3>Explore Paris Prestige !<\/h3>\n<p><strong>Practical Information<\/strong><br \/>\n\u2022 Meeting Point: M\u00e9tro Palais Royal mus\u00e9e du Louvre (line 1, 7)<br \/>\nNext to Marionnaud store<br \/>\n\u2022 Duration : 2h<br \/>\n\u2022 Walk and metro<br \/>\n\u2022 Small group (up to 8 people) 50-80\u20ac pp<br \/>\n\u2022 Private group tour\u00a0at any date (270\u20ac\/group) + tickets on top<\/p>\n<p>&nbsp;<\/p>\n<p style=\"text-align: justify;\">This Paris prestige tour begins at Place du <strong>Palais Royal<\/strong>. Here, you will learn about all the secrets and stories associated with this highly historic site before traveling outside the <strong>Louvre palace<\/strong> with some unexpected views (no museum visit). The route then takes us through the exit by the Carrousel square and the <strong>Tuileries gardens<\/strong>, famous for their original historical anecdotes, sculptures, as well as mysterious and numerous hidden corners. After, we will discover the <strong>Place de la Concorde<\/strong>, the largest square in Europe under the Ancien\u00a0Regime, with stories, secrets, and monuments all around. Finally, we will peruse the <strong>Champs Elysees<\/strong>, the most beautiful and famous avenue in the world, taking a moment to enjoy its famous landmarks, department stores, luxury boutiques, and also its most hidden and lesser-known buildings.<\/p>\n<p style=\"text-align: justify;\">We will take a short break in a <strong>hidden cafe <\/strong> in the courtyard of a museum, found in a magical and delightful green space, quiet and sheltered from the din of the big city.<br \/>\nOur tour will finish at the top of the avenue, at the base of the <strong>Arc de Triomphe<\/strong>, one of the most famous monuments of the City of Lights, which offers views of La Defense, the Eiffel Tower, and by itself, covers two centuries of exciting French history.<\/p>\n","protected":false},"excerpt":{"rendered":"<p>Discover mythical streets and monuments of Paris through an enchanting walk <strong>between the Royal Palace<\/strong> <strong>and the Arc de Triomphe<\/strong>. The history and architecture of these places will be explored during this walk, revealing its many <strong>hidden secrets<\/strong> and <strong>unknown anecdotes<\/strong>. We will move along the central avenue, which formulates part of the part of the long, linear perspective of the grand boulevards of Paris to business district la D\u00e9fense.<\/p>\n","protected":false},"featured_media":6744,"template":"","meta":{"_price":"","_stock":"","_tribe_ticket_header":"","_tribe_default_ticket_provider":"","_tribe_ticket_capacity":"0","_ticket_start_date":"","_ticket_end_date":"","_tribe_ticket_show_description":"","_tribe_ticket_show_not_going":false,"_tribe_ticket_use_global_stock":"","_tribe_ticket_global_stock_level":"","_global_stock_mode":"","_global_stock_cap":"","_tribe_rsvp_for_event":"","_tribe_ticket_going_count":"","_tribe_ticket_not_going_count":"","_tribe_tickets_list":"[]","_tribe_ticket_has_attendee_info_fields":false,"_tec_slr_enabled":"","_tec_slr_layout":""},"product_brand":[],"product_cat":[143],"product_tag":[],"class_list":{"0":"post-6430","1":"product","2":"type-product","3":"status-publish","4":"has-post-thumbnail","6":"product_cat-visit-paris","8":"first","9":"instock","10":"featured","11":"virtual","12":"product-type-simple"},"yoast_head":"<!-- This site is optimized with the Yoast SEO plugin v27.4 - https:\/\/yoast.com\/product\/yoast-seo-wordpress\/ -->\n<title>Paris Prestige - Interkultur<\/title>\n<meta name=\"robots\" content=\"index, follow, max-snippet:-1, max-image-preview:large, max-video-preview:-1\" \/>\n<link rel=\"canonical\" href=\"https:\/\/interkultur.fr\/en\/produit\/paris-prestige\/\" \/>\n<meta property=\"og:locale\" content=\"en_US\" \/>\n<meta property=\"og:type\" content=\"article\" \/>\n<meta property=\"og:title\" content=\"Paris Prestige - Interkultur\" \/>\n<meta property=\"og:description\" content=\"Discover mythical streets and monuments of Paris through an enchanting walk between the Royal Palace and the Arc de Triomphe. The history and architecture of these places will be explored during this walk, revealing its many hidden secrets and unknown anecdotes. We will move along the central avenue, which formulates part of the part of the long, linear perspective of the grand boulevards of Paris to business district la D\u00e9fense.\" \/>\n<meta property=\"og:url\" content=\"https:\/\/interkultur.fr\/en\/produit\/paris-prestige\/\" \/>\n<meta property=\"og:site_name\" content=\"Interkultur\" \/>\n<meta property=\"article:modified_time\" content=\"2024-02-11T18:05:16+00:00\" \/>\n<meta property=\"og:image\" content=\"https:\/\/interkultur.fr\/wp-content\/uploads\/2024\/02\/arc.jpg\" \/>\n\t<meta property=\"og:image:width\" content=\"960\" \/>\n\t<meta property=\"og:image:height\" content=\"636\" \/>\n\t<meta property=\"og:image:type\" content=\"image\/jpeg\" \/>\n<meta name=\"twitter:card\" content=\"summary_large_image\" \/>\n<script type=\"application\/ld+json\" class=\"yoast-schema-graph\">{\"@context\":\"https:\\\/\\\/schema.org\",\"@graph\":[{\"@type\":\"WebPage\",\"@id\":\"https:\\\/\\\/interkultur.fr\\\/en\\\/produit\\\/paris-prestige\\\/\",\"url\":\"https:\\\/\\\/interkultur.fr\\\/en\\\/produit\\\/paris-prestige\\\/\",\"name\":\"Paris Prestige - Interkultur\",\"isPartOf\":{\"@id\":\"https:\\\/\\\/interkultur.fr\\\/en\\\/#website\"},\"primaryImageOfPage\":{\"@id\":\"https:\\\/\\\/interkultur.fr\\\/en\\\/produit\\\/paris-prestige\\\/#primaryimage\"},\"image\":{\"@id\":\"https:\\\/\\\/interkultur.fr\\\/en\\\/produit\\\/paris-prestige\\\/#primaryimage\"},\"thumbnailUrl\":\"https:\\\/\\\/interkultur.fr\\\/wp-content\\\/uploads\\\/2024\\\/02\\\/arc.jpg\",\"datePublished\":\"2024-02-08T16:49:22+00:00\",\"dateModified\":\"2024-02-11T18:05:16+00:00\",\"breadcrumb\":{\"@id\":\"https:\\\/\\\/interkultur.fr\\\/en\\\/produit\\\/paris-prestige\\\/#breadcrumb\"},\"inLanguage\":\"en-US\",\"potentialAction\":[{\"@type\":\"ReadAction\",\"target\":[\"https:\\\/\\\/interkultur.fr\\\/en\\\/produit\\\/paris-prestige\\\/\"]}]},{\"@type\":\"ImageObject\",\"inLanguage\":\"en-US\",\"@id\":\"https:\\\/\\\/interkultur.fr\\\/en\\\/produit\\\/paris-prestige\\\/#primaryimage\",\"url\":\"https:\\\/\\\/interkultur.fr\\\/wp-content\\\/uploads\\\/2024\\\/02\\\/arc.jpg\",\"contentUrl\":\"https:\\\/\\\/interkultur.fr\\\/wp-content\\\/uploads\\\/2024\\\/02\\\/arc.jpg\",\"width\":960,\"height\":636},{\"@type\":\"BreadcrumbList\",\"@id\":\"https:\\\/\\\/interkultur.fr\\\/en\\\/produit\\\/paris-prestige\\\/#breadcrumb\",\"itemListElement\":[{\"@type\":\"ListItem\",\"position\":1,\"name\":\"Accueil\",\"item\":\"https:\\\/\\\/interkultur.fr\\\/en\\\/\"},{\"@type\":\"ListItem\",\"position\":2,\"name\":\"Shop\",\"item\":\"https:\\\/\\\/interkultur.fr\\\/en\\\/shop\\\/\"},{\"@type\":\"ListItem\",\"position\":3,\"name\":\"Paris Prestige\"}]},{\"@type\":\"WebSite\",\"@id\":\"https:\\\/\\\/interkultur.fr\\\/en\\\/#website\",\"url\":\"https:\\\/\\\/interkultur.fr\\\/en\\\/\",\"name\":\"Interkultur\",\"description\":\"Visites et \u00e9v\u00e9nements culturels dans le Paris secret li\u00e9s \u00e0 l\u2019Histoire, l\u2019art, et la valorisation du patrimoine et des savoirs faire.\",\"potentialAction\":[{\"@type\":\"SearchAction\",\"target\":{\"@type\":\"EntryPoint\",\"urlTemplate\":\"https:\\\/\\\/interkultur.fr\\\/en\\\/?s={search_term_string}\"},\"query-input\":{\"@type\":\"PropertyValueSpecification\",\"valueRequired\":true,\"valueName\":\"search_term_string\"}}],\"inLanguage\":\"en-US\"}]}<\/script>\n<!-- \/ Yoast SEO plugin. -->","yoast_head_json":{"title":"Paris Prestige - Interkultur","robots":{"index":"index","follow":"follow","max-snippet":"max-snippet:-1","max-image-preview":"max-image-preview:large","max-video-preview":"max-video-preview:-1"},"canonical":"https:\/\/interkultur.fr\/en\/produit\/paris-prestige\/","og_locale":"en_US","og_type":"article","og_title":"Paris Prestige - Interkultur","og_description":"Discover mythical streets and monuments of Paris through an enchanting walk between the Royal Palace and the Arc de Triomphe. The history and architecture of these places will be explored during this walk, revealing its many hidden secrets and unknown anecdotes. We will move along the central avenue, which formulates part of the part of the long, linear perspective of the grand boulevards of Paris to business district la D\u00e9fense.","og_url":"https:\/\/interkultur.fr\/en\/produit\/paris-prestige\/","og_site_name":"Interkultur","article_modified_time":"2024-02-11T18:05:16+00:00","og_image":[{"width":960,"height":636,"url":"https:\/\/interkultur.fr\/wp-content\/uploads\/2024\/02\/arc.jpg","type":"image\/jpeg"}],"twitter_card":"summary_large_image","schema":{"@context":"https:\/\/schema.org","@graph":[{"@type":"WebPage","@id":"https:\/\/interkultur.fr\/en\/produit\/paris-prestige\/","url":"https:\/\/interkultur.fr\/en\/produit\/paris-prestige\/","name":"Paris Prestige - Interkultur","isPartOf":{"@id":"https:\/\/interkultur.fr\/en\/#website"},"primaryImageOfPage":{"@id":"https:\/\/interkultur.fr\/en\/produit\/paris-prestige\/#primaryimage"},"image":{"@id":"https:\/\/interkultur.fr\/en\/produit\/paris-prestige\/#primaryimage"},"thumbnailUrl":"https:\/\/interkultur.fr\/wp-content\/uploads\/2024\/02\/arc.jpg","datePublished":"2024-02-08T16:49:22+00:00","dateModified":"2024-02-11T18:05:16+00:00","breadcrumb":{"@id":"https:\/\/interkultur.fr\/en\/produit\/paris-prestige\/#breadcrumb"},"inLanguage":"en-US","potentialAction":[{"@type":"ReadAction","target":["https:\/\/interkultur.fr\/en\/produit\/paris-prestige\/"]}]},{"@type":"ImageObject","inLanguage":"en-US","@id":"https:\/\/interkultur.fr\/en\/produit\/paris-prestige\/#primaryimage","url":"https:\/\/interkultur.fr\/wp-content\/uploads\/2024\/02\/arc.jpg","contentUrl":"https:\/\/interkultur.fr\/wp-content\/uploads\/2024\/02\/arc.jpg","width":960,"height":636},{"@type":"BreadcrumbList","@id":"https:\/\/interkultur.fr\/en\/produit\/paris-prestige\/#breadcrumb","itemListElement":[{"@type":"ListItem","position":1,"name":"Accueil","item":"https:\/\/interkultur.fr\/en\/"},{"@type":"ListItem","position":2,"name":"Shop","item":"https:\/\/interkultur.fr\/en\/shop\/"},{"@type":"ListItem","position":3,"name":"Paris Prestige"}]},{"@type":"WebSite","@id":"https:\/\/interkultur.fr\/en\/#website","url":"https:\/\/interkultur.fr\/en\/","name":"Interkultur","description":"Visites et \u00e9v\u00e9nements culturels dans le Paris secret li\u00e9s \u00e0 l\u2019Histoire, l\u2019art, et la valorisation du patrimoine et des savoirs faire.","potentialAction":[{"@type":"SearchAction","target":{"@type":"EntryPoint","urlTemplate":"https:\/\/interkultur.fr\/en\/?s={search_term_string}"},"query-input":{"@type":"PropertyValueSpecification","valueRequired":true,"valueName":"search_term_string"}}],"inLanguage":"en-US"}]}},"_links":{"self":[{"href":"https:\/\/interkultur.fr\/en\/wp-json\/wp\/v2\/product\/6430","targetHints":{"allow":["GET"]}}],"collection":[{"href":"https:\/\/interkultur.fr\/en\/wp-json\/wp\/v2\/product"}],"about":[{"href":"https:\/\/interkultur.fr\/en\/wp-json\/wp\/v2\/types\/product"}],"wp:featuredmedia":[{"embeddable":true,"href":"https:\/\/interkultur.fr\/en\/wp-json\/wp\/v2\/media\/6744"}],"wp:attachment":[{"href":"https:\/\/interkultur.fr\/en\/wp-json\/wp\/v2\/media?parent=6430"}],"wp:term":[{"taxonomy":"product_brand","embeddable":true,"href":"https:\/\/interkultur.fr\/en\/wp-json\/wp\/v2\/product_brand?post=6430"},{"taxonomy":"product_cat","embeddable":true,"href":"https:\/\/interkultur.fr\/en\/wp-json\/wp\/v2\/product_cat?post=6430"},{"taxonomy":"product_tag","embeddable":true,"href":"https:\/\/interkultur.fr\/en\/wp-json\/wp\/v2\/product_tag?post=6430"}],"curies":[{"name":"wp","href":"https:\/\/api.w.org\/{rel}","templated":true}]}}