{"id":6432,"date":"2024-02-06T17:13:18","date_gmt":"2024-02-06T16:13:18","guid":{"rendered":"https:\/\/interkultur.fr\/?post_type=product&#038;p=6432"},"modified":"2024-02-11T17:34:39","modified_gmt":"2024-02-11T16:34:39","slug":"magic-monceau","status":"publish","type":"product","link":"https:\/\/interkultur.fr\/en\/produit\/magic-monceau\/","title":{"rendered":"Magic Monceau"},"content":{"rendered":"<h2>Magic Monceau<\/h2>\n<p><strong>Practical informations<\/strong><\/p>\n<ul>\n<li>Location : M\u00e9tro Monceau (line 2)<\/li>\n<li>Duration : 2h15<\/li>\n<li>Walking tour<\/li>\n<li>Small group (up to 8 people) 50-80\u20ac pp<\/li>\n<li>Private group tour\u00a0at any date (270\u20ac\/group)<\/li>\n<\/ul>\n<p>&nbsp;<\/p>\n<p style=\"text-align: justify;\">Originally, <strong>Monceau<\/strong> is a village far from Paris where nobles go game hunting in the forests. In the 18th century, the Duke of Chartres from the Royal House of Orl\u00e9ans had constructed \u201cla folie de Chartres\u201d; a <strong>splendid castle<\/strong> in the middle of an enormous park. It was filled with antique and exotic decorations, lush greenhouses, theaters and exhibitions of his personal collections.<br \/>\n<strong>The park<\/strong> has since been changed and reduced in size, but traces from its glorious past still remain. The transformations that were made to it during the Second Empire brought about other noteworthy features, and made it a symbol of the <strong>bourgeois lifestyle<\/strong> of the neighborhood which was popular with bankers and businessmen. A number of <strong>superb h\u00f4tels particuliers<\/strong> (mansions) still remain, which gives the area a chic atmosphere. Many of them have been turned into museum, with one them containing the largest Bouddha in Paris! Another boasts the finest private 18th century furniture collection in the city.<\/p>\n<p style=\"text-align: justify;\">The tour will manage to uncover secret stories and hidden yards behind closed doors, walking around the park limits, among <strong>cosy mansions<\/strong> belonging to bankers, tycoons or rich art sponsors. Finally, side streets lead towards a very unusual area where artists had themselves very <strong>original houses<\/strong> built with unusual features and decors.<\/p>\n","protected":false},"excerpt":{"rendered":"<p>Discover the <strong>luxurious mansions<\/strong> of the Plaine Monceau. This popular area of the city gives you an impression of being in a <strong>Parisian village<\/strong>. In the second half of the 19th century, wealthy people settled in the Monceau district, building beautiful mansions near its <strong>picturesque park<\/strong>. We will approach several, uncovering hidden and magnificent courtyards, detail the park and finish with a very unusual street favored by up and coming 19th century artists.<\/p>\n","protected":false},"featured_media":6502,"template":"","meta":{"_price":"","_stock":"","_tribe_ticket_header":"","_tribe_default_ticket_provider":"","_tribe_ticket_capacity":"0","_ticket_start_date":"","_ticket_end_date":"","_tribe_ticket_show_description":"","_tribe_ticket_show_not_going":false,"_tribe_ticket_use_global_stock":"","_tribe_ticket_global_stock_level":"","_global_stock_mode":"","_global_stock_cap":"","_tribe_rsvp_for_event":"","_tribe_ticket_going_count":"","_tribe_ticket_not_going_count":"","_tribe_tickets_list":"[]","_tribe_ticket_has_attendee_info_fields":false,"_tec_slr_enabled":"","_tec_slr_layout":""},"product_brand":[],"product_cat":[143],"product_tag":[],"class_list":{"0":"post-6432","1":"product","2":"type-product","3":"status-publish","4":"has-post-thumbnail","6":"product_cat-visit-paris","8":"first","9":"instock","10":"featured","11":"virtual","12":"product-type-simple"},"yoast_head":"<!-- This site is optimized with the Yoast SEO plugin v27.4 - https:\/\/yoast.com\/product\/yoast-seo-wordpress\/ -->\n<title>Magic Monceau - Interkultur<\/title>\n<meta name=\"robots\" content=\"index, follow, max-snippet:-1, max-image-preview:large, max-video-preview:-1\" \/>\n<link rel=\"canonical\" href=\"https:\/\/interkultur.fr\/en\/produit\/magic-monceau\/\" \/>\n<meta property=\"og:locale\" content=\"en_US\" \/>\n<meta property=\"og:type\" content=\"article\" \/>\n<meta property=\"og:title\" content=\"Magic Monceau - Interkultur\" \/>\n<meta property=\"og:description\" content=\"Discover the luxurious mansions of the Plaine Monceau. This popular area of the city gives you an impression of being in a Parisian village. In the second half of the 19th century, wealthy people settled in the Monceau district, building beautiful mansions near its picturesque park. We will approach several, uncovering hidden and magnificent courtyards, detail the park and finish with a very unusual street favored by up and coming 19th century artists.\" \/>\n<meta property=\"og:url\" content=\"https:\/\/interkultur.fr\/en\/produit\/magic-monceau\/\" \/>\n<meta property=\"og:site_name\" content=\"Interkultur\" \/>\n<meta property=\"article:modified_time\" content=\"2024-02-11T16:34:39+00:00\" \/>\n<meta property=\"og:image\" content=\"https:\/\/interkultur.fr\/wp-content\/uploads\/2024\/02\/Monceau-Loo-scaled.jpg\" \/>\n\t<meta property=\"og:image:width\" content=\"1920\" \/>\n\t<meta property=\"og:image:height\" content=\"2560\" \/>\n\t<meta property=\"og:image:type\" content=\"image\/jpeg\" \/>\n<meta name=\"twitter:card\" content=\"summary_large_image\" \/>\n<script type=\"application\/ld+json\" class=\"yoast-schema-graph\">{\"@context\":\"https:\\\/\\\/schema.org\",\"@graph\":[{\"@type\":\"WebPage\",\"@id\":\"https:\\\/\\\/interkultur.fr\\\/en\\\/produit\\\/magic-monceau\\\/\",\"url\":\"https:\\\/\\\/interkultur.fr\\\/en\\\/produit\\\/magic-monceau\\\/\",\"name\":\"Magic Monceau - Interkultur\",\"isPartOf\":{\"@id\":\"https:\\\/\\\/interkultur.fr\\\/en\\\/#website\"},\"primaryImageOfPage\":{\"@id\":\"https:\\\/\\\/interkultur.fr\\\/en\\\/produit\\\/magic-monceau\\\/#primaryimage\"},\"image\":{\"@id\":\"https:\\\/\\\/interkultur.fr\\\/en\\\/produit\\\/magic-monceau\\\/#primaryimage\"},\"thumbnailUrl\":\"https:\\\/\\\/interkultur.fr\\\/wp-content\\\/uploads\\\/2024\\\/02\\\/Monceau-Loo-scaled.jpg\",\"datePublished\":\"2024-02-06T16:13:18+00:00\",\"dateModified\":\"2024-02-11T16:34:39+00:00\",\"breadcrumb\":{\"@id\":\"https:\\\/\\\/interkultur.fr\\\/en\\\/produit\\\/magic-monceau\\\/#breadcrumb\"},\"inLanguage\":\"en-US\",\"potentialAction\":[{\"@type\":\"ReadAction\",\"target\":[\"https:\\\/\\\/interkultur.fr\\\/en\\\/produit\\\/magic-monceau\\\/\"]}]},{\"@type\":\"ImageObject\",\"inLanguage\":\"en-US\",\"@id\":\"https:\\\/\\\/interkultur.fr\\\/en\\\/produit\\\/magic-monceau\\\/#primaryimage\",\"url\":\"https:\\\/\\\/interkultur.fr\\\/wp-content\\\/uploads\\\/2024\\\/02\\\/Monceau-Loo-scaled.jpg\",\"contentUrl\":\"https:\\\/\\\/interkultur.fr\\\/wp-content\\\/uploads\\\/2024\\\/02\\\/Monceau-Loo-scaled.jpg\",\"width\":1920,\"height\":2560},{\"@type\":\"BreadcrumbList\",\"@id\":\"https:\\\/\\\/interkultur.fr\\\/en\\\/produit\\\/magic-monceau\\\/#breadcrumb\",\"itemListElement\":[{\"@type\":\"ListItem\",\"position\":1,\"name\":\"Accueil\",\"item\":\"https:\\\/\\\/interkultur.fr\\\/en\\\/\"},{\"@type\":\"ListItem\",\"position\":2,\"name\":\"Shop\",\"item\":\"https:\\\/\\\/interkultur.fr\\\/en\\\/shop\\\/\"},{\"@type\":\"ListItem\",\"position\":3,\"name\":\"Magic Monceau\"}]},{\"@type\":\"WebSite\",\"@id\":\"https:\\\/\\\/interkultur.fr\\\/en\\\/#website\",\"url\":\"https:\\\/\\\/interkultur.fr\\\/en\\\/\",\"name\":\"Interkultur\",\"description\":\"Visites et \u00e9v\u00e9nements culturels dans le Paris secret li\u00e9s \u00e0 l\u2019Histoire, l\u2019art, et la valorisation du patrimoine et des savoirs faire.\",\"potentialAction\":[{\"@type\":\"SearchAction\",\"target\":{\"@type\":\"EntryPoint\",\"urlTemplate\":\"https:\\\/\\\/interkultur.fr\\\/en\\\/?s={search_term_string}\"},\"query-input\":{\"@type\":\"PropertyValueSpecification\",\"valueRequired\":true,\"valueName\":\"search_term_string\"}}],\"inLanguage\":\"en-US\"}]}<\/script>\n<!-- \/ Yoast SEO plugin. -->","yoast_head_json":{"title":"Magic Monceau - Interkultur","robots":{"index":"index","follow":"follow","max-snippet":"max-snippet:-1","max-image-preview":"max-image-preview:large","max-video-preview":"max-video-preview:-1"},"canonical":"https:\/\/interkultur.fr\/en\/produit\/magic-monceau\/","og_locale":"en_US","og_type":"article","og_title":"Magic Monceau - Interkultur","og_description":"Discover the luxurious mansions of the Plaine Monceau. This popular area of the city gives you an impression of being in a Parisian village. In the second half of the 19th century, wealthy people settled in the Monceau district, building beautiful mansions near its picturesque park. We will approach several, uncovering hidden and magnificent courtyards, detail the park and finish with a very unusual street favored by up and coming 19th century artists.","og_url":"https:\/\/interkultur.fr\/en\/produit\/magic-monceau\/","og_site_name":"Interkultur","article_modified_time":"2024-02-11T16:34:39+00:00","og_image":[{"width":1920,"height":2560,"url":"https:\/\/interkultur.fr\/wp-content\/uploads\/2024\/02\/Monceau-Loo-scaled.jpg","type":"image\/jpeg"}],"twitter_card":"summary_large_image","schema":{"@context":"https:\/\/schema.org","@graph":[{"@type":"WebPage","@id":"https:\/\/interkultur.fr\/en\/produit\/magic-monceau\/","url":"https:\/\/interkultur.fr\/en\/produit\/magic-monceau\/","name":"Magic Monceau - Interkultur","isPartOf":{"@id":"https:\/\/interkultur.fr\/en\/#website"},"primaryImageOfPage":{"@id":"https:\/\/interkultur.fr\/en\/produit\/magic-monceau\/#primaryimage"},"image":{"@id":"https:\/\/interkultur.fr\/en\/produit\/magic-monceau\/#primaryimage"},"thumbnailUrl":"https:\/\/interkultur.fr\/wp-content\/uploads\/2024\/02\/Monceau-Loo-scaled.jpg","datePublished":"2024-02-06T16:13:18+00:00","dateModified":"2024-02-11T16:34:39+00:00","breadcrumb":{"@id":"https:\/\/interkultur.fr\/en\/produit\/magic-monceau\/#breadcrumb"},"inLanguage":"en-US","potentialAction":[{"@type":"ReadAction","target":["https:\/\/interkultur.fr\/en\/produit\/magic-monceau\/"]}]},{"@type":"ImageObject","inLanguage":"en-US","@id":"https:\/\/interkultur.fr\/en\/produit\/magic-monceau\/#primaryimage","url":"https:\/\/interkultur.fr\/wp-content\/uploads\/2024\/02\/Monceau-Loo-scaled.jpg","contentUrl":"https:\/\/interkultur.fr\/wp-content\/uploads\/2024\/02\/Monceau-Loo-scaled.jpg","width":1920,"height":2560},{"@type":"BreadcrumbList","@id":"https:\/\/interkultur.fr\/en\/produit\/magic-monceau\/#breadcrumb","itemListElement":[{"@type":"ListItem","position":1,"name":"Accueil","item":"https:\/\/interkultur.fr\/en\/"},{"@type":"ListItem","position":2,"name":"Shop","item":"https:\/\/interkultur.fr\/en\/shop\/"},{"@type":"ListItem","position":3,"name":"Magic Monceau"}]},{"@type":"WebSite","@id":"https:\/\/interkultur.fr\/en\/#website","url":"https:\/\/interkultur.fr\/en\/","name":"Interkultur","description":"Visites et \u00e9v\u00e9nements culturels dans le Paris secret li\u00e9s \u00e0 l\u2019Histoire, l\u2019art, et la valorisation du patrimoine et des savoirs faire.","potentialAction":[{"@type":"SearchAction","target":{"@type":"EntryPoint","urlTemplate":"https:\/\/interkultur.fr\/en\/?s={search_term_string}"},"query-input":{"@type":"PropertyValueSpecification","valueRequired":true,"valueName":"search_term_string"}}],"inLanguage":"en-US"}]}},"_links":{"self":[{"href":"https:\/\/interkultur.fr\/en\/wp-json\/wp\/v2\/product\/6432","targetHints":{"allow":["GET"]}}],"collection":[{"href":"https:\/\/interkultur.fr\/en\/wp-json\/wp\/v2\/product"}],"about":[{"href":"https:\/\/interkultur.fr\/en\/wp-json\/wp\/v2\/types\/product"}],"wp:featuredmedia":[{"embeddable":true,"href":"https:\/\/interkultur.fr\/en\/wp-json\/wp\/v2\/media\/6502"}],"wp:attachment":[{"href":"https:\/\/interkultur.fr\/en\/wp-json\/wp\/v2\/media?parent=6432"}],"wp:term":[{"taxonomy":"product_brand","embeddable":true,"href":"https:\/\/interkultur.fr\/en\/wp-json\/wp\/v2\/product_brand?post=6432"},{"taxonomy":"product_cat","embeddable":true,"href":"https:\/\/interkultur.fr\/en\/wp-json\/wp\/v2\/product_cat?post=6432"},{"taxonomy":"product_tag","embeddable":true,"href":"https:\/\/interkultur.fr\/en\/wp-json\/wp\/v2\/product_tag?post=6432"}],"curies":[{"name":"wp","href":"https:\/\/api.w.org\/{rel}","templated":true}]}}