{"id":6433,"date":"2024-02-06T17:11:24","date_gmt":"2024-02-06T16:11:24","guid":{"rendered":"https:\/\/interkultur.fr\/?post_type=product&#038;p=6433"},"modified":"2024-02-11T20:37:19","modified_gmt":"2024-02-11T19:37:19","slug":"montsouris-and-cubist-paris","status":"publish","type":"product","link":"https:\/\/interkultur.fr\/en\/produit\/montsouris-and-cubist-paris\/","title":{"rendered":"Montsouris and Cubist Paris"},"content":{"rendered":"<h3>Montsouris and Cubist Paris<\/h3>\n<p style=\"text-align: justify;\"><strong>Practical informations<\/strong><\/p>\n<ul style=\"text-align: justify;\">\n<li>Location :\u00a0Cit\u00e9 Universitaire (RER B)<\/li>\n<li>Duration : 2h<\/li>\n<li>Walking tour<\/li>\n<li>Small group (up to 8 people) 50-80\u20ac pp<\/li>\n<li>Private group tour\u00a0at any date (270\u20ac\/group)<\/li>\n<\/ul>\n<p>&nbsp;<\/p>\n<p style=\"text-align: justify;\">Discover the South of Paris with the <strong>Cit\u00e9 Internationale<\/strong>, the park Montsouris and Cubist Paris through <strong>beautiful houses hidden<\/strong> around, giving the area an atmosphere of village.<br \/>\nThis tour offers an idyllic and artistic stroll around Montsouris and <strong>Cubist Paris<\/strong>. We will begin the tour in front of the main buildings of the Cit\u00e9 Internationale Universitaire and its particular history. This vast campus is located between the edge of the Paris city limits and the Boulevard Jourdan. It welcomes over 10,000 students from <strong>forty institutions worldwide<\/strong>. Some of its fantastic structures were even built by <strong>world-renowned architects.<\/strong> Other buildings on this site symbolize the style of their home country, and as such, offer an original attraction in Paris.<br \/>\nVery close to Montsouris Park you will find discreet and <strong>charming alleyways.<\/strong> Several architects and famous artists built themselves houses where the original and functional workshops reign supreme, boasting <strong>impressive<\/strong> windowed facades. The rectilinear forms of these structures meet the <strong>criteria of Cubism<\/strong> that was in vogue at the time and present a <strong>clear architectural unity<\/strong>.<br \/>\nThe tour then will pass through the <strong>Montsouris Park<\/strong>, one of the finest in Paris, to discover its charms, secrets, and little known anecdotes. Built over 18 years in the nineteenth century, under the Second Empire, it cost dearly and corresponds to the wishes and preferences of urban planning by Haussmann and Napoleon III.<br \/>\nFinally, before returning to the subway, we will discover a <strong>small neighborhood<\/strong> that consists of <strong>tree-lined avenues, flowers, and small pavilions<\/strong>\u2014all wedged between modern and anonymous apartment blocks that give you an undeniable picture of a holiday in the Mediterranean south.<\/p>\n","protected":false},"excerpt":{"rendered":"<p>Around the Montsouris park, there are several charming and <strong>bucolic streets<\/strong> that celebrities of the 1920s, after leaving Montparnasse, made their home. The architectural style of these houses is worth a look and corresponds to the technical and artistic criteria of a very precise movement. In the immediate vicinity, lies the <strong>imposing Cit\u00e9 Internationale Universitaire<\/strong>, made famous by its ideals, wide green spaces, student residents from around the world, and also <strong>renowned architects<\/strong> who worked on several of the buildings.<\/p>\n","protected":false},"featured_media":6538,"template":"","meta":{"_price":"","_stock":"","_tribe_ticket_header":"","_tribe_default_ticket_provider":"","_tribe_ticket_capacity":"0","_ticket_start_date":"","_ticket_end_date":"","_tribe_ticket_show_description":"","_tribe_ticket_show_not_going":false,"_tribe_ticket_use_global_stock":"","_tribe_ticket_global_stock_level":"","_global_stock_mode":"","_global_stock_cap":"","_tribe_rsvp_for_event":"","_tribe_ticket_going_count":"","_tribe_ticket_not_going_count":"","_tribe_tickets_list":"[]","_tribe_ticket_has_attendee_info_fields":false,"_tec_slr_enabled":"","_tec_slr_layout":""},"product_brand":[],"product_cat":[143],"product_tag":[],"class_list":{"0":"post-6433","1":"product","2":"type-product","3":"status-publish","4":"has-post-thumbnail","6":"product_cat-visit-paris","8":"first","9":"instock","10":"featured","11":"virtual","12":"product-type-simple"},"yoast_head":"<!-- This site is optimized with the Yoast SEO plugin v27.5 - https:\/\/yoast.com\/product\/yoast-seo-wordpress\/ -->\n<title>Montsouris and Cubist Paris - Interkultur<\/title>\n<meta name=\"robots\" content=\"index, follow, max-snippet:-1, max-image-preview:large, max-video-preview:-1\" \/>\n<link rel=\"canonical\" href=\"https:\/\/interkultur.fr\/en\/produit\/montsouris-and-cubist-paris\/\" \/>\n<meta property=\"og:locale\" content=\"en_US\" \/>\n<meta property=\"og:type\" content=\"article\" \/>\n<meta property=\"og:title\" content=\"Montsouris and Cubist Paris - Interkultur\" \/>\n<meta property=\"og:description\" content=\"Around the Montsouris park, there are several charming and bucolic streets that celebrities of the 1920s, after leaving Montparnasse, made their home. The architectural style of these houses is worth a look and corresponds to the technical and artistic criteria of a very precise movement. In the immediate vicinity, lies the imposing Cit\u00e9 Internationale Universitaire, made famous by its ideals, wide green spaces, student residents from around the world, and also renowned architects who worked on several of the buildings.\" \/>\n<meta property=\"og:url\" content=\"https:\/\/interkultur.fr\/en\/produit\/montsouris-and-cubist-paris\/\" \/>\n<meta property=\"og:site_name\" content=\"Interkultur\" \/>\n<meta property=\"article:modified_time\" content=\"2024-02-11T19:37:19+00:00\" \/>\n<meta property=\"og:image\" content=\"https:\/\/interkultur.fr\/wp-content\/uploads\/2024\/02\/Lion-Cambodge.jpg\" \/>\n\t<meta property=\"og:image:width\" content=\"510\" \/>\n\t<meta property=\"og:image:height\" content=\"680\" \/>\n\t<meta property=\"og:image:type\" content=\"image\/jpeg\" \/>\n<meta name=\"twitter:card\" content=\"summary_large_image\" \/>\n<script type=\"application\/ld+json\" class=\"yoast-schema-graph\">{\"@context\":\"https:\\\/\\\/schema.org\",\"@graph\":[{\"@type\":\"WebPage\",\"@id\":\"https:\\\/\\\/interkultur.fr\\\/en\\\/produit\\\/montsouris-and-cubist-paris\\\/\",\"url\":\"https:\\\/\\\/interkultur.fr\\\/en\\\/produit\\\/montsouris-and-cubist-paris\\\/\",\"name\":\"Montsouris and Cubist Paris - Interkultur\",\"isPartOf\":{\"@id\":\"https:\\\/\\\/interkultur.fr\\\/en\\\/#website\"},\"primaryImageOfPage\":{\"@id\":\"https:\\\/\\\/interkultur.fr\\\/en\\\/produit\\\/montsouris-and-cubist-paris\\\/#primaryimage\"},\"image\":{\"@id\":\"https:\\\/\\\/interkultur.fr\\\/en\\\/produit\\\/montsouris-and-cubist-paris\\\/#primaryimage\"},\"thumbnailUrl\":\"https:\\\/\\\/interkultur.fr\\\/wp-content\\\/uploads\\\/2024\\\/02\\\/Lion-Cambodge.jpg\",\"datePublished\":\"2024-02-06T16:11:24+00:00\",\"dateModified\":\"2024-02-11T19:37:19+00:00\",\"breadcrumb\":{\"@id\":\"https:\\\/\\\/interkultur.fr\\\/en\\\/produit\\\/montsouris-and-cubist-paris\\\/#breadcrumb\"},\"inLanguage\":\"en-US\",\"potentialAction\":[{\"@type\":\"ReadAction\",\"target\":[\"https:\\\/\\\/interkultur.fr\\\/en\\\/produit\\\/montsouris-and-cubist-paris\\\/\"]}]},{\"@type\":\"ImageObject\",\"inLanguage\":\"en-US\",\"@id\":\"https:\\\/\\\/interkultur.fr\\\/en\\\/produit\\\/montsouris-and-cubist-paris\\\/#primaryimage\",\"url\":\"https:\\\/\\\/interkultur.fr\\\/wp-content\\\/uploads\\\/2024\\\/02\\\/Lion-Cambodge.jpg\",\"contentUrl\":\"https:\\\/\\\/interkultur.fr\\\/wp-content\\\/uploads\\\/2024\\\/02\\\/Lion-Cambodge.jpg\",\"width\":510,\"height\":680},{\"@type\":\"BreadcrumbList\",\"@id\":\"https:\\\/\\\/interkultur.fr\\\/en\\\/produit\\\/montsouris-and-cubist-paris\\\/#breadcrumb\",\"itemListElement\":[{\"@type\":\"ListItem\",\"position\":1,\"name\":\"Accueil\",\"item\":\"https:\\\/\\\/interkultur.fr\\\/en\\\/\"},{\"@type\":\"ListItem\",\"position\":2,\"name\":\"Shop\",\"item\":\"https:\\\/\\\/interkultur.fr\\\/en\\\/shop\\\/\"},{\"@type\":\"ListItem\",\"position\":3,\"name\":\"Montsouris and Cubist Paris\"}]},{\"@type\":\"WebSite\",\"@id\":\"https:\\\/\\\/interkultur.fr\\\/en\\\/#website\",\"url\":\"https:\\\/\\\/interkultur.fr\\\/en\\\/\",\"name\":\"Interkultur\",\"description\":\"Visites et \u00e9v\u00e9nements culturels dans le Paris secret li\u00e9s \u00e0 l\u2019Histoire, l\u2019art, et la valorisation du patrimoine et des savoirs faire.\",\"potentialAction\":[{\"@type\":\"SearchAction\",\"target\":{\"@type\":\"EntryPoint\",\"urlTemplate\":\"https:\\\/\\\/interkultur.fr\\\/en\\\/?s={search_term_string}\"},\"query-input\":{\"@type\":\"PropertyValueSpecification\",\"valueRequired\":true,\"valueName\":\"search_term_string\"}}],\"inLanguage\":\"en-US\"}]}<\/script>\n<!-- \/ Yoast SEO plugin. -->","yoast_head_json":{"title":"Montsouris and Cubist Paris - Interkultur","robots":{"index":"index","follow":"follow","max-snippet":"max-snippet:-1","max-image-preview":"max-image-preview:large","max-video-preview":"max-video-preview:-1"},"canonical":"https:\/\/interkultur.fr\/en\/produit\/montsouris-and-cubist-paris\/","og_locale":"en_US","og_type":"article","og_title":"Montsouris and Cubist Paris - Interkultur","og_description":"Around the Montsouris park, there are several charming and bucolic streets that celebrities of the 1920s, after leaving Montparnasse, made their home. The architectural style of these houses is worth a look and corresponds to the technical and artistic criteria of a very precise movement. In the immediate vicinity, lies the imposing Cit\u00e9 Internationale Universitaire, made famous by its ideals, wide green spaces, student residents from around the world, and also renowned architects who worked on several of the buildings.","og_url":"https:\/\/interkultur.fr\/en\/produit\/montsouris-and-cubist-paris\/","og_site_name":"Interkultur","article_modified_time":"2024-02-11T19:37:19+00:00","og_image":[{"width":510,"height":680,"url":"https:\/\/interkultur.fr\/wp-content\/uploads\/2024\/02\/Lion-Cambodge.jpg","type":"image\/jpeg"}],"twitter_card":"summary_large_image","schema":{"@context":"https:\/\/schema.org","@graph":[{"@type":"WebPage","@id":"https:\/\/interkultur.fr\/en\/produit\/montsouris-and-cubist-paris\/","url":"https:\/\/interkultur.fr\/en\/produit\/montsouris-and-cubist-paris\/","name":"Montsouris and Cubist Paris - Interkultur","isPartOf":{"@id":"https:\/\/interkultur.fr\/en\/#website"},"primaryImageOfPage":{"@id":"https:\/\/interkultur.fr\/en\/produit\/montsouris-and-cubist-paris\/#primaryimage"},"image":{"@id":"https:\/\/interkultur.fr\/en\/produit\/montsouris-and-cubist-paris\/#primaryimage"},"thumbnailUrl":"https:\/\/interkultur.fr\/wp-content\/uploads\/2024\/02\/Lion-Cambodge.jpg","datePublished":"2024-02-06T16:11:24+00:00","dateModified":"2024-02-11T19:37:19+00:00","breadcrumb":{"@id":"https:\/\/interkultur.fr\/en\/produit\/montsouris-and-cubist-paris\/#breadcrumb"},"inLanguage":"en-US","potentialAction":[{"@type":"ReadAction","target":["https:\/\/interkultur.fr\/en\/produit\/montsouris-and-cubist-paris\/"]}]},{"@type":"ImageObject","inLanguage":"en-US","@id":"https:\/\/interkultur.fr\/en\/produit\/montsouris-and-cubist-paris\/#primaryimage","url":"https:\/\/interkultur.fr\/wp-content\/uploads\/2024\/02\/Lion-Cambodge.jpg","contentUrl":"https:\/\/interkultur.fr\/wp-content\/uploads\/2024\/02\/Lion-Cambodge.jpg","width":510,"height":680},{"@type":"BreadcrumbList","@id":"https:\/\/interkultur.fr\/en\/produit\/montsouris-and-cubist-paris\/#breadcrumb","itemListElement":[{"@type":"ListItem","position":1,"name":"Accueil","item":"https:\/\/interkultur.fr\/en\/"},{"@type":"ListItem","position":2,"name":"Shop","item":"https:\/\/interkultur.fr\/en\/shop\/"},{"@type":"ListItem","position":3,"name":"Montsouris and Cubist Paris"}]},{"@type":"WebSite","@id":"https:\/\/interkultur.fr\/en\/#website","url":"https:\/\/interkultur.fr\/en\/","name":"Interkultur","description":"Visites et \u00e9v\u00e9nements culturels dans le Paris secret li\u00e9s \u00e0 l\u2019Histoire, l\u2019art, et la valorisation du patrimoine et des savoirs faire.","potentialAction":[{"@type":"SearchAction","target":{"@type":"EntryPoint","urlTemplate":"https:\/\/interkultur.fr\/en\/?s={search_term_string}"},"query-input":{"@type":"PropertyValueSpecification","valueRequired":true,"valueName":"search_term_string"}}],"inLanguage":"en-US"}]}},"_links":{"self":[{"href":"https:\/\/interkultur.fr\/en\/wp-json\/wp\/v2\/product\/6433","targetHints":{"allow":["GET"]}}],"collection":[{"href":"https:\/\/interkultur.fr\/en\/wp-json\/wp\/v2\/product"}],"about":[{"href":"https:\/\/interkultur.fr\/en\/wp-json\/wp\/v2\/types\/product"}],"wp:featuredmedia":[{"embeddable":true,"href":"https:\/\/interkultur.fr\/en\/wp-json\/wp\/v2\/media\/6538"}],"wp:attachment":[{"href":"https:\/\/interkultur.fr\/en\/wp-json\/wp\/v2\/media?parent=6433"}],"wp:term":[{"taxonomy":"product_brand","embeddable":true,"href":"https:\/\/interkultur.fr\/en\/wp-json\/wp\/v2\/product_brand?post=6433"},{"taxonomy":"product_cat","embeddable":true,"href":"https:\/\/interkultur.fr\/en\/wp-json\/wp\/v2\/product_cat?post=6433"},{"taxonomy":"product_tag","embeddable":true,"href":"https:\/\/interkultur.fr\/en\/wp-json\/wp\/v2\/product_tag?post=6433"}],"curies":[{"name":"wp","href":"https:\/\/api.w.org\/{rel}","templated":true}]}}