{"id":6434,"date":"2024-02-08T18:04:09","date_gmt":"2024-02-08T17:04:09","guid":{"rendered":"https:\/\/interkultur.fr\/?post_type=product&#038;p=6434"},"modified":"2024-02-14T23:03:07","modified_gmt":"2024-02-14T22:03:07","slug":"versailles","status":"publish","type":"product","link":"https:\/\/interkultur.fr\/en\/produit\/versailles\/","title":{"rendered":"Versailles"},"content":{"rendered":"<h3>Versailles<\/h3>\n<p><strong>Practical Information:<\/strong><br \/>\n\u2022 Meeting point:\u00a0to be appointed<br \/>\n\u2022 Duration : 3 to 7h<br \/>\n\u2022 Public train or private car and walking tour<br \/>\n\u2022 All tours <strong>include skip the lines tickets<\/strong><\/p>\n<p style=\"text-align: justify;\">This round trip tour to Versailles will show the sumptuous apartments of one of the most well known and prestigious palaces in the world.<\/p>\n<p style=\"text-align: justify;\">The meeting will take place outside the Palace or in Paris for a car pick up depending on the option chosen.<\/p>\n<p style=\"text-align: justify;\">After a short introduction of\u00a0the place and main characters&#8217; important historical facts, we&#8217;ll head for the visit of the main palace with <strong>pre-booked tickets<\/strong>. From a private entrance, we&#8217;ll go through the <strong>the castle&#8217;s main apartments<\/strong>: en suite rooms with guilded and painted decors reminding the court&#8217;s life and the upclass style of Aristocratic 17th century France, but also including the <strong>hall of mirrors<\/strong>. The tour also highlights the Royal Chapel, the king&#8217;s bedroom, and the imposing stairs of the Queen.<\/p>\n<p style=\"text-align: justify;\">We&#8217;ll then have a walk in the <strong>magnificent park<\/strong> between nicely trimmed alleyways, superb antique style sculptures and sumptuous fountains. Of course, the tour will highlight <strong>the magnificent and hidden groves<\/strong>, sprayed throughout the vast park and built for the court&#8217;s pleasure as well as a symbol of the King&#8217;s artistic and architectural power.<\/p>\n<p style=\"text-align: justify;\">Return to Paris will take place after 3 or 4 hours on site depending on the groves being open or not in the gardens.<\/p>\n","protected":false},"excerpt":{"rendered":"<p>Half day tour in Versailles: the most visited chateau in the world, built under the authority of Louis XIV, the Sun King. <strong>Guided tour of the palace of Versailles<\/strong>, the main Chateau grand apartments, and the king&#8217;s bedchamber, along with <strong>the park&#8217;s fountains and groves<\/strong>.<br \/>\nTransportation will take place with local train\u00a0between Paris, Versailles and back.<\/p>\n","protected":false},"featured_media":6994,"template":"","meta":{"_price":"","_stock":"","_tribe_ticket_header":"","_tribe_default_ticket_provider":"","_tribe_ticket_capacity":"0","_ticket_start_date":"","_ticket_end_date":"","_tribe_ticket_show_description":"","_tribe_ticket_show_not_going":false,"_tribe_ticket_use_global_stock":"","_tribe_ticket_global_stock_level":"","_global_stock_mode":"","_global_stock_cap":"","_tribe_rsvp_for_event":"","_tribe_ticket_going_count":"","_tribe_ticket_not_going_count":"","_tribe_tickets_list":"[]","_tribe_ticket_has_attendee_info_fields":false,"_tec_slr_enabled":"","_tec_slr_layout":""},"product_brand":[],"product_cat":[143],"product_tag":[],"class_list":{"0":"post-6434","1":"product","2":"type-product","3":"status-publish","4":"has-post-thumbnail","6":"product_cat-visit-paris","8":"first","9":"instock","10":"featured","11":"virtual","12":"product-type-simple"},"yoast_head":"<!-- This site is optimized with the Yoast SEO plugin v27.5 - https:\/\/yoast.com\/product\/yoast-seo-wordpress\/ -->\n<title>Versailles - Interkultur<\/title>\n<meta name=\"robots\" content=\"index, follow, max-snippet:-1, max-image-preview:large, max-video-preview:-1\" \/>\n<link rel=\"canonical\" href=\"https:\/\/interkultur.fr\/en\/produit\/versailles\/\" \/>\n<meta property=\"og:locale\" content=\"en_US\" \/>\n<meta property=\"og:type\" content=\"article\" \/>\n<meta property=\"og:title\" content=\"Versailles - Interkultur\" \/>\n<meta property=\"og:description\" content=\"Half day tour in Versailles: the most visited chateau in the world, built under the authority of Louis XIV, the Sun King. Guided tour of the palace of Versailles, the main Chateau grand apartments, and the king&#039;s bedchamber, along with the park&#039;s fountains and groves. Transportation will take place with local train\u00a0between Paris, Versailles and back.\" \/>\n<meta property=\"og:url\" content=\"https:\/\/interkultur.fr\/en\/produit\/versailles\/\" \/>\n<meta property=\"og:site_name\" content=\"Interkultur\" \/>\n<meta property=\"article:modified_time\" content=\"2024-02-14T22:03:07+00:00\" \/>\n<meta property=\"og:image\" content=\"https:\/\/interkultur.fr\/wp-content\/uploads\/2024\/02\/galerie-des-glaces-scaled.jpg\" \/>\n\t<meta property=\"og:image:width\" content=\"1920\" \/>\n\t<meta property=\"og:image:height\" content=\"2560\" \/>\n\t<meta property=\"og:image:type\" content=\"image\/jpeg\" \/>\n<meta name=\"twitter:card\" content=\"summary_large_image\" \/>\n<script type=\"application\/ld+json\" class=\"yoast-schema-graph\">{\"@context\":\"https:\\\/\\\/schema.org\",\"@graph\":[{\"@type\":\"WebPage\",\"@id\":\"https:\\\/\\\/interkultur.fr\\\/en\\\/produit\\\/versailles\\\/\",\"url\":\"https:\\\/\\\/interkultur.fr\\\/en\\\/produit\\\/versailles\\\/\",\"name\":\"Versailles - Interkultur\",\"isPartOf\":{\"@id\":\"https:\\\/\\\/interkultur.fr\\\/en\\\/#website\"},\"primaryImageOfPage\":{\"@id\":\"https:\\\/\\\/interkultur.fr\\\/en\\\/produit\\\/versailles\\\/#primaryimage\"},\"image\":{\"@id\":\"https:\\\/\\\/interkultur.fr\\\/en\\\/produit\\\/versailles\\\/#primaryimage\"},\"thumbnailUrl\":\"https:\\\/\\\/interkultur.fr\\\/wp-content\\\/uploads\\\/2024\\\/02\\\/galerie-des-glaces-scaled.jpg\",\"datePublished\":\"2024-02-08T17:04:09+00:00\",\"dateModified\":\"2024-02-14T22:03:07+00:00\",\"breadcrumb\":{\"@id\":\"https:\\\/\\\/interkultur.fr\\\/en\\\/produit\\\/versailles\\\/#breadcrumb\"},\"inLanguage\":\"en-US\",\"potentialAction\":[{\"@type\":\"ReadAction\",\"target\":[\"https:\\\/\\\/interkultur.fr\\\/en\\\/produit\\\/versailles\\\/\"]}]},{\"@type\":\"ImageObject\",\"inLanguage\":\"en-US\",\"@id\":\"https:\\\/\\\/interkultur.fr\\\/en\\\/produit\\\/versailles\\\/#primaryimage\",\"url\":\"https:\\\/\\\/interkultur.fr\\\/wp-content\\\/uploads\\\/2024\\\/02\\\/galerie-des-glaces-scaled.jpg\",\"contentUrl\":\"https:\\\/\\\/interkultur.fr\\\/wp-content\\\/uploads\\\/2024\\\/02\\\/galerie-des-glaces-scaled.jpg\",\"width\":1920,\"height\":2560},{\"@type\":\"BreadcrumbList\",\"@id\":\"https:\\\/\\\/interkultur.fr\\\/en\\\/produit\\\/versailles\\\/#breadcrumb\",\"itemListElement\":[{\"@type\":\"ListItem\",\"position\":1,\"name\":\"Accueil\",\"item\":\"https:\\\/\\\/interkultur.fr\\\/en\\\/\"},{\"@type\":\"ListItem\",\"position\":2,\"name\":\"Shop\",\"item\":\"https:\\\/\\\/interkultur.fr\\\/en\\\/shop\\\/\"},{\"@type\":\"ListItem\",\"position\":3,\"name\":\"Versailles\"}]},{\"@type\":\"WebSite\",\"@id\":\"https:\\\/\\\/interkultur.fr\\\/en\\\/#website\",\"url\":\"https:\\\/\\\/interkultur.fr\\\/en\\\/\",\"name\":\"Interkultur\",\"description\":\"Visites et \u00e9v\u00e9nements culturels dans le Paris secret li\u00e9s \u00e0 l\u2019Histoire, l\u2019art, et la valorisation du patrimoine et des savoirs faire.\",\"potentialAction\":[{\"@type\":\"SearchAction\",\"target\":{\"@type\":\"EntryPoint\",\"urlTemplate\":\"https:\\\/\\\/interkultur.fr\\\/en\\\/?s={search_term_string}\"},\"query-input\":{\"@type\":\"PropertyValueSpecification\",\"valueRequired\":true,\"valueName\":\"search_term_string\"}}],\"inLanguage\":\"en-US\"}]}<\/script>\n<!-- \/ Yoast SEO plugin. -->","yoast_head_json":{"title":"Versailles - Interkultur","robots":{"index":"index","follow":"follow","max-snippet":"max-snippet:-1","max-image-preview":"max-image-preview:large","max-video-preview":"max-video-preview:-1"},"canonical":"https:\/\/interkultur.fr\/en\/produit\/versailles\/","og_locale":"en_US","og_type":"article","og_title":"Versailles - Interkultur","og_description":"Half day tour in Versailles: the most visited chateau in the world, built under the authority of Louis XIV, the Sun King. Guided tour of the palace of Versailles, the main Chateau grand apartments, and the king's bedchamber, along with the park's fountains and groves. Transportation will take place with local train\u00a0between Paris, Versailles and back.","og_url":"https:\/\/interkultur.fr\/en\/produit\/versailles\/","og_site_name":"Interkultur","article_modified_time":"2024-02-14T22:03:07+00:00","og_image":[{"width":1920,"height":2560,"url":"https:\/\/interkultur.fr\/wp-content\/uploads\/2024\/02\/galerie-des-glaces-scaled.jpg","type":"image\/jpeg"}],"twitter_card":"summary_large_image","schema":{"@context":"https:\/\/schema.org","@graph":[{"@type":"WebPage","@id":"https:\/\/interkultur.fr\/en\/produit\/versailles\/","url":"https:\/\/interkultur.fr\/en\/produit\/versailles\/","name":"Versailles - Interkultur","isPartOf":{"@id":"https:\/\/interkultur.fr\/en\/#website"},"primaryImageOfPage":{"@id":"https:\/\/interkultur.fr\/en\/produit\/versailles\/#primaryimage"},"image":{"@id":"https:\/\/interkultur.fr\/en\/produit\/versailles\/#primaryimage"},"thumbnailUrl":"https:\/\/interkultur.fr\/wp-content\/uploads\/2024\/02\/galerie-des-glaces-scaled.jpg","datePublished":"2024-02-08T17:04:09+00:00","dateModified":"2024-02-14T22:03:07+00:00","breadcrumb":{"@id":"https:\/\/interkultur.fr\/en\/produit\/versailles\/#breadcrumb"},"inLanguage":"en-US","potentialAction":[{"@type":"ReadAction","target":["https:\/\/interkultur.fr\/en\/produit\/versailles\/"]}]},{"@type":"ImageObject","inLanguage":"en-US","@id":"https:\/\/interkultur.fr\/en\/produit\/versailles\/#primaryimage","url":"https:\/\/interkultur.fr\/wp-content\/uploads\/2024\/02\/galerie-des-glaces-scaled.jpg","contentUrl":"https:\/\/interkultur.fr\/wp-content\/uploads\/2024\/02\/galerie-des-glaces-scaled.jpg","width":1920,"height":2560},{"@type":"BreadcrumbList","@id":"https:\/\/interkultur.fr\/en\/produit\/versailles\/#breadcrumb","itemListElement":[{"@type":"ListItem","position":1,"name":"Accueil","item":"https:\/\/interkultur.fr\/en\/"},{"@type":"ListItem","position":2,"name":"Shop","item":"https:\/\/interkultur.fr\/en\/shop\/"},{"@type":"ListItem","position":3,"name":"Versailles"}]},{"@type":"WebSite","@id":"https:\/\/interkultur.fr\/en\/#website","url":"https:\/\/interkultur.fr\/en\/","name":"Interkultur","description":"Visites et \u00e9v\u00e9nements culturels dans le Paris secret li\u00e9s \u00e0 l\u2019Histoire, l\u2019art, et la valorisation du patrimoine et des savoirs faire.","potentialAction":[{"@type":"SearchAction","target":{"@type":"EntryPoint","urlTemplate":"https:\/\/interkultur.fr\/en\/?s={search_term_string}"},"query-input":{"@type":"PropertyValueSpecification","valueRequired":true,"valueName":"search_term_string"}}],"inLanguage":"en-US"}]}},"_links":{"self":[{"href":"https:\/\/interkultur.fr\/en\/wp-json\/wp\/v2\/product\/6434","targetHints":{"allow":["GET"]}}],"collection":[{"href":"https:\/\/interkultur.fr\/en\/wp-json\/wp\/v2\/product"}],"about":[{"href":"https:\/\/interkultur.fr\/en\/wp-json\/wp\/v2\/types\/product"}],"wp:featuredmedia":[{"embeddable":true,"href":"https:\/\/interkultur.fr\/en\/wp-json\/wp\/v2\/media\/6994"}],"wp:attachment":[{"href":"https:\/\/interkultur.fr\/en\/wp-json\/wp\/v2\/media?parent=6434"}],"wp:term":[{"taxonomy":"product_brand","embeddable":true,"href":"https:\/\/interkultur.fr\/en\/wp-json\/wp\/v2\/product_brand?post=6434"},{"taxonomy":"product_cat","embeddable":true,"href":"https:\/\/interkultur.fr\/en\/wp-json\/wp\/v2\/product_cat?post=6434"},{"taxonomy":"product_tag","embeddable":true,"href":"https:\/\/interkultur.fr\/en\/wp-json\/wp\/v2\/product_tag?post=6434"}],"curies":[{"name":"wp","href":"https:\/\/api.w.org\/{rel}","templated":true}]}}