{"id":6435,"date":"2024-02-06T17:00:31","date_gmt":"2024-02-06T16:00:31","guid":{"rendered":"https:\/\/interkultur.fr\/?post_type=product&#038;p=6435"},"modified":"2024-02-11T20:41:03","modified_gmt":"2024-02-11T19:41:03","slug":"the-new-athens","status":"publish","type":"product","link":"https:\/\/interkultur.fr\/en\/produit\/the-new-athens\/","title":{"rendered":"The New Athens"},"content":{"rendered":"<h3>The\u00a0New Athens<\/h3>\n<p><strong>Practical informations<\/strong><\/p>\n<ul style=\"text-align: justify;\">\n<li>Location : Trinit\u00e9\u00a0(line 12)<\/li>\n<li>Duration : 2h30<\/li>\n<li>Walking tour<\/li>\n<li>Private group tour at any date (270\u20ac\/group) + Museum tickets on top<\/li>\n<li>Small group (up to 8 people) 50-80\u20ac pp + Museum tickets on top<\/li>\n<li>Option: Museum Gustave Moreau or Museum of romantic life<\/li>\n<\/ul>\n<p style=\"text-align: justify;\">&#8220;True romanticism in Paris&#8221;, a paradise for artists and writers in this newly built district in the 1820&#8217;s and 30&#8217;s, named the new Athens\u00a0for this reason.<br \/>\nThis tour aims at showing to understand and appreciate the <strong>social changes<\/strong> that intervened in this area with a stroll through streets lined with mansions and buildings bearing\u00a0undeniable architectural <strong>charm<\/strong> typical of the Greco-Roman influence.<br \/>\nThis <strong>haven of peace<\/strong> at the time was sought by famous actors and especially actresses working in the theatres of the Grands Boulevards nearby. The houses they asked to build had to symbolize both <strong>wealth and success<\/strong> over competitors, but also the romantic feeling\u00a0fueled by the antic style architecture.<\/p>\n<p style=\"text-align: justify;\">Writers flocked also in the new neighborhood. In a hidden mansion, <strong>Victor Hugo<\/strong> sheltered his love affair with his mistress. <strong>Alexandre Dumas<\/strong>, <strong>Maupassant<\/strong> or <strong>Flaubert<\/strong> had their habits there, especially in the countless &#8216;houses of charm&#8217; where simple prostitutes, or upscale courtesans could be accessed on demand.<br \/>\nThe most famous one, the <strong>marquise de la Pa\u00efva<\/strong>, lived in a somptuous mansion still visible on the charming St Gorges square, where many other interesting houses were built nearby.<\/p>\n<p style=\"text-align: justify;\">One of the most famous couple living in this neighborhood was the writer <strong>Georges Sand<\/strong> and Polish born composer <strong>Chopin<\/strong>. Their flats are to be seen at the back of an alley full of charm, where other artists also lived, and whose atmosphere still bears the nostalgia of this romantic time in the 19th century.<\/p>\n<p style=\"text-align: justify;\">Many painters elected this district as their home. Most notably, <strong>Delacroix<\/strong>, G\u00e9ricault and Gustave Moreau, whose amazing house and workshop has been turned into a museum. We&#8217;ll end the tour in another beautiful place, ancient home of painter Ary Sheffer, which now houses the <strong>Romantic life museum<\/strong>. Paintings, sculptures, photos and many other artefacts and furniture witness the charm and emotion of this period. The beautiful garden is a real heaven for peace and a perfect place to rest after the walk!<\/p>\n","protected":false},"excerpt":{"rendered":"<p>Come and explore this unknown neighborhood of Paris, <strong>hidden<\/strong> between the Opera and Montmartre.<br \/>\nFrom famous 19th century artists&#8217; mansions to small museums dedicated to romantic or symbolic painters, follow the path of vibrant artists such as <strong>Chopin<\/strong> or <strong>Delacroix<\/strong>. Discover hidden alleys, artists hideouts and amazing stories linked to this little known district.<\/p>\n<p>Two\u00a0 intiliate and beautiful Museums on option: the <strong>painter Gustave Moreau<\/strong>&#8216;s house-atelier and the <strong>mus\u00e9e de la vie romantique<\/strong> (Romantic life Museum)<\/p>\n","protected":false},"featured_media":6483,"template":"","meta":{"_price":"","_stock":"","_tribe_ticket_header":"","_tribe_default_ticket_provider":"","_tribe_ticket_capacity":"0","_ticket_start_date":"","_ticket_end_date":"","_tribe_ticket_show_description":"","_tribe_ticket_show_not_going":false,"_tribe_ticket_use_global_stock":"","_tribe_ticket_global_stock_level":"","_global_stock_mode":"","_global_stock_cap":"","_tribe_rsvp_for_event":"","_tribe_ticket_going_count":"","_tribe_ticket_not_going_count":"","_tribe_tickets_list":"[]","_tribe_ticket_has_attendee_info_fields":false,"_tec_slr_enabled":"","_tec_slr_layout":""},"product_brand":[],"product_cat":[143],"product_tag":[],"class_list":{"0":"post-6435","1":"product","2":"type-product","3":"status-publish","4":"has-post-thumbnail","6":"product_cat-visit-paris","8":"first","9":"instock","10":"featured","11":"virtual","12":"product-type-simple"},"yoast_head":"<!-- This site is optimized with the Yoast SEO plugin v27.4 - https:\/\/yoast.com\/product\/yoast-seo-wordpress\/ -->\n<title>The New Athens - Interkultur<\/title>\n<meta name=\"robots\" content=\"index, follow, max-snippet:-1, max-image-preview:large, max-video-preview:-1\" \/>\n<link rel=\"canonical\" href=\"https:\/\/interkultur.fr\/en\/produit\/the-new-athens\/\" \/>\n<meta property=\"og:locale\" content=\"en_US\" \/>\n<meta property=\"og:type\" content=\"article\" \/>\n<meta property=\"og:title\" content=\"The New Athens - Interkultur\" \/>\n<meta property=\"og:description\" content=\"Come and explore this unknown neighborhood of Paris, hidden between the Opera and Montmartre. From famous 19th century artists&#039; mansions to small museums dedicated to romantic or symbolic painters, follow the path of vibrant artists such as Chopin or Delacroix. Discover hidden alleys, artists hideouts and amazing stories linked to this little known district.  Two\u00a0 intiliate and beautiful Museums on option: the painter Gustave Moreau&#039;s house-atelier and the mus\u00e9e de la vie romantique (Romantic life Museum)\" \/>\n<meta property=\"og:url\" content=\"https:\/\/interkultur.fr\/en\/produit\/the-new-athens\/\" \/>\n<meta property=\"og:site_name\" content=\"Interkultur\" \/>\n<meta property=\"article:modified_time\" content=\"2024-02-11T19:41:03+00:00\" \/>\n<meta property=\"og:image\" content=\"https:\/\/interkultur.fr\/wp-content\/uploads\/2024\/02\/Orleans-square-scaled.jpg\" \/>\n\t<meta property=\"og:image:width\" content=\"1920\" \/>\n\t<meta property=\"og:image:height\" content=\"2560\" \/>\n\t<meta property=\"og:image:type\" content=\"image\/jpeg\" \/>\n<meta name=\"twitter:card\" content=\"summary_large_image\" \/>\n<script type=\"application\/ld+json\" class=\"yoast-schema-graph\">{\"@context\":\"https:\\\/\\\/schema.org\",\"@graph\":[{\"@type\":\"WebPage\",\"@id\":\"https:\\\/\\\/interkultur.fr\\\/en\\\/produit\\\/the-new-athens\\\/\",\"url\":\"https:\\\/\\\/interkultur.fr\\\/en\\\/produit\\\/the-new-athens\\\/\",\"name\":\"The New Athens - Interkultur\",\"isPartOf\":{\"@id\":\"https:\\\/\\\/interkultur.fr\\\/en\\\/#website\"},\"primaryImageOfPage\":{\"@id\":\"https:\\\/\\\/interkultur.fr\\\/en\\\/produit\\\/the-new-athens\\\/#primaryimage\"},\"image\":{\"@id\":\"https:\\\/\\\/interkultur.fr\\\/en\\\/produit\\\/the-new-athens\\\/#primaryimage\"},\"thumbnailUrl\":\"https:\\\/\\\/interkultur.fr\\\/wp-content\\\/uploads\\\/2024\\\/02\\\/Orleans-square-scaled.jpg\",\"datePublished\":\"2024-02-06T16:00:31+00:00\",\"dateModified\":\"2024-02-11T19:41:03+00:00\",\"breadcrumb\":{\"@id\":\"https:\\\/\\\/interkultur.fr\\\/en\\\/produit\\\/the-new-athens\\\/#breadcrumb\"},\"inLanguage\":\"en-US\",\"potentialAction\":[{\"@type\":\"ReadAction\",\"target\":[\"https:\\\/\\\/interkultur.fr\\\/en\\\/produit\\\/the-new-athens\\\/\"]}]},{\"@type\":\"ImageObject\",\"inLanguage\":\"en-US\",\"@id\":\"https:\\\/\\\/interkultur.fr\\\/en\\\/produit\\\/the-new-athens\\\/#primaryimage\",\"url\":\"https:\\\/\\\/interkultur.fr\\\/wp-content\\\/uploads\\\/2024\\\/02\\\/Orleans-square-scaled.jpg\",\"contentUrl\":\"https:\\\/\\\/interkultur.fr\\\/wp-content\\\/uploads\\\/2024\\\/02\\\/Orleans-square-scaled.jpg\",\"width\":1920,\"height\":2560},{\"@type\":\"BreadcrumbList\",\"@id\":\"https:\\\/\\\/interkultur.fr\\\/en\\\/produit\\\/the-new-athens\\\/#breadcrumb\",\"itemListElement\":[{\"@type\":\"ListItem\",\"position\":1,\"name\":\"Accueil\",\"item\":\"https:\\\/\\\/interkultur.fr\\\/en\\\/\"},{\"@type\":\"ListItem\",\"position\":2,\"name\":\"Shop\",\"item\":\"https:\\\/\\\/interkultur.fr\\\/en\\\/shop\\\/\"},{\"@type\":\"ListItem\",\"position\":3,\"name\":\"The New Athens\"}]},{\"@type\":\"WebSite\",\"@id\":\"https:\\\/\\\/interkultur.fr\\\/en\\\/#website\",\"url\":\"https:\\\/\\\/interkultur.fr\\\/en\\\/\",\"name\":\"Interkultur\",\"description\":\"Visites et \u00e9v\u00e9nements culturels dans le Paris secret li\u00e9s \u00e0 l\u2019Histoire, l\u2019art, et la valorisation du patrimoine et des savoirs faire.\",\"potentialAction\":[{\"@type\":\"SearchAction\",\"target\":{\"@type\":\"EntryPoint\",\"urlTemplate\":\"https:\\\/\\\/interkultur.fr\\\/en\\\/?s={search_term_string}\"},\"query-input\":{\"@type\":\"PropertyValueSpecification\",\"valueRequired\":true,\"valueName\":\"search_term_string\"}}],\"inLanguage\":\"en-US\"}]}<\/script>\n<!-- \/ Yoast SEO plugin. -->","yoast_head_json":{"title":"The New Athens - Interkultur","robots":{"index":"index","follow":"follow","max-snippet":"max-snippet:-1","max-image-preview":"max-image-preview:large","max-video-preview":"max-video-preview:-1"},"canonical":"https:\/\/interkultur.fr\/en\/produit\/the-new-athens\/","og_locale":"en_US","og_type":"article","og_title":"The New Athens - Interkultur","og_description":"Come and explore this unknown neighborhood of Paris, hidden between the Opera and Montmartre. From famous 19th century artists' mansions to small museums dedicated to romantic or symbolic painters, follow the path of vibrant artists such as Chopin or Delacroix. Discover hidden alleys, artists hideouts and amazing stories linked to this little known district.  Two\u00a0 intiliate and beautiful Museums on option: the painter Gustave Moreau's house-atelier and the mus\u00e9e de la vie romantique (Romantic life Museum)","og_url":"https:\/\/interkultur.fr\/en\/produit\/the-new-athens\/","og_site_name":"Interkultur","article_modified_time":"2024-02-11T19:41:03+00:00","og_image":[{"width":1920,"height":2560,"url":"https:\/\/interkultur.fr\/wp-content\/uploads\/2024\/02\/Orleans-square-scaled.jpg","type":"image\/jpeg"}],"twitter_card":"summary_large_image","schema":{"@context":"https:\/\/schema.org","@graph":[{"@type":"WebPage","@id":"https:\/\/interkultur.fr\/en\/produit\/the-new-athens\/","url":"https:\/\/interkultur.fr\/en\/produit\/the-new-athens\/","name":"The New Athens - Interkultur","isPartOf":{"@id":"https:\/\/interkultur.fr\/en\/#website"},"primaryImageOfPage":{"@id":"https:\/\/interkultur.fr\/en\/produit\/the-new-athens\/#primaryimage"},"image":{"@id":"https:\/\/interkultur.fr\/en\/produit\/the-new-athens\/#primaryimage"},"thumbnailUrl":"https:\/\/interkultur.fr\/wp-content\/uploads\/2024\/02\/Orleans-square-scaled.jpg","datePublished":"2024-02-06T16:00:31+00:00","dateModified":"2024-02-11T19:41:03+00:00","breadcrumb":{"@id":"https:\/\/interkultur.fr\/en\/produit\/the-new-athens\/#breadcrumb"},"inLanguage":"en-US","potentialAction":[{"@type":"ReadAction","target":["https:\/\/interkultur.fr\/en\/produit\/the-new-athens\/"]}]},{"@type":"ImageObject","inLanguage":"en-US","@id":"https:\/\/interkultur.fr\/en\/produit\/the-new-athens\/#primaryimage","url":"https:\/\/interkultur.fr\/wp-content\/uploads\/2024\/02\/Orleans-square-scaled.jpg","contentUrl":"https:\/\/interkultur.fr\/wp-content\/uploads\/2024\/02\/Orleans-square-scaled.jpg","width":1920,"height":2560},{"@type":"BreadcrumbList","@id":"https:\/\/interkultur.fr\/en\/produit\/the-new-athens\/#breadcrumb","itemListElement":[{"@type":"ListItem","position":1,"name":"Accueil","item":"https:\/\/interkultur.fr\/en\/"},{"@type":"ListItem","position":2,"name":"Shop","item":"https:\/\/interkultur.fr\/en\/shop\/"},{"@type":"ListItem","position":3,"name":"The New Athens"}]},{"@type":"WebSite","@id":"https:\/\/interkultur.fr\/en\/#website","url":"https:\/\/interkultur.fr\/en\/","name":"Interkultur","description":"Visites et \u00e9v\u00e9nements culturels dans le Paris secret li\u00e9s \u00e0 l\u2019Histoire, l\u2019art, et la valorisation du patrimoine et des savoirs faire.","potentialAction":[{"@type":"SearchAction","target":{"@type":"EntryPoint","urlTemplate":"https:\/\/interkultur.fr\/en\/?s={search_term_string}"},"query-input":{"@type":"PropertyValueSpecification","valueRequired":true,"valueName":"search_term_string"}}],"inLanguage":"en-US"}]}},"_links":{"self":[{"href":"https:\/\/interkultur.fr\/en\/wp-json\/wp\/v2\/product\/6435","targetHints":{"allow":["GET"]}}],"collection":[{"href":"https:\/\/interkultur.fr\/en\/wp-json\/wp\/v2\/product"}],"about":[{"href":"https:\/\/interkultur.fr\/en\/wp-json\/wp\/v2\/types\/product"}],"wp:featuredmedia":[{"embeddable":true,"href":"https:\/\/interkultur.fr\/en\/wp-json\/wp\/v2\/media\/6483"}],"wp:attachment":[{"href":"https:\/\/interkultur.fr\/en\/wp-json\/wp\/v2\/media?parent=6435"}],"wp:term":[{"taxonomy":"product_brand","embeddable":true,"href":"https:\/\/interkultur.fr\/en\/wp-json\/wp\/v2\/product_brand?post=6435"},{"taxonomy":"product_cat","embeddable":true,"href":"https:\/\/interkultur.fr\/en\/wp-json\/wp\/v2\/product_cat?post=6435"},{"taxonomy":"product_tag","embeddable":true,"href":"https:\/\/interkultur.fr\/en\/wp-json\/wp\/v2\/product_tag?post=6435"}],"curies":[{"name":"wp","href":"https:\/\/api.w.org\/{rel}","templated":true}]}}