{"id":6436,"date":"2024-02-08T18:09:08","date_gmt":"2024-02-08T17:09:08","guid":{"rendered":"https:\/\/interkultur.fr\/?post_type=product&#038;p=6436"},"modified":"2024-02-11T16:10:03","modified_gmt":"2024-02-11T15:10:03","slug":"erotic-paris","status":"publish","type":"product","link":"https:\/\/interkultur.fr\/en\/produit\/erotic-paris\/","title":{"rendered":"Erotic Paris"},"content":{"rendered":"<h2>Erotic\u00a0Paris<\/h2>\n<p style=\"text-align: justify;\"><strong>Practical informations<\/strong><\/p>\n<ul style=\"text-align: justify;\">\n<li>Location : Around M\u00e9tro Saint Georges\u00a0(line 12)<\/li>\n<li>Duration : 2h<\/li>\n<li>Walking tour<\/li>\n<li>Small group (up to 8 people) 50-80\u20ac pp<\/li>\n<li>Private group tour at any date (270\u20ac\/group) + tickets on top<\/li>\n<\/ul>\n<p style=\"text-align: justify;\">Paris, the city of lights, is also a city of the night and the <strong>city of love<\/strong>. The erotic Paris tour engages participant to walk the back side of the glamorous city, where, <strong>behind closed doors<\/strong> or thick curtains, secretive aspects of urban love take place on a daily basis, that current morale usually reprove.<\/p>\n<p style=\"text-align: justify;\">Discover the passionate side of Paris together on a journey through the north of Paris. Find romance wandering between <strong>elegant museums<\/strong>, <strong>ancient brothels<\/strong>, <strong>private mansions<\/strong> and <strong>cabaret venues<\/strong> of torrid reputation.<\/p>\n<p style=\"text-align: justify;\">Uncover the <strong>scandalous history<\/strong> of eroticism simmering beneath the surface of Paris, in the footsteps of famous models, nude dancers, prostitutes, and lovers renowned for their loose morals. Paris is brimming with <strong>stories and gossip<\/strong> and this is your chance to peer behind the scenes, whilst keeping the secret of romantic love and raging passion.<\/p>\n<p style=\"text-align: justify;\">the itinerary, in the 9th district of Paris will reveal many stories happening in the buildings passed by. Especially around renown <strong>place Pigalle<\/strong>, heart of the <strong>infamous Parisian red light district<\/strong>, where actors, prostitutes, the mob, young newcomers used to mix with standard tourists in cabarets or strippers clubs.<br \/>\nThe end of the tour is located in a <strong>former high class brothel<\/strong> turned into a retro decorated fancy hotel.<\/p>\n<p>&nbsp;<\/p>\n","protected":false},"excerpt":{"rendered":"<p>A stroll around the streets of <strong>Pigalle<\/strong>, the world famous ancient red light district of Paris will show you hidden tracks and buildings linked to the <strong>love business<\/strong>. With around 10 000 prostitutes, cabarets and erotic shows in Paris at the end of the nineteenth century, the capital of France could attract visitors eager to blend in a <strong>risqu\u00e9 atmosphere<\/strong> far from home.<\/p>\n","protected":false},"featured_media":6725,"template":"","meta":{"_price":"","_stock":"","_tribe_ticket_header":"","_tribe_default_ticket_provider":"","_tribe_ticket_capacity":"0","_ticket_start_date":"","_ticket_end_date":"","_tribe_ticket_show_description":"","_tribe_ticket_show_not_going":false,"_tribe_ticket_use_global_stock":"","_tribe_ticket_global_stock_level":"","_global_stock_mode":"","_global_stock_cap":"","_tribe_rsvp_for_event":"","_tribe_ticket_going_count":"","_tribe_ticket_not_going_count":"","_tribe_tickets_list":"[]","_tribe_ticket_has_attendee_info_fields":false,"_tec_slr_enabled":"","_tec_slr_layout":""},"product_brand":[],"product_cat":[143],"product_tag":[],"class_list":{"0":"post-6436","1":"product","2":"type-product","3":"status-publish","4":"has-post-thumbnail","6":"product_cat-visit-paris","8":"first","9":"instock","10":"featured","11":"virtual","12":"product-type-simple"},"yoast_head":"<!-- This site is optimized with the Yoast SEO plugin v27.5 - https:\/\/yoast.com\/product\/yoast-seo-wordpress\/ -->\n<title>Erotic Paris - Interkultur<\/title>\n<meta name=\"robots\" content=\"index, follow, max-snippet:-1, max-image-preview:large, max-video-preview:-1\" \/>\n<link rel=\"canonical\" href=\"https:\/\/interkultur.fr\/en\/produit\/erotic-paris\/\" \/>\n<meta property=\"og:locale\" content=\"en_US\" \/>\n<meta property=\"og:type\" content=\"article\" \/>\n<meta property=\"og:title\" content=\"Erotic Paris - Interkultur\" \/>\n<meta property=\"og:description\" content=\"A stroll around the streets of Pigalle, the world famous ancient red light district of Paris will show you hidden tracks and buildings linked to the love business. With around 10 000 prostitutes, cabarets and erotic shows in Paris at the end of the nineteenth century, the capital of France could attract visitors eager to blend in a risqu\u00e9 atmosphere far from home.\" \/>\n<meta property=\"og:url\" content=\"https:\/\/interkultur.fr\/en\/produit\/erotic-paris\/\" \/>\n<meta property=\"og:site_name\" content=\"Interkultur\" \/>\n<meta property=\"article:modified_time\" content=\"2024-02-11T15:10:03+00:00\" \/>\n<meta property=\"og:image\" content=\"https:\/\/interkultur.fr\/wp-content\/uploads\/2024\/02\/nu-erotique-scaled.jpg\" \/>\n\t<meta property=\"og:image:width\" content=\"2560\" \/>\n\t<meta property=\"og:image:height\" content=\"1920\" \/>\n\t<meta property=\"og:image:type\" content=\"image\/jpeg\" \/>\n<meta name=\"twitter:card\" content=\"summary_large_image\" \/>\n<script type=\"application\/ld+json\" class=\"yoast-schema-graph\">{\"@context\":\"https:\\\/\\\/schema.org\",\"@graph\":[{\"@type\":\"WebPage\",\"@id\":\"https:\\\/\\\/interkultur.fr\\\/en\\\/produit\\\/erotic-paris\\\/\",\"url\":\"https:\\\/\\\/interkultur.fr\\\/en\\\/produit\\\/erotic-paris\\\/\",\"name\":\"Erotic Paris - Interkultur\",\"isPartOf\":{\"@id\":\"https:\\\/\\\/interkultur.fr\\\/en\\\/#website\"},\"primaryImageOfPage\":{\"@id\":\"https:\\\/\\\/interkultur.fr\\\/en\\\/produit\\\/erotic-paris\\\/#primaryimage\"},\"image\":{\"@id\":\"https:\\\/\\\/interkultur.fr\\\/en\\\/produit\\\/erotic-paris\\\/#primaryimage\"},\"thumbnailUrl\":\"https:\\\/\\\/interkultur.fr\\\/wp-content\\\/uploads\\\/2024\\\/02\\\/nu-erotique-scaled.jpg\",\"datePublished\":\"2024-02-08T17:09:08+00:00\",\"dateModified\":\"2024-02-11T15:10:03+00:00\",\"breadcrumb\":{\"@id\":\"https:\\\/\\\/interkultur.fr\\\/en\\\/produit\\\/erotic-paris\\\/#breadcrumb\"},\"inLanguage\":\"en-US\",\"potentialAction\":[{\"@type\":\"ReadAction\",\"target\":[\"https:\\\/\\\/interkultur.fr\\\/en\\\/produit\\\/erotic-paris\\\/\"]}]},{\"@type\":\"ImageObject\",\"inLanguage\":\"en-US\",\"@id\":\"https:\\\/\\\/interkultur.fr\\\/en\\\/produit\\\/erotic-paris\\\/#primaryimage\",\"url\":\"https:\\\/\\\/interkultur.fr\\\/wp-content\\\/uploads\\\/2024\\\/02\\\/nu-erotique-scaled.jpg\",\"contentUrl\":\"https:\\\/\\\/interkultur.fr\\\/wp-content\\\/uploads\\\/2024\\\/02\\\/nu-erotique-scaled.jpg\",\"width\":2560,\"height\":1920},{\"@type\":\"BreadcrumbList\",\"@id\":\"https:\\\/\\\/interkultur.fr\\\/en\\\/produit\\\/erotic-paris\\\/#breadcrumb\",\"itemListElement\":[{\"@type\":\"ListItem\",\"position\":1,\"name\":\"Accueil\",\"item\":\"https:\\\/\\\/interkultur.fr\\\/en\\\/\"},{\"@type\":\"ListItem\",\"position\":2,\"name\":\"Shop\",\"item\":\"https:\\\/\\\/interkultur.fr\\\/en\\\/shop\\\/\"},{\"@type\":\"ListItem\",\"position\":3,\"name\":\"Erotic Paris\"}]},{\"@type\":\"WebSite\",\"@id\":\"https:\\\/\\\/interkultur.fr\\\/en\\\/#website\",\"url\":\"https:\\\/\\\/interkultur.fr\\\/en\\\/\",\"name\":\"Interkultur\",\"description\":\"Visites et \u00e9v\u00e9nements culturels dans le Paris secret li\u00e9s \u00e0 l\u2019Histoire, l\u2019art, et la valorisation du patrimoine et des savoirs faire.\",\"potentialAction\":[{\"@type\":\"SearchAction\",\"target\":{\"@type\":\"EntryPoint\",\"urlTemplate\":\"https:\\\/\\\/interkultur.fr\\\/en\\\/?s={search_term_string}\"},\"query-input\":{\"@type\":\"PropertyValueSpecification\",\"valueRequired\":true,\"valueName\":\"search_term_string\"}}],\"inLanguage\":\"en-US\"}]}<\/script>\n<!-- \/ Yoast SEO plugin. -->","yoast_head_json":{"title":"Erotic Paris - Interkultur","robots":{"index":"index","follow":"follow","max-snippet":"max-snippet:-1","max-image-preview":"max-image-preview:large","max-video-preview":"max-video-preview:-1"},"canonical":"https:\/\/interkultur.fr\/en\/produit\/erotic-paris\/","og_locale":"en_US","og_type":"article","og_title":"Erotic Paris - Interkultur","og_description":"A stroll around the streets of Pigalle, the world famous ancient red light district of Paris will show you hidden tracks and buildings linked to the love business. With around 10 000 prostitutes, cabarets and erotic shows in Paris at the end of the nineteenth century, the capital of France could attract visitors eager to blend in a risqu\u00e9 atmosphere far from home.","og_url":"https:\/\/interkultur.fr\/en\/produit\/erotic-paris\/","og_site_name":"Interkultur","article_modified_time":"2024-02-11T15:10:03+00:00","og_image":[{"width":2560,"height":1920,"url":"https:\/\/interkultur.fr\/wp-content\/uploads\/2024\/02\/nu-erotique-scaled.jpg","type":"image\/jpeg"}],"twitter_card":"summary_large_image","schema":{"@context":"https:\/\/schema.org","@graph":[{"@type":"WebPage","@id":"https:\/\/interkultur.fr\/en\/produit\/erotic-paris\/","url":"https:\/\/interkultur.fr\/en\/produit\/erotic-paris\/","name":"Erotic Paris - Interkultur","isPartOf":{"@id":"https:\/\/interkultur.fr\/en\/#website"},"primaryImageOfPage":{"@id":"https:\/\/interkultur.fr\/en\/produit\/erotic-paris\/#primaryimage"},"image":{"@id":"https:\/\/interkultur.fr\/en\/produit\/erotic-paris\/#primaryimage"},"thumbnailUrl":"https:\/\/interkultur.fr\/wp-content\/uploads\/2024\/02\/nu-erotique-scaled.jpg","datePublished":"2024-02-08T17:09:08+00:00","dateModified":"2024-02-11T15:10:03+00:00","breadcrumb":{"@id":"https:\/\/interkultur.fr\/en\/produit\/erotic-paris\/#breadcrumb"},"inLanguage":"en-US","potentialAction":[{"@type":"ReadAction","target":["https:\/\/interkultur.fr\/en\/produit\/erotic-paris\/"]}]},{"@type":"ImageObject","inLanguage":"en-US","@id":"https:\/\/interkultur.fr\/en\/produit\/erotic-paris\/#primaryimage","url":"https:\/\/interkultur.fr\/wp-content\/uploads\/2024\/02\/nu-erotique-scaled.jpg","contentUrl":"https:\/\/interkultur.fr\/wp-content\/uploads\/2024\/02\/nu-erotique-scaled.jpg","width":2560,"height":1920},{"@type":"BreadcrumbList","@id":"https:\/\/interkultur.fr\/en\/produit\/erotic-paris\/#breadcrumb","itemListElement":[{"@type":"ListItem","position":1,"name":"Accueil","item":"https:\/\/interkultur.fr\/en\/"},{"@type":"ListItem","position":2,"name":"Shop","item":"https:\/\/interkultur.fr\/en\/shop\/"},{"@type":"ListItem","position":3,"name":"Erotic Paris"}]},{"@type":"WebSite","@id":"https:\/\/interkultur.fr\/en\/#website","url":"https:\/\/interkultur.fr\/en\/","name":"Interkultur","description":"Visites et \u00e9v\u00e9nements culturels dans le Paris secret li\u00e9s \u00e0 l\u2019Histoire, l\u2019art, et la valorisation du patrimoine et des savoirs faire.","potentialAction":[{"@type":"SearchAction","target":{"@type":"EntryPoint","urlTemplate":"https:\/\/interkultur.fr\/en\/?s={search_term_string}"},"query-input":{"@type":"PropertyValueSpecification","valueRequired":true,"valueName":"search_term_string"}}],"inLanguage":"en-US"}]}},"_links":{"self":[{"href":"https:\/\/interkultur.fr\/en\/wp-json\/wp\/v2\/product\/6436","targetHints":{"allow":["GET"]}}],"collection":[{"href":"https:\/\/interkultur.fr\/en\/wp-json\/wp\/v2\/product"}],"about":[{"href":"https:\/\/interkultur.fr\/en\/wp-json\/wp\/v2\/types\/product"}],"wp:featuredmedia":[{"embeddable":true,"href":"https:\/\/interkultur.fr\/en\/wp-json\/wp\/v2\/media\/6725"}],"wp:attachment":[{"href":"https:\/\/interkultur.fr\/en\/wp-json\/wp\/v2\/media?parent=6436"}],"wp:term":[{"taxonomy":"product_brand","embeddable":true,"href":"https:\/\/interkultur.fr\/en\/wp-json\/wp\/v2\/product_brand?post=6436"},{"taxonomy":"product_cat","embeddable":true,"href":"https:\/\/interkultur.fr\/en\/wp-json\/wp\/v2\/product_cat?post=6436"},{"taxonomy":"product_tag","embeddable":true,"href":"https:\/\/interkultur.fr\/en\/wp-json\/wp\/v2\/product_tag?post=6436"}],"curies":[{"name":"wp","href":"https:\/\/api.w.org\/{rel}","templated":true}]}}