{"id":6438,"date":"2024-02-06T17:18:59","date_gmt":"2024-02-06T16:18:59","guid":{"rendered":"https:\/\/interkultur.fr\/?post_type=product&#038;p=6438"},"modified":"2024-02-11T17:50:44","modified_gmt":"2024-02-11T16:50:44","slug":"montparnasse","status":"publish","type":"product","link":"https:\/\/interkultur.fr\/en\/produit\/montparnasse\/","title":{"rendered":"Montparnasse"},"content":{"rendered":"<h2>Montparnasse<\/h2>\n<p style=\"text-align: justify;\"><strong>Practical information<\/strong><\/p>\n<ul>\n<li>Location : M\u00e9tro\u00a0Vavin (line 4)<\/li>\n<li>Duration : 2h15<\/li>\n<li>Walking tour<\/li>\n<li>Small group (up to 8 people) 50-80\u20ac pp<\/li>\n<li>Private group tour\u00a0at any date (270\u20ac\/group)<\/li>\n<\/ul>\n<p>&nbsp;<\/p>\n<p style=\"text-align: justify;\">Today Montparnasse is well known for its tower, the train station and its many theaters. However, the district was from 1900, and especially during the interwar years, <strong>the heart of the artistic and intellectual Parisian life<\/strong>, after the heyday of Montmartre and just before Saint-Germain-des-Pr\u00e9s. After Apollinaire, Gauguin or Matisse, <strong>many foreign artists<\/strong>, mostly Jews, went into <strong>exile in Paris<\/strong> to find favorable conditions to the development of their art. Modigliani, Zadkine, Soutine, Chagall and many others formed then the <strong>\u201cSchool of Paris\u201d<\/strong>, a name that rather refers to a group of artists than a real artistic movement.<\/p>\n<p style=\"text-align: justify;\">This walk will bring you at <strong>the time of this old Montparnasse!<\/strong> Along <strong>artists\u2019 studios<\/strong>, <strong>unsuspected green paths<\/strong> and <strong>other curiosities<\/strong>, (re)discover the charms of Montparnasse neighborhood.<\/p>\n<p style=\"text-align: justify;\">We&#8217;ll start first with the <strong>4 great brasseries<\/strong> where it all began: la Rotonde, le D\u00f4me, le Select and la Coupole. Who remembers one of the most famous Russian revolutionary started in one of them as a waiter! <strong>So many famous artists<\/strong> joined there it would be impossible to name them all. Most of them, at this time penniless, spent more time putting the world to tights than consume\u2026<\/p>\n<p style=\"text-align: justify;\">We&#8217;ll then go around a few Streets <strong>full of charm<\/strong> and ancient famous artists workshop as well as many still in use. a <strong>few museums worthy<\/strong> to be talked about are also on the way.<\/p>\n<p style=\"text-align: justify;\">The stroll will take us after at the <strong>Montparnasse cemetery<\/strong>. It holds tombs of a few people emblematic of the area as well as famous philosopher <strong>Jean Paul Sartre<\/strong> or singer <strong>Serge Gainsbourg<\/strong>. A short distance apart, the rue de la Gait\u00e9 (&#8220;cheerfulness&#8221;), lined with pubs and theatres, still bears an <strong>atmosphere of the ancient Montparnasse<\/strong>, especially with the many <strong>crepes restaurants<\/strong>, held by people arriving form <strong>Brittany<\/strong> to the Montparnasse train station next door.<\/p>\n<p style=\"text-align: justify;\"><strong>Insolite back alleys<\/strong>, modernist architecture square and elevated pathways will take us to the train station, above which lies a <strong>hidden garden<\/strong>, clammed in between 1980&#8217;s block of flats. More city of Paris museums are also there, including the <strong>Liberation of Paris<\/strong> one, as the German occupying troops surrender there, in the old station, back in august 1944.<\/p>\n<p style=\"text-align: justify;\">From <strong>small pathways<\/strong>, we&#8217;ll hit more back <strong>cobbled streets<\/strong> full of plants and flowers before ending the tour outside a last <strong>open air impressive sculpture museum<\/strong>, with the artist workshop still as it was during his life time.<\/p>\n<p>&nbsp;<\/p>\n","protected":false},"excerpt":{"rendered":"<p>This is an <strong>enchanting<\/strong> tour in the Montparnasse area. Even if today, the neighborhood is more well known for a huge commercial centre, train station and its <strong>emblematic 1970&#8217;s tower<\/strong>, Montparnasse is filled with <strong>back alleys, amazing stories, artists homes<\/strong> and\u00a0<strong>workshops<\/strong>\u00a0as well as\u00a0a <strong>vibrant day and night life<\/strong> especially embodied with the famous great brasseries that made the area <strong>famous around the world<\/strong> in the first half of the twentieth century.<\/p>\n","protected":false},"featured_media":6606,"template":"","meta":{"_price":"","_stock":"","_tribe_ticket_header":"","_tribe_default_ticket_provider":"","_tribe_ticket_capacity":"0","_ticket_start_date":"","_ticket_end_date":"","_tribe_ticket_show_description":"","_tribe_ticket_show_not_going":false,"_tribe_ticket_use_global_stock":"","_tribe_ticket_global_stock_level":"","_global_stock_mode":"","_global_stock_cap":"","_tribe_rsvp_for_event":"","_tribe_ticket_going_count":"","_tribe_ticket_not_going_count":"","_tribe_tickets_list":"[]","_tribe_ticket_has_attendee_info_fields":false,"_tec_slr_enabled":"","_tec_slr_layout":""},"product_brand":[],"product_cat":[143],"product_tag":[],"class_list":{"0":"post-6438","1":"product","2":"type-product","3":"status-publish","4":"has-post-thumbnail","6":"product_cat-visit-paris","8":"first","9":"instock","10":"featured","11":"virtual","12":"product-type-simple"},"yoast_head":"<!-- This site is optimized with the Yoast SEO plugin v27.5 - https:\/\/yoast.com\/product\/yoast-seo-wordpress\/ -->\n<title>Montparnasse - Interkultur<\/title>\n<meta name=\"robots\" content=\"index, follow, max-snippet:-1, max-image-preview:large, max-video-preview:-1\" \/>\n<link rel=\"canonical\" href=\"https:\/\/interkultur.fr\/en\/produit\/montparnasse\/\" \/>\n<meta property=\"og:locale\" content=\"en_US\" \/>\n<meta property=\"og:type\" content=\"article\" \/>\n<meta property=\"og:title\" content=\"Montparnasse - Interkultur\" \/>\n<meta property=\"og:description\" content=\"This is an enchanting tour in the Montparnasse area. Even if today, the neighborhood is more well known for a huge commercial centre, train station and its emblematic 1970&#039;s tower, Montparnasse is filled with back alleys, amazing stories, artists homes and\u00a0workshops\u00a0as well as\u00a0a vibrant day and night life especially embodied with the famous great brasseries that made the area famous around the world in the first half of the twentieth century.\" \/>\n<meta property=\"og:url\" content=\"https:\/\/interkultur.fr\/en\/produit\/montparnasse\/\" \/>\n<meta property=\"og:site_name\" content=\"Interkultur\" \/>\n<meta property=\"article:modified_time\" content=\"2024-02-11T16:50:44+00:00\" \/>\n<meta property=\"og:image\" content=\"https:\/\/interkultur.fr\/wp-content\/uploads\/2024\/02\/Cimetiere-scaled.jpg\" \/>\n\t<meta property=\"og:image:width\" content=\"1920\" \/>\n\t<meta property=\"og:image:height\" content=\"2560\" \/>\n\t<meta property=\"og:image:type\" content=\"image\/jpeg\" \/>\n<meta name=\"twitter:card\" content=\"summary_large_image\" \/>\n<script type=\"application\/ld+json\" class=\"yoast-schema-graph\">{\"@context\":\"https:\\\/\\\/schema.org\",\"@graph\":[{\"@type\":\"WebPage\",\"@id\":\"https:\\\/\\\/interkultur.fr\\\/en\\\/produit\\\/montparnasse\\\/\",\"url\":\"https:\\\/\\\/interkultur.fr\\\/en\\\/produit\\\/montparnasse\\\/\",\"name\":\"Montparnasse - Interkultur\",\"isPartOf\":{\"@id\":\"https:\\\/\\\/interkultur.fr\\\/en\\\/#website\"},\"primaryImageOfPage\":{\"@id\":\"https:\\\/\\\/interkultur.fr\\\/en\\\/produit\\\/montparnasse\\\/#primaryimage\"},\"image\":{\"@id\":\"https:\\\/\\\/interkultur.fr\\\/en\\\/produit\\\/montparnasse\\\/#primaryimage\"},\"thumbnailUrl\":\"https:\\\/\\\/interkultur.fr\\\/wp-content\\\/uploads\\\/2024\\\/02\\\/IMG_5297-scaled.jpg\",\"datePublished\":\"2024-02-06T16:18:59+00:00\",\"dateModified\":\"2024-02-11T16:50:44+00:00\",\"breadcrumb\":{\"@id\":\"https:\\\/\\\/interkultur.fr\\\/en\\\/produit\\\/montparnasse\\\/#breadcrumb\"},\"inLanguage\":\"en-US\",\"potentialAction\":[{\"@type\":\"ReadAction\",\"target\":[\"https:\\\/\\\/interkultur.fr\\\/en\\\/produit\\\/montparnasse\\\/\"]}]},{\"@type\":\"ImageObject\",\"inLanguage\":\"en-US\",\"@id\":\"https:\\\/\\\/interkultur.fr\\\/en\\\/produit\\\/montparnasse\\\/#primaryimage\",\"url\":\"https:\\\/\\\/interkultur.fr\\\/wp-content\\\/uploads\\\/2024\\\/02\\\/IMG_5297-scaled.jpg\",\"contentUrl\":\"https:\\\/\\\/interkultur.fr\\\/wp-content\\\/uploads\\\/2024\\\/02\\\/IMG_5297-scaled.jpg\",\"width\":1920,\"height\":2560},{\"@type\":\"BreadcrumbList\",\"@id\":\"https:\\\/\\\/interkultur.fr\\\/en\\\/produit\\\/montparnasse\\\/#breadcrumb\",\"itemListElement\":[{\"@type\":\"ListItem\",\"position\":1,\"name\":\"Accueil\",\"item\":\"https:\\\/\\\/interkultur.fr\\\/en\\\/\"},{\"@type\":\"ListItem\",\"position\":2,\"name\":\"Shop\",\"item\":\"https:\\\/\\\/interkultur.fr\\\/en\\\/shop\\\/\"},{\"@type\":\"ListItem\",\"position\":3,\"name\":\"Montparnasse\"}]},{\"@type\":\"WebSite\",\"@id\":\"https:\\\/\\\/interkultur.fr\\\/en\\\/#website\",\"url\":\"https:\\\/\\\/interkultur.fr\\\/en\\\/\",\"name\":\"Interkultur\",\"description\":\"Visites et \u00e9v\u00e9nements culturels dans le Paris secret li\u00e9s \u00e0 l\u2019Histoire, l\u2019art, et la valorisation du patrimoine et des savoirs faire.\",\"potentialAction\":[{\"@type\":\"SearchAction\",\"target\":{\"@type\":\"EntryPoint\",\"urlTemplate\":\"https:\\\/\\\/interkultur.fr\\\/en\\\/?s={search_term_string}\"},\"query-input\":{\"@type\":\"PropertyValueSpecification\",\"valueRequired\":true,\"valueName\":\"search_term_string\"}}],\"inLanguage\":\"en-US\"}]}<\/script>\n<!-- \/ Yoast SEO plugin. -->","yoast_head_json":{"title":"Montparnasse - Interkultur","robots":{"index":"index","follow":"follow","max-snippet":"max-snippet:-1","max-image-preview":"max-image-preview:large","max-video-preview":"max-video-preview:-1"},"canonical":"https:\/\/interkultur.fr\/en\/produit\/montparnasse\/","og_locale":"en_US","og_type":"article","og_title":"Montparnasse - Interkultur","og_description":"This is an enchanting tour in the Montparnasse area. Even if today, the neighborhood is more well known for a huge commercial centre, train station and its emblematic 1970's tower, Montparnasse is filled with back alleys, amazing stories, artists homes and\u00a0workshops\u00a0as well as\u00a0a vibrant day and night life especially embodied with the famous great brasseries that made the area famous around the world in the first half of the twentieth century.","og_url":"https:\/\/interkultur.fr\/en\/produit\/montparnasse\/","og_site_name":"Interkultur","article_modified_time":"2024-02-11T16:50:44+00:00","og_image":[{"width":1920,"height":2560,"url":"https:\/\/interkultur.fr\/wp-content\/uploads\/2024\/02\/Cimetiere-scaled.jpg","type":"image\/jpeg"}],"twitter_card":"summary_large_image","schema":{"@context":"https:\/\/schema.org","@graph":[{"@type":"WebPage","@id":"https:\/\/interkultur.fr\/en\/produit\/montparnasse\/","url":"https:\/\/interkultur.fr\/en\/produit\/montparnasse\/","name":"Montparnasse - Interkultur","isPartOf":{"@id":"https:\/\/interkultur.fr\/en\/#website"},"primaryImageOfPage":{"@id":"https:\/\/interkultur.fr\/en\/produit\/montparnasse\/#primaryimage"},"image":{"@id":"https:\/\/interkultur.fr\/en\/produit\/montparnasse\/#primaryimage"},"thumbnailUrl":"https:\/\/interkultur.fr\/wp-content\/uploads\/2024\/02\/IMG_5297-scaled.jpg","datePublished":"2024-02-06T16:18:59+00:00","dateModified":"2024-02-11T16:50:44+00:00","breadcrumb":{"@id":"https:\/\/interkultur.fr\/en\/produit\/montparnasse\/#breadcrumb"},"inLanguage":"en-US","potentialAction":[{"@type":"ReadAction","target":["https:\/\/interkultur.fr\/en\/produit\/montparnasse\/"]}]},{"@type":"ImageObject","inLanguage":"en-US","@id":"https:\/\/interkultur.fr\/en\/produit\/montparnasse\/#primaryimage","url":"https:\/\/interkultur.fr\/wp-content\/uploads\/2024\/02\/IMG_5297-scaled.jpg","contentUrl":"https:\/\/interkultur.fr\/wp-content\/uploads\/2024\/02\/IMG_5297-scaled.jpg","width":1920,"height":2560},{"@type":"BreadcrumbList","@id":"https:\/\/interkultur.fr\/en\/produit\/montparnasse\/#breadcrumb","itemListElement":[{"@type":"ListItem","position":1,"name":"Accueil","item":"https:\/\/interkultur.fr\/en\/"},{"@type":"ListItem","position":2,"name":"Shop","item":"https:\/\/interkultur.fr\/en\/shop\/"},{"@type":"ListItem","position":3,"name":"Montparnasse"}]},{"@type":"WebSite","@id":"https:\/\/interkultur.fr\/en\/#website","url":"https:\/\/interkultur.fr\/en\/","name":"Interkultur","description":"Visites et \u00e9v\u00e9nements culturels dans le Paris secret li\u00e9s \u00e0 l\u2019Histoire, l\u2019art, et la valorisation du patrimoine et des savoirs faire.","potentialAction":[{"@type":"SearchAction","target":{"@type":"EntryPoint","urlTemplate":"https:\/\/interkultur.fr\/en\/?s={search_term_string}"},"query-input":{"@type":"PropertyValueSpecification","valueRequired":true,"valueName":"search_term_string"}}],"inLanguage":"en-US"}]}},"_links":{"self":[{"href":"https:\/\/interkultur.fr\/en\/wp-json\/wp\/v2\/product\/6438","targetHints":{"allow":["GET"]}}],"collection":[{"href":"https:\/\/interkultur.fr\/en\/wp-json\/wp\/v2\/product"}],"about":[{"href":"https:\/\/interkultur.fr\/en\/wp-json\/wp\/v2\/types\/product"}],"wp:featuredmedia":[{"embeddable":true,"href":"https:\/\/interkultur.fr\/en\/wp-json\/wp\/v2\/media\/6606"}],"wp:attachment":[{"href":"https:\/\/interkultur.fr\/en\/wp-json\/wp\/v2\/media?parent=6438"}],"wp:term":[{"taxonomy":"product_brand","embeddable":true,"href":"https:\/\/interkultur.fr\/en\/wp-json\/wp\/v2\/product_brand?post=6438"},{"taxonomy":"product_cat","embeddable":true,"href":"https:\/\/interkultur.fr\/en\/wp-json\/wp\/v2\/product_cat?post=6438"},{"taxonomy":"product_tag","embeddable":true,"href":"https:\/\/interkultur.fr\/en\/wp-json\/wp\/v2\/product_tag?post=6438"}],"curies":[{"name":"wp","href":"https:\/\/api.w.org\/{rel}","templated":true}]}}