{"id":6439,"date":"2024-02-08T18:18:38","date_gmt":"2024-02-08T17:18:38","guid":{"rendered":"https:\/\/interkultur.fr\/?post_type=product&#038;p=6439"},"modified":"2024-02-11T17:42:33","modified_gmt":"2024-02-11T16:42:33","slug":"gothic-paris-around-notre-dame","status":"publish","type":"product","link":"https:\/\/interkultur.fr\/en\/produit\/gothic-paris-around-notre-dame\/","title":{"rendered":"Gothic Paris around Notre Dame"},"content":{"rendered":"<h3>Gothic Paris around Notre Dame<\/h3>\n<p><strong>Practical informations<\/strong><\/p>\n<ul>\n<li>Location: 1, quai de la Corse outside the Tribunal (M\u00e9tro Cit\u00e9 line 4)<\/li>\n<li>Duration : 2h (3h with optional visits)<\/li>\n<li>walking tour<\/li>\n<li>Medieval buildings including Notre Dame (exterior) and two smaller churches<\/li>\n<li><strong>Sainte Chapelle and Conciergerie on option<\/strong> at the end of the tour (20\u20ac\/pers)<\/li>\n<li>Small group (up to 8 people) 50-80\u20ac pp<\/li>\n<li>Private group tour\u00a0at any date (270\u20ac\/group) + tickets on top<\/li>\n<\/ul>\n<p>&nbsp;<\/p>\n<p style=\"text-align: justify;\">The Gothic Paris around Notre Dame\u00a0seminar is aimed at understanding the evolution in <strong>Gothic architecture<\/strong>, both civilian and religious. We&#8217;ll also talk of the <strong>political<\/strong> and <strong>historic implications<\/strong> implied by the concentration of Judicial, legislative, executive and religious powers on this fairly small island.<\/p>\n<p style=\"text-align: justify;\">We&#8217;ll first take a look at the <strong>Cit\u00e9 Palace<\/strong>, now home of the the investigation police and the Palais de Justice, but first palace of the French Kings, when they settled in Paris.<br \/>\nMost of the elements left today date the 13th and 14th century, when the Kings expanded the Palace. Towers, walls and the impressive\u00a0<strong>second biggest Gothic vaulted room in the world<\/strong> (the Conciergerie).<\/p>\n<p style=\"text-align: justify;\">King Saint Louis, in 1242, started the construction of the Sainte Chapelle, jewel of Gothic art, to house the most holy relic in the christian world: the <strong>Crown of thorns<\/strong> of the\u00a0Christ.<br \/>\nNote the Sainte Chapelle requires advance booking.<\/p>\n<p style=\"text-align: justify;\">We&#8217;ll head after for one of the most visited monument in the world: <strong>Cathedral Notre Dame<\/strong>.<br \/>\nStarted in 1163, and completed by the 1250&#8217;s. The magnificent roses where added in the 15th century. <strong>The most prestigious and important Church in France<\/strong> was deprived from most of its jewels and art works during the French Revolution, even used as a warehouse for a few years. Refurbishment was led in the 19th century with exciting changes! Due to the fire in April 2019, interior visits have been suspended.<\/p>\n<p style=\"text-align: justify;\">After Notre Dame, we&#8217;ll head for a more remote area on the island, before admiring the cathedral from the back, with <strong>some key Gothic elements<\/strong> to understand the structure. More medieval building will be on the way and even the oldest tree in Paris in a garden nearby, prior to see the two last Churches of the tour, witnessing <strong>changes in the Gothic art<\/strong>, from primitive to flamboyant.<\/p>\n<p>&nbsp;<\/p>\n","protected":false},"excerpt":{"rendered":"<p style=\"text-align: justify;\">This tour will explore the Cit\u00e9 Island with some of the <strong>most beautiful Gothic monuments<\/strong> built in Paris. After a reminder of what the Paris urban plan was in the Middle Ages, we&#8217;ll discover the <strong>former palace of the Kings<\/strong>, now home of the <strong>Palais de Justice<\/strong> (courthouse) where the Queen was on trial during the French Revolution, <strong>the Saint Chapel<\/strong>, <strong>the Conciergerie<\/strong> (prison during the French Revolution) from the outside, and of course the\u00a0<strong>Cathedral Notre Dame<\/strong>\u00a0both from outside and inside. The tour will end in the Latin Quarter with a few last interesting places.<\/p>\n<p style=\"text-align: justify;\"><strong>Note that due to long lines and security checks, Sainte Chapelle and Conciergerie are on optional visit for the end of the tour and require advanced booking.\u00a0<\/strong><\/p>\n<p>NOTE THAT NOTRE DAME CATHEDRAL WILL REMAIN CLOSED UNTIL APRIL 2025 DUE TO THE 2019 FIRE.<\/p>\n","protected":false},"featured_media":6571,"template":"","meta":{"_price":"","_stock":"","_tribe_ticket_header":"","_tribe_default_ticket_provider":"","_tribe_ticket_capacity":"0","_ticket_start_date":"","_ticket_end_date":"","_tribe_ticket_show_description":"","_tribe_ticket_show_not_going":false,"_tribe_ticket_use_global_stock":"","_tribe_ticket_global_stock_level":"","_global_stock_mode":"","_global_stock_cap":"","_tribe_rsvp_for_event":"","_tribe_ticket_going_count":"","_tribe_ticket_not_going_count":"","_tribe_tickets_list":"[]","_tribe_ticket_has_attendee_info_fields":false,"_tec_slr_enabled":"","_tec_slr_layout":""},"product_brand":[],"product_cat":[143],"product_tag":[],"class_list":{"0":"post-6439","1":"product","2":"type-product","3":"status-publish","4":"has-post-thumbnail","6":"product_cat-visit-paris","8":"first","9":"instock","10":"featured","11":"virtual","12":"product-type-simple"},"yoast_head":"<!-- This site is optimized with the Yoast SEO plugin v27.4 - https:\/\/yoast.com\/product\/yoast-seo-wordpress\/ -->\n<title>Gothic Paris around Notre Dame - Interkultur<\/title>\n<meta name=\"robots\" content=\"index, follow, max-snippet:-1, max-image-preview:large, max-video-preview:-1\" \/>\n<link rel=\"canonical\" href=\"https:\/\/interkultur.fr\/en\/produit\/gothic-paris-around-notre-dame\/\" \/>\n<meta property=\"og:locale\" content=\"en_US\" \/>\n<meta property=\"og:type\" content=\"article\" \/>\n<meta property=\"og:title\" content=\"Gothic Paris around Notre Dame - Interkultur\" \/>\n<meta property=\"og:description\" content=\"This tour will explore the Cit\u00e9 Island with some of the most beautiful Gothic monuments built in Paris. After a reminder of what the Paris urban plan was in the Middle Ages, we&#039;ll discover the former palace of the Kings, now home of the Palais de Justice (courthouse) where the Queen was on trial during the French Revolution, the Saint Chapel, the Conciergerie (prison during the French Revolution) from the outside, and of course the\u00a0Cathedral Notre Dame\u00a0both from outside and inside. The tour will end in the Latin Quarter with a few last interesting places. Note that due to long lines and security checks, Sainte Chapelle and Conciergerie are on optional visit for the end of the tour and require advanced booking.\u00a0 NOTE THAT NOTRE DAME CATHEDRAL WILL REMAIN CLOSED UNTIL APRIL 2025 DUE TO THE 2019 FIRE.\" \/>\n<meta property=\"og:url\" content=\"https:\/\/interkultur.fr\/en\/produit\/gothic-paris-around-notre-dame\/\" \/>\n<meta property=\"og:site_name\" content=\"Interkultur\" \/>\n<meta property=\"article:modified_time\" content=\"2024-02-11T16:42:33+00:00\" \/>\n<meta property=\"og:image\" content=\"https:\/\/interkultur.fr\/wp-content\/uploads\/2024\/02\/Conciergerie.jpg\" \/>\n\t<meta property=\"og:image:width\" content=\"960\" \/>\n\t<meta property=\"og:image:height\" content=\"720\" \/>\n\t<meta property=\"og:image:type\" content=\"image\/jpeg\" \/>\n<meta name=\"twitter:card\" content=\"summary_large_image\" \/>\n<script type=\"application\/ld+json\" class=\"yoast-schema-graph\">{\"@context\":\"https:\\\/\\\/schema.org\",\"@graph\":[{\"@type\":\"WebPage\",\"@id\":\"https:\\\/\\\/interkultur.fr\\\/en\\\/produit\\\/gothic-paris-around-notre-dame\\\/\",\"url\":\"https:\\\/\\\/interkultur.fr\\\/en\\\/produit\\\/gothic-paris-around-notre-dame\\\/\",\"name\":\"Gothic Paris around Notre Dame - Interkultur\",\"isPartOf\":{\"@id\":\"https:\\\/\\\/interkultur.fr\\\/en\\\/#website\"},\"primaryImageOfPage\":{\"@id\":\"https:\\\/\\\/interkultur.fr\\\/en\\\/produit\\\/gothic-paris-around-notre-dame\\\/#primaryimage\"},\"image\":{\"@id\":\"https:\\\/\\\/interkultur.fr\\\/en\\\/produit\\\/gothic-paris-around-notre-dame\\\/#primaryimage\"},\"thumbnailUrl\":\"https:\\\/\\\/interkultur.fr\\\/wp-content\\\/uploads\\\/2024\\\/02\\\/Conciergerie.jpg\",\"datePublished\":\"2024-02-08T17:18:38+00:00\",\"dateModified\":\"2024-02-11T16:42:33+00:00\",\"breadcrumb\":{\"@id\":\"https:\\\/\\\/interkultur.fr\\\/en\\\/produit\\\/gothic-paris-around-notre-dame\\\/#breadcrumb\"},\"inLanguage\":\"en-US\",\"potentialAction\":[{\"@type\":\"ReadAction\",\"target\":[\"https:\\\/\\\/interkultur.fr\\\/en\\\/produit\\\/gothic-paris-around-notre-dame\\\/\"]}]},{\"@type\":\"ImageObject\",\"inLanguage\":\"en-US\",\"@id\":\"https:\\\/\\\/interkultur.fr\\\/en\\\/produit\\\/gothic-paris-around-notre-dame\\\/#primaryimage\",\"url\":\"https:\\\/\\\/interkultur.fr\\\/wp-content\\\/uploads\\\/2024\\\/02\\\/Conciergerie.jpg\",\"contentUrl\":\"https:\\\/\\\/interkultur.fr\\\/wp-content\\\/uploads\\\/2024\\\/02\\\/Conciergerie.jpg\",\"width\":960,\"height\":720},{\"@type\":\"BreadcrumbList\",\"@id\":\"https:\\\/\\\/interkultur.fr\\\/en\\\/produit\\\/gothic-paris-around-notre-dame\\\/#breadcrumb\",\"itemListElement\":[{\"@type\":\"ListItem\",\"position\":1,\"name\":\"Accueil\",\"item\":\"https:\\\/\\\/interkultur.fr\\\/en\\\/\"},{\"@type\":\"ListItem\",\"position\":2,\"name\":\"Shop\",\"item\":\"https:\\\/\\\/interkultur.fr\\\/en\\\/shop\\\/\"},{\"@type\":\"ListItem\",\"position\":3,\"name\":\"Gothic Paris around Notre Dame\"}]},{\"@type\":\"WebSite\",\"@id\":\"https:\\\/\\\/interkultur.fr\\\/en\\\/#website\",\"url\":\"https:\\\/\\\/interkultur.fr\\\/en\\\/\",\"name\":\"Interkultur\",\"description\":\"Visites et \u00e9v\u00e9nements culturels dans le Paris secret li\u00e9s \u00e0 l\u2019Histoire, l\u2019art, et la valorisation du patrimoine et des savoirs faire.\",\"potentialAction\":[{\"@type\":\"SearchAction\",\"target\":{\"@type\":\"EntryPoint\",\"urlTemplate\":\"https:\\\/\\\/interkultur.fr\\\/en\\\/?s={search_term_string}\"},\"query-input\":{\"@type\":\"PropertyValueSpecification\",\"valueRequired\":true,\"valueName\":\"search_term_string\"}}],\"inLanguage\":\"en-US\"}]}<\/script>\n<!-- \/ Yoast SEO plugin. -->","yoast_head_json":{"title":"Gothic Paris around Notre Dame - Interkultur","robots":{"index":"index","follow":"follow","max-snippet":"max-snippet:-1","max-image-preview":"max-image-preview:large","max-video-preview":"max-video-preview:-1"},"canonical":"https:\/\/interkultur.fr\/en\/produit\/gothic-paris-around-notre-dame\/","og_locale":"en_US","og_type":"article","og_title":"Gothic Paris around Notre Dame - Interkultur","og_description":"This tour will explore the Cit\u00e9 Island with some of the most beautiful Gothic monuments built in Paris. After a reminder of what the Paris urban plan was in the Middle Ages, we'll discover the former palace of the Kings, now home of the Palais de Justice (courthouse) where the Queen was on trial during the French Revolution, the Saint Chapel, the Conciergerie (prison during the French Revolution) from the outside, and of course the\u00a0Cathedral Notre Dame\u00a0both from outside and inside. The tour will end in the Latin Quarter with a few last interesting places. Note that due to long lines and security checks, Sainte Chapelle and Conciergerie are on optional visit for the end of the tour and require advanced booking.\u00a0 NOTE THAT NOTRE DAME CATHEDRAL WILL REMAIN CLOSED UNTIL APRIL 2025 DUE TO THE 2019 FIRE.","og_url":"https:\/\/interkultur.fr\/en\/produit\/gothic-paris-around-notre-dame\/","og_site_name":"Interkultur","article_modified_time":"2024-02-11T16:42:33+00:00","og_image":[{"width":960,"height":720,"url":"https:\/\/interkultur.fr\/wp-content\/uploads\/2024\/02\/Conciergerie.jpg","type":"image\/jpeg"}],"twitter_card":"summary_large_image","schema":{"@context":"https:\/\/schema.org","@graph":[{"@type":"WebPage","@id":"https:\/\/interkultur.fr\/en\/produit\/gothic-paris-around-notre-dame\/","url":"https:\/\/interkultur.fr\/en\/produit\/gothic-paris-around-notre-dame\/","name":"Gothic Paris around Notre Dame - Interkultur","isPartOf":{"@id":"https:\/\/interkultur.fr\/en\/#website"},"primaryImageOfPage":{"@id":"https:\/\/interkultur.fr\/en\/produit\/gothic-paris-around-notre-dame\/#primaryimage"},"image":{"@id":"https:\/\/interkultur.fr\/en\/produit\/gothic-paris-around-notre-dame\/#primaryimage"},"thumbnailUrl":"https:\/\/interkultur.fr\/wp-content\/uploads\/2024\/02\/Conciergerie.jpg","datePublished":"2024-02-08T17:18:38+00:00","dateModified":"2024-02-11T16:42:33+00:00","breadcrumb":{"@id":"https:\/\/interkultur.fr\/en\/produit\/gothic-paris-around-notre-dame\/#breadcrumb"},"inLanguage":"en-US","potentialAction":[{"@type":"ReadAction","target":["https:\/\/interkultur.fr\/en\/produit\/gothic-paris-around-notre-dame\/"]}]},{"@type":"ImageObject","inLanguage":"en-US","@id":"https:\/\/interkultur.fr\/en\/produit\/gothic-paris-around-notre-dame\/#primaryimage","url":"https:\/\/interkultur.fr\/wp-content\/uploads\/2024\/02\/Conciergerie.jpg","contentUrl":"https:\/\/interkultur.fr\/wp-content\/uploads\/2024\/02\/Conciergerie.jpg","width":960,"height":720},{"@type":"BreadcrumbList","@id":"https:\/\/interkultur.fr\/en\/produit\/gothic-paris-around-notre-dame\/#breadcrumb","itemListElement":[{"@type":"ListItem","position":1,"name":"Accueil","item":"https:\/\/interkultur.fr\/en\/"},{"@type":"ListItem","position":2,"name":"Shop","item":"https:\/\/interkultur.fr\/en\/shop\/"},{"@type":"ListItem","position":3,"name":"Gothic Paris around Notre Dame"}]},{"@type":"WebSite","@id":"https:\/\/interkultur.fr\/en\/#website","url":"https:\/\/interkultur.fr\/en\/","name":"Interkultur","description":"Visites et \u00e9v\u00e9nements culturels dans le Paris secret li\u00e9s \u00e0 l\u2019Histoire, l\u2019art, et la valorisation du patrimoine et des savoirs faire.","potentialAction":[{"@type":"SearchAction","target":{"@type":"EntryPoint","urlTemplate":"https:\/\/interkultur.fr\/en\/?s={search_term_string}"},"query-input":{"@type":"PropertyValueSpecification","valueRequired":true,"valueName":"search_term_string"}}],"inLanguage":"en-US"}]}},"_links":{"self":[{"href":"https:\/\/interkultur.fr\/en\/wp-json\/wp\/v2\/product\/6439","targetHints":{"allow":["GET"]}}],"collection":[{"href":"https:\/\/interkultur.fr\/en\/wp-json\/wp\/v2\/product"}],"about":[{"href":"https:\/\/interkultur.fr\/en\/wp-json\/wp\/v2\/types\/product"}],"wp:featuredmedia":[{"embeddable":true,"href":"https:\/\/interkultur.fr\/en\/wp-json\/wp\/v2\/media\/6571"}],"wp:attachment":[{"href":"https:\/\/interkultur.fr\/en\/wp-json\/wp\/v2\/media?parent=6439"}],"wp:term":[{"taxonomy":"product_brand","embeddable":true,"href":"https:\/\/interkultur.fr\/en\/wp-json\/wp\/v2\/product_brand?post=6439"},{"taxonomy":"product_cat","embeddable":true,"href":"https:\/\/interkultur.fr\/en\/wp-json\/wp\/v2\/product_cat?post=6439"},{"taxonomy":"product_tag","embeddable":true,"href":"https:\/\/interkultur.fr\/en\/wp-json\/wp\/v2\/product_tag?post=6439"}],"curies":[{"name":"wp","href":"https:\/\/api.w.org\/{rel}","templated":true}]}}