{"id":6440,"date":"2024-02-06T17:33:35","date_gmt":"2024-02-06T16:33:35","guid":{"rendered":"https:\/\/interkultur.fr\/?post_type=product&#038;p=6440"},"modified":"2025-05-23T12:27:32","modified_gmt":"2025-05-23T10:27:32","slug":"occupation-of-paris-1940-1944","status":"publish","type":"product","link":"https:\/\/interkultur.fr\/en\/produit\/occupation-of-paris-1940-1944\/","title":{"rendered":"Occupation of Paris 1940-1944"},"content":{"rendered":"<p>The Occupation of Paris\u00a0from 1940 to 1944<\/p>\n<p><strong>Practical information<\/strong><\/p>\n<ul>\n<li>Location : M\u00e9tro Grands Boulevards (line 8 and 9)<\/li>\n<li>Duration : 2h15<\/li>\n<li>Walking tour<\/li>\n<li>Small group (up to 8 people) 50-80\u20ac pp, every Mondays and Thursdays at 10:30 AM<\/li>\n<li><strong>Private group tour<\/strong> at any date (300\u20ac)<\/li>\n<\/ul>\n<p>&nbsp;<\/p>\n<p style=\"text-align: justify;\">The tour will go over the Occupation of Paris 1940- 1944 and starts right outside the exit of m\u00e9tro Grands Boulevards (lines 8 and 9) in the heart of the <strong>third Jewish district<\/strong> of Paris.<br \/>\nAfter an outline of the historical and political circumstances that led to the outbreak of the Second World war, you will be given the facts explaining the French defeat, the conditions of the <strong>armistice<\/strong> and the dividing of the country.<br \/>\nAlong the walk within the 9th district of Paris,\u00a0different aspects of the Occupation of Paris and France will be given. The first one, with a stop outside a school and a synagogue nearby,\u00a0concerning the situation of the Jews, from the new status appointed in July 1940 to the round ups and the deportations.<br \/>\nThe tour will go on with other stories of unknown people along the way, either political opponents, <strong>deported Jews<\/strong> or simple citizens facing hard times day by day.<br \/>\nThe second aspect of the tour will shed light on the <strong>economic Collaboration<\/strong> in many lines of business, luxury shops, banking and\u00a0stock market.<br \/>\nWith\u00a0the Grands Boulevards and the Opera, the third thread of the tour will give a more cultural insight of the life during the four years of Occupation, between <strong>Nazi pomp<\/strong> with music and daily parades, cin\u00e9mas, exhibitions\u00a0and shows attracting many Parisians .<br \/>\nFrom the Opera through the grands H\u00f4tels rue de Rivoli, you will the be shown the political and physical\u00a0signs of the German presence in\u00a0Paris. This will be the occasion to talk about the <strong>liberation of Paris<\/strong> in August 1944 and the events taking place in this area. Once again, <strong>incredible anecdotes<\/strong> will alternate with historical facts.<\/p>\n<p style=\"text-align: justify;\">Eventually, we\u2019ll walk past\u00a0the buildings and places most directly connected to the German Occupation of Paris from 1940 to 1944, ending at Concorde square, where a series of <strong>amazing pictures<\/strong> will help you \u00a0understand\u00a0better the way of life during this time. Finally, whilst sat on a comfortable bench overlooking the square, we will recount other stories about this troubled period, notably the works of arts stolen to the Jews and stored nearby, as well as <strong>the highlights of the Liberation of Paris.<\/strong><\/p>\n","protected":false},"excerpt":{"rendered":"<p>Amid disarray and chaos, the German army entered Paris on the 14th of June 1940. They will rule over Paris until the end of August 1944.<br \/>\nBetween grand and small history, the tour takes you to see the <strong>main\u00a0buildings<\/strong> where the <strong>German invaders<\/strong> settled and ruled for four long years. Lives, actions and fates of a few unknown people living through\u00a0this period will also be told along the way, between <strong>Occupation<\/strong>, <strong>Resistance<\/strong>, <strong>Collaboration<\/strong>, <strong>Deportation<\/strong> and <strong>Liberation<\/strong>.<\/p>\n","protected":false},"featured_media":4325,"template":"","meta":{"_price":"","_stock":"","_tribe_ticket_header":"","_tribe_default_ticket_provider":"","_tribe_ticket_capacity":"0","_ticket_start_date":"","_ticket_end_date":"","_tribe_ticket_show_description":"","_tribe_ticket_show_not_going":false,"_tribe_ticket_use_global_stock":"","_tribe_ticket_global_stock_level":"","_global_stock_mode":"","_global_stock_cap":"","_tribe_rsvp_for_event":"","_tribe_ticket_going_count":"","_tribe_ticket_not_going_count":"","_tribe_tickets_list":"[]","_tribe_ticket_has_attendee_info_fields":false,"_tec_slr_enabled":"","_tec_slr_layout":""},"product_brand":[],"product_cat":[143],"product_tag":[],"class_list":{"0":"post-6440","1":"product","2":"type-product","3":"status-publish","4":"has-post-thumbnail","6":"product_cat-visit-paris","8":"first","9":"instock","10":"featured","11":"virtual","12":"product-type-simple"},"yoast_head":"<!-- This site is optimized with the Yoast SEO plugin v27.4 - https:\/\/yoast.com\/product\/yoast-seo-wordpress\/ -->\n<title>Occupation of Paris 1940-1944 - Interkultur<\/title>\n<meta name=\"robots\" content=\"index, follow, max-snippet:-1, max-image-preview:large, max-video-preview:-1\" \/>\n<link rel=\"canonical\" href=\"https:\/\/interkultur.fr\/en\/produit\/occupation-of-paris-1940-1944\/\" \/>\n<meta property=\"og:locale\" content=\"en_US\" \/>\n<meta property=\"og:type\" content=\"article\" \/>\n<meta property=\"og:title\" content=\"Occupation of Paris 1940-1944 - Interkultur\" \/>\n<meta property=\"og:description\" content=\"Amid disarray and chaos, the German army entered Paris on the 14th of June 1940. They will rule over Paris until the end of August 1944. Between grand and small history, the tour takes you to see the main\u00a0buildings where the German invaders settled and ruled for four long years. Lives, actions and fates of a few unknown people living through\u00a0this period will also be told along the way, between Occupation, Resistance, Collaboration, Deportation and Liberation.\" \/>\n<meta property=\"og:url\" content=\"https:\/\/interkultur.fr\/en\/produit\/occupation-of-paris-1940-1944\/\" \/>\n<meta property=\"og:site_name\" content=\"Interkultur\" \/>\n<meta property=\"article:modified_time\" content=\"2025-05-23T10:27:32+00:00\" \/>\n<meta property=\"og:image\" content=\"https:\/\/interkultur.fr\/wp-content\/uploads\/2023\/12\/rivoli-2_carre.webp\" \/>\n\t<meta property=\"og:image:width\" content=\"300\" \/>\n\t<meta property=\"og:image:height\" content=\"300\" \/>\n\t<meta property=\"og:image:type\" content=\"image\/webp\" \/>\n<meta name=\"twitter:card\" content=\"summary_large_image\" \/>\n<script type=\"application\/ld+json\" class=\"yoast-schema-graph\">{\"@context\":\"https:\\\/\\\/schema.org\",\"@graph\":[{\"@type\":\"WebPage\",\"@id\":\"https:\\\/\\\/interkultur.fr\\\/en\\\/produit\\\/occupation-of-paris-1940-1944\\\/\",\"url\":\"https:\\\/\\\/interkultur.fr\\\/en\\\/produit\\\/occupation-of-paris-1940-1944\\\/\",\"name\":\"Occupation of Paris 1940-1944 - Interkultur\",\"isPartOf\":{\"@id\":\"https:\\\/\\\/interkultur.fr\\\/en\\\/#website\"},\"primaryImageOfPage\":{\"@id\":\"https:\\\/\\\/interkultur.fr\\\/en\\\/produit\\\/occupation-of-paris-1940-1944\\\/#primaryimage\"},\"image\":{\"@id\":\"https:\\\/\\\/interkultur.fr\\\/en\\\/produit\\\/occupation-of-paris-1940-1944\\\/#primaryimage\"},\"thumbnailUrl\":\"https:\\\/\\\/interkultur.fr\\\/wp-content\\\/uploads\\\/2023\\\/12\\\/rivoli-2_carre.webp\",\"datePublished\":\"2024-02-06T16:33:35+00:00\",\"dateModified\":\"2025-05-23T10:27:32+00:00\",\"breadcrumb\":{\"@id\":\"https:\\\/\\\/interkultur.fr\\\/en\\\/produit\\\/occupation-of-paris-1940-1944\\\/#breadcrumb\"},\"inLanguage\":\"en-US\",\"potentialAction\":[{\"@type\":\"ReadAction\",\"target\":[\"https:\\\/\\\/interkultur.fr\\\/en\\\/produit\\\/occupation-of-paris-1940-1944\\\/\"]}]},{\"@type\":\"ImageObject\",\"inLanguage\":\"en-US\",\"@id\":\"https:\\\/\\\/interkultur.fr\\\/en\\\/produit\\\/occupation-of-paris-1940-1944\\\/#primaryimage\",\"url\":\"https:\\\/\\\/interkultur.fr\\\/wp-content\\\/uploads\\\/2023\\\/12\\\/rivoli-2_carre.webp\",\"contentUrl\":\"https:\\\/\\\/interkultur.fr\\\/wp-content\\\/uploads\\\/2023\\\/12\\\/rivoli-2_carre.webp\",\"width\":300,\"height\":300},{\"@type\":\"BreadcrumbList\",\"@id\":\"https:\\\/\\\/interkultur.fr\\\/en\\\/produit\\\/occupation-of-paris-1940-1944\\\/#breadcrumb\",\"itemListElement\":[{\"@type\":\"ListItem\",\"position\":1,\"name\":\"Accueil\",\"item\":\"https:\\\/\\\/interkultur.fr\\\/en\\\/\"},{\"@type\":\"ListItem\",\"position\":2,\"name\":\"Shop\",\"item\":\"https:\\\/\\\/interkultur.fr\\\/en\\\/shop\\\/\"},{\"@type\":\"ListItem\",\"position\":3,\"name\":\"Occupation of Paris 1940-1944\"}]},{\"@type\":\"WebSite\",\"@id\":\"https:\\\/\\\/interkultur.fr\\\/en\\\/#website\",\"url\":\"https:\\\/\\\/interkultur.fr\\\/en\\\/\",\"name\":\"Interkultur\",\"description\":\"Visites et \u00e9v\u00e9nements culturels dans le Paris secret li\u00e9s \u00e0 l\u2019Histoire, l\u2019art, et la valorisation du patrimoine et des savoirs faire.\",\"potentialAction\":[{\"@type\":\"SearchAction\",\"target\":{\"@type\":\"EntryPoint\",\"urlTemplate\":\"https:\\\/\\\/interkultur.fr\\\/en\\\/?s={search_term_string}\"},\"query-input\":{\"@type\":\"PropertyValueSpecification\",\"valueRequired\":true,\"valueName\":\"search_term_string\"}}],\"inLanguage\":\"en-US\"}]}<\/script>\n<!-- \/ Yoast SEO plugin. -->","yoast_head_json":{"title":"Occupation of Paris 1940-1944 - Interkultur","robots":{"index":"index","follow":"follow","max-snippet":"max-snippet:-1","max-image-preview":"max-image-preview:large","max-video-preview":"max-video-preview:-1"},"canonical":"https:\/\/interkultur.fr\/en\/produit\/occupation-of-paris-1940-1944\/","og_locale":"en_US","og_type":"article","og_title":"Occupation of Paris 1940-1944 - Interkultur","og_description":"Amid disarray and chaos, the German army entered Paris on the 14th of June 1940. They will rule over Paris until the end of August 1944. Between grand and small history, the tour takes you to see the main\u00a0buildings where the German invaders settled and ruled for four long years. Lives, actions and fates of a few unknown people living through\u00a0this period will also be told along the way, between Occupation, Resistance, Collaboration, Deportation and Liberation.","og_url":"https:\/\/interkultur.fr\/en\/produit\/occupation-of-paris-1940-1944\/","og_site_name":"Interkultur","article_modified_time":"2025-05-23T10:27:32+00:00","og_image":[{"width":300,"height":300,"url":"https:\/\/interkultur.fr\/wp-content\/uploads\/2023\/12\/rivoli-2_carre.webp","type":"image\/webp"}],"twitter_card":"summary_large_image","schema":{"@context":"https:\/\/schema.org","@graph":[{"@type":"WebPage","@id":"https:\/\/interkultur.fr\/en\/produit\/occupation-of-paris-1940-1944\/","url":"https:\/\/interkultur.fr\/en\/produit\/occupation-of-paris-1940-1944\/","name":"Occupation of Paris 1940-1944 - Interkultur","isPartOf":{"@id":"https:\/\/interkultur.fr\/en\/#website"},"primaryImageOfPage":{"@id":"https:\/\/interkultur.fr\/en\/produit\/occupation-of-paris-1940-1944\/#primaryimage"},"image":{"@id":"https:\/\/interkultur.fr\/en\/produit\/occupation-of-paris-1940-1944\/#primaryimage"},"thumbnailUrl":"https:\/\/interkultur.fr\/wp-content\/uploads\/2023\/12\/rivoli-2_carre.webp","datePublished":"2024-02-06T16:33:35+00:00","dateModified":"2025-05-23T10:27:32+00:00","breadcrumb":{"@id":"https:\/\/interkultur.fr\/en\/produit\/occupation-of-paris-1940-1944\/#breadcrumb"},"inLanguage":"en-US","potentialAction":[{"@type":"ReadAction","target":["https:\/\/interkultur.fr\/en\/produit\/occupation-of-paris-1940-1944\/"]}]},{"@type":"ImageObject","inLanguage":"en-US","@id":"https:\/\/interkultur.fr\/en\/produit\/occupation-of-paris-1940-1944\/#primaryimage","url":"https:\/\/interkultur.fr\/wp-content\/uploads\/2023\/12\/rivoli-2_carre.webp","contentUrl":"https:\/\/interkultur.fr\/wp-content\/uploads\/2023\/12\/rivoli-2_carre.webp","width":300,"height":300},{"@type":"BreadcrumbList","@id":"https:\/\/interkultur.fr\/en\/produit\/occupation-of-paris-1940-1944\/#breadcrumb","itemListElement":[{"@type":"ListItem","position":1,"name":"Accueil","item":"https:\/\/interkultur.fr\/en\/"},{"@type":"ListItem","position":2,"name":"Shop","item":"https:\/\/interkultur.fr\/en\/shop\/"},{"@type":"ListItem","position":3,"name":"Occupation of Paris 1940-1944"}]},{"@type":"WebSite","@id":"https:\/\/interkultur.fr\/en\/#website","url":"https:\/\/interkultur.fr\/en\/","name":"Interkultur","description":"Visites et \u00e9v\u00e9nements culturels dans le Paris secret li\u00e9s \u00e0 l\u2019Histoire, l\u2019art, et la valorisation du patrimoine et des savoirs faire.","potentialAction":[{"@type":"SearchAction","target":{"@type":"EntryPoint","urlTemplate":"https:\/\/interkultur.fr\/en\/?s={search_term_string}"},"query-input":{"@type":"PropertyValueSpecification","valueRequired":true,"valueName":"search_term_string"}}],"inLanguage":"en-US"}]}},"_links":{"self":[{"href":"https:\/\/interkultur.fr\/en\/wp-json\/wp\/v2\/product\/6440","targetHints":{"allow":["GET"]}}],"collection":[{"href":"https:\/\/interkultur.fr\/en\/wp-json\/wp\/v2\/product"}],"about":[{"href":"https:\/\/interkultur.fr\/en\/wp-json\/wp\/v2\/types\/product"}],"wp:featuredmedia":[{"embeddable":true,"href":"https:\/\/interkultur.fr\/en\/wp-json\/wp\/v2\/media\/4325"}],"wp:attachment":[{"href":"https:\/\/interkultur.fr\/en\/wp-json\/wp\/v2\/media?parent=6440"}],"wp:term":[{"taxonomy":"product_brand","embeddable":true,"href":"https:\/\/interkultur.fr\/en\/wp-json\/wp\/v2\/product_brand?post=6440"},{"taxonomy":"product_cat","embeddable":true,"href":"https:\/\/interkultur.fr\/en\/wp-json\/wp\/v2\/product_cat?post=6440"},{"taxonomy":"product_tag","embeddable":true,"href":"https:\/\/interkultur.fr\/en\/wp-json\/wp\/v2\/product_tag?post=6440"}],"curies":[{"name":"wp","href":"https:\/\/api.w.org\/{rel}","templated":true}]}}