{"id":6441,"date":"2024-02-08T18:19:35","date_gmt":"2024-02-08T17:19:35","guid":{"rendered":"https:\/\/interkultur.fr\/?post_type=product&#038;p=6441"},"modified":"2024-02-13T23:44:31","modified_gmt":"2024-02-13T22:44:31","slug":"underground-art-galleries","status":"publish","type":"product","link":"https:\/\/interkultur.fr\/en\/produit\/underground-art-galleries\/","title":{"rendered":"Underground Art Galleries"},"content":{"rendered":"<h3><strong>Underground Art Galleries<\/strong><\/h3>\n<p><strong>Practical informations<\/strong><\/p>\n<ul>\n<li>Location : the Greater Paris area<\/li>\n<li>Duration : 2 to 3 hours<\/li>\n<li>By private car or metro<\/li>\n<li>Private group tour 450\u20ac (includes the commission to artists)<\/li>\n<\/ul>\n<p>&nbsp;<\/p>\n<h3>Visit underground Art centers in Paris or suburbian artists&#8217; workshops<\/h3>\n<p>Paris art scene goes far beyond than typical <strong>Art Galleries<\/strong> of the Marais, Saint Germain des Pr\u00e9s or even the <strong>FIAC<\/strong> (the annual International Contemporary Art Fair).<br \/>\nPhotos and mail exchange beforehand will enable you to make your pick out of all the artists and galleries introduced.<br \/>\nThis tour will take you to art centers<strong> usually closed to visitors<\/strong> or outsiders where several artists will open their ateliers and introduce their work as well as their daily life in these unusual households.<br \/>\nIndeed, the four art centers partnered with propose <strong>amazing workshops<\/strong> with many anecdotes and historical values. Some of them ar emade of reused pavilions coming from various Paris world fairs in the nineteenth century.<\/p>\n<p>According to your wishes and choices, the tour will take you to other &#8220;<strong>behind the scene<\/strong>&#8221; art places in Paris.<br \/>\nAnother route propose to wander further away, in order to have a look at the <strong>contemporary art scene<\/strong> developpment outside of the Paris city limits, with workshops in Montreuil, and the most <strong>amazing galleries<\/strong> opened\u00a0 in Pantin and Le Bourget.<\/p>\n","protected":false},"excerpt":{"rendered":"<p>Discover contemporary art exposed in various art centers usually closed to the genaral public with outstanding patrimonial value and meet artists in their workshop.<br \/>\nDestined to art lovers, this tour also propose to go beyond Paris city limits to the suburbs in order to visit suburban ateliers or renowned art galleries located in the Greater Paris area.<\/p>\n","protected":false},"featured_media":5900,"template":"","meta":{"_price":"","_stock":"","_tribe_ticket_header":"","_tribe_default_ticket_provider":"","_tribe_ticket_capacity":"0","_ticket_start_date":"","_ticket_end_date":"","_tribe_ticket_show_description":"","_tribe_ticket_show_not_going":false,"_tribe_ticket_use_global_stock":"","_tribe_ticket_global_stock_level":"","_global_stock_mode":"","_global_stock_cap":"","_tribe_rsvp_for_event":"","_tribe_ticket_going_count":"","_tribe_ticket_not_going_count":"","_tribe_tickets_list":"[]","_tribe_ticket_has_attendee_info_fields":false,"_tec_slr_enabled":"","_tec_slr_layout":""},"product_brand":[],"product_cat":[143],"product_tag":[],"class_list":{"0":"post-6441","1":"product","2":"type-product","3":"status-publish","4":"has-post-thumbnail","6":"product_cat-visit-paris","8":"first","9":"instock","10":"featured","11":"virtual","12":"product-type-simple"},"yoast_head":"<!-- This site is optimized with the Yoast SEO plugin v27.4 - https:\/\/yoast.com\/product\/yoast-seo-wordpress\/ -->\n<title>Underground Art Galleries - Interkultur<\/title>\n<meta name=\"robots\" content=\"index, follow, max-snippet:-1, max-image-preview:large, max-video-preview:-1\" \/>\n<link rel=\"canonical\" href=\"https:\/\/interkultur.fr\/en\/produit\/underground-art-galleries\/\" \/>\n<meta property=\"og:locale\" content=\"en_US\" \/>\n<meta property=\"og:type\" content=\"article\" \/>\n<meta property=\"og:title\" content=\"Underground Art Galleries - Interkultur\" \/>\n<meta property=\"og:description\" content=\"Discover contemporary art exposed in various art centers usually closed to the genaral public with outstanding patrimonial value and meet artists in their workshop. Destined to art lovers, this tour also propose to go beyond Paris city limits to the suburbs in order to visit suburban ateliers or renowned art galleries located in the Greater Paris area.\" \/>\n<meta property=\"og:url\" content=\"https:\/\/interkultur.fr\/en\/produit\/underground-art-galleries\/\" \/>\n<meta property=\"og:site_name\" content=\"Interkultur\" \/>\n<meta property=\"article:modified_time\" content=\"2024-02-13T22:44:31+00:00\" \/>\n<meta property=\"og:image\" content=\"https:\/\/interkultur.fr\/wp-content\/uploads\/2024\/02\/Ateliers-Frigos.jpg\" \/>\n\t<meta property=\"og:image:width\" content=\"630\" \/>\n\t<meta property=\"og:image:height\" content=\"405\" \/>\n\t<meta property=\"og:image:type\" content=\"image\/jpeg\" \/>\n<meta name=\"twitter:card\" content=\"summary_large_image\" \/>\n<script type=\"application\/ld+json\" class=\"yoast-schema-graph\">{\"@context\":\"https:\\\/\\\/schema.org\",\"@graph\":[{\"@type\":\"WebPage\",\"@id\":\"https:\\\/\\\/interkultur.fr\\\/en\\\/produit\\\/underground-art-galleries\\\/\",\"url\":\"https:\\\/\\\/interkultur.fr\\\/en\\\/produit\\\/underground-art-galleries\\\/\",\"name\":\"Underground Art Galleries - Interkultur\",\"isPartOf\":{\"@id\":\"https:\\\/\\\/interkultur.fr\\\/en\\\/#website\"},\"primaryImageOfPage\":{\"@id\":\"https:\\\/\\\/interkultur.fr\\\/en\\\/produit\\\/underground-art-galleries\\\/#primaryimage\"},\"image\":{\"@id\":\"https:\\\/\\\/interkultur.fr\\\/en\\\/produit\\\/underground-art-galleries\\\/#primaryimage\"},\"thumbnailUrl\":\"https:\\\/\\\/interkultur.fr\\\/wp-content\\\/uploads\\\/2024\\\/02\\\/Ateliers-Frigos.jpg\",\"datePublished\":\"2024-02-08T17:19:35+00:00\",\"dateModified\":\"2024-02-13T22:44:31+00:00\",\"breadcrumb\":{\"@id\":\"https:\\\/\\\/interkultur.fr\\\/en\\\/produit\\\/underground-art-galleries\\\/#breadcrumb\"},\"inLanguage\":\"en-US\",\"potentialAction\":[{\"@type\":\"ReadAction\",\"target\":[\"https:\\\/\\\/interkultur.fr\\\/en\\\/produit\\\/underground-art-galleries\\\/\"]}]},{\"@type\":\"ImageObject\",\"inLanguage\":\"en-US\",\"@id\":\"https:\\\/\\\/interkultur.fr\\\/en\\\/produit\\\/underground-art-galleries\\\/#primaryimage\",\"url\":\"https:\\\/\\\/interkultur.fr\\\/wp-content\\\/uploads\\\/2024\\\/02\\\/Ateliers-Frigos.jpg\",\"contentUrl\":\"https:\\\/\\\/interkultur.fr\\\/wp-content\\\/uploads\\\/2024\\\/02\\\/Ateliers-Frigos.jpg\",\"width\":630,\"height\":405},{\"@type\":\"BreadcrumbList\",\"@id\":\"https:\\\/\\\/interkultur.fr\\\/en\\\/produit\\\/underground-art-galleries\\\/#breadcrumb\",\"itemListElement\":[{\"@type\":\"ListItem\",\"position\":1,\"name\":\"Accueil\",\"item\":\"https:\\\/\\\/interkultur.fr\\\/en\\\/\"},{\"@type\":\"ListItem\",\"position\":2,\"name\":\"Shop\",\"item\":\"https:\\\/\\\/interkultur.fr\\\/en\\\/shop\\\/\"},{\"@type\":\"ListItem\",\"position\":3,\"name\":\"Underground Art Galleries\"}]},{\"@type\":\"WebSite\",\"@id\":\"https:\\\/\\\/interkultur.fr\\\/en\\\/#website\",\"url\":\"https:\\\/\\\/interkultur.fr\\\/en\\\/\",\"name\":\"Interkultur\",\"description\":\"Visites et \u00e9v\u00e9nements culturels dans le Paris secret li\u00e9s \u00e0 l\u2019Histoire, l\u2019art, et la valorisation du patrimoine et des savoirs faire.\",\"potentialAction\":[{\"@type\":\"SearchAction\",\"target\":{\"@type\":\"EntryPoint\",\"urlTemplate\":\"https:\\\/\\\/interkultur.fr\\\/en\\\/?s={search_term_string}\"},\"query-input\":{\"@type\":\"PropertyValueSpecification\",\"valueRequired\":true,\"valueName\":\"search_term_string\"}}],\"inLanguage\":\"en-US\"}]}<\/script>\n<!-- \/ Yoast SEO plugin. -->","yoast_head_json":{"title":"Underground Art Galleries - Interkultur","robots":{"index":"index","follow":"follow","max-snippet":"max-snippet:-1","max-image-preview":"max-image-preview:large","max-video-preview":"max-video-preview:-1"},"canonical":"https:\/\/interkultur.fr\/en\/produit\/underground-art-galleries\/","og_locale":"en_US","og_type":"article","og_title":"Underground Art Galleries - Interkultur","og_description":"Discover contemporary art exposed in various art centers usually closed to the genaral public with outstanding patrimonial value and meet artists in their workshop. Destined to art lovers, this tour also propose to go beyond Paris city limits to the suburbs in order to visit suburban ateliers or renowned art galleries located in the Greater Paris area.","og_url":"https:\/\/interkultur.fr\/en\/produit\/underground-art-galleries\/","og_site_name":"Interkultur","article_modified_time":"2024-02-13T22:44:31+00:00","og_image":[{"width":630,"height":405,"url":"https:\/\/interkultur.fr\/wp-content\/uploads\/2024\/02\/Ateliers-Frigos.jpg","type":"image\/jpeg"}],"twitter_card":"summary_large_image","schema":{"@context":"https:\/\/schema.org","@graph":[{"@type":"WebPage","@id":"https:\/\/interkultur.fr\/en\/produit\/underground-art-galleries\/","url":"https:\/\/interkultur.fr\/en\/produit\/underground-art-galleries\/","name":"Underground Art Galleries - Interkultur","isPartOf":{"@id":"https:\/\/interkultur.fr\/en\/#website"},"primaryImageOfPage":{"@id":"https:\/\/interkultur.fr\/en\/produit\/underground-art-galleries\/#primaryimage"},"image":{"@id":"https:\/\/interkultur.fr\/en\/produit\/underground-art-galleries\/#primaryimage"},"thumbnailUrl":"https:\/\/interkultur.fr\/wp-content\/uploads\/2024\/02\/Ateliers-Frigos.jpg","datePublished":"2024-02-08T17:19:35+00:00","dateModified":"2024-02-13T22:44:31+00:00","breadcrumb":{"@id":"https:\/\/interkultur.fr\/en\/produit\/underground-art-galleries\/#breadcrumb"},"inLanguage":"en-US","potentialAction":[{"@type":"ReadAction","target":["https:\/\/interkultur.fr\/en\/produit\/underground-art-galleries\/"]}]},{"@type":"ImageObject","inLanguage":"en-US","@id":"https:\/\/interkultur.fr\/en\/produit\/underground-art-galleries\/#primaryimage","url":"https:\/\/interkultur.fr\/wp-content\/uploads\/2024\/02\/Ateliers-Frigos.jpg","contentUrl":"https:\/\/interkultur.fr\/wp-content\/uploads\/2024\/02\/Ateliers-Frigos.jpg","width":630,"height":405},{"@type":"BreadcrumbList","@id":"https:\/\/interkultur.fr\/en\/produit\/underground-art-galleries\/#breadcrumb","itemListElement":[{"@type":"ListItem","position":1,"name":"Accueil","item":"https:\/\/interkultur.fr\/en\/"},{"@type":"ListItem","position":2,"name":"Shop","item":"https:\/\/interkultur.fr\/en\/shop\/"},{"@type":"ListItem","position":3,"name":"Underground Art Galleries"}]},{"@type":"WebSite","@id":"https:\/\/interkultur.fr\/en\/#website","url":"https:\/\/interkultur.fr\/en\/","name":"Interkultur","description":"Visites et \u00e9v\u00e9nements culturels dans le Paris secret li\u00e9s \u00e0 l\u2019Histoire, l\u2019art, et la valorisation du patrimoine et des savoirs faire.","potentialAction":[{"@type":"SearchAction","target":{"@type":"EntryPoint","urlTemplate":"https:\/\/interkultur.fr\/en\/?s={search_term_string}"},"query-input":{"@type":"PropertyValueSpecification","valueRequired":true,"valueName":"search_term_string"}}],"inLanguage":"en-US"}]}},"_links":{"self":[{"href":"https:\/\/interkultur.fr\/en\/wp-json\/wp\/v2\/product\/6441","targetHints":{"allow":["GET"]}}],"collection":[{"href":"https:\/\/interkultur.fr\/en\/wp-json\/wp\/v2\/product"}],"about":[{"href":"https:\/\/interkultur.fr\/en\/wp-json\/wp\/v2\/types\/product"}],"wp:featuredmedia":[{"embeddable":true,"href":"https:\/\/interkultur.fr\/en\/wp-json\/wp\/v2\/media\/5900"}],"wp:attachment":[{"href":"https:\/\/interkultur.fr\/en\/wp-json\/wp\/v2\/media?parent=6441"}],"wp:term":[{"taxonomy":"product_brand","embeddable":true,"href":"https:\/\/interkultur.fr\/en\/wp-json\/wp\/v2\/product_brand?post=6441"},{"taxonomy":"product_cat","embeddable":true,"href":"https:\/\/interkultur.fr\/en\/wp-json\/wp\/v2\/product_cat?post=6441"},{"taxonomy":"product_tag","embeddable":true,"href":"https:\/\/interkultur.fr\/en\/wp-json\/wp\/v2\/product_tag?post=6441"}],"curies":[{"name":"wp","href":"https:\/\/api.w.org\/{rel}","templated":true}]}}