{"id":6933,"date":"2024-02-12T17:44:41","date_gmt":"2024-02-12T16:44:41","guid":{"rendered":"https:\/\/interkultur.fr\/?post_type=product&#038;p=6933"},"modified":"2024-02-12T22:10:29","modified_gmt":"2024-02-12T21:10:29","slug":"high-rise-paris-la-defense","status":"publish","type":"product","link":"https:\/\/interkultur.fr\/en\/produit\/high-rise-paris-la-defense\/","title":{"rendered":"High rise Paris La Defense"},"content":{"rendered":"<h3>High rise Paris\u00a0La Defense<\/h3>\n<p><strong>Practical informations<\/strong><\/p>\n<ul>\n<li>Location: M\u00e9tro Argentine (line 1)<\/li>\n<li>Duration : 2h<\/li>\n<li>walk and metro<\/li>\n<li>Private group tour at any date (270\u20ac\/group)<\/li>\n<li>Small group (up to 8 people) 50-80\u20ac pp<\/li>\n<\/ul>\n<p>&nbsp;<\/p>\n<p>The city of lights was not only shaped by <strong>Haussmann<\/strong>. We will discover a rather high rise Paris La Defense, <strong>the business district of Paris<\/strong>.<br \/>\nOur guide, a graduate in architecture, will explain the <strong>policy and urban planning<\/strong> at the origin of the creation of the large pedestrian area of <strong>31 acres<\/strong>, bounded by a circular boulevard. The area is now established on four cities located west of Paris.<\/p>\n<p>From the <strong>esplanade<\/strong> of la Defense, the walk will firstly focus on <strong>architectural projects<\/strong> and their role in the <strong>current socio-economic situation<\/strong> as well as the <strong>environmental dimension<\/strong>, which presides over the extensive renovations and skyscrapers in project in both business and residential buildings. Indeed, if the district attracts daily nearly <strong>200,000 workers<\/strong>, only 20,000 people live there.<\/p>\n<p>The vast pedestrian esplanade, built over parking lots, roads and public transport is also composed of <strong>hanging gardens<\/strong> and <strong>fountains<\/strong>. <strong>Sixty works of art<\/strong> make of La Defense a wide open-air museum.<br \/>\nThe promenade invites you to discover the most interesting ones and <strong>secret areas.<\/strong> On the way, we will also learn some <strong>original stories<\/strong> about the district, for example, where the <strong>coffin of Napoleon<\/strong> made a stop on his return from St. Helena.<\/p>\n<p>Finally, we will see that the district seeks r<strong>enewal<\/strong> and <strong>expansion<\/strong> with offices outside the ring roads or through <strong>the busiest shopping center of France<\/strong> (48 million visitors per year) with the largest turnover (one billion \u20ac) which is opposite the <strong>famous CNIT<\/strong>, the first building built in 1958, with <strong>revolutionary architecture<\/strong> at the time.<br \/>\nImmediately next door is <strong>La Grande Arche<\/strong>, another symbol of La Defense housing various ministries, in which we will end the tour to discover the <strong>panorama<\/strong> of the area and Paris. As a matter of fact, the Grande Arche is at the end of the <strong>triumphal<\/strong> and <strong>historical axis<\/strong> starting at the Louvre, through the Champs Elysees and the Arc de Triomphe.<\/p>\n<p>Between <strong>temporary exhibitions<\/strong> in an art gallery and comforatable seating in a cafe, we will take the opportunity to <strong>discuss issues of expanding the area<\/strong> between current economic situation and rebalancing of Greater Paris for the North and South of the French Capital.<\/p>\n","protected":false},"excerpt":{"rendered":"<p>This tour will uncover <strong>the secrets of la Defense<\/strong>, the <strong>largest business district in Europe<\/strong> (38 million square feet of office, around <strong>seventy buildings<\/strong> and skyscrapers, five more major towers under construction). The promenade will you from the esplanade where <strong>the project started in 1958<\/strong> up to unusual and <strong>unknown areas<\/strong>, monuments and gardens, with many <strong>significant anecdotes<\/strong>, from Napoleon to the <strong>American Foreign Legion!<\/strong><\/p>\n","protected":false},"featured_media":6961,"template":"","meta":{"_price":"","_stock":"","_tribe_ticket_header":"","_tribe_default_ticket_provider":"","_tribe_ticket_capacity":"0","_ticket_start_date":"","_ticket_end_date":"","_tribe_ticket_show_description":"","_tribe_ticket_show_not_going":false,"_tribe_ticket_use_global_stock":"","_tribe_ticket_global_stock_level":"","_global_stock_mode":"","_global_stock_cap":"","_tribe_rsvp_for_event":"","_tribe_ticket_going_count":"","_tribe_ticket_not_going_count":"","_tribe_tickets_list":"[]","_tribe_ticket_has_attendee_info_fields":false,"_tec_slr_enabled":"","_tec_slr_layout":""},"product_brand":[],"product_cat":[143],"product_tag":[],"class_list":{"0":"post-6933","1":"product","2":"type-product","3":"status-publish","4":"has-post-thumbnail","6":"product_cat-visit-paris","8":"first","9":"instock","10":"featured","11":"virtual","12":"product-type-simple"},"yoast_head":"<!-- This site is optimized with the Yoast SEO plugin v27.5 - https:\/\/yoast.com\/product\/yoast-seo-wordpress\/ -->\n<title>High rise Paris La Defense - Interkultur<\/title>\n<meta name=\"robots\" content=\"index, follow, max-snippet:-1, max-image-preview:large, max-video-preview:-1\" \/>\n<link rel=\"canonical\" href=\"https:\/\/interkultur.fr\/en\/produit\/high-rise-paris-la-defense\/\" \/>\n<meta property=\"og:locale\" content=\"en_US\" \/>\n<meta property=\"og:type\" content=\"article\" \/>\n<meta property=\"og:title\" content=\"High rise Paris La Defense - Interkultur\" \/>\n<meta property=\"og:description\" content=\"This tour will uncover the secrets of la Defense, the largest business district in Europe (38 million square feet of office, around seventy buildings and skyscrapers, five more major towers under construction). The promenade will you from the esplanade where the project started in 1958 up to unusual and unknown areas, monuments and gardens, with many significant anecdotes, from Napoleon to the American Foreign Legion!\" \/>\n<meta property=\"og:url\" content=\"https:\/\/interkultur.fr\/en\/produit\/high-rise-paris-la-defense\/\" \/>\n<meta property=\"og:site_name\" content=\"Interkultur\" \/>\n<meta property=\"article:modified_time\" content=\"2024-02-12T21:10:29+00:00\" \/>\n<meta property=\"og:image\" content=\"https:\/\/interkultur.fr\/wp-content\/uploads\/2024\/02\/Tours-deefense-scaled.jpg\" \/>\n\t<meta property=\"og:image:width\" content=\"1920\" \/>\n\t<meta property=\"og:image:height\" content=\"2560\" \/>\n\t<meta property=\"og:image:type\" content=\"image\/jpeg\" \/>\n<meta name=\"twitter:card\" content=\"summary_large_image\" \/>\n<script type=\"application\/ld+json\" class=\"yoast-schema-graph\">{\"@context\":\"https:\\\/\\\/schema.org\",\"@graph\":[{\"@type\":\"WebPage\",\"@id\":\"https:\\\/\\\/interkultur.fr\\\/en\\\/produit\\\/high-rise-paris-la-defense\\\/\",\"url\":\"https:\\\/\\\/interkultur.fr\\\/en\\\/produit\\\/high-rise-paris-la-defense\\\/\",\"name\":\"High rise Paris La Defense - Interkultur\",\"isPartOf\":{\"@id\":\"https:\\\/\\\/interkultur.fr\\\/en\\\/#website\"},\"primaryImageOfPage\":{\"@id\":\"https:\\\/\\\/interkultur.fr\\\/en\\\/produit\\\/high-rise-paris-la-defense\\\/#primaryimage\"},\"image\":{\"@id\":\"https:\\\/\\\/interkultur.fr\\\/en\\\/produit\\\/high-rise-paris-la-defense\\\/#primaryimage\"},\"thumbnailUrl\":\"https:\\\/\\\/interkultur.fr\\\/wp-content\\\/uploads\\\/2024\\\/02\\\/Tours-deefense-scaled.jpg\",\"datePublished\":\"2024-02-12T16:44:41+00:00\",\"dateModified\":\"2024-02-12T21:10:29+00:00\",\"breadcrumb\":{\"@id\":\"https:\\\/\\\/interkultur.fr\\\/en\\\/produit\\\/high-rise-paris-la-defense\\\/#breadcrumb\"},\"inLanguage\":\"en-US\",\"potentialAction\":[{\"@type\":\"ReadAction\",\"target\":[\"https:\\\/\\\/interkultur.fr\\\/en\\\/produit\\\/high-rise-paris-la-defense\\\/\"]}]},{\"@type\":\"ImageObject\",\"inLanguage\":\"en-US\",\"@id\":\"https:\\\/\\\/interkultur.fr\\\/en\\\/produit\\\/high-rise-paris-la-defense\\\/#primaryimage\",\"url\":\"https:\\\/\\\/interkultur.fr\\\/wp-content\\\/uploads\\\/2024\\\/02\\\/Tours-deefense-scaled.jpg\",\"contentUrl\":\"https:\\\/\\\/interkultur.fr\\\/wp-content\\\/uploads\\\/2024\\\/02\\\/Tours-deefense-scaled.jpg\",\"width\":1920,\"height\":2560},{\"@type\":\"BreadcrumbList\",\"@id\":\"https:\\\/\\\/interkultur.fr\\\/en\\\/produit\\\/high-rise-paris-la-defense\\\/#breadcrumb\",\"itemListElement\":[{\"@type\":\"ListItem\",\"position\":1,\"name\":\"Accueil\",\"item\":\"https:\\\/\\\/interkultur.fr\\\/en\\\/\"},{\"@type\":\"ListItem\",\"position\":2,\"name\":\"Shop\",\"item\":\"https:\\\/\\\/interkultur.fr\\\/en\\\/shop\\\/\"},{\"@type\":\"ListItem\",\"position\":3,\"name\":\"High rise Paris La Defense\"}]},{\"@type\":\"WebSite\",\"@id\":\"https:\\\/\\\/interkultur.fr\\\/en\\\/#website\",\"url\":\"https:\\\/\\\/interkultur.fr\\\/en\\\/\",\"name\":\"Interkultur\",\"description\":\"Visites et \u00e9v\u00e9nements culturels dans le Paris secret li\u00e9s \u00e0 l\u2019Histoire, l\u2019art, et la valorisation du patrimoine et des savoirs faire.\",\"potentialAction\":[{\"@type\":\"SearchAction\",\"target\":{\"@type\":\"EntryPoint\",\"urlTemplate\":\"https:\\\/\\\/interkultur.fr\\\/en\\\/?s={search_term_string}\"},\"query-input\":{\"@type\":\"PropertyValueSpecification\",\"valueRequired\":true,\"valueName\":\"search_term_string\"}}],\"inLanguage\":\"en-US\"}]}<\/script>\n<!-- \/ Yoast SEO plugin. -->","yoast_head_json":{"title":"High rise Paris La Defense - Interkultur","robots":{"index":"index","follow":"follow","max-snippet":"max-snippet:-1","max-image-preview":"max-image-preview:large","max-video-preview":"max-video-preview:-1"},"canonical":"https:\/\/interkultur.fr\/en\/produit\/high-rise-paris-la-defense\/","og_locale":"en_US","og_type":"article","og_title":"High rise Paris La Defense - Interkultur","og_description":"This tour will uncover the secrets of la Defense, the largest business district in Europe (38 million square feet of office, around seventy buildings and skyscrapers, five more major towers under construction). The promenade will you from the esplanade where the project started in 1958 up to unusual and unknown areas, monuments and gardens, with many significant anecdotes, from Napoleon to the American Foreign Legion!","og_url":"https:\/\/interkultur.fr\/en\/produit\/high-rise-paris-la-defense\/","og_site_name":"Interkultur","article_modified_time":"2024-02-12T21:10:29+00:00","og_image":[{"width":1920,"height":2560,"url":"https:\/\/interkultur.fr\/wp-content\/uploads\/2024\/02\/Tours-deefense-scaled.jpg","type":"image\/jpeg"}],"twitter_card":"summary_large_image","schema":{"@context":"https:\/\/schema.org","@graph":[{"@type":"WebPage","@id":"https:\/\/interkultur.fr\/en\/produit\/high-rise-paris-la-defense\/","url":"https:\/\/interkultur.fr\/en\/produit\/high-rise-paris-la-defense\/","name":"High rise Paris La Defense - Interkultur","isPartOf":{"@id":"https:\/\/interkultur.fr\/en\/#website"},"primaryImageOfPage":{"@id":"https:\/\/interkultur.fr\/en\/produit\/high-rise-paris-la-defense\/#primaryimage"},"image":{"@id":"https:\/\/interkultur.fr\/en\/produit\/high-rise-paris-la-defense\/#primaryimage"},"thumbnailUrl":"https:\/\/interkultur.fr\/wp-content\/uploads\/2024\/02\/Tours-deefense-scaled.jpg","datePublished":"2024-02-12T16:44:41+00:00","dateModified":"2024-02-12T21:10:29+00:00","breadcrumb":{"@id":"https:\/\/interkultur.fr\/en\/produit\/high-rise-paris-la-defense\/#breadcrumb"},"inLanguage":"en-US","potentialAction":[{"@type":"ReadAction","target":["https:\/\/interkultur.fr\/en\/produit\/high-rise-paris-la-defense\/"]}]},{"@type":"ImageObject","inLanguage":"en-US","@id":"https:\/\/interkultur.fr\/en\/produit\/high-rise-paris-la-defense\/#primaryimage","url":"https:\/\/interkultur.fr\/wp-content\/uploads\/2024\/02\/Tours-deefense-scaled.jpg","contentUrl":"https:\/\/interkultur.fr\/wp-content\/uploads\/2024\/02\/Tours-deefense-scaled.jpg","width":1920,"height":2560},{"@type":"BreadcrumbList","@id":"https:\/\/interkultur.fr\/en\/produit\/high-rise-paris-la-defense\/#breadcrumb","itemListElement":[{"@type":"ListItem","position":1,"name":"Accueil","item":"https:\/\/interkultur.fr\/en\/"},{"@type":"ListItem","position":2,"name":"Shop","item":"https:\/\/interkultur.fr\/en\/shop\/"},{"@type":"ListItem","position":3,"name":"High rise Paris La Defense"}]},{"@type":"WebSite","@id":"https:\/\/interkultur.fr\/en\/#website","url":"https:\/\/interkultur.fr\/en\/","name":"Interkultur","description":"Visites et \u00e9v\u00e9nements culturels dans le Paris secret li\u00e9s \u00e0 l\u2019Histoire, l\u2019art, et la valorisation du patrimoine et des savoirs faire.","potentialAction":[{"@type":"SearchAction","target":{"@type":"EntryPoint","urlTemplate":"https:\/\/interkultur.fr\/en\/?s={search_term_string}"},"query-input":{"@type":"PropertyValueSpecification","valueRequired":true,"valueName":"search_term_string"}}],"inLanguage":"en-US"}]}},"_links":{"self":[{"href":"https:\/\/interkultur.fr\/en\/wp-json\/wp\/v2\/product\/6933","targetHints":{"allow":["GET"]}}],"collection":[{"href":"https:\/\/interkultur.fr\/en\/wp-json\/wp\/v2\/product"}],"about":[{"href":"https:\/\/interkultur.fr\/en\/wp-json\/wp\/v2\/types\/product"}],"wp:featuredmedia":[{"embeddable":true,"href":"https:\/\/interkultur.fr\/en\/wp-json\/wp\/v2\/media\/6961"}],"wp:attachment":[{"href":"https:\/\/interkultur.fr\/en\/wp-json\/wp\/v2\/media?parent=6933"}],"wp:term":[{"taxonomy":"product_brand","embeddable":true,"href":"https:\/\/interkultur.fr\/en\/wp-json\/wp\/v2\/product_brand?post=6933"},{"taxonomy":"product_cat","embeddable":true,"href":"https:\/\/interkultur.fr\/en\/wp-json\/wp\/v2\/product_cat?post=6933"},{"taxonomy":"product_tag","embeddable":true,"href":"https:\/\/interkultur.fr\/en\/wp-json\/wp\/v2\/product_tag?post=6933"}],"curies":[{"name":"wp","href":"https:\/\/api.w.org\/{rel}","templated":true}]}}