{"id":6934,"date":"2024-02-06T17:32:03","date_gmt":"2024-02-06T16:32:03","guid":{"rendered":"https:\/\/interkultur.fr\/?post_type=product&#038;p=6934"},"modified":"2024-02-12T21:38:55","modified_gmt":"2024-02-12T20:38:55","slug":"haussmann-and-the-city-of-lights","status":"publish","type":"product","link":"https:\/\/interkultur.fr\/en\/produit\/haussmann-and-the-city-of-lights\/","title":{"rendered":"Haussmann and the City of Lights"},"content":{"rendered":"<h3>Haussmann and the City of Lights<\/h3>\n<p><strong>Practical information<\/strong><\/p>\n<ul>\n<li>Location : Paris M\u00e9tro Palais Royal Mus\u00e9e du Louvre (lines 1 and 7)<\/li>\n<li>Duration : 3h<\/li>\n<li>Walking tour<\/li>\n<li>Private group tour at any date (270\u20ac\/group) + Opera tickets on top<\/li>\n<li>Small group (up to 8 people) 50-80\u20ac pp + Opera tickets on top<\/li>\n<li><strong>Opera Tickets <\/strong>available on request 12\u20ac pp<\/li>\n<\/ul>\n<p>&nbsp;<\/p>\n<p style=\"text-align: justify;\">The transformation of Paris from 1852 to 1870 was one of the most <strong>ambitious urbanist<\/strong> and <strong>architectural renovation plan<\/strong> led in a capital city. <strong>Political, social, urban<\/strong> and <strong>security reasons<\/strong> can explain the vast and long program carried out by baron Haussmann Under the personal directives of Emperor Napoleon III.<br \/>\nThe tour will interpret those changes starting in front of the Palais Royal, outside the Louvre museum, where it all began, with the rue de Rivoli. We will understand the new buildings with their <strong>social<\/strong> and <strong>architectural changes<\/strong>.<\/p>\n<p>Walking through the <strong>Palais Royal<\/strong> and the gardens will make seize the first changes made in the city on such a scale, prior to the French Revolution. From this, we will understand how the city expanded outside the Louvre towards the Opera, and developed <strong>new architectural elements<\/strong> found in Haussmann&#8217;s brand new blocks of flats and other latter buildings.<br \/>\nPalais Royal was also the site of Paris&#8217;s first covered passage or shopping arcade, launching a <strong>vogue<\/strong> with over fifty arcades being built between 1800 and 1850. We will wander some of the surviving passages that were not destroyed by Haussmann.<br \/>\nThe recently reopend National Library will also provide the opportunity to see <strong>magnificent reading rooms<\/strong> built during the Haussmann&#8217;s works with <strong>innovative material<\/strong> back then.<\/p>\n<p>From there, we&#8217;ll emerge into modern Paris, onto one of the<strong> wide, rectiligne &#8220;grands boulevards&#8221;<\/strong> created during the Second Empire (in the 1860&#8217;s) by Napoleon III and his prefect, Baron Haussmann. While the scale of these changes was unprecedented with huge parts of the old city disappeared overnight, we&#8217;ll see Haussmann&#8217;s boulevards were following on those created by Louis XIV in the 17th century. As we stroll, we&#8217;ll discuss the role of these streets as the <strong>hub of fashionable Parisian life<\/strong> in the 19th century, providing a backdrop for novelty shopping, theaters, and all variety of entertainment, as well as being a popular place of promenade.<\/p>\n<p style=\"text-align: justify;\">Our walk will include what is perhaps the <strong>most iconic example<\/strong> of Second Empire urbanism, <strong>the Opera Garnier<\/strong> and its surrounding streets and avenues. We will discover the exterior of the building, but, rehearsal schedules permitting, we may also visit its <strong>sumptuous interiors<\/strong>, including the famous auditorium with its <strong>controversial ceiling<\/strong> by Marc Chagall (tickets on top).<\/p>\n<p style=\"text-align: justify;\">Depending on time and interest, our walk may also include a visit to one of the late 19th century department stores, <strong>the Galeries Lafayette<\/strong>, or the <strong>headquarters of a great bank<\/strong>, with their art-nouveau glass domes, completing the vision of Haussmann&#8217;s Paris as a <strong>city of luxury consumption and high finance<\/strong>.<\/p>\n<p style=\"text-align: justify;\">The sites visited on this architectural and urban walking seminar will provide an opportunity to discuss many issues, most notably the <strong>change in the French social structure<\/strong> following the Revolution, the resultant rise of the bourgeoisie in the 19th century and the subsequent development of railways, industry and capitalism, all of which led to Napoleon III&#8217;s radical rebuilding of Paris.<\/p>\n<p style=\"text-align: justify;\"><strong>We can pre-purchase tickets to visit the Opera Garnier (12\u20ac pp). Should the interior be closed for unforeseen rehearsals, you may use your ticket on another day.<\/strong><\/p>\n<p>&nbsp;<\/p>\n","protected":false},"excerpt":{"rendered":"<p>This seminar will go in depth over the work of Haussmann and <strong>urban planning<\/strong> in Paris over two centuries. The tour expands from the Palais royal to the Opera via \u201cGrands Boulevards\u201d and haussmannian avenues to witness the <strong>amazing 19th century changes<\/strong> in the city.<br \/>\n<span style=\"text-decoration: underline;\">Included<\/span>: <strong>visit of the Opera,<\/strong> <strong>Galeries Lafayette department store terrace and cupola<\/strong>, a<strong> major bank headquarter<\/strong> and <strong>the most fascinating hidden ballroom<\/strong> in Paris.<br \/>\n<span style=\"text-decoration: underline;\">Note that the ticket&#8217;s entrance to the Opera is not included and can be pre-purchased.<\/span><\/p>\n","protected":false},"featured_media":6480,"template":"","meta":{"_price":"","_stock":"","_tribe_ticket_header":"","_tribe_default_ticket_provider":"","_tribe_ticket_capacity":"0","_ticket_start_date":"","_ticket_end_date":"","_tribe_ticket_show_description":"","_tribe_ticket_show_not_going":false,"_tribe_ticket_use_global_stock":"","_tribe_ticket_global_stock_level":"","_global_stock_mode":"","_global_stock_cap":"","_tribe_rsvp_for_event":"","_tribe_ticket_going_count":"","_tribe_ticket_not_going_count":"","_tribe_tickets_list":"[]","_tribe_ticket_has_attendee_info_fields":false,"_tec_slr_enabled":"","_tec_slr_layout":""},"product_brand":[],"product_cat":[143],"product_tag":[],"class_list":{"0":"post-6934","1":"product","2":"type-product","3":"status-publish","4":"has-post-thumbnail","6":"product_cat-visit-paris","8":"first","9":"instock","10":"featured","11":"virtual","12":"product-type-simple"},"yoast_head":"<!-- This site is optimized with the Yoast SEO plugin v27.5 - https:\/\/yoast.com\/product\/yoast-seo-wordpress\/ -->\n<title>Haussmann and the City of Lights - Interkultur<\/title>\n<meta name=\"robots\" content=\"index, follow, max-snippet:-1, max-image-preview:large, max-video-preview:-1\" \/>\n<link rel=\"canonical\" href=\"https:\/\/interkultur.fr\/en\/produit\/haussmann-and-the-city-of-lights\/\" \/>\n<meta property=\"og:locale\" content=\"en_US\" \/>\n<meta property=\"og:type\" content=\"article\" \/>\n<meta property=\"og:title\" content=\"Haussmann and the City of Lights - Interkultur\" \/>\n<meta property=\"og:description\" content=\"This seminar will go in depth over the work of Haussmann and urban planning in Paris over two centuries. The tour expands from the Palais royal to the Opera via \u201cGrands Boulevards\u201d and haussmannian avenues to witness the amazing 19th century changes in the city. Included: visit of the Opera, Galeries Lafayette department store terrace and cupola, a major bank headquarter and the most fascinating hidden ballroom in Paris. Note that the ticket&#039;s entrance to the Opera is not included and can be pre-purchased.\" \/>\n<meta property=\"og:url\" content=\"https:\/\/interkultur.fr\/en\/produit\/haussmann-and-the-city-of-lights\/\" \/>\n<meta property=\"og:site_name\" content=\"Interkultur\" \/>\n<meta property=\"article:modified_time\" content=\"2024-02-12T20:38:55+00:00\" \/>\n<meta property=\"og:image\" content=\"https:\/\/interkultur.fr\/wp-content\/uploads\/2024\/02\/Bibliotheque.jpg\" \/>\n\t<meta property=\"og:image:width\" content=\"640\" \/>\n\t<meta property=\"og:image:height\" content=\"640\" \/>\n\t<meta property=\"og:image:type\" content=\"image\/jpeg\" \/>\n<meta name=\"twitter:card\" content=\"summary_large_image\" \/>\n<script type=\"application\/ld+json\" class=\"yoast-schema-graph\">{\"@context\":\"https:\\\/\\\/schema.org\",\"@graph\":[{\"@type\":\"WebPage\",\"@id\":\"https:\\\/\\\/interkultur.fr\\\/en\\\/produit\\\/haussmann-and-the-city-of-lights\\\/\",\"url\":\"https:\\\/\\\/interkultur.fr\\\/en\\\/produit\\\/haussmann-and-the-city-of-lights\\\/\",\"name\":\"Haussmann and the City of Lights - Interkultur\",\"isPartOf\":{\"@id\":\"https:\\\/\\\/interkultur.fr\\\/en\\\/#website\"},\"primaryImageOfPage\":{\"@id\":\"https:\\\/\\\/interkultur.fr\\\/en\\\/produit\\\/haussmann-and-the-city-of-lights\\\/#primaryimage\"},\"image\":{\"@id\":\"https:\\\/\\\/interkultur.fr\\\/en\\\/produit\\\/haussmann-and-the-city-of-lights\\\/#primaryimage\"},\"thumbnailUrl\":\"https:\\\/\\\/interkultur.fr\\\/wp-content\\\/uploads\\\/2024\\\/02\\\/Esxclusive-walks-in-Paris-scaled.jpg\",\"datePublished\":\"2024-02-06T16:32:03+00:00\",\"dateModified\":\"2024-02-12T20:38:55+00:00\",\"breadcrumb\":{\"@id\":\"https:\\\/\\\/interkultur.fr\\\/en\\\/produit\\\/haussmann-and-the-city-of-lights\\\/#breadcrumb\"},\"inLanguage\":\"en-US\",\"potentialAction\":[{\"@type\":\"ReadAction\",\"target\":[\"https:\\\/\\\/interkultur.fr\\\/en\\\/produit\\\/haussmann-and-the-city-of-lights\\\/\"]}]},{\"@type\":\"ImageObject\",\"inLanguage\":\"en-US\",\"@id\":\"https:\\\/\\\/interkultur.fr\\\/en\\\/produit\\\/haussmann-and-the-city-of-lights\\\/#primaryimage\",\"url\":\"https:\\\/\\\/interkultur.fr\\\/wp-content\\\/uploads\\\/2024\\\/02\\\/Esxclusive-walks-in-Paris-scaled.jpg\",\"contentUrl\":\"https:\\\/\\\/interkultur.fr\\\/wp-content\\\/uploads\\\/2024\\\/02\\\/Esxclusive-walks-in-Paris-scaled.jpg\",\"width\":2560,\"height\":1920},{\"@type\":\"BreadcrumbList\",\"@id\":\"https:\\\/\\\/interkultur.fr\\\/en\\\/produit\\\/haussmann-and-the-city-of-lights\\\/#breadcrumb\",\"itemListElement\":[{\"@type\":\"ListItem\",\"position\":1,\"name\":\"Accueil\",\"item\":\"https:\\\/\\\/interkultur.fr\\\/en\\\/\"},{\"@type\":\"ListItem\",\"position\":2,\"name\":\"Shop\",\"item\":\"https:\\\/\\\/interkultur.fr\\\/en\\\/shop\\\/\"},{\"@type\":\"ListItem\",\"position\":3,\"name\":\"Haussmann and the City of Lights\"}]},{\"@type\":\"WebSite\",\"@id\":\"https:\\\/\\\/interkultur.fr\\\/en\\\/#website\",\"url\":\"https:\\\/\\\/interkultur.fr\\\/en\\\/\",\"name\":\"Interkultur\",\"description\":\"Visites et \u00e9v\u00e9nements culturels dans le Paris secret li\u00e9s \u00e0 l\u2019Histoire, l\u2019art, et la valorisation du patrimoine et des savoirs faire.\",\"potentialAction\":[{\"@type\":\"SearchAction\",\"target\":{\"@type\":\"EntryPoint\",\"urlTemplate\":\"https:\\\/\\\/interkultur.fr\\\/en\\\/?s={search_term_string}\"},\"query-input\":{\"@type\":\"PropertyValueSpecification\",\"valueRequired\":true,\"valueName\":\"search_term_string\"}}],\"inLanguage\":\"en-US\"}]}<\/script>\n<!-- \/ Yoast SEO plugin. -->","yoast_head_json":{"title":"Haussmann and the City of Lights - Interkultur","robots":{"index":"index","follow":"follow","max-snippet":"max-snippet:-1","max-image-preview":"max-image-preview:large","max-video-preview":"max-video-preview:-1"},"canonical":"https:\/\/interkultur.fr\/en\/produit\/haussmann-and-the-city-of-lights\/","og_locale":"en_US","og_type":"article","og_title":"Haussmann and the City of Lights - Interkultur","og_description":"This seminar will go in depth over the work of Haussmann and urban planning in Paris over two centuries. The tour expands from the Palais royal to the Opera via \u201cGrands Boulevards\u201d and haussmannian avenues to witness the amazing 19th century changes in the city. Included: visit of the Opera, Galeries Lafayette department store terrace and cupola, a major bank headquarter and the most fascinating hidden ballroom in Paris. Note that the ticket's entrance to the Opera is not included and can be pre-purchased.","og_url":"https:\/\/interkultur.fr\/en\/produit\/haussmann-and-the-city-of-lights\/","og_site_name":"Interkultur","article_modified_time":"2024-02-12T20:38:55+00:00","og_image":[{"width":640,"height":640,"url":"https:\/\/interkultur.fr\/wp-content\/uploads\/2024\/02\/Bibliotheque.jpg","type":"image\/jpeg"}],"twitter_card":"summary_large_image","schema":{"@context":"https:\/\/schema.org","@graph":[{"@type":"WebPage","@id":"https:\/\/interkultur.fr\/en\/produit\/haussmann-and-the-city-of-lights\/","url":"https:\/\/interkultur.fr\/en\/produit\/haussmann-and-the-city-of-lights\/","name":"Haussmann and the City of Lights - Interkultur","isPartOf":{"@id":"https:\/\/interkultur.fr\/en\/#website"},"primaryImageOfPage":{"@id":"https:\/\/interkultur.fr\/en\/produit\/haussmann-and-the-city-of-lights\/#primaryimage"},"image":{"@id":"https:\/\/interkultur.fr\/en\/produit\/haussmann-and-the-city-of-lights\/#primaryimage"},"thumbnailUrl":"https:\/\/interkultur.fr\/wp-content\/uploads\/2024\/02\/Esxclusive-walks-in-Paris-scaled.jpg","datePublished":"2024-02-06T16:32:03+00:00","dateModified":"2024-02-12T20:38:55+00:00","breadcrumb":{"@id":"https:\/\/interkultur.fr\/en\/produit\/haussmann-and-the-city-of-lights\/#breadcrumb"},"inLanguage":"en-US","potentialAction":[{"@type":"ReadAction","target":["https:\/\/interkultur.fr\/en\/produit\/haussmann-and-the-city-of-lights\/"]}]},{"@type":"ImageObject","inLanguage":"en-US","@id":"https:\/\/interkultur.fr\/en\/produit\/haussmann-and-the-city-of-lights\/#primaryimage","url":"https:\/\/interkultur.fr\/wp-content\/uploads\/2024\/02\/Esxclusive-walks-in-Paris-scaled.jpg","contentUrl":"https:\/\/interkultur.fr\/wp-content\/uploads\/2024\/02\/Esxclusive-walks-in-Paris-scaled.jpg","width":2560,"height":1920},{"@type":"BreadcrumbList","@id":"https:\/\/interkultur.fr\/en\/produit\/haussmann-and-the-city-of-lights\/#breadcrumb","itemListElement":[{"@type":"ListItem","position":1,"name":"Accueil","item":"https:\/\/interkultur.fr\/en\/"},{"@type":"ListItem","position":2,"name":"Shop","item":"https:\/\/interkultur.fr\/en\/shop\/"},{"@type":"ListItem","position":3,"name":"Haussmann and the City of Lights"}]},{"@type":"WebSite","@id":"https:\/\/interkultur.fr\/en\/#website","url":"https:\/\/interkultur.fr\/en\/","name":"Interkultur","description":"Visites et \u00e9v\u00e9nements culturels dans le Paris secret li\u00e9s \u00e0 l\u2019Histoire, l\u2019art, et la valorisation du patrimoine et des savoirs faire.","potentialAction":[{"@type":"SearchAction","target":{"@type":"EntryPoint","urlTemplate":"https:\/\/interkultur.fr\/en\/?s={search_term_string}"},"query-input":{"@type":"PropertyValueSpecification","valueRequired":true,"valueName":"search_term_string"}}],"inLanguage":"en-US"}]}},"_links":{"self":[{"href":"https:\/\/interkultur.fr\/en\/wp-json\/wp\/v2\/product\/6934","targetHints":{"allow":["GET"]}}],"collection":[{"href":"https:\/\/interkultur.fr\/en\/wp-json\/wp\/v2\/product"}],"about":[{"href":"https:\/\/interkultur.fr\/en\/wp-json\/wp\/v2\/types\/product"}],"wp:featuredmedia":[{"embeddable":true,"href":"https:\/\/interkultur.fr\/en\/wp-json\/wp\/v2\/media\/6480"}],"wp:attachment":[{"href":"https:\/\/interkultur.fr\/en\/wp-json\/wp\/v2\/media?parent=6934"}],"wp:term":[{"taxonomy":"product_brand","embeddable":true,"href":"https:\/\/interkultur.fr\/en\/wp-json\/wp\/v2\/product_brand?post=6934"},{"taxonomy":"product_cat","embeddable":true,"href":"https:\/\/interkultur.fr\/en\/wp-json\/wp\/v2\/product_cat?post=6934"},{"taxonomy":"product_tag","embeddable":true,"href":"https:\/\/interkultur.fr\/en\/wp-json\/wp\/v2\/product_tag?post=6934"}],"curies":[{"name":"wp","href":"https:\/\/api.w.org\/{rel}","templated":true}]}}