{"id":6999,"date":"2024-02-13T17:25:28","date_gmt":"2024-02-13T16:25:28","guid":{"rendered":"https:\/\/interkultur.fr\/?post_type=product&#038;p=6999"},"modified":"2024-02-25T00:44:14","modified_gmt":"2024-02-24T23:44:14","slug":"giverny","status":"publish","type":"product","link":"https:\/\/interkultur.fr\/en\/produit\/giverny\/","title":{"rendered":"Giverny"},"content":{"rendered":"<h3>Monet in Giverny<\/h3>\n<p><strong>Practical information:<\/strong><br \/>\n\u2022 Meeting point:\u00a0Hotel\/ to be confirmed<br \/>\n\u2022 Duration: around 5 hours<br \/>\n\u2022 Private coach and walking tour<br \/>\n\u2022 Available from April 1 to November 1 (property closed in winter)<br \/>\n\u2022 From 110\u20ac to 300\u20ac per person (min: 2 people \/ max: 7)<br \/>\n\u2022 More than 7 people: <a href=\"https:\/\/www.interkultur.fr\/contact-us\/\"><strong>contact us<\/strong><\/a><br \/>\n\u2022 Claude Monet&#8217;s house and gardens tickets included<br \/>\n\u2022 Transportation and all sites tickets included.<\/p>\n<p>&nbsp;<\/p>\n<p style=\"text-align: justify;\">Relive Monet&#8217;s life, learn about the quite unusual personal life of the founding father of <strong>Impressionism<\/strong>, his strong personality, his struggles and his passions and influences.<\/p>\n<p style=\"text-align: justify;\">Our Giverny guided tour includes a visit of the <strong>Clos Normand flower garden<\/strong>: each season brings its variety of blooming flowers and trees, you will enjoy a <strong>festival of colors<\/strong>: its yellow irises, forget-me-nots, tulips, nasturtiums, lis, peonies, roses to name just a few!<\/p>\n<p style=\"text-align: justify;\">In 1893, Monet created in the gardens at his home in Giverny <strong>the water lily pond<\/strong> that inspired his most celebrated works. You will admire the Japanese inspired water garden on the other side of the road, the <strong>wisteria covered Japanese bridge<\/strong> and the famous water-lily pond created by deriving the small Ru river.<\/p>\n<p style=\"text-align: justify;\">At the end of his life, Monet reaches the achievement of his career by painting <strong>large water lilies<\/strong>, with panels over 6 feet high and 20 to 25 feet wide that he had envisioned to be exposed in an oval shaped room for the public to have the feeling that they were surrounded by the painting (they can be seen\u00a0 today at the <strong>Orangerie museum<\/strong> in Paris, on request with our tour guide on another tour).<\/p>\n<p style=\"text-align: justify;\">On one side of the road there&#8217;s the Clos Normand and on the other side the pond, the Japanese bridge, the water lilies, the bamboos, and of course an <strong>incredible collection<\/strong> of beautiful flowers depending on the season. Visit <strong>the pink house<\/strong>, decorated in the same color schemes that Monet admired and recapture its atmosphere and charms of times past.<\/p>\n<p style=\"text-align: justify;\">Inside Monet\u2019s home, you will be able to dive in the past and see among others the reading room (blue salon), the <strong>impressive collection of the artist\u2019s original Japanese prints<\/strong>, the larder (epicerie) the living room\/workshop, Monet\u2019s bedchamber, Alice\u2019s bedchamber, Blanche\u2019s recently restored room, the yellow dining room and the blue ceramic kitchen. On the way out from the house we will give you some time if you wish to purchase some <strong>souvenirs<\/strong> in the <strong>former workshop<\/strong> where Monet painted the big water lilies series at the end of his life.<\/p>\n<p style=\"text-align: justify;\">On the way back to Paris, if time allows, the dive will take you back via a <strong>scenic road<\/strong> called \u201croute des cr\u00eates\u201d so that you can enjoy the <strong>beautiful scenery<\/strong> and landscape of the Vexin area.<\/p>\n","protected":false},"excerpt":{"rendered":"<p>Visit<strong> Monet\u2019s house in Giverny<\/strong>. During this half-day tour, you will visit Monet&#8217;s property (home and gardens) with an expert guide in order to understand better some of his paintings after the tour. You will be impressed to enter and visit these typical places where <strong>bright colors<\/strong> and <strong>astonishing patterns<\/strong> mix in a full-sized painting.<br \/>\nA walk in the village will follow before a scenic drive back along the <strong>Seine river typical sceneries<\/strong>.<\/p>\n","protected":false},"featured_media":7412,"template":"","meta":{"_price":"","_stock":"","_tribe_ticket_header":"","_tribe_default_ticket_provider":"","_tribe_ticket_capacity":"0","_ticket_start_date":"","_ticket_end_date":"","_tribe_ticket_show_description":"","_tribe_ticket_show_not_going":false,"_tribe_ticket_use_global_stock":"","_tribe_ticket_global_stock_level":"","_global_stock_mode":"","_global_stock_cap":"","_tribe_rsvp_for_event":"","_tribe_ticket_going_count":"","_tribe_ticket_not_going_count":"","_tribe_tickets_list":"[]","_tribe_ticket_has_attendee_info_fields":false,"_tec_slr_enabled":"","_tec_slr_layout":""},"product_brand":[],"product_cat":[142],"product_tag":[],"class_list":{"0":"post-6999","1":"product","2":"type-product","3":"status-publish","4":"has-post-thumbnail","6":"product_cat-tours-france","8":"first","9":"instock","10":"featured","11":"virtual","12":"product-type-simple"},"yoast_head":"<!-- This site is optimized with the Yoast SEO plugin v27.4 - https:\/\/yoast.com\/product\/yoast-seo-wordpress\/ -->\n<title>Giverny - Interkultur<\/title>\n<meta name=\"robots\" content=\"index, follow, max-snippet:-1, max-image-preview:large, max-video-preview:-1\" \/>\n<link rel=\"canonical\" href=\"https:\/\/interkultur.fr\/en\/produit\/giverny\/\" \/>\n<meta property=\"og:locale\" content=\"en_US\" \/>\n<meta property=\"og:type\" content=\"article\" \/>\n<meta property=\"og:title\" content=\"Giverny - Interkultur\" \/>\n<meta property=\"og:description\" content=\"Visit Monet\u2019s house in Giverny. During this half-day tour, you will visit Monet&#039;s property (home and gardens) with an expert guide in order to understand better some of his paintings after the tour. You will be impressed to enter and visit these typical places where bright colors and astonishing patterns mix in a full-sized painting. A walk in the village will follow before a scenic drive back along the Seine river typical sceneries.\" \/>\n<meta property=\"og:url\" content=\"https:\/\/interkultur.fr\/en\/produit\/giverny\/\" \/>\n<meta property=\"og:site_name\" content=\"Interkultur\" \/>\n<meta property=\"article:modified_time\" content=\"2024-02-24T23:44:14+00:00\" \/>\n<meta property=\"og:image\" content=\"https:\/\/interkultur.fr\/wp-content\/uploads\/2024\/02\/Giverny-scaled.jpg\" \/>\n\t<meta property=\"og:image:width\" content=\"2560\" \/>\n\t<meta property=\"og:image:height\" content=\"1920\" \/>\n\t<meta property=\"og:image:type\" content=\"image\/jpeg\" \/>\n<meta name=\"twitter:card\" content=\"summary_large_image\" \/>\n<script type=\"application\/ld+json\" class=\"yoast-schema-graph\">{\"@context\":\"https:\\\/\\\/schema.org\",\"@graph\":[{\"@type\":\"WebPage\",\"@id\":\"https:\\\/\\\/interkultur.fr\\\/en\\\/produit\\\/giverny\\\/\",\"url\":\"https:\\\/\\\/interkultur.fr\\\/en\\\/produit\\\/giverny\\\/\",\"name\":\"Giverny - Interkultur\",\"isPartOf\":{\"@id\":\"https:\\\/\\\/interkultur.fr\\\/en\\\/#website\"},\"primaryImageOfPage\":{\"@id\":\"https:\\\/\\\/interkultur.fr\\\/en\\\/produit\\\/giverny\\\/#primaryimage\"},\"image\":{\"@id\":\"https:\\\/\\\/interkultur.fr\\\/en\\\/produit\\\/giverny\\\/#primaryimage\"},\"thumbnailUrl\":\"https:\\\/\\\/interkultur.fr\\\/wp-content\\\/uploads\\\/2024\\\/02\\\/Giverny-scaled.jpg\",\"datePublished\":\"2024-02-13T16:25:28+00:00\",\"dateModified\":\"2024-02-24T23:44:14+00:00\",\"breadcrumb\":{\"@id\":\"https:\\\/\\\/interkultur.fr\\\/en\\\/produit\\\/giverny\\\/#breadcrumb\"},\"inLanguage\":\"en-US\",\"potentialAction\":[{\"@type\":\"ReadAction\",\"target\":[\"https:\\\/\\\/interkultur.fr\\\/en\\\/produit\\\/giverny\\\/\"]}]},{\"@type\":\"ImageObject\",\"inLanguage\":\"en-US\",\"@id\":\"https:\\\/\\\/interkultur.fr\\\/en\\\/produit\\\/giverny\\\/#primaryimage\",\"url\":\"https:\\\/\\\/interkultur.fr\\\/wp-content\\\/uploads\\\/2024\\\/02\\\/Giverny-scaled.jpg\",\"contentUrl\":\"https:\\\/\\\/interkultur.fr\\\/wp-content\\\/uploads\\\/2024\\\/02\\\/Giverny-scaled.jpg\",\"width\":2560,\"height\":1920},{\"@type\":\"BreadcrumbList\",\"@id\":\"https:\\\/\\\/interkultur.fr\\\/en\\\/produit\\\/giverny\\\/#breadcrumb\",\"itemListElement\":[{\"@type\":\"ListItem\",\"position\":1,\"name\":\"Accueil\",\"item\":\"https:\\\/\\\/interkultur.fr\\\/en\\\/\"},{\"@type\":\"ListItem\",\"position\":2,\"name\":\"Shop\",\"item\":\"https:\\\/\\\/interkultur.fr\\\/en\\\/shop\\\/\"},{\"@type\":\"ListItem\",\"position\":3,\"name\":\"Giverny\"}]},{\"@type\":\"WebSite\",\"@id\":\"https:\\\/\\\/interkultur.fr\\\/en\\\/#website\",\"url\":\"https:\\\/\\\/interkultur.fr\\\/en\\\/\",\"name\":\"Interkultur\",\"description\":\"Visites et \u00e9v\u00e9nements culturels dans le Paris secret li\u00e9s \u00e0 l\u2019Histoire, l\u2019art, et la valorisation du patrimoine et des savoirs faire.\",\"potentialAction\":[{\"@type\":\"SearchAction\",\"target\":{\"@type\":\"EntryPoint\",\"urlTemplate\":\"https:\\\/\\\/interkultur.fr\\\/en\\\/?s={search_term_string}\"},\"query-input\":{\"@type\":\"PropertyValueSpecification\",\"valueRequired\":true,\"valueName\":\"search_term_string\"}}],\"inLanguage\":\"en-US\"}]}<\/script>\n<!-- \/ Yoast SEO plugin. -->","yoast_head_json":{"title":"Giverny - Interkultur","robots":{"index":"index","follow":"follow","max-snippet":"max-snippet:-1","max-image-preview":"max-image-preview:large","max-video-preview":"max-video-preview:-1"},"canonical":"https:\/\/interkultur.fr\/en\/produit\/giverny\/","og_locale":"en_US","og_type":"article","og_title":"Giverny - Interkultur","og_description":"Visit Monet\u2019s house in Giverny. During this half-day tour, you will visit Monet's property (home and gardens) with an expert guide in order to understand better some of his paintings after the tour. You will be impressed to enter and visit these typical places where bright colors and astonishing patterns mix in a full-sized painting. A walk in the village will follow before a scenic drive back along the Seine river typical sceneries.","og_url":"https:\/\/interkultur.fr\/en\/produit\/giverny\/","og_site_name":"Interkultur","article_modified_time":"2024-02-24T23:44:14+00:00","og_image":[{"width":2560,"height":1920,"url":"https:\/\/interkultur.fr\/wp-content\/uploads\/2024\/02\/Giverny-scaled.jpg","type":"image\/jpeg"}],"twitter_card":"summary_large_image","schema":{"@context":"https:\/\/schema.org","@graph":[{"@type":"WebPage","@id":"https:\/\/interkultur.fr\/en\/produit\/giverny\/","url":"https:\/\/interkultur.fr\/en\/produit\/giverny\/","name":"Giverny - Interkultur","isPartOf":{"@id":"https:\/\/interkultur.fr\/en\/#website"},"primaryImageOfPage":{"@id":"https:\/\/interkultur.fr\/en\/produit\/giverny\/#primaryimage"},"image":{"@id":"https:\/\/interkultur.fr\/en\/produit\/giverny\/#primaryimage"},"thumbnailUrl":"https:\/\/interkultur.fr\/wp-content\/uploads\/2024\/02\/Giverny-scaled.jpg","datePublished":"2024-02-13T16:25:28+00:00","dateModified":"2024-02-24T23:44:14+00:00","breadcrumb":{"@id":"https:\/\/interkultur.fr\/en\/produit\/giverny\/#breadcrumb"},"inLanguage":"en-US","potentialAction":[{"@type":"ReadAction","target":["https:\/\/interkultur.fr\/en\/produit\/giverny\/"]}]},{"@type":"ImageObject","inLanguage":"en-US","@id":"https:\/\/interkultur.fr\/en\/produit\/giverny\/#primaryimage","url":"https:\/\/interkultur.fr\/wp-content\/uploads\/2024\/02\/Giverny-scaled.jpg","contentUrl":"https:\/\/interkultur.fr\/wp-content\/uploads\/2024\/02\/Giverny-scaled.jpg","width":2560,"height":1920},{"@type":"BreadcrumbList","@id":"https:\/\/interkultur.fr\/en\/produit\/giverny\/#breadcrumb","itemListElement":[{"@type":"ListItem","position":1,"name":"Accueil","item":"https:\/\/interkultur.fr\/en\/"},{"@type":"ListItem","position":2,"name":"Shop","item":"https:\/\/interkultur.fr\/en\/shop\/"},{"@type":"ListItem","position":3,"name":"Giverny"}]},{"@type":"WebSite","@id":"https:\/\/interkultur.fr\/en\/#website","url":"https:\/\/interkultur.fr\/en\/","name":"Interkultur","description":"Visites et \u00e9v\u00e9nements culturels dans le Paris secret li\u00e9s \u00e0 l\u2019Histoire, l\u2019art, et la valorisation du patrimoine et des savoirs faire.","potentialAction":[{"@type":"SearchAction","target":{"@type":"EntryPoint","urlTemplate":"https:\/\/interkultur.fr\/en\/?s={search_term_string}"},"query-input":{"@type":"PropertyValueSpecification","valueRequired":true,"valueName":"search_term_string"}}],"inLanguage":"en-US"}]}},"_links":{"self":[{"href":"https:\/\/interkultur.fr\/en\/wp-json\/wp\/v2\/product\/6999","targetHints":{"allow":["GET"]}}],"collection":[{"href":"https:\/\/interkultur.fr\/en\/wp-json\/wp\/v2\/product"}],"about":[{"href":"https:\/\/interkultur.fr\/en\/wp-json\/wp\/v2\/types\/product"}],"wp:featuredmedia":[{"embeddable":true,"href":"https:\/\/interkultur.fr\/en\/wp-json\/wp\/v2\/media\/7412"}],"wp:attachment":[{"href":"https:\/\/interkultur.fr\/en\/wp-json\/wp\/v2\/media?parent=6999"}],"wp:term":[{"taxonomy":"product_brand","embeddable":true,"href":"https:\/\/interkultur.fr\/en\/wp-json\/wp\/v2\/product_brand?post=6999"},{"taxonomy":"product_cat","embeddable":true,"href":"https:\/\/interkultur.fr\/en\/wp-json\/wp\/v2\/product_cat?post=6999"},{"taxonomy":"product_tag","embeddable":true,"href":"https:\/\/interkultur.fr\/en\/wp-json\/wp\/v2\/product_tag?post=6999"}],"curies":[{"name":"wp","href":"https:\/\/api.w.org\/{rel}","templated":true}]}}