{"id":7000,"date":"2024-02-13T17:27:19","date_gmt":"2024-02-13T16:27:19","guid":{"rendered":"https:\/\/interkultur.fr\/?post_type=product&#038;p=7000"},"modified":"2024-03-02T18:39:36","modified_gmt":"2024-03-02T17:39:36","slug":"ecouen","status":"publish","type":"product","link":"https:\/\/interkultur.fr\/en\/produit\/ecouen\/","title":{"rendered":"Ecouen"},"content":{"rendered":"<h3>Ecouen<\/h3>\n<p><strong>Practical information:<\/strong><br \/>\n\u2022 Collection point:\u00a0to be confirmed<br \/>\n\u2022 Duration: 06h<br \/>\n\u2022\u00a0Train \/ walking (Special quote required for private transport)<br \/>\n\u2022 <strong>Groups<\/strong>: 50\u20ac\/pers. (from 7 to 20 people)<br \/>\n\u2022 <strong>Couple<\/strong>: 250\u20ac\/pers. 3 to 6 people: <a href=\"https:\/\/interkultur.fr\/en\/contact\/\">Contact us<\/a><br \/>\n\u2022 Transportation and all sites tickets included.<\/p>\n<p>&nbsp;<\/p>\n<p style=\"text-align: justify;\"><img decoding=\"async\" class=\"alignleft size-thumbnail wp-image-7523\" src=\"https:\/\/interkultur.fr\/wp-content\/uploads\/2024\/02\/Ecouen-inner-facade-150x150.jpg\" alt=\"\" width=\"150\" height=\"150\" srcset=\"https:\/\/interkultur.fr\/wp-content\/uploads\/2024\/02\/Ecouen-inner-facade-66x66.jpg 66w, https:\/\/interkultur.fr\/wp-content\/uploads\/2024\/02\/Ecouen-inner-facade-150x150.jpg 150w, https:\/\/interkultur.fr\/wp-content\/uploads\/2024\/02\/Ecouen-inner-facade-200x200.jpg 200w, https:\/\/interkultur.fr\/wp-content\/uploads\/2024\/02\/Ecouen-inner-facade-500x500.jpg 500w\" sizes=\"(max-width: 150px) 100vw, 150px\" \/>Very close to Paris is a <strong>rare beauty<\/strong>, a pristine castle built in the 16th century. It houses the national museum for <strong>collections from the Renaissance period<\/strong>.<br \/>\nEven though original furniture has disappeared, some rooms have been beautifully restored with their wooden paneled offices, <strong>splendid fireplaces<\/strong> or vaulted ceilings.<\/p>\n<p style=\"text-align: justify;\">A large collection of objects has been gathered including <strong>goldsmiths masterpieces<\/strong> like the Spanish Emperor&#8217;s golden clock, rare wooden chests, a superb series of tapestries,\u00a0 including the series on <strong>David and Bethsabee<\/strong>, but also <strong>superb cabinets<\/strong> with marquetry and precious stones. The chapel is another highlight of the visit with a painted ceiling and rich decorating.<\/p>\n<p style=\"text-align: justify;\"><img decoding=\"async\" class=\"alignleft size-thumbnail wp-image-7788\" src=\"https:\/\/interkultur.fr\/wp-content\/uploads\/2024\/02\/panel-ecouen-150x150.jpg\" alt=\"\" width=\"150\" height=\"150\" srcset=\"https:\/\/interkultur.fr\/wp-content\/uploads\/2024\/02\/panel-ecouen-66x66.jpg 66w, https:\/\/interkultur.fr\/wp-content\/uploads\/2024\/02\/panel-ecouen-150x150.jpg 150w, https:\/\/interkultur.fr\/wp-content\/uploads\/2024\/02\/panel-ecouen-200x200.jpg 200w, https:\/\/interkultur.fr\/wp-content\/uploads\/2024\/02\/panel-ecouen-500x500.jpg 500w\" sizes=\"(max-width: 150px) 100vw, 150px\" \/>Just behind the chateau, the small town of Ecouen is spread around a church boasting of <strong>superb stained glass windows<\/strong> from the 16th century as well as an <strong>old mansion<\/strong> now housing the tourism office. A permanent exhibition shows the<strong> first telegraph attempts<\/strong> and experiments held in the mid 19th century by Claude Chappe.<\/p>\n<p>&nbsp;<\/p>\n<p style=\"text-align: justify;\">A 30 minutes<strong> art trail<\/strong> in the city center will show paintings from various artists who chose Ecouen for inspiration as an <strong>art school<\/strong> in the second half of the 19th century. One of them was the American painter <strong>Mary Cassatt<\/strong>. Close by, a short conference in the town hall will highlight this period with the <strong>city&#8217;s painting collection<\/strong>.<\/p>\n<p style=\"text-align: justify;\">The day will end with a<strong> stroll back through the forest<\/strong> to the train station and Paris.<\/p>\n","protected":false},"excerpt":{"rendered":"<p>The day in <strong>Ecouen<\/strong> will start with a 20 minutes train ride from Paris followed by <strong>a walk through the charming Montmorency forest<\/strong>.<br \/>\nThis leads to the <strong>magnificent 16th century castle<\/strong> housing the National Renaissance Museum. Some of the pieces of furniture, objects or tapestries displayed in the beautifully restored rooms are <strong>unique and world class<\/strong>.<br \/>\nAfter the chateau, an <strong>art tour<\/strong> in the city center will highlight several artists choosing Ecouen as their residence for inspiration. One of them was <strong>Mary Cassatt<\/strong>. A few paintings will also be exceptionally out for a look at to round up the art trail in a local center, before going back to the station through the woods.<\/p>\n","protected":false},"featured_media":7519,"template":"","meta":{"_price":"","_stock":"","_tribe_ticket_header":"","_tribe_default_ticket_provider":"","_tribe_ticket_capacity":"0","_ticket_start_date":"","_ticket_end_date":"","_tribe_ticket_show_description":"","_tribe_ticket_show_not_going":false,"_tribe_ticket_use_global_stock":"","_tribe_ticket_global_stock_level":"","_global_stock_mode":"","_global_stock_cap":"","_tribe_rsvp_for_event":"","_tribe_ticket_going_count":"","_tribe_ticket_not_going_count":"","_tribe_tickets_list":"[]","_tribe_ticket_has_attendee_info_fields":false,"_tec_slr_enabled":"","_tec_slr_layout":""},"product_brand":[],"product_cat":[142],"product_tag":[],"class_list":{"0":"post-7000","1":"product","2":"type-product","3":"status-publish","4":"has-post-thumbnail","6":"product_cat-tours-france","8":"first","9":"instock","10":"featured","11":"virtual","12":"product-type-simple"},"yoast_head":"<!-- This site is optimized with the Yoast SEO plugin v27.5 - https:\/\/yoast.com\/product\/yoast-seo-wordpress\/ -->\n<title>Ecouen - Interkultur<\/title>\n<meta name=\"robots\" content=\"index, follow, max-snippet:-1, max-image-preview:large, max-video-preview:-1\" \/>\n<link rel=\"canonical\" href=\"https:\/\/interkultur.fr\/en\/produit\/ecouen\/\" \/>\n<meta property=\"og:locale\" content=\"en_US\" \/>\n<meta property=\"og:type\" content=\"article\" \/>\n<meta property=\"og:title\" content=\"Ecouen - Interkultur\" \/>\n<meta property=\"og:description\" content=\"The day in Ecouen will start with a 20 minutes train ride from Paris followed by a walk through the charming Montmorency forest. This leads to the magnificent 16th century castle housing the National Renaissance Museum. Some of the pieces of furniture, objects or tapestries displayed in the beautifully restored rooms are unique and world class. After the chateau, an art tour in the city center will highlight several artists choosing Ecouen as their residence for inspiration. One of them was Mary Cassatt. A few paintings will also be exceptionally out for a look at to round up the art trail in a local center, before going back to the station through the woods.\" \/>\n<meta property=\"og:url\" content=\"https:\/\/interkultur.fr\/en\/produit\/ecouen\/\" \/>\n<meta property=\"og:site_name\" content=\"Interkultur\" \/>\n<meta property=\"article:modified_time\" content=\"2024-03-02T17:39:36+00:00\" \/>\n<meta property=\"og:image\" content=\"https:\/\/interkultur.fr\/wp-content\/uploads\/2024\/02\/Ecouen-chateau-scaled.jpg\" \/>\n\t<meta property=\"og:image:width\" content=\"2560\" \/>\n\t<meta property=\"og:image:height\" content=\"1920\" \/>\n\t<meta property=\"og:image:type\" content=\"image\/jpeg\" \/>\n<meta name=\"twitter:card\" content=\"summary_large_image\" \/>\n<script type=\"application\/ld+json\" class=\"yoast-schema-graph\">{\"@context\":\"https:\\\/\\\/schema.org\",\"@graph\":[{\"@type\":\"WebPage\",\"@id\":\"https:\\\/\\\/interkultur.fr\\\/en\\\/produit\\\/ecouen\\\/\",\"url\":\"https:\\\/\\\/interkultur.fr\\\/en\\\/produit\\\/ecouen\\\/\",\"name\":\"Ecouen - Interkultur\",\"isPartOf\":{\"@id\":\"https:\\\/\\\/interkultur.fr\\\/en\\\/#website\"},\"primaryImageOfPage\":{\"@id\":\"https:\\\/\\\/interkultur.fr\\\/en\\\/produit\\\/ecouen\\\/#primaryimage\"},\"image\":{\"@id\":\"https:\\\/\\\/interkultur.fr\\\/en\\\/produit\\\/ecouen\\\/#primaryimage\"},\"thumbnailUrl\":\"https:\\\/\\\/interkultur.fr\\\/wp-content\\\/uploads\\\/2024\\\/02\\\/Ecouen-chateau-scaled.jpg\",\"datePublished\":\"2024-02-13T16:27:19+00:00\",\"dateModified\":\"2024-03-02T17:39:36+00:00\",\"breadcrumb\":{\"@id\":\"https:\\\/\\\/interkultur.fr\\\/en\\\/produit\\\/ecouen\\\/#breadcrumb\"},\"inLanguage\":\"en-US\",\"potentialAction\":[{\"@type\":\"ReadAction\",\"target\":[\"https:\\\/\\\/interkultur.fr\\\/en\\\/produit\\\/ecouen\\\/\"]}]},{\"@type\":\"ImageObject\",\"inLanguage\":\"en-US\",\"@id\":\"https:\\\/\\\/interkultur.fr\\\/en\\\/produit\\\/ecouen\\\/#primaryimage\",\"url\":\"https:\\\/\\\/interkultur.fr\\\/wp-content\\\/uploads\\\/2024\\\/02\\\/Ecouen-chateau-scaled.jpg\",\"contentUrl\":\"https:\\\/\\\/interkultur.fr\\\/wp-content\\\/uploads\\\/2024\\\/02\\\/Ecouen-chateau-scaled.jpg\",\"width\":2560,\"height\":1920},{\"@type\":\"BreadcrumbList\",\"@id\":\"https:\\\/\\\/interkultur.fr\\\/en\\\/produit\\\/ecouen\\\/#breadcrumb\",\"itemListElement\":[{\"@type\":\"ListItem\",\"position\":1,\"name\":\"Accueil\",\"item\":\"https:\\\/\\\/interkultur.fr\\\/en\\\/\"},{\"@type\":\"ListItem\",\"position\":2,\"name\":\"Shop\",\"item\":\"https:\\\/\\\/interkultur.fr\\\/en\\\/shop\\\/\"},{\"@type\":\"ListItem\",\"position\":3,\"name\":\"Ecouen\"}]},{\"@type\":\"WebSite\",\"@id\":\"https:\\\/\\\/interkultur.fr\\\/en\\\/#website\",\"url\":\"https:\\\/\\\/interkultur.fr\\\/en\\\/\",\"name\":\"Interkultur\",\"description\":\"Visites et \u00e9v\u00e9nements culturels dans le Paris secret li\u00e9s \u00e0 l\u2019Histoire, l\u2019art, et la valorisation du patrimoine et des savoirs faire.\",\"potentialAction\":[{\"@type\":\"SearchAction\",\"target\":{\"@type\":\"EntryPoint\",\"urlTemplate\":\"https:\\\/\\\/interkultur.fr\\\/en\\\/?s={search_term_string}\"},\"query-input\":{\"@type\":\"PropertyValueSpecification\",\"valueRequired\":true,\"valueName\":\"search_term_string\"}}],\"inLanguage\":\"en-US\"}]}<\/script>\n<!-- \/ Yoast SEO plugin. -->","yoast_head_json":{"title":"Ecouen - Interkultur","robots":{"index":"index","follow":"follow","max-snippet":"max-snippet:-1","max-image-preview":"max-image-preview:large","max-video-preview":"max-video-preview:-1"},"canonical":"https:\/\/interkultur.fr\/en\/produit\/ecouen\/","og_locale":"en_US","og_type":"article","og_title":"Ecouen - Interkultur","og_description":"The day in Ecouen will start with a 20 minutes train ride from Paris followed by a walk through the charming Montmorency forest. This leads to the magnificent 16th century castle housing the National Renaissance Museum. Some of the pieces of furniture, objects or tapestries displayed in the beautifully restored rooms are unique and world class. After the chateau, an art tour in the city center will highlight several artists choosing Ecouen as their residence for inspiration. One of them was Mary Cassatt. A few paintings will also be exceptionally out for a look at to round up the art trail in a local center, before going back to the station through the woods.","og_url":"https:\/\/interkultur.fr\/en\/produit\/ecouen\/","og_site_name":"Interkultur","article_modified_time":"2024-03-02T17:39:36+00:00","og_image":[{"width":2560,"height":1920,"url":"https:\/\/interkultur.fr\/wp-content\/uploads\/2024\/02\/Ecouen-chateau-scaled.jpg","type":"image\/jpeg"}],"twitter_card":"summary_large_image","schema":{"@context":"https:\/\/schema.org","@graph":[{"@type":"WebPage","@id":"https:\/\/interkultur.fr\/en\/produit\/ecouen\/","url":"https:\/\/interkultur.fr\/en\/produit\/ecouen\/","name":"Ecouen - Interkultur","isPartOf":{"@id":"https:\/\/interkultur.fr\/en\/#website"},"primaryImageOfPage":{"@id":"https:\/\/interkultur.fr\/en\/produit\/ecouen\/#primaryimage"},"image":{"@id":"https:\/\/interkultur.fr\/en\/produit\/ecouen\/#primaryimage"},"thumbnailUrl":"https:\/\/interkultur.fr\/wp-content\/uploads\/2024\/02\/Ecouen-chateau-scaled.jpg","datePublished":"2024-02-13T16:27:19+00:00","dateModified":"2024-03-02T17:39:36+00:00","breadcrumb":{"@id":"https:\/\/interkultur.fr\/en\/produit\/ecouen\/#breadcrumb"},"inLanguage":"en-US","potentialAction":[{"@type":"ReadAction","target":["https:\/\/interkultur.fr\/en\/produit\/ecouen\/"]}]},{"@type":"ImageObject","inLanguage":"en-US","@id":"https:\/\/interkultur.fr\/en\/produit\/ecouen\/#primaryimage","url":"https:\/\/interkultur.fr\/wp-content\/uploads\/2024\/02\/Ecouen-chateau-scaled.jpg","contentUrl":"https:\/\/interkultur.fr\/wp-content\/uploads\/2024\/02\/Ecouen-chateau-scaled.jpg","width":2560,"height":1920},{"@type":"BreadcrumbList","@id":"https:\/\/interkultur.fr\/en\/produit\/ecouen\/#breadcrumb","itemListElement":[{"@type":"ListItem","position":1,"name":"Accueil","item":"https:\/\/interkultur.fr\/en\/"},{"@type":"ListItem","position":2,"name":"Shop","item":"https:\/\/interkultur.fr\/en\/shop\/"},{"@type":"ListItem","position":3,"name":"Ecouen"}]},{"@type":"WebSite","@id":"https:\/\/interkultur.fr\/en\/#website","url":"https:\/\/interkultur.fr\/en\/","name":"Interkultur","description":"Visites et \u00e9v\u00e9nements culturels dans le Paris secret li\u00e9s \u00e0 l\u2019Histoire, l\u2019art, et la valorisation du patrimoine et des savoirs faire.","potentialAction":[{"@type":"SearchAction","target":{"@type":"EntryPoint","urlTemplate":"https:\/\/interkultur.fr\/en\/?s={search_term_string}"},"query-input":{"@type":"PropertyValueSpecification","valueRequired":true,"valueName":"search_term_string"}}],"inLanguage":"en-US"}]}},"_links":{"self":[{"href":"https:\/\/interkultur.fr\/en\/wp-json\/wp\/v2\/product\/7000","targetHints":{"allow":["GET"]}}],"collection":[{"href":"https:\/\/interkultur.fr\/en\/wp-json\/wp\/v2\/product"}],"about":[{"href":"https:\/\/interkultur.fr\/en\/wp-json\/wp\/v2\/types\/product"}],"wp:featuredmedia":[{"embeddable":true,"href":"https:\/\/interkultur.fr\/en\/wp-json\/wp\/v2\/media\/7519"}],"wp:attachment":[{"href":"https:\/\/interkultur.fr\/en\/wp-json\/wp\/v2\/media?parent=7000"}],"wp:term":[{"taxonomy":"product_brand","embeddable":true,"href":"https:\/\/interkultur.fr\/en\/wp-json\/wp\/v2\/product_brand?post=7000"},{"taxonomy":"product_cat","embeddable":true,"href":"https:\/\/interkultur.fr\/en\/wp-json\/wp\/v2\/product_cat?post=7000"},{"taxonomy":"product_tag","embeddable":true,"href":"https:\/\/interkultur.fr\/en\/wp-json\/wp\/v2\/product_tag?post=7000"}],"curies":[{"name":"wp","href":"https:\/\/api.w.org\/{rel}","templated":true}]}}