{"id":7001,"date":"2024-02-13T17:31:08","date_gmt":"2024-02-13T16:31:08","guid":{"rendered":"https:\/\/interkultur.fr\/?post_type=product&#038;p=7001"},"modified":"2024-02-25T19:52:38","modified_gmt":"2024-02-25T18:52:38","slug":"imperial-compiegne","status":"publish","type":"product","link":"https:\/\/interkultur.fr\/en\/produit\/imperial-compiegne\/","title":{"rendered":"Imperial Compi\u00e8gne"},"content":{"rendered":"<h3>Compi\u00e8gne<\/h3>\n<p><strong>Practical informations:<\/strong><br \/>\n\u2022 Meeting point:\u00a0to be confirmed<br \/>\n\u2022 Duration: around 6 hours<br \/>\n\u2022 Train and walking tour<br \/>\n\u2022 <strong>Groups<\/strong>: 50\u20ac\/pers. (from 7 to 20 people)<br \/>\n\u2022 <strong>Couple<\/strong>: 250\u20ac\/pers. 3 to 6: <a href=\"https:\/\/interkultur.fr\/en\/contact\/\">Contact us<\/a><br \/>\n\u2022 Transportation and all sites tickets included.<\/p>\n<p>&nbsp;<\/p>\n<p style=\"text-align: justify;\">Compi\u00e8gne is a bit away from touristic paths although a <strong>fantastic place<\/strong> to see. The charming city is important in France since the Carolingians dynasty, with a few kings using the city as a <strong>capital of France<\/strong> from 8 to 10th century. A few sites, including an old monastery and ruins still witness these grand moments in the city centre.<br \/>\nThe medieval times left also multiple churches, <strong>towers<\/strong> and <strong>half timbered houses<\/strong> lining lively streets. One of the churches houses a s<strong>plendid treasure<\/strong> made of relics and gifts favored by the constant presence of the Royal family.<br \/>\n<strong>The Chateau<\/strong> standing today dates the 18th century when Louis the 15th decided to erect a brand new one. Set at the border of a <strong>vast forest<\/strong> rich in game, the chateau has hosted heads of states frequently giving in hunting.<br \/>\n<strong>Napoleon the 1st and Napoleon III<\/strong> where regulars and most rooms keep furnishing from these periods. An aisle has been dedicated to the Second Empire era, with <strong>rare objects and souvenirs<\/strong>.<br \/>\nThe Palace houses also an <strong>incredible collection<\/strong> of old carriages and sledges from the kings days as well as an antique collection of automobiles with unique examples from the second half of the 19th century, numbering as <strong>some of the first ones in the world<\/strong>.<br \/>\nOn the way back, the tour will give the opportunity to admire <strong>more antique houses<\/strong>, the imperial theatre, but also the remains of fort significant in the fighting of <strong>Joan of Arc<\/strong> during the 100 years war.<\/p>\n","protected":false},"excerpt":{"rendered":"<p>The day tour in <strong>Compi\u00e8gne<\/strong> will highlight the <strong>wonderful assets<\/strong> of the city, with many antique and historical sites set along the <strong>Oise<\/strong> river. The visit of <strong>the palace<\/strong> will be the most important part of the tour, with <strong>valuable objects<\/strong> from the First and second French Empire and a <strong>unique pristine antique automobile museum<\/strong>.<br \/>\nOther <strong>great sites<\/strong> are on the program including street houses, Medieval remains, historical anecdotes and special <strong>churches filled with treasures<\/strong>.<\/p>\n","protected":false},"featured_media":7582,"template":"","meta":{"_price":"","_stock":"","_tribe_ticket_header":"","_tribe_default_ticket_provider":"","_tribe_ticket_capacity":"0","_ticket_start_date":"","_ticket_end_date":"","_tribe_ticket_show_description":"","_tribe_ticket_show_not_going":false,"_tribe_ticket_use_global_stock":"","_tribe_ticket_global_stock_level":"","_global_stock_mode":"","_global_stock_cap":"","_tribe_rsvp_for_event":"","_tribe_ticket_going_count":"","_tribe_ticket_not_going_count":"","_tribe_tickets_list":"[]","_tribe_ticket_has_attendee_info_fields":false,"_tec_slr_enabled":"","_tec_slr_layout":""},"product_brand":[],"product_cat":[142],"product_tag":[],"class_list":{"0":"post-7001","1":"product","2":"type-product","3":"status-publish","4":"has-post-thumbnail","6":"product_cat-tours-france","8":"first","9":"instock","10":"featured","11":"virtual","12":"product-type-simple"},"yoast_head":"<!-- This site is optimized with the Yoast SEO plugin v27.5 - https:\/\/yoast.com\/product\/yoast-seo-wordpress\/ -->\n<title>Imperial Compi\u00e8gne - Interkultur<\/title>\n<meta name=\"robots\" content=\"index, follow, max-snippet:-1, max-image-preview:large, max-video-preview:-1\" \/>\n<link rel=\"canonical\" href=\"https:\/\/interkultur.fr\/en\/produit\/imperial-compiegne\/\" \/>\n<meta property=\"og:locale\" content=\"en_US\" \/>\n<meta property=\"og:type\" content=\"article\" \/>\n<meta property=\"og:title\" content=\"Imperial Compi\u00e8gne - Interkultur\" \/>\n<meta property=\"og:description\" content=\"The day tour in Compi\u00e8gne will highlight the wonderful assets of the city, with many antique and historical sites set along the Oise river. The visit of the palace will be the most important part of the tour, with valuable objects from the First and second French Empire and a unique pristine antique automobile museum. Other great sites are on the program including street houses, Medieval remains, historical anecdotes and special churches filled with treasures.\" \/>\n<meta property=\"og:url\" content=\"https:\/\/interkultur.fr\/en\/produit\/imperial-compiegne\/\" \/>\n<meta property=\"og:site_name\" content=\"Interkultur\" \/>\n<meta property=\"article:modified_time\" content=\"2024-02-25T18:52:38+00:00\" \/>\n<meta property=\"og:image\" content=\"https:\/\/interkultur.fr\/wp-content\/uploads\/2024\/02\/Compiegne-bedroom-scaled.jpg\" \/>\n\t<meta property=\"og:image:width\" content=\"2560\" \/>\n\t<meta property=\"og:image:height\" content=\"1920\" \/>\n\t<meta property=\"og:image:type\" content=\"image\/jpeg\" \/>\n<meta name=\"twitter:card\" content=\"summary_large_image\" \/>\n<script type=\"application\/ld+json\" class=\"yoast-schema-graph\">{\"@context\":\"https:\\\/\\\/schema.org\",\"@graph\":[{\"@type\":\"WebPage\",\"@id\":\"https:\\\/\\\/interkultur.fr\\\/en\\\/produit\\\/imperial-compiegne\\\/\",\"url\":\"https:\\\/\\\/interkultur.fr\\\/en\\\/produit\\\/imperial-compiegne\\\/\",\"name\":\"Imperial Compi\u00e8gne - Interkultur\",\"isPartOf\":{\"@id\":\"https:\\\/\\\/interkultur.fr\\\/en\\\/#website\"},\"primaryImageOfPage\":{\"@id\":\"https:\\\/\\\/interkultur.fr\\\/en\\\/produit\\\/imperial-compiegne\\\/#primaryimage\"},\"image\":{\"@id\":\"https:\\\/\\\/interkultur.fr\\\/en\\\/produit\\\/imperial-compiegne\\\/#primaryimage\"},\"thumbnailUrl\":\"https:\\\/\\\/interkultur.fr\\\/wp-content\\\/uploads\\\/2024\\\/02\\\/Compiegne-bedroom-scaled.jpg\",\"datePublished\":\"2024-02-13T16:31:08+00:00\",\"dateModified\":\"2024-02-25T18:52:38+00:00\",\"breadcrumb\":{\"@id\":\"https:\\\/\\\/interkultur.fr\\\/en\\\/produit\\\/imperial-compiegne\\\/#breadcrumb\"},\"inLanguage\":\"en-US\",\"potentialAction\":[{\"@type\":\"ReadAction\",\"target\":[\"https:\\\/\\\/interkultur.fr\\\/en\\\/produit\\\/imperial-compiegne\\\/\"]}]},{\"@type\":\"ImageObject\",\"inLanguage\":\"en-US\",\"@id\":\"https:\\\/\\\/interkultur.fr\\\/en\\\/produit\\\/imperial-compiegne\\\/#primaryimage\",\"url\":\"https:\\\/\\\/interkultur.fr\\\/wp-content\\\/uploads\\\/2024\\\/02\\\/Compiegne-bedroom-scaled.jpg\",\"contentUrl\":\"https:\\\/\\\/interkultur.fr\\\/wp-content\\\/uploads\\\/2024\\\/02\\\/Compiegne-bedroom-scaled.jpg\",\"width\":2560,\"height\":1920},{\"@type\":\"BreadcrumbList\",\"@id\":\"https:\\\/\\\/interkultur.fr\\\/en\\\/produit\\\/imperial-compiegne\\\/#breadcrumb\",\"itemListElement\":[{\"@type\":\"ListItem\",\"position\":1,\"name\":\"Accueil\",\"item\":\"https:\\\/\\\/interkultur.fr\\\/en\\\/\"},{\"@type\":\"ListItem\",\"position\":2,\"name\":\"Shop\",\"item\":\"https:\\\/\\\/interkultur.fr\\\/en\\\/shop\\\/\"},{\"@type\":\"ListItem\",\"position\":3,\"name\":\"Imperial Compi\u00e8gne\"}]},{\"@type\":\"WebSite\",\"@id\":\"https:\\\/\\\/interkultur.fr\\\/en\\\/#website\",\"url\":\"https:\\\/\\\/interkultur.fr\\\/en\\\/\",\"name\":\"Interkultur\",\"description\":\"Visites et \u00e9v\u00e9nements culturels dans le Paris secret li\u00e9s \u00e0 l\u2019Histoire, l\u2019art, et la valorisation du patrimoine et des savoirs faire.\",\"potentialAction\":[{\"@type\":\"SearchAction\",\"target\":{\"@type\":\"EntryPoint\",\"urlTemplate\":\"https:\\\/\\\/interkultur.fr\\\/en\\\/?s={search_term_string}\"},\"query-input\":{\"@type\":\"PropertyValueSpecification\",\"valueRequired\":true,\"valueName\":\"search_term_string\"}}],\"inLanguage\":\"en-US\"}]}<\/script>\n<!-- \/ Yoast SEO plugin. -->","yoast_head_json":{"title":"Imperial Compi\u00e8gne - Interkultur","robots":{"index":"index","follow":"follow","max-snippet":"max-snippet:-1","max-image-preview":"max-image-preview:large","max-video-preview":"max-video-preview:-1"},"canonical":"https:\/\/interkultur.fr\/en\/produit\/imperial-compiegne\/","og_locale":"en_US","og_type":"article","og_title":"Imperial Compi\u00e8gne - Interkultur","og_description":"The day tour in Compi\u00e8gne will highlight the wonderful assets of the city, with many antique and historical sites set along the Oise river. The visit of the palace will be the most important part of the tour, with valuable objects from the First and second French Empire and a unique pristine antique automobile museum. Other great sites are on the program including street houses, Medieval remains, historical anecdotes and special churches filled with treasures.","og_url":"https:\/\/interkultur.fr\/en\/produit\/imperial-compiegne\/","og_site_name":"Interkultur","article_modified_time":"2024-02-25T18:52:38+00:00","og_image":[{"width":2560,"height":1920,"url":"https:\/\/interkultur.fr\/wp-content\/uploads\/2024\/02\/Compiegne-bedroom-scaled.jpg","type":"image\/jpeg"}],"twitter_card":"summary_large_image","schema":{"@context":"https:\/\/schema.org","@graph":[{"@type":"WebPage","@id":"https:\/\/interkultur.fr\/en\/produit\/imperial-compiegne\/","url":"https:\/\/interkultur.fr\/en\/produit\/imperial-compiegne\/","name":"Imperial Compi\u00e8gne - Interkultur","isPartOf":{"@id":"https:\/\/interkultur.fr\/en\/#website"},"primaryImageOfPage":{"@id":"https:\/\/interkultur.fr\/en\/produit\/imperial-compiegne\/#primaryimage"},"image":{"@id":"https:\/\/interkultur.fr\/en\/produit\/imperial-compiegne\/#primaryimage"},"thumbnailUrl":"https:\/\/interkultur.fr\/wp-content\/uploads\/2024\/02\/Compiegne-bedroom-scaled.jpg","datePublished":"2024-02-13T16:31:08+00:00","dateModified":"2024-02-25T18:52:38+00:00","breadcrumb":{"@id":"https:\/\/interkultur.fr\/en\/produit\/imperial-compiegne\/#breadcrumb"},"inLanguage":"en-US","potentialAction":[{"@type":"ReadAction","target":["https:\/\/interkultur.fr\/en\/produit\/imperial-compiegne\/"]}]},{"@type":"ImageObject","inLanguage":"en-US","@id":"https:\/\/interkultur.fr\/en\/produit\/imperial-compiegne\/#primaryimage","url":"https:\/\/interkultur.fr\/wp-content\/uploads\/2024\/02\/Compiegne-bedroom-scaled.jpg","contentUrl":"https:\/\/interkultur.fr\/wp-content\/uploads\/2024\/02\/Compiegne-bedroom-scaled.jpg","width":2560,"height":1920},{"@type":"BreadcrumbList","@id":"https:\/\/interkultur.fr\/en\/produit\/imperial-compiegne\/#breadcrumb","itemListElement":[{"@type":"ListItem","position":1,"name":"Accueil","item":"https:\/\/interkultur.fr\/en\/"},{"@type":"ListItem","position":2,"name":"Shop","item":"https:\/\/interkultur.fr\/en\/shop\/"},{"@type":"ListItem","position":3,"name":"Imperial Compi\u00e8gne"}]},{"@type":"WebSite","@id":"https:\/\/interkultur.fr\/en\/#website","url":"https:\/\/interkultur.fr\/en\/","name":"Interkultur","description":"Visites et \u00e9v\u00e9nements culturels dans le Paris secret li\u00e9s \u00e0 l\u2019Histoire, l\u2019art, et la valorisation du patrimoine et des savoirs faire.","potentialAction":[{"@type":"SearchAction","target":{"@type":"EntryPoint","urlTemplate":"https:\/\/interkultur.fr\/en\/?s={search_term_string}"},"query-input":{"@type":"PropertyValueSpecification","valueRequired":true,"valueName":"search_term_string"}}],"inLanguage":"en-US"}]}},"_links":{"self":[{"href":"https:\/\/interkultur.fr\/en\/wp-json\/wp\/v2\/product\/7001","targetHints":{"allow":["GET"]}}],"collection":[{"href":"https:\/\/interkultur.fr\/en\/wp-json\/wp\/v2\/product"}],"about":[{"href":"https:\/\/interkultur.fr\/en\/wp-json\/wp\/v2\/types\/product"}],"wp:featuredmedia":[{"embeddable":true,"href":"https:\/\/interkultur.fr\/en\/wp-json\/wp\/v2\/media\/7582"}],"wp:attachment":[{"href":"https:\/\/interkultur.fr\/en\/wp-json\/wp\/v2\/media?parent=7001"}],"wp:term":[{"taxonomy":"product_brand","embeddable":true,"href":"https:\/\/interkultur.fr\/en\/wp-json\/wp\/v2\/product_brand?post=7001"},{"taxonomy":"product_cat","embeddable":true,"href":"https:\/\/interkultur.fr\/en\/wp-json\/wp\/v2\/product_cat?post=7001"},{"taxonomy":"product_tag","embeddable":true,"href":"https:\/\/interkultur.fr\/en\/wp-json\/wp\/v2\/product_tag?post=7001"}],"curies":[{"name":"wp","href":"https:\/\/api.w.org\/{rel}","templated":true}]}}