{"id":7002,"date":"2024-02-13T17:32:40","date_gmt":"2024-02-13T16:32:40","guid":{"rendered":"https:\/\/interkultur.fr\/?post_type=product&#038;p=7002"},"modified":"2024-02-25T17:35:59","modified_gmt":"2024-02-25T16:35:59","slug":"a-day-in-orleans","status":"publish","type":"product","link":"https:\/\/interkultur.fr\/en\/produit\/a-day-in-orleans\/","title":{"rendered":"A day in Orl\u00e9ans"},"content":{"rendered":"<h3>A day in Orl\u00e9ans<\/h3>\n<p><strong>Practical information:<\/strong><br \/>\n\u2022 Meeting point:\u00a0to be confirmed<br \/>\n\u2022 Duration: around 10 hours<br \/>\n\u2022 Train and walking tour<br \/>\n\u2022 <strong>Groups<\/strong>: 50\u20ac\/pers. (from 7 to 20 people)<br \/>\n\u2022 <strong>Couple<\/strong>: 250\u20ac\/pers. 3 to 6: <a href=\"https:\/\/interkultur.fr\/en\/contact\/\">Contact us<\/a><br \/>\n\u2022 Transportation and all sites tickets included.<\/p>\n<p>&nbsp;<\/p>\n<p style=\"text-align: justify;\">The tour around Orl\u00e9ans city centre will show many different wonders both known and well hidden.<br \/>\nStarting with a beautiful garden next to the train station, the walk will visit the vast <strong>Renaissance cathedral<\/strong>, unmistakable symbol of the city.<br \/>\nVery close by is a <strong>sumptuous 16th century mansion<\/strong>, long used as the city hall. Now used for weddings only, it has been fitted with Renaissance decors and furniture. King Francis II died there.<br \/>\nMore &#8220;h\u00f4tels particuliers&#8221; and hidden gardens are along the way to the museum dedicated to all the Jewish children rounded up in Paris during the last war and sent to internment camps around Orleans before going to the Death camps in Eastern Europe.<br \/>\nAfter lunch, the walk will stop at <strong>Joan of Arc<\/strong>&#8216;s house. Rebuilt after the war, it houses a research centre for the world famous liberator of Orleans. A short film will highlight her forever remembered role during the Hundred years war.<br \/>\nThe rest of the day will show how vast parts of the city still contain <strong>beautifully restored<\/strong> half timbered medieval or Renaissance houses.<br \/>\nOne of the city&#8217;s most lively streets leads to more discoveries, including the pedestrian <strong>Loire river banks<\/strong>.<\/p>\n","protected":false},"excerpt":{"rendered":"<p>Just an hour away from Paris by train, <strong>Orleans<\/strong> lies quietly on the Loire river. If half the city centre was destroyed during the last war, large parts still show distinctive <strong>medieval<\/strong> and <strong>Renaissance<\/strong> buildings, including beautifully renovated hotels particuliers, now turned into museums.<br \/>\nThe tour will also show <strong>the Cathedral<\/strong>, the <strong>Loire river banks<\/strong> and other interesting and lesser known elements.<br \/>\nThe story of the local glory, <strong>Joan of Arc<\/strong> will be highlighted in the house she slept in when liberating Orl\u00e9ans.<\/p>\n","protected":false},"featured_media":7096,"template":"","meta":{"_price":"","_stock":"","_tribe_ticket_header":"","_tribe_default_ticket_provider":"","_tribe_ticket_capacity":"0","_ticket_start_date":"","_ticket_end_date":"","_tribe_ticket_show_description":"","_tribe_ticket_show_not_going":false,"_tribe_ticket_use_global_stock":"","_tribe_ticket_global_stock_level":"","_global_stock_mode":"","_global_stock_cap":"","_tribe_rsvp_for_event":"","_tribe_ticket_going_count":"","_tribe_ticket_not_going_count":"","_tribe_tickets_list":"[]","_tribe_ticket_has_attendee_info_fields":false,"_tec_slr_enabled":"","_tec_slr_layout":""},"product_brand":[],"product_cat":[142],"product_tag":[],"class_list":{"0":"post-7002","1":"product","2":"type-product","3":"status-publish","4":"has-post-thumbnail","6":"product_cat-tours-france","8":"first","9":"instock","10":"featured","11":"virtual","12":"product-type-simple"},"yoast_head":"<!-- This site is optimized with the Yoast SEO plugin v27.5 - https:\/\/yoast.com\/product\/yoast-seo-wordpress\/ -->\n<title>A day in Orl\u00e9ans - Interkultur<\/title>\n<meta name=\"robots\" content=\"index, follow, max-snippet:-1, max-image-preview:large, max-video-preview:-1\" \/>\n<link rel=\"canonical\" href=\"https:\/\/interkultur.fr\/en\/produit\/a-day-in-orleans\/\" \/>\n<meta property=\"og:locale\" content=\"en_US\" \/>\n<meta property=\"og:type\" content=\"article\" \/>\n<meta property=\"og:title\" content=\"A day in Orl\u00e9ans - Interkultur\" \/>\n<meta property=\"og:description\" content=\"Just an hour away from Paris by train, Orleans lies quietly on the Loire river. If half the city centre was destroyed during the last war, large parts still show distinctive medieval and Renaissance buildings, including beautifully renovated hotels particuliers, now turned into museums. The tour will also show the Cathedral, the Loire river banks and other interesting and lesser known elements. The story of the local glory, Joan of Arc will be highlighted in the house she slept in when liberating Orl\u00e9ans.\" \/>\n<meta property=\"og:url\" content=\"https:\/\/interkultur.fr\/en\/produit\/a-day-in-orleans\/\" \/>\n<meta property=\"og:site_name\" content=\"Interkultur\" \/>\n<meta property=\"article:modified_time\" content=\"2024-02-25T16:35:59+00:00\" \/>\n<meta property=\"og:image\" content=\"https:\/\/interkultur.fr\/wp-content\/uploads\/2024\/02\/Joan-of-Arc-scaled.jpg\" \/>\n\t<meta property=\"og:image:width\" content=\"1920\" \/>\n\t<meta property=\"og:image:height\" content=\"2560\" \/>\n\t<meta property=\"og:image:type\" content=\"image\/jpeg\" \/>\n<meta name=\"twitter:card\" content=\"summary_large_image\" \/>\n<script type=\"application\/ld+json\" class=\"yoast-schema-graph\">{\"@context\":\"https:\\\/\\\/schema.org\",\"@graph\":[{\"@type\":\"WebPage\",\"@id\":\"https:\\\/\\\/interkultur.fr\\\/en\\\/produit\\\/a-day-in-orleans\\\/\",\"url\":\"https:\\\/\\\/interkultur.fr\\\/en\\\/produit\\\/a-day-in-orleans\\\/\",\"name\":\"A day in Orl\u00e9ans - Interkultur\",\"isPartOf\":{\"@id\":\"https:\\\/\\\/interkultur.fr\\\/en\\\/#website\"},\"primaryImageOfPage\":{\"@id\":\"https:\\\/\\\/interkultur.fr\\\/en\\\/produit\\\/a-day-in-orleans\\\/#primaryimage\"},\"image\":{\"@id\":\"https:\\\/\\\/interkultur.fr\\\/en\\\/produit\\\/a-day-in-orleans\\\/#primaryimage\"},\"thumbnailUrl\":\"https:\\\/\\\/interkultur.fr\\\/wp-content\\\/uploads\\\/2024\\\/02\\\/Joan-of-Arc-scaled.jpg\",\"datePublished\":\"2024-02-13T16:32:40+00:00\",\"dateModified\":\"2024-02-25T16:35:59+00:00\",\"breadcrumb\":{\"@id\":\"https:\\\/\\\/interkultur.fr\\\/en\\\/produit\\\/a-day-in-orleans\\\/#breadcrumb\"},\"inLanguage\":\"en-US\",\"potentialAction\":[{\"@type\":\"ReadAction\",\"target\":[\"https:\\\/\\\/interkultur.fr\\\/en\\\/produit\\\/a-day-in-orleans\\\/\"]}]},{\"@type\":\"ImageObject\",\"inLanguage\":\"en-US\",\"@id\":\"https:\\\/\\\/interkultur.fr\\\/en\\\/produit\\\/a-day-in-orleans\\\/#primaryimage\",\"url\":\"https:\\\/\\\/interkultur.fr\\\/wp-content\\\/uploads\\\/2024\\\/02\\\/Joan-of-Arc-scaled.jpg\",\"contentUrl\":\"https:\\\/\\\/interkultur.fr\\\/wp-content\\\/uploads\\\/2024\\\/02\\\/Joan-of-Arc-scaled.jpg\",\"width\":1920,\"height\":2560},{\"@type\":\"BreadcrumbList\",\"@id\":\"https:\\\/\\\/interkultur.fr\\\/en\\\/produit\\\/a-day-in-orleans\\\/#breadcrumb\",\"itemListElement\":[{\"@type\":\"ListItem\",\"position\":1,\"name\":\"Accueil\",\"item\":\"https:\\\/\\\/interkultur.fr\\\/en\\\/\"},{\"@type\":\"ListItem\",\"position\":2,\"name\":\"Shop\",\"item\":\"https:\\\/\\\/interkultur.fr\\\/en\\\/shop\\\/\"},{\"@type\":\"ListItem\",\"position\":3,\"name\":\"A day in Orl\u00e9ans\"}]},{\"@type\":\"WebSite\",\"@id\":\"https:\\\/\\\/interkultur.fr\\\/en\\\/#website\",\"url\":\"https:\\\/\\\/interkultur.fr\\\/en\\\/\",\"name\":\"Interkultur\",\"description\":\"Visites et \u00e9v\u00e9nements culturels dans le Paris secret li\u00e9s \u00e0 l\u2019Histoire, l\u2019art, et la valorisation du patrimoine et des savoirs faire.\",\"potentialAction\":[{\"@type\":\"SearchAction\",\"target\":{\"@type\":\"EntryPoint\",\"urlTemplate\":\"https:\\\/\\\/interkultur.fr\\\/en\\\/?s={search_term_string}\"},\"query-input\":{\"@type\":\"PropertyValueSpecification\",\"valueRequired\":true,\"valueName\":\"search_term_string\"}}],\"inLanguage\":\"en-US\"}]}<\/script>\n<!-- \/ Yoast SEO plugin. -->","yoast_head_json":{"title":"A day in Orl\u00e9ans - Interkultur","robots":{"index":"index","follow":"follow","max-snippet":"max-snippet:-1","max-image-preview":"max-image-preview:large","max-video-preview":"max-video-preview:-1"},"canonical":"https:\/\/interkultur.fr\/en\/produit\/a-day-in-orleans\/","og_locale":"en_US","og_type":"article","og_title":"A day in Orl\u00e9ans - Interkultur","og_description":"Just an hour away from Paris by train, Orleans lies quietly on the Loire river. If half the city centre was destroyed during the last war, large parts still show distinctive medieval and Renaissance buildings, including beautifully renovated hotels particuliers, now turned into museums. The tour will also show the Cathedral, the Loire river banks and other interesting and lesser known elements. The story of the local glory, Joan of Arc will be highlighted in the house she slept in when liberating Orl\u00e9ans.","og_url":"https:\/\/interkultur.fr\/en\/produit\/a-day-in-orleans\/","og_site_name":"Interkultur","article_modified_time":"2024-02-25T16:35:59+00:00","og_image":[{"width":1920,"height":2560,"url":"https:\/\/interkultur.fr\/wp-content\/uploads\/2024\/02\/Joan-of-Arc-scaled.jpg","type":"image\/jpeg"}],"twitter_card":"summary_large_image","schema":{"@context":"https:\/\/schema.org","@graph":[{"@type":"WebPage","@id":"https:\/\/interkultur.fr\/en\/produit\/a-day-in-orleans\/","url":"https:\/\/interkultur.fr\/en\/produit\/a-day-in-orleans\/","name":"A day in Orl\u00e9ans - Interkultur","isPartOf":{"@id":"https:\/\/interkultur.fr\/en\/#website"},"primaryImageOfPage":{"@id":"https:\/\/interkultur.fr\/en\/produit\/a-day-in-orleans\/#primaryimage"},"image":{"@id":"https:\/\/interkultur.fr\/en\/produit\/a-day-in-orleans\/#primaryimage"},"thumbnailUrl":"https:\/\/interkultur.fr\/wp-content\/uploads\/2024\/02\/Joan-of-Arc-scaled.jpg","datePublished":"2024-02-13T16:32:40+00:00","dateModified":"2024-02-25T16:35:59+00:00","breadcrumb":{"@id":"https:\/\/interkultur.fr\/en\/produit\/a-day-in-orleans\/#breadcrumb"},"inLanguage":"en-US","potentialAction":[{"@type":"ReadAction","target":["https:\/\/interkultur.fr\/en\/produit\/a-day-in-orleans\/"]}]},{"@type":"ImageObject","inLanguage":"en-US","@id":"https:\/\/interkultur.fr\/en\/produit\/a-day-in-orleans\/#primaryimage","url":"https:\/\/interkultur.fr\/wp-content\/uploads\/2024\/02\/Joan-of-Arc-scaled.jpg","contentUrl":"https:\/\/interkultur.fr\/wp-content\/uploads\/2024\/02\/Joan-of-Arc-scaled.jpg","width":1920,"height":2560},{"@type":"BreadcrumbList","@id":"https:\/\/interkultur.fr\/en\/produit\/a-day-in-orleans\/#breadcrumb","itemListElement":[{"@type":"ListItem","position":1,"name":"Accueil","item":"https:\/\/interkultur.fr\/en\/"},{"@type":"ListItem","position":2,"name":"Shop","item":"https:\/\/interkultur.fr\/en\/shop\/"},{"@type":"ListItem","position":3,"name":"A day in Orl\u00e9ans"}]},{"@type":"WebSite","@id":"https:\/\/interkultur.fr\/en\/#website","url":"https:\/\/interkultur.fr\/en\/","name":"Interkultur","description":"Visites et \u00e9v\u00e9nements culturels dans le Paris secret li\u00e9s \u00e0 l\u2019Histoire, l\u2019art, et la valorisation du patrimoine et des savoirs faire.","potentialAction":[{"@type":"SearchAction","target":{"@type":"EntryPoint","urlTemplate":"https:\/\/interkultur.fr\/en\/?s={search_term_string}"},"query-input":{"@type":"PropertyValueSpecification","valueRequired":true,"valueName":"search_term_string"}}],"inLanguage":"en-US"}]}},"_links":{"self":[{"href":"https:\/\/interkultur.fr\/en\/wp-json\/wp\/v2\/product\/7002","targetHints":{"allow":["GET"]}}],"collection":[{"href":"https:\/\/interkultur.fr\/en\/wp-json\/wp\/v2\/product"}],"about":[{"href":"https:\/\/interkultur.fr\/en\/wp-json\/wp\/v2\/types\/product"}],"wp:featuredmedia":[{"embeddable":true,"href":"https:\/\/interkultur.fr\/en\/wp-json\/wp\/v2\/media\/7096"}],"wp:attachment":[{"href":"https:\/\/interkultur.fr\/en\/wp-json\/wp\/v2\/media?parent=7002"}],"wp:term":[{"taxonomy":"product_brand","embeddable":true,"href":"https:\/\/interkultur.fr\/en\/wp-json\/wp\/v2\/product_brand?post=7002"},{"taxonomy":"product_cat","embeddable":true,"href":"https:\/\/interkultur.fr\/en\/wp-json\/wp\/v2\/product_cat?post=7002"},{"taxonomy":"product_tag","embeddable":true,"href":"https:\/\/interkultur.fr\/en\/wp-json\/wp\/v2\/product_tag?post=7002"}],"curies":[{"name":"wp","href":"https:\/\/api.w.org\/{rel}","templated":true}]}}