{"id":7004,"date":"2024-02-13T17:37:16","date_gmt":"2024-02-13T16:37:16","guid":{"rendered":"https:\/\/interkultur.fr\/?post_type=product&#038;p=7004"},"modified":"2024-02-25T17:21:39","modified_gmt":"2024-02-25T16:21:39","slug":"study-abroad-program","status":"publish","type":"product","link":"https:\/\/interkultur.fr\/en\/produit\/study-abroad-program\/","title":{"rendered":"Study Abroad Program"},"content":{"rendered":"<h2>Study Abroad Program<\/h2>\n<p><strong>Practical information<\/strong><\/p>\n<ul>\n<li>Location : City of Paris<\/li>\n<li>Duration : 14 days<\/li>\n<li>Custom stay for University students and teachers<\/li>\n<li>May O7 to May 20<\/li>\n<\/ul>\n<p>&nbsp;<\/p>\n<p style=\"text-align: justify;\">At the group\u2019s arrival at the airport from Atlanta, private vans have been arranged and are waiting to take the group to the hotel. For two years, by mutual agreement, a 3 star hotel near the Grands Boulevards in the 10th district has been reserved for its flexibility, reception quality and cost in accordance with the universities requests.<br \/>\nOn top of educational specifically programmed activities by both American universities within the students stay in France, Interkultur is requested to ensure different cultural and educational visits: the immigration in France tour and the Black Paris tour.<\/p>\n<p style=\"text-align: justify;\">Furthermore, a half day is devoted to visit the Latin Quarter as well as a lecture at Sorbonne University, where after a brief tour of some of the must-sees on the campus, the French higher education system is provided to the students by Sorbonne staff. The meeting follows with a dialogue between the group and academics.<\/p>\n<p style=\"text-align: justify;\">Another key element of the stay is the experience we arranged in a suburban high school (in the northern Paris Seine Saint Denis district) in order to meet a group of young French pupils of various ethnic and national origins. This meeting is the occasion to provide the group with valuable training in teaching and allows the French students to obtain highly personalized English lessons in preparation for their final examination.<\/p>\n<p style=\"text-align: justify;\">Interkultur also takes care of booking a theatrical play to expand the cultural enrichment offered to the students. Two meals are also arranged by us to allow the group an experience in a truly typical French restaurant (menus are pre-reserved with a minimum of two choices of dishes.) One of the restaurants, is chosen among the most prestigious in the city for the final meal on the last evening before departure. Students take the opportunity to expose all their emotions and feelings about the experience in Paris.<\/p>\n","protected":false},"excerpt":{"rendered":"<p>Every May, the team of Interkultur is pleased to organize the school trip to France for students from Atlanta and Michigan!<br \/>\nThe group of twenty students comes from two universities: <strong>Clayton State University<\/strong> (<a href=\"http:\/\/www.clayton.edu\">www.clayton.edu<\/a>) and <strong>Michigan State University<\/strong> (<a href=\"http:\/\/www.msu.edu\/\">www.msu.edu\/<\/a>) accompanied by two dynamic professors: <strong>Erica E. Dotson<\/strong> and <strong>Alyssa Hadley Dunn<\/strong>.<br \/>\nThe main idea is to organize the logistics and cultural discovery of France through 2 weeks in <strong>Paris<\/strong>.<\/p>\n","protected":false},"featured_media":7508,"template":"","meta":{"_price":"","_stock":"","_tribe_ticket_header":"","_tribe_default_ticket_provider":"","_tribe_ticket_capacity":"0","_ticket_start_date":"","_ticket_end_date":"","_tribe_ticket_show_description":"","_tribe_ticket_show_not_going":false,"_tribe_ticket_use_global_stock":"","_tribe_ticket_global_stock_level":"","_global_stock_mode":"","_global_stock_cap":"","_tribe_rsvp_for_event":"","_tribe_ticket_going_count":"","_tribe_ticket_not_going_count":"","_tribe_tickets_list":"[]","_tribe_ticket_has_attendee_info_fields":false,"_tec_slr_enabled":"","_tec_slr_layout":""},"product_brand":[],"product_cat":[142],"product_tag":[],"class_list":{"0":"post-7004","1":"product","2":"type-product","3":"status-publish","4":"has-post-thumbnail","6":"product_cat-tours-france","8":"first","9":"instock","10":"featured","11":"shipping-taxable","12":"product-type-simple"},"yoast_head":"<!-- This site is optimized with the Yoast SEO plugin v27.4 - https:\/\/yoast.com\/product\/yoast-seo-wordpress\/ -->\n<title>Study Abroad Program - Interkultur<\/title>\n<meta name=\"robots\" content=\"index, follow, max-snippet:-1, max-image-preview:large, max-video-preview:-1\" \/>\n<link rel=\"canonical\" href=\"https:\/\/interkultur.fr\/en\/produit\/study-abroad-program\/\" \/>\n<meta property=\"og:locale\" content=\"en_US\" \/>\n<meta property=\"og:type\" content=\"article\" \/>\n<meta property=\"og:title\" content=\"Study Abroad Program - Interkultur\" \/>\n<meta property=\"og:description\" content=\"Every May, the team of Interkultur is pleased to organize the school trip to France for students from Atlanta and Michigan! The group of twenty students comes from two universities: Clayton State University (www.clayton.edu) and Michigan State University (www.msu.edu\/) accompanied by two dynamic professors: Erica E. Dotson and Alyssa Hadley Dunn. The main idea is to organize the logistics and cultural discovery of France through 2 weeks in Paris.\" \/>\n<meta property=\"og:url\" content=\"https:\/\/interkultur.fr\/en\/produit\/study-abroad-program\/\" \/>\n<meta property=\"og:site_name\" content=\"Interkultur\" \/>\n<meta property=\"article:modified_time\" content=\"2024-02-25T16:21:39+00:00\" \/>\n<meta property=\"og:image\" content=\"https:\/\/interkultur.fr\/wp-content\/uploads\/2024\/02\/Study-Abroad-Program-scaled.jpg\" \/>\n\t<meta property=\"og:image:width\" content=\"2560\" \/>\n\t<meta property=\"og:image:height\" content=\"1920\" \/>\n\t<meta property=\"og:image:type\" content=\"image\/jpeg\" \/>\n<meta name=\"twitter:card\" content=\"summary_large_image\" \/>\n<script type=\"application\/ld+json\" class=\"yoast-schema-graph\">{\"@context\":\"https:\\\/\\\/schema.org\",\"@graph\":[{\"@type\":\"WebPage\",\"@id\":\"https:\\\/\\\/interkultur.fr\\\/en\\\/produit\\\/study-abroad-program\\\/\",\"url\":\"https:\\\/\\\/interkultur.fr\\\/en\\\/produit\\\/study-abroad-program\\\/\",\"name\":\"Study Abroad Program - Interkultur\",\"isPartOf\":{\"@id\":\"https:\\\/\\\/interkultur.fr\\\/en\\\/#website\"},\"primaryImageOfPage\":{\"@id\":\"https:\\\/\\\/interkultur.fr\\\/en\\\/produit\\\/study-abroad-program\\\/#primaryimage\"},\"image\":{\"@id\":\"https:\\\/\\\/interkultur.fr\\\/en\\\/produit\\\/study-abroad-program\\\/#primaryimage\"},\"thumbnailUrl\":\"https:\\\/\\\/interkultur.fr\\\/wp-content\\\/uploads\\\/2024\\\/02\\\/Study-Abroad-Program-scaled.jpg\",\"datePublished\":\"2024-02-13T16:37:16+00:00\",\"dateModified\":\"2024-02-25T16:21:39+00:00\",\"breadcrumb\":{\"@id\":\"https:\\\/\\\/interkultur.fr\\\/en\\\/produit\\\/study-abroad-program\\\/#breadcrumb\"},\"inLanguage\":\"en-US\",\"potentialAction\":[{\"@type\":\"ReadAction\",\"target\":[\"https:\\\/\\\/interkultur.fr\\\/en\\\/produit\\\/study-abroad-program\\\/\"]}]},{\"@type\":\"ImageObject\",\"inLanguage\":\"en-US\",\"@id\":\"https:\\\/\\\/interkultur.fr\\\/en\\\/produit\\\/study-abroad-program\\\/#primaryimage\",\"url\":\"https:\\\/\\\/interkultur.fr\\\/wp-content\\\/uploads\\\/2024\\\/02\\\/Study-Abroad-Program-scaled.jpg\",\"contentUrl\":\"https:\\\/\\\/interkultur.fr\\\/wp-content\\\/uploads\\\/2024\\\/02\\\/Study-Abroad-Program-scaled.jpg\",\"width\":2560,\"height\":1920},{\"@type\":\"BreadcrumbList\",\"@id\":\"https:\\\/\\\/interkultur.fr\\\/en\\\/produit\\\/study-abroad-program\\\/#breadcrumb\",\"itemListElement\":[{\"@type\":\"ListItem\",\"position\":1,\"name\":\"Accueil\",\"item\":\"https:\\\/\\\/interkultur.fr\\\/en\\\/\"},{\"@type\":\"ListItem\",\"position\":2,\"name\":\"Shop\",\"item\":\"https:\\\/\\\/interkultur.fr\\\/en\\\/shop\\\/\"},{\"@type\":\"ListItem\",\"position\":3,\"name\":\"Study Abroad Program\"}]},{\"@type\":\"WebSite\",\"@id\":\"https:\\\/\\\/interkultur.fr\\\/en\\\/#website\",\"url\":\"https:\\\/\\\/interkultur.fr\\\/en\\\/\",\"name\":\"Interkultur\",\"description\":\"Visites et \u00e9v\u00e9nements culturels dans le Paris secret li\u00e9s \u00e0 l\u2019Histoire, l\u2019art, et la valorisation du patrimoine et des savoirs faire.\",\"potentialAction\":[{\"@type\":\"SearchAction\",\"target\":{\"@type\":\"EntryPoint\",\"urlTemplate\":\"https:\\\/\\\/interkultur.fr\\\/en\\\/?s={search_term_string}\"},\"query-input\":{\"@type\":\"PropertyValueSpecification\",\"valueRequired\":true,\"valueName\":\"search_term_string\"}}],\"inLanguage\":\"en-US\"}]}<\/script>\n<!-- \/ Yoast SEO plugin. -->","yoast_head_json":{"title":"Study Abroad Program - Interkultur","robots":{"index":"index","follow":"follow","max-snippet":"max-snippet:-1","max-image-preview":"max-image-preview:large","max-video-preview":"max-video-preview:-1"},"canonical":"https:\/\/interkultur.fr\/en\/produit\/study-abroad-program\/","og_locale":"en_US","og_type":"article","og_title":"Study Abroad Program - Interkultur","og_description":"Every May, the team of Interkultur is pleased to organize the school trip to France for students from Atlanta and Michigan! The group of twenty students comes from two universities: Clayton State University (www.clayton.edu) and Michigan State University (www.msu.edu\/) accompanied by two dynamic professors: Erica E. Dotson and Alyssa Hadley Dunn. The main idea is to organize the logistics and cultural discovery of France through 2 weeks in Paris.","og_url":"https:\/\/interkultur.fr\/en\/produit\/study-abroad-program\/","og_site_name":"Interkultur","article_modified_time":"2024-02-25T16:21:39+00:00","og_image":[{"width":2560,"height":1920,"url":"https:\/\/interkultur.fr\/wp-content\/uploads\/2024\/02\/Study-Abroad-Program-scaled.jpg","type":"image\/jpeg"}],"twitter_card":"summary_large_image","schema":{"@context":"https:\/\/schema.org","@graph":[{"@type":"WebPage","@id":"https:\/\/interkultur.fr\/en\/produit\/study-abroad-program\/","url":"https:\/\/interkultur.fr\/en\/produit\/study-abroad-program\/","name":"Study Abroad Program - Interkultur","isPartOf":{"@id":"https:\/\/interkultur.fr\/en\/#website"},"primaryImageOfPage":{"@id":"https:\/\/interkultur.fr\/en\/produit\/study-abroad-program\/#primaryimage"},"image":{"@id":"https:\/\/interkultur.fr\/en\/produit\/study-abroad-program\/#primaryimage"},"thumbnailUrl":"https:\/\/interkultur.fr\/wp-content\/uploads\/2024\/02\/Study-Abroad-Program-scaled.jpg","datePublished":"2024-02-13T16:37:16+00:00","dateModified":"2024-02-25T16:21:39+00:00","breadcrumb":{"@id":"https:\/\/interkultur.fr\/en\/produit\/study-abroad-program\/#breadcrumb"},"inLanguage":"en-US","potentialAction":[{"@type":"ReadAction","target":["https:\/\/interkultur.fr\/en\/produit\/study-abroad-program\/"]}]},{"@type":"ImageObject","inLanguage":"en-US","@id":"https:\/\/interkultur.fr\/en\/produit\/study-abroad-program\/#primaryimage","url":"https:\/\/interkultur.fr\/wp-content\/uploads\/2024\/02\/Study-Abroad-Program-scaled.jpg","contentUrl":"https:\/\/interkultur.fr\/wp-content\/uploads\/2024\/02\/Study-Abroad-Program-scaled.jpg","width":2560,"height":1920},{"@type":"BreadcrumbList","@id":"https:\/\/interkultur.fr\/en\/produit\/study-abroad-program\/#breadcrumb","itemListElement":[{"@type":"ListItem","position":1,"name":"Accueil","item":"https:\/\/interkultur.fr\/en\/"},{"@type":"ListItem","position":2,"name":"Shop","item":"https:\/\/interkultur.fr\/en\/shop\/"},{"@type":"ListItem","position":3,"name":"Study Abroad Program"}]},{"@type":"WebSite","@id":"https:\/\/interkultur.fr\/en\/#website","url":"https:\/\/interkultur.fr\/en\/","name":"Interkultur","description":"Visites et \u00e9v\u00e9nements culturels dans le Paris secret li\u00e9s \u00e0 l\u2019Histoire, l\u2019art, et la valorisation du patrimoine et des savoirs faire.","potentialAction":[{"@type":"SearchAction","target":{"@type":"EntryPoint","urlTemplate":"https:\/\/interkultur.fr\/en\/?s={search_term_string}"},"query-input":{"@type":"PropertyValueSpecification","valueRequired":true,"valueName":"search_term_string"}}],"inLanguage":"en-US"}]}},"_links":{"self":[{"href":"https:\/\/interkultur.fr\/en\/wp-json\/wp\/v2\/product\/7004","targetHints":{"allow":["GET"]}}],"collection":[{"href":"https:\/\/interkultur.fr\/en\/wp-json\/wp\/v2\/product"}],"about":[{"href":"https:\/\/interkultur.fr\/en\/wp-json\/wp\/v2\/types\/product"}],"wp:featuredmedia":[{"embeddable":true,"href":"https:\/\/interkultur.fr\/en\/wp-json\/wp\/v2\/media\/7508"}],"wp:attachment":[{"href":"https:\/\/interkultur.fr\/en\/wp-json\/wp\/v2\/media?parent=7004"}],"wp:term":[{"taxonomy":"product_brand","embeddable":true,"href":"https:\/\/interkultur.fr\/en\/wp-json\/wp\/v2\/product_brand?post=7004"},{"taxonomy":"product_cat","embeddable":true,"href":"https:\/\/interkultur.fr\/en\/wp-json\/wp\/v2\/product_cat?post=7004"},{"taxonomy":"product_tag","embeddable":true,"href":"https:\/\/interkultur.fr\/en\/wp-json\/wp\/v2\/product_tag?post=7004"}],"curies":[{"name":"wp","href":"https:\/\/api.w.org\/{rel}","templated":true}]}}