{"id":7005,"date":"2024-02-13T17:39:02","date_gmt":"2024-02-13T16:39:02","guid":{"rendered":"https:\/\/interkultur.fr\/?post_type=product&#038;p=7005"},"modified":"2024-02-14T23:16:09","modified_gmt":"2024-02-14T22:16:09","slug":"a-day-in-champagne","status":"publish","type":"product","link":"https:\/\/interkultur.fr\/en\/produit\/a-day-in-champagne\/","title":{"rendered":"A day in Champagne"},"content":{"rendered":"<h3>A day in Champagne<\/h3>\n<p><strong>Practical informations:<\/strong><br \/>\n\u2022 Meeting point:\u00a0to be confirmed<br \/>\n\u2022 Duration: around 11 hours<br \/>\n\u2022 Private transport<br \/>\n\u2022 3 different visit of champagne houses<br \/>\n\u2022 From\u00a0160\u20ac to 500\u20ac per person (min: 2 people \/ max: 8)<br \/>\n\u2022 Transportation and all sites tickets included.<\/p>\n<p>&nbsp;<\/p>\n<h3>First Route: Champagne tasting in the countryside<\/h3>\n<p>Explore the vineyards and meet the small champagne growers!<\/p>\n<p>&nbsp;<\/p>\n<p><img decoding=\"async\" class=\"alignleft size-thumbnail wp-image-7036\" src=\"https:\/\/interkultur.fr\/wp-content\/uploads\/2024\/02\/car-and-wine-150x150.jpg\" alt=\"\" width=\"150\" height=\"150\" srcset=\"https:\/\/interkultur.fr\/wp-content\/uploads\/2024\/02\/car-and-wine-66x66.jpg 66w, https:\/\/interkultur.fr\/wp-content\/uploads\/2024\/02\/car-and-wine-150x150.jpg 150w, https:\/\/interkultur.fr\/wp-content\/uploads\/2024\/02\/car-and-wine-200x200.jpg 200w, https:\/\/interkultur.fr\/wp-content\/uploads\/2024\/02\/car-and-wine-500x500.jpg 500w\" sizes=\"(max-width: 150px) 100vw, 150px\" \/><\/p>\n<p>&nbsp;<\/p>\n<p style=\"text-align: justify;\">The day will start early with a private car to pick you up at your hotel. The drive takes approximately two hours to reach the countryside of the eastern Champagne region.<br \/>\nThe first stop will be at a<strong> wonderful chateau<\/strong>, former home of famous Veuve Clicquot champagne house.<br \/>\nYou&#8217;ll be able to feel the intimacy of a <strong>winery<\/strong> run for generations by a passionate family. The visit will start in the vineyards, in front of the beautiful Renaissance chateau. We&#8217;ll tour around the <strong>traditional vat room and cellar<\/strong> before tasting the family champagnes, either inside, or on the terrace <strong>overlooking the vineyards<\/strong>.<br \/>\nWe&#8217;ll stop for lunch in the town of <strong>Epernay,<\/strong> formal capital of Champagne wines. Some of the most <strong>famous houses of champagne<\/strong> are located there. We&#8217;ll stop there to visit one of them in order to gain insight into the tradition and know-how from a leading brand.<\/p>\n<p>[envira-gallery id=&#8221;9160&#8243;]<\/p>\n<p style=\"text-align: justify;\">The day will continue with a <strong>scenic drive<\/strong> through the vineyards and two beautiful and traditional nearby villages, providing an occasion for personal shopping.<br \/>\nThe last stop will be for a visit in another <strong>family-run estate<\/strong> in a small village close by. The owner will share with you the authenticity of the daily life of a small wine grower in the Champagne region. A <strong>tasting<\/strong> of 3 to 4 different champagnes will follow.<\/p>\n<p>The car will return to Paris by motorway where we\u2019ll arrive between 7 and 8 pm.<\/p>\n<p>&nbsp;<\/p>\n<h3>Seconde Route: Reims and the great houses of champagne<\/h3>\n<p>\u2022 First class train to Reims<br \/>\n\u2022 Walk and visit in the city centre<br \/>\n\u2022 Taxi for long distances<br \/>\n\u2022 3 houses visits with 2 to 4 premium tasting experience<br \/>\n\u2022 From\u00a0160\u20ac to 500\u20ac per person (min: 2 people \/ max: 8)<\/p>\n<p>&nbsp;<\/p>\n<p><img decoding=\"async\" class=\"alignleft size-thumbnail wp-image-7034\" src=\"https:\/\/interkultur.fr\/wp-content\/uploads\/2024\/02\/Smiling-angel-1-150x150.jpg\" alt=\"\" width=\"150\" height=\"150\" srcset=\"https:\/\/interkultur.fr\/wp-content\/uploads\/2024\/02\/Smiling-angel-1-66x66.jpg 66w, https:\/\/interkultur.fr\/wp-content\/uploads\/2024\/02\/Smiling-angel-1-150x150.jpg 150w, https:\/\/interkultur.fr\/wp-content\/uploads\/2024\/02\/Smiling-angel-1-200x200.jpg 200w, https:\/\/interkultur.fr\/wp-content\/uploads\/2024\/02\/Smiling-angel-1-500x500.jpg 500w\" sizes=\"(max-width: 150px) 100vw, 150px\" \/><\/p>\n<p>&nbsp;<\/p>\n<p style=\"text-align: justify;\">You&#8217;ll meet your guide at the train station for a 45 min. comfortable and quick trip in first class seat to <strong>Reims<\/strong>.<\/p>\n<p>The day there will start with a short walk around the centre city before visiting of the famous cathedral.<\/p>\n<p>Over 800 years of French history is contained within its walls including the <strong>coronation of almost all of the French kings<\/strong>. Despite severe damages due to the bombings of the First World War, statues, stained glass windows, and amazing details can still be admired, including the famous &#8220;<strong>smiling Angel<\/strong>&#8220;, welcoming visitors at the entrance gate.<br \/>\nBetween walks into the city or breaks for shopping, the day will be filled with visits of 3 of the <strong>world famous houses of champagne<\/strong> located all around the city. A taxi will be used to cover longer distances.<\/p>\n<p>[envira-gallery id=&#8221;9164&#8243;]<\/p>\n<p style=\"text-align: justify;\">You are sure to be surprised by <strong>the history<\/strong> and <strong>splendor<\/strong> of the Champagne houses, but above all the length and depth of their cellars. These contain both production secrets and thousand of bottles!<\/p>\n<p>On each occasion, the visit will take you through the process of champagne making as well as the house&#8217;s fascinating historical background! All of these places have a long and colorful history. A <strong>tasting of 3 to 4 different champagnes.<\/strong> will follow each visit.<\/p>\n<p>A final taxi will take us back to the station for a train to Paris where we should arrive around 7:30 pm.<\/p>\n<p>&nbsp;<\/p>\n","protected":false},"excerpt":{"rendered":"<p>Spend <strong>a day in Champagne<\/strong> following one of two different routes and have a fabulous experience. This northeast region of France is noteworthy for its <strong>long history of winemaking<\/strong> and stories of resilience throughout the First World War.<br \/>\nOne itinerary will prioritise the <strong>Champagne countryside<\/strong> with typical villages and tastings at small wine growers. The other will start in Reims, the capital of Champagne, on the trail of its long historical and <strong>architectural heritage<\/strong> before visiting some of the <strong>most famous Champagne houses<\/strong>.<\/p>\n","protected":false},"featured_media":7038,"template":"","meta":{"_price":"","_stock":"","_tribe_ticket_header":"","_tribe_default_ticket_provider":"","_tribe_ticket_capacity":"0","_ticket_start_date":"","_ticket_end_date":"","_tribe_ticket_show_description":"","_tribe_ticket_show_not_going":false,"_tribe_ticket_use_global_stock":"","_tribe_ticket_global_stock_level":"","_global_stock_mode":"","_global_stock_cap":"","_tribe_rsvp_for_event":"","_tribe_ticket_going_count":"","_tribe_ticket_not_going_count":"","_tribe_tickets_list":"[]","_tribe_ticket_has_attendee_info_fields":false,"_tec_slr_enabled":"","_tec_slr_layout":""},"product_brand":[],"product_cat":[142],"product_tag":[],"class_list":{"0":"post-7005","1":"product","2":"type-product","3":"status-publish","4":"has-post-thumbnail","6":"product_cat-tours-france","8":"first","9":"instock","10":"featured","11":"shipping-taxable","12":"product-type-simple"},"yoast_head":"<!-- This site is optimized with the Yoast SEO plugin v27.5 - https:\/\/yoast.com\/product\/yoast-seo-wordpress\/ -->\n<title>A day in Champagne - Interkultur<\/title>\n<meta name=\"robots\" content=\"index, follow, max-snippet:-1, max-image-preview:large, max-video-preview:-1\" \/>\n<link rel=\"canonical\" href=\"https:\/\/interkultur.fr\/en\/produit\/a-day-in-champagne\/\" \/>\n<meta property=\"og:locale\" content=\"en_US\" \/>\n<meta property=\"og:type\" content=\"article\" \/>\n<meta property=\"og:title\" content=\"A day in Champagne - Interkultur\" \/>\n<meta property=\"og:description\" content=\"Spend a day in Champagne following one of two different routes and have a fabulous experience. This northeast region of France is noteworthy for its long history of winemaking and stories of resilience throughout the First World War. One itinerary will prioritise the Champagne countryside with typical villages and tastings at small wine growers. The other will start in Reims, the capital of Champagne, on the trail of its long historical and architectural heritage before visiting some of the most famous Champagne houses.\" \/>\n<meta property=\"og:url\" content=\"https:\/\/interkultur.fr\/en\/produit\/a-day-in-champagne\/\" \/>\n<meta property=\"og:site_name\" content=\"Interkultur\" \/>\n<meta property=\"article:modified_time\" content=\"2024-02-14T22:16:09+00:00\" \/>\n<meta property=\"og:image\" content=\"https:\/\/interkultur.fr\/wp-content\/uploads\/2024\/02\/Crown.jpg\" \/>\n\t<meta property=\"og:image:width\" content=\"600\" \/>\n\t<meta property=\"og:image:height\" content=\"800\" \/>\n\t<meta property=\"og:image:type\" content=\"image\/jpeg\" \/>\n<meta name=\"twitter:card\" content=\"summary_large_image\" \/>\n<script type=\"application\/ld+json\" class=\"yoast-schema-graph\">{\"@context\":\"https:\\\/\\\/schema.org\",\"@graph\":[{\"@type\":\"WebPage\",\"@id\":\"https:\\\/\\\/interkultur.fr\\\/en\\\/produit\\\/a-day-in-champagne\\\/\",\"url\":\"https:\\\/\\\/interkultur.fr\\\/en\\\/produit\\\/a-day-in-champagne\\\/\",\"name\":\"A day in Champagne - Interkultur\",\"isPartOf\":{\"@id\":\"https:\\\/\\\/interkultur.fr\\\/en\\\/#website\"},\"primaryImageOfPage\":{\"@id\":\"https:\\\/\\\/interkultur.fr\\\/en\\\/produit\\\/a-day-in-champagne\\\/#primaryimage\"},\"image\":{\"@id\":\"https:\\\/\\\/interkultur.fr\\\/en\\\/produit\\\/a-day-in-champagne\\\/#primaryimage\"},\"thumbnailUrl\":\"https:\\\/\\\/interkultur.fr\\\/wp-content\\\/uploads\\\/2024\\\/02\\\/Crown.jpg\",\"datePublished\":\"2024-02-13T16:39:02+00:00\",\"dateModified\":\"2024-02-14T22:16:09+00:00\",\"breadcrumb\":{\"@id\":\"https:\\\/\\\/interkultur.fr\\\/en\\\/produit\\\/a-day-in-champagne\\\/#breadcrumb\"},\"inLanguage\":\"en-US\",\"potentialAction\":[{\"@type\":\"ReadAction\",\"target\":[\"https:\\\/\\\/interkultur.fr\\\/en\\\/produit\\\/a-day-in-champagne\\\/\"]}]},{\"@type\":\"ImageObject\",\"inLanguage\":\"en-US\",\"@id\":\"https:\\\/\\\/interkultur.fr\\\/en\\\/produit\\\/a-day-in-champagne\\\/#primaryimage\",\"url\":\"https:\\\/\\\/interkultur.fr\\\/wp-content\\\/uploads\\\/2024\\\/02\\\/Crown.jpg\",\"contentUrl\":\"https:\\\/\\\/interkultur.fr\\\/wp-content\\\/uploads\\\/2024\\\/02\\\/Crown.jpg\",\"width\":600,\"height\":800},{\"@type\":\"BreadcrumbList\",\"@id\":\"https:\\\/\\\/interkultur.fr\\\/en\\\/produit\\\/a-day-in-champagne\\\/#breadcrumb\",\"itemListElement\":[{\"@type\":\"ListItem\",\"position\":1,\"name\":\"Accueil\",\"item\":\"https:\\\/\\\/interkultur.fr\\\/en\\\/\"},{\"@type\":\"ListItem\",\"position\":2,\"name\":\"Shop\",\"item\":\"https:\\\/\\\/interkultur.fr\\\/en\\\/shop\\\/\"},{\"@type\":\"ListItem\",\"position\":3,\"name\":\"A day in Champagne\"}]},{\"@type\":\"WebSite\",\"@id\":\"https:\\\/\\\/interkultur.fr\\\/en\\\/#website\",\"url\":\"https:\\\/\\\/interkultur.fr\\\/en\\\/\",\"name\":\"Interkultur\",\"description\":\"Visites et \u00e9v\u00e9nements culturels dans le Paris secret li\u00e9s \u00e0 l\u2019Histoire, l\u2019art, et la valorisation du patrimoine et des savoirs faire.\",\"potentialAction\":[{\"@type\":\"SearchAction\",\"target\":{\"@type\":\"EntryPoint\",\"urlTemplate\":\"https:\\\/\\\/interkultur.fr\\\/en\\\/?s={search_term_string}\"},\"query-input\":{\"@type\":\"PropertyValueSpecification\",\"valueRequired\":true,\"valueName\":\"search_term_string\"}}],\"inLanguage\":\"en-US\"}]}<\/script>\n<!-- \/ Yoast SEO plugin. -->","yoast_head_json":{"title":"A day in Champagne - Interkultur","robots":{"index":"index","follow":"follow","max-snippet":"max-snippet:-1","max-image-preview":"max-image-preview:large","max-video-preview":"max-video-preview:-1"},"canonical":"https:\/\/interkultur.fr\/en\/produit\/a-day-in-champagne\/","og_locale":"en_US","og_type":"article","og_title":"A day in Champagne - Interkultur","og_description":"Spend a day in Champagne following one of two different routes and have a fabulous experience. This northeast region of France is noteworthy for its long history of winemaking and stories of resilience throughout the First World War. One itinerary will prioritise the Champagne countryside with typical villages and tastings at small wine growers. The other will start in Reims, the capital of Champagne, on the trail of its long historical and architectural heritage before visiting some of the most famous Champagne houses.","og_url":"https:\/\/interkultur.fr\/en\/produit\/a-day-in-champagne\/","og_site_name":"Interkultur","article_modified_time":"2024-02-14T22:16:09+00:00","og_image":[{"width":600,"height":800,"url":"https:\/\/interkultur.fr\/wp-content\/uploads\/2024\/02\/Crown.jpg","type":"image\/jpeg"}],"twitter_card":"summary_large_image","schema":{"@context":"https:\/\/schema.org","@graph":[{"@type":"WebPage","@id":"https:\/\/interkultur.fr\/en\/produit\/a-day-in-champagne\/","url":"https:\/\/interkultur.fr\/en\/produit\/a-day-in-champagne\/","name":"A day in Champagne - Interkultur","isPartOf":{"@id":"https:\/\/interkultur.fr\/en\/#website"},"primaryImageOfPage":{"@id":"https:\/\/interkultur.fr\/en\/produit\/a-day-in-champagne\/#primaryimage"},"image":{"@id":"https:\/\/interkultur.fr\/en\/produit\/a-day-in-champagne\/#primaryimage"},"thumbnailUrl":"https:\/\/interkultur.fr\/wp-content\/uploads\/2024\/02\/Crown.jpg","datePublished":"2024-02-13T16:39:02+00:00","dateModified":"2024-02-14T22:16:09+00:00","breadcrumb":{"@id":"https:\/\/interkultur.fr\/en\/produit\/a-day-in-champagne\/#breadcrumb"},"inLanguage":"en-US","potentialAction":[{"@type":"ReadAction","target":["https:\/\/interkultur.fr\/en\/produit\/a-day-in-champagne\/"]}]},{"@type":"ImageObject","inLanguage":"en-US","@id":"https:\/\/interkultur.fr\/en\/produit\/a-day-in-champagne\/#primaryimage","url":"https:\/\/interkultur.fr\/wp-content\/uploads\/2024\/02\/Crown.jpg","contentUrl":"https:\/\/interkultur.fr\/wp-content\/uploads\/2024\/02\/Crown.jpg","width":600,"height":800},{"@type":"BreadcrumbList","@id":"https:\/\/interkultur.fr\/en\/produit\/a-day-in-champagne\/#breadcrumb","itemListElement":[{"@type":"ListItem","position":1,"name":"Accueil","item":"https:\/\/interkultur.fr\/en\/"},{"@type":"ListItem","position":2,"name":"Shop","item":"https:\/\/interkultur.fr\/en\/shop\/"},{"@type":"ListItem","position":3,"name":"A day in Champagne"}]},{"@type":"WebSite","@id":"https:\/\/interkultur.fr\/en\/#website","url":"https:\/\/interkultur.fr\/en\/","name":"Interkultur","description":"Visites et \u00e9v\u00e9nements culturels dans le Paris secret li\u00e9s \u00e0 l\u2019Histoire, l\u2019art, et la valorisation du patrimoine et des savoirs faire.","potentialAction":[{"@type":"SearchAction","target":{"@type":"EntryPoint","urlTemplate":"https:\/\/interkultur.fr\/en\/?s={search_term_string}"},"query-input":{"@type":"PropertyValueSpecification","valueRequired":true,"valueName":"search_term_string"}}],"inLanguage":"en-US"}]}},"_links":{"self":[{"href":"https:\/\/interkultur.fr\/en\/wp-json\/wp\/v2\/product\/7005","targetHints":{"allow":["GET"]}}],"collection":[{"href":"https:\/\/interkultur.fr\/en\/wp-json\/wp\/v2\/product"}],"about":[{"href":"https:\/\/interkultur.fr\/en\/wp-json\/wp\/v2\/types\/product"}],"wp:featuredmedia":[{"embeddable":true,"href":"https:\/\/interkultur.fr\/en\/wp-json\/wp\/v2\/media\/7038"}],"wp:attachment":[{"href":"https:\/\/interkultur.fr\/en\/wp-json\/wp\/v2\/media?parent=7005"}],"wp:term":[{"taxonomy":"product_brand","embeddable":true,"href":"https:\/\/interkultur.fr\/en\/wp-json\/wp\/v2\/product_brand?post=7005"},{"taxonomy":"product_cat","embeddable":true,"href":"https:\/\/interkultur.fr\/en\/wp-json\/wp\/v2\/product_cat?post=7005"},{"taxonomy":"product_tag","embeddable":true,"href":"https:\/\/interkultur.fr\/en\/wp-json\/wp\/v2\/product_tag?post=7005"}],"curies":[{"name":"wp","href":"https:\/\/api.w.org\/{rel}","templated":true}]}}