{"id":7006,"date":"2024-02-13T17:40:52","date_gmt":"2024-02-13T16:40:52","guid":{"rendered":"https:\/\/interkultur.fr\/?post_type=product&#038;p=7006"},"modified":"2024-02-14T23:46:30","modified_gmt":"2024-02-14T22:46:30","slug":"a-day-in-metz","status":"publish","type":"product","link":"https:\/\/interkultur.fr\/en\/produit\/a-day-in-metz\/","title":{"rendered":"A day in Metz"},"content":{"rendered":"<h3>A day in Metz<\/h3>\n<p><strong>Practical informations:<\/strong><br \/>\n\u2022 Meeting point: TBD<br \/>\n\u2022 Duration: around 10 hours<br \/>\n\u2022 Train and walking tour<br \/>\n\u2022 From 90\u20ac to 250\u20ac per person (min: 2 people \/ max: 20)<br \/>\n\u2022 Pompidou centre private visit on top if less than 7 people<br \/>\n\u2022 Transportation and all sites tickets included.<\/p>\n<p>&nbsp;<\/p>\n<p style=\"text-align: justify;\">This tour will give the opportunity to discover the capital of (German) Lorraine. Although now in France, the city had for long been in the middle of fierce fighting between many countries.<br \/>\nAfter an 1hr20 train ride, the tour will start with a guided visit of the brand new modern art <strong>Pompidou Centre<\/strong> (on top if less than 7 people), followed by a stroll through <strong>the Imperial quarter<\/strong> as well as the very special and typical 19th century architecture avenues.<br \/>\nAfter a lunch on your own and a break around one of Metz most colorful and beautiful square, the tour will go on with a stroll through <strong>the old town<\/strong>, then see <strong>the beautiful cathedral<\/strong> (with windows painted by <strong>Chagall<\/strong>), before admiring a unique site in Europe: the massive medieval creneled grain storage rooms, set in the <strong>city&#8217;s impressive history museum<\/strong>. The walk back to the station will highlight the <strong>beautiful river Moselle banks<\/strong> and leisure harbor as well as the many fortified ancient towers, reminding the constant military role of the city, <strong>Europe\u2019s biggest stronghold<\/strong> in 1900.<br \/>\nIn the heart of <strong>the citadel<\/strong>, the impressive governor&#8217;s palace watches over many different military buildings. One of them, now an art centre, used to be a chapel built from <strong>an antique 4th century Roman basilica.<\/strong><br \/>\nThe train station is the other famous city landmark, designed by the <strong>German Emperor<\/strong> himself, symbolizing executive, military as well as religious powers.<\/p>\n<p>&nbsp;<\/p>\n","protected":false},"excerpt":{"rendered":"<p>The capital of (German) <strong>Lorraine<\/strong> has a lot to offer! From <strong>Pompidou<\/strong> brand new modern art cener to the <strong>city&#8217;s history museum<\/strong>, where an amazing Medieval objects are presented in rare and unusual<strong> buildings<\/strong>. The stroll through the city will show the river banks, but also towers and walls, reminding the <strong>great military role<\/strong> as well as <strong>the Imperial quarter<\/strong>, dating the German domination up till 1918. <strong>Surprising and unusual houses<\/strong> are also on the way around the medieval district surrounding the beautiful Cathedral (with windows by <strong>Chagall<\/strong>), to more traditional French style streets.<\/p>\n","protected":false},"featured_media":7048,"template":"","meta":{"_price":"","_stock":"","_tribe_ticket_header":"","_tribe_default_ticket_provider":"","_tribe_ticket_capacity":"0","_ticket_start_date":"","_ticket_end_date":"","_tribe_ticket_show_description":"","_tribe_ticket_show_not_going":false,"_tribe_ticket_use_global_stock":"","_tribe_ticket_global_stock_level":"","_global_stock_mode":"","_global_stock_cap":"","_tribe_rsvp_for_event":"","_tribe_ticket_going_count":"","_tribe_ticket_not_going_count":"","_tribe_tickets_list":"[]","_tribe_ticket_has_attendee_info_fields":false,"_tec_slr_enabled":"","_tec_slr_layout":""},"product_brand":[],"product_cat":[142],"product_tag":[],"class_list":{"0":"post-7006","1":"product","2":"type-product","3":"status-publish","4":"has-post-thumbnail","6":"product_cat-tours-france","8":"first","9":"instock","10":"featured","11":"virtual","12":"product-type-simple"},"yoast_head":"<!-- This site is optimized with the Yoast SEO plugin v27.5 - https:\/\/yoast.com\/product\/yoast-seo-wordpress\/ -->\n<title>A day in Metz - Interkultur<\/title>\n<meta name=\"robots\" content=\"index, follow, max-snippet:-1, max-image-preview:large, max-video-preview:-1\" \/>\n<link rel=\"canonical\" href=\"https:\/\/interkultur.fr\/en\/produit\/a-day-in-metz\/\" \/>\n<meta property=\"og:locale\" content=\"en_US\" \/>\n<meta property=\"og:type\" content=\"article\" \/>\n<meta property=\"og:title\" content=\"A day in Metz - Interkultur\" \/>\n<meta property=\"og:description\" content=\"The capital of (German) Lorraine has a lot to offer! From Pompidou brand new modern art cener to the city&#039;s history museum, where an amazing Medieval objects are presented in rare and unusual buildings. The stroll through the city will show the river banks, but also towers and walls, reminding the great military role as well as the Imperial quarter, dating the German domination up till 1918. Surprising and unusual houses are also on the way around the medieval district surrounding the beautiful Cathedral (with windows by Chagall), to more traditional French style streets.\" \/>\n<meta property=\"og:url\" content=\"https:\/\/interkultur.fr\/en\/produit\/a-day-in-metz\/\" \/>\n<meta property=\"og:site_name\" content=\"Interkultur\" \/>\n<meta property=\"article:modified_time\" content=\"2024-02-14T22:46:30+00:00\" \/>\n<meta property=\"og:image\" content=\"https:\/\/interkultur.fr\/wp-content\/uploads\/2024\/02\/Temple-scaled.jpg\" \/>\n\t<meta property=\"og:image:width\" content=\"1920\" \/>\n\t<meta property=\"og:image:height\" content=\"2560\" \/>\n\t<meta property=\"og:image:type\" content=\"image\/jpeg\" \/>\n<meta name=\"twitter:card\" content=\"summary_large_image\" \/>\n<script type=\"application\/ld+json\" class=\"yoast-schema-graph\">{\"@context\":\"https:\\\/\\\/schema.org\",\"@graph\":[{\"@type\":\"WebPage\",\"@id\":\"https:\\\/\\\/interkultur.fr\\\/en\\\/produit\\\/a-day-in-metz\\\/\",\"url\":\"https:\\\/\\\/interkultur.fr\\\/en\\\/produit\\\/a-day-in-metz\\\/\",\"name\":\"A day in Metz - Interkultur\",\"isPartOf\":{\"@id\":\"https:\\\/\\\/interkultur.fr\\\/en\\\/#website\"},\"primaryImageOfPage\":{\"@id\":\"https:\\\/\\\/interkultur.fr\\\/en\\\/produit\\\/a-day-in-metz\\\/#primaryimage\"},\"image\":{\"@id\":\"https:\\\/\\\/interkultur.fr\\\/en\\\/produit\\\/a-day-in-metz\\\/#primaryimage\"},\"thumbnailUrl\":\"https:\\\/\\\/interkultur.fr\\\/wp-content\\\/uploads\\\/2024\\\/02\\\/Temple-scaled.jpg\",\"datePublished\":\"2024-02-13T16:40:52+00:00\",\"dateModified\":\"2024-02-14T22:46:30+00:00\",\"breadcrumb\":{\"@id\":\"https:\\\/\\\/interkultur.fr\\\/en\\\/produit\\\/a-day-in-metz\\\/#breadcrumb\"},\"inLanguage\":\"en-US\",\"potentialAction\":[{\"@type\":\"ReadAction\",\"target\":[\"https:\\\/\\\/interkultur.fr\\\/en\\\/produit\\\/a-day-in-metz\\\/\"]}]},{\"@type\":\"ImageObject\",\"inLanguage\":\"en-US\",\"@id\":\"https:\\\/\\\/interkultur.fr\\\/en\\\/produit\\\/a-day-in-metz\\\/#primaryimage\",\"url\":\"https:\\\/\\\/interkultur.fr\\\/wp-content\\\/uploads\\\/2024\\\/02\\\/Temple-scaled.jpg\",\"contentUrl\":\"https:\\\/\\\/interkultur.fr\\\/wp-content\\\/uploads\\\/2024\\\/02\\\/Temple-scaled.jpg\",\"width\":1920,\"height\":2560},{\"@type\":\"BreadcrumbList\",\"@id\":\"https:\\\/\\\/interkultur.fr\\\/en\\\/produit\\\/a-day-in-metz\\\/#breadcrumb\",\"itemListElement\":[{\"@type\":\"ListItem\",\"position\":1,\"name\":\"Accueil\",\"item\":\"https:\\\/\\\/interkultur.fr\\\/en\\\/\"},{\"@type\":\"ListItem\",\"position\":2,\"name\":\"Shop\",\"item\":\"https:\\\/\\\/interkultur.fr\\\/en\\\/shop\\\/\"},{\"@type\":\"ListItem\",\"position\":3,\"name\":\"A day in Metz\"}]},{\"@type\":\"WebSite\",\"@id\":\"https:\\\/\\\/interkultur.fr\\\/en\\\/#website\",\"url\":\"https:\\\/\\\/interkultur.fr\\\/en\\\/\",\"name\":\"Interkultur\",\"description\":\"Visites et \u00e9v\u00e9nements culturels dans le Paris secret li\u00e9s \u00e0 l\u2019Histoire, l\u2019art, et la valorisation du patrimoine et des savoirs faire.\",\"potentialAction\":[{\"@type\":\"SearchAction\",\"target\":{\"@type\":\"EntryPoint\",\"urlTemplate\":\"https:\\\/\\\/interkultur.fr\\\/en\\\/?s={search_term_string}\"},\"query-input\":{\"@type\":\"PropertyValueSpecification\",\"valueRequired\":true,\"valueName\":\"search_term_string\"}}],\"inLanguage\":\"en-US\"}]}<\/script>\n<!-- \/ Yoast SEO plugin. -->","yoast_head_json":{"title":"A day in Metz - Interkultur","robots":{"index":"index","follow":"follow","max-snippet":"max-snippet:-1","max-image-preview":"max-image-preview:large","max-video-preview":"max-video-preview:-1"},"canonical":"https:\/\/interkultur.fr\/en\/produit\/a-day-in-metz\/","og_locale":"en_US","og_type":"article","og_title":"A day in Metz - Interkultur","og_description":"The capital of (German) Lorraine has a lot to offer! From Pompidou brand new modern art cener to the city's history museum, where an amazing Medieval objects are presented in rare and unusual buildings. The stroll through the city will show the river banks, but also towers and walls, reminding the great military role as well as the Imperial quarter, dating the German domination up till 1918. Surprising and unusual houses are also on the way around the medieval district surrounding the beautiful Cathedral (with windows by Chagall), to more traditional French style streets.","og_url":"https:\/\/interkultur.fr\/en\/produit\/a-day-in-metz\/","og_site_name":"Interkultur","article_modified_time":"2024-02-14T22:46:30+00:00","og_image":[{"width":1920,"height":2560,"url":"https:\/\/interkultur.fr\/wp-content\/uploads\/2024\/02\/Temple-scaled.jpg","type":"image\/jpeg"}],"twitter_card":"summary_large_image","schema":{"@context":"https:\/\/schema.org","@graph":[{"@type":"WebPage","@id":"https:\/\/interkultur.fr\/en\/produit\/a-day-in-metz\/","url":"https:\/\/interkultur.fr\/en\/produit\/a-day-in-metz\/","name":"A day in Metz - Interkultur","isPartOf":{"@id":"https:\/\/interkultur.fr\/en\/#website"},"primaryImageOfPage":{"@id":"https:\/\/interkultur.fr\/en\/produit\/a-day-in-metz\/#primaryimage"},"image":{"@id":"https:\/\/interkultur.fr\/en\/produit\/a-day-in-metz\/#primaryimage"},"thumbnailUrl":"https:\/\/interkultur.fr\/wp-content\/uploads\/2024\/02\/Temple-scaled.jpg","datePublished":"2024-02-13T16:40:52+00:00","dateModified":"2024-02-14T22:46:30+00:00","breadcrumb":{"@id":"https:\/\/interkultur.fr\/en\/produit\/a-day-in-metz\/#breadcrumb"},"inLanguage":"en-US","potentialAction":[{"@type":"ReadAction","target":["https:\/\/interkultur.fr\/en\/produit\/a-day-in-metz\/"]}]},{"@type":"ImageObject","inLanguage":"en-US","@id":"https:\/\/interkultur.fr\/en\/produit\/a-day-in-metz\/#primaryimage","url":"https:\/\/interkultur.fr\/wp-content\/uploads\/2024\/02\/Temple-scaled.jpg","contentUrl":"https:\/\/interkultur.fr\/wp-content\/uploads\/2024\/02\/Temple-scaled.jpg","width":1920,"height":2560},{"@type":"BreadcrumbList","@id":"https:\/\/interkultur.fr\/en\/produit\/a-day-in-metz\/#breadcrumb","itemListElement":[{"@type":"ListItem","position":1,"name":"Accueil","item":"https:\/\/interkultur.fr\/en\/"},{"@type":"ListItem","position":2,"name":"Shop","item":"https:\/\/interkultur.fr\/en\/shop\/"},{"@type":"ListItem","position":3,"name":"A day in Metz"}]},{"@type":"WebSite","@id":"https:\/\/interkultur.fr\/en\/#website","url":"https:\/\/interkultur.fr\/en\/","name":"Interkultur","description":"Visites et \u00e9v\u00e9nements culturels dans le Paris secret li\u00e9s \u00e0 l\u2019Histoire, l\u2019art, et la valorisation du patrimoine et des savoirs faire.","potentialAction":[{"@type":"SearchAction","target":{"@type":"EntryPoint","urlTemplate":"https:\/\/interkultur.fr\/en\/?s={search_term_string}"},"query-input":{"@type":"PropertyValueSpecification","valueRequired":true,"valueName":"search_term_string"}}],"inLanguage":"en-US"}]}},"_links":{"self":[{"href":"https:\/\/interkultur.fr\/en\/wp-json\/wp\/v2\/product\/7006","targetHints":{"allow":["GET"]}}],"collection":[{"href":"https:\/\/interkultur.fr\/en\/wp-json\/wp\/v2\/product"}],"about":[{"href":"https:\/\/interkultur.fr\/en\/wp-json\/wp\/v2\/types\/product"}],"wp:featuredmedia":[{"embeddable":true,"href":"https:\/\/interkultur.fr\/en\/wp-json\/wp\/v2\/media\/7048"}],"wp:attachment":[{"href":"https:\/\/interkultur.fr\/en\/wp-json\/wp\/v2\/media?parent=7006"}],"wp:term":[{"taxonomy":"product_brand","embeddable":true,"href":"https:\/\/interkultur.fr\/en\/wp-json\/wp\/v2\/product_brand?post=7006"},{"taxonomy":"product_cat","embeddable":true,"href":"https:\/\/interkultur.fr\/en\/wp-json\/wp\/v2\/product_cat?post=7006"},{"taxonomy":"product_tag","embeddable":true,"href":"https:\/\/interkultur.fr\/en\/wp-json\/wp\/v2\/product_tag?post=7006"}],"curies":[{"name":"wp","href":"https:\/\/api.w.org\/{rel}","templated":true}]}}