{"id":7009,"date":"2024-02-13T17:44:11","date_gmt":"2024-02-13T16:44:11","guid":{"rendered":"https:\/\/interkultur.fr\/?post_type=product&#038;p=7009"},"modified":"2024-02-25T21:47:28","modified_gmt":"2024-02-25T20:47:28","slug":"a-day-with-napoleon","status":"publish","type":"product","link":"https:\/\/interkultur.fr\/en\/produit\/a-day-with-napoleon\/","title":{"rendered":"A day with Napoleon"},"content":{"rendered":"<h2>A day with Napoleon<\/h2>\n<p style=\"text-align: justify;\"><strong>Practical informations<\/strong><\/p>\n<ul style=\"text-align: justify;\">\n<li>Meeting point: your hotel or to be confirmed<\/li>\n<li>Duration : 10h<\/li>\n<li>Private car<\/li>\n<li>From\u00a0150\u20ac per person (min: 2 people \/ max: 8)<\/li>\n<li>Transportation and all sites tickets included<\/li>\n<li><strong>Helicopter option: 200\u20ac\/ pers.<\/strong><\/li>\n<\/ul>\n<p style=\"text-align: justify;\">Enjoy a very special day with Napoleon thanks to <strong>exclusive visits<\/strong> with a private guide to some of the most beautiful but also lesser-known palaces that the French Emperor stayed in.<br \/>\nThe day will start after pick up with a ride to the West of Paris to <strong>Malmaison chateau<\/strong>, a residence Napoleon frequented very often, and eventually bequeathed to <strong>Empress Josephine<\/strong>, his first wife, after their divorce.<br \/>\nNot only the park is beautiful and rich in surprises, but Malmaison also has the most comprehensive collection of First Empire objects and furniture in Paris.<\/p>\n<p style=\"text-align: justify;\">An hour drive will be necessary to reach our second destination! After lunch on the way or in the quaint and preserved city centre, we&#8217;ll head for this wonderful chateau, recently reopened after a long closure for renovation. It exhibits <strong>Napoleon&#8217;s bedroom<\/strong> with original furniture acquired from the French state&#8217;s collections. The <strong>amazing bathroom<\/strong> also provides a unique occasion to witness the <strong>luxury<\/strong> of the Emperor&#8217;s most intimate environnement and the evolution of hygiene in the early 19th century.<\/p>\n<p style=\"text-align: justify;\">The day will end with the most <strong>amazing private collection<\/strong> related to Napoleon in Paris. Located in a <strong>secret location<\/strong> in the centre city, it boasts more than 2000 rare items. This last visit will be a unique occasion to wander through <strong>rare and exclusive objects<\/strong>, statues, portraits and pieces of furniture from Napoleon&#8217;s days.<\/p>\n<p style=\"text-align: justify;\">Undeniably looking more like an apartment with everything at hand&#8217;s reach, you&#8217;ll be able to stroll all the <strong>splendid rooms<\/strong> guided around some unique pieces with a <strong>glass of champagne <\/strong> and in a luxurious environment.<\/p>\n<p style=\"text-align: justify;\">At the end of the visit (around 7pm) you will be driven back to your hotel or any other destination.<\/p>\n<h3><strong>Fly a helicopter!<\/strong><\/h3>\n<p style=\"text-align: justify;\">Give yourself a real treat and fly over southern Paris&#8217; most beautiful chateaux and abbeys! The 30-minute flight also includes a view of <strong>one of Napoleon&#8217;s palace<\/strong> and its stunning park!<br \/>\nThe whole experience requires advanced booking and takes 1hr30 mins overall, for 225\u20ac per person (up to 4 people)<\/p>\n","protected":false},"excerpt":{"rendered":"<p>Spend a whole, virtually private day with <strong>Napoleon<\/strong> visiting some of its most intimate and lesser known houses. West of Paris, the first one on the itinerary is way off the tourist track and <strong>exudes style and history<\/strong>. The chateau has also a strong link to Napoleon&#8217;s personal life, as his first wife, <strong>Empress Jos\u00e9phine<\/strong> lived and died there.<br \/>\nThe second palace will take you to the countryside, where rooms have recently been refurbished to exhibit some of the<strong> most beautiful decors<\/strong> from the French Emperor&#8217;s days.<br \/>\nFinally, this very special day will uncover <strong>a very secret place<\/strong>, where the biggest private collection of Napoleon&#8217;s objects can be seen in the heart of Paris!<br \/>\n<strong>Option<\/strong>: fly over Napoleon&#8217;s palace in a <strong>helicopter<\/strong>!<\/p>\n","protected":false},"featured_media":7600,"template":"","meta":{"_price":"","_stock":"","_tribe_ticket_header":"","_tribe_default_ticket_provider":"","_tribe_ticket_capacity":"0","_ticket_start_date":"","_ticket_end_date":"","_tribe_ticket_show_description":"","_tribe_ticket_show_not_going":false,"_tribe_ticket_use_global_stock":"","_tribe_ticket_global_stock_level":"","_global_stock_mode":"","_global_stock_cap":"","_tribe_rsvp_for_event":"","_tribe_ticket_going_count":"","_tribe_ticket_not_going_count":"","_tribe_tickets_list":"[]","_tribe_ticket_has_attendee_info_fields":false,"_tec_slr_enabled":"","_tec_slr_layout":""},"product_brand":[],"product_cat":[142],"product_tag":[],"class_list":{"0":"post-7009","1":"product","2":"type-product","3":"status-publish","4":"has-post-thumbnail","6":"product_cat-tours-france","8":"first","9":"instock","10":"featured","11":"shipping-taxable","12":"product-type-simple"},"yoast_head":"<!-- This site is optimized with the Yoast SEO plugin v27.5 - https:\/\/yoast.com\/product\/yoast-seo-wordpress\/ -->\n<title>A day with Napoleon - Interkultur<\/title>\n<meta name=\"robots\" content=\"index, follow, max-snippet:-1, max-image-preview:large, max-video-preview:-1\" \/>\n<link rel=\"canonical\" href=\"https:\/\/interkultur.fr\/en\/produit\/a-day-with-napoleon\/\" \/>\n<meta property=\"og:locale\" content=\"en_US\" \/>\n<meta property=\"og:type\" content=\"article\" \/>\n<meta property=\"og:title\" content=\"A day with Napoleon - Interkultur\" \/>\n<meta property=\"og:description\" content=\"Spend a whole, virtually private day with Napoleon visiting some of its most intimate and lesser known houses. West of Paris, the first one on the itinerary is way off the tourist track and exudes style and history. The chateau has also a strong link to Napoleon&#039;s personal life, as his first wife, Empress Jos\u00e9phine lived and died there. The second palace will take you to the countryside, where rooms have recently been refurbished to exhibit some of the most beautiful decors from the French Emperor&#039;s days. Finally, this very special day will uncover a very secret place, where the biggest private collection of Napoleon&#039;s objects can be seen in the heart of Paris! Option: fly over Napoleon&#039;s palace in a helicopter!\" \/>\n<meta property=\"og:url\" content=\"https:\/\/interkultur.fr\/en\/produit\/a-day-with-napoleon\/\" \/>\n<meta property=\"og:site_name\" content=\"Interkultur\" \/>\n<meta property=\"article:modified_time\" content=\"2024-02-25T20:47:28+00:00\" \/>\n<meta property=\"og:image\" content=\"https:\/\/interkultur.fr\/wp-content\/uploads\/2024\/02\/Napoleon-Canova.jpg\" \/>\n\t<meta property=\"og:image:width\" content=\"1080\" \/>\n\t<meta property=\"og:image:height\" content=\"1080\" \/>\n\t<meta property=\"og:image:type\" content=\"image\/jpeg\" \/>\n<meta name=\"twitter:card\" content=\"summary_large_image\" \/>\n<script type=\"application\/ld+json\" class=\"yoast-schema-graph\">{\"@context\":\"https:\\\/\\\/schema.org\",\"@graph\":[{\"@type\":\"WebPage\",\"@id\":\"https:\\\/\\\/interkultur.fr\\\/en\\\/produit\\\/a-day-with-napoleon\\\/\",\"url\":\"https:\\\/\\\/interkultur.fr\\\/en\\\/produit\\\/a-day-with-napoleon\\\/\",\"name\":\"A day with Napoleon - Interkultur\",\"isPartOf\":{\"@id\":\"https:\\\/\\\/interkultur.fr\\\/en\\\/#website\"},\"primaryImageOfPage\":{\"@id\":\"https:\\\/\\\/interkultur.fr\\\/en\\\/produit\\\/a-day-with-napoleon\\\/#primaryimage\"},\"image\":{\"@id\":\"https:\\\/\\\/interkultur.fr\\\/en\\\/produit\\\/a-day-with-napoleon\\\/#primaryimage\"},\"thumbnailUrl\":\"https:\\\/\\\/interkultur.fr\\\/wp-content\\\/uploads\\\/2024\\\/02\\\/Napoleon-Canova.jpg\",\"datePublished\":\"2024-02-13T16:44:11+00:00\",\"dateModified\":\"2024-02-25T20:47:28+00:00\",\"breadcrumb\":{\"@id\":\"https:\\\/\\\/interkultur.fr\\\/en\\\/produit\\\/a-day-with-napoleon\\\/#breadcrumb\"},\"inLanguage\":\"en-US\",\"potentialAction\":[{\"@type\":\"ReadAction\",\"target\":[\"https:\\\/\\\/interkultur.fr\\\/en\\\/produit\\\/a-day-with-napoleon\\\/\"]}]},{\"@type\":\"ImageObject\",\"inLanguage\":\"en-US\",\"@id\":\"https:\\\/\\\/interkultur.fr\\\/en\\\/produit\\\/a-day-with-napoleon\\\/#primaryimage\",\"url\":\"https:\\\/\\\/interkultur.fr\\\/wp-content\\\/uploads\\\/2024\\\/02\\\/Napoleon-Canova.jpg\",\"contentUrl\":\"https:\\\/\\\/interkultur.fr\\\/wp-content\\\/uploads\\\/2024\\\/02\\\/Napoleon-Canova.jpg\",\"width\":1080,\"height\":1080},{\"@type\":\"BreadcrumbList\",\"@id\":\"https:\\\/\\\/interkultur.fr\\\/en\\\/produit\\\/a-day-with-napoleon\\\/#breadcrumb\",\"itemListElement\":[{\"@type\":\"ListItem\",\"position\":1,\"name\":\"Accueil\",\"item\":\"https:\\\/\\\/interkultur.fr\\\/en\\\/\"},{\"@type\":\"ListItem\",\"position\":2,\"name\":\"Shop\",\"item\":\"https:\\\/\\\/interkultur.fr\\\/en\\\/shop\\\/\"},{\"@type\":\"ListItem\",\"position\":3,\"name\":\"A day with Napoleon\"}]},{\"@type\":\"WebSite\",\"@id\":\"https:\\\/\\\/interkultur.fr\\\/en\\\/#website\",\"url\":\"https:\\\/\\\/interkultur.fr\\\/en\\\/\",\"name\":\"Interkultur\",\"description\":\"Visites et \u00e9v\u00e9nements culturels dans le Paris secret li\u00e9s \u00e0 l\u2019Histoire, l\u2019art, et la valorisation du patrimoine et des savoirs faire.\",\"potentialAction\":[{\"@type\":\"SearchAction\",\"target\":{\"@type\":\"EntryPoint\",\"urlTemplate\":\"https:\\\/\\\/interkultur.fr\\\/en\\\/?s={search_term_string}\"},\"query-input\":{\"@type\":\"PropertyValueSpecification\",\"valueRequired\":true,\"valueName\":\"search_term_string\"}}],\"inLanguage\":\"en-US\"}]}<\/script>\n<!-- \/ Yoast SEO plugin. -->","yoast_head_json":{"title":"A day with Napoleon - Interkultur","robots":{"index":"index","follow":"follow","max-snippet":"max-snippet:-1","max-image-preview":"max-image-preview:large","max-video-preview":"max-video-preview:-1"},"canonical":"https:\/\/interkultur.fr\/en\/produit\/a-day-with-napoleon\/","og_locale":"en_US","og_type":"article","og_title":"A day with Napoleon - Interkultur","og_description":"Spend a whole, virtually private day with Napoleon visiting some of its most intimate and lesser known houses. West of Paris, the first one on the itinerary is way off the tourist track and exudes style and history. The chateau has also a strong link to Napoleon's personal life, as his first wife, Empress Jos\u00e9phine lived and died there. The second palace will take you to the countryside, where rooms have recently been refurbished to exhibit some of the most beautiful decors from the French Emperor's days. Finally, this very special day will uncover a very secret place, where the biggest private collection of Napoleon's objects can be seen in the heart of Paris! Option: fly over Napoleon's palace in a helicopter!","og_url":"https:\/\/interkultur.fr\/en\/produit\/a-day-with-napoleon\/","og_site_name":"Interkultur","article_modified_time":"2024-02-25T20:47:28+00:00","og_image":[{"width":1080,"height":1080,"url":"https:\/\/interkultur.fr\/wp-content\/uploads\/2024\/02\/Napoleon-Canova.jpg","type":"image\/jpeg"}],"twitter_card":"summary_large_image","schema":{"@context":"https:\/\/schema.org","@graph":[{"@type":"WebPage","@id":"https:\/\/interkultur.fr\/en\/produit\/a-day-with-napoleon\/","url":"https:\/\/interkultur.fr\/en\/produit\/a-day-with-napoleon\/","name":"A day with Napoleon - Interkultur","isPartOf":{"@id":"https:\/\/interkultur.fr\/en\/#website"},"primaryImageOfPage":{"@id":"https:\/\/interkultur.fr\/en\/produit\/a-day-with-napoleon\/#primaryimage"},"image":{"@id":"https:\/\/interkultur.fr\/en\/produit\/a-day-with-napoleon\/#primaryimage"},"thumbnailUrl":"https:\/\/interkultur.fr\/wp-content\/uploads\/2024\/02\/Napoleon-Canova.jpg","datePublished":"2024-02-13T16:44:11+00:00","dateModified":"2024-02-25T20:47:28+00:00","breadcrumb":{"@id":"https:\/\/interkultur.fr\/en\/produit\/a-day-with-napoleon\/#breadcrumb"},"inLanguage":"en-US","potentialAction":[{"@type":"ReadAction","target":["https:\/\/interkultur.fr\/en\/produit\/a-day-with-napoleon\/"]}]},{"@type":"ImageObject","inLanguage":"en-US","@id":"https:\/\/interkultur.fr\/en\/produit\/a-day-with-napoleon\/#primaryimage","url":"https:\/\/interkultur.fr\/wp-content\/uploads\/2024\/02\/Napoleon-Canova.jpg","contentUrl":"https:\/\/interkultur.fr\/wp-content\/uploads\/2024\/02\/Napoleon-Canova.jpg","width":1080,"height":1080},{"@type":"BreadcrumbList","@id":"https:\/\/interkultur.fr\/en\/produit\/a-day-with-napoleon\/#breadcrumb","itemListElement":[{"@type":"ListItem","position":1,"name":"Accueil","item":"https:\/\/interkultur.fr\/en\/"},{"@type":"ListItem","position":2,"name":"Shop","item":"https:\/\/interkultur.fr\/en\/shop\/"},{"@type":"ListItem","position":3,"name":"A day with Napoleon"}]},{"@type":"WebSite","@id":"https:\/\/interkultur.fr\/en\/#website","url":"https:\/\/interkultur.fr\/en\/","name":"Interkultur","description":"Visites et \u00e9v\u00e9nements culturels dans le Paris secret li\u00e9s \u00e0 l\u2019Histoire, l\u2019art, et la valorisation du patrimoine et des savoirs faire.","potentialAction":[{"@type":"SearchAction","target":{"@type":"EntryPoint","urlTemplate":"https:\/\/interkultur.fr\/en\/?s={search_term_string}"},"query-input":{"@type":"PropertyValueSpecification","valueRequired":true,"valueName":"search_term_string"}}],"inLanguage":"en-US"}]}},"_links":{"self":[{"href":"https:\/\/interkultur.fr\/en\/wp-json\/wp\/v2\/product\/7009","targetHints":{"allow":["GET"]}}],"collection":[{"href":"https:\/\/interkultur.fr\/en\/wp-json\/wp\/v2\/product"}],"about":[{"href":"https:\/\/interkultur.fr\/en\/wp-json\/wp\/v2\/types\/product"}],"wp:featuredmedia":[{"embeddable":true,"href":"https:\/\/interkultur.fr\/en\/wp-json\/wp\/v2\/media\/7600"}],"wp:attachment":[{"href":"https:\/\/interkultur.fr\/en\/wp-json\/wp\/v2\/media?parent=7009"}],"wp:term":[{"taxonomy":"product_brand","embeddable":true,"href":"https:\/\/interkultur.fr\/en\/wp-json\/wp\/v2\/product_brand?post=7009"},{"taxonomy":"product_cat","embeddable":true,"href":"https:\/\/interkultur.fr\/en\/wp-json\/wp\/v2\/product_cat?post=7009"},{"taxonomy":"product_tag","embeddable":true,"href":"https:\/\/interkultur.fr\/en\/wp-json\/wp\/v2\/product_tag?post=7009"}],"curies":[{"name":"wp","href":"https:\/\/api.w.org\/{rel}","templated":true}]}}