{"id":7010,"date":"2024-02-13T17:46:22","date_gmt":"2024-02-13T16:46:22","guid":{"rendered":"https:\/\/interkultur.fr\/?post_type=product&#038;p=7010"},"modified":"2024-02-26T00:57:44","modified_gmt":"2024-02-25T23:57:44","slug":"a-day-in-the-loire-valley","status":"publish","type":"product","link":"https:\/\/interkultur.fr\/en\/produit\/a-day-in-the-loire-valley\/","title":{"rendered":"A day in the Loire valley"},"content":{"rendered":"<h3>A day in the Loire valley<\/h3>\n<p><strong>Practical informations:<\/strong><br \/>\n\u2022 Meeting point:\u00a0to be confirmed<br \/>\n\u2022 Duration: 11h<br \/>\n\u2022 Private transport<br \/>\n\u2022 From\u00a0175\u20ac to per person (min: 2 people \/ max: 8)<br \/>\n\u2022 Transportation and all sites tickets included.<br \/>\n\u2022 <strong>Helicopter option: 225\u20ac\/pers.<\/strong><\/p>\n<p><img decoding=\"async\" class=\"alignleft size-thumbnail wp-image-7640\" src=\"https:\/\/interkultur.fr\/wp-content\/uploads\/2024\/02\/Tombe-Leonard-150x150.jpg\" alt=\"\" width=\"150\" height=\"150\" srcset=\"https:\/\/interkultur.fr\/wp-content\/uploads\/2024\/02\/Tombe-Leonard-66x66.jpg 66w, https:\/\/interkultur.fr\/wp-content\/uploads\/2024\/02\/Tombe-Leonard-150x150.jpg 150w, https:\/\/interkultur.fr\/wp-content\/uploads\/2024\/02\/Tombe-Leonard-200x200.jpg 200w, https:\/\/interkultur.fr\/wp-content\/uploads\/2024\/02\/Tombe-Leonard-500x500.jpg 500w\" sizes=\"(max-width: 150px) 100vw, 150px\" \/><\/p>\n<p>&nbsp;<\/p>\n<p style=\"text-align: justify;\">The day will start with an early departure from your Paris hotel with a 2 hours ride in a comfortable private car to the destination. The first stop will be at one of the three finest chateaux that made this region world famous. One option is the <strong>city of Amboise<\/strong> and the beautiful chateau built on top, where famous kings and Queens once stayed. it also houses <strong>Leonardo da Vinci<\/strong>&#8216;s tomb.<br \/>\n<strong>Blois<\/strong> is the second option. The chateau is built right into the city center and offers great anecdotes, stunning 16th and 17th century architecture and a stroll in the lively town afterwards. The third place is <strong>Chaumont<\/strong>: a large and beautiful chateau with heavy towers overlooking the Loire river, it was at the center of a battle between two powerful women! The magnificent garden is worth a visit on its own!<\/p>\n<p>[envira-gallery id=&#8221;9180&#8243;]<\/p>\n<p style=\"text-align: justify;\">Wine tasting in one of the many wine growers established in the area, will follow. Some <strong>beautiful cellars<\/strong> are carved deep into the chalk cliffs, lunch will be proposed upon request.<\/p>\n<p style=\"text-align: justify;\">To start the afternoon, we will take a drive through the <strong>quaint Loire region countryside<\/strong> with potential stops in vineyards, villages and countless smaller chateaux on the way.<\/p>\n<p style=\"text-align: justify;\">A scheduled stop is at <strong>Cheverny<\/strong>, famous for the 17th century refined chateau, where superb stables and the most famous packs of hunting hounds in France are housed. A very modern wine <strong>tasting house<\/strong> is located nearby and offers samples of all the regional wine grapes.<\/p>\n<p>[envira-gallery id=&#8221;9176&#8243;]<\/p>\n<p style=\"text-align: justify;\">Continuing the scenic drive, our last chateau is probably the most famous. <strong>Chambord<\/strong> displays typical <strong>16th century French architecture<\/strong>, and it is really fit for a king. it is also well known for the sumptuous and unique stairs, invented by Leonardo da Vinci.<\/p>\n<p style=\"text-align: justify;\">A shorter drive will take you back to Paris around 8 pm.<\/p>\n<p><img decoding=\"async\" class=\"alignleft size-thumbnail wp-image-7656\" src=\"https:\/\/interkultur.fr\/wp-content\/uploads\/2024\/02\/IMG_6774-150x150.jpeg\" alt=\"\" width=\"150\" height=\"150\" srcset=\"https:\/\/interkultur.fr\/wp-content\/uploads\/2024\/02\/IMG_6774-66x66.jpeg 66w, https:\/\/interkultur.fr\/wp-content\/uploads\/2024\/02\/IMG_6774-150x150.jpeg 150w, https:\/\/interkultur.fr\/wp-content\/uploads\/2024\/02\/IMG_6774-200x200.jpeg 200w, https:\/\/interkultur.fr\/wp-content\/uploads\/2024\/02\/IMG_6774-500x500.jpeg 500w\" sizes=\"(max-width: 150px) 100vw, 150px\" \/><strong>Helicopter ride<\/strong><br \/>\nFly over some of the most beautiful castles in the area, including Chambord and Blois as well as the city of Blois for 25 min. The whole experience requires advanced booking with a departure located from an airport close to the city of Blois.<\/p>\n<p>\u2022 Duration: 1 hour in all<br \/>\n\u2022 225\u20ac\/pers.<\/p>\n<p>&nbsp;<\/p>\n<p>&nbsp;<\/p>\n","protected":false},"excerpt":{"rendered":"<p>This whole day in the Loire valley is aimed at combining 3 great features of the area: <strong>typical villages<\/strong> and small cities, <strong>wine tastings<\/strong> and <strong>top class chateaux<\/strong>.<br \/>\n2 beautiful chateaux and <strong>local wine sampling<\/strong> (red, white and ros\u00e9) in two different venues, including a <strong>troglodyte cellar<\/strong> are on today&#8217;s program! Leaving some time for strolls in the local town and villages as well as personal shopping!<\/p>\n","protected":false},"featured_media":7652,"template":"","meta":{"_price":"","_stock":"","_tribe_ticket_header":"","_tribe_default_ticket_provider":"","_tribe_ticket_capacity":"0","_ticket_start_date":"","_ticket_end_date":"","_tribe_ticket_show_description":"","_tribe_ticket_show_not_going":false,"_tribe_ticket_use_global_stock":"","_tribe_ticket_global_stock_level":"","_global_stock_mode":"","_global_stock_cap":"","_tribe_rsvp_for_event":"","_tribe_ticket_going_count":"","_tribe_ticket_not_going_count":"","_tribe_tickets_list":"[]","_tribe_ticket_has_attendee_info_fields":false,"_tec_slr_enabled":"","_tec_slr_layout":""},"product_brand":[],"product_cat":[142],"product_tag":[],"class_list":{"0":"post-7010","1":"product","2":"type-product","3":"status-publish","4":"has-post-thumbnail","6":"product_cat-tours-france","8":"first","9":"instock","10":"featured","11":"virtual","12":"product-type-simple"},"yoast_head":"<!-- This site is optimized with the Yoast SEO plugin v27.5 - https:\/\/yoast.com\/product\/yoast-seo-wordpress\/ -->\n<title>A day in the Loire valley - Interkultur<\/title>\n<meta name=\"robots\" content=\"index, follow, max-snippet:-1, max-image-preview:large, max-video-preview:-1\" \/>\n<link rel=\"canonical\" href=\"https:\/\/interkultur.fr\/en\/produit\/a-day-in-the-loire-valley\/\" \/>\n<meta property=\"og:locale\" content=\"en_US\" \/>\n<meta property=\"og:type\" content=\"article\" \/>\n<meta property=\"og:title\" content=\"A day in the Loire valley - Interkultur\" \/>\n<meta property=\"og:description\" content=\"This whole day in the Loire valley is aimed at combining 3 great features of the area: typical villages and small cities, wine tastings and top class chateaux. 2 beautiful chateaux and local wine sampling (red, white and ros\u00e9) in two different venues, including a troglodyte cellar are on today&#039;s program! Leaving some time for strolls in the local town and villages as well as personal shopping!\" \/>\n<meta property=\"og:url\" content=\"https:\/\/interkultur.fr\/en\/produit\/a-day-in-the-loire-valley\/\" \/>\n<meta property=\"og:site_name\" content=\"Interkultur\" \/>\n<meta property=\"article:modified_time\" content=\"2024-02-25T23:57:44+00:00\" \/>\n<meta property=\"og:image\" content=\"https:\/\/interkultur.fr\/wp-content\/uploads\/2024\/02\/Chambord.jpg\" \/>\n\t<meta property=\"og:image:width\" content=\"680\" \/>\n\t<meta property=\"og:image:height\" content=\"510\" \/>\n\t<meta property=\"og:image:type\" content=\"image\/jpeg\" \/>\n<meta name=\"twitter:card\" content=\"summary_large_image\" \/>\n<script type=\"application\/ld+json\" class=\"yoast-schema-graph\">{\"@context\":\"https:\\\/\\\/schema.org\",\"@graph\":[{\"@type\":\"WebPage\",\"@id\":\"https:\\\/\\\/interkultur.fr\\\/en\\\/produit\\\/a-day-in-the-loire-valley\\\/\",\"url\":\"https:\\\/\\\/interkultur.fr\\\/en\\\/produit\\\/a-day-in-the-loire-valley\\\/\",\"name\":\"A day in the Loire valley - Interkultur\",\"isPartOf\":{\"@id\":\"https:\\\/\\\/interkultur.fr\\\/en\\\/#website\"},\"primaryImageOfPage\":{\"@id\":\"https:\\\/\\\/interkultur.fr\\\/en\\\/produit\\\/a-day-in-the-loire-valley\\\/#primaryimage\"},\"image\":{\"@id\":\"https:\\\/\\\/interkultur.fr\\\/en\\\/produit\\\/a-day-in-the-loire-valley\\\/#primaryimage\"},\"thumbnailUrl\":\"https:\\\/\\\/interkultur.fr\\\/wp-content\\\/uploads\\\/2024\\\/02\\\/Chambord.jpg\",\"datePublished\":\"2024-02-13T16:46:22+00:00\",\"dateModified\":\"2024-02-25T23:57:44+00:00\",\"breadcrumb\":{\"@id\":\"https:\\\/\\\/interkultur.fr\\\/en\\\/produit\\\/a-day-in-the-loire-valley\\\/#breadcrumb\"},\"inLanguage\":\"en-US\",\"potentialAction\":[{\"@type\":\"ReadAction\",\"target\":[\"https:\\\/\\\/interkultur.fr\\\/en\\\/produit\\\/a-day-in-the-loire-valley\\\/\"]}]},{\"@type\":\"ImageObject\",\"inLanguage\":\"en-US\",\"@id\":\"https:\\\/\\\/interkultur.fr\\\/en\\\/produit\\\/a-day-in-the-loire-valley\\\/#primaryimage\",\"url\":\"https:\\\/\\\/interkultur.fr\\\/wp-content\\\/uploads\\\/2024\\\/02\\\/Chambord.jpg\",\"contentUrl\":\"https:\\\/\\\/interkultur.fr\\\/wp-content\\\/uploads\\\/2024\\\/02\\\/Chambord.jpg\",\"width\":680,\"height\":510},{\"@type\":\"BreadcrumbList\",\"@id\":\"https:\\\/\\\/interkultur.fr\\\/en\\\/produit\\\/a-day-in-the-loire-valley\\\/#breadcrumb\",\"itemListElement\":[{\"@type\":\"ListItem\",\"position\":1,\"name\":\"Accueil\",\"item\":\"https:\\\/\\\/interkultur.fr\\\/en\\\/\"},{\"@type\":\"ListItem\",\"position\":2,\"name\":\"Shop\",\"item\":\"https:\\\/\\\/interkultur.fr\\\/en\\\/shop\\\/\"},{\"@type\":\"ListItem\",\"position\":3,\"name\":\"A day in the Loire valley\"}]},{\"@type\":\"WebSite\",\"@id\":\"https:\\\/\\\/interkultur.fr\\\/en\\\/#website\",\"url\":\"https:\\\/\\\/interkultur.fr\\\/en\\\/\",\"name\":\"Interkultur\",\"description\":\"Visites et \u00e9v\u00e9nements culturels dans le Paris secret li\u00e9s \u00e0 l\u2019Histoire, l\u2019art, et la valorisation du patrimoine et des savoirs faire.\",\"potentialAction\":[{\"@type\":\"SearchAction\",\"target\":{\"@type\":\"EntryPoint\",\"urlTemplate\":\"https:\\\/\\\/interkultur.fr\\\/en\\\/?s={search_term_string}\"},\"query-input\":{\"@type\":\"PropertyValueSpecification\",\"valueRequired\":true,\"valueName\":\"search_term_string\"}}],\"inLanguage\":\"en-US\"}]}<\/script>\n<!-- \/ Yoast SEO plugin. -->","yoast_head_json":{"title":"A day in the Loire valley - Interkultur","robots":{"index":"index","follow":"follow","max-snippet":"max-snippet:-1","max-image-preview":"max-image-preview:large","max-video-preview":"max-video-preview:-1"},"canonical":"https:\/\/interkultur.fr\/en\/produit\/a-day-in-the-loire-valley\/","og_locale":"en_US","og_type":"article","og_title":"A day in the Loire valley - Interkultur","og_description":"This whole day in the Loire valley is aimed at combining 3 great features of the area: typical villages and small cities, wine tastings and top class chateaux. 2 beautiful chateaux and local wine sampling (red, white and ros\u00e9) in two different venues, including a troglodyte cellar are on today's program! Leaving some time for strolls in the local town and villages as well as personal shopping!","og_url":"https:\/\/interkultur.fr\/en\/produit\/a-day-in-the-loire-valley\/","og_site_name":"Interkultur","article_modified_time":"2024-02-25T23:57:44+00:00","og_image":[{"width":680,"height":510,"url":"https:\/\/interkultur.fr\/wp-content\/uploads\/2024\/02\/Chambord.jpg","type":"image\/jpeg"}],"twitter_card":"summary_large_image","schema":{"@context":"https:\/\/schema.org","@graph":[{"@type":"WebPage","@id":"https:\/\/interkultur.fr\/en\/produit\/a-day-in-the-loire-valley\/","url":"https:\/\/interkultur.fr\/en\/produit\/a-day-in-the-loire-valley\/","name":"A day in the Loire valley - Interkultur","isPartOf":{"@id":"https:\/\/interkultur.fr\/en\/#website"},"primaryImageOfPage":{"@id":"https:\/\/interkultur.fr\/en\/produit\/a-day-in-the-loire-valley\/#primaryimage"},"image":{"@id":"https:\/\/interkultur.fr\/en\/produit\/a-day-in-the-loire-valley\/#primaryimage"},"thumbnailUrl":"https:\/\/interkultur.fr\/wp-content\/uploads\/2024\/02\/Chambord.jpg","datePublished":"2024-02-13T16:46:22+00:00","dateModified":"2024-02-25T23:57:44+00:00","breadcrumb":{"@id":"https:\/\/interkultur.fr\/en\/produit\/a-day-in-the-loire-valley\/#breadcrumb"},"inLanguage":"en-US","potentialAction":[{"@type":"ReadAction","target":["https:\/\/interkultur.fr\/en\/produit\/a-day-in-the-loire-valley\/"]}]},{"@type":"ImageObject","inLanguage":"en-US","@id":"https:\/\/interkultur.fr\/en\/produit\/a-day-in-the-loire-valley\/#primaryimage","url":"https:\/\/interkultur.fr\/wp-content\/uploads\/2024\/02\/Chambord.jpg","contentUrl":"https:\/\/interkultur.fr\/wp-content\/uploads\/2024\/02\/Chambord.jpg","width":680,"height":510},{"@type":"BreadcrumbList","@id":"https:\/\/interkultur.fr\/en\/produit\/a-day-in-the-loire-valley\/#breadcrumb","itemListElement":[{"@type":"ListItem","position":1,"name":"Accueil","item":"https:\/\/interkultur.fr\/en\/"},{"@type":"ListItem","position":2,"name":"Shop","item":"https:\/\/interkultur.fr\/en\/shop\/"},{"@type":"ListItem","position":3,"name":"A day in the Loire valley"}]},{"@type":"WebSite","@id":"https:\/\/interkultur.fr\/en\/#website","url":"https:\/\/interkultur.fr\/en\/","name":"Interkultur","description":"Visites et \u00e9v\u00e9nements culturels dans le Paris secret li\u00e9s \u00e0 l\u2019Histoire, l\u2019art, et la valorisation du patrimoine et des savoirs faire.","potentialAction":[{"@type":"SearchAction","target":{"@type":"EntryPoint","urlTemplate":"https:\/\/interkultur.fr\/en\/?s={search_term_string}"},"query-input":{"@type":"PropertyValueSpecification","valueRequired":true,"valueName":"search_term_string"}}],"inLanguage":"en-US"}]}},"_links":{"self":[{"href":"https:\/\/interkultur.fr\/en\/wp-json\/wp\/v2\/product\/7010","targetHints":{"allow":["GET"]}}],"collection":[{"href":"https:\/\/interkultur.fr\/en\/wp-json\/wp\/v2\/product"}],"about":[{"href":"https:\/\/interkultur.fr\/en\/wp-json\/wp\/v2\/types\/product"}],"wp:featuredmedia":[{"embeddable":true,"href":"https:\/\/interkultur.fr\/en\/wp-json\/wp\/v2\/media\/7652"}],"wp:attachment":[{"href":"https:\/\/interkultur.fr\/en\/wp-json\/wp\/v2\/media?parent=7010"}],"wp:term":[{"taxonomy":"product_brand","embeddable":true,"href":"https:\/\/interkultur.fr\/en\/wp-json\/wp\/v2\/product_brand?post=7010"},{"taxonomy":"product_cat","embeddable":true,"href":"https:\/\/interkultur.fr\/en\/wp-json\/wp\/v2\/product_cat?post=7010"},{"taxonomy":"product_tag","embeddable":true,"href":"https:\/\/interkultur.fr\/en\/wp-json\/wp\/v2\/product_tag?post=7010"}],"curies":[{"name":"wp","href":"https:\/\/api.w.org\/{rel}","templated":true}]}}