{"id":7011,"date":"2024-02-15T11:43:06","date_gmt":"2024-02-15T10:43:06","guid":{"rendered":"https:\/\/interkultur.fr\/?post_type=product&#038;p=7011"},"modified":"2024-02-25T16:53:47","modified_gmt":"2024-02-25T15:53:47","slug":"fontainebleau-and-barbizon","status":"publish","type":"product","link":"https:\/\/interkultur.fr\/en\/produit\/fontainebleau-and-barbizon\/","title":{"rendered":"Fontainebleau and Barbizon"},"content":{"rendered":"<h3>Fontainebleau and Barbizon<\/h3>\n<p><strong>Practical information:<\/strong><br \/>\n\u2022 Meeting point:\u00a0to be confirmed<br \/>\n\u2022 Duration: 08h<br \/>\n\u2022 Private transport<br \/>\n\u2022 From 170\u20ac per person (min: 2 people \/ max: 7)<br \/>\n\u2022 More than 7: <a href=\"https:\/\/interkultur.fr\/en\/contact\/\">Contact us<\/a><br \/>\n\u2022 Transportation and all sites tickets included.<\/p>\n<p style=\"text-align: justify;\">During this day tour you will discover <strong>one of the most beautiful palaces<\/strong> in France, which as it happens, is also where many of the fundamental events in the history of the country took place. Its <strong>long and rich past<\/strong> dates back to the 11th century. Its design remained principally intact until <strong>Fran\u00e7ois I<\/strong> updated the palace and grounds in the <strong>Renaissance style<\/strong> in the 16th century, giving the palace the graceful appearance it still has today. However, all the successive kings of France made their own modifications and additions of course. <strong>Louis XIV<\/strong> was well known for the design and development of the park in an attempt to perfect the heritage of his ancestors, and Napoleon the First, as well, took an involved passion in the residence.<\/p>\n<p style=\"text-align: justify;\">Both glorious and dark sides of the First Empire took place here.<br \/>\nAfter arrival at the<strong> beautiful park<\/strong> and our visit to the castle, the minibus will take us for an enchanting lunch in the forest! In one of the most <strong>vast and legendary wooded and rocky areas<\/strong>, walkers and climbers from all over the world come here to admire its <strong>wonders<\/strong>. Our day will continue with a stop in the town of <strong>Barbizon<\/strong>, whose international fame\u00a0is due not only to the <strong>charm of the village<\/strong>, but also the great deal of <strong>pre-impressionist painters<\/strong> that lived and painted there in search of \u2018untouched nature.\u2019 These artists included celebrated masters such as Corot, Millet, Th\u00e9odore Rouseau, and the American Stevenson.<\/p>\n<p style=\"text-align: justify;\">Soon after other famous artist would make the pilgrimage to Barbizon, including Monet, Renoir, and Sisley.<br \/>\nWe will take a<strong> stroll through the village<\/strong> and visit a painter\u2019s studio during our stop in this idyllic town. Finally before returning to Paris, we will make once last stop in the <strong>forest of Fontainebleau<\/strong> near the village. It is an enchanting place well known by the local inhabitants, and here you will easily see why Fontainebleau and its forest is easily <strong>one of France\u2019s most extraordinary destinations<\/strong>.<\/p>\n<p>&nbsp;<\/p>\n","protected":false},"excerpt":{"rendered":"<p>Welcome to &#8220;<strong>the true home of the Kings<\/strong>,&#8221; said Napoleon of Fontainebleau Palace, a magical place to discover! You\u2019ll arrive near the <strong>Chateau\u2019s incredible gardens<\/strong>, and then proceed to visit the Palace, taking in all its treasured nooks and famous anecdotes. Our minibus will then take us to have lunch in the <strong>forest of Fontainebleau<\/strong>, whose enchanting rocks hold numerous legends. The day will continue with the <strong>visit to Barbizon<\/strong>, a village known for Impressionist painters who lived there. Finally, before returning to Paris, discover a truly extraordinary treasure: <strong>a sea of sand<\/strong> within the forest of Fontainebleau.<\/p>\n","protected":false},"featured_media":7498,"template":"","meta":{"_price":"","_stock":"","_tribe_ticket_header":"","_tribe_default_ticket_provider":"","_tribe_ticket_capacity":"0","_ticket_start_date":"","_ticket_end_date":"","_tribe_ticket_show_description":"","_tribe_ticket_show_not_going":false,"_tribe_ticket_use_global_stock":"","_tribe_ticket_global_stock_level":"","_global_stock_mode":"","_global_stock_cap":"","_tribe_rsvp_for_event":"","_tribe_ticket_going_count":"","_tribe_ticket_not_going_count":"","_tribe_tickets_list":"[]","_tribe_ticket_has_attendee_info_fields":false,"_tec_slr_enabled":"","_tec_slr_layout":""},"product_brand":[],"product_cat":[142],"product_tag":[],"class_list":{"0":"post-7011","1":"product","2":"type-product","3":"status-publish","4":"has-post-thumbnail","6":"product_cat-tours-france","8":"first","9":"instock","10":"featured","11":"virtual","12":"product-type-simple"},"yoast_head":"<!-- This site is optimized with the Yoast SEO plugin v27.4 - https:\/\/yoast.com\/product\/yoast-seo-wordpress\/ -->\n<title>Fontainebleau and Barbizon - Interkultur<\/title>\n<meta name=\"robots\" content=\"index, follow, max-snippet:-1, max-image-preview:large, max-video-preview:-1\" \/>\n<link rel=\"canonical\" href=\"https:\/\/interkultur.fr\/en\/produit\/fontainebleau-and-barbizon\/\" \/>\n<meta property=\"og:locale\" content=\"en_US\" \/>\n<meta property=\"og:type\" content=\"article\" \/>\n<meta property=\"og:title\" content=\"Fontainebleau and Barbizon - Interkultur\" \/>\n<meta property=\"og:description\" content=\"Welcome to &quot;the true home of the Kings,&quot; said Napoleon of Fontainebleau Palace, a magical place to discover! You\u2019ll arrive near the Chateau\u2019s incredible gardens, and then proceed to visit the Palace, taking in all its treasured nooks and famous anecdotes. Our minibus will then take us to have lunch in the forest of Fontainebleau, whose enchanting rocks hold numerous legends. The day will continue with the visit to Barbizon, a village known for Impressionist painters who lived there. Finally, before returning to Paris, discover a truly extraordinary treasure: a sea of sand within the forest of Fontainebleau.\" \/>\n<meta property=\"og:url\" content=\"https:\/\/interkultur.fr\/en\/produit\/fontainebleau-and-barbizon\/\" \/>\n<meta property=\"og:site_name\" content=\"Interkultur\" \/>\n<meta property=\"article:modified_time\" content=\"2024-02-25T15:53:47+00:00\" \/>\n<meta property=\"og:image\" content=\"https:\/\/interkultur.fr\/wp-content\/uploads\/2024\/02\/Vue_aerienne_Fontainebleau-1.jpg\" \/>\n\t<meta property=\"og:image:width\" content=\"2500\" \/>\n\t<meta property=\"og:image:height\" content=\"1667\" \/>\n\t<meta property=\"og:image:type\" content=\"image\/jpeg\" \/>\n<meta name=\"twitter:card\" content=\"summary_large_image\" \/>\n<script type=\"application\/ld+json\" class=\"yoast-schema-graph\">{\"@context\":\"https:\\\/\\\/schema.org\",\"@graph\":[{\"@type\":\"WebPage\",\"@id\":\"https:\\\/\\\/interkultur.fr\\\/en\\\/produit\\\/fontainebleau-and-barbizon\\\/\",\"url\":\"https:\\\/\\\/interkultur.fr\\\/en\\\/produit\\\/fontainebleau-and-barbizon\\\/\",\"name\":\"Fontainebleau and Barbizon - Interkultur\",\"isPartOf\":{\"@id\":\"https:\\\/\\\/interkultur.fr\\\/en\\\/#website\"},\"primaryImageOfPage\":{\"@id\":\"https:\\\/\\\/interkultur.fr\\\/en\\\/produit\\\/fontainebleau-and-barbizon\\\/#primaryimage\"},\"image\":{\"@id\":\"https:\\\/\\\/interkultur.fr\\\/en\\\/produit\\\/fontainebleau-and-barbizon\\\/#primaryimage\"},\"thumbnailUrl\":\"https:\\\/\\\/interkultur.fr\\\/wp-content\\\/uploads\\\/2024\\\/02\\\/Vue_aerienne_Fontainebleau-1.jpg\",\"datePublished\":\"2024-02-15T10:43:06+00:00\",\"dateModified\":\"2024-02-25T15:53:47+00:00\",\"breadcrumb\":{\"@id\":\"https:\\\/\\\/interkultur.fr\\\/en\\\/produit\\\/fontainebleau-and-barbizon\\\/#breadcrumb\"},\"inLanguage\":\"en-US\",\"potentialAction\":[{\"@type\":\"ReadAction\",\"target\":[\"https:\\\/\\\/interkultur.fr\\\/en\\\/produit\\\/fontainebleau-and-barbizon\\\/\"]}]},{\"@type\":\"ImageObject\",\"inLanguage\":\"en-US\",\"@id\":\"https:\\\/\\\/interkultur.fr\\\/en\\\/produit\\\/fontainebleau-and-barbizon\\\/#primaryimage\",\"url\":\"https:\\\/\\\/interkultur.fr\\\/wp-content\\\/uploads\\\/2024\\\/02\\\/Vue_aerienne_Fontainebleau-1.jpg\",\"contentUrl\":\"https:\\\/\\\/interkultur.fr\\\/wp-content\\\/uploads\\\/2024\\\/02\\\/Vue_aerienne_Fontainebleau-1.jpg\",\"width\":2500,\"height\":1667},{\"@type\":\"BreadcrumbList\",\"@id\":\"https:\\\/\\\/interkultur.fr\\\/en\\\/produit\\\/fontainebleau-and-barbizon\\\/#breadcrumb\",\"itemListElement\":[{\"@type\":\"ListItem\",\"position\":1,\"name\":\"Accueil\",\"item\":\"https:\\\/\\\/interkultur.fr\\\/en\\\/\"},{\"@type\":\"ListItem\",\"position\":2,\"name\":\"Shop\",\"item\":\"https:\\\/\\\/interkultur.fr\\\/en\\\/shop\\\/\"},{\"@type\":\"ListItem\",\"position\":3,\"name\":\"Fontainebleau and Barbizon\"}]},{\"@type\":\"WebSite\",\"@id\":\"https:\\\/\\\/interkultur.fr\\\/en\\\/#website\",\"url\":\"https:\\\/\\\/interkultur.fr\\\/en\\\/\",\"name\":\"Interkultur\",\"description\":\"Visites et \u00e9v\u00e9nements culturels dans le Paris secret li\u00e9s \u00e0 l\u2019Histoire, l\u2019art, et la valorisation du patrimoine et des savoirs faire.\",\"potentialAction\":[{\"@type\":\"SearchAction\",\"target\":{\"@type\":\"EntryPoint\",\"urlTemplate\":\"https:\\\/\\\/interkultur.fr\\\/en\\\/?s={search_term_string}\"},\"query-input\":{\"@type\":\"PropertyValueSpecification\",\"valueRequired\":true,\"valueName\":\"search_term_string\"}}],\"inLanguage\":\"en-US\"}]}<\/script>\n<!-- \/ Yoast SEO plugin. -->","yoast_head_json":{"title":"Fontainebleau and Barbizon - Interkultur","robots":{"index":"index","follow":"follow","max-snippet":"max-snippet:-1","max-image-preview":"max-image-preview:large","max-video-preview":"max-video-preview:-1"},"canonical":"https:\/\/interkultur.fr\/en\/produit\/fontainebleau-and-barbizon\/","og_locale":"en_US","og_type":"article","og_title":"Fontainebleau and Barbizon - Interkultur","og_description":"Welcome to \"the true home of the Kings,\" said Napoleon of Fontainebleau Palace, a magical place to discover! You\u2019ll arrive near the Chateau\u2019s incredible gardens, and then proceed to visit the Palace, taking in all its treasured nooks and famous anecdotes. Our minibus will then take us to have lunch in the forest of Fontainebleau, whose enchanting rocks hold numerous legends. The day will continue with the visit to Barbizon, a village known for Impressionist painters who lived there. Finally, before returning to Paris, discover a truly extraordinary treasure: a sea of sand within the forest of Fontainebleau.","og_url":"https:\/\/interkultur.fr\/en\/produit\/fontainebleau-and-barbizon\/","og_site_name":"Interkultur","article_modified_time":"2024-02-25T15:53:47+00:00","og_image":[{"width":2500,"height":1667,"url":"https:\/\/interkultur.fr\/wp-content\/uploads\/2024\/02\/Vue_aerienne_Fontainebleau-1.jpg","type":"image\/jpeg"}],"twitter_card":"summary_large_image","schema":{"@context":"https:\/\/schema.org","@graph":[{"@type":"WebPage","@id":"https:\/\/interkultur.fr\/en\/produit\/fontainebleau-and-barbizon\/","url":"https:\/\/interkultur.fr\/en\/produit\/fontainebleau-and-barbizon\/","name":"Fontainebleau and Barbizon - Interkultur","isPartOf":{"@id":"https:\/\/interkultur.fr\/en\/#website"},"primaryImageOfPage":{"@id":"https:\/\/interkultur.fr\/en\/produit\/fontainebleau-and-barbizon\/#primaryimage"},"image":{"@id":"https:\/\/interkultur.fr\/en\/produit\/fontainebleau-and-barbizon\/#primaryimage"},"thumbnailUrl":"https:\/\/interkultur.fr\/wp-content\/uploads\/2024\/02\/Vue_aerienne_Fontainebleau-1.jpg","datePublished":"2024-02-15T10:43:06+00:00","dateModified":"2024-02-25T15:53:47+00:00","breadcrumb":{"@id":"https:\/\/interkultur.fr\/en\/produit\/fontainebleau-and-barbizon\/#breadcrumb"},"inLanguage":"en-US","potentialAction":[{"@type":"ReadAction","target":["https:\/\/interkultur.fr\/en\/produit\/fontainebleau-and-barbizon\/"]}]},{"@type":"ImageObject","inLanguage":"en-US","@id":"https:\/\/interkultur.fr\/en\/produit\/fontainebleau-and-barbizon\/#primaryimage","url":"https:\/\/interkultur.fr\/wp-content\/uploads\/2024\/02\/Vue_aerienne_Fontainebleau-1.jpg","contentUrl":"https:\/\/interkultur.fr\/wp-content\/uploads\/2024\/02\/Vue_aerienne_Fontainebleau-1.jpg","width":2500,"height":1667},{"@type":"BreadcrumbList","@id":"https:\/\/interkultur.fr\/en\/produit\/fontainebleau-and-barbizon\/#breadcrumb","itemListElement":[{"@type":"ListItem","position":1,"name":"Accueil","item":"https:\/\/interkultur.fr\/en\/"},{"@type":"ListItem","position":2,"name":"Shop","item":"https:\/\/interkultur.fr\/en\/shop\/"},{"@type":"ListItem","position":3,"name":"Fontainebleau and Barbizon"}]},{"@type":"WebSite","@id":"https:\/\/interkultur.fr\/en\/#website","url":"https:\/\/interkultur.fr\/en\/","name":"Interkultur","description":"Visites et \u00e9v\u00e9nements culturels dans le Paris secret li\u00e9s \u00e0 l\u2019Histoire, l\u2019art, et la valorisation du patrimoine et des savoirs faire.","potentialAction":[{"@type":"SearchAction","target":{"@type":"EntryPoint","urlTemplate":"https:\/\/interkultur.fr\/en\/?s={search_term_string}"},"query-input":{"@type":"PropertyValueSpecification","valueRequired":true,"valueName":"search_term_string"}}],"inLanguage":"en-US"}]}},"_links":{"self":[{"href":"https:\/\/interkultur.fr\/en\/wp-json\/wp\/v2\/product\/7011","targetHints":{"allow":["GET"]}}],"collection":[{"href":"https:\/\/interkultur.fr\/en\/wp-json\/wp\/v2\/product"}],"about":[{"href":"https:\/\/interkultur.fr\/en\/wp-json\/wp\/v2\/types\/product"}],"wp:featuredmedia":[{"embeddable":true,"href":"https:\/\/interkultur.fr\/en\/wp-json\/wp\/v2\/media\/7498"}],"wp:attachment":[{"href":"https:\/\/interkultur.fr\/en\/wp-json\/wp\/v2\/media?parent=7011"}],"wp:term":[{"taxonomy":"product_brand","embeddable":true,"href":"https:\/\/interkultur.fr\/en\/wp-json\/wp\/v2\/product_brand?post=7011"},{"taxonomy":"product_cat","embeddable":true,"href":"https:\/\/interkultur.fr\/en\/wp-json\/wp\/v2\/product_cat?post=7011"},{"taxonomy":"product_tag","embeddable":true,"href":"https:\/\/interkultur.fr\/en\/wp-json\/wp\/v2\/product_tag?post=7011"}],"curies":[{"name":"wp","href":"https:\/\/api.w.org\/{rel}","templated":true}]}}