{"id":7695,"date":"2024-02-27T23:02:26","date_gmt":"2024-02-27T22:02:26","guid":{"rendered":"https:\/\/interkultur.fr\/?post_type=product&#038;p=7695"},"modified":"2024-02-27T23:58:08","modified_gmt":"2024-02-27T22:58:08","slug":"delightful-nogent-sur-marne","status":"publish","type":"product","link":"https:\/\/interkultur.fr\/en\/produit\/delightful-nogent-sur-marne\/","title":{"rendered":"Delightful Nogent sur Marne"},"content":{"rendered":"<h3>Nogent sur Marne<\/h3>\n<p><strong>Practical Information<\/strong><br \/>\n\u2022 Meeting Point: TBD<br \/>\n\u2022 Duration: around 3\u00a0 hours<br \/>\n\u2022 Walking tour<br \/>\n\u2022 <strong>Private group tour<\/strong> at any date (270\u20ac\/group)<\/p>\n<p style=\"text-align: justify;\"><img decoding=\"async\" class=\"alignleft wp-image-7710 size-thumbnail\" src=\"https:\/\/interkultur.fr\/wp-content\/uploads\/2024\/02\/Port-1-150x150.jpg\" alt=\"\" width=\"150\" height=\"150\" srcset=\"https:\/\/interkultur.fr\/wp-content\/uploads\/2024\/02\/Port-1-66x66.jpg 66w, https:\/\/interkultur.fr\/wp-content\/uploads\/2024\/02\/Port-1-150x150.jpg 150w, https:\/\/interkultur.fr\/wp-content\/uploads\/2024\/02\/Port-1-200x200.jpg 200w, https:\/\/interkultur.fr\/wp-content\/uploads\/2024\/02\/Port-1-500x500.jpg 500w\" sizes=\"(max-width: 150px) 100vw, 150px\" \/><\/p>\n<p>In the heart of eastern Paris, the tour invites you to discover Nogent sur Marne. This tour will take you on a journey through this multi-faceted town.<br \/>\nThe history of Nogent sur Marne will first be explored.<br \/>\nThe town is famous for the charm of its guinguettes, which delighted Parisians over half a century ago. From the end of the 19th century onwards, many Parisians came to recharge their batteries in what was then still a rural area on the outskirts of Paris.<br \/>\nThis period will be recalled on the banks of the Marne, with its soothing atmosphere, between bustling port and opulent homes. Along the way, a number of unusual sites will be revealed, including the Russian pavilion, which took its place at the Paris World&#8217;s Fair in 1878. What it was used for, and why it is still in Nogent sur Marne, are mysteries that will be answered during the tour!<\/p>\n<p style=\"text-align: justify;\"><img decoding=\"async\" class=\"alignleft wp-image-7718 size-thumbnail\" src=\"https:\/\/interkultur.fr\/wp-content\/uploads\/2024\/02\/rue-150x150.jpg\" alt=\"\" width=\"150\" height=\"150\" srcset=\"https:\/\/interkultur.fr\/wp-content\/uploads\/2024\/02\/rue-66x66.jpg 66w, https:\/\/interkultur.fr\/wp-content\/uploads\/2024\/02\/rue-150x150.jpg 150w, https:\/\/interkultur.fr\/wp-content\/uploads\/2024\/02\/rue-200x200.jpg 200w, https:\/\/interkultur.fr\/wp-content\/uploads\/2024\/02\/rue-500x500.jpg 500w\" sizes=\"(max-width: 150px) 100vw, 150px\" \/><\/p>\n<p>The route then heads for the heights of Nogent, where the town center is located. A number of unexpectedly charming suburban houses and a lovely park lie along the way.<br \/>\nThe main street in the center is interesting on several levels. First and foremost, its ancient heritage is impressive. What&#8217;s more, teeming with shops and restaurants of all kinds, the town center is one of the busiest in eastern Paris. Through its squares and monuments, the tour will explore the history of this town, which at the beginning of the 20th century was home to one of the largest Italian communities in the Paris region.<br \/>\nFinally, the walk ends in front of the Royal Palace cinema, a landmark of Nogent sur Marne built in the early 1920s and a Mecca of the Parisian music hall of that era.<\/p>\n","protected":false},"excerpt":{"rendered":"<p>The route then heads for the heights of Nogent, where the town center is located. A number of unexpectedly charming suburban houses and a lovely park lie along the way.<br \/>\nThe main street in the center is interesting on several levels. First and foremost, its ancient heritage is impressive. What&#8217;s more, teeming with shops and restaurants of all kinds, the town center is one of the busiest in eastern Paris. Through its squares and monuments, the tour will explore the history of this town, which at the beginning of the 20th century was home to one of the largest Italian communities in the Paris region. Finally, the walk ends in front of the Royal Palace cinema, a landmark of Nogent sur Marne built in the early 1920s and a Mecca of the Parisian music hall of that era.<\/p>\n","protected":false},"featured_media":7732,"template":"","meta":{"_price":"","_stock":"","_tribe_ticket_header":"","_tribe_default_ticket_provider":"","_tribe_ticket_capacity":"0","_ticket_start_date":"","_ticket_end_date":"","_tribe_ticket_show_description":"","_tribe_ticket_show_not_going":false,"_tribe_ticket_use_global_stock":"","_tribe_ticket_global_stock_level":"","_global_stock_mode":"","_global_stock_cap":"","_tribe_rsvp_for_event":"","_tribe_ticket_going_count":"","_tribe_ticket_not_going_count":"","_tribe_tickets_list":"[]","_tribe_ticket_has_attendee_info_fields":false,"_tec_slr_enabled":"","_tec_slr_layout":""},"product_brand":[],"product_cat":[143],"product_tag":[],"class_list":{"0":"post-7695","1":"product","2":"type-product","3":"status-publish","4":"has-post-thumbnail","6":"product_cat-visit-paris","8":"first","9":"instock","10":"featured","11":"virtual","12":"product-type-simple"},"yoast_head":"<!-- This site is optimized with the Yoast SEO plugin v27.5 - https:\/\/yoast.com\/product\/yoast-seo-wordpress\/ -->\n<title>Delightful Nogent sur Marne - Interkultur<\/title>\n<meta name=\"robots\" content=\"index, follow, max-snippet:-1, max-image-preview:large, max-video-preview:-1\" \/>\n<link rel=\"canonical\" href=\"https:\/\/interkultur.fr\/en\/produit\/delightful-nogent-sur-marne\/\" \/>\n<meta property=\"og:locale\" content=\"en_US\" \/>\n<meta property=\"og:type\" content=\"article\" \/>\n<meta property=\"og:title\" content=\"Delightful Nogent sur Marne - Interkultur\" \/>\n<meta property=\"og:description\" content=\"The route then heads for the heights of Nogent, where the town center is located. A number of unexpectedly charming suburban houses and a lovely park lie along the way. The main street in the center is interesting on several levels. First and foremost, its ancient heritage is impressive. What&#039;s more, teeming with shops and restaurants of all kinds, the town center is one of the busiest in eastern Paris. Through its squares and monuments, the tour will explore the history of this town, which at the beginning of the 20th century was home to one of the largest Italian communities in the Paris region. Finally, the walk ends in front of the Royal Palace cinema, a landmark of Nogent sur Marne built in the early 1920s and a Mecca of the Parisian music hall of that era.\" \/>\n<meta property=\"og:url\" content=\"https:\/\/interkultur.fr\/en\/produit\/delightful-nogent-sur-marne\/\" \/>\n<meta property=\"og:site_name\" content=\"Interkultur\" \/>\n<meta property=\"article:modified_time\" content=\"2024-02-27T22:58:08+00:00\" \/>\n<meta property=\"og:image\" content=\"https:\/\/interkultur.fr\/wp-content\/uploads\/2024\/02\/Art-nouveau-5-rue-Lemancel_nogent-scaled.jpg\" \/>\n\t<meta property=\"og:image:width\" content=\"1707\" \/>\n\t<meta property=\"og:image:height\" content=\"2560\" \/>\n\t<meta property=\"og:image:type\" content=\"image\/jpeg\" \/>\n<meta name=\"twitter:card\" content=\"summary_large_image\" \/>\n<script type=\"application\/ld+json\" class=\"yoast-schema-graph\">{\"@context\":\"https:\\\/\\\/schema.org\",\"@graph\":[{\"@type\":\"WebPage\",\"@id\":\"https:\\\/\\\/interkultur.fr\\\/en\\\/produit\\\/delightful-nogent-sur-marne\\\/\",\"url\":\"https:\\\/\\\/interkultur.fr\\\/en\\\/produit\\\/delightful-nogent-sur-marne\\\/\",\"name\":\"Delightful Nogent sur Marne - Interkultur\",\"isPartOf\":{\"@id\":\"https:\\\/\\\/interkultur.fr\\\/en\\\/#website\"},\"primaryImageOfPage\":{\"@id\":\"https:\\\/\\\/interkultur.fr\\\/en\\\/produit\\\/delightful-nogent-sur-marne\\\/#primaryimage\"},\"image\":{\"@id\":\"https:\\\/\\\/interkultur.fr\\\/en\\\/produit\\\/delightful-nogent-sur-marne\\\/#primaryimage\"},\"thumbnailUrl\":\"https:\\\/\\\/interkultur.fr\\\/wp-content\\\/uploads\\\/2024\\\/02\\\/Art-nouveau-5-rue-Lemancel_nogent-scaled.jpg\",\"datePublished\":\"2024-02-27T22:02:26+00:00\",\"dateModified\":\"2024-02-27T22:58:08+00:00\",\"breadcrumb\":{\"@id\":\"https:\\\/\\\/interkultur.fr\\\/en\\\/produit\\\/delightful-nogent-sur-marne\\\/#breadcrumb\"},\"inLanguage\":\"en-US\",\"potentialAction\":[{\"@type\":\"ReadAction\",\"target\":[\"https:\\\/\\\/interkultur.fr\\\/en\\\/produit\\\/delightful-nogent-sur-marne\\\/\"]}]},{\"@type\":\"ImageObject\",\"inLanguage\":\"en-US\",\"@id\":\"https:\\\/\\\/interkultur.fr\\\/en\\\/produit\\\/delightful-nogent-sur-marne\\\/#primaryimage\",\"url\":\"https:\\\/\\\/interkultur.fr\\\/wp-content\\\/uploads\\\/2024\\\/02\\\/Art-nouveau-5-rue-Lemancel_nogent-scaled.jpg\",\"contentUrl\":\"https:\\\/\\\/interkultur.fr\\\/wp-content\\\/uploads\\\/2024\\\/02\\\/Art-nouveau-5-rue-Lemancel_nogent-scaled.jpg\",\"width\":1707,\"height\":2560},{\"@type\":\"BreadcrumbList\",\"@id\":\"https:\\\/\\\/interkultur.fr\\\/en\\\/produit\\\/delightful-nogent-sur-marne\\\/#breadcrumb\",\"itemListElement\":[{\"@type\":\"ListItem\",\"position\":1,\"name\":\"Accueil\",\"item\":\"https:\\\/\\\/interkultur.fr\\\/en\\\/\"},{\"@type\":\"ListItem\",\"position\":2,\"name\":\"Shop\",\"item\":\"https:\\\/\\\/interkultur.fr\\\/en\\\/shop\\\/\"},{\"@type\":\"ListItem\",\"position\":3,\"name\":\"Delightful Nogent sur Marne\"}]},{\"@type\":\"WebSite\",\"@id\":\"https:\\\/\\\/interkultur.fr\\\/en\\\/#website\",\"url\":\"https:\\\/\\\/interkultur.fr\\\/en\\\/\",\"name\":\"Interkultur\",\"description\":\"Visites et \u00e9v\u00e9nements culturels dans le Paris secret li\u00e9s \u00e0 l\u2019Histoire, l\u2019art, et la valorisation du patrimoine et des savoirs faire.\",\"potentialAction\":[{\"@type\":\"SearchAction\",\"target\":{\"@type\":\"EntryPoint\",\"urlTemplate\":\"https:\\\/\\\/interkultur.fr\\\/en\\\/?s={search_term_string}\"},\"query-input\":{\"@type\":\"PropertyValueSpecification\",\"valueRequired\":true,\"valueName\":\"search_term_string\"}}],\"inLanguage\":\"en-US\"}]}<\/script>\n<!-- \/ Yoast SEO plugin. -->","yoast_head_json":{"title":"Delightful Nogent sur Marne - Interkultur","robots":{"index":"index","follow":"follow","max-snippet":"max-snippet:-1","max-image-preview":"max-image-preview:large","max-video-preview":"max-video-preview:-1"},"canonical":"https:\/\/interkultur.fr\/en\/produit\/delightful-nogent-sur-marne\/","og_locale":"en_US","og_type":"article","og_title":"Delightful Nogent sur Marne - Interkultur","og_description":"The route then heads for the heights of Nogent, where the town center is located. A number of unexpectedly charming suburban houses and a lovely park lie along the way. The main street in the center is interesting on several levels. First and foremost, its ancient heritage is impressive. What's more, teeming with shops and restaurants of all kinds, the town center is one of the busiest in eastern Paris. Through its squares and monuments, the tour will explore the history of this town, which at the beginning of the 20th century was home to one of the largest Italian communities in the Paris region. Finally, the walk ends in front of the Royal Palace cinema, a landmark of Nogent sur Marne built in the early 1920s and a Mecca of the Parisian music hall of that era.","og_url":"https:\/\/interkultur.fr\/en\/produit\/delightful-nogent-sur-marne\/","og_site_name":"Interkultur","article_modified_time":"2024-02-27T22:58:08+00:00","og_image":[{"width":1707,"height":2560,"url":"https:\/\/interkultur.fr\/wp-content\/uploads\/2024\/02\/Art-nouveau-5-rue-Lemancel_nogent-scaled.jpg","type":"image\/jpeg"}],"twitter_card":"summary_large_image","schema":{"@context":"https:\/\/schema.org","@graph":[{"@type":"WebPage","@id":"https:\/\/interkultur.fr\/en\/produit\/delightful-nogent-sur-marne\/","url":"https:\/\/interkultur.fr\/en\/produit\/delightful-nogent-sur-marne\/","name":"Delightful Nogent sur Marne - Interkultur","isPartOf":{"@id":"https:\/\/interkultur.fr\/en\/#website"},"primaryImageOfPage":{"@id":"https:\/\/interkultur.fr\/en\/produit\/delightful-nogent-sur-marne\/#primaryimage"},"image":{"@id":"https:\/\/interkultur.fr\/en\/produit\/delightful-nogent-sur-marne\/#primaryimage"},"thumbnailUrl":"https:\/\/interkultur.fr\/wp-content\/uploads\/2024\/02\/Art-nouveau-5-rue-Lemancel_nogent-scaled.jpg","datePublished":"2024-02-27T22:02:26+00:00","dateModified":"2024-02-27T22:58:08+00:00","breadcrumb":{"@id":"https:\/\/interkultur.fr\/en\/produit\/delightful-nogent-sur-marne\/#breadcrumb"},"inLanguage":"en-US","potentialAction":[{"@type":"ReadAction","target":["https:\/\/interkultur.fr\/en\/produit\/delightful-nogent-sur-marne\/"]}]},{"@type":"ImageObject","inLanguage":"en-US","@id":"https:\/\/interkultur.fr\/en\/produit\/delightful-nogent-sur-marne\/#primaryimage","url":"https:\/\/interkultur.fr\/wp-content\/uploads\/2024\/02\/Art-nouveau-5-rue-Lemancel_nogent-scaled.jpg","contentUrl":"https:\/\/interkultur.fr\/wp-content\/uploads\/2024\/02\/Art-nouveau-5-rue-Lemancel_nogent-scaled.jpg","width":1707,"height":2560},{"@type":"BreadcrumbList","@id":"https:\/\/interkultur.fr\/en\/produit\/delightful-nogent-sur-marne\/#breadcrumb","itemListElement":[{"@type":"ListItem","position":1,"name":"Accueil","item":"https:\/\/interkultur.fr\/en\/"},{"@type":"ListItem","position":2,"name":"Shop","item":"https:\/\/interkultur.fr\/en\/shop\/"},{"@type":"ListItem","position":3,"name":"Delightful Nogent sur Marne"}]},{"@type":"WebSite","@id":"https:\/\/interkultur.fr\/en\/#website","url":"https:\/\/interkultur.fr\/en\/","name":"Interkultur","description":"Visites et \u00e9v\u00e9nements culturels dans le Paris secret li\u00e9s \u00e0 l\u2019Histoire, l\u2019art, et la valorisation du patrimoine et des savoirs faire.","potentialAction":[{"@type":"SearchAction","target":{"@type":"EntryPoint","urlTemplate":"https:\/\/interkultur.fr\/en\/?s={search_term_string}"},"query-input":{"@type":"PropertyValueSpecification","valueRequired":true,"valueName":"search_term_string"}}],"inLanguage":"en-US"}]}},"_links":{"self":[{"href":"https:\/\/interkultur.fr\/en\/wp-json\/wp\/v2\/product\/7695","targetHints":{"allow":["GET"]}}],"collection":[{"href":"https:\/\/interkultur.fr\/en\/wp-json\/wp\/v2\/product"}],"about":[{"href":"https:\/\/interkultur.fr\/en\/wp-json\/wp\/v2\/types\/product"}],"wp:featuredmedia":[{"embeddable":true,"href":"https:\/\/interkultur.fr\/en\/wp-json\/wp\/v2\/media\/7732"}],"wp:attachment":[{"href":"https:\/\/interkultur.fr\/en\/wp-json\/wp\/v2\/media?parent=7695"}],"wp:term":[{"taxonomy":"product_brand","embeddable":true,"href":"https:\/\/interkultur.fr\/en\/wp-json\/wp\/v2\/product_brand?post=7695"},{"taxonomy":"product_cat","embeddable":true,"href":"https:\/\/interkultur.fr\/en\/wp-json\/wp\/v2\/product_cat?post=7695"},{"taxonomy":"product_tag","embeddable":true,"href":"https:\/\/interkultur.fr\/en\/wp-json\/wp\/v2\/product_tag?post=7695"}],"curies":[{"name":"wp","href":"https:\/\/api.w.org\/{rel}","templated":true}]}}