{"id":7764,"date":"2024-02-29T22:58:52","date_gmt":"2024-02-29T21:58:52","guid":{"rendered":"https:\/\/interkultur.fr\/?post_type=product&#038;p=7764"},"modified":"2024-02-29T23:55:01","modified_gmt":"2024-02-29T22:55:01","slug":"maintenon","status":"publish","type":"product","link":"https:\/\/interkultur.fr\/en\/produit\/maintenon\/","title":{"rendered":"Maintenon"},"content":{"rendered":"<p><strong>Maintenon, Louis the 14th&#8217;s second wife&#8217;s home town and chateau<\/strong><\/p>\n<p><strong>Practical information:<\/strong><br \/>\n\u2022 Collection point:\u00a0to be confirmed<br \/>\n\u2022 Duration: 5h<br \/>\n\u2022 Private transport or train \/ walking<br \/>\n\u2022 <b>Available for couples or groups up to 20 people<\/b><br \/>\n\u2022 Transportation and all sites tickets included.<br \/>\n\u2022 For dates and fares: <a href=\"https:\/\/interkultur.fr\/en\/contact\/\">Contact us<\/a><\/p>\n<p style=\"text-align: justify;\"><strong>Maintenon<\/strong> is a small town located 50 mn train from Paris Montparnasse train station<\/p>\n<p style=\"text-align: justify;\"><img decoding=\"async\" class=\"alignleft size-thumbnail wp-image-7781\" src=\"https:\/\/interkultur.fr\/wp-content\/uploads\/2024\/02\/Chateau-entrance-150x150.jpg\" alt=\"\" width=\"150\" height=\"150\" srcset=\"https:\/\/interkultur.fr\/wp-content\/uploads\/2024\/02\/Chateau-entrance-66x66.jpg 66w, https:\/\/interkultur.fr\/wp-content\/uploads\/2024\/02\/Chateau-entrance-150x150.jpg 150w, https:\/\/interkultur.fr\/wp-content\/uploads\/2024\/02\/Chateau-entrance-200x200.jpg 200w, https:\/\/interkultur.fr\/wp-content\/uploads\/2024\/02\/Chateau-entrance-500x500.jpg 500w\" sizes=\"(max-width: 150px) 100vw, 150px\" \/>After a 10 minutes walk, The center city unveils, starting with a seventeen century church, keeping several gifts and paintings from Madame de Maintenon, the most famous and loyal parishioner in town.<\/p>\n<p style=\"text-align: justify;\">At the end of the main street, lunch will be proposed in a center city local brasserie overlooking the chateau.<\/p>\n<p style=\"text-align: justify;\"><strong>Madame de Maintenon<\/strong> bought the chateau in 1674. With her royal husband, she will expand and decorate it throughout her life. The <strong>Noailles family<\/strong> will then take over the chateau and strongly mark the place.<\/p>\n<p style=\"text-align: justify;\"><strong><img decoding=\"async\" class=\"alignleft size-thumbnail wp-image-7785\" src=\"https:\/\/interkultur.fr\/wp-content\/uploads\/2024\/02\/garden-and-aqueduct-150x150.jpg\" alt=\"\" width=\"150\" height=\"150\" srcset=\"https:\/\/interkultur.fr\/wp-content\/uploads\/2024\/02\/garden-and-aqueduct-66x66.jpg 66w, https:\/\/interkultur.fr\/wp-content\/uploads\/2024\/02\/garden-and-aqueduct-150x150.jpg 150w, https:\/\/interkultur.fr\/wp-content\/uploads\/2024\/02\/garden-and-aqueduct-200x200.jpg 200w, https:\/\/interkultur.fr\/wp-content\/uploads\/2024\/02\/garden-and-aqueduct-500x500.jpg 500w\" sizes=\"(max-width: 150px) 100vw, 150px\" \/>The beautiful gardens<\/strong> have now been reconstituted in the way Le Notre had them built. They offer a privileged look over the fantastic <strong>aqueduct<\/strong> ruins, built in the 17th century in order to get water from the river Eure across to Versailles<\/p>\n<p>The ticket includes the train ticket to Maintenon and return, the entrance ticket and guiding into the chateau and gardens.<\/p>\n","protected":false},"excerpt":{"rendered":"<p>The tour will walk the streets of <strong>Maintenon<\/strong> city to discover, first the <strong>local church<\/strong>, before heading for the chateau. It is mostly dedicated to the memory of <strong>Madame de Maintenon<\/strong>, Louis the 14th second wife, with furniture, portraits and unique artefacts from that period.<br \/>\nOther parts of the chateau were built and decored in the 18th and 19th century, including a <strong>splendid gallery<\/strong>, offering more beautiful doscoveries.<br \/>\nThe <strong>superb garden<\/strong> at the back surrounded with water, allows a privileged view over the <strong>impressive aqueduct<\/strong> at the back.<\/p>\n<p>&nbsp;<\/p>\n","protected":false},"featured_media":7783,"template":"","meta":{"_price":"","_stock":"","_tribe_ticket_header":"","_tribe_default_ticket_provider":"","_tribe_ticket_capacity":"0","_ticket_start_date":"","_ticket_end_date":"","_tribe_ticket_show_description":"","_tribe_ticket_show_not_going":false,"_tribe_ticket_use_global_stock":"","_tribe_ticket_global_stock_level":"","_global_stock_mode":"","_global_stock_cap":"","_tribe_rsvp_for_event":"","_tribe_ticket_going_count":"","_tribe_ticket_not_going_count":"","_tribe_tickets_list":"[]","_tribe_ticket_has_attendee_info_fields":false,"_tec_slr_enabled":"","_tec_slr_layout":""},"product_brand":[],"product_cat":[142],"product_tag":[],"class_list":{"0":"post-7764","1":"product","2":"type-product","3":"status-publish","4":"has-post-thumbnail","6":"product_cat-tours-france","8":"first","9":"instock","10":"featured","11":"virtual","12":"product-type-simple"},"yoast_head":"<!-- This site is optimized with the Yoast SEO plugin v27.4 - https:\/\/yoast.com\/product\/yoast-seo-wordpress\/ -->\n<title>Maintenon - Interkultur<\/title>\n<meta name=\"robots\" content=\"index, follow, max-snippet:-1, max-image-preview:large, max-video-preview:-1\" \/>\n<link rel=\"canonical\" href=\"https:\/\/interkultur.fr\/en\/produit\/maintenon\/\" \/>\n<meta property=\"og:locale\" content=\"en_US\" \/>\n<meta property=\"og:type\" content=\"article\" \/>\n<meta property=\"og:title\" content=\"Maintenon - Interkultur\" \/>\n<meta property=\"og:description\" content=\"The tour will walk the streets of Maintenon city to discover, first the local church, before heading for the chateau. It is mostly dedicated to the memory of Madame de Maintenon, Louis the 14th second wife, with furniture, portraits and unique artefacts from that period. Other parts of the chateau were built and decored in the 18th and 19th century, including a splendid gallery, offering more beautiful doscoveries. The superb garden at the back surrounded with water, allows a privileged view over the impressive aqueduct at the back.  &nbsp;\" \/>\n<meta property=\"og:url\" content=\"https:\/\/interkultur.fr\/en\/produit\/maintenon\/\" \/>\n<meta property=\"og:site_name\" content=\"Interkultur\" \/>\n<meta property=\"article:modified_time\" content=\"2024-02-29T22:55:01+00:00\" \/>\n<meta property=\"og:image\" content=\"https:\/\/interkultur.fr\/wp-content\/uploads\/2024\/02\/Chateau-de-Maintenon-jardins-scaled.jpg\" \/>\n\t<meta property=\"og:image:width\" content=\"2560\" \/>\n\t<meta property=\"og:image:height\" content=\"1920\" \/>\n\t<meta property=\"og:image:type\" content=\"image\/jpeg\" \/>\n<meta name=\"twitter:card\" content=\"summary_large_image\" \/>\n<script type=\"application\/ld+json\" class=\"yoast-schema-graph\">{\"@context\":\"https:\\\/\\\/schema.org\",\"@graph\":[{\"@type\":\"WebPage\",\"@id\":\"https:\\\/\\\/interkultur.fr\\\/en\\\/produit\\\/maintenon\\\/\",\"url\":\"https:\\\/\\\/interkultur.fr\\\/en\\\/produit\\\/maintenon\\\/\",\"name\":\"Maintenon - Interkultur\",\"isPartOf\":{\"@id\":\"https:\\\/\\\/interkultur.fr\\\/en\\\/#website\"},\"primaryImageOfPage\":{\"@id\":\"https:\\\/\\\/interkultur.fr\\\/en\\\/produit\\\/maintenon\\\/#primaryimage\"},\"image\":{\"@id\":\"https:\\\/\\\/interkultur.fr\\\/en\\\/produit\\\/maintenon\\\/#primaryimage\"},\"thumbnailUrl\":\"https:\\\/\\\/interkultur.fr\\\/wp-content\\\/uploads\\\/2024\\\/02\\\/Chateau-de-Maintenon-jardins-scaled.jpg\",\"datePublished\":\"2024-02-29T21:58:52+00:00\",\"dateModified\":\"2024-02-29T22:55:01+00:00\",\"breadcrumb\":{\"@id\":\"https:\\\/\\\/interkultur.fr\\\/en\\\/produit\\\/maintenon\\\/#breadcrumb\"},\"inLanguage\":\"en-US\",\"potentialAction\":[{\"@type\":\"ReadAction\",\"target\":[\"https:\\\/\\\/interkultur.fr\\\/en\\\/produit\\\/maintenon\\\/\"]}]},{\"@type\":\"ImageObject\",\"inLanguage\":\"en-US\",\"@id\":\"https:\\\/\\\/interkultur.fr\\\/en\\\/produit\\\/maintenon\\\/#primaryimage\",\"url\":\"https:\\\/\\\/interkultur.fr\\\/wp-content\\\/uploads\\\/2024\\\/02\\\/Chateau-de-Maintenon-jardins-scaled.jpg\",\"contentUrl\":\"https:\\\/\\\/interkultur.fr\\\/wp-content\\\/uploads\\\/2024\\\/02\\\/Chateau-de-Maintenon-jardins-scaled.jpg\",\"width\":2560,\"height\":1920},{\"@type\":\"BreadcrumbList\",\"@id\":\"https:\\\/\\\/interkultur.fr\\\/en\\\/produit\\\/maintenon\\\/#breadcrumb\",\"itemListElement\":[{\"@type\":\"ListItem\",\"position\":1,\"name\":\"Accueil\",\"item\":\"https:\\\/\\\/interkultur.fr\\\/en\\\/\"},{\"@type\":\"ListItem\",\"position\":2,\"name\":\"Shop\",\"item\":\"https:\\\/\\\/interkultur.fr\\\/en\\\/shop\\\/\"},{\"@type\":\"ListItem\",\"position\":3,\"name\":\"Maintenon\"}]},{\"@type\":\"WebSite\",\"@id\":\"https:\\\/\\\/interkultur.fr\\\/en\\\/#website\",\"url\":\"https:\\\/\\\/interkultur.fr\\\/en\\\/\",\"name\":\"Interkultur\",\"description\":\"Visites et \u00e9v\u00e9nements culturels dans le Paris secret li\u00e9s \u00e0 l\u2019Histoire, l\u2019art, et la valorisation du patrimoine et des savoirs faire.\",\"potentialAction\":[{\"@type\":\"SearchAction\",\"target\":{\"@type\":\"EntryPoint\",\"urlTemplate\":\"https:\\\/\\\/interkultur.fr\\\/en\\\/?s={search_term_string}\"},\"query-input\":{\"@type\":\"PropertyValueSpecification\",\"valueRequired\":true,\"valueName\":\"search_term_string\"}}],\"inLanguage\":\"en-US\"}]}<\/script>\n<!-- \/ Yoast SEO plugin. -->","yoast_head_json":{"title":"Maintenon - Interkultur","robots":{"index":"index","follow":"follow","max-snippet":"max-snippet:-1","max-image-preview":"max-image-preview:large","max-video-preview":"max-video-preview:-1"},"canonical":"https:\/\/interkultur.fr\/en\/produit\/maintenon\/","og_locale":"en_US","og_type":"article","og_title":"Maintenon - Interkultur","og_description":"The tour will walk the streets of Maintenon city to discover, first the local church, before heading for the chateau. It is mostly dedicated to the memory of Madame de Maintenon, Louis the 14th second wife, with furniture, portraits and unique artefacts from that period. Other parts of the chateau were built and decored in the 18th and 19th century, including a splendid gallery, offering more beautiful doscoveries. The superb garden at the back surrounded with water, allows a privileged view over the impressive aqueduct at the back.  &nbsp;","og_url":"https:\/\/interkultur.fr\/en\/produit\/maintenon\/","og_site_name":"Interkultur","article_modified_time":"2024-02-29T22:55:01+00:00","og_image":[{"width":2560,"height":1920,"url":"https:\/\/interkultur.fr\/wp-content\/uploads\/2024\/02\/Chateau-de-Maintenon-jardins-scaled.jpg","type":"image\/jpeg"}],"twitter_card":"summary_large_image","schema":{"@context":"https:\/\/schema.org","@graph":[{"@type":"WebPage","@id":"https:\/\/interkultur.fr\/en\/produit\/maintenon\/","url":"https:\/\/interkultur.fr\/en\/produit\/maintenon\/","name":"Maintenon - Interkultur","isPartOf":{"@id":"https:\/\/interkultur.fr\/en\/#website"},"primaryImageOfPage":{"@id":"https:\/\/interkultur.fr\/en\/produit\/maintenon\/#primaryimage"},"image":{"@id":"https:\/\/interkultur.fr\/en\/produit\/maintenon\/#primaryimage"},"thumbnailUrl":"https:\/\/interkultur.fr\/wp-content\/uploads\/2024\/02\/Chateau-de-Maintenon-jardins-scaled.jpg","datePublished":"2024-02-29T21:58:52+00:00","dateModified":"2024-02-29T22:55:01+00:00","breadcrumb":{"@id":"https:\/\/interkultur.fr\/en\/produit\/maintenon\/#breadcrumb"},"inLanguage":"en-US","potentialAction":[{"@type":"ReadAction","target":["https:\/\/interkultur.fr\/en\/produit\/maintenon\/"]}]},{"@type":"ImageObject","inLanguage":"en-US","@id":"https:\/\/interkultur.fr\/en\/produit\/maintenon\/#primaryimage","url":"https:\/\/interkultur.fr\/wp-content\/uploads\/2024\/02\/Chateau-de-Maintenon-jardins-scaled.jpg","contentUrl":"https:\/\/interkultur.fr\/wp-content\/uploads\/2024\/02\/Chateau-de-Maintenon-jardins-scaled.jpg","width":2560,"height":1920},{"@type":"BreadcrumbList","@id":"https:\/\/interkultur.fr\/en\/produit\/maintenon\/#breadcrumb","itemListElement":[{"@type":"ListItem","position":1,"name":"Accueil","item":"https:\/\/interkultur.fr\/en\/"},{"@type":"ListItem","position":2,"name":"Shop","item":"https:\/\/interkultur.fr\/en\/shop\/"},{"@type":"ListItem","position":3,"name":"Maintenon"}]},{"@type":"WebSite","@id":"https:\/\/interkultur.fr\/en\/#website","url":"https:\/\/interkultur.fr\/en\/","name":"Interkultur","description":"Visites et \u00e9v\u00e9nements culturels dans le Paris secret li\u00e9s \u00e0 l\u2019Histoire, l\u2019art, et la valorisation du patrimoine et des savoirs faire.","potentialAction":[{"@type":"SearchAction","target":{"@type":"EntryPoint","urlTemplate":"https:\/\/interkultur.fr\/en\/?s={search_term_string}"},"query-input":{"@type":"PropertyValueSpecification","valueRequired":true,"valueName":"search_term_string"}}],"inLanguage":"en-US"}]}},"_links":{"self":[{"href":"https:\/\/interkultur.fr\/en\/wp-json\/wp\/v2\/product\/7764","targetHints":{"allow":["GET"]}}],"collection":[{"href":"https:\/\/interkultur.fr\/en\/wp-json\/wp\/v2\/product"}],"about":[{"href":"https:\/\/interkultur.fr\/en\/wp-json\/wp\/v2\/types\/product"}],"wp:featuredmedia":[{"embeddable":true,"href":"https:\/\/interkultur.fr\/en\/wp-json\/wp\/v2\/media\/7783"}],"wp:attachment":[{"href":"https:\/\/interkultur.fr\/en\/wp-json\/wp\/v2\/media?parent=7764"}],"wp:term":[{"taxonomy":"product_brand","embeddable":true,"href":"https:\/\/interkultur.fr\/en\/wp-json\/wp\/v2\/product_brand?post=7764"},{"taxonomy":"product_cat","embeddable":true,"href":"https:\/\/interkultur.fr\/en\/wp-json\/wp\/v2\/product_cat?post=7764"},{"taxonomy":"product_tag","embeddable":true,"href":"https:\/\/interkultur.fr\/en\/wp-json\/wp\/v2\/product_tag?post=7764"}],"curies":[{"name":"wp","href":"https:\/\/api.w.org\/{rel}","templated":true}]}}